{"id":10544,"date":"2020-09-18T10:52:36","date_gmt":"2020-09-18T08:52:36","guid":{"rendered":"https:\/\/bbqentertainment.com\/?post_type=product&#038;p=10544"},"modified":"2026-03-08T21:06:03","modified_gmt":"2026-03-08T19:06:03","slug":"suur-kandekott","status":"publish","type":"product","link":"https:\/\/bbqentertainment.com\/en\/toode\/suur-kandekott\/","title":{"rendered":"Suur juteriidest kandekott (BBQE logodega)"},"content":{"rendered":"","protected":false},"excerpt":{"rendered":"<h3><strong>Suur juteriidest kandekott (BBQE logodega)<\/strong><\/h3>\n<ul>\n<li>D\u017euudist valmistatud orgaaniline suure kandev\u00f5imega nelja sangaga\u00a0kandekott \/ poekott<\/li>\n<li>V\u00e4ga mugav ja suur kott igap\u00e4evaseks kasutamiseks, t\u00e4nu neljale sangale saab seda kotti kanda ka \u00f5la peal<\/li>\n<li>Kott on seest eriti lai ja kaetud veekindla kattekihiga<\/li>\n<li>Inglise keeles \u201cjute bag\u201d. D\u017euut ehk d\u017euudikiud (inglise keeles jute), on d\u017euutide vartest saadav looduslik kiud, puuvilla j\u00e4rel k\u00f5ige levinum taimne kiudmaterjal.<\/li>\n<\/ul>\n","protected":false},"featured_media":253838,"template":"","meta":{"inline_featured_image":false},"product_brand":[],"product_cat":[28,301,178,32,283,223],"product_tag":[],"class_list":{"0":"post-10544","1":"product","2":"type-product","3":"status-publish","4":"has-post-thumbnail","6":"product_cat-maitseandjad","7":"product_cat-kinkekarp","8":"product_cat-muud-tooted","9":"product_cat-kinkekarbid","10":"product_cat-branditooted","11":"product_cat-muud-tooted-2","13":"first","14":"instock","15":"sale","16":"taxable","17":"shipping-taxable","18":"purchasable","19":"product-type-simple"},"yoast_head":"<!-- This site is optimized with the Yoast SEO plugin v27.4 - https:\/\/yoast.com\/product\/yoast-seo-wordpress\/ -->\n<title>Suur juteriidest kandekott (BBQE logodega) - BBQ Entertainment<\/title>\n<meta name=\"robots\" content=\"index, follow, max-snippet:-1, max-image-preview:large, max-video-preview:-1\" \/>\n<link rel=\"canonical\" href=\"https:\/\/bbqentertainment.com\/toode\/suur-kandekott\/\" \/>\n<meta property=\"og:locale\" content=\"en_US\" \/>\n<meta property=\"og:type\" content=\"article\" \/>\n<meta property=\"og:title\" content=\"Suur juteriidest kandekott (BBQE logodega) - BBQ Entertainment\" \/>\n<meta property=\"og:description\" content=\"Suur juteriidest kandekott (BBQE logodega)   D\u017euudist valmistatud orgaaniline suure kandev\u00f5imega nelja sangaga\u00a0kandekott \/ poekott  V\u00e4ga mugav ja suur kott igap\u00e4evaseks kasutamiseks, t\u00e4nu neljale sangale saab seda kotti kanda ka \u00f5la peal  Kott on seest eriti lai ja kaetud veekindla kattekihiga  Inglise keeles \u201cjute bag\u201d. D\u017euut ehk d\u017euudikiud (inglise keeles jute), on d\u017euutide vartest saadav looduslik kiud, puuvilla j\u00e4rel k\u00f5ige levinum taimne kiudmaterjal.\" \/>\n<meta property=\"og:url\" content=\"https:\/\/bbqentertainment.com\/toode\/suur-kandekott\/\" \/>\n<meta property=\"og:site_name\" content=\"BBQ Entertainment\" \/>\n<meta property=\"article:publisher\" content=\"https:\/\/www.facebook.com\/BBQ-Entertainment-N-Catering-2437913376443540\" \/>\n<meta property=\"article:modified_time\" content=\"2026-03-08T19:06:03+00:00\" \/>\n<meta property=\"og:image\" content=\"https:\/\/bbqentertainment.com\/wp-content\/uploads\/2020\/09\/IMG_8664-rotated.jpg\" \/>\n\t<meta property=\"og:image:width\" content=\"480\" \/>\n\t<meta property=\"og:image:height\" content=\"640\" \/>\n\t<meta property=\"og:image:type\" content=\"image\/jpeg\" \/>\n<meta name=\"twitter:card\" content=\"summary_large_image\" \/>\n<meta name=\"twitter:label1\" content=\"Est. reading time\" \/>\n\t<meta name=\"twitter:data1\" content=\"1 minute\" \/>\n<script type=\"application\/ld+json\" class=\"yoast-schema-graph\">{\"@context\":\"https:\\\/\\\/schema.org\",\"@graph\":[{\"@type\":[\"WebPage\",\"ItemPage\"],\"@id\":\"https:\\\/\\\/bbqentertainment.com\\\/toode\\\/suur-kandekott\\\/\",\"url\":\"https:\\\/\\\/bbqentertainment.com\\\/toode\\\/suur-kandekott\\\/\",\"name\":\"Suur juteriidest kandekott (BBQE logodega) - BBQ Entertainment\",\"isPartOf\":{\"@id\":\"https:\\\/\\\/bbqentertainment.com\\\/#website\"},\"primaryImageOfPage\":{\"@id\":\"https:\\\/\\\/bbqentertainment.com\\\/toode\\\/suur-kandekott\\\/#primaryimage\"},\"image\":{\"@id\":\"https:\\\/\\\/bbqentertainment.com\\\/toode\\\/suur-kandekott\\\/#primaryimage\"},\"thumbnailUrl\":\"https:\\\/\\\/bbqentertainment.com\\\/wp-content\\\/uploads\\\/2020\\\/09\\\/IMG_8664-rotated.jpg\",\"datePublished\":\"2020-09-18T08:52:36+00:00\",\"dateModified\":\"2026-03-08T19:06:03+00:00\",\"breadcrumb\":{\"@id\":\"https:\\\/\\\/bbqentertainment.com\\\/toode\\\/suur-kandekott\\\/#breadcrumb\"},\"inLanguage\":\"en-US\",\"potentialAction\":[{\"@type\":\"ReadAction\",\"target\":[\"https:\\\/\\\/bbqentertainment.com\\\/toode\\\/suur-kandekott\\\/\"]}]},{\"@type\":\"ImageObject\",\"inLanguage\":\"en-US\",\"@id\":\"https:\\\/\\\/bbqentertainment.com\\\/toode\\\/suur-kandekott\\\/#primaryimage\",\"url\":\"https:\\\/\\\/bbqentertainment.com\\\/wp-content\\\/uploads\\\/2020\\\/09\\\/IMG_8664-rotated.jpg\",\"contentUrl\":\"https:\\\/\\\/bbqentertainment.com\\\/wp-content\\\/uploads\\\/2020\\\/09\\\/IMG_8664-rotated.jpg\",\"width\":480,\"height\":640},{\"@type\":\"BreadcrumbList\",\"@id\":\"https:\\\/\\\/bbqentertainment.com\\\/toode\\\/suur-kandekott\\\/#breadcrumb\",\"itemListElement\":[{\"@type\":\"ListItem\",\"position\":1,\"name\":\"AVALEHT\",\"item\":\"https:\\\/\\\/bbqentertainment.com\\\/en\\\/\"},{\"@type\":\"ListItem\",\"position\":2,\"name\":\"Tooted\",\"item\":\"https:\\\/\\\/bbqentertainment.com\\\/tooted\\\/\"},{\"@type\":\"ListItem\",\"position\":3,\"name\":\"Muud tooted\",\"item\":\"https:\\\/\\\/bbqentertainment.com\\\/tootekategooria\\\/muud-tooted\\\/\"},{\"@type\":\"ListItem\",\"position\":4,\"name\":\"Muud tooted\",\"item\":\"https:\\\/\\\/bbqentertainment.com\\\/tootekategooria\\\/muud-tooted\\\/muud-tooted-2\\\/\"},{\"@type\":\"ListItem\",\"position\":5,\"name\":\"Suur juteriidest kandekott (BBQE logodega)\"}]},{\"@type\":\"WebSite\",\"@id\":\"https:\\\/\\\/bbqentertainment.com\\\/#website\",\"url\":\"https:\\\/\\\/bbqentertainment.com\\\/\",\"name\":\"BBQ Entertainment\",\"description\":\"BBQ is a great lifestyle, not just fun!\",\"publisher\":{\"@id\":\"https:\\\/\\\/bbqentertainment.com\\\/#organization\"},\"potentialAction\":[{\"@type\":\"SearchAction\",\"target\":{\"@type\":\"EntryPoint\",\"urlTemplate\":\"https:\\\/\\\/bbqentertainment.com\\\/?s={search_term_string}\"},\"query-input\":{\"@type\":\"PropertyValueSpecification\",\"valueRequired\":true,\"valueName\":\"search_term_string\"}}],\"inLanguage\":\"en-US\"},{\"@type\":\"Organization\",\"@id\":\"https:\\\/\\\/bbqentertainment.com\\\/#organization\",\"name\":\"BBQ Entertainment O\u00dc\",\"url\":\"https:\\\/\\\/bbqentertainment.com\\\/\",\"logo\":{\"@type\":\"ImageObject\",\"inLanguage\":\"en-US\",\"@id\":\"https:\\\/\\\/bbqentertainment.com\\\/#\\\/schema\\\/logo\\\/image\\\/\",\"url\":\"https:\\\/\\\/bbqentertainment.com\\\/wp-content\\\/uploads\\\/2020\\\/04\\\/BBQ-Entertainment-N-Catering-Enn-Tobreluts-Logo.png\",\"contentUrl\":\"https:\\\/\\\/bbqentertainment.com\\\/wp-content\\\/uploads\\\/2020\\\/04\\\/BBQ-Entertainment-N-Catering-Enn-Tobreluts-Logo.png\",\"width\":628,\"height\":266,\"caption\":\"BBQ Entertainment O\u00dc\"},\"image\":{\"@id\":\"https:\\\/\\\/bbqentertainment.com\\\/#\\\/schema\\\/logo\\\/image\\\/\"},\"sameAs\":[\"https:\\\/\\\/www.facebook.com\\\/BBQ-Entertainment-N-Catering-2437913376443540\",\"https:\\\/\\\/www.instagram.com\\\/bbqentertainmentncatering\\\/\",\"https:\\\/\\\/www.youtube.com\\\/channel\\\/UCmpuANQVhLy2Md8nrenp2jA\"]}]}<\/script>\n<!-- \/ Yoast SEO plugin. -->","yoast_head_json":{"title":"Suur juteriidest kandekott (BBQE logodega) - BBQ Entertainment","robots":{"index":"index","follow":"follow","max-snippet":"max-snippet:-1","max-image-preview":"max-image-preview:large","max-video-preview":"max-video-preview:-1"},"canonical":"https:\/\/bbqentertainment.com\/toode\/suur-kandekott\/","og_locale":"en_US","og_type":"article","og_title":"Suur juteriidest kandekott (BBQE logodega) - BBQ Entertainment","og_description":"Suur juteriidest kandekott (BBQE logodega)   D\u017euudist valmistatud orgaaniline suure kandev\u00f5imega nelja sangaga\u00a0kandekott \/ poekott  V\u00e4ga mugav ja suur kott igap\u00e4evaseks kasutamiseks, t\u00e4nu neljale sangale saab seda kotti kanda ka \u00f5la peal  Kott on seest eriti lai ja kaetud veekindla kattekihiga  Inglise keeles \u201cjute bag\u201d. D\u017euut ehk d\u017euudikiud (inglise keeles jute), on d\u017euutide vartest saadav looduslik kiud, puuvilla j\u00e4rel k\u00f5ige levinum taimne kiudmaterjal.","og_url":"https:\/\/bbqentertainment.com\/toode\/suur-kandekott\/","og_site_name":"BBQ Entertainment","article_publisher":"https:\/\/www.facebook.com\/BBQ-Entertainment-N-Catering-2437913376443540","article_modified_time":"2026-03-08T19:06:03+00:00","og_image":[{"width":480,"height":640,"url":"https:\/\/bbqentertainment.com\/wp-content\/uploads\/2020\/09\/IMG_8664-rotated.jpg","type":"image\/jpeg"}],"twitter_card":"summary_large_image","twitter_misc":{"Est. reading time":"1 minute"},"schema":{"@context":"https:\/\/schema.org","@graph":[{"@type":["WebPage","ItemPage"],"@id":"https:\/\/bbqentertainment.com\/toode\/suur-kandekott\/","url":"https:\/\/bbqentertainment.com\/toode\/suur-kandekott\/","name":"Suur juteriidest kandekott (BBQE logodega) - BBQ Entertainment","isPartOf":{"@id":"https:\/\/bbqentertainment.com\/#website"},"primaryImageOfPage":{"@id":"https:\/\/bbqentertainment.com\/toode\/suur-kandekott\/#primaryimage"},"image":{"@id":"https:\/\/bbqentertainment.com\/toode\/suur-kandekott\/#primaryimage"},"thumbnailUrl":"https:\/\/bbqentertainment.com\/wp-content\/uploads\/2020\/09\/IMG_8664-rotated.jpg","datePublished":"2020-09-18T08:52:36+00:00","dateModified":"2026-03-08T19:06:03+00:00","breadcrumb":{"@id":"https:\/\/bbqentertainment.com\/toode\/suur-kandekott\/#breadcrumb"},"inLanguage":"en-US","potentialAction":[{"@type":"ReadAction","target":["https:\/\/bbqentertainment.com\/toode\/suur-kandekott\/"]}]},{"@type":"ImageObject","inLanguage":"en-US","@id":"https:\/\/bbqentertainment.com\/toode\/suur-kandekott\/#primaryimage","url":"https:\/\/bbqentertainment.com\/wp-content\/uploads\/2020\/09\/IMG_8664-rotated.jpg","contentUrl":"https:\/\/bbqentertainment.com\/wp-content\/uploads\/2020\/09\/IMG_8664-rotated.jpg","width":480,"height":640},{"@type":"BreadcrumbList","@id":"https:\/\/bbqentertainment.com\/toode\/suur-kandekott\/#breadcrumb","itemListElement":[{"@type":"ListItem","position":1,"name":"AVALEHT","item":"https:\/\/bbqentertainment.com\/en\/"},{"@type":"ListItem","position":2,"name":"Tooted","item":"https:\/\/bbqentertainment.com\/tooted\/"},{"@type":"ListItem","position":3,"name":"Muud tooted","item":"https:\/\/bbqentertainment.com\/tootekategooria\/muud-tooted\/"},{"@type":"ListItem","position":4,"name":"Muud tooted","item":"https:\/\/bbqentertainment.com\/tootekategooria\/muud-tooted\/muud-tooted-2\/"},{"@type":"ListItem","position":5,"name":"Suur juteriidest kandekott (BBQE logodega)"}]},{"@type":"WebSite","@id":"https:\/\/bbqentertainment.com\/#website","url":"https:\/\/bbqentertainment.com\/","name":"BBQ Entertainment","description":"BBQ is a great lifestyle, not just fun!","publisher":{"@id":"https:\/\/bbqentertainment.com\/#organization"},"potentialAction":[{"@type":"SearchAction","target":{"@type":"EntryPoint","urlTemplate":"https:\/\/bbqentertainment.com\/?s={search_term_string}"},"query-input":{"@type":"PropertyValueSpecification","valueRequired":true,"valueName":"search_term_string"}}],"inLanguage":"en-US"},{"@type":"Organization","@id":"https:\/\/bbqentertainment.com\/#organization","name":"BBQ Entertainment O\u00dc","url":"https:\/\/bbqentertainment.com\/","logo":{"@type":"ImageObject","inLanguage":"en-US","@id":"https:\/\/bbqentertainment.com\/#\/schema\/logo\/image\/","url":"https:\/\/bbqentertainment.com\/wp-content\/uploads\/2020\/04\/BBQ-Entertainment-N-Catering-Enn-Tobreluts-Logo.png","contentUrl":"https:\/\/bbqentertainment.com\/wp-content\/uploads\/2020\/04\/BBQ-Entertainment-N-Catering-Enn-Tobreluts-Logo.png","width":628,"height":266,"caption":"BBQ Entertainment O\u00dc"},"image":{"@id":"https:\/\/bbqentertainment.com\/#\/schema\/logo\/image\/"},"sameAs":["https:\/\/www.facebook.com\/BBQ-Entertainment-N-Catering-2437913376443540","https:\/\/www.instagram.com\/bbqentertainmentncatering\/","https:\/\/www.youtube.com\/channel\/UCmpuANQVhLy2Md8nrenp2jA"]}]}},"_links":{"self":[{"href":"https:\/\/bbqentertainment.com\/en\/wp-json\/wp\/v2\/product\/10544","targetHints":{"allow":["GET"]}}],"collection":[{"href":"https:\/\/bbqentertainment.com\/en\/wp-json\/wp\/v2\/product"}],"about":[{"href":"https:\/\/bbqentertainment.com\/en\/wp-json\/wp\/v2\/types\/product"}],"wp:featuredmedia":[{"embeddable":true,"href":"https:\/\/bbqentertainment.com\/en\/wp-json\/wp\/v2\/media\/253838"}],"wp:attachment":[{"href":"https:\/\/bbqentertainment.com\/en\/wp-json\/wp\/v2\/media?parent=10544"}],"wp:term":[{"taxonomy":"product_brand","embeddable":true,"href":"https:\/\/bbqentertainment.com\/en\/wp-json\/wp\/v2\/product_brand?post=10544"},{"taxonomy":"product_cat","embeddable":true,"href":"https:\/\/bbqentertainment.com\/en\/wp-json\/wp\/v2\/product_cat?post=10544"},{"taxonomy":"product_tag","embeddable":true,"href":"https:\/\/bbqentertainment.com\/en\/wp-json\/wp\/v2\/product_tag?post=10544"}],"curies":[{"name":"wp","href":"https:\/\/api.w.org\/{rel}","templated":true}]}}