{"id":11051,"date":"2020-09-23T14:55:40","date_gmt":"2020-09-23T12:55:40","guid":{"rendered":"https:\/\/bbqentertainment.com\/?post_type=product&#038;p=11051"},"modified":"2025-07-25T13:45:27","modified_gmt":"2025-07-25T10:45:27","slug":"tandoor-ahi-kuum-karu-mini","status":"publish","type":"product","link":"https:\/\/bbqentertainment.com\/en\/toode\/tandoor-ahi-kuum-karu-mini\/","title":{"rendered":"TANDOOR-AHI &#8220;KUUM KARU MINI&#8221;"},"content":{"rendered":"<p>Tandoor-grillahjus k\u00fcpseb liha \u00fchtlaselt nii alt kui \u00fclevalt poolt. Ahi on v\u00e4ga stabiilne, vastupidav ja hermeetiline!<\/p>\n<p>Toidu valmistamine\u00a0tandooris on \u00fclimalt lihtne, sest toit valmib ise ja ei vaja erilist\u00a0j\u00e4relvalvet\u00a0v\u00f5i pidevat segamist.<\/p>\n<p>Tandoor-grillahi sobib\u00a0toidu valmistamiseks nii suvel kui talvel. Valmistada saab nii liha,\u00a0kala kui k\u00f6\u00f6givilju. Toitude loetelul ei ole piire &#8211; valmistada saab k\u00f5ike! See on ideaalne ahi \u0161a\u0161l\u00f5ki\u00a0valmistamiseks (parim \u0161a\u0161l\u00f5kk tuleb just siit ahjust), samuti hautiste, woki, \u00fchepajaroogade valmistamiseks, supi keetmiseks ja muidugi naanide, leiva ning pirukate valmistamiseks! Seda ahju v\u00f5ib kasutada ka tavalise grillahjuna ja ka otse s\u00fcte sees liha v\u00f5i kartuleid k\u00fcpsetada.<\/p>\n<p>Kui ahi\u00a0korralikult kuumaks k\u00fctta, saab valmistada toitu mitmeid tunde j\u00e4rjest. \u00dche ahjut\u00e4ie\u00a0\u0161a\u0161l\u00f5ki valmimine kuumaks\u00a0k\u00f6etud ahjus v\u00f5tab aega umbes 10 &#8211; 15 minutit. Pajat\u00e4is hautist valmib umbes 40 minutiga. Oluline mugavus toidu\u00a0valmimise juures on,\u00a0et ei pea vahepeal vardaid keerutama v\u00f5i pajarooga segama.<\/p>\n<p>Kuum Karu tandoorahi on ka hea \u00f5htune ajaviide nii ilusal suve\u00f5htul koos sauna ja \u00f5llega kui ka lumisel talvep\u00e4eval koos kangema napsu ja hea seltskonnaga!<\/p>\n<p>Kuum Karu p\u00e4lvis Eesti Grilliliidu poolt &#8220;Aasta grillitoode 2020&#8221; tiitli.<\/p>\n<p>BBQ Entertainment O\u00dc on KUUM KARU tandoor-grillahjude eksklusiivne edasim\u00fc\u00fcja Eestis!<\/p>\n","protected":false},"excerpt":{"rendered":"<h3><strong>TANDOOR-GRILLAHI \u201cKUUM KARU MINI\u201d (toodetud Eestis!)<\/strong><\/h3>\n<ul>\n<li>Ahju s\u00fcdameks on \u0161amott-tellised, s\u00fcdant soojendab 5 sentimeetrine villakiht.<\/li>\n<li>Viimane lihv on antud mineraalkrohviga.\u00a0Ahju sangad on sepistatud.<\/li>\n<li>V\u00e4rvivalik: \u00a0tumehall\/must, valge, punane, roheline, sinine jne.<\/li>\n<li>Kohe laos olemas PUNANE v\u00e4rv. Tootmine\u00a0eritellimuse peale on 2\u00a0n\u00e4dalat.<\/li>\n<li>Kuum Karu p\u00e4lvis Eesti Grilliliidu poolt \u201cAasta grillitoode 2020\u201d tiitli.<\/li>\n<\/ul>\n<h3 class=\"accordion_title\">\u00a0<\/h3>\n<div class=\"accordion\">\n\t<div id=\"accordion-4018974401\" class=\"accordion-item\">\n\t\t<a id=\"accordion-4018974401-label\" class=\"accordion-title plain\" href=\"#accordion-item-k\u00fcpsetamine\" aria-expanded=\"false\" aria-controls=\"accordion-4018974401-content\">\n\t\t\t<button class=\"toggle\" aria-label=\"Toggle\"><i class=\"icon-angle-down\" aria-hidden=\"true\"><\/i><\/button>\n\t\t\t<span>K\u00fcpsetamine<\/span>\n\t\t<\/a>\n\t\t<div id=\"accordion-4018974401-content\" class=\"accordion-inner\" aria-labelledby=\"accordion-4018974401-label\">\n\t\t\t\n<p>Tandoor-grillahjus k\u00fcpseb liha \u00fchtlaselt nii alt kui \u00fclevalt poolt. Ahi on v\u00e4ga stabiilne, vastupidav ja hermeetiline!<br \/>Toidu valmistamine\u00a0tandooris on \u00fclimalt lihtne, sest toit valmib ise ja ei vaja erilist\u00a0j\u00e4relvalvet\u00a0v\u00f5i pidevat segamist.<br \/>Tandoor-grillahi sobib\u00a0toidu valmistamiseks nii suvel kui talvel. Valmistada saab nii liha,\u00a0kala kui k\u00f6\u00f6givilju. Toitude loetelul ei ole piire \u2013 valmistada saab k\u00f5ike! See on ideaalne ahi \u0161a\u0161l\u00f5ki\u00a0valmistamiseks, samuti hautiste, woki, \u00fchepajaroogade valmistamiseks, supi keetmiseks ja muidugi naanide ning pirukate valmistamiseks!<br \/>Kui ahi\u00a0korralikult kuumaks k\u00fctta, saab valmistada toitu mitmeid tunde j\u00e4rjest. \u00dche ahjut\u00e4ie\u00a0\u0161a\u0161l\u00f5ki valmimine kuumaks\u00a0k\u00f6etud ahjus v\u00f5tab aega umbes 10 \u2013 15 minutit. Pajat\u00e4is hautist valmib umbes 40 minutiga. Oluline mugavus toidu\u00a0valmimise juures on,\u00a0et ei pea vahepeal vardaid keerutama v\u00f5i pajarooga segama.<\/p>\n\t\t<\/div>\n\t<\/div>\n\t\n\t<div id=\"accordion-2026992117\" class=\"accordion-item\">\n\t\t<a id=\"accordion-2026992117-label\" class=\"accordion-title plain\" href=\"#accordion-item-komplekti-kuulub\" aria-expanded=\"false\" aria-controls=\"accordion-2026992117-content\">\n\t\t\t<button class=\"toggle\" aria-label=\"Toggle\"><i class=\"icon-angle-down\" aria-hidden=\"true\"><\/i><\/button>\n\t\t\t<span>Komplekti kuulub<\/span>\n\t\t<\/a>\n\t\t<div id=\"accordion-2026992117-content\" class=\"accordion-inner\" aria-labelledby=\"accordion-2026992117-label\">\n\t\t\tKomplekti kuulub poti\/resti riputusvarras riputamiseks ja mitmek\u00fclgse kasutusega\u00a0r\u00f5ngas lihavarraste &amp; panni\/poti hoidmiseks, r\u00e4tikuhoidja ja grillitarvikute hoidja, \u0161a\u0161l\u00f5kivardad stopperiga, riputuskonks, grillvardad ja tuhan\u00f5u.\t\t<\/div>\n\t<\/div>\n\t\n\t<div id=\"accordion-1010010166\" class=\"accordion-item\">\n\t\t<a id=\"accordion-1010010166-label\" class=\"accordion-title plain\" href=\"#accordion-item-lisatooted\" aria-expanded=\"false\" aria-controls=\"accordion-1010010166-content\">\n\t\t\t<button class=\"toggle\" aria-label=\"Toggle\"><i class=\"icon-angle-down\" aria-hidden=\"true\"><\/i><\/button>\n\t\t\t<span>Lisatooted<\/span>\n\t\t<\/a>\n\t\t<div id=\"accordion-1010010166-content\" class=\"accordion-inner\" aria-labelledby=\"accordion-1010010166-label\">\n\t\t\tLisana saab juurde tellida ka betoonaluse maapinna\u00a0ja ahju vahele, lisaks ka hoidiku grillrestide\u00a0riputamiseks, \u0161a\u0161l\u00f5kivardad, vokkpannid jne. Lisainfo: info@bbqentertainment.com BBQ Entertainment O\u00dc on KUUM KARU tandoor-grillahjude eksklusiivne edasim\u00fc\u00fcja Eestis!\t\t<\/div>\n\t<\/div>\n\t\n<\/div>\n","protected":false},"featured_media":11055,"template":"","meta":{"inline_featured_image":false},"product_brand":[],"product_cat":[17,251],"product_tag":[],"class_list":{"0":"post-11051","1":"product","2":"type-product","3":"status-publish","4":"has-post-thumbnail","6":"product_cat-grillid-ja-ahjud","7":"product_cat-tandoor-ahjud-kuum-karu","8":"product_shipping_class-ainult-ise-jarele-tulemisega","10":"first","11":"instock","12":"taxable","13":"shipping-taxable","14":"purchasable","15":"product-type-simple"},"yoast_head":"<!-- This site is optimized with the Yoast SEO plugin v27.2 - https:\/\/yoast.com\/product\/yoast-seo-wordpress\/ -->\n<title>TANDOOR-AHI &quot;KUUM KARU MINI&quot; - BBQ Entertainment<\/title>\n<meta name=\"robots\" content=\"index, follow, max-snippet:-1, max-image-preview:large, max-video-preview:-1\" \/>\n<link rel=\"canonical\" href=\"https:\/\/bbqentertainment.com\/toode\/tandoor-ahi-kuum-karu-mini\/\" \/>\n<meta property=\"og:locale\" content=\"en_US\" \/>\n<meta property=\"og:type\" content=\"article\" \/>\n<meta property=\"og:title\" content=\"TANDOOR-AHI &quot;KUUM KARU MINI&quot; - BBQ Entertainment\" \/>\n<meta property=\"og:description\" content=\"TANDOOR-GRILLAHI \u201cKUUM KARU MINI\u201d (toodetud Eestis!)Ahju s\u00fcdameks on \u0161amott-tellised, s\u00fcdant soojendab 5 sentimeetrine villakiht.Viimane lihv on antud mineraalkrohviga.\u00a0Ahju sangad on sepistatud.V\u00e4rvivalik: \u00a0tumehall\/must, valge, punane, roheline, sinine jne.Kohe laos olemas PUNANE v\u00e4rv. Tootmine\u00a0eritellimuse peale on 2\u00a0n\u00e4dalat.Kuum Karu p\u00e4lvis Eesti Grilliliidu poolt \u201cAasta grillitoode 2020\u201d tiitli.\u00a0\" \/>\n<meta property=\"og:url\" content=\"https:\/\/bbqentertainment.com\/toode\/tandoor-ahi-kuum-karu-mini\/\" \/>\n<meta property=\"og:site_name\" content=\"BBQ Entertainment\" \/>\n<meta property=\"article:publisher\" content=\"https:\/\/www.facebook.com\/BBQ-Entertainment-N-Catering-2437913376443540\" \/>\n<meta property=\"article:modified_time\" content=\"2025-07-25T10:45:27+00:00\" \/>\n<meta property=\"og:image\" content=\"https:\/\/bbqentertainment.com\/wp-content\/uploads\/2020\/09\/BBQ-Entertainment-OU-TANDOOR-GRILLAHI-KUUM-KARU-MINI-0.jpeg\" \/>\n\t<meta property=\"og:image:width\" content=\"1182\" \/>\n\t<meta property=\"og:image:height\" content=\"1132\" \/>\n\t<meta property=\"og:image:type\" content=\"image\/jpeg\" \/>\n<meta name=\"twitter:card\" content=\"summary_large_image\" \/>\n<meta name=\"twitter:label1\" content=\"Est. reading time\" \/>\n\t<meta name=\"twitter:data1\" content=\"1 minute\" \/>\n<script type=\"application\/ld+json\" class=\"yoast-schema-graph\">{\"@context\":\"https:\/\/schema.org\",\"@graph\":[{\"@type\":[\"WebPage\",\"ItemPage\"],\"@id\":\"https:\/\/bbqentertainment.com\/toode\/tandoor-ahi-kuum-karu-mini\/\",\"url\":\"https:\/\/bbqentertainment.com\/toode\/tandoor-ahi-kuum-karu-mini\/\",\"name\":\"TANDOOR-AHI \\\"KUUM KARU MINI\\\" - BBQ Entertainment\",\"isPartOf\":{\"@id\":\"https:\/\/bbqentertainment.com\/#website\"},\"primaryImageOfPage\":{\"@id\":\"https:\/\/bbqentertainment.com\/toode\/tandoor-ahi-kuum-karu-mini\/#primaryimage\"},\"image\":{\"@id\":\"https:\/\/bbqentertainment.com\/toode\/tandoor-ahi-kuum-karu-mini\/#primaryimage\"},\"thumbnailUrl\":\"https:\/\/bbqentertainment.com\/wp-content\/uploads\/2020\/09\/BBQ-Entertainment-OU-TANDOOR-GRILLAHI-KUUM-KARU-MINI-0.jpeg\",\"datePublished\":\"2020-09-23T12:55:40+00:00\",\"dateModified\":\"2025-07-25T10:45:27+00:00\",\"breadcrumb\":{\"@id\":\"https:\/\/bbqentertainment.com\/toode\/tandoor-ahi-kuum-karu-mini\/#breadcrumb\"},\"inLanguage\":\"en-US\",\"potentialAction\":[{\"@type\":\"ReadAction\",\"target\":[\"https:\/\/bbqentertainment.com\/toode\/tandoor-ahi-kuum-karu-mini\/\"]}]},{\"@type\":\"ImageObject\",\"inLanguage\":\"en-US\",\"@id\":\"https:\/\/bbqentertainment.com\/toode\/tandoor-ahi-kuum-karu-mini\/#primaryimage\",\"url\":\"https:\/\/bbqentertainment.com\/wp-content\/uploads\/2020\/09\/BBQ-Entertainment-OU-TANDOOR-GRILLAHI-KUUM-KARU-MINI-0.jpeg\",\"contentUrl\":\"https:\/\/bbqentertainment.com\/wp-content\/uploads\/2020\/09\/BBQ-Entertainment-OU-TANDOOR-GRILLAHI-KUUM-KARU-MINI-0.jpeg\",\"width\":1182,\"height\":1132},{\"@type\":\"BreadcrumbList\",\"@id\":\"https:\/\/bbqentertainment.com\/toode\/tandoor-ahi-kuum-karu-mini\/#breadcrumb\",\"itemListElement\":[{\"@type\":\"ListItem\",\"position\":1,\"name\":\"AVALEHT\",\"item\":\"https:\/\/bbqentertainment.com\/en\/\"},{\"@type\":\"ListItem\",\"position\":2,\"name\":\"Tooted\",\"item\":\"https:\/\/bbqentertainment.com\/tooted\/\"},{\"@type\":\"ListItem\",\"position\":3,\"name\":\"Grillid ja ahjud\",\"item\":\"https:\/\/bbqentertainment.com\/tootekategooria\/grillid-ja-ahjud\/\"},{\"@type\":\"ListItem\",\"position\":4,\"name\":\"TANDOOR-GRILLAHI \\\"KUUM KARU\u201d (toodetud Eestis!)\",\"item\":\"https:\/\/bbqentertainment.com\/tootekategooria\/grillid-ja-ahjud\/tandoor-ahjud-kuum-karu\/\"},{\"@type\":\"ListItem\",\"position\":5,\"name\":\"TANDOOR-AHI &#8220;KUUM KARU MINI&#8221;\"}]},{\"@type\":\"WebSite\",\"@id\":\"https:\/\/bbqentertainment.com\/#website\",\"url\":\"https:\/\/bbqentertainment.com\/\",\"name\":\"BBQ Entertainment\",\"description\":\"BBQ is a great lifestyle, not just fun!\",\"publisher\":{\"@id\":\"https:\/\/bbqentertainment.com\/#organization\"},\"potentialAction\":[{\"@type\":\"SearchAction\",\"target\":{\"@type\":\"EntryPoint\",\"urlTemplate\":\"https:\/\/bbqentertainment.com\/?s={search_term_string}\"},\"query-input\":{\"@type\":\"PropertyValueSpecification\",\"valueRequired\":true,\"valueName\":\"search_term_string\"}}],\"inLanguage\":\"en-US\"},{\"@type\":\"Organization\",\"@id\":\"https:\/\/bbqentertainment.com\/#organization\",\"name\":\"BBQ Entertainment O\u00dc\",\"url\":\"https:\/\/bbqentertainment.com\/\",\"logo\":{\"@type\":\"ImageObject\",\"inLanguage\":\"en-US\",\"@id\":\"https:\/\/bbqentertainment.com\/#\/schema\/logo\/image\/\",\"url\":\"https:\/\/bbqentertainment.com\/wp-content\/uploads\/2020\/04\/BBQ-Entertainment-N-Catering-Enn-Tobreluts-Logo.png\",\"contentUrl\":\"https:\/\/bbqentertainment.com\/wp-content\/uploads\/2020\/04\/BBQ-Entertainment-N-Catering-Enn-Tobreluts-Logo.png\",\"width\":628,\"height\":266,\"caption\":\"BBQ Entertainment O\u00dc\"},\"image\":{\"@id\":\"https:\/\/bbqentertainment.com\/#\/schema\/logo\/image\/\"},\"sameAs\":[\"https:\/\/www.facebook.com\/BBQ-Entertainment-N-Catering-2437913376443540\",\"https:\/\/www.instagram.com\/bbqentertainmentncatering\/\",\"https:\/\/www.youtube.com\/channel\/UCmpuANQVhLy2Md8nrenp2jA\"]}]}<\/script>\n<!-- \/ Yoast SEO plugin. -->","yoast_head_json":{"title":"TANDOOR-AHI \"KUUM KARU MINI\" - BBQ Entertainment","robots":{"index":"index","follow":"follow","max-snippet":"max-snippet:-1","max-image-preview":"max-image-preview:large","max-video-preview":"max-video-preview:-1"},"canonical":"https:\/\/bbqentertainment.com\/toode\/tandoor-ahi-kuum-karu-mini\/","og_locale":"en_US","og_type":"article","og_title":"TANDOOR-AHI \"KUUM KARU MINI\" - BBQ Entertainment","og_description":"TANDOOR-GRILLAHI \u201cKUUM KARU MINI\u201d (toodetud Eestis!)Ahju s\u00fcdameks on \u0161amott-tellised, s\u00fcdant soojendab 5 sentimeetrine villakiht.Viimane lihv on antud mineraalkrohviga.\u00a0Ahju sangad on sepistatud.V\u00e4rvivalik: \u00a0tumehall\/must, valge, punane, roheline, sinine jne.Kohe laos olemas PUNANE v\u00e4rv. Tootmine\u00a0eritellimuse peale on 2\u00a0n\u00e4dalat.Kuum Karu p\u00e4lvis Eesti Grilliliidu poolt \u201cAasta grillitoode 2020\u201d tiitli.\u00a0","og_url":"https:\/\/bbqentertainment.com\/toode\/tandoor-ahi-kuum-karu-mini\/","og_site_name":"BBQ Entertainment","article_publisher":"https:\/\/www.facebook.com\/BBQ-Entertainment-N-Catering-2437913376443540","article_modified_time":"2025-07-25T10:45:27+00:00","og_image":[{"width":1182,"height":1132,"url":"https:\/\/bbqentertainment.com\/wp-content\/uploads\/2020\/09\/BBQ-Entertainment-OU-TANDOOR-GRILLAHI-KUUM-KARU-MINI-0.jpeg","type":"image\/jpeg"}],"twitter_card":"summary_large_image","twitter_misc":{"Est. reading time":"1 minute"},"schema":{"@context":"https:\/\/schema.org","@graph":[{"@type":["WebPage","ItemPage"],"@id":"https:\/\/bbqentertainment.com\/toode\/tandoor-ahi-kuum-karu-mini\/","url":"https:\/\/bbqentertainment.com\/toode\/tandoor-ahi-kuum-karu-mini\/","name":"TANDOOR-AHI \"KUUM KARU MINI\" - BBQ Entertainment","isPartOf":{"@id":"https:\/\/bbqentertainment.com\/#website"},"primaryImageOfPage":{"@id":"https:\/\/bbqentertainment.com\/toode\/tandoor-ahi-kuum-karu-mini\/#primaryimage"},"image":{"@id":"https:\/\/bbqentertainment.com\/toode\/tandoor-ahi-kuum-karu-mini\/#primaryimage"},"thumbnailUrl":"https:\/\/bbqentertainment.com\/wp-content\/uploads\/2020\/09\/BBQ-Entertainment-OU-TANDOOR-GRILLAHI-KUUM-KARU-MINI-0.jpeg","datePublished":"2020-09-23T12:55:40+00:00","dateModified":"2025-07-25T10:45:27+00:00","breadcrumb":{"@id":"https:\/\/bbqentertainment.com\/toode\/tandoor-ahi-kuum-karu-mini\/#breadcrumb"},"inLanguage":"en-US","potentialAction":[{"@type":"ReadAction","target":["https:\/\/bbqentertainment.com\/toode\/tandoor-ahi-kuum-karu-mini\/"]}]},{"@type":"ImageObject","inLanguage":"en-US","@id":"https:\/\/bbqentertainment.com\/toode\/tandoor-ahi-kuum-karu-mini\/#primaryimage","url":"https:\/\/bbqentertainment.com\/wp-content\/uploads\/2020\/09\/BBQ-Entertainment-OU-TANDOOR-GRILLAHI-KUUM-KARU-MINI-0.jpeg","contentUrl":"https:\/\/bbqentertainment.com\/wp-content\/uploads\/2020\/09\/BBQ-Entertainment-OU-TANDOOR-GRILLAHI-KUUM-KARU-MINI-0.jpeg","width":1182,"height":1132},{"@type":"BreadcrumbList","@id":"https:\/\/bbqentertainment.com\/toode\/tandoor-ahi-kuum-karu-mini\/#breadcrumb","itemListElement":[{"@type":"ListItem","position":1,"name":"AVALEHT","item":"https:\/\/bbqentertainment.com\/en\/"},{"@type":"ListItem","position":2,"name":"Tooted","item":"https:\/\/bbqentertainment.com\/tooted\/"},{"@type":"ListItem","position":3,"name":"Grillid ja ahjud","item":"https:\/\/bbqentertainment.com\/tootekategooria\/grillid-ja-ahjud\/"},{"@type":"ListItem","position":4,"name":"TANDOOR-GRILLAHI \"KUUM KARU\u201d (toodetud Eestis!)","item":"https:\/\/bbqentertainment.com\/tootekategooria\/grillid-ja-ahjud\/tandoor-ahjud-kuum-karu\/"},{"@type":"ListItem","position":5,"name":"TANDOOR-AHI &#8220;KUUM KARU MINI&#8221;"}]},{"@type":"WebSite","@id":"https:\/\/bbqentertainment.com\/#website","url":"https:\/\/bbqentertainment.com\/","name":"BBQ Entertainment","description":"BBQ is a great lifestyle, not just fun!","publisher":{"@id":"https:\/\/bbqentertainment.com\/#organization"},"potentialAction":[{"@type":"SearchAction","target":{"@type":"EntryPoint","urlTemplate":"https:\/\/bbqentertainment.com\/?s={search_term_string}"},"query-input":{"@type":"PropertyValueSpecification","valueRequired":true,"valueName":"search_term_string"}}],"inLanguage":"en-US"},{"@type":"Organization","@id":"https:\/\/bbqentertainment.com\/#organization","name":"BBQ Entertainment O\u00dc","url":"https:\/\/bbqentertainment.com\/","logo":{"@type":"ImageObject","inLanguage":"en-US","@id":"https:\/\/bbqentertainment.com\/#\/schema\/logo\/image\/","url":"https:\/\/bbqentertainment.com\/wp-content\/uploads\/2020\/04\/BBQ-Entertainment-N-Catering-Enn-Tobreluts-Logo.png","contentUrl":"https:\/\/bbqentertainment.com\/wp-content\/uploads\/2020\/04\/BBQ-Entertainment-N-Catering-Enn-Tobreluts-Logo.png","width":628,"height":266,"caption":"BBQ Entertainment O\u00dc"},"image":{"@id":"https:\/\/bbqentertainment.com\/#\/schema\/logo\/image\/"},"sameAs":["https:\/\/www.facebook.com\/BBQ-Entertainment-N-Catering-2437913376443540","https:\/\/www.instagram.com\/bbqentertainmentncatering\/","https:\/\/www.youtube.com\/channel\/UCmpuANQVhLy2Md8nrenp2jA"]}]}},"_links":{"self":[{"href":"https:\/\/bbqentertainment.com\/en\/wp-json\/wp\/v2\/product\/11051","targetHints":{"allow":["GET"]}}],"collection":[{"href":"https:\/\/bbqentertainment.com\/en\/wp-json\/wp\/v2\/product"}],"about":[{"href":"https:\/\/bbqentertainment.com\/en\/wp-json\/wp\/v2\/types\/product"}],"wp:featuredmedia":[{"embeddable":true,"href":"https:\/\/bbqentertainment.com\/en\/wp-json\/wp\/v2\/media\/11055"}],"wp:attachment":[{"href":"https:\/\/bbqentertainment.com\/en\/wp-json\/wp\/v2\/media?parent=11051"}],"wp:term":[{"taxonomy":"product_brand","embeddable":true,"href":"https:\/\/bbqentertainment.com\/en\/wp-json\/wp\/v2\/product_brand?post=11051"},{"taxonomy":"product_cat","embeddable":true,"href":"https:\/\/bbqentertainment.com\/en\/wp-json\/wp\/v2\/product_cat?post=11051"},{"taxonomy":"product_tag","embeddable":true,"href":"https:\/\/bbqentertainment.com\/en\/wp-json\/wp\/v2\/product_tag?post=11051"}],"curies":[{"name":"wp","href":"https:\/\/api.w.org\/{rel}","templated":true}]}}