{"id":11582,"date":"2020-10-20T14:01:56","date_gmt":"2020-10-20T12:01:56","guid":{"rendered":"https:\/\/bbqentertainment.com\/?post_type=product&#038;p=11582"},"modified":"2025-07-25T13:45:32","modified_gmt":"2025-07-25T10:45:32","slug":"korduvkasutatav-naomask","status":"publish","type":"product","link":"https:\/\/bbqentertainment.com\/en\/toode\/korduvkasutatav-naomask\/","title":{"rendered":"Korduvkasutatav reguleeritav N\u00c4OMASK (must)"},"content":{"rendered":"","protected":false},"excerpt":{"rendered":"<h3><strong>KORDUVKASUTATAV N\u00c4OMASK (must)<\/strong><\/h3>\n<ul>\n<li>Eriti mugav, nahas\u00f5bralik ja stiilne reguleeritav korduvkasutatav n\u00e4omask<\/li>\n<li>Maskiesine on keskelt \u00f5mblusega, mis muudab maskis hingamise h\u00e4sti mugavaks<\/li>\n<li>Tegemist ei ole meditsiinilise maskiga, mask on m\u00f5eldud personaalseks kasutamiseks<\/li>\n<li>Koostis: 96% pol\u00fcester, 4% elastaan.\u00a0Toodetud Hiinas<\/li>\n<li>Pesu kuni 60 C veega<\/li>\n<li>Tellimuse peale saame valmistada ka Teie logoga maksid (hind sama, tootmisaeg 1 p\u00e4ev).<\/li>\n<li>V\u00e4rv: MUST, kuid tellimise peale saab valida ca k\u00fcmne erineva v\u00e4rvi vahel.<\/li>\n<\/ul>\n","protected":false},"featured_media":11583,"template":"","meta":{"inline_featured_image":false},"product_brand":[],"product_cat":[409,283],"product_tag":[],"class_list":{"0":"post-11582","1":"product","2":"type-product","3":"status-publish","4":"has-post-thumbnail","6":"product_cat-naomaskid","7":"product_cat-branditooted","9":"first","10":"instock","11":"taxable","12":"shipping-taxable","13":"purchasable","14":"product-type-simple"},"yoast_head":"<!-- This site is optimized with the Yoast SEO plugin v27.4 - https:\/\/yoast.com\/product\/yoast-seo-wordpress\/ -->\n<title>Korduvkasutatav reguleeritav N\u00c4OMASK (must) - BBQ Entertainment<\/title>\n<meta name=\"robots\" content=\"index, follow, max-snippet:-1, max-image-preview:large, max-video-preview:-1\" \/>\n<link rel=\"canonical\" href=\"https:\/\/bbqentertainment.com\/toode\/korduvkasutatav-naomask\/\" \/>\n<meta property=\"og:locale\" content=\"en_US\" \/>\n<meta property=\"og:type\" content=\"article\" \/>\n<meta property=\"og:title\" content=\"Korduvkasutatav reguleeritav N\u00c4OMASK (must) - BBQ Entertainment\" \/>\n<meta property=\"og:description\" content=\"KORDUVKASUTATAV N\u00c4OMASK (must) Eriti mugav, nahas\u00f5bralik ja stiilne reguleeritav korduvkasutatav n\u00e4omask Maskiesine on keskelt \u00f5mblusega, mis muudab maskis hingamise h\u00e4sti mugavaks Tegemist ei ole meditsiinilise maskiga, mask on m\u00f5eldud personaalseks kasutamiseks Koostis: 96% pol\u00fcester, 4% elastaan.\u00a0Toodetud Hiinas Pesu kuni 60 C veega Tellimuse peale saame valmistada ka Teie logoga maksid (hind sama, tootmisaeg 1 p\u00e4ev). V\u00e4rv: MUST, kuid tellimise peale saab valida ca k\u00fcmne erineva v\u00e4rvi vahel.\" \/>\n<meta property=\"og:url\" content=\"https:\/\/bbqentertainment.com\/toode\/korduvkasutatav-naomask\/\" \/>\n<meta property=\"og:site_name\" content=\"BBQ Entertainment\" \/>\n<meta property=\"article:publisher\" content=\"https:\/\/www.facebook.com\/BBQ-Entertainment-N-Catering-2437913376443540\" \/>\n<meta property=\"article:modified_time\" content=\"2025-07-25T10:45:32+00:00\" \/>\n<meta property=\"og:image\" content=\"https:\/\/bbqentertainment.com\/wp-content\/uploads\/2020\/10\/IMG_3091-copy.png\" \/>\n\t<meta property=\"og:image:width\" content=\"3639\" \/>\n\t<meta property=\"og:image:height\" content=\"3024\" \/>\n\t<meta property=\"og:image:type\" content=\"image\/png\" \/>\n<meta name=\"twitter:card\" content=\"summary_large_image\" \/>\n<script type=\"application\/ld+json\" class=\"yoast-schema-graph\">{\"@context\":\"https:\\\/\\\/schema.org\",\"@graph\":[{\"@type\":[\"WebPage\",\"ItemPage\"],\"@id\":\"https:\\\/\\\/bbqentertainment.com\\\/toode\\\/korduvkasutatav-naomask\\\/\",\"url\":\"https:\\\/\\\/bbqentertainment.com\\\/toode\\\/korduvkasutatav-naomask\\\/\",\"name\":\"Korduvkasutatav reguleeritav N\u00c4OMASK (must) - BBQ Entertainment\",\"isPartOf\":{\"@id\":\"https:\\\/\\\/bbqentertainment.com\\\/#website\"},\"primaryImageOfPage\":{\"@id\":\"https:\\\/\\\/bbqentertainment.com\\\/toode\\\/korduvkasutatav-naomask\\\/#primaryimage\"},\"image\":{\"@id\":\"https:\\\/\\\/bbqentertainment.com\\\/toode\\\/korduvkasutatav-naomask\\\/#primaryimage\"},\"thumbnailUrl\":\"https:\\\/\\\/bbqentertainment.com\\\/wp-content\\\/uploads\\\/2020\\\/10\\\/IMG_3091-copy.png\",\"datePublished\":\"2020-10-20T12:01:56+00:00\",\"dateModified\":\"2025-07-25T10:45:32+00:00\",\"breadcrumb\":{\"@id\":\"https:\\\/\\\/bbqentertainment.com\\\/toode\\\/korduvkasutatav-naomask\\\/#breadcrumb\"},\"inLanguage\":\"en-US\",\"potentialAction\":[{\"@type\":\"ReadAction\",\"target\":[\"https:\\\/\\\/bbqentertainment.com\\\/toode\\\/korduvkasutatav-naomask\\\/\"]}]},{\"@type\":\"ImageObject\",\"inLanguage\":\"en-US\",\"@id\":\"https:\\\/\\\/bbqentertainment.com\\\/toode\\\/korduvkasutatav-naomask\\\/#primaryimage\",\"url\":\"https:\\\/\\\/bbqentertainment.com\\\/wp-content\\\/uploads\\\/2020\\\/10\\\/IMG_3091-copy.png\",\"contentUrl\":\"https:\\\/\\\/bbqentertainment.com\\\/wp-content\\\/uploads\\\/2020\\\/10\\\/IMG_3091-copy.png\",\"width\":3639,\"height\":3024},{\"@type\":\"BreadcrumbList\",\"@id\":\"https:\\\/\\\/bbqentertainment.com\\\/toode\\\/korduvkasutatav-naomask\\\/#breadcrumb\",\"itemListElement\":[{\"@type\":\"ListItem\",\"position\":1,\"name\":\"AVALEHT\",\"item\":\"https:\\\/\\\/bbqentertainment.com\\\/en\\\/\"},{\"@type\":\"ListItem\",\"position\":2,\"name\":\"Tooted\",\"item\":\"https:\\\/\\\/bbqentertainment.com\\\/tooted\\\/\"},{\"@type\":\"ListItem\",\"position\":3,\"name\":\"Muud tooted\",\"item\":\"https:\\\/\\\/bbqentertainment.com\\\/tootekategooria\\\/muud-tooted\\\/\"},{\"@type\":\"ListItem\",\"position\":4,\"name\":\"N\u00e4omaskid\",\"item\":\"https:\\\/\\\/bbqentertainment.com\\\/tootekategooria\\\/muud-tooted\\\/naomaskid\\\/\"},{\"@type\":\"ListItem\",\"position\":5,\"name\":\"Korduvkasutatav reguleeritav N\u00c4OMASK (must)\"}]},{\"@type\":\"WebSite\",\"@id\":\"https:\\\/\\\/bbqentertainment.com\\\/#website\",\"url\":\"https:\\\/\\\/bbqentertainment.com\\\/\",\"name\":\"BBQ Entertainment\",\"description\":\"BBQ is a great lifestyle, not just fun!\",\"publisher\":{\"@id\":\"https:\\\/\\\/bbqentertainment.com\\\/#organization\"},\"potentialAction\":[{\"@type\":\"SearchAction\",\"target\":{\"@type\":\"EntryPoint\",\"urlTemplate\":\"https:\\\/\\\/bbqentertainment.com\\\/?s={search_term_string}\"},\"query-input\":{\"@type\":\"PropertyValueSpecification\",\"valueRequired\":true,\"valueName\":\"search_term_string\"}}],\"inLanguage\":\"en-US\"},{\"@type\":\"Organization\",\"@id\":\"https:\\\/\\\/bbqentertainment.com\\\/#organization\",\"name\":\"BBQ Entertainment O\u00dc\",\"url\":\"https:\\\/\\\/bbqentertainment.com\\\/\",\"logo\":{\"@type\":\"ImageObject\",\"inLanguage\":\"en-US\",\"@id\":\"https:\\\/\\\/bbqentertainment.com\\\/#\\\/schema\\\/logo\\\/image\\\/\",\"url\":\"https:\\\/\\\/bbqentertainment.com\\\/wp-content\\\/uploads\\\/2020\\\/04\\\/BBQ-Entertainment-N-Catering-Enn-Tobreluts-Logo.png\",\"contentUrl\":\"https:\\\/\\\/bbqentertainment.com\\\/wp-content\\\/uploads\\\/2020\\\/04\\\/BBQ-Entertainment-N-Catering-Enn-Tobreluts-Logo.png\",\"width\":628,\"height\":266,\"caption\":\"BBQ Entertainment O\u00dc\"},\"image\":{\"@id\":\"https:\\\/\\\/bbqentertainment.com\\\/#\\\/schema\\\/logo\\\/image\\\/\"},\"sameAs\":[\"https:\\\/\\\/www.facebook.com\\\/BBQ-Entertainment-N-Catering-2437913376443540\",\"https:\\\/\\\/www.instagram.com\\\/bbqentertainmentncatering\\\/\",\"https:\\\/\\\/www.youtube.com\\\/channel\\\/UCmpuANQVhLy2Md8nrenp2jA\"]}]}<\/script>\n<!-- \/ Yoast SEO plugin. -->","yoast_head_json":{"title":"Korduvkasutatav reguleeritav N\u00c4OMASK (must) - BBQ Entertainment","robots":{"index":"index","follow":"follow","max-snippet":"max-snippet:-1","max-image-preview":"max-image-preview:large","max-video-preview":"max-video-preview:-1"},"canonical":"https:\/\/bbqentertainment.com\/toode\/korduvkasutatav-naomask\/","og_locale":"en_US","og_type":"article","og_title":"Korduvkasutatav reguleeritav N\u00c4OMASK (must) - BBQ Entertainment","og_description":"KORDUVKASUTATAV N\u00c4OMASK (must) Eriti mugav, nahas\u00f5bralik ja stiilne reguleeritav korduvkasutatav n\u00e4omask Maskiesine on keskelt \u00f5mblusega, mis muudab maskis hingamise h\u00e4sti mugavaks Tegemist ei ole meditsiinilise maskiga, mask on m\u00f5eldud personaalseks kasutamiseks Koostis: 96% pol\u00fcester, 4% elastaan.\u00a0Toodetud Hiinas Pesu kuni 60 C veega Tellimuse peale saame valmistada ka Teie logoga maksid (hind sama, tootmisaeg 1 p\u00e4ev). V\u00e4rv: MUST, kuid tellimise peale saab valida ca k\u00fcmne erineva v\u00e4rvi vahel.","og_url":"https:\/\/bbqentertainment.com\/toode\/korduvkasutatav-naomask\/","og_site_name":"BBQ Entertainment","article_publisher":"https:\/\/www.facebook.com\/BBQ-Entertainment-N-Catering-2437913376443540","article_modified_time":"2025-07-25T10:45:32+00:00","og_image":[{"width":3639,"height":3024,"url":"https:\/\/bbqentertainment.com\/wp-content\/uploads\/2020\/10\/IMG_3091-copy.png","type":"image\/png"}],"twitter_card":"summary_large_image","schema":{"@context":"https:\/\/schema.org","@graph":[{"@type":["WebPage","ItemPage"],"@id":"https:\/\/bbqentertainment.com\/toode\/korduvkasutatav-naomask\/","url":"https:\/\/bbqentertainment.com\/toode\/korduvkasutatav-naomask\/","name":"Korduvkasutatav reguleeritav N\u00c4OMASK (must) - BBQ Entertainment","isPartOf":{"@id":"https:\/\/bbqentertainment.com\/#website"},"primaryImageOfPage":{"@id":"https:\/\/bbqentertainment.com\/toode\/korduvkasutatav-naomask\/#primaryimage"},"image":{"@id":"https:\/\/bbqentertainment.com\/toode\/korduvkasutatav-naomask\/#primaryimage"},"thumbnailUrl":"https:\/\/bbqentertainment.com\/wp-content\/uploads\/2020\/10\/IMG_3091-copy.png","datePublished":"2020-10-20T12:01:56+00:00","dateModified":"2025-07-25T10:45:32+00:00","breadcrumb":{"@id":"https:\/\/bbqentertainment.com\/toode\/korduvkasutatav-naomask\/#breadcrumb"},"inLanguage":"en-US","potentialAction":[{"@type":"ReadAction","target":["https:\/\/bbqentertainment.com\/toode\/korduvkasutatav-naomask\/"]}]},{"@type":"ImageObject","inLanguage":"en-US","@id":"https:\/\/bbqentertainment.com\/toode\/korduvkasutatav-naomask\/#primaryimage","url":"https:\/\/bbqentertainment.com\/wp-content\/uploads\/2020\/10\/IMG_3091-copy.png","contentUrl":"https:\/\/bbqentertainment.com\/wp-content\/uploads\/2020\/10\/IMG_3091-copy.png","width":3639,"height":3024},{"@type":"BreadcrumbList","@id":"https:\/\/bbqentertainment.com\/toode\/korduvkasutatav-naomask\/#breadcrumb","itemListElement":[{"@type":"ListItem","position":1,"name":"AVALEHT","item":"https:\/\/bbqentertainment.com\/en\/"},{"@type":"ListItem","position":2,"name":"Tooted","item":"https:\/\/bbqentertainment.com\/tooted\/"},{"@type":"ListItem","position":3,"name":"Muud tooted","item":"https:\/\/bbqentertainment.com\/tootekategooria\/muud-tooted\/"},{"@type":"ListItem","position":4,"name":"N\u00e4omaskid","item":"https:\/\/bbqentertainment.com\/tootekategooria\/muud-tooted\/naomaskid\/"},{"@type":"ListItem","position":5,"name":"Korduvkasutatav reguleeritav N\u00c4OMASK (must)"}]},{"@type":"WebSite","@id":"https:\/\/bbqentertainment.com\/#website","url":"https:\/\/bbqentertainment.com\/","name":"BBQ Entertainment","description":"BBQ is a great lifestyle, not just fun!","publisher":{"@id":"https:\/\/bbqentertainment.com\/#organization"},"potentialAction":[{"@type":"SearchAction","target":{"@type":"EntryPoint","urlTemplate":"https:\/\/bbqentertainment.com\/?s={search_term_string}"},"query-input":{"@type":"PropertyValueSpecification","valueRequired":true,"valueName":"search_term_string"}}],"inLanguage":"en-US"},{"@type":"Organization","@id":"https:\/\/bbqentertainment.com\/#organization","name":"BBQ Entertainment O\u00dc","url":"https:\/\/bbqentertainment.com\/","logo":{"@type":"ImageObject","inLanguage":"en-US","@id":"https:\/\/bbqentertainment.com\/#\/schema\/logo\/image\/","url":"https:\/\/bbqentertainment.com\/wp-content\/uploads\/2020\/04\/BBQ-Entertainment-N-Catering-Enn-Tobreluts-Logo.png","contentUrl":"https:\/\/bbqentertainment.com\/wp-content\/uploads\/2020\/04\/BBQ-Entertainment-N-Catering-Enn-Tobreluts-Logo.png","width":628,"height":266,"caption":"BBQ Entertainment O\u00dc"},"image":{"@id":"https:\/\/bbqentertainment.com\/#\/schema\/logo\/image\/"},"sameAs":["https:\/\/www.facebook.com\/BBQ-Entertainment-N-Catering-2437913376443540","https:\/\/www.instagram.com\/bbqentertainmentncatering\/","https:\/\/www.youtube.com\/channel\/UCmpuANQVhLy2Md8nrenp2jA"]}]}},"_links":{"self":[{"href":"https:\/\/bbqentertainment.com\/en\/wp-json\/wp\/v2\/product\/11582","targetHints":{"allow":["GET"]}}],"collection":[{"href":"https:\/\/bbqentertainment.com\/en\/wp-json\/wp\/v2\/product"}],"about":[{"href":"https:\/\/bbqentertainment.com\/en\/wp-json\/wp\/v2\/types\/product"}],"wp:featuredmedia":[{"embeddable":true,"href":"https:\/\/bbqentertainment.com\/en\/wp-json\/wp\/v2\/media\/11583"}],"wp:attachment":[{"href":"https:\/\/bbqentertainment.com\/en\/wp-json\/wp\/v2\/media?parent=11582"}],"wp:term":[{"taxonomy":"product_brand","embeddable":true,"href":"https:\/\/bbqentertainment.com\/en\/wp-json\/wp\/v2\/product_brand?post=11582"},{"taxonomy":"product_cat","embeddable":true,"href":"https:\/\/bbqentertainment.com\/en\/wp-json\/wp\/v2\/product_cat?post=11582"},{"taxonomy":"product_tag","embeddable":true,"href":"https:\/\/bbqentertainment.com\/en\/wp-json\/wp\/v2\/product_tag?post=11582"}],"curies":[{"name":"wp","href":"https:\/\/api.w.org\/{rel}","templated":true}]}}