{"id":11784,"date":"2020-10-27T21:39:30","date_gmt":"2020-10-27T19:39:30","guid":{"rendered":"https:\/\/bbqentertainment.com\/?post_type=product&#038;p=11784"},"modified":"2026-04-20T12:01:52","modified_gmt":"2026-04-20T09:01:52","slug":"bbq-entertainment-kinkekaart-50","status":"publish","type":"product","link":"https:\/\/bbqentertainment.com\/en\/toode\/bbq-entertainment-kinkekaart-50\/","title":{"rendered":"BBQ Entertainment kinkekaart 50\u20ac v\u00e4\u00e4rtuses"},"content":{"rendered":"","protected":false},"excerpt":{"rendered":"<h3><strong>BBQ Entertainment kinkekaart 50\u20ac v\u00e4\u00e4rtuses<\/strong><\/h3>\n<ul>\n<li>Suurep\u00e4rane kingitus s\u00fcnnip\u00e4evaks, j\u00f5uludeks v\u00f5i niisama kingituseks!<\/li>\n<li>Kinkekaardid kehtivad nii veebipoest v\u00f5i meie esindussalongist kauba ostmisel (sh Kamado Joe grillahjud) ja ka BBQ Entertainment O\u00dc cateringiteenuste eest tasumisel.<\/li>\n<li>Esita kinkekaart ostu sooritamisel meie esindussalongis v\u00f5i e-poes www.e-bbq.ee.\u00a0Kinkekaardil oleva summa mittet\u00e4itumisel raha ei tagastata.\u00a0Kinkekaarti ei saa vahetada sularahaks.\u00a0<span style=\"color: #555555;\">Kinkekaardid on saadaval ka digitaalsena.<\/span><\/li>\n<\/ul>\n","protected":false},"featured_media":11799,"template":"","meta":{"inline_featured_image":false},"product_brand":[],"product_cat":[346,282],"product_tag":[],"class_list":{"0":"post-11784","1":"product","2":"type-product","3":"status-publish","4":"has-post-thumbnail","6":"product_cat-kinkekaardid-2","7":"product_cat-kinkekaardid","9":"first","10":"instock","11":"taxable","12":"shipping-taxable","13":"purchasable","14":"product-type-simple"},"yoast_head":"<!-- This site is optimized with the Yoast SEO plugin v27.4 - https:\/\/yoast.com\/product\/yoast-seo-wordpress\/ -->\n<title>BBQ Entertainment kinkekaart 50\u20ac v\u00e4\u00e4rtuses - BBQ Entertainment<\/title>\n<meta name=\"robots\" content=\"index, follow, max-snippet:-1, max-image-preview:large, max-video-preview:-1\" \/>\n<link rel=\"canonical\" href=\"https:\/\/bbqentertainment.com\/toode\/bbq-entertainment-kinkekaart-50\/\" \/>\n<meta property=\"og:locale\" content=\"en_US\" \/>\n<meta property=\"og:type\" content=\"article\" \/>\n<meta property=\"og:title\" content=\"BBQ Entertainment kinkekaart 50\u20ac v\u00e4\u00e4rtuses - BBQ Entertainment\" \/>\n<meta property=\"og:description\" content=\"BBQ Entertainment kinkekaart 50\u20ac v\u00e4\u00e4rtuses   Suurep\u00e4rane kingitus s\u00fcnnip\u00e4evaks, j\u00f5uludeks v\u00f5i niisama kingituseks!  Kinkekaardid kehtivad nii veebipoest v\u00f5i meie esindussalongist kauba ostmisel (sh Kamado Joe grillahjud) ja ka BBQ Entertainment O\u00dc cateringiteenuste eest tasumisel.  Esita kinkekaart ostu sooritamisel meie esindussalongis v\u00f5i e-poes www.e-bbq.ee.\u00a0Kinkekaardil oleva summa mittet\u00e4itumisel raha ei tagastata.\u00a0Kinkekaarti ei saa vahetada sularahaks.\u00a0Kinkekaardid on saadaval ka digitaalsena.\" \/>\n<meta property=\"og:url\" content=\"https:\/\/bbqentertainment.com\/toode\/bbq-entertainment-kinkekaart-50\/\" \/>\n<meta property=\"og:site_name\" content=\"BBQ Entertainment\" \/>\n<meta property=\"article:publisher\" content=\"https:\/\/www.facebook.com\/BBQ-Entertainment-N-Catering-2437913376443540\" \/>\n<meta property=\"article:modified_time\" content=\"2026-04-20T09:01:52+00:00\" \/>\n<meta property=\"og:image\" content=\"https:\/\/bbqentertainment.com\/wp-content\/uploads\/2020\/10\/BBQ-Entertainment-kinkekaart-50.jpg\" \/>\n\t<meta property=\"og:image:width\" content=\"1700\" \/>\n\t<meta property=\"og:image:height\" content=\"1660\" \/>\n\t<meta property=\"og:image:type\" content=\"image\/jpeg\" \/>\n<meta name=\"twitter:card\" content=\"summary_large_image\" \/>\n<script type=\"application\/ld+json\" class=\"yoast-schema-graph\">{\"@context\":\"https:\\\/\\\/schema.org\",\"@graph\":[{\"@type\":[\"WebPage\",\"ItemPage\"],\"@id\":\"https:\\\/\\\/bbqentertainment.com\\\/toode\\\/bbq-entertainment-kinkekaart-50\\\/\",\"url\":\"https:\\\/\\\/bbqentertainment.com\\\/toode\\\/bbq-entertainment-kinkekaart-50\\\/\",\"name\":\"BBQ Entertainment kinkekaart 50\u20ac v\u00e4\u00e4rtuses - BBQ Entertainment\",\"isPartOf\":{\"@id\":\"https:\\\/\\\/bbqentertainment.com\\\/#website\"},\"primaryImageOfPage\":{\"@id\":\"https:\\\/\\\/bbqentertainment.com\\\/toode\\\/bbq-entertainment-kinkekaart-50\\\/#primaryimage\"},\"image\":{\"@id\":\"https:\\\/\\\/bbqentertainment.com\\\/toode\\\/bbq-entertainment-kinkekaart-50\\\/#primaryimage\"},\"thumbnailUrl\":\"https:\\\/\\\/bbqentertainment.com\\\/wp-content\\\/uploads\\\/2020\\\/10\\\/BBQ-Entertainment-kinkekaart-50.jpg\",\"datePublished\":\"2020-10-27T19:39:30+00:00\",\"dateModified\":\"2026-04-20T09:01:52+00:00\",\"breadcrumb\":{\"@id\":\"https:\\\/\\\/bbqentertainment.com\\\/toode\\\/bbq-entertainment-kinkekaart-50\\\/#breadcrumb\"},\"inLanguage\":\"en-US\",\"potentialAction\":[{\"@type\":\"ReadAction\",\"target\":[\"https:\\\/\\\/bbqentertainment.com\\\/toode\\\/bbq-entertainment-kinkekaart-50\\\/\"]}]},{\"@type\":\"ImageObject\",\"inLanguage\":\"en-US\",\"@id\":\"https:\\\/\\\/bbqentertainment.com\\\/toode\\\/bbq-entertainment-kinkekaart-50\\\/#primaryimage\",\"url\":\"https:\\\/\\\/bbqentertainment.com\\\/wp-content\\\/uploads\\\/2020\\\/10\\\/BBQ-Entertainment-kinkekaart-50.jpg\",\"contentUrl\":\"https:\\\/\\\/bbqentertainment.com\\\/wp-content\\\/uploads\\\/2020\\\/10\\\/BBQ-Entertainment-kinkekaart-50.jpg\",\"width\":1700,\"height\":1660},{\"@type\":\"BreadcrumbList\",\"@id\":\"https:\\\/\\\/bbqentertainment.com\\\/toode\\\/bbq-entertainment-kinkekaart-50\\\/#breadcrumb\",\"itemListElement\":[{\"@type\":\"ListItem\",\"position\":1,\"name\":\"AVALEHT\",\"item\":\"https:\\\/\\\/bbqentertainment.com\\\/en\\\/\"},{\"@type\":\"ListItem\",\"position\":2,\"name\":\"Tooted\",\"item\":\"https:\\\/\\\/bbqentertainment.com\\\/tooted\\\/\"},{\"@type\":\"ListItem\",\"position\":3,\"name\":\"Muud tooted\",\"item\":\"https:\\\/\\\/bbqentertainment.com\\\/tootekategooria\\\/muud-tooted\\\/\"},{\"@type\":\"ListItem\",\"position\":4,\"name\":\"Kinkekaardid\",\"item\":\"https:\\\/\\\/bbqentertainment.com\\\/tootekategooria\\\/muud-tooted\\\/kinkekaardid\\\/\"},{\"@type\":\"ListItem\",\"position\":5,\"name\":\"BBQ Entertainment kinkekaart 50\u20ac v\u00e4\u00e4rtuses\"}]},{\"@type\":\"WebSite\",\"@id\":\"https:\\\/\\\/bbqentertainment.com\\\/#website\",\"url\":\"https:\\\/\\\/bbqentertainment.com\\\/\",\"name\":\"BBQ Entertainment\",\"description\":\"BBQ is a great lifestyle, not just fun!\",\"publisher\":{\"@id\":\"https:\\\/\\\/bbqentertainment.com\\\/#organization\"},\"potentialAction\":[{\"@type\":\"SearchAction\",\"target\":{\"@type\":\"EntryPoint\",\"urlTemplate\":\"https:\\\/\\\/bbqentertainment.com\\\/?s={search_term_string}\"},\"query-input\":{\"@type\":\"PropertyValueSpecification\",\"valueRequired\":true,\"valueName\":\"search_term_string\"}}],\"inLanguage\":\"en-US\"},{\"@type\":\"Organization\",\"@id\":\"https:\\\/\\\/bbqentertainment.com\\\/#organization\",\"name\":\"BBQ Entertainment O\u00dc\",\"url\":\"https:\\\/\\\/bbqentertainment.com\\\/\",\"logo\":{\"@type\":\"ImageObject\",\"inLanguage\":\"en-US\",\"@id\":\"https:\\\/\\\/bbqentertainment.com\\\/#\\\/schema\\\/logo\\\/image\\\/\",\"url\":\"https:\\\/\\\/bbqentertainment.com\\\/wp-content\\\/uploads\\\/2020\\\/04\\\/BBQ-Entertainment-N-Catering-Enn-Tobreluts-Logo.png\",\"contentUrl\":\"https:\\\/\\\/bbqentertainment.com\\\/wp-content\\\/uploads\\\/2020\\\/04\\\/BBQ-Entertainment-N-Catering-Enn-Tobreluts-Logo.png\",\"width\":628,\"height\":266,\"caption\":\"BBQ Entertainment O\u00dc\"},\"image\":{\"@id\":\"https:\\\/\\\/bbqentertainment.com\\\/#\\\/schema\\\/logo\\\/image\\\/\"},\"sameAs\":[\"https:\\\/\\\/www.facebook.com\\\/BBQ-Entertainment-N-Catering-2437913376443540\",\"https:\\\/\\\/www.instagram.com\\\/bbqentertainmentncatering\\\/\",\"https:\\\/\\\/www.youtube.com\\\/channel\\\/UCmpuANQVhLy2Md8nrenp2jA\"]}]}<\/script>\n<!-- \/ Yoast SEO plugin. -->","yoast_head_json":{"title":"BBQ Entertainment kinkekaart 50\u20ac v\u00e4\u00e4rtuses - BBQ Entertainment","robots":{"index":"index","follow":"follow","max-snippet":"max-snippet:-1","max-image-preview":"max-image-preview:large","max-video-preview":"max-video-preview:-1"},"canonical":"https:\/\/bbqentertainment.com\/toode\/bbq-entertainment-kinkekaart-50\/","og_locale":"en_US","og_type":"article","og_title":"BBQ Entertainment kinkekaart 50\u20ac v\u00e4\u00e4rtuses - BBQ Entertainment","og_description":"BBQ Entertainment kinkekaart 50\u20ac v\u00e4\u00e4rtuses   Suurep\u00e4rane kingitus s\u00fcnnip\u00e4evaks, j\u00f5uludeks v\u00f5i niisama kingituseks!  Kinkekaardid kehtivad nii veebipoest v\u00f5i meie esindussalongist kauba ostmisel (sh Kamado Joe grillahjud) ja ka BBQ Entertainment O\u00dc cateringiteenuste eest tasumisel.  Esita kinkekaart ostu sooritamisel meie esindussalongis v\u00f5i e-poes www.e-bbq.ee.\u00a0Kinkekaardil oleva summa mittet\u00e4itumisel raha ei tagastata.\u00a0Kinkekaarti ei saa vahetada sularahaks.\u00a0Kinkekaardid on saadaval ka digitaalsena.","og_url":"https:\/\/bbqentertainment.com\/toode\/bbq-entertainment-kinkekaart-50\/","og_site_name":"BBQ Entertainment","article_publisher":"https:\/\/www.facebook.com\/BBQ-Entertainment-N-Catering-2437913376443540","article_modified_time":"2026-04-20T09:01:52+00:00","og_image":[{"width":1700,"height":1660,"url":"https:\/\/bbqentertainment.com\/wp-content\/uploads\/2020\/10\/BBQ-Entertainment-kinkekaart-50.jpg","type":"image\/jpeg"}],"twitter_card":"summary_large_image","schema":{"@context":"https:\/\/schema.org","@graph":[{"@type":["WebPage","ItemPage"],"@id":"https:\/\/bbqentertainment.com\/toode\/bbq-entertainment-kinkekaart-50\/","url":"https:\/\/bbqentertainment.com\/toode\/bbq-entertainment-kinkekaart-50\/","name":"BBQ Entertainment kinkekaart 50\u20ac v\u00e4\u00e4rtuses - BBQ Entertainment","isPartOf":{"@id":"https:\/\/bbqentertainment.com\/#website"},"primaryImageOfPage":{"@id":"https:\/\/bbqentertainment.com\/toode\/bbq-entertainment-kinkekaart-50\/#primaryimage"},"image":{"@id":"https:\/\/bbqentertainment.com\/toode\/bbq-entertainment-kinkekaart-50\/#primaryimage"},"thumbnailUrl":"https:\/\/bbqentertainment.com\/wp-content\/uploads\/2020\/10\/BBQ-Entertainment-kinkekaart-50.jpg","datePublished":"2020-10-27T19:39:30+00:00","dateModified":"2026-04-20T09:01:52+00:00","breadcrumb":{"@id":"https:\/\/bbqentertainment.com\/toode\/bbq-entertainment-kinkekaart-50\/#breadcrumb"},"inLanguage":"en-US","potentialAction":[{"@type":"ReadAction","target":["https:\/\/bbqentertainment.com\/toode\/bbq-entertainment-kinkekaart-50\/"]}]},{"@type":"ImageObject","inLanguage":"en-US","@id":"https:\/\/bbqentertainment.com\/toode\/bbq-entertainment-kinkekaart-50\/#primaryimage","url":"https:\/\/bbqentertainment.com\/wp-content\/uploads\/2020\/10\/BBQ-Entertainment-kinkekaart-50.jpg","contentUrl":"https:\/\/bbqentertainment.com\/wp-content\/uploads\/2020\/10\/BBQ-Entertainment-kinkekaart-50.jpg","width":1700,"height":1660},{"@type":"BreadcrumbList","@id":"https:\/\/bbqentertainment.com\/toode\/bbq-entertainment-kinkekaart-50\/#breadcrumb","itemListElement":[{"@type":"ListItem","position":1,"name":"AVALEHT","item":"https:\/\/bbqentertainment.com\/en\/"},{"@type":"ListItem","position":2,"name":"Tooted","item":"https:\/\/bbqentertainment.com\/tooted\/"},{"@type":"ListItem","position":3,"name":"Muud tooted","item":"https:\/\/bbqentertainment.com\/tootekategooria\/muud-tooted\/"},{"@type":"ListItem","position":4,"name":"Kinkekaardid","item":"https:\/\/bbqentertainment.com\/tootekategooria\/muud-tooted\/kinkekaardid\/"},{"@type":"ListItem","position":5,"name":"BBQ Entertainment kinkekaart 50\u20ac v\u00e4\u00e4rtuses"}]},{"@type":"WebSite","@id":"https:\/\/bbqentertainment.com\/#website","url":"https:\/\/bbqentertainment.com\/","name":"BBQ Entertainment","description":"BBQ is a great lifestyle, not just fun!","publisher":{"@id":"https:\/\/bbqentertainment.com\/#organization"},"potentialAction":[{"@type":"SearchAction","target":{"@type":"EntryPoint","urlTemplate":"https:\/\/bbqentertainment.com\/?s={search_term_string}"},"query-input":{"@type":"PropertyValueSpecification","valueRequired":true,"valueName":"search_term_string"}}],"inLanguage":"en-US"},{"@type":"Organization","@id":"https:\/\/bbqentertainment.com\/#organization","name":"BBQ Entertainment O\u00dc","url":"https:\/\/bbqentertainment.com\/","logo":{"@type":"ImageObject","inLanguage":"en-US","@id":"https:\/\/bbqentertainment.com\/#\/schema\/logo\/image\/","url":"https:\/\/bbqentertainment.com\/wp-content\/uploads\/2020\/04\/BBQ-Entertainment-N-Catering-Enn-Tobreluts-Logo.png","contentUrl":"https:\/\/bbqentertainment.com\/wp-content\/uploads\/2020\/04\/BBQ-Entertainment-N-Catering-Enn-Tobreluts-Logo.png","width":628,"height":266,"caption":"BBQ Entertainment O\u00dc"},"image":{"@id":"https:\/\/bbqentertainment.com\/#\/schema\/logo\/image\/"},"sameAs":["https:\/\/www.facebook.com\/BBQ-Entertainment-N-Catering-2437913376443540","https:\/\/www.instagram.com\/bbqentertainmentncatering\/","https:\/\/www.youtube.com\/channel\/UCmpuANQVhLy2Md8nrenp2jA"]}]}},"_links":{"self":[{"href":"https:\/\/bbqentertainment.com\/en\/wp-json\/wp\/v2\/product\/11784","targetHints":{"allow":["GET"]}}],"collection":[{"href":"https:\/\/bbqentertainment.com\/en\/wp-json\/wp\/v2\/product"}],"about":[{"href":"https:\/\/bbqentertainment.com\/en\/wp-json\/wp\/v2\/types\/product"}],"wp:featuredmedia":[{"embeddable":true,"href":"https:\/\/bbqentertainment.com\/en\/wp-json\/wp\/v2\/media\/11799"}],"wp:attachment":[{"href":"https:\/\/bbqentertainment.com\/en\/wp-json\/wp\/v2\/media?parent=11784"}],"wp:term":[{"taxonomy":"product_brand","embeddable":true,"href":"https:\/\/bbqentertainment.com\/en\/wp-json\/wp\/v2\/product_brand?post=11784"},{"taxonomy":"product_cat","embeddable":true,"href":"https:\/\/bbqentertainment.com\/en\/wp-json\/wp\/v2\/product_cat?post=11784"},{"taxonomy":"product_tag","embeddable":true,"href":"https:\/\/bbqentertainment.com\/en\/wp-json\/wp\/v2\/product_tag?post=11784"}],"curies":[{"name":"wp","href":"https:\/\/api.w.org\/{rel}","templated":true}]}}