{"id":11953,"date":"2020-10-29T14:56:45","date_gmt":"2020-10-29T12:56:45","guid":{"rendered":"https:\/\/bbqentertainment.com\/?post_type=product&#038;p=11953"},"modified":"2025-09-04T09:26:46","modified_gmt":"2025-09-04T06:26:46","slug":"junimperium-negroni-200ml","status":"publish","type":"product","link":"https:\/\/bbqentertainment.com\/en\/toode\/junimperium-negroni-200ml\/","title":{"rendered":"JUNIMPERIUM Artisan Cocktail Negroni 500 ml"},"content":{"rendered":"<h3><strong>KADAKATEST S\u00dcNDINUD, KIREST VORMITUD!<\/strong><\/h3>\n<p><strong>JUNIMPERIUMI lugu sai alguse armastusest kvaliteetse k\u00e4sit\u00f6\u00f6d\u017einni vastu ja soovist luua s\u00fcmbioos, mis austab sajanditevanust p\u00e4randit, kuid pakub samas midagi t\u00e4iesti unikaalset. Selge idee ja visioon ning rohkem kui aasta kestnud v\u00e4simatud katsetused maailma parimate kadakamarjade ja ainulaadsete maitsetaimedega aitasid muuta unistuse reaalsuseks. 2019. aasta alguses avas eestimaine JUNIMPERIUM DISTILLERY oma uksed. JUNIMPERIUM on Eesti auhinnatuim d\u017einn, kogudes 11 mainekat rahvusvahelist auhinda oma s\u00fcnniaastal, 2019. nendest 8 olid kuldmedalid. Aastal 2020 on lisandunud veelgi hulgaliselt auhindu.<\/strong><\/p>\n<p><strong>BBQ Entertainment O\u00dc on JUNIMPERIUMI edasim\u00fc\u00fcja Eestis.<\/strong><\/p>\n","protected":false},"excerpt":{"rendered":"<h3><strong>JUNIMPERIUM Artisan Cocktail Negroni 500 ml<\/strong><\/h3>\n<ul>\n<li class=\"\">Alkoholisisaldus: 29%<\/li>\n<li class=\"\">P\u00e4ritolumaa: Eesti<\/li>\n<li>Junimperium Distillery originaalse baariretsepti j\u00e4rgi loodud m\u00f5nusalt kadakase noodiga Itaalia klassikaline kokteil NEGRONI, mis sisaldab JUNIMPERIUM BLENDED DRY D\u017dINNI, k\u00f5rgekvaliteetset Itaalia vermutit, aromaatset bitterit ja salajast kadaka-apelsinikoore tinktuuri.<\/li>\n<li>Neid erakordseid maitseid naudi puhtalt j\u00e4\u00e4ga, kaunista apelsinikoore v\u00f5i v\u00e4rske apelsiniviiluga.<\/li>\n<\/ul>\n","protected":false},"featured_media":11958,"template":"","meta":{"inline_featured_image":false},"product_brand":[],"product_cat":[234,284],"product_tag":[],"class_list":{"0":"post-11953","1":"product","2":"type-product","3":"status-publish","4":"has-post-thumbnail","6":"product_cat-dzinnid","7":"product_cat-junimperium","8":"product_shipping_class-tulen-ise-jarele","10":"first","11":"instock","12":"taxable","13":"shipping-taxable","14":"purchasable","15":"product-type-simple"},"yoast_head":"<!-- This site is optimized with the Yoast SEO plugin v27.4 - https:\/\/yoast.com\/product\/yoast-seo-wordpress\/ -->\n<title>JUNIMPERIUM Artisan Cocktail Negroni 500 ml - BBQ Entertainment<\/title>\n<meta name=\"robots\" content=\"index, follow, max-snippet:-1, max-image-preview:large, max-video-preview:-1\" \/>\n<link rel=\"canonical\" href=\"https:\/\/bbqentertainment.com\/toode\/junimperium-negroni-200ml\/\" \/>\n<meta property=\"og:locale\" content=\"en_US\" \/>\n<meta property=\"og:type\" content=\"article\" \/>\n<meta property=\"og:title\" content=\"JUNIMPERIUM Artisan Cocktail Negroni 500 ml - BBQ Entertainment\" \/>\n<meta property=\"og:description\" content=\"JUNIMPERIUM Artisan Cocktail Negroni 500 ml   Alkoholisisaldus: 29%  P\u00e4ritolumaa: Eesti  Junimperium Distillery originaalse baariretsepti j\u00e4rgi loodud m\u00f5nusalt kadakase noodiga Itaalia klassikaline kokteil NEGRONI, mis sisaldab JUNIMPERIUM BLENDED DRY D\u017dINNI, k\u00f5rgekvaliteetset Itaalia vermutit, aromaatset bitterit ja salajast kadaka-apelsinikoore tinktuuri.  Neid erakordseid maitseid naudi puhtalt j\u00e4\u00e4ga, kaunista apelsinikoore v\u00f5i v\u00e4rske apelsiniviiluga.\" \/>\n<meta property=\"og:url\" content=\"https:\/\/bbqentertainment.com\/toode\/junimperium-negroni-200ml\/\" \/>\n<meta property=\"og:site_name\" content=\"BBQ Entertainment\" \/>\n<meta property=\"article:publisher\" content=\"https:\/\/www.facebook.com\/BBQ-Entertainment-N-Catering-2437913376443540\" \/>\n<meta property=\"article:modified_time\" content=\"2025-09-04T06:26:46+00:00\" \/>\n<meta property=\"og:image\" content=\"https:\/\/bbqentertainment.com\/wp-content\/uploads\/2020\/10\/BBQ-Entertainment-OU-JUNIMPERIUM-Artisan-Cocktail-Negroni-200-ml-1.png\" \/>\n\t<meta property=\"og:image:width\" content=\"1054\" \/>\n\t<meta property=\"og:image:height\" content=\"1232\" \/>\n\t<meta property=\"og:image:type\" content=\"image\/png\" \/>\n<meta name=\"twitter:card\" content=\"summary_large_image\" \/>\n<meta name=\"twitter:label1\" content=\"Est. reading time\" \/>\n\t<meta name=\"twitter:data1\" content=\"1 minute\" \/>\n<script type=\"application\/ld+json\" class=\"yoast-schema-graph\">{\"@context\":\"https:\\\/\\\/schema.org\",\"@graph\":[{\"@type\":[\"WebPage\",\"ItemPage\"],\"@id\":\"https:\\\/\\\/bbqentertainment.com\\\/toode\\\/junimperium-negroni-200ml\\\/\",\"url\":\"https:\\\/\\\/bbqentertainment.com\\\/toode\\\/junimperium-negroni-200ml\\\/\",\"name\":\"JUNIMPERIUM Artisan Cocktail Negroni 500 ml - BBQ Entertainment\",\"isPartOf\":{\"@id\":\"https:\\\/\\\/bbqentertainment.com\\\/#website\"},\"primaryImageOfPage\":{\"@id\":\"https:\\\/\\\/bbqentertainment.com\\\/toode\\\/junimperium-negroni-200ml\\\/#primaryimage\"},\"image\":{\"@id\":\"https:\\\/\\\/bbqentertainment.com\\\/toode\\\/junimperium-negroni-200ml\\\/#primaryimage\"},\"thumbnailUrl\":\"https:\\\/\\\/bbqentertainment.com\\\/wp-content\\\/uploads\\\/2020\\\/10\\\/BBQ-Entertainment-OU-JUNIMPERIUM-Artisan-Cocktail-Negroni-200-ml-1.png\",\"datePublished\":\"2020-10-29T12:56:45+00:00\",\"dateModified\":\"2025-09-04T06:26:46+00:00\",\"breadcrumb\":{\"@id\":\"https:\\\/\\\/bbqentertainment.com\\\/toode\\\/junimperium-negroni-200ml\\\/#breadcrumb\"},\"inLanguage\":\"en-US\",\"potentialAction\":[{\"@type\":\"ReadAction\",\"target\":[\"https:\\\/\\\/bbqentertainment.com\\\/toode\\\/junimperium-negroni-200ml\\\/\"]}]},{\"@type\":\"ImageObject\",\"inLanguage\":\"en-US\",\"@id\":\"https:\\\/\\\/bbqentertainment.com\\\/toode\\\/junimperium-negroni-200ml\\\/#primaryimage\",\"url\":\"https:\\\/\\\/bbqentertainment.com\\\/wp-content\\\/uploads\\\/2020\\\/10\\\/BBQ-Entertainment-OU-JUNIMPERIUM-Artisan-Cocktail-Negroni-200-ml-1.png\",\"contentUrl\":\"https:\\\/\\\/bbqentertainment.com\\\/wp-content\\\/uploads\\\/2020\\\/10\\\/BBQ-Entertainment-OU-JUNIMPERIUM-Artisan-Cocktail-Negroni-200-ml-1.png\",\"width\":1054,\"height\":1232},{\"@type\":\"BreadcrumbList\",\"@id\":\"https:\\\/\\\/bbqentertainment.com\\\/toode\\\/junimperium-negroni-200ml\\\/#breadcrumb\",\"itemListElement\":[{\"@type\":\"ListItem\",\"position\":1,\"name\":\"AVALEHT\",\"item\":\"https:\\\/\\\/bbqentertainment.com\\\/en\\\/\"},{\"@type\":\"ListItem\",\"position\":2,\"name\":\"Tooted\",\"item\":\"https:\\\/\\\/bbqentertainment.com\\\/tooted\\\/\"},{\"@type\":\"ListItem\",\"position\":3,\"name\":\"Joogid\",\"item\":\"https:\\\/\\\/bbqentertainment.com\\\/tootekategooria\\\/joogid\\\/\"},{\"@type\":\"ListItem\",\"position\":4,\"name\":\"D\u017dINNID\",\"item\":\"https:\\\/\\\/bbqentertainment.com\\\/tootekategooria\\\/joogid\\\/dzinnid\\\/\"},{\"@type\":\"ListItem\",\"position\":5,\"name\":\"Junimperium\",\"item\":\"https:\\\/\\\/bbqentertainment.com\\\/tootekategooria\\\/joogid\\\/dzinnid\\\/junimperium\\\/\"},{\"@type\":\"ListItem\",\"position\":6,\"name\":\"JUNIMPERIUM Artisan Cocktail Negroni 500 ml\"}]},{\"@type\":\"WebSite\",\"@id\":\"https:\\\/\\\/bbqentertainment.com\\\/#website\",\"url\":\"https:\\\/\\\/bbqentertainment.com\\\/\",\"name\":\"BBQ Entertainment\",\"description\":\"BBQ is a great lifestyle, not just fun!\",\"publisher\":{\"@id\":\"https:\\\/\\\/bbqentertainment.com\\\/#organization\"},\"potentialAction\":[{\"@type\":\"SearchAction\",\"target\":{\"@type\":\"EntryPoint\",\"urlTemplate\":\"https:\\\/\\\/bbqentertainment.com\\\/?s={search_term_string}\"},\"query-input\":{\"@type\":\"PropertyValueSpecification\",\"valueRequired\":true,\"valueName\":\"search_term_string\"}}],\"inLanguage\":\"en-US\"},{\"@type\":\"Organization\",\"@id\":\"https:\\\/\\\/bbqentertainment.com\\\/#organization\",\"name\":\"BBQ Entertainment O\u00dc\",\"url\":\"https:\\\/\\\/bbqentertainment.com\\\/\",\"logo\":{\"@type\":\"ImageObject\",\"inLanguage\":\"en-US\",\"@id\":\"https:\\\/\\\/bbqentertainment.com\\\/#\\\/schema\\\/logo\\\/image\\\/\",\"url\":\"https:\\\/\\\/bbqentertainment.com\\\/wp-content\\\/uploads\\\/2020\\\/04\\\/BBQ-Entertainment-N-Catering-Enn-Tobreluts-Logo.png\",\"contentUrl\":\"https:\\\/\\\/bbqentertainment.com\\\/wp-content\\\/uploads\\\/2020\\\/04\\\/BBQ-Entertainment-N-Catering-Enn-Tobreluts-Logo.png\",\"width\":628,\"height\":266,\"caption\":\"BBQ Entertainment O\u00dc\"},\"image\":{\"@id\":\"https:\\\/\\\/bbqentertainment.com\\\/#\\\/schema\\\/logo\\\/image\\\/\"},\"sameAs\":[\"https:\\\/\\\/www.facebook.com\\\/BBQ-Entertainment-N-Catering-2437913376443540\",\"https:\\\/\\\/www.instagram.com\\\/bbqentertainmentncatering\\\/\",\"https:\\\/\\\/www.youtube.com\\\/channel\\\/UCmpuANQVhLy2Md8nrenp2jA\"]}]}<\/script>\n<!-- \/ Yoast SEO plugin. -->","yoast_head_json":{"title":"JUNIMPERIUM Artisan Cocktail Negroni 500 ml - BBQ Entertainment","robots":{"index":"index","follow":"follow","max-snippet":"max-snippet:-1","max-image-preview":"max-image-preview:large","max-video-preview":"max-video-preview:-1"},"canonical":"https:\/\/bbqentertainment.com\/toode\/junimperium-negroni-200ml\/","og_locale":"en_US","og_type":"article","og_title":"JUNIMPERIUM Artisan Cocktail Negroni 500 ml - BBQ Entertainment","og_description":"JUNIMPERIUM Artisan Cocktail Negroni 500 ml   Alkoholisisaldus: 29%  P\u00e4ritolumaa: Eesti  Junimperium Distillery originaalse baariretsepti j\u00e4rgi loodud m\u00f5nusalt kadakase noodiga Itaalia klassikaline kokteil NEGRONI, mis sisaldab JUNIMPERIUM BLENDED DRY D\u017dINNI, k\u00f5rgekvaliteetset Itaalia vermutit, aromaatset bitterit ja salajast kadaka-apelsinikoore tinktuuri.  Neid erakordseid maitseid naudi puhtalt j\u00e4\u00e4ga, kaunista apelsinikoore v\u00f5i v\u00e4rske apelsiniviiluga.","og_url":"https:\/\/bbqentertainment.com\/toode\/junimperium-negroni-200ml\/","og_site_name":"BBQ Entertainment","article_publisher":"https:\/\/www.facebook.com\/BBQ-Entertainment-N-Catering-2437913376443540","article_modified_time":"2025-09-04T06:26:46+00:00","og_image":[{"width":1054,"height":1232,"url":"https:\/\/bbqentertainment.com\/wp-content\/uploads\/2020\/10\/BBQ-Entertainment-OU-JUNIMPERIUM-Artisan-Cocktail-Negroni-200-ml-1.png","type":"image\/png"}],"twitter_card":"summary_large_image","twitter_misc":{"Est. reading time":"1 minute"},"schema":{"@context":"https:\/\/schema.org","@graph":[{"@type":["WebPage","ItemPage"],"@id":"https:\/\/bbqentertainment.com\/toode\/junimperium-negroni-200ml\/","url":"https:\/\/bbqentertainment.com\/toode\/junimperium-negroni-200ml\/","name":"JUNIMPERIUM Artisan Cocktail Negroni 500 ml - BBQ Entertainment","isPartOf":{"@id":"https:\/\/bbqentertainment.com\/#website"},"primaryImageOfPage":{"@id":"https:\/\/bbqentertainment.com\/toode\/junimperium-negroni-200ml\/#primaryimage"},"image":{"@id":"https:\/\/bbqentertainment.com\/toode\/junimperium-negroni-200ml\/#primaryimage"},"thumbnailUrl":"https:\/\/bbqentertainment.com\/wp-content\/uploads\/2020\/10\/BBQ-Entertainment-OU-JUNIMPERIUM-Artisan-Cocktail-Negroni-200-ml-1.png","datePublished":"2020-10-29T12:56:45+00:00","dateModified":"2025-09-04T06:26:46+00:00","breadcrumb":{"@id":"https:\/\/bbqentertainment.com\/toode\/junimperium-negroni-200ml\/#breadcrumb"},"inLanguage":"en-US","potentialAction":[{"@type":"ReadAction","target":["https:\/\/bbqentertainment.com\/toode\/junimperium-negroni-200ml\/"]}]},{"@type":"ImageObject","inLanguage":"en-US","@id":"https:\/\/bbqentertainment.com\/toode\/junimperium-negroni-200ml\/#primaryimage","url":"https:\/\/bbqentertainment.com\/wp-content\/uploads\/2020\/10\/BBQ-Entertainment-OU-JUNIMPERIUM-Artisan-Cocktail-Negroni-200-ml-1.png","contentUrl":"https:\/\/bbqentertainment.com\/wp-content\/uploads\/2020\/10\/BBQ-Entertainment-OU-JUNIMPERIUM-Artisan-Cocktail-Negroni-200-ml-1.png","width":1054,"height":1232},{"@type":"BreadcrumbList","@id":"https:\/\/bbqentertainment.com\/toode\/junimperium-negroni-200ml\/#breadcrumb","itemListElement":[{"@type":"ListItem","position":1,"name":"AVALEHT","item":"https:\/\/bbqentertainment.com\/en\/"},{"@type":"ListItem","position":2,"name":"Tooted","item":"https:\/\/bbqentertainment.com\/tooted\/"},{"@type":"ListItem","position":3,"name":"Joogid","item":"https:\/\/bbqentertainment.com\/tootekategooria\/joogid\/"},{"@type":"ListItem","position":4,"name":"D\u017dINNID","item":"https:\/\/bbqentertainment.com\/tootekategooria\/joogid\/dzinnid\/"},{"@type":"ListItem","position":5,"name":"Junimperium","item":"https:\/\/bbqentertainment.com\/tootekategooria\/joogid\/dzinnid\/junimperium\/"},{"@type":"ListItem","position":6,"name":"JUNIMPERIUM Artisan Cocktail Negroni 500 ml"}]},{"@type":"WebSite","@id":"https:\/\/bbqentertainment.com\/#website","url":"https:\/\/bbqentertainment.com\/","name":"BBQ Entertainment","description":"BBQ is a great lifestyle, not just fun!","publisher":{"@id":"https:\/\/bbqentertainment.com\/#organization"},"potentialAction":[{"@type":"SearchAction","target":{"@type":"EntryPoint","urlTemplate":"https:\/\/bbqentertainment.com\/?s={search_term_string}"},"query-input":{"@type":"PropertyValueSpecification","valueRequired":true,"valueName":"search_term_string"}}],"inLanguage":"en-US"},{"@type":"Organization","@id":"https:\/\/bbqentertainment.com\/#organization","name":"BBQ Entertainment O\u00dc","url":"https:\/\/bbqentertainment.com\/","logo":{"@type":"ImageObject","inLanguage":"en-US","@id":"https:\/\/bbqentertainment.com\/#\/schema\/logo\/image\/","url":"https:\/\/bbqentertainment.com\/wp-content\/uploads\/2020\/04\/BBQ-Entertainment-N-Catering-Enn-Tobreluts-Logo.png","contentUrl":"https:\/\/bbqentertainment.com\/wp-content\/uploads\/2020\/04\/BBQ-Entertainment-N-Catering-Enn-Tobreluts-Logo.png","width":628,"height":266,"caption":"BBQ Entertainment O\u00dc"},"image":{"@id":"https:\/\/bbqentertainment.com\/#\/schema\/logo\/image\/"},"sameAs":["https:\/\/www.facebook.com\/BBQ-Entertainment-N-Catering-2437913376443540","https:\/\/www.instagram.com\/bbqentertainmentncatering\/","https:\/\/www.youtube.com\/channel\/UCmpuANQVhLy2Md8nrenp2jA"]}]}},"_links":{"self":[{"href":"https:\/\/bbqentertainment.com\/en\/wp-json\/wp\/v2\/product\/11953","targetHints":{"allow":["GET"]}}],"collection":[{"href":"https:\/\/bbqentertainment.com\/en\/wp-json\/wp\/v2\/product"}],"about":[{"href":"https:\/\/bbqentertainment.com\/en\/wp-json\/wp\/v2\/types\/product"}],"wp:featuredmedia":[{"embeddable":true,"href":"https:\/\/bbqentertainment.com\/en\/wp-json\/wp\/v2\/media\/11958"}],"wp:attachment":[{"href":"https:\/\/bbqentertainment.com\/en\/wp-json\/wp\/v2\/media?parent=11953"}],"wp:term":[{"taxonomy":"product_brand","embeddable":true,"href":"https:\/\/bbqentertainment.com\/en\/wp-json\/wp\/v2\/product_brand?post=11953"},{"taxonomy":"product_cat","embeddable":true,"href":"https:\/\/bbqentertainment.com\/en\/wp-json\/wp\/v2\/product_cat?post=11953"},{"taxonomy":"product_tag","embeddable":true,"href":"https:\/\/bbqentertainment.com\/en\/wp-json\/wp\/v2\/product_tag?post=11953"}],"curies":[{"name":"wp","href":"https:\/\/api.w.org\/{rel}","templated":true}]}}