{"id":1239,"date":"2020-03-29T21:23:59","date_gmt":"2020-03-29T18:23:59","guid":{"rendered":"https:\/\/bbqentertainment.com\/?post_type=product&#038;p=1239"},"modified":"2026-03-24T17:12:46","modified_gmt":"2026-03-24T15:12:46","slug":"thermapen-one","status":"publish","type":"product","link":"https:\/\/bbqentertainment.com\/en\/toode\/thermapen-one\/","title":{"rendered":"Liha-sisetermomeeter ETI THERMAPEN\u00ae ONE"},"content":{"rendered":"","protected":false},"excerpt":{"rendered":"<h3><span style=\"color: #282828;\"><strong>Liha-sisetermomeeter ETI THERMAPEN\u00ae ONE<\/strong><\/span><\/h3>\n<ul>\n<li><span style=\"color: #282828;\">M\u00f5\u00f5dab temperatuuri 1 sekundiga<\/span><\/li>\n<li><span style=\"color: #282828;\">Veekindel<\/span><\/li>\n<li><span style=\"color: #282828;\">Pimedas helendav<\/span><\/li>\n<li><span style=\"color: #282828;\">Automaatselt 360\u00b0 p\u00f6\u00f6rleva ekraaniga<\/span><\/li>\n<li><span style=\"color: #282828;\">Turvaliselt kokku klapitav<\/span><\/li>\n<li><span style=\"color: #282828;\">Kokkupandav roostevaba terasest m\u00f5\u00f5tevarras<\/span><\/li>\n<li><span style=\"color: #282828;\">Patarei t\u00f6\u00f6aeg 2000 tundi (patarei\u00a01.5 volt AAA)<\/span><\/li>\n<li><span style=\"color: #282828;\">Kuvar on seadistatav \u00b0C v\u00f5i \u00b0F<\/span><\/li>\n<li><span style=\"color: #282828;\">Skaala -49.9\u00b0C kuni 299.9\u00b0C, sh t\u00e4psus kuni\u00a0\u00b10.3\u00b0C (-19.9 kuni 119.9 \u00b0C) ja \u00b10.4\u00b0C (-49.9 kuni 199.9 \u00b0C), muul juhul \u00b11 \u00b0C<br \/>\n<\/span><\/li>\n<li><span style=\"color: #282828;\">T\u00e4iustatud 5-aastane garantii ja tasuta kaasas kalibreerimissertifikaat<\/span><\/li>\n<li><span style=\"color: #282828;\">Toodetud k\u00e4sit\u00f6\u00f6na Inglismaal<\/span><\/li>\n<li><a href=\"https:\/\/bbqentertainment.com\/wp-content\/uploads\/2025\/08\/Thermapen_Guidebook.pdf\" target=\"_blank\" rel=\"noopener\">Kasutusjuhendi saab alla laadida siit<\/a><\/li>\n<\/ul>\n<p><span style=\"color: #282828;\">BBQ Entertainment O\u00dc on ETI termomeetrite eksklusiivne maaletooja Eestis alates aastast 2012.<\/span><\/p>\n<p><span style=\"color: #282828;\">Vaata ka ETI <span style=\"color: #0000ff;\"><a style=\"color: #0000ff;\" href=\"https:\/\/eti1.co.uk\/2021_catalogue\/ETI_Main%20Catalogue%202021_unpriced.pdf\" target=\"_blank\" rel=\"noopener\">cateringi ja t\u00f6\u00f6stuslike termomeetrite kataloogi<\/a><\/span> ja <span style=\"color: #0000ff;\"><a style=\"color: #0000ff;\" href=\"https:\/\/eti1.co.uk\/2021_catalogue\/sections\/unpriced\/CateringSectionMain_Unpriced.pdf\" target=\"_blank\" rel=\"noopener\">Thermapen\u2019ide kataloogi<\/a><\/span>.<\/span><\/p>\n<div><strong>Veekindel IP67<\/strong>. IP67 t\u00e4hendab, et Thermapen ei lase vett sisse \u00fcmbritseva \u00f5hutemperatuuri tingimustes. Samuti on see veekindel kui see kasta vee sisse v\u00e4lja l\u00fclitatuna. Kui aga avad Thermapeni (t\u00f5stad temperatuuri-varre lahti) ja kastad selle kuuma v\u00f5i k\u00fclma vette, siis tihend ei pea ning vesi p\u00e4\u00e4seb seadme sisse. See on IP-klassifikatsiooni puhul tavaline. Seega veekindlus on tagatud vihmase ilmaga jne. Kuid p\u00e4ris vannivette uputades see veekindlus enam ei toimi.<\/div>\n","protected":false},"featured_media":2266,"template":"","meta":{"inline_featured_image":false},"product_brand":[],"product_cat":[92,479,24],"product_tag":[],"class_list":{"0":"post-1239","1":"product","2":"type-product","3":"status-publish","4":"has-post-thumbnail","6":"product_cat-lisatarvikud","7":"product_cat-grillitarvikud","8":"product_cat-termomeetrid","10":"first","11":"instock","12":"sale","13":"taxable","14":"shipping-taxable","15":"purchasable","16":"product-type-variable"},"yoast_head":"<!-- This site is optimized with the Yoast SEO plugin v27.4 - https:\/\/yoast.com\/product\/yoast-seo-wordpress\/ -->\n<title>Liha-sisetermomeeter ETI THERMAPEN\u00ae ONE - BBQ Entertainment<\/title>\n<meta name=\"robots\" content=\"index, follow, max-snippet:-1, max-image-preview:large, max-video-preview:-1\" \/>\n<link rel=\"canonical\" href=\"https:\/\/bbqentertainment.com\/toode\/thermapen-one\/\" \/>\n<meta property=\"og:locale\" content=\"en_US\" \/>\n<meta property=\"og:type\" content=\"article\" \/>\n<meta property=\"og:title\" content=\"Liha-sisetermomeeter ETI THERMAPEN\u00ae ONE - BBQ Entertainment\" \/>\n<meta property=\"og:description\" content=\"Liha-sisetermomeeter ETI THERMAPEN\u00ae ONE   M\u00f5\u00f5dab temperatuuri 1 sekundiga  Veekindel  Pimedas helendav  Automaatselt 360\u00b0 p\u00f6\u00f6rleva ekraaniga  Turvaliselt kokku klapitav  Kokkupandav roostevaba terasest m\u00f5\u00f5tevarras  Patarei t\u00f6\u00f6aeg 2000 tundi (patarei\u00a01.5 volt AAA)  Kuvar on seadistatav \u00b0C v\u00f5i \u00b0F  Skaala -49.9\u00b0C kuni 299.9\u00b0C, sh t\u00e4psus kuni\u00a0\u00b10.3\u00b0C (-19.9 kuni 119.9 \u00b0C) ja \u00b10.4\u00b0C (-49.9 kuni 199.9 \u00b0C), muul juhul \u00b11 \u00b0C   T\u00e4iustatud 5-aastane garantii ja tasuta kaasas kalibreerimissertifikaat  Toodetud k\u00e4sit\u00f6\u00f6na Inglismaal  Kasutusjuhendi saab alla laadida siit  BBQ Entertainment O\u00dc on ETI termomeetrite eksklusiivne maaletooja Eestis alates aastast 2012.  Vaata ka ETI cateringi ja t\u00f6\u00f6stuslike termomeetrite kataloogi ja Thermapen\u2019ide kataloogi. Veekindel IP67. IP67 t\u00e4hendab, et Thermapen ei lase vett sisse \u00fcmbritseva \u00f5hutemperatuuri tingimustes. Samuti on see veekindel kui see kasta vee sisse v\u00e4lja l\u00fclitatuna. Kui aga avad Thermapeni (t\u00f5stad temperatuuri-varre lahti) ja kastad selle kuuma v\u00f5i k\u00fclma vette, siis tihend ei pea ning vesi p\u00e4\u00e4seb seadme sisse. See on IP-klassifikatsiooni puhul tavaline. Seega veekindlus on tagatud vihmase ilmaga jne. Kuid p\u00e4ris vannivette uputades see veekindlus enam ei toimi.\" \/>\n<meta property=\"og:url\" content=\"https:\/\/bbqentertainment.com\/toode\/thermapen-one\/\" \/>\n<meta property=\"og:site_name\" content=\"BBQ Entertainment\" \/>\n<meta property=\"article:publisher\" content=\"https:\/\/www.facebook.com\/BBQ-Entertainment-N-Catering-2437913376443540\" \/>\n<meta property=\"article:modified_time\" content=\"2026-03-24T15:12:46+00:00\" \/>\n<meta property=\"og:image\" content=\"https:\/\/bbqentertainment.com\/wp-content\/uploads\/2020\/04\/thermapen4-10-wheel-d.jpg\" \/>\n\t<meta property=\"og:image:width\" content=\"1200\" \/>\n\t<meta property=\"og:image:height\" content=\"1202\" \/>\n\t<meta property=\"og:image:type\" content=\"image\/jpeg\" \/>\n<meta name=\"twitter:card\" content=\"summary_large_image\" \/>\n<meta name=\"twitter:label1\" content=\"Est. reading time\" \/>\n\t<meta name=\"twitter:data1\" content=\"1 minute\" \/>\n<script type=\"application\/ld+json\" class=\"yoast-schema-graph\">{\"@context\":\"https:\\\/\\\/schema.org\",\"@graph\":[{\"@type\":[\"WebPage\",\"ItemPage\"],\"@id\":\"https:\\\/\\\/bbqentertainment.com\\\/toode\\\/thermapen-one\\\/\",\"url\":\"https:\\\/\\\/bbqentertainment.com\\\/toode\\\/thermapen-one\\\/\",\"name\":\"Liha-sisetermomeeter ETI THERMAPEN\u00ae ONE - BBQ Entertainment\",\"isPartOf\":{\"@id\":\"https:\\\/\\\/bbqentertainment.com\\\/#website\"},\"primaryImageOfPage\":{\"@id\":\"https:\\\/\\\/bbqentertainment.com\\\/toode\\\/thermapen-one\\\/#primaryimage\"},\"image\":{\"@id\":\"https:\\\/\\\/bbqentertainment.com\\\/toode\\\/thermapen-one\\\/#primaryimage\"},\"thumbnailUrl\":\"https:\\\/\\\/bbqentertainment.com\\\/wp-content\\\/uploads\\\/2020\\\/04\\\/thermapen4-10-wheel-d.jpg\",\"datePublished\":\"2020-03-29T18:23:59+00:00\",\"dateModified\":\"2026-03-24T15:12:46+00:00\",\"breadcrumb\":{\"@id\":\"https:\\\/\\\/bbqentertainment.com\\\/toode\\\/thermapen-one\\\/#breadcrumb\"},\"inLanguage\":\"en-US\",\"potentialAction\":[{\"@type\":\"ReadAction\",\"target\":[\"https:\\\/\\\/bbqentertainment.com\\\/toode\\\/thermapen-one\\\/\"]}]},{\"@type\":\"ImageObject\",\"inLanguage\":\"en-US\",\"@id\":\"https:\\\/\\\/bbqentertainment.com\\\/toode\\\/thermapen-one\\\/#primaryimage\",\"url\":\"https:\\\/\\\/bbqentertainment.com\\\/wp-content\\\/uploads\\\/2020\\\/04\\\/thermapen4-10-wheel-d.jpg\",\"contentUrl\":\"https:\\\/\\\/bbqentertainment.com\\\/wp-content\\\/uploads\\\/2020\\\/04\\\/thermapen4-10-wheel-d.jpg\",\"width\":1200,\"height\":1202},{\"@type\":\"BreadcrumbList\",\"@id\":\"https:\\\/\\\/bbqentertainment.com\\\/toode\\\/thermapen-one\\\/#breadcrumb\",\"itemListElement\":[{\"@type\":\"ListItem\",\"position\":1,\"name\":\"AVALEHT\",\"item\":\"https:\\\/\\\/bbqentertainment.com\\\/en\\\/\"},{\"@type\":\"ListItem\",\"position\":2,\"name\":\"Tooted\",\"item\":\"https:\\\/\\\/bbqentertainment.com\\\/tooted\\\/\"},{\"@type\":\"ListItem\",\"position\":3,\"name\":\"Lisatarvikud\",\"item\":\"https:\\\/\\\/bbqentertainment.com\\\/tootekategooria\\\/lisatarvikud\\\/\"},{\"@type\":\"ListItem\",\"position\":4,\"name\":\"Termomeetrid\",\"item\":\"https:\\\/\\\/bbqentertainment.com\\\/tootekategooria\\\/lisatarvikud\\\/termomeetrid\\\/\"},{\"@type\":\"ListItem\",\"position\":5,\"name\":\"Liha-sisetermomeeter ETI THERMAPEN\u00ae ONE\"}]},{\"@type\":\"WebSite\",\"@id\":\"https:\\\/\\\/bbqentertainment.com\\\/#website\",\"url\":\"https:\\\/\\\/bbqentertainment.com\\\/\",\"name\":\"BBQ Entertainment\",\"description\":\"BBQ is a great lifestyle, not just fun!\",\"publisher\":{\"@id\":\"https:\\\/\\\/bbqentertainment.com\\\/#organization\"},\"potentialAction\":[{\"@type\":\"SearchAction\",\"target\":{\"@type\":\"EntryPoint\",\"urlTemplate\":\"https:\\\/\\\/bbqentertainment.com\\\/?s={search_term_string}\"},\"query-input\":{\"@type\":\"PropertyValueSpecification\",\"valueRequired\":true,\"valueName\":\"search_term_string\"}}],\"inLanguage\":\"en-US\"},{\"@type\":\"Organization\",\"@id\":\"https:\\\/\\\/bbqentertainment.com\\\/#organization\",\"name\":\"BBQ Entertainment O\u00dc\",\"url\":\"https:\\\/\\\/bbqentertainment.com\\\/\",\"logo\":{\"@type\":\"ImageObject\",\"inLanguage\":\"en-US\",\"@id\":\"https:\\\/\\\/bbqentertainment.com\\\/#\\\/schema\\\/logo\\\/image\\\/\",\"url\":\"https:\\\/\\\/bbqentertainment.com\\\/wp-content\\\/uploads\\\/2020\\\/04\\\/BBQ-Entertainment-N-Catering-Enn-Tobreluts-Logo.png\",\"contentUrl\":\"https:\\\/\\\/bbqentertainment.com\\\/wp-content\\\/uploads\\\/2020\\\/04\\\/BBQ-Entertainment-N-Catering-Enn-Tobreluts-Logo.png\",\"width\":628,\"height\":266,\"caption\":\"BBQ Entertainment O\u00dc\"},\"image\":{\"@id\":\"https:\\\/\\\/bbqentertainment.com\\\/#\\\/schema\\\/logo\\\/image\\\/\"},\"sameAs\":[\"https:\\\/\\\/www.facebook.com\\\/BBQ-Entertainment-N-Catering-2437913376443540\",\"https:\\\/\\\/www.instagram.com\\\/bbqentertainmentncatering\\\/\",\"https:\\\/\\\/www.youtube.com\\\/channel\\\/UCmpuANQVhLy2Md8nrenp2jA\"]}]}<\/script>\n<!-- \/ Yoast SEO plugin. -->","yoast_head_json":{"title":"Liha-sisetermomeeter ETI THERMAPEN\u00ae ONE - BBQ Entertainment","robots":{"index":"index","follow":"follow","max-snippet":"max-snippet:-1","max-image-preview":"max-image-preview:large","max-video-preview":"max-video-preview:-1"},"canonical":"https:\/\/bbqentertainment.com\/toode\/thermapen-one\/","og_locale":"en_US","og_type":"article","og_title":"Liha-sisetermomeeter ETI THERMAPEN\u00ae ONE - BBQ Entertainment","og_description":"Liha-sisetermomeeter ETI THERMAPEN\u00ae ONE   M\u00f5\u00f5dab temperatuuri 1 sekundiga  Veekindel  Pimedas helendav  Automaatselt 360\u00b0 p\u00f6\u00f6rleva ekraaniga  Turvaliselt kokku klapitav  Kokkupandav roostevaba terasest m\u00f5\u00f5tevarras  Patarei t\u00f6\u00f6aeg 2000 tundi (patarei\u00a01.5 volt AAA)  Kuvar on seadistatav \u00b0C v\u00f5i \u00b0F  Skaala -49.9\u00b0C kuni 299.9\u00b0C, sh t\u00e4psus kuni\u00a0\u00b10.3\u00b0C (-19.9 kuni 119.9 \u00b0C) ja \u00b10.4\u00b0C (-49.9 kuni 199.9 \u00b0C), muul juhul \u00b11 \u00b0C   T\u00e4iustatud 5-aastane garantii ja tasuta kaasas kalibreerimissertifikaat  Toodetud k\u00e4sit\u00f6\u00f6na Inglismaal  Kasutusjuhendi saab alla laadida siit  BBQ Entertainment O\u00dc on ETI termomeetrite eksklusiivne maaletooja Eestis alates aastast 2012.  Vaata ka ETI cateringi ja t\u00f6\u00f6stuslike termomeetrite kataloogi ja Thermapen\u2019ide kataloogi. Veekindel IP67. IP67 t\u00e4hendab, et Thermapen ei lase vett sisse \u00fcmbritseva \u00f5hutemperatuuri tingimustes. Samuti on see veekindel kui see kasta vee sisse v\u00e4lja l\u00fclitatuna. Kui aga avad Thermapeni (t\u00f5stad temperatuuri-varre lahti) ja kastad selle kuuma v\u00f5i k\u00fclma vette, siis tihend ei pea ning vesi p\u00e4\u00e4seb seadme sisse. See on IP-klassifikatsiooni puhul tavaline. Seega veekindlus on tagatud vihmase ilmaga jne. Kuid p\u00e4ris vannivette uputades see veekindlus enam ei toimi.","og_url":"https:\/\/bbqentertainment.com\/toode\/thermapen-one\/","og_site_name":"BBQ Entertainment","article_publisher":"https:\/\/www.facebook.com\/BBQ-Entertainment-N-Catering-2437913376443540","article_modified_time":"2026-03-24T15:12:46+00:00","og_image":[{"width":1200,"height":1202,"url":"https:\/\/bbqentertainment.com\/wp-content\/uploads\/2020\/04\/thermapen4-10-wheel-d.jpg","type":"image\/jpeg"}],"twitter_card":"summary_large_image","twitter_misc":{"Est. reading time":"1 minute"},"schema":{"@context":"https:\/\/schema.org","@graph":[{"@type":["WebPage","ItemPage"],"@id":"https:\/\/bbqentertainment.com\/toode\/thermapen-one\/","url":"https:\/\/bbqentertainment.com\/toode\/thermapen-one\/","name":"Liha-sisetermomeeter ETI THERMAPEN\u00ae ONE - BBQ Entertainment","isPartOf":{"@id":"https:\/\/bbqentertainment.com\/#website"},"primaryImageOfPage":{"@id":"https:\/\/bbqentertainment.com\/toode\/thermapen-one\/#primaryimage"},"image":{"@id":"https:\/\/bbqentertainment.com\/toode\/thermapen-one\/#primaryimage"},"thumbnailUrl":"https:\/\/bbqentertainment.com\/wp-content\/uploads\/2020\/04\/thermapen4-10-wheel-d.jpg","datePublished":"2020-03-29T18:23:59+00:00","dateModified":"2026-03-24T15:12:46+00:00","breadcrumb":{"@id":"https:\/\/bbqentertainment.com\/toode\/thermapen-one\/#breadcrumb"},"inLanguage":"en-US","potentialAction":[{"@type":"ReadAction","target":["https:\/\/bbqentertainment.com\/toode\/thermapen-one\/"]}]},{"@type":"ImageObject","inLanguage":"en-US","@id":"https:\/\/bbqentertainment.com\/toode\/thermapen-one\/#primaryimage","url":"https:\/\/bbqentertainment.com\/wp-content\/uploads\/2020\/04\/thermapen4-10-wheel-d.jpg","contentUrl":"https:\/\/bbqentertainment.com\/wp-content\/uploads\/2020\/04\/thermapen4-10-wheel-d.jpg","width":1200,"height":1202},{"@type":"BreadcrumbList","@id":"https:\/\/bbqentertainment.com\/toode\/thermapen-one\/#breadcrumb","itemListElement":[{"@type":"ListItem","position":1,"name":"AVALEHT","item":"https:\/\/bbqentertainment.com\/en\/"},{"@type":"ListItem","position":2,"name":"Tooted","item":"https:\/\/bbqentertainment.com\/tooted\/"},{"@type":"ListItem","position":3,"name":"Lisatarvikud","item":"https:\/\/bbqentertainment.com\/tootekategooria\/lisatarvikud\/"},{"@type":"ListItem","position":4,"name":"Termomeetrid","item":"https:\/\/bbqentertainment.com\/tootekategooria\/lisatarvikud\/termomeetrid\/"},{"@type":"ListItem","position":5,"name":"Liha-sisetermomeeter ETI THERMAPEN\u00ae ONE"}]},{"@type":"WebSite","@id":"https:\/\/bbqentertainment.com\/#website","url":"https:\/\/bbqentertainment.com\/","name":"BBQ Entertainment","description":"BBQ is a great lifestyle, not just fun!","publisher":{"@id":"https:\/\/bbqentertainment.com\/#organization"},"potentialAction":[{"@type":"SearchAction","target":{"@type":"EntryPoint","urlTemplate":"https:\/\/bbqentertainment.com\/?s={search_term_string}"},"query-input":{"@type":"PropertyValueSpecification","valueRequired":true,"valueName":"search_term_string"}}],"inLanguage":"en-US"},{"@type":"Organization","@id":"https:\/\/bbqentertainment.com\/#organization","name":"BBQ Entertainment O\u00dc","url":"https:\/\/bbqentertainment.com\/","logo":{"@type":"ImageObject","inLanguage":"en-US","@id":"https:\/\/bbqentertainment.com\/#\/schema\/logo\/image\/","url":"https:\/\/bbqentertainment.com\/wp-content\/uploads\/2020\/04\/BBQ-Entertainment-N-Catering-Enn-Tobreluts-Logo.png","contentUrl":"https:\/\/bbqentertainment.com\/wp-content\/uploads\/2020\/04\/BBQ-Entertainment-N-Catering-Enn-Tobreluts-Logo.png","width":628,"height":266,"caption":"BBQ Entertainment O\u00dc"},"image":{"@id":"https:\/\/bbqentertainment.com\/#\/schema\/logo\/image\/"},"sameAs":["https:\/\/www.facebook.com\/BBQ-Entertainment-N-Catering-2437913376443540","https:\/\/www.instagram.com\/bbqentertainmentncatering\/","https:\/\/www.youtube.com\/channel\/UCmpuANQVhLy2Md8nrenp2jA"]}]}},"_links":{"self":[{"href":"https:\/\/bbqentertainment.com\/en\/wp-json\/wp\/v2\/product\/1239","targetHints":{"allow":["GET"]}}],"collection":[{"href":"https:\/\/bbqentertainment.com\/en\/wp-json\/wp\/v2\/product"}],"about":[{"href":"https:\/\/bbqentertainment.com\/en\/wp-json\/wp\/v2\/types\/product"}],"wp:featuredmedia":[{"embeddable":true,"href":"https:\/\/bbqentertainment.com\/en\/wp-json\/wp\/v2\/media\/2266"}],"wp:attachment":[{"href":"https:\/\/bbqentertainment.com\/en\/wp-json\/wp\/v2\/media?parent=1239"}],"wp:term":[{"taxonomy":"product_brand","embeddable":true,"href":"https:\/\/bbqentertainment.com\/en\/wp-json\/wp\/v2\/product_brand?post=1239"},{"taxonomy":"product_cat","embeddable":true,"href":"https:\/\/bbqentertainment.com\/en\/wp-json\/wp\/v2\/product_cat?post=1239"},{"taxonomy":"product_tag","embeddable":true,"href":"https:\/\/bbqentertainment.com\/en\/wp-json\/wp\/v2\/product_tag?post=1239"}],"curies":[{"name":"wp","href":"https:\/\/api.w.org\/{rel}","templated":true}]}}