{"id":12780,"date":"2020-11-06T22:12:08","date_gmt":"2020-11-06T20:12:08","guid":{"rendered":"https:\/\/bbqentertainment.com\/?post_type=product&#038;p=12780"},"modified":"2025-07-25T13:45:46","modified_gmt":"2025-07-25T10:45:46","slug":"ontanon-reserva-rioja-2010","status":"publish","type":"product","link":"https:\/\/bbqentertainment.com\/en\/toode\/ontanon-reserva-rioja-2010\/","title":{"rendered":"Punane vein &#8211; ONTA\u0143ON Reserva Rioja 2010 (Hispaania) 750 ml"},"content":{"rendered":"<p>BBQ Entertainment O\u00dc on ONTA\u0143ON Reserva eksklusiivne edasim\u00fc\u00fcja Eestis!<\/p>\n","protected":false},"excerpt":{"rendered":"<h3><strong>Punane vein &#8211; ONTA\u0143ON Reserva Rioja 2010 (Hispaania) 75 cl<\/strong><\/h3>\n<ul>\n<li>V\u00e4rvus: punane<\/li>\n<li>Alkoholisisaldus 14%<\/li>\n<li>Viinamari: 95% Tempranillo, 5% Graciano<\/li>\n<li>Piirkond: Hispaania, Rioja Baja (Oriental)<\/li>\n<li>Tootja Bodegas Onta\u00f1on on pika ja v\u00e4\u00e4rika ajalooga 250 ha katvate viinaaedadega veinim\u00f5is, mis kuulub juba viiendat p\u00f5lve\u00a0Perez Cuevas\u2019e perele. Tegemist on \u00fche k\u00f5ige k\u00f5rgemalt hinnatud veinimajaga Rioja piirkonnas. Veinimeistriks on\u00a0perepoeg Rub\u00e9n perez Cuevas, kelle veinide stiil on j\u00e4\u00e4nud truuks esiisade traditsioonidele ja esindab \u00fcha\u00a0haruldasemaks j\u00e4\u00e4vat \u201evana stiili\u201c pika arengupotentsiaaliga v\u00e4\u00e4rikate Rioja veinide klassi.<\/li>\n<\/ul>\n","protected":false},"featured_media":12770,"template":"","meta":{"inline_featured_image":false},"product_brand":[],"product_cat":[206,386,401],"product_tag":[],"class_list":{"0":"post-12780","1":"product","2":"type-product","3":"status-publish","4":"has-post-thumbnail","6":"product_cat-veinid","7":"product_cat-punane-vein","8":"product_cat-hispaania","9":"product_shipping_class-tulen-ise-jarele","11":"first","12":"instock","13":"taxable","14":"shipping-taxable","15":"purchasable","16":"product-type-simple"},"yoast_head":"<!-- This site is optimized with the Yoast SEO plugin v27.4 - https:\/\/yoast.com\/product\/yoast-seo-wordpress\/ -->\n<title>Punane vein - ONTA\u0143ON Reserva Rioja 2010 (Hispaania) 750 ml - BBQ Entertainment<\/title>\n<meta name=\"robots\" content=\"index, follow, max-snippet:-1, max-image-preview:large, max-video-preview:-1\" \/>\n<link rel=\"canonical\" href=\"https:\/\/bbqentertainment.com\/toode\/ontanon-reserva-rioja-2010\/\" \/>\n<meta property=\"og:locale\" content=\"en_US\" \/>\n<meta property=\"og:type\" content=\"article\" \/>\n<meta property=\"og:title\" content=\"Punane vein - ONTA\u0143ON Reserva Rioja 2010 (Hispaania) 750 ml - BBQ Entertainment\" \/>\n<meta property=\"og:description\" content=\"Punane vein &#8211; ONTA\u0143ON Reserva Rioja 2010 (Hispaania) 75 cl V\u00e4rvus: punane Alkoholisisaldus 14% Viinamari: 95% Tempranillo, 5% Graciano Piirkond: Hispaania, Rioja Baja (Oriental) Tootja Bodegas Onta\u00f1on on pika ja v\u00e4\u00e4rika ajalooga 250 ha katvate viinaaedadega veinim\u00f5is, mis kuulub juba viiendat p\u00f5lve\u00a0Perez Cuevas\u2019e perele. Tegemist on \u00fche k\u00f5ige k\u00f5rgemalt hinnatud veinimajaga Rioja piirkonnas. Veinimeistriks on\u00a0perepoeg Rub\u00e9n perez Cuevas, kelle veinide stiil on j\u00e4\u00e4nud truuks esiisade traditsioonidele ja esindab \u00fcha\u00a0haruldasemaks j\u00e4\u00e4vat \u201evana stiili\u201c pika arengupotentsiaaliga v\u00e4\u00e4rikate Rioja veinide klassi.\" \/>\n<meta property=\"og:url\" content=\"https:\/\/bbqentertainment.com\/toode\/ontanon-reserva-rioja-2010\/\" \/>\n<meta property=\"og:site_name\" content=\"BBQ Entertainment\" \/>\n<meta property=\"article:publisher\" content=\"https:\/\/www.facebook.com\/BBQ-Entertainment-N-Catering-2437913376443540\" \/>\n<meta property=\"article:modified_time\" content=\"2025-07-25T10:45:46+00:00\" \/>\n<meta property=\"og:image\" content=\"https:\/\/bbqentertainment.com\/wp-content\/uploads\/2020\/11\/PUNANE-VEIN-ONTANON-Reserva-Rioja-2010-Hispaania-14-75-cl-.png\" \/>\n\t<meta property=\"og:image:width\" content=\"1622\" \/>\n\t<meta property=\"og:image:height\" content=\"1590\" \/>\n\t<meta property=\"og:image:type\" content=\"image\/png\" \/>\n<meta name=\"twitter:card\" content=\"summary_large_image\" \/>\n<script type=\"application\/ld+json\" class=\"yoast-schema-graph\">{\"@context\":\"https:\\\/\\\/schema.org\",\"@graph\":[{\"@type\":[\"WebPage\",\"ItemPage\"],\"@id\":\"https:\\\/\\\/bbqentertainment.com\\\/toode\\\/ontanon-reserva-rioja-2010\\\/\",\"url\":\"https:\\\/\\\/bbqentertainment.com\\\/toode\\\/ontanon-reserva-rioja-2010\\\/\",\"name\":\"Punane vein - ONTA\u0143ON Reserva Rioja 2010 (Hispaania) 750 ml - BBQ Entertainment\",\"isPartOf\":{\"@id\":\"https:\\\/\\\/bbqentertainment.com\\\/#website\"},\"primaryImageOfPage\":{\"@id\":\"https:\\\/\\\/bbqentertainment.com\\\/toode\\\/ontanon-reserva-rioja-2010\\\/#primaryimage\"},\"image\":{\"@id\":\"https:\\\/\\\/bbqentertainment.com\\\/toode\\\/ontanon-reserva-rioja-2010\\\/#primaryimage\"},\"thumbnailUrl\":\"https:\\\/\\\/bbqentertainment.com\\\/wp-content\\\/uploads\\\/2020\\\/11\\\/PUNANE-VEIN-ONTANON-Reserva-Rioja-2010-Hispaania-14-75-cl-.png\",\"datePublished\":\"2020-11-06T20:12:08+00:00\",\"dateModified\":\"2025-07-25T10:45:46+00:00\",\"breadcrumb\":{\"@id\":\"https:\\\/\\\/bbqentertainment.com\\\/toode\\\/ontanon-reserva-rioja-2010\\\/#breadcrumb\"},\"inLanguage\":\"en-US\",\"potentialAction\":[{\"@type\":\"ReadAction\",\"target\":[\"https:\\\/\\\/bbqentertainment.com\\\/toode\\\/ontanon-reserva-rioja-2010\\\/\"]}]},{\"@type\":\"ImageObject\",\"inLanguage\":\"en-US\",\"@id\":\"https:\\\/\\\/bbqentertainment.com\\\/toode\\\/ontanon-reserva-rioja-2010\\\/#primaryimage\",\"url\":\"https:\\\/\\\/bbqentertainment.com\\\/wp-content\\\/uploads\\\/2020\\\/11\\\/PUNANE-VEIN-ONTANON-Reserva-Rioja-2010-Hispaania-14-75-cl-.png\",\"contentUrl\":\"https:\\\/\\\/bbqentertainment.com\\\/wp-content\\\/uploads\\\/2020\\\/11\\\/PUNANE-VEIN-ONTANON-Reserva-Rioja-2010-Hispaania-14-75-cl-.png\",\"width\":1622,\"height\":1590},{\"@type\":\"BreadcrumbList\",\"@id\":\"https:\\\/\\\/bbqentertainment.com\\\/toode\\\/ontanon-reserva-rioja-2010\\\/#breadcrumb\",\"itemListElement\":[{\"@type\":\"ListItem\",\"position\":1,\"name\":\"AVALEHT\",\"item\":\"https:\\\/\\\/bbqentertainment.com\\\/en\\\/\"},{\"@type\":\"ListItem\",\"position\":2,\"name\":\"Tooted\",\"item\":\"https:\\\/\\\/bbqentertainment.com\\\/tooted\\\/\"},{\"@type\":\"ListItem\",\"position\":3,\"name\":\"Joogid\",\"item\":\"https:\\\/\\\/bbqentertainment.com\\\/tootekategooria\\\/joogid\\\/\"},{\"@type\":\"ListItem\",\"position\":4,\"name\":\"Veinid\",\"item\":\"https:\\\/\\\/bbqentertainment.com\\\/tootekategooria\\\/joogid\\\/veinid\\\/\"},{\"@type\":\"ListItem\",\"position\":5,\"name\":\"Punane vein\",\"item\":\"https:\\\/\\\/bbqentertainment.com\\\/tootekategooria\\\/joogid\\\/veinid\\\/punane-vein\\\/\"},{\"@type\":\"ListItem\",\"position\":6,\"name\":\"Punane vein &#8211; ONTA\u0143ON Reserva Rioja 2010 (Hispaania) 750 ml\"}]},{\"@type\":\"WebSite\",\"@id\":\"https:\\\/\\\/bbqentertainment.com\\\/#website\",\"url\":\"https:\\\/\\\/bbqentertainment.com\\\/\",\"name\":\"BBQ Entertainment\",\"description\":\"BBQ is a great lifestyle, not just fun!\",\"publisher\":{\"@id\":\"https:\\\/\\\/bbqentertainment.com\\\/#organization\"},\"potentialAction\":[{\"@type\":\"SearchAction\",\"target\":{\"@type\":\"EntryPoint\",\"urlTemplate\":\"https:\\\/\\\/bbqentertainment.com\\\/?s={search_term_string}\"},\"query-input\":{\"@type\":\"PropertyValueSpecification\",\"valueRequired\":true,\"valueName\":\"search_term_string\"}}],\"inLanguage\":\"en-US\"},{\"@type\":\"Organization\",\"@id\":\"https:\\\/\\\/bbqentertainment.com\\\/#organization\",\"name\":\"BBQ Entertainment O\u00dc\",\"url\":\"https:\\\/\\\/bbqentertainment.com\\\/\",\"logo\":{\"@type\":\"ImageObject\",\"inLanguage\":\"en-US\",\"@id\":\"https:\\\/\\\/bbqentertainment.com\\\/#\\\/schema\\\/logo\\\/image\\\/\",\"url\":\"https:\\\/\\\/bbqentertainment.com\\\/wp-content\\\/uploads\\\/2020\\\/04\\\/BBQ-Entertainment-N-Catering-Enn-Tobreluts-Logo.png\",\"contentUrl\":\"https:\\\/\\\/bbqentertainment.com\\\/wp-content\\\/uploads\\\/2020\\\/04\\\/BBQ-Entertainment-N-Catering-Enn-Tobreluts-Logo.png\",\"width\":628,\"height\":266,\"caption\":\"BBQ Entertainment O\u00dc\"},\"image\":{\"@id\":\"https:\\\/\\\/bbqentertainment.com\\\/#\\\/schema\\\/logo\\\/image\\\/\"},\"sameAs\":[\"https:\\\/\\\/www.facebook.com\\\/BBQ-Entertainment-N-Catering-2437913376443540\",\"https:\\\/\\\/www.instagram.com\\\/bbqentertainmentncatering\\\/\",\"https:\\\/\\\/www.youtube.com\\\/channel\\\/UCmpuANQVhLy2Md8nrenp2jA\"]}]}<\/script>\n<!-- \/ Yoast SEO plugin. -->","yoast_head_json":{"title":"Punane vein - ONTA\u0143ON Reserva Rioja 2010 (Hispaania) 750 ml - BBQ Entertainment","robots":{"index":"index","follow":"follow","max-snippet":"max-snippet:-1","max-image-preview":"max-image-preview:large","max-video-preview":"max-video-preview:-1"},"canonical":"https:\/\/bbqentertainment.com\/toode\/ontanon-reserva-rioja-2010\/","og_locale":"en_US","og_type":"article","og_title":"Punane vein - ONTA\u0143ON Reserva Rioja 2010 (Hispaania) 750 ml - BBQ Entertainment","og_description":"Punane vein &#8211; ONTA\u0143ON Reserva Rioja 2010 (Hispaania) 75 cl V\u00e4rvus: punane Alkoholisisaldus 14% Viinamari: 95% Tempranillo, 5% Graciano Piirkond: Hispaania, Rioja Baja (Oriental) Tootja Bodegas Onta\u00f1on on pika ja v\u00e4\u00e4rika ajalooga 250 ha katvate viinaaedadega veinim\u00f5is, mis kuulub juba viiendat p\u00f5lve\u00a0Perez Cuevas\u2019e perele. Tegemist on \u00fche k\u00f5ige k\u00f5rgemalt hinnatud veinimajaga Rioja piirkonnas. Veinimeistriks on\u00a0perepoeg Rub\u00e9n perez Cuevas, kelle veinide stiil on j\u00e4\u00e4nud truuks esiisade traditsioonidele ja esindab \u00fcha\u00a0haruldasemaks j\u00e4\u00e4vat \u201evana stiili\u201c pika arengupotentsiaaliga v\u00e4\u00e4rikate Rioja veinide klassi.","og_url":"https:\/\/bbqentertainment.com\/toode\/ontanon-reserva-rioja-2010\/","og_site_name":"BBQ Entertainment","article_publisher":"https:\/\/www.facebook.com\/BBQ-Entertainment-N-Catering-2437913376443540","article_modified_time":"2025-07-25T10:45:46+00:00","og_image":[{"width":1622,"height":1590,"url":"https:\/\/bbqentertainment.com\/wp-content\/uploads\/2020\/11\/PUNANE-VEIN-ONTANON-Reserva-Rioja-2010-Hispaania-14-75-cl-.png","type":"image\/png"}],"twitter_card":"summary_large_image","schema":{"@context":"https:\/\/schema.org","@graph":[{"@type":["WebPage","ItemPage"],"@id":"https:\/\/bbqentertainment.com\/toode\/ontanon-reserva-rioja-2010\/","url":"https:\/\/bbqentertainment.com\/toode\/ontanon-reserva-rioja-2010\/","name":"Punane vein - ONTA\u0143ON Reserva Rioja 2010 (Hispaania) 750 ml - BBQ Entertainment","isPartOf":{"@id":"https:\/\/bbqentertainment.com\/#website"},"primaryImageOfPage":{"@id":"https:\/\/bbqentertainment.com\/toode\/ontanon-reserva-rioja-2010\/#primaryimage"},"image":{"@id":"https:\/\/bbqentertainment.com\/toode\/ontanon-reserva-rioja-2010\/#primaryimage"},"thumbnailUrl":"https:\/\/bbqentertainment.com\/wp-content\/uploads\/2020\/11\/PUNANE-VEIN-ONTANON-Reserva-Rioja-2010-Hispaania-14-75-cl-.png","datePublished":"2020-11-06T20:12:08+00:00","dateModified":"2025-07-25T10:45:46+00:00","breadcrumb":{"@id":"https:\/\/bbqentertainment.com\/toode\/ontanon-reserva-rioja-2010\/#breadcrumb"},"inLanguage":"en-US","potentialAction":[{"@type":"ReadAction","target":["https:\/\/bbqentertainment.com\/toode\/ontanon-reserva-rioja-2010\/"]}]},{"@type":"ImageObject","inLanguage":"en-US","@id":"https:\/\/bbqentertainment.com\/toode\/ontanon-reserva-rioja-2010\/#primaryimage","url":"https:\/\/bbqentertainment.com\/wp-content\/uploads\/2020\/11\/PUNANE-VEIN-ONTANON-Reserva-Rioja-2010-Hispaania-14-75-cl-.png","contentUrl":"https:\/\/bbqentertainment.com\/wp-content\/uploads\/2020\/11\/PUNANE-VEIN-ONTANON-Reserva-Rioja-2010-Hispaania-14-75-cl-.png","width":1622,"height":1590},{"@type":"BreadcrumbList","@id":"https:\/\/bbqentertainment.com\/toode\/ontanon-reserva-rioja-2010\/#breadcrumb","itemListElement":[{"@type":"ListItem","position":1,"name":"AVALEHT","item":"https:\/\/bbqentertainment.com\/en\/"},{"@type":"ListItem","position":2,"name":"Tooted","item":"https:\/\/bbqentertainment.com\/tooted\/"},{"@type":"ListItem","position":3,"name":"Joogid","item":"https:\/\/bbqentertainment.com\/tootekategooria\/joogid\/"},{"@type":"ListItem","position":4,"name":"Veinid","item":"https:\/\/bbqentertainment.com\/tootekategooria\/joogid\/veinid\/"},{"@type":"ListItem","position":5,"name":"Punane vein","item":"https:\/\/bbqentertainment.com\/tootekategooria\/joogid\/veinid\/punane-vein\/"},{"@type":"ListItem","position":6,"name":"Punane vein &#8211; ONTA\u0143ON Reserva Rioja 2010 (Hispaania) 750 ml"}]},{"@type":"WebSite","@id":"https:\/\/bbqentertainment.com\/#website","url":"https:\/\/bbqentertainment.com\/","name":"BBQ Entertainment","description":"BBQ is a great lifestyle, not just fun!","publisher":{"@id":"https:\/\/bbqentertainment.com\/#organization"},"potentialAction":[{"@type":"SearchAction","target":{"@type":"EntryPoint","urlTemplate":"https:\/\/bbqentertainment.com\/?s={search_term_string}"},"query-input":{"@type":"PropertyValueSpecification","valueRequired":true,"valueName":"search_term_string"}}],"inLanguage":"en-US"},{"@type":"Organization","@id":"https:\/\/bbqentertainment.com\/#organization","name":"BBQ Entertainment O\u00dc","url":"https:\/\/bbqentertainment.com\/","logo":{"@type":"ImageObject","inLanguage":"en-US","@id":"https:\/\/bbqentertainment.com\/#\/schema\/logo\/image\/","url":"https:\/\/bbqentertainment.com\/wp-content\/uploads\/2020\/04\/BBQ-Entertainment-N-Catering-Enn-Tobreluts-Logo.png","contentUrl":"https:\/\/bbqentertainment.com\/wp-content\/uploads\/2020\/04\/BBQ-Entertainment-N-Catering-Enn-Tobreluts-Logo.png","width":628,"height":266,"caption":"BBQ Entertainment O\u00dc"},"image":{"@id":"https:\/\/bbqentertainment.com\/#\/schema\/logo\/image\/"},"sameAs":["https:\/\/www.facebook.com\/BBQ-Entertainment-N-Catering-2437913376443540","https:\/\/www.instagram.com\/bbqentertainmentncatering\/","https:\/\/www.youtube.com\/channel\/UCmpuANQVhLy2Md8nrenp2jA"]}]}},"_links":{"self":[{"href":"https:\/\/bbqentertainment.com\/en\/wp-json\/wp\/v2\/product\/12780","targetHints":{"allow":["GET"]}}],"collection":[{"href":"https:\/\/bbqentertainment.com\/en\/wp-json\/wp\/v2\/product"}],"about":[{"href":"https:\/\/bbqentertainment.com\/en\/wp-json\/wp\/v2\/types\/product"}],"wp:featuredmedia":[{"embeddable":true,"href":"https:\/\/bbqentertainment.com\/en\/wp-json\/wp\/v2\/media\/12770"}],"wp:attachment":[{"href":"https:\/\/bbqentertainment.com\/en\/wp-json\/wp\/v2\/media?parent=12780"}],"wp:term":[{"taxonomy":"product_brand","embeddable":true,"href":"https:\/\/bbqentertainment.com\/en\/wp-json\/wp\/v2\/product_brand?post=12780"},{"taxonomy":"product_cat","embeddable":true,"href":"https:\/\/bbqentertainment.com\/en\/wp-json\/wp\/v2\/product_cat?post=12780"},{"taxonomy":"product_tag","embeddable":true,"href":"https:\/\/bbqentertainment.com\/en\/wp-json\/wp\/v2\/product_tag?post=12780"}],"curies":[{"name":"wp","href":"https:\/\/api.w.org\/{rel}","templated":true}]}}