{"id":13074,"date":"2020-11-07T16:39:23","date_gmt":"2020-11-07T14:39:23","guid":{"rendered":"https:\/\/bbqentertainment.com\/?post_type=product&#038;p=13074"},"modified":"2026-03-11T20:21:10","modified_gmt":"2026-03-11T18:21:10","slug":"uhekordne-loodussobralik-soegrill-woodbright-naturgrill","status":"publish","type":"product","link":"https:\/\/bbqentertainment.com\/en\/toode\/uhekordne-loodussobralik-soegrill-woodbright-naturgrill\/","title":{"rendered":"\u00dcHEKORDNE LOODUSS\u00d5BRALIK S\u00d6EGRILL &#8220;Grillep NaturGrill&#8221;"},"content":{"rendered":"","protected":false},"excerpt":{"rendered":"<h3><strong>\u00dcHEKORDNE LOODUSS\u00d5BRALIK S\u00d6EGRILL \u201cGrillep NaturGrill\u201d<\/strong><\/h3>\n<ul>\n<li>Puidust \u00fchekordne grill, mis on t\u00e4islahendus \u00fchekordseks grillimiseks piknikul, matkal, rannas jne. T\u00e4iesti uus alternatiiv turul olevatele \u00fchekordsetele alumiiniumist grillidele.<\/li>\n<li>Kogu grilli konstruktsioon on puidust, p\u00f5hi kaetud Eesti saviga takistamaks grilli kiiret l\u00e4bip\u00f5lemist. Sisuks on lehtpuidust valmistatud grillbrigett koos s\u00fc\u00fctamiseks m\u00f5eldud \u00f6koloogilise s\u00fc\u00fctepulgaga. Grillrest on v\u00f5imalik peale asetada puidust grillvarrastest, mis peavad vastu \u00fcllatavalt h\u00e4sti ja kaua.<\/li>\n<li>Komplekt sisaldab grilli, grills\u00fctt, s\u00fc\u00fctepulkasid, grillimisvardaid ja tuletikke.<\/li>\n<li>Grillimisaeg orienteeruvalt kuni 2 tundi ja p\u00e4rast v\u00f5imalus kasutada l\u00f5kkeasemena v\u00f5i kustutada veega.<\/li>\n<li>Kaal 1.3 kg, m\u00f5\u00f5dud: 30 x 20 x 5 cm.<\/li>\n<li>Toodetud Eestis BBQ Entertainment O\u00dc eritellimusel<\/li>\n<\/ul>\n<p><strong><span style=\"color: #333333; font-size: 14.4px;\">Keskonnas\u00f5bralik! <\/span>Ei j\u00e4ta prahti loodusesse! <span style=\"color: #333333; font-size: 14.4px;\">Naturaalsed maitsed!<\/span><\/strong><\/p>\n<p><span style=\"text-decoration: underline;\">Kasutusjuhend<\/span>:<\/p>\n<ul>\n<li>Eemalda pakend ja aseta puidust jalad m\u00f5lemale poole grilli servades olevatele soontele.<\/li>\n<li>Aseta NaturGrill tulekindlale alusele tulevaiksesse kohta.<\/li>\n<li>S\u00fc\u00fcta s\u00fc\u00fctepulgad. 15 minuti jooksul saavutavad grills\u00f6ebrigetid grillimiseks vajaliku temperatuuri, misj\u00e4rel aseta peale puidust grillpulgad (v\u00f5id niisutada grillpulkasid enne kasutamist veega, kuid see ei ole ainuvajalik).<\/li>\n<li>Kasutamiseks ainult \u00f5uetingimustes. Aseta NaturGrill ohutule kaugusele, st v\u00e4hemalt 2 meetrit tuleohtlikest objektidest.<\/li>\n<li>\u00c4rge j\u00e4tke grilli kunagi j\u00e4relevalveta. Ohutuks grillimiseks hoia vesi grilli k\u00f5rval.<\/li>\n<\/ul>\n","protected":false},"featured_media":13110,"template":"","meta":{"inline_featured_image":false},"product_brand":[],"product_cat":[238,211],"product_tag":[],"class_list":{"0":"post-13074","1":"product","2":"type-product","3":"status-publish","4":"has-post-thumbnail","6":"product_cat-muud-grillid-ja-ahjud","7":"product_cat-grillep","9":"first","10":"instock","11":"sale","12":"taxable","13":"shipping-taxable","14":"purchasable","15":"product-type-simple"},"yoast_head":"<!-- This site is optimized with the Yoast SEO plugin v27.4 - https:\/\/yoast.com\/product\/yoast-seo-wordpress\/ -->\n<title>\u00dcHEKORDNE LOODUSS\u00d5BRALIK S\u00d6EGRILL &quot;Grillep NaturGrill&quot; - BBQ Entertainment<\/title>\n<meta name=\"robots\" content=\"index, follow, max-snippet:-1, max-image-preview:large, max-video-preview:-1\" \/>\n<link rel=\"canonical\" href=\"https:\/\/bbqentertainment.com\/toode\/uhekordne-loodussobralik-soegrill-woodbright-naturgrill\/\" \/>\n<meta property=\"og:locale\" content=\"en_US\" \/>\n<meta property=\"og:type\" content=\"article\" \/>\n<meta property=\"og:title\" content=\"\u00dcHEKORDNE LOODUSS\u00d5BRALIK S\u00d6EGRILL &quot;Grillep NaturGrill&quot; - BBQ Entertainment\" \/>\n<meta property=\"og:description\" content=\"\u00dcHEKORDNE LOODUSS\u00d5BRALIK S\u00d6EGRILL \u201cGrillep NaturGrill\u201d   Puidust \u00fchekordne grill, mis on t\u00e4islahendus \u00fchekordseks grillimiseks piknikul, matkal, rannas jne. T\u00e4iesti uus alternatiiv turul olevatele \u00fchekordsetele alumiiniumist grillidele.  Kogu grilli konstruktsioon on puidust, p\u00f5hi kaetud Eesti saviga takistamaks grilli kiiret l\u00e4bip\u00f5lemist. Sisuks on lehtpuidust valmistatud grillbrigett koos s\u00fc\u00fctamiseks m\u00f5eldud \u00f6koloogilise s\u00fc\u00fctepulgaga. Grillrest on v\u00f5imalik peale asetada puidust grillvarrastest, mis peavad vastu \u00fcllatavalt h\u00e4sti ja kaua.  Komplekt sisaldab grilli, grills\u00fctt, s\u00fc\u00fctepulkasid, grillimisvardaid ja tuletikke.  Grillimisaeg orienteeruvalt kuni 2 tundi ja p\u00e4rast v\u00f5imalus kasutada l\u00f5kkeasemena v\u00f5i kustutada veega.  Kaal 1.3 kg, m\u00f5\u00f5dud: 30 x 20 x 5 cm.  Toodetud Eestis BBQ Entertainment O\u00dc eritellimusel  Keskonnas\u00f5bralik! Ei j\u00e4ta prahti loodusesse! Naturaalsed maitsed!  Kasutusjuhend:   Eemalda pakend ja aseta puidust jalad m\u00f5lemale poole grilli servades olevatele soontele.  Aseta NaturGrill tulekindlale alusele tulevaiksesse kohta.  S\u00fc\u00fcta s\u00fc\u00fctepulgad. 15 minuti jooksul saavutavad grills\u00f6ebrigetid grillimiseks vajaliku temperatuuri, misj\u00e4rel aseta peale puidust grillpulgad (v\u00f5id niisutada grillpulkasid enne kasutamist veega, kuid see ei ole ainuvajalik).  Kasutamiseks ainult \u00f5uetingimustes. Aseta NaturGrill ohutule kaugusele, st v\u00e4hemalt 2 meetrit tuleohtlikest objektidest.  \u00c4rge j\u00e4tke grilli kunagi j\u00e4relevalveta. Ohutuks grillimiseks hoia vesi grilli k\u00f5rval.\" \/>\n<meta property=\"og:url\" content=\"https:\/\/bbqentertainment.com\/toode\/uhekordne-loodussobralik-soegrill-woodbright-naturgrill\/\" \/>\n<meta property=\"og:site_name\" content=\"BBQ Entertainment\" \/>\n<meta property=\"article:publisher\" content=\"https:\/\/www.facebook.com\/BBQ-Entertainment-N-Catering-2437913376443540\" \/>\n<meta property=\"article:modified_time\" content=\"2026-03-11T18:21:10+00:00\" \/>\n<meta property=\"og:image\" content=\"https:\/\/bbqentertainment.com\/wp-content\/uploads\/2020\/11\/BBQ-Entertainment-OU-Uhekordne-loodussobralik-GRILL-Woodbright-NaturGrill-1.3-kg-30x20x5-cm-2-scaled.jpg\" \/>\n\t<meta property=\"og:image:width\" content=\"2560\" \/>\n\t<meta property=\"og:image:height\" content=\"1920\" \/>\n\t<meta property=\"og:image:type\" content=\"image\/jpeg\" \/>\n<meta name=\"twitter:card\" content=\"summary_large_image\" \/>\n<meta name=\"twitter:label1\" content=\"Est. reading time\" \/>\n\t<meta name=\"twitter:data1\" content=\"1 minute\" \/>\n<script type=\"application\/ld+json\" class=\"yoast-schema-graph\">{\"@context\":\"https:\\\/\\\/schema.org\",\"@graph\":[{\"@type\":[\"WebPage\",\"ItemPage\"],\"@id\":\"https:\\\/\\\/bbqentertainment.com\\\/toode\\\/uhekordne-loodussobralik-soegrill-woodbright-naturgrill\\\/\",\"url\":\"https:\\\/\\\/bbqentertainment.com\\\/toode\\\/uhekordne-loodussobralik-soegrill-woodbright-naturgrill\\\/\",\"name\":\"\u00dcHEKORDNE LOODUSS\u00d5BRALIK S\u00d6EGRILL \\\"Grillep NaturGrill\\\" - BBQ Entertainment\",\"isPartOf\":{\"@id\":\"https:\\\/\\\/bbqentertainment.com\\\/#website\"},\"primaryImageOfPage\":{\"@id\":\"https:\\\/\\\/bbqentertainment.com\\\/toode\\\/uhekordne-loodussobralik-soegrill-woodbright-naturgrill\\\/#primaryimage\"},\"image\":{\"@id\":\"https:\\\/\\\/bbqentertainment.com\\\/toode\\\/uhekordne-loodussobralik-soegrill-woodbright-naturgrill\\\/#primaryimage\"},\"thumbnailUrl\":\"https:\\\/\\\/bbqentertainment.com\\\/wp-content\\\/uploads\\\/2020\\\/11\\\/BBQ-Entertainment-OU-Uhekordne-loodussobralik-GRILL-Woodbright-NaturGrill-1.3-kg-30x20x5-cm-2-scaled.jpg\",\"datePublished\":\"2020-11-07T14:39:23+00:00\",\"dateModified\":\"2026-03-11T18:21:10+00:00\",\"breadcrumb\":{\"@id\":\"https:\\\/\\\/bbqentertainment.com\\\/toode\\\/uhekordne-loodussobralik-soegrill-woodbright-naturgrill\\\/#breadcrumb\"},\"inLanguage\":\"en-US\",\"potentialAction\":[{\"@type\":\"ReadAction\",\"target\":[\"https:\\\/\\\/bbqentertainment.com\\\/toode\\\/uhekordne-loodussobralik-soegrill-woodbright-naturgrill\\\/\"]}]},{\"@type\":\"ImageObject\",\"inLanguage\":\"en-US\",\"@id\":\"https:\\\/\\\/bbqentertainment.com\\\/toode\\\/uhekordne-loodussobralik-soegrill-woodbright-naturgrill\\\/#primaryimage\",\"url\":\"https:\\\/\\\/bbqentertainment.com\\\/wp-content\\\/uploads\\\/2020\\\/11\\\/BBQ-Entertainment-OU-Uhekordne-loodussobralik-GRILL-Woodbright-NaturGrill-1.3-kg-30x20x5-cm-2-scaled.jpg\",\"contentUrl\":\"https:\\\/\\\/bbqentertainment.com\\\/wp-content\\\/uploads\\\/2020\\\/11\\\/BBQ-Entertainment-OU-Uhekordne-loodussobralik-GRILL-Woodbright-NaturGrill-1.3-kg-30x20x5-cm-2-scaled.jpg\",\"width\":2560,\"height\":1920},{\"@type\":\"BreadcrumbList\",\"@id\":\"https:\\\/\\\/bbqentertainment.com\\\/toode\\\/uhekordne-loodussobralik-soegrill-woodbright-naturgrill\\\/#breadcrumb\",\"itemListElement\":[{\"@type\":\"ListItem\",\"position\":1,\"name\":\"AVALEHT\",\"item\":\"https:\\\/\\\/bbqentertainment.com\\\/en\\\/\"},{\"@type\":\"ListItem\",\"position\":2,\"name\":\"Tooted\",\"item\":\"https:\\\/\\\/bbqentertainment.com\\\/tooted\\\/\"},{\"@type\":\"ListItem\",\"position\":3,\"name\":\"Grillid ja ahjud\",\"item\":\"https:\\\/\\\/bbqentertainment.com\\\/tootekategooria\\\/grillid-ja-ahjud\\\/\"},{\"@type\":\"ListItem\",\"position\":4,\"name\":\"MUUD GRILLID ja AHJUD\",\"item\":\"https:\\\/\\\/bbqentertainment.com\\\/tootekategooria\\\/grillid-ja-ahjud\\\/muud-grillid-ja-ahjud\\\/\"},{\"@type\":\"ListItem\",\"position\":5,\"name\":\"\u00dcHEKORDNE LOODUSS\u00d5BRALIK S\u00d6EGRILL &#8220;Grillep NaturGrill&#8221;\"}]},{\"@type\":\"WebSite\",\"@id\":\"https:\\\/\\\/bbqentertainment.com\\\/#website\",\"url\":\"https:\\\/\\\/bbqentertainment.com\\\/\",\"name\":\"BBQ Entertainment\",\"description\":\"BBQ is a great lifestyle, not just fun!\",\"publisher\":{\"@id\":\"https:\\\/\\\/bbqentertainment.com\\\/#organization\"},\"potentialAction\":[{\"@type\":\"SearchAction\",\"target\":{\"@type\":\"EntryPoint\",\"urlTemplate\":\"https:\\\/\\\/bbqentertainment.com\\\/?s={search_term_string}\"},\"query-input\":{\"@type\":\"PropertyValueSpecification\",\"valueRequired\":true,\"valueName\":\"search_term_string\"}}],\"inLanguage\":\"en-US\"},{\"@type\":\"Organization\",\"@id\":\"https:\\\/\\\/bbqentertainment.com\\\/#organization\",\"name\":\"BBQ Entertainment O\u00dc\",\"url\":\"https:\\\/\\\/bbqentertainment.com\\\/\",\"logo\":{\"@type\":\"ImageObject\",\"inLanguage\":\"en-US\",\"@id\":\"https:\\\/\\\/bbqentertainment.com\\\/#\\\/schema\\\/logo\\\/image\\\/\",\"url\":\"https:\\\/\\\/bbqentertainment.com\\\/wp-content\\\/uploads\\\/2020\\\/04\\\/BBQ-Entertainment-N-Catering-Enn-Tobreluts-Logo.png\",\"contentUrl\":\"https:\\\/\\\/bbqentertainment.com\\\/wp-content\\\/uploads\\\/2020\\\/04\\\/BBQ-Entertainment-N-Catering-Enn-Tobreluts-Logo.png\",\"width\":628,\"height\":266,\"caption\":\"BBQ Entertainment O\u00dc\"},\"image\":{\"@id\":\"https:\\\/\\\/bbqentertainment.com\\\/#\\\/schema\\\/logo\\\/image\\\/\"},\"sameAs\":[\"https:\\\/\\\/www.facebook.com\\\/BBQ-Entertainment-N-Catering-2437913376443540\",\"https:\\\/\\\/www.instagram.com\\\/bbqentertainmentncatering\\\/\",\"https:\\\/\\\/www.youtube.com\\\/channel\\\/UCmpuANQVhLy2Md8nrenp2jA\"]}]}<\/script>\n<!-- \/ Yoast SEO plugin. -->","yoast_head_json":{"title":"\u00dcHEKORDNE LOODUSS\u00d5BRALIK S\u00d6EGRILL \"Grillep NaturGrill\" - BBQ Entertainment","robots":{"index":"index","follow":"follow","max-snippet":"max-snippet:-1","max-image-preview":"max-image-preview:large","max-video-preview":"max-video-preview:-1"},"canonical":"https:\/\/bbqentertainment.com\/toode\/uhekordne-loodussobralik-soegrill-woodbright-naturgrill\/","og_locale":"en_US","og_type":"article","og_title":"\u00dcHEKORDNE LOODUSS\u00d5BRALIK S\u00d6EGRILL \"Grillep NaturGrill\" - BBQ Entertainment","og_description":"\u00dcHEKORDNE LOODUSS\u00d5BRALIK S\u00d6EGRILL \u201cGrillep NaturGrill\u201d   Puidust \u00fchekordne grill, mis on t\u00e4islahendus \u00fchekordseks grillimiseks piknikul, matkal, rannas jne. T\u00e4iesti uus alternatiiv turul olevatele \u00fchekordsetele alumiiniumist grillidele.  Kogu grilli konstruktsioon on puidust, p\u00f5hi kaetud Eesti saviga takistamaks grilli kiiret l\u00e4bip\u00f5lemist. Sisuks on lehtpuidust valmistatud grillbrigett koos s\u00fc\u00fctamiseks m\u00f5eldud \u00f6koloogilise s\u00fc\u00fctepulgaga. Grillrest on v\u00f5imalik peale asetada puidust grillvarrastest, mis peavad vastu \u00fcllatavalt h\u00e4sti ja kaua.  Komplekt sisaldab grilli, grills\u00fctt, s\u00fc\u00fctepulkasid, grillimisvardaid ja tuletikke.  Grillimisaeg orienteeruvalt kuni 2 tundi ja p\u00e4rast v\u00f5imalus kasutada l\u00f5kkeasemena v\u00f5i kustutada veega.  Kaal 1.3 kg, m\u00f5\u00f5dud: 30 x 20 x 5 cm.  Toodetud Eestis BBQ Entertainment O\u00dc eritellimusel  Keskonnas\u00f5bralik! Ei j\u00e4ta prahti loodusesse! Naturaalsed maitsed!  Kasutusjuhend:   Eemalda pakend ja aseta puidust jalad m\u00f5lemale poole grilli servades olevatele soontele.  Aseta NaturGrill tulekindlale alusele tulevaiksesse kohta.  S\u00fc\u00fcta s\u00fc\u00fctepulgad. 15 minuti jooksul saavutavad grills\u00f6ebrigetid grillimiseks vajaliku temperatuuri, misj\u00e4rel aseta peale puidust grillpulgad (v\u00f5id niisutada grillpulkasid enne kasutamist veega, kuid see ei ole ainuvajalik).  Kasutamiseks ainult \u00f5uetingimustes. Aseta NaturGrill ohutule kaugusele, st v\u00e4hemalt 2 meetrit tuleohtlikest objektidest.  \u00c4rge j\u00e4tke grilli kunagi j\u00e4relevalveta. Ohutuks grillimiseks hoia vesi grilli k\u00f5rval.","og_url":"https:\/\/bbqentertainment.com\/toode\/uhekordne-loodussobralik-soegrill-woodbright-naturgrill\/","og_site_name":"BBQ Entertainment","article_publisher":"https:\/\/www.facebook.com\/BBQ-Entertainment-N-Catering-2437913376443540","article_modified_time":"2026-03-11T18:21:10+00:00","og_image":[{"width":2560,"height":1920,"url":"https:\/\/bbqentertainment.com\/wp-content\/uploads\/2020\/11\/BBQ-Entertainment-OU-Uhekordne-loodussobralik-GRILL-Woodbright-NaturGrill-1.3-kg-30x20x5-cm-2-scaled.jpg","type":"image\/jpeg"}],"twitter_card":"summary_large_image","twitter_misc":{"Est. reading time":"1 minute"},"schema":{"@context":"https:\/\/schema.org","@graph":[{"@type":["WebPage","ItemPage"],"@id":"https:\/\/bbqentertainment.com\/toode\/uhekordne-loodussobralik-soegrill-woodbright-naturgrill\/","url":"https:\/\/bbqentertainment.com\/toode\/uhekordne-loodussobralik-soegrill-woodbright-naturgrill\/","name":"\u00dcHEKORDNE LOODUSS\u00d5BRALIK S\u00d6EGRILL \"Grillep NaturGrill\" - BBQ Entertainment","isPartOf":{"@id":"https:\/\/bbqentertainment.com\/#website"},"primaryImageOfPage":{"@id":"https:\/\/bbqentertainment.com\/toode\/uhekordne-loodussobralik-soegrill-woodbright-naturgrill\/#primaryimage"},"image":{"@id":"https:\/\/bbqentertainment.com\/toode\/uhekordne-loodussobralik-soegrill-woodbright-naturgrill\/#primaryimage"},"thumbnailUrl":"https:\/\/bbqentertainment.com\/wp-content\/uploads\/2020\/11\/BBQ-Entertainment-OU-Uhekordne-loodussobralik-GRILL-Woodbright-NaturGrill-1.3-kg-30x20x5-cm-2-scaled.jpg","datePublished":"2020-11-07T14:39:23+00:00","dateModified":"2026-03-11T18:21:10+00:00","breadcrumb":{"@id":"https:\/\/bbqentertainment.com\/toode\/uhekordne-loodussobralik-soegrill-woodbright-naturgrill\/#breadcrumb"},"inLanguage":"en-US","potentialAction":[{"@type":"ReadAction","target":["https:\/\/bbqentertainment.com\/toode\/uhekordne-loodussobralik-soegrill-woodbright-naturgrill\/"]}]},{"@type":"ImageObject","inLanguage":"en-US","@id":"https:\/\/bbqentertainment.com\/toode\/uhekordne-loodussobralik-soegrill-woodbright-naturgrill\/#primaryimage","url":"https:\/\/bbqentertainment.com\/wp-content\/uploads\/2020\/11\/BBQ-Entertainment-OU-Uhekordne-loodussobralik-GRILL-Woodbright-NaturGrill-1.3-kg-30x20x5-cm-2-scaled.jpg","contentUrl":"https:\/\/bbqentertainment.com\/wp-content\/uploads\/2020\/11\/BBQ-Entertainment-OU-Uhekordne-loodussobralik-GRILL-Woodbright-NaturGrill-1.3-kg-30x20x5-cm-2-scaled.jpg","width":2560,"height":1920},{"@type":"BreadcrumbList","@id":"https:\/\/bbqentertainment.com\/toode\/uhekordne-loodussobralik-soegrill-woodbright-naturgrill\/#breadcrumb","itemListElement":[{"@type":"ListItem","position":1,"name":"AVALEHT","item":"https:\/\/bbqentertainment.com\/en\/"},{"@type":"ListItem","position":2,"name":"Tooted","item":"https:\/\/bbqentertainment.com\/tooted\/"},{"@type":"ListItem","position":3,"name":"Grillid ja ahjud","item":"https:\/\/bbqentertainment.com\/tootekategooria\/grillid-ja-ahjud\/"},{"@type":"ListItem","position":4,"name":"MUUD GRILLID ja AHJUD","item":"https:\/\/bbqentertainment.com\/tootekategooria\/grillid-ja-ahjud\/muud-grillid-ja-ahjud\/"},{"@type":"ListItem","position":5,"name":"\u00dcHEKORDNE LOODUSS\u00d5BRALIK S\u00d6EGRILL &#8220;Grillep NaturGrill&#8221;"}]},{"@type":"WebSite","@id":"https:\/\/bbqentertainment.com\/#website","url":"https:\/\/bbqentertainment.com\/","name":"BBQ Entertainment","description":"BBQ is a great lifestyle, not just fun!","publisher":{"@id":"https:\/\/bbqentertainment.com\/#organization"},"potentialAction":[{"@type":"SearchAction","target":{"@type":"EntryPoint","urlTemplate":"https:\/\/bbqentertainment.com\/?s={search_term_string}"},"query-input":{"@type":"PropertyValueSpecification","valueRequired":true,"valueName":"search_term_string"}}],"inLanguage":"en-US"},{"@type":"Organization","@id":"https:\/\/bbqentertainment.com\/#organization","name":"BBQ Entertainment O\u00dc","url":"https:\/\/bbqentertainment.com\/","logo":{"@type":"ImageObject","inLanguage":"en-US","@id":"https:\/\/bbqentertainment.com\/#\/schema\/logo\/image\/","url":"https:\/\/bbqentertainment.com\/wp-content\/uploads\/2020\/04\/BBQ-Entertainment-N-Catering-Enn-Tobreluts-Logo.png","contentUrl":"https:\/\/bbqentertainment.com\/wp-content\/uploads\/2020\/04\/BBQ-Entertainment-N-Catering-Enn-Tobreluts-Logo.png","width":628,"height":266,"caption":"BBQ Entertainment O\u00dc"},"image":{"@id":"https:\/\/bbqentertainment.com\/#\/schema\/logo\/image\/"},"sameAs":["https:\/\/www.facebook.com\/BBQ-Entertainment-N-Catering-2437913376443540","https:\/\/www.instagram.com\/bbqentertainmentncatering\/","https:\/\/www.youtube.com\/channel\/UCmpuANQVhLy2Md8nrenp2jA"]}]}},"_links":{"self":[{"href":"https:\/\/bbqentertainment.com\/en\/wp-json\/wp\/v2\/product\/13074","targetHints":{"allow":["GET"]}}],"collection":[{"href":"https:\/\/bbqentertainment.com\/en\/wp-json\/wp\/v2\/product"}],"about":[{"href":"https:\/\/bbqentertainment.com\/en\/wp-json\/wp\/v2\/types\/product"}],"wp:featuredmedia":[{"embeddable":true,"href":"https:\/\/bbqentertainment.com\/en\/wp-json\/wp\/v2\/media\/13110"}],"wp:attachment":[{"href":"https:\/\/bbqentertainment.com\/en\/wp-json\/wp\/v2\/media?parent=13074"}],"wp:term":[{"taxonomy":"product_brand","embeddable":true,"href":"https:\/\/bbqentertainment.com\/en\/wp-json\/wp\/v2\/product_brand?post=13074"},{"taxonomy":"product_cat","embeddable":true,"href":"https:\/\/bbqentertainment.com\/en\/wp-json\/wp\/v2\/product_cat?post=13074"},{"taxonomy":"product_tag","embeddable":true,"href":"https:\/\/bbqentertainment.com\/en\/wp-json\/wp\/v2\/product_tag?post=13074"}],"curies":[{"name":"wp","href":"https:\/\/api.w.org\/{rel}","templated":true}]}}