{"id":13176,"date":"2020-11-07T20:47:07","date_gmt":"2020-11-07T18:47:07","guid":{"rendered":"https:\/\/bbqentertainment.com\/?post_type=product&#038;p=13176"},"modified":"2025-07-25T13:45:35","modified_gmt":"2025-07-25T10:45:35","slug":"ole-hickory-smoke-pit-cto-dw","status":"publish","type":"product","link":"https:\/\/bbqentertainment.com\/en\/toode\/ole-hickory-smoke-pit-cto-dw\/","title":{"rendered":"OLE HICKORY Smoke Pit &#8211; mudel CTO-DW &#8211; gaasip\u00f5letiga automaatne BBQ ahi"},"content":{"rendered":"","protected":false},"excerpt":{"rendered":"<h3><strong>OLE HICKORY Smoke Pit &#8211; mudel CTO-DW &#8211; gaasip\u00f5letiga automaatne BBQ ahi<\/strong><\/h3>\n<ul>\n<li>OLE HICKORY ahjud on Ameerikas valmistatud ainulaadsed restoranidele ja liha\/kalat\u00f6\u00f6stustele m\u00f5eldud gaasip\u00f5letiga automaatsed BBQ suitsuahjud. Suitsu tekitamiseks tuleb asetada puuhalg k\u00fcttekoldesse (ideaalne on lepapuuhalg). V\u00f5imalik k\u00fcpsetada suuri koguseid korraga. Lihtne ja maitsev!<\/li>\n<li>Ahjudel on CE sertifikaat ja Euroopa voolu\u00fchendused.<\/li>\n<li>K\u00e4esolev tooteleht on valmimisel ja saab \u00fclesse l\u00e4hiajal.<\/li>\n<li><strong>Kui soovid endale soetada restorani, lihat\u00f6\u00f6stuse v\u00f5i koduseks vajadusteks Ole Hickory ahju siis kirjuta <span id=\"eeb-931019-893699\">enn@bbqentertainment.com<\/span><i class=\"eeb-encoded dashicons-before dashicons-lock\" title=\"Email encoded successfully!\"><\/i> \/ Enn Tobreluts +3725165581. Ahjumudelite hinnad on alates 10 000 Eur + k\u00e4ibemaks (hind sisaldab tollimakse ja transporti USA-st Eestisse).\u00a0<\/strong><\/li>\n<li><strong>BBQ Entertainment O\u00dc on <a href=\"https:\/\/www.olehickorypits.com\">Ole Hickory<\/a> ahjude eksklusiivne ainumaaletooja alates aastast 2009 (seda nii Eestis kui ka kogu Euroopas).<\/strong><\/li>\n<li>Tootja koduleht: <a href=\"http:\/\/www.olehickorypits.com\" target=\"_blank\" rel=\"noopener noreferrer\">www.olehickorypits.com<\/a><\/li>\n<li>Tootja p\u00e4ritolumaa: USA<\/li>\n<\/ul>\n","protected":false},"featured_media":13177,"template":"","meta":{"inline_featured_image":false},"product_brand":[],"product_cat":[20],"product_tag":[],"class_list":{"0":"post-13176","1":"product","2":"type-product","3":"status-publish","4":"has-post-thumbnail","6":"product_cat-ole-hickory-smoke-pits","8":"first","9":"instock","10":"taxable","11":"shipping-taxable","12":"product-type-simple"},"yoast_head":"<!-- This site is optimized with the Yoast SEO plugin v27.4 - https:\/\/yoast.com\/product\/yoast-seo-wordpress\/ -->\n<title>OLE HICKORY Smoke Pit - mudel CTO-DW - gaasip\u00f5letiga automaatne BBQ ahi - BBQ Entertainment<\/title>\n<meta name=\"robots\" content=\"index, follow, max-snippet:-1, max-image-preview:large, max-video-preview:-1\" \/>\n<link rel=\"canonical\" href=\"https:\/\/bbqentertainment.com\/toode\/ole-hickory-smoke-pit-cto-dw\/\" \/>\n<meta property=\"og:locale\" content=\"en_US\" \/>\n<meta property=\"og:type\" content=\"article\" \/>\n<meta property=\"og:title\" content=\"OLE HICKORY Smoke Pit - mudel CTO-DW - gaasip\u00f5letiga automaatne BBQ ahi - BBQ Entertainment\" \/>\n<meta property=\"og:description\" content=\"OLE HICKORY Smoke Pit &#8211; mudel CTO-DW &#8211; gaasip\u00f5letiga automaatne BBQ ahi OLE HICKORY ahjud on Ameerikas valmistatud ainulaadsed restoranidele ja liha\/kalat\u00f6\u00f6stustele m\u00f5eldud gaasip\u00f5letiga automaatsed BBQ suitsuahjud. Suitsu tekitamiseks tuleb asetada puuhalg k\u00fcttekoldesse (ideaalne on lepapuuhalg). V\u00f5imalik k\u00fcpsetada suuri koguseid korraga. Lihtne ja maitsev! Ahjudel on CE sertifikaat ja Euroopa voolu\u00fchendused. K\u00e4esolev tooteleht on valmimisel ja saab \u00fclesse l\u00e4hiajal. Kui soovid endale soetada restorani, lihat\u00f6\u00f6stuse v\u00f5i koduseks vajadusteks Ole Hickory ahju siis kirjuta enn@bbqentertainment.com \/ Enn Tobreluts +3725165581. Ahjumudelite hinnad on alates 10 000 Eur + k\u00e4ibemaks (hind sisaldab tollimakse ja transporti USA-st Eestisse).\u00a0 BBQ Entertainment O\u00dc on Ole Hickory ahjude eksklusiivne ainumaaletooja alates aastast 2009 (seda nii Eestis kui ka kogu Euroopas). Tootja koduleht: www.olehickorypits.com Tootja p\u00e4ritolumaa: USA\" \/>\n<meta property=\"og:url\" content=\"https:\/\/bbqentertainment.com\/toode\/ole-hickory-smoke-pit-cto-dw\/\" \/>\n<meta property=\"og:site_name\" content=\"BBQ Entertainment\" \/>\n<meta property=\"article:publisher\" content=\"https:\/\/www.facebook.com\/BBQ-Entertainment-N-Catering-2437913376443540\" \/>\n<meta property=\"article:modified_time\" content=\"2025-07-25T10:45:35+00:00\" \/>\n<meta property=\"og:image\" content=\"https:\/\/bbqentertainment.com\/wp-content\/uploads\/2020\/11\/BBQ-Entertainment-OU-Ole-Hickory-CTO-DW.png\" \/>\n\t<meta property=\"og:image:width\" content=\"1220\" \/>\n\t<meta property=\"og:image:height\" content=\"1186\" \/>\n\t<meta property=\"og:image:type\" content=\"image\/png\" \/>\n<meta name=\"twitter:card\" content=\"summary_large_image\" \/>\n<script type=\"application\/ld+json\" class=\"yoast-schema-graph\">{\"@context\":\"https:\\\/\\\/schema.org\",\"@graph\":[{\"@type\":[\"WebPage\",\"ItemPage\"],\"@id\":\"https:\\\/\\\/bbqentertainment.com\\\/toode\\\/ole-hickory-smoke-pit-cto-dw\\\/\",\"url\":\"https:\\\/\\\/bbqentertainment.com\\\/toode\\\/ole-hickory-smoke-pit-cto-dw\\\/\",\"name\":\"OLE HICKORY Smoke Pit - mudel CTO-DW - gaasip\u00f5letiga automaatne BBQ ahi - BBQ Entertainment\",\"isPartOf\":{\"@id\":\"https:\\\/\\\/bbqentertainment.com\\\/#website\"},\"primaryImageOfPage\":{\"@id\":\"https:\\\/\\\/bbqentertainment.com\\\/toode\\\/ole-hickory-smoke-pit-cto-dw\\\/#primaryimage\"},\"image\":{\"@id\":\"https:\\\/\\\/bbqentertainment.com\\\/toode\\\/ole-hickory-smoke-pit-cto-dw\\\/#primaryimage\"},\"thumbnailUrl\":\"https:\\\/\\\/bbqentertainment.com\\\/wp-content\\\/uploads\\\/2020\\\/11\\\/BBQ-Entertainment-OU-Ole-Hickory-CTO-DW.png\",\"datePublished\":\"2020-11-07T18:47:07+00:00\",\"dateModified\":\"2025-07-25T10:45:35+00:00\",\"breadcrumb\":{\"@id\":\"https:\\\/\\\/bbqentertainment.com\\\/toode\\\/ole-hickory-smoke-pit-cto-dw\\\/#breadcrumb\"},\"inLanguage\":\"en-US\",\"potentialAction\":[{\"@type\":\"ReadAction\",\"target\":[\"https:\\\/\\\/bbqentertainment.com\\\/toode\\\/ole-hickory-smoke-pit-cto-dw\\\/\"]}]},{\"@type\":\"ImageObject\",\"inLanguage\":\"en-US\",\"@id\":\"https:\\\/\\\/bbqentertainment.com\\\/toode\\\/ole-hickory-smoke-pit-cto-dw\\\/#primaryimage\",\"url\":\"https:\\\/\\\/bbqentertainment.com\\\/wp-content\\\/uploads\\\/2020\\\/11\\\/BBQ-Entertainment-OU-Ole-Hickory-CTO-DW.png\",\"contentUrl\":\"https:\\\/\\\/bbqentertainment.com\\\/wp-content\\\/uploads\\\/2020\\\/11\\\/BBQ-Entertainment-OU-Ole-Hickory-CTO-DW.png\",\"width\":1220,\"height\":1186},{\"@type\":\"BreadcrumbList\",\"@id\":\"https:\\\/\\\/bbqentertainment.com\\\/toode\\\/ole-hickory-smoke-pit-cto-dw\\\/#breadcrumb\",\"itemListElement\":[{\"@type\":\"ListItem\",\"position\":1,\"name\":\"AVALEHT\",\"item\":\"https:\\\/\\\/bbqentertainment.com\\\/en\\\/\"},{\"@type\":\"ListItem\",\"position\":2,\"name\":\"Tooted\",\"item\":\"https:\\\/\\\/bbqentertainment.com\\\/tooted\\\/\"},{\"@type\":\"ListItem\",\"position\":3,\"name\":\"Grillid ja ahjud\",\"item\":\"https:\\\/\\\/bbqentertainment.com\\\/tootekategooria\\\/grillid-ja-ahjud\\\/\"},{\"@type\":\"ListItem\",\"position\":4,\"name\":\"OLE HICKORY Smoke Pits\",\"item\":\"https:\\\/\\\/bbqentertainment.com\\\/tootekategooria\\\/grillid-ja-ahjud\\\/ole-hickory-smoke-pits\\\/\"},{\"@type\":\"ListItem\",\"position\":5,\"name\":\"OLE HICKORY Smoke Pit &#8211; mudel CTO-DW &#8211; gaasip\u00f5letiga automaatne BBQ ahi\"}]},{\"@type\":\"WebSite\",\"@id\":\"https:\\\/\\\/bbqentertainment.com\\\/#website\",\"url\":\"https:\\\/\\\/bbqentertainment.com\\\/\",\"name\":\"BBQ Entertainment\",\"description\":\"BBQ is a great lifestyle, not just fun!\",\"publisher\":{\"@id\":\"https:\\\/\\\/bbqentertainment.com\\\/#organization\"},\"potentialAction\":[{\"@type\":\"SearchAction\",\"target\":{\"@type\":\"EntryPoint\",\"urlTemplate\":\"https:\\\/\\\/bbqentertainment.com\\\/?s={search_term_string}\"},\"query-input\":{\"@type\":\"PropertyValueSpecification\",\"valueRequired\":true,\"valueName\":\"search_term_string\"}}],\"inLanguage\":\"en-US\"},{\"@type\":\"Organization\",\"@id\":\"https:\\\/\\\/bbqentertainment.com\\\/#organization\",\"name\":\"BBQ Entertainment O\u00dc\",\"url\":\"https:\\\/\\\/bbqentertainment.com\\\/\",\"logo\":{\"@type\":\"ImageObject\",\"inLanguage\":\"en-US\",\"@id\":\"https:\\\/\\\/bbqentertainment.com\\\/#\\\/schema\\\/logo\\\/image\\\/\",\"url\":\"https:\\\/\\\/bbqentertainment.com\\\/wp-content\\\/uploads\\\/2020\\\/04\\\/BBQ-Entertainment-N-Catering-Enn-Tobreluts-Logo.png\",\"contentUrl\":\"https:\\\/\\\/bbqentertainment.com\\\/wp-content\\\/uploads\\\/2020\\\/04\\\/BBQ-Entertainment-N-Catering-Enn-Tobreluts-Logo.png\",\"width\":628,\"height\":266,\"caption\":\"BBQ Entertainment O\u00dc\"},\"image\":{\"@id\":\"https:\\\/\\\/bbqentertainment.com\\\/#\\\/schema\\\/logo\\\/image\\\/\"},\"sameAs\":[\"https:\\\/\\\/www.facebook.com\\\/BBQ-Entertainment-N-Catering-2437913376443540\",\"https:\\\/\\\/www.instagram.com\\\/bbqentertainmentncatering\\\/\",\"https:\\\/\\\/www.youtube.com\\\/channel\\\/UCmpuANQVhLy2Md8nrenp2jA\"]}]}<\/script>\n<!-- \/ Yoast SEO plugin. -->","yoast_head_json":{"title":"OLE HICKORY Smoke Pit - mudel CTO-DW - gaasip\u00f5letiga automaatne BBQ ahi - BBQ Entertainment","robots":{"index":"index","follow":"follow","max-snippet":"max-snippet:-1","max-image-preview":"max-image-preview:large","max-video-preview":"max-video-preview:-1"},"canonical":"https:\/\/bbqentertainment.com\/toode\/ole-hickory-smoke-pit-cto-dw\/","og_locale":"en_US","og_type":"article","og_title":"OLE HICKORY Smoke Pit - mudel CTO-DW - gaasip\u00f5letiga automaatne BBQ ahi - BBQ Entertainment","og_description":"OLE HICKORY Smoke Pit &#8211; mudel CTO-DW &#8211; gaasip\u00f5letiga automaatne BBQ ahi OLE HICKORY ahjud on Ameerikas valmistatud ainulaadsed restoranidele ja liha\/kalat\u00f6\u00f6stustele m\u00f5eldud gaasip\u00f5letiga automaatsed BBQ suitsuahjud. Suitsu tekitamiseks tuleb asetada puuhalg k\u00fcttekoldesse (ideaalne on lepapuuhalg). V\u00f5imalik k\u00fcpsetada suuri koguseid korraga. Lihtne ja maitsev! Ahjudel on CE sertifikaat ja Euroopa voolu\u00fchendused. K\u00e4esolev tooteleht on valmimisel ja saab \u00fclesse l\u00e4hiajal. Kui soovid endale soetada restorani, lihat\u00f6\u00f6stuse v\u00f5i koduseks vajadusteks Ole Hickory ahju siis kirjuta enn@bbqentertainment.com \/ Enn Tobreluts +3725165581. Ahjumudelite hinnad on alates 10 000 Eur + k\u00e4ibemaks (hind sisaldab tollimakse ja transporti USA-st Eestisse).\u00a0 BBQ Entertainment O\u00dc on Ole Hickory ahjude eksklusiivne ainumaaletooja alates aastast 2009 (seda nii Eestis kui ka kogu Euroopas). Tootja koduleht: www.olehickorypits.com Tootja p\u00e4ritolumaa: USA","og_url":"https:\/\/bbqentertainment.com\/toode\/ole-hickory-smoke-pit-cto-dw\/","og_site_name":"BBQ Entertainment","article_publisher":"https:\/\/www.facebook.com\/BBQ-Entertainment-N-Catering-2437913376443540","article_modified_time":"2025-07-25T10:45:35+00:00","og_image":[{"width":1220,"height":1186,"url":"https:\/\/bbqentertainment.com\/wp-content\/uploads\/2020\/11\/BBQ-Entertainment-OU-Ole-Hickory-CTO-DW.png","type":"image\/png"}],"twitter_card":"summary_large_image","schema":{"@context":"https:\/\/schema.org","@graph":[{"@type":["WebPage","ItemPage"],"@id":"https:\/\/bbqentertainment.com\/toode\/ole-hickory-smoke-pit-cto-dw\/","url":"https:\/\/bbqentertainment.com\/toode\/ole-hickory-smoke-pit-cto-dw\/","name":"OLE HICKORY Smoke Pit - mudel CTO-DW - gaasip\u00f5letiga automaatne BBQ ahi - BBQ Entertainment","isPartOf":{"@id":"https:\/\/bbqentertainment.com\/#website"},"primaryImageOfPage":{"@id":"https:\/\/bbqentertainment.com\/toode\/ole-hickory-smoke-pit-cto-dw\/#primaryimage"},"image":{"@id":"https:\/\/bbqentertainment.com\/toode\/ole-hickory-smoke-pit-cto-dw\/#primaryimage"},"thumbnailUrl":"https:\/\/bbqentertainment.com\/wp-content\/uploads\/2020\/11\/BBQ-Entertainment-OU-Ole-Hickory-CTO-DW.png","datePublished":"2020-11-07T18:47:07+00:00","dateModified":"2025-07-25T10:45:35+00:00","breadcrumb":{"@id":"https:\/\/bbqentertainment.com\/toode\/ole-hickory-smoke-pit-cto-dw\/#breadcrumb"},"inLanguage":"en-US","potentialAction":[{"@type":"ReadAction","target":["https:\/\/bbqentertainment.com\/toode\/ole-hickory-smoke-pit-cto-dw\/"]}]},{"@type":"ImageObject","inLanguage":"en-US","@id":"https:\/\/bbqentertainment.com\/toode\/ole-hickory-smoke-pit-cto-dw\/#primaryimage","url":"https:\/\/bbqentertainment.com\/wp-content\/uploads\/2020\/11\/BBQ-Entertainment-OU-Ole-Hickory-CTO-DW.png","contentUrl":"https:\/\/bbqentertainment.com\/wp-content\/uploads\/2020\/11\/BBQ-Entertainment-OU-Ole-Hickory-CTO-DW.png","width":1220,"height":1186},{"@type":"BreadcrumbList","@id":"https:\/\/bbqentertainment.com\/toode\/ole-hickory-smoke-pit-cto-dw\/#breadcrumb","itemListElement":[{"@type":"ListItem","position":1,"name":"AVALEHT","item":"https:\/\/bbqentertainment.com\/en\/"},{"@type":"ListItem","position":2,"name":"Tooted","item":"https:\/\/bbqentertainment.com\/tooted\/"},{"@type":"ListItem","position":3,"name":"Grillid ja ahjud","item":"https:\/\/bbqentertainment.com\/tootekategooria\/grillid-ja-ahjud\/"},{"@type":"ListItem","position":4,"name":"OLE HICKORY Smoke Pits","item":"https:\/\/bbqentertainment.com\/tootekategooria\/grillid-ja-ahjud\/ole-hickory-smoke-pits\/"},{"@type":"ListItem","position":5,"name":"OLE HICKORY Smoke Pit &#8211; mudel CTO-DW &#8211; gaasip\u00f5letiga automaatne BBQ ahi"}]},{"@type":"WebSite","@id":"https:\/\/bbqentertainment.com\/#website","url":"https:\/\/bbqentertainment.com\/","name":"BBQ Entertainment","description":"BBQ is a great lifestyle, not just fun!","publisher":{"@id":"https:\/\/bbqentertainment.com\/#organization"},"potentialAction":[{"@type":"SearchAction","target":{"@type":"EntryPoint","urlTemplate":"https:\/\/bbqentertainment.com\/?s={search_term_string}"},"query-input":{"@type":"PropertyValueSpecification","valueRequired":true,"valueName":"search_term_string"}}],"inLanguage":"en-US"},{"@type":"Organization","@id":"https:\/\/bbqentertainment.com\/#organization","name":"BBQ Entertainment O\u00dc","url":"https:\/\/bbqentertainment.com\/","logo":{"@type":"ImageObject","inLanguage":"en-US","@id":"https:\/\/bbqentertainment.com\/#\/schema\/logo\/image\/","url":"https:\/\/bbqentertainment.com\/wp-content\/uploads\/2020\/04\/BBQ-Entertainment-N-Catering-Enn-Tobreluts-Logo.png","contentUrl":"https:\/\/bbqentertainment.com\/wp-content\/uploads\/2020\/04\/BBQ-Entertainment-N-Catering-Enn-Tobreluts-Logo.png","width":628,"height":266,"caption":"BBQ Entertainment O\u00dc"},"image":{"@id":"https:\/\/bbqentertainment.com\/#\/schema\/logo\/image\/"},"sameAs":["https:\/\/www.facebook.com\/BBQ-Entertainment-N-Catering-2437913376443540","https:\/\/www.instagram.com\/bbqentertainmentncatering\/","https:\/\/www.youtube.com\/channel\/UCmpuANQVhLy2Md8nrenp2jA"]}]}},"_links":{"self":[{"href":"https:\/\/bbqentertainment.com\/en\/wp-json\/wp\/v2\/product\/13176","targetHints":{"allow":["GET"]}}],"collection":[{"href":"https:\/\/bbqentertainment.com\/en\/wp-json\/wp\/v2\/product"}],"about":[{"href":"https:\/\/bbqentertainment.com\/en\/wp-json\/wp\/v2\/types\/product"}],"wp:featuredmedia":[{"embeddable":true,"href":"https:\/\/bbqentertainment.com\/en\/wp-json\/wp\/v2\/media\/13177"}],"wp:attachment":[{"href":"https:\/\/bbqentertainment.com\/en\/wp-json\/wp\/v2\/media?parent=13176"}],"wp:term":[{"taxonomy":"product_brand","embeddable":true,"href":"https:\/\/bbqentertainment.com\/en\/wp-json\/wp\/v2\/product_brand?post=13176"},{"taxonomy":"product_cat","embeddable":true,"href":"https:\/\/bbqentertainment.com\/en\/wp-json\/wp\/v2\/product_cat?post=13176"},{"taxonomy":"product_tag","embeddable":true,"href":"https:\/\/bbqentertainment.com\/en\/wp-json\/wp\/v2\/product_tag?post=13176"}],"curies":[{"name":"wp","href":"https:\/\/api.w.org\/{rel}","templated":true}]}}