{"id":1604,"date":"2020-04-16T09:10:18","date_gmt":"2020-04-16T06:10:18","guid":{"rendered":"https:\/\/bbqentertainment.com\/?post_type=product&#038;p=1604"},"modified":"2026-03-07T23:36:53","modified_gmt":"2026-03-07T21:36:53","slug":"meater","status":"publish","type":"product","link":"https:\/\/bbqentertainment.com\/en\/toode\/meater\/","title":{"rendered":"Liha sisetermomeeter MEATER Original"},"content":{"rendered":"","protected":false},"excerpt":{"rendered":"<h3><strong>Liha sisetermomeeter MEATER Original (10 meetrit t\u00f6\u00f6raadius)<\/strong><\/h3>\n<p>Maailma esimene t\u00e4iesti juhtmevaba liha sisetermomeeter. Temperatuurim\u00f5\u00f5dikul on kaks temperatuuriandurit, mille abil telefoni paigaldatud mobiilirakendus aitab sul valmistada t\u00e4iuslikku praeahju- v\u00f5i grill-liha. Meaterit on v\u00e4ga lihtne kasutada. \u00dchendus toimib l\u00e4bi Bluetooth\u2019i. Meater rakenduse abil jagad \u00fchenduse edasi ka teistele wifi-v\u00f5rgus olevatele telefonidele. Telefon annab m\u00e4rku kui liha on valmis.<\/p>\n<h3 class=\"accordion_title\">Lisainfo<\/h3><div class=\"accordion\">\n\t<div id=\"accordion-833611518\" class=\"accordion-item\">\n\t\t<a id=\"accordion-833611518-label\" class=\"accordion-title plain\" href=\"#accordion-item-tehnilised-andmed-\" aria-expanded=\"false\" aria-controls=\"accordion-833611518-content\">\n\t\t\t<button class=\"toggle\" aria-label=\"Toggle\"><i class=\"icon-angle-down\" aria-hidden=\"true\"><\/i><\/button>\n\t\t\t<span>Tehnilised andmed <\/span>\n\t\t<\/a>\n\t\t<div id=\"accordion-833611518-content\" class=\"accordion-inner\" aria-labelledby=\"accordion-833611518-label\">\n\t\t\t\n<ul>\n<li>Roostevabast terasest, veekindel ja kergesti puhastatav<\/li>\n<li>Bluetooth 4.0 traadita \u00fchendus<\/li>\n<li>Maksimaalne sisetemperatuur: 100 \u00b0 C (liha)<\/li>\n<li>Maksimaalne \u00fcmbritseva \u00f5hu temperatuur: 275 \u00b0 C<\/li>\n<li>T\u00f6\u00f6aeg 24 tundi<\/li>\n<li>M\u00f5\u00f5dud: pikkus 130mm ja l\u00e4bim\u00f5\u00f5t 6mm Laadija andmed<\/li>\n<li>Hoidke MEATER laadijas<\/li>\n<li>Magnetiline alus kinnitub metallpinnale<\/li>\n<li>Laadimine kuni 100 korda \u00fche AAA-akuga<\/li>\n<li>LED-indikaator aku oleku kuvamiseks<\/li>\n<li>M\u00f5\u00f5dud: 157mm L x 37mm W x 28mm H Rakenduse andmed<\/li>\n<li>iPhone\u2019i ja iPadi rakendused iOS 10.3 v\u00f5i uuemale versioonile<\/li>\n<li>Androidi rakendus versioonidele 5.0 ja uuematele<\/li>\n<\/ul>\n\t\t<\/div>\n\t<\/div>\n\t\n\t<div id=\"accordion-4011637475\" class=\"accordion-item\">\n\t\t<a id=\"accordion-4011637475-label\" class=\"accordion-title plain\" href=\"#accordion-item-komplekti-kuulub-\" aria-expanded=\"false\" aria-controls=\"accordion-4011637475-content\">\n\t\t\t<button class=\"toggle\" aria-label=\"Toggle\"><i class=\"icon-angle-down\" aria-hidden=\"true\"><\/i><\/button>\n\t\t\t<span>Komplekti kuulub <\/span>\n\t\t<\/a>\n\t\t<div id=\"accordion-4011637475-content\" class=\"accordion-inner\" aria-labelledby=\"accordion-4011637475-label\">\n\t\t\t\n<ul>\n<li>1x MEATER andur<\/li>\n<li>1x MEATER laadija<\/li>\n<li>1x MEATER AAA aku<\/li>\n<\/ul>\n\t\t<\/div>\n\t<\/div>\n\t\n\t<div id=\"accordion-3328393906\" class=\"accordion-item\">\n\t\t<a id=\"accordion-3328393906-label\" class=\"accordion-title plain\" href=\"#accordion-item-garantii-ja-juhend-\" aria-expanded=\"false\" aria-controls=\"accordion-3328393906-content\">\n\t\t\t<button class=\"toggle\" aria-label=\"Toggle\"><i class=\"icon-angle-down\" aria-hidden=\"true\"><\/i><\/button>\n\t\t\t<span>Garantii ja juhend <\/span>\n\t\t<\/a>\n\t\t<div id=\"accordion-3328393906-content\" class=\"accordion-inner\" aria-labelledby=\"accordion-3328393906-label\">\n\t\t\t\n<a href=\"https:\/\/bbqentertainment.com\/wp-content\/uploads\/2021\/11\/Meater-Warranty-procedure-manual_EN.pdf\" target=\"_blank\" rel=\"noopener\">Garantii tingimused ja juhend taask\u00e4ivitamiseks<\/a> (inglise keeles)<\/p>\n\t\t<\/div>\n\t<\/div>\n\t\n<\/div>\n","protected":false},"featured_media":237377,"template":"","meta":{"inline_featured_image":false},"product_brand":[],"product_cat":[92,479,24],"product_tag":[],"class_list":{"0":"post-1604","1":"product","2":"type-product","3":"status-publish","4":"has-post-thumbnail","6":"product_cat-lisatarvikud","7":"product_cat-grillitarvikud","8":"product_cat-termomeetrid","10":"first","11":"instock","12":"taxable","13":"shipping-taxable","14":"purchasable","15":"product-type-simple"},"yoast_head":"<!-- This site is optimized with the Yoast SEO plugin v27.2 - https:\/\/yoast.com\/product\/yoast-seo-wordpress\/ -->\n<title>Liha sisetermomeeter MEATER Original - BBQ Entertainment<\/title>\n<meta name=\"robots\" content=\"index, follow, max-snippet:-1, max-image-preview:large, max-video-preview:-1\" \/>\n<link rel=\"canonical\" href=\"https:\/\/bbqentertainment.com\/toode\/meater\/\" \/>\n<meta property=\"og:locale\" content=\"en_US\" \/>\n<meta property=\"og:type\" content=\"article\" \/>\n<meta property=\"og:title\" content=\"Liha sisetermomeeter MEATER Original - BBQ Entertainment\" \/>\n<meta property=\"og:description\" content=\"Liha sisetermomeeter MEATER Original (10 meetrit t\u00f6\u00f6raadius) Maailma esimene t\u00e4iesti juhtmevaba liha sisetermomeeter. Temperatuurim\u00f5\u00f5dikul on kaks temperatuuriandurit, mille abil telefoni paigaldatud mobiilirakendus aitab sul valmistada t\u00e4iuslikku praeahju- v\u00f5i grill-liha. Meaterit on v\u00e4ga lihtne kasutada. \u00dchendus toimib l\u00e4bi Bluetooth\u2019i. Meater rakenduse abil jagad \u00fchenduse edasi ka teistele wifi-v\u00f5rgus olevatele telefonidele. Telefon annab m\u00e4rku kui liha on valmis.\" \/>\n<meta property=\"og:url\" content=\"https:\/\/bbqentertainment.com\/toode\/meater\/\" \/>\n<meta property=\"og:site_name\" content=\"BBQ Entertainment\" \/>\n<meta property=\"article:publisher\" content=\"https:\/\/www.facebook.com\/BBQ-Entertainment-N-Catering-2437913376443540\" \/>\n<meta property=\"article:modified_time\" content=\"2026-03-07T21:36:53+00:00\" \/>\n<meta property=\"og:image\" content=\"https:\/\/bbqentertainment.com\/wp-content\/uploads\/2021\/11\/Liha-sisetermomeeter-MEATER.jpg\" \/>\n\t<meta property=\"og:image:width\" content=\"1200\" \/>\n\t<meta property=\"og:image:height\" content=\"1200\" \/>\n\t<meta property=\"og:image:type\" content=\"image\/jpeg\" \/>\n<meta name=\"twitter:card\" content=\"summary_large_image\" \/>\n<meta name=\"twitter:label1\" content=\"Est. reading time\" \/>\n\t<meta name=\"twitter:data1\" content=\"1 minute\" \/>\n<script type=\"application\/ld+json\" class=\"yoast-schema-graph\">{\"@context\":\"https:\/\/schema.org\",\"@graph\":[{\"@type\":[\"WebPage\",\"ItemPage\"],\"@id\":\"https:\/\/bbqentertainment.com\/toode\/meater\/\",\"url\":\"https:\/\/bbqentertainment.com\/toode\/meater\/\",\"name\":\"Liha sisetermomeeter MEATER Original - BBQ Entertainment\",\"isPartOf\":{\"@id\":\"https:\/\/bbqentertainment.com\/#website\"},\"primaryImageOfPage\":{\"@id\":\"https:\/\/bbqentertainment.com\/toode\/meater\/#primaryimage\"},\"image\":{\"@id\":\"https:\/\/bbqentertainment.com\/toode\/meater\/#primaryimage\"},\"thumbnailUrl\":\"https:\/\/bbqentertainment.com\/wp-content\/uploads\/2021\/11\/Liha-sisetermomeeter-MEATER.jpg\",\"datePublished\":\"2020-04-16T06:10:18+00:00\",\"dateModified\":\"2026-03-07T21:36:53+00:00\",\"breadcrumb\":{\"@id\":\"https:\/\/bbqentertainment.com\/toode\/meater\/#breadcrumb\"},\"inLanguage\":\"en-US\",\"potentialAction\":[{\"@type\":\"ReadAction\",\"target\":[\"https:\/\/bbqentertainment.com\/toode\/meater\/\"]}]},{\"@type\":\"ImageObject\",\"inLanguage\":\"en-US\",\"@id\":\"https:\/\/bbqentertainment.com\/toode\/meater\/#primaryimage\",\"url\":\"https:\/\/bbqentertainment.com\/wp-content\/uploads\/2021\/11\/Liha-sisetermomeeter-MEATER.jpg\",\"contentUrl\":\"https:\/\/bbqentertainment.com\/wp-content\/uploads\/2021\/11\/Liha-sisetermomeeter-MEATER.jpg\",\"width\":1200,\"height\":1200},{\"@type\":\"BreadcrumbList\",\"@id\":\"https:\/\/bbqentertainment.com\/toode\/meater\/#breadcrumb\",\"itemListElement\":[{\"@type\":\"ListItem\",\"position\":1,\"name\":\"AVALEHT\",\"item\":\"https:\/\/bbqentertainment.com\/en\/\"},{\"@type\":\"ListItem\",\"position\":2,\"name\":\"Tooted\",\"item\":\"https:\/\/bbqentertainment.com\/tooted\/\"},{\"@type\":\"ListItem\",\"position\":3,\"name\":\"Lisatarvikud\",\"item\":\"https:\/\/bbqentertainment.com\/tootekategooria\/lisatarvikud\/\"},{\"@type\":\"ListItem\",\"position\":4,\"name\":\"Termomeetrid\",\"item\":\"https:\/\/bbqentertainment.com\/tootekategooria\/lisatarvikud\/termomeetrid\/\"},{\"@type\":\"ListItem\",\"position\":5,\"name\":\"Liha sisetermomeeter MEATER Original\"}]},{\"@type\":\"WebSite\",\"@id\":\"https:\/\/bbqentertainment.com\/#website\",\"url\":\"https:\/\/bbqentertainment.com\/\",\"name\":\"BBQ Entertainment\",\"description\":\"BBQ is a great lifestyle, not just fun!\",\"publisher\":{\"@id\":\"https:\/\/bbqentertainment.com\/#organization\"},\"potentialAction\":[{\"@type\":\"SearchAction\",\"target\":{\"@type\":\"EntryPoint\",\"urlTemplate\":\"https:\/\/bbqentertainment.com\/?s={search_term_string}\"},\"query-input\":{\"@type\":\"PropertyValueSpecification\",\"valueRequired\":true,\"valueName\":\"search_term_string\"}}],\"inLanguage\":\"en-US\"},{\"@type\":\"Organization\",\"@id\":\"https:\/\/bbqentertainment.com\/#organization\",\"name\":\"BBQ Entertainment O\u00dc\",\"url\":\"https:\/\/bbqentertainment.com\/\",\"logo\":{\"@type\":\"ImageObject\",\"inLanguage\":\"en-US\",\"@id\":\"https:\/\/bbqentertainment.com\/#\/schema\/logo\/image\/\",\"url\":\"https:\/\/bbqentertainment.com\/wp-content\/uploads\/2020\/04\/BBQ-Entertainment-N-Catering-Enn-Tobreluts-Logo.png\",\"contentUrl\":\"https:\/\/bbqentertainment.com\/wp-content\/uploads\/2020\/04\/BBQ-Entertainment-N-Catering-Enn-Tobreluts-Logo.png\",\"width\":628,\"height\":266,\"caption\":\"BBQ Entertainment O\u00dc\"},\"image\":{\"@id\":\"https:\/\/bbqentertainment.com\/#\/schema\/logo\/image\/\"},\"sameAs\":[\"https:\/\/www.facebook.com\/BBQ-Entertainment-N-Catering-2437913376443540\",\"https:\/\/www.instagram.com\/bbqentertainmentncatering\/\",\"https:\/\/www.youtube.com\/channel\/UCmpuANQVhLy2Md8nrenp2jA\"]}]}<\/script>\n<!-- \/ Yoast SEO plugin. -->","yoast_head_json":{"title":"Liha sisetermomeeter MEATER Original - BBQ Entertainment","robots":{"index":"index","follow":"follow","max-snippet":"max-snippet:-1","max-image-preview":"max-image-preview:large","max-video-preview":"max-video-preview:-1"},"canonical":"https:\/\/bbqentertainment.com\/toode\/meater\/","og_locale":"en_US","og_type":"article","og_title":"Liha sisetermomeeter MEATER Original - BBQ Entertainment","og_description":"Liha sisetermomeeter MEATER Original (10 meetrit t\u00f6\u00f6raadius) Maailma esimene t\u00e4iesti juhtmevaba liha sisetermomeeter. Temperatuurim\u00f5\u00f5dikul on kaks temperatuuriandurit, mille abil telefoni paigaldatud mobiilirakendus aitab sul valmistada t\u00e4iuslikku praeahju- v\u00f5i grill-liha. Meaterit on v\u00e4ga lihtne kasutada. \u00dchendus toimib l\u00e4bi Bluetooth\u2019i. Meater rakenduse abil jagad \u00fchenduse edasi ka teistele wifi-v\u00f5rgus olevatele telefonidele. Telefon annab m\u00e4rku kui liha on valmis.","og_url":"https:\/\/bbqentertainment.com\/toode\/meater\/","og_site_name":"BBQ Entertainment","article_publisher":"https:\/\/www.facebook.com\/BBQ-Entertainment-N-Catering-2437913376443540","article_modified_time":"2026-03-07T21:36:53+00:00","og_image":[{"width":1200,"height":1200,"url":"https:\/\/bbqentertainment.com\/wp-content\/uploads\/2021\/11\/Liha-sisetermomeeter-MEATER.jpg","type":"image\/jpeg"}],"twitter_card":"summary_large_image","twitter_misc":{"Est. reading time":"1 minute"},"schema":{"@context":"https:\/\/schema.org","@graph":[{"@type":["WebPage","ItemPage"],"@id":"https:\/\/bbqentertainment.com\/toode\/meater\/","url":"https:\/\/bbqentertainment.com\/toode\/meater\/","name":"Liha sisetermomeeter MEATER Original - BBQ Entertainment","isPartOf":{"@id":"https:\/\/bbqentertainment.com\/#website"},"primaryImageOfPage":{"@id":"https:\/\/bbqentertainment.com\/toode\/meater\/#primaryimage"},"image":{"@id":"https:\/\/bbqentertainment.com\/toode\/meater\/#primaryimage"},"thumbnailUrl":"https:\/\/bbqentertainment.com\/wp-content\/uploads\/2021\/11\/Liha-sisetermomeeter-MEATER.jpg","datePublished":"2020-04-16T06:10:18+00:00","dateModified":"2026-03-07T21:36:53+00:00","breadcrumb":{"@id":"https:\/\/bbqentertainment.com\/toode\/meater\/#breadcrumb"},"inLanguage":"en-US","potentialAction":[{"@type":"ReadAction","target":["https:\/\/bbqentertainment.com\/toode\/meater\/"]}]},{"@type":"ImageObject","inLanguage":"en-US","@id":"https:\/\/bbqentertainment.com\/toode\/meater\/#primaryimage","url":"https:\/\/bbqentertainment.com\/wp-content\/uploads\/2021\/11\/Liha-sisetermomeeter-MEATER.jpg","contentUrl":"https:\/\/bbqentertainment.com\/wp-content\/uploads\/2021\/11\/Liha-sisetermomeeter-MEATER.jpg","width":1200,"height":1200},{"@type":"BreadcrumbList","@id":"https:\/\/bbqentertainment.com\/toode\/meater\/#breadcrumb","itemListElement":[{"@type":"ListItem","position":1,"name":"AVALEHT","item":"https:\/\/bbqentertainment.com\/en\/"},{"@type":"ListItem","position":2,"name":"Tooted","item":"https:\/\/bbqentertainment.com\/tooted\/"},{"@type":"ListItem","position":3,"name":"Lisatarvikud","item":"https:\/\/bbqentertainment.com\/tootekategooria\/lisatarvikud\/"},{"@type":"ListItem","position":4,"name":"Termomeetrid","item":"https:\/\/bbqentertainment.com\/tootekategooria\/lisatarvikud\/termomeetrid\/"},{"@type":"ListItem","position":5,"name":"Liha sisetermomeeter MEATER Original"}]},{"@type":"WebSite","@id":"https:\/\/bbqentertainment.com\/#website","url":"https:\/\/bbqentertainment.com\/","name":"BBQ Entertainment","description":"BBQ is a great lifestyle, not just fun!","publisher":{"@id":"https:\/\/bbqentertainment.com\/#organization"},"potentialAction":[{"@type":"SearchAction","target":{"@type":"EntryPoint","urlTemplate":"https:\/\/bbqentertainment.com\/?s={search_term_string}"},"query-input":{"@type":"PropertyValueSpecification","valueRequired":true,"valueName":"search_term_string"}}],"inLanguage":"en-US"},{"@type":"Organization","@id":"https:\/\/bbqentertainment.com\/#organization","name":"BBQ Entertainment O\u00dc","url":"https:\/\/bbqentertainment.com\/","logo":{"@type":"ImageObject","inLanguage":"en-US","@id":"https:\/\/bbqentertainment.com\/#\/schema\/logo\/image\/","url":"https:\/\/bbqentertainment.com\/wp-content\/uploads\/2020\/04\/BBQ-Entertainment-N-Catering-Enn-Tobreluts-Logo.png","contentUrl":"https:\/\/bbqentertainment.com\/wp-content\/uploads\/2020\/04\/BBQ-Entertainment-N-Catering-Enn-Tobreluts-Logo.png","width":628,"height":266,"caption":"BBQ Entertainment O\u00dc"},"image":{"@id":"https:\/\/bbqentertainment.com\/#\/schema\/logo\/image\/"},"sameAs":["https:\/\/www.facebook.com\/BBQ-Entertainment-N-Catering-2437913376443540","https:\/\/www.instagram.com\/bbqentertainmentncatering\/","https:\/\/www.youtube.com\/channel\/UCmpuANQVhLy2Md8nrenp2jA"]}]}},"_links":{"self":[{"href":"https:\/\/bbqentertainment.com\/en\/wp-json\/wp\/v2\/product\/1604","targetHints":{"allow":["GET"]}}],"collection":[{"href":"https:\/\/bbqentertainment.com\/en\/wp-json\/wp\/v2\/product"}],"about":[{"href":"https:\/\/bbqentertainment.com\/en\/wp-json\/wp\/v2\/types\/product"}],"wp:featuredmedia":[{"embeddable":true,"href":"https:\/\/bbqentertainment.com\/en\/wp-json\/wp\/v2\/media\/237377"}],"wp:attachment":[{"href":"https:\/\/bbqentertainment.com\/en\/wp-json\/wp\/v2\/media?parent=1604"}],"wp:term":[{"taxonomy":"product_brand","embeddable":true,"href":"https:\/\/bbqentertainment.com\/en\/wp-json\/wp\/v2\/product_brand?post=1604"},{"taxonomy":"product_cat","embeddable":true,"href":"https:\/\/bbqentertainment.com\/en\/wp-json\/wp\/v2\/product_cat?post=1604"},{"taxonomy":"product_tag","embeddable":true,"href":"https:\/\/bbqentertainment.com\/en\/wp-json\/wp\/v2\/product_tag?post=1604"}],"curies":[{"name":"wp","href":"https:\/\/api.w.org\/{rel}","templated":true}]}}