{"id":1759,"date":"2020-04-16T10:45:35","date_gmt":"2020-04-16T07:45:35","guid":{"rendered":"https:\/\/bbqentertainment.com\/?post_type=product&#038;p=1759"},"modified":"2025-10-28T14:21:15","modified_gmt":"2025-10-28T12:21:15","slug":"meater-block","status":"publish","type":"product","link":"https:\/\/bbqentertainment.com\/en\/toode\/meater-block\/","title":{"rendered":"Liha sisetermomeeter MEATER BLOCK"},"content":{"rendered":"","protected":false},"excerpt":{"rendered":"<h3><strong>Liha sisetermomeeter MEATER BLOCK (50 meetrit t\u00f6\u00f6raadius)<\/strong><\/h3>\n<p>Maailma esimene t\u00e4iesti juhtmevaba liha sisetermomeeter. Temperatuurim\u00f5\u00f5dikul on kaks temperatuuriandurit, mille abil telefoni paigaldatud mobiilirakendus aitab sul valmistada t\u00e4iuslikku praeahju- v\u00f5i grill-liha. Meaterit on v\u00e4ga lihtne kasutada. \u00dchendus toimib l\u00e4bi Bluetooth\u2019i ja wifi-v\u00f5rgu. Meater rakenduse abil jagad \u00fchenduse edasi ka teistele wifi-v\u00f5rgus olevatele telefonidele. Telefon annab m\u00e4rku kui liha on valmis.<\/p>\n<h3 class=\"accordion_title\">Lisainfo<\/h3><div class=\"accordion\">\n\t<div id=\"accordion-2426248338\" class=\"accordion-item\">\n\t\t<a id=\"accordion-2426248338-label\" class=\"accordion-title plain\" href=\"#accordion-item-tehnilised-andmed-\" aria-expanded=\"false\" aria-controls=\"accordion-2426248338-content\">\n\t\t\t<button class=\"toggle\" aria-label=\"Toggle\"><i class=\"icon-angle-down\" aria-hidden=\"true\"><\/i><\/button>\n\t\t\t<span>Tehnilised andmed <\/span>\n\t\t<\/a>\n\t\t<div id=\"accordion-2426248338-content\" class=\"accordion-inner\" aria-labelledby=\"accordion-2426248338-label\">\n\t\t\t\n<ul>\n<li>MEATER BLOCK 4 anduriga<\/li>\n<li>Eraldiseisev re\u017eiim: k\u00fcpseta ilma oma nutitelefoni kasutamata<\/li>\n<li>Pikem leviala: sisseehitatud Bluetooth WiFi leviala laiendus<\/li>\n<li>WiFi koduv\u00f5rk Laadija andmed<\/li>\n<li>Laadimine MEATERi hoidjas<\/li>\n<li>4x AA patareidega 50 tundi pidevat k\u00fcpsetamist<\/li>\n<li>Puutetundlik OLED-ekraan<\/li>\n<li>Sisseehitatud k\u00f5larid helisignaalide jaoks<\/li>\n<li>Maksimaalne v\u00e4listemperatuur: 43 \u00b0 C<\/li>\n<li>M\u00f5\u00f5dud: 132mm L x 39mm W x 157mm H<\/li>\n<\/ul>\n\t\t<\/div>\n\t<\/div>\n\t\n\t<div id=\"accordion-4265613573\" class=\"accordion-item\">\n\t\t<a id=\"accordion-4265613573-label\" class=\"accordion-title plain\" href=\"#accordion-item-komplekti-kuulub\" aria-expanded=\"false\" aria-controls=\"accordion-4265613573-content\">\n\t\t\t<button class=\"toggle\" aria-label=\"Toggle\"><i class=\"icon-angle-down\" aria-hidden=\"true\"><\/i><\/button>\n\t\t\t<span>Komplekti kuulub<\/span>\n\t\t<\/a>\n\t\t<div id=\"accordion-4265613573-content\" class=\"accordion-inner\" aria-labelledby=\"accordion-4265613573-label\">\n\t\t\t\n<ul>\n<li>4x MEATER andur<\/li>\n<li>1x MEATER BLOCK laadija<\/li>\n<li>4x MEATER AA aku<\/li>\n<\/ul>\n\t\t<\/div>\n\t<\/div>\n\t\n\t<div id=\"accordion-2830377969\" class=\"accordion-item\">\n\t\t<a id=\"accordion-2830377969-label\" class=\"accordion-title plain\" href=\"#accordion-item-kataloog-\" aria-expanded=\"false\" aria-controls=\"accordion-2830377969-content\">\n\t\t\t<button class=\"toggle\" aria-label=\"Toggle\"><i class=\"icon-angle-down\" aria-hidden=\"true\"><\/i><\/button>\n\t\t\t<span>Kataloog <\/span>\n\t\t<\/a>\n\t\t<div id=\"accordion-2830377969-content\" class=\"accordion-inner\" aria-labelledby=\"accordion-2830377969-label\">\n\t\t\t\n<a href=\"https:\/\/bbqentertainment.com\/wp-content\/uploads\/2020\/04\/MEATER-Catalogue-EUR.pdf\" target=\"\" rel=\"noopener noreferrer\">MEATER Catalogue EUR<\/a><\/p>\n\t\t<\/div>\n\t<\/div>\n\t\n\t<div id=\"accordion-562957762\" class=\"accordion-item\">\n\t\t<a id=\"accordion-562957762-label\" class=\"accordion-title plain\" href=\"#accordion-item-garantii-ja-juhend\" aria-expanded=\"false\" aria-controls=\"accordion-562957762-content\">\n\t\t\t<button class=\"toggle\" aria-label=\"Toggle\"><i class=\"icon-angle-down\" aria-hidden=\"true\"><\/i><\/button>\n\t\t\t<span>Garantii ja juhend<\/span>\n\t\t<\/a>\n\t\t<div id=\"accordion-562957762-content\" class=\"accordion-inner\" aria-labelledby=\"accordion-562957762-label\">\n\t\t\t\n<p><a href=\"https:\/\/bbqentertainment.com\/wp-content\/uploads\/2021\/11\/Meater-Warranty-procedure-manual_EN.pdf\" target=\"_blank\" rel=\"noopener\">Garantii tingimused ja juhend taask\u00e4ivitamiseks<\/a>\u00a0(inglise keeles)<\/p>\n\t\t<\/div>\n\t<\/div>\n\t\n<\/div>\n","protected":false},"featured_media":1743,"template":"","meta":{"inline_featured_image":false},"product_brand":[],"product_cat":[92,479,24],"product_tag":[],"class_list":{"0":"post-1759","1":"product","2":"type-product","3":"status-publish","4":"has-post-thumbnail","6":"product_cat-lisatarvikud","7":"product_cat-grillitarvikud","8":"product_cat-termomeetrid","10":"first","11":"instock","12":"sale","13":"taxable","14":"shipping-taxable","15":"purchasable","16":"product-type-simple"},"yoast_head":"<!-- This site is optimized with the Yoast SEO plugin v27.2 - https:\/\/yoast.com\/product\/yoast-seo-wordpress\/ -->\n<title>Liha sisetermomeeter MEATER BLOCK - BBQ Entertainment<\/title>\n<meta name=\"robots\" content=\"index, follow, max-snippet:-1, max-image-preview:large, max-video-preview:-1\" \/>\n<link rel=\"canonical\" href=\"https:\/\/bbqentertainment.com\/toode\/meater-block\/\" \/>\n<meta property=\"og:locale\" content=\"en_US\" \/>\n<meta property=\"og:type\" content=\"article\" \/>\n<meta property=\"og:title\" content=\"Liha sisetermomeeter MEATER BLOCK - BBQ Entertainment\" \/>\n<meta property=\"og:description\" content=\"Liha sisetermomeeter MEATER BLOCK (50 meetrit t\u00f6\u00f6raadius) Maailma esimene t\u00e4iesti juhtmevaba liha sisetermomeeter. Temperatuurim\u00f5\u00f5dikul on kaks temperatuuriandurit, mille abil telefoni paigaldatud mobiilirakendus aitab sul valmistada t\u00e4iuslikku praeahju- v\u00f5i grill-liha. Meaterit on v\u00e4ga lihtne kasutada. \u00dchendus toimib l\u00e4bi Bluetooth\u2019i ja wifi-v\u00f5rgu. Meater rakenduse abil jagad \u00fchenduse edasi ka teistele wifi-v\u00f5rgus olevatele telefonidele. Telefon annab m\u00e4rku kui liha on valmis.\" \/>\n<meta property=\"og:url\" content=\"https:\/\/bbqentertainment.com\/toode\/meater-block\/\" \/>\n<meta property=\"og:site_name\" content=\"BBQ Entertainment\" \/>\n<meta property=\"article:publisher\" content=\"https:\/\/www.facebook.com\/BBQ-Entertainment-N-Catering-2437913376443540\" \/>\n<meta property=\"article:modified_time\" content=\"2025-10-28T12:21:15+00:00\" \/>\n<meta property=\"og:image\" content=\"https:\/\/bbqentertainment.com\/wp-content\/uploads\/2020\/04\/BBQ-Entertainment-O\u00dc-MEATER-MEATER-Block-product-picture_30-e1587030672189.jpeg\" \/>\n\t<meta property=\"og:image:width\" content=\"750\" \/>\n\t<meta property=\"og:image:height\" content=\"750\" \/>\n\t<meta property=\"og:image:type\" content=\"image\/jpeg\" \/>\n<meta name=\"twitter:card\" content=\"summary_large_image\" \/>\n<meta name=\"twitter:label1\" content=\"Est. reading time\" \/>\n\t<meta name=\"twitter:data1\" content=\"1 minute\" \/>\n<script type=\"application\/ld+json\" class=\"yoast-schema-graph\">{\"@context\":\"https:\/\/schema.org\",\"@graph\":[{\"@type\":[\"WebPage\",\"ItemPage\"],\"@id\":\"https:\/\/bbqentertainment.com\/toode\/meater-block\/\",\"url\":\"https:\/\/bbqentertainment.com\/toode\/meater-block\/\",\"name\":\"Liha sisetermomeeter MEATER BLOCK - BBQ Entertainment\",\"isPartOf\":{\"@id\":\"https:\/\/bbqentertainment.com\/#website\"},\"primaryImageOfPage\":{\"@id\":\"https:\/\/bbqentertainment.com\/toode\/meater-block\/#primaryimage\"},\"image\":{\"@id\":\"https:\/\/bbqentertainment.com\/toode\/meater-block\/#primaryimage\"},\"thumbnailUrl\":\"https:\/\/bbqentertainment.com\/wp-content\/uploads\/2020\/04\/BBQ-Entertainment-O\u00dc-MEATER-MEATER-Block-product-picture_30-e1587030672189.jpeg\",\"datePublished\":\"2020-04-16T07:45:35+00:00\",\"dateModified\":\"2025-10-28T12:21:15+00:00\",\"breadcrumb\":{\"@id\":\"https:\/\/bbqentertainment.com\/toode\/meater-block\/#breadcrumb\"},\"inLanguage\":\"en-US\",\"potentialAction\":[{\"@type\":\"ReadAction\",\"target\":[\"https:\/\/bbqentertainment.com\/toode\/meater-block\/\"]}]},{\"@type\":\"ImageObject\",\"inLanguage\":\"en-US\",\"@id\":\"https:\/\/bbqentertainment.com\/toode\/meater-block\/#primaryimage\",\"url\":\"https:\/\/bbqentertainment.com\/wp-content\/uploads\/2020\/04\/BBQ-Entertainment-O\u00dc-MEATER-MEATER-Block-product-picture_30-e1587030672189.jpeg\",\"contentUrl\":\"https:\/\/bbqentertainment.com\/wp-content\/uploads\/2020\/04\/BBQ-Entertainment-O\u00dc-MEATER-MEATER-Block-product-picture_30-e1587030672189.jpeg\",\"width\":750,\"height\":750},{\"@type\":\"BreadcrumbList\",\"@id\":\"https:\/\/bbqentertainment.com\/toode\/meater-block\/#breadcrumb\",\"itemListElement\":[{\"@type\":\"ListItem\",\"position\":1,\"name\":\"AVALEHT\",\"item\":\"https:\/\/bbqentertainment.com\/en\/\"},{\"@type\":\"ListItem\",\"position\":2,\"name\":\"Tooted\",\"item\":\"https:\/\/bbqentertainment.com\/tooted\/\"},{\"@type\":\"ListItem\",\"position\":3,\"name\":\"Lisatarvikud\",\"item\":\"https:\/\/bbqentertainment.com\/tootekategooria\/lisatarvikud\/\"},{\"@type\":\"ListItem\",\"position\":4,\"name\":\"Termomeetrid\",\"item\":\"https:\/\/bbqentertainment.com\/tootekategooria\/lisatarvikud\/termomeetrid\/\"},{\"@type\":\"ListItem\",\"position\":5,\"name\":\"Liha sisetermomeeter MEATER BLOCK\"}]},{\"@type\":\"WebSite\",\"@id\":\"https:\/\/bbqentertainment.com\/#website\",\"url\":\"https:\/\/bbqentertainment.com\/\",\"name\":\"BBQ Entertainment\",\"description\":\"BBQ is a great lifestyle, not just fun!\",\"publisher\":{\"@id\":\"https:\/\/bbqentertainment.com\/#organization\"},\"potentialAction\":[{\"@type\":\"SearchAction\",\"target\":{\"@type\":\"EntryPoint\",\"urlTemplate\":\"https:\/\/bbqentertainment.com\/?s={search_term_string}\"},\"query-input\":{\"@type\":\"PropertyValueSpecification\",\"valueRequired\":true,\"valueName\":\"search_term_string\"}}],\"inLanguage\":\"en-US\"},{\"@type\":\"Organization\",\"@id\":\"https:\/\/bbqentertainment.com\/#organization\",\"name\":\"BBQ Entertainment O\u00dc\",\"url\":\"https:\/\/bbqentertainment.com\/\",\"logo\":{\"@type\":\"ImageObject\",\"inLanguage\":\"en-US\",\"@id\":\"https:\/\/bbqentertainment.com\/#\/schema\/logo\/image\/\",\"url\":\"https:\/\/bbqentertainment.com\/wp-content\/uploads\/2020\/04\/BBQ-Entertainment-N-Catering-Enn-Tobreluts-Logo.png\",\"contentUrl\":\"https:\/\/bbqentertainment.com\/wp-content\/uploads\/2020\/04\/BBQ-Entertainment-N-Catering-Enn-Tobreluts-Logo.png\",\"width\":628,\"height\":266,\"caption\":\"BBQ Entertainment O\u00dc\"},\"image\":{\"@id\":\"https:\/\/bbqentertainment.com\/#\/schema\/logo\/image\/\"},\"sameAs\":[\"https:\/\/www.facebook.com\/BBQ-Entertainment-N-Catering-2437913376443540\",\"https:\/\/www.instagram.com\/bbqentertainmentncatering\/\",\"https:\/\/www.youtube.com\/channel\/UCmpuANQVhLy2Md8nrenp2jA\"]}]}<\/script>\n<!-- \/ Yoast SEO plugin. -->","yoast_head_json":{"title":"Liha sisetermomeeter MEATER BLOCK - BBQ Entertainment","robots":{"index":"index","follow":"follow","max-snippet":"max-snippet:-1","max-image-preview":"max-image-preview:large","max-video-preview":"max-video-preview:-1"},"canonical":"https:\/\/bbqentertainment.com\/toode\/meater-block\/","og_locale":"en_US","og_type":"article","og_title":"Liha sisetermomeeter MEATER BLOCK - BBQ Entertainment","og_description":"Liha sisetermomeeter MEATER BLOCK (50 meetrit t\u00f6\u00f6raadius) Maailma esimene t\u00e4iesti juhtmevaba liha sisetermomeeter. Temperatuurim\u00f5\u00f5dikul on kaks temperatuuriandurit, mille abil telefoni paigaldatud mobiilirakendus aitab sul valmistada t\u00e4iuslikku praeahju- v\u00f5i grill-liha. Meaterit on v\u00e4ga lihtne kasutada. \u00dchendus toimib l\u00e4bi Bluetooth\u2019i ja wifi-v\u00f5rgu. Meater rakenduse abil jagad \u00fchenduse edasi ka teistele wifi-v\u00f5rgus olevatele telefonidele. Telefon annab m\u00e4rku kui liha on valmis.","og_url":"https:\/\/bbqentertainment.com\/toode\/meater-block\/","og_site_name":"BBQ Entertainment","article_publisher":"https:\/\/www.facebook.com\/BBQ-Entertainment-N-Catering-2437913376443540","article_modified_time":"2025-10-28T12:21:15+00:00","og_image":[{"width":750,"height":750,"url":"https:\/\/bbqentertainment.com\/wp-content\/uploads\/2020\/04\/BBQ-Entertainment-O\u00dc-MEATER-MEATER-Block-product-picture_30-e1587030672189.jpeg","type":"image\/jpeg"}],"twitter_card":"summary_large_image","twitter_misc":{"Est. reading time":"1 minute"},"schema":{"@context":"https:\/\/schema.org","@graph":[{"@type":["WebPage","ItemPage"],"@id":"https:\/\/bbqentertainment.com\/toode\/meater-block\/","url":"https:\/\/bbqentertainment.com\/toode\/meater-block\/","name":"Liha sisetermomeeter MEATER BLOCK - BBQ Entertainment","isPartOf":{"@id":"https:\/\/bbqentertainment.com\/#website"},"primaryImageOfPage":{"@id":"https:\/\/bbqentertainment.com\/toode\/meater-block\/#primaryimage"},"image":{"@id":"https:\/\/bbqentertainment.com\/toode\/meater-block\/#primaryimage"},"thumbnailUrl":"https:\/\/bbqentertainment.com\/wp-content\/uploads\/2020\/04\/BBQ-Entertainment-O\u00dc-MEATER-MEATER-Block-product-picture_30-e1587030672189.jpeg","datePublished":"2020-04-16T07:45:35+00:00","dateModified":"2025-10-28T12:21:15+00:00","breadcrumb":{"@id":"https:\/\/bbqentertainment.com\/toode\/meater-block\/#breadcrumb"},"inLanguage":"en-US","potentialAction":[{"@type":"ReadAction","target":["https:\/\/bbqentertainment.com\/toode\/meater-block\/"]}]},{"@type":"ImageObject","inLanguage":"en-US","@id":"https:\/\/bbqentertainment.com\/toode\/meater-block\/#primaryimage","url":"https:\/\/bbqentertainment.com\/wp-content\/uploads\/2020\/04\/BBQ-Entertainment-O\u00dc-MEATER-MEATER-Block-product-picture_30-e1587030672189.jpeg","contentUrl":"https:\/\/bbqentertainment.com\/wp-content\/uploads\/2020\/04\/BBQ-Entertainment-O\u00dc-MEATER-MEATER-Block-product-picture_30-e1587030672189.jpeg","width":750,"height":750},{"@type":"BreadcrumbList","@id":"https:\/\/bbqentertainment.com\/toode\/meater-block\/#breadcrumb","itemListElement":[{"@type":"ListItem","position":1,"name":"AVALEHT","item":"https:\/\/bbqentertainment.com\/en\/"},{"@type":"ListItem","position":2,"name":"Tooted","item":"https:\/\/bbqentertainment.com\/tooted\/"},{"@type":"ListItem","position":3,"name":"Lisatarvikud","item":"https:\/\/bbqentertainment.com\/tootekategooria\/lisatarvikud\/"},{"@type":"ListItem","position":4,"name":"Termomeetrid","item":"https:\/\/bbqentertainment.com\/tootekategooria\/lisatarvikud\/termomeetrid\/"},{"@type":"ListItem","position":5,"name":"Liha sisetermomeeter MEATER BLOCK"}]},{"@type":"WebSite","@id":"https:\/\/bbqentertainment.com\/#website","url":"https:\/\/bbqentertainment.com\/","name":"BBQ Entertainment","description":"BBQ is a great lifestyle, not just fun!","publisher":{"@id":"https:\/\/bbqentertainment.com\/#organization"},"potentialAction":[{"@type":"SearchAction","target":{"@type":"EntryPoint","urlTemplate":"https:\/\/bbqentertainment.com\/?s={search_term_string}"},"query-input":{"@type":"PropertyValueSpecification","valueRequired":true,"valueName":"search_term_string"}}],"inLanguage":"en-US"},{"@type":"Organization","@id":"https:\/\/bbqentertainment.com\/#organization","name":"BBQ Entertainment O\u00dc","url":"https:\/\/bbqentertainment.com\/","logo":{"@type":"ImageObject","inLanguage":"en-US","@id":"https:\/\/bbqentertainment.com\/#\/schema\/logo\/image\/","url":"https:\/\/bbqentertainment.com\/wp-content\/uploads\/2020\/04\/BBQ-Entertainment-N-Catering-Enn-Tobreluts-Logo.png","contentUrl":"https:\/\/bbqentertainment.com\/wp-content\/uploads\/2020\/04\/BBQ-Entertainment-N-Catering-Enn-Tobreluts-Logo.png","width":628,"height":266,"caption":"BBQ Entertainment O\u00dc"},"image":{"@id":"https:\/\/bbqentertainment.com\/#\/schema\/logo\/image\/"},"sameAs":["https:\/\/www.facebook.com\/BBQ-Entertainment-N-Catering-2437913376443540","https:\/\/www.instagram.com\/bbqentertainmentncatering\/","https:\/\/www.youtube.com\/channel\/UCmpuANQVhLy2Md8nrenp2jA"]}]}},"_links":{"self":[{"href":"https:\/\/bbqentertainment.com\/en\/wp-json\/wp\/v2\/product\/1759","targetHints":{"allow":["GET"]}}],"collection":[{"href":"https:\/\/bbqentertainment.com\/en\/wp-json\/wp\/v2\/product"}],"about":[{"href":"https:\/\/bbqentertainment.com\/en\/wp-json\/wp\/v2\/types\/product"}],"wp:featuredmedia":[{"embeddable":true,"href":"https:\/\/bbqentertainment.com\/en\/wp-json\/wp\/v2\/media\/1743"}],"wp:attachment":[{"href":"https:\/\/bbqentertainment.com\/en\/wp-json\/wp\/v2\/media?parent=1759"}],"wp:term":[{"taxonomy":"product_brand","embeddable":true,"href":"https:\/\/bbqentertainment.com\/en\/wp-json\/wp\/v2\/product_brand?post=1759"},{"taxonomy":"product_cat","embeddable":true,"href":"https:\/\/bbqentertainment.com\/en\/wp-json\/wp\/v2\/product_cat?post=1759"},{"taxonomy":"product_tag","embeddable":true,"href":"https:\/\/bbqentertainment.com\/en\/wp-json\/wp\/v2\/product_tag?post=1759"}],"curies":[{"name":"wp","href":"https:\/\/api.w.org\/{rel}","templated":true}]}}