{"id":2036,"date":"2020-04-21T15:09:54","date_gmt":"2020-04-21T12:09:54","guid":{"rendered":"https:\/\/bbqentertainment.com\/?post_type=product&#038;p=2036"},"modified":"2025-07-25T13:45:30","modified_gmt":"2025-07-25T10:45:30","slug":"il-borgo-igp-250-ml-oranz","status":"publish","type":"product","link":"https:\/\/bbqentertainment.com\/en\/toode\/il-borgo-igp-250-ml-oranz\/","title":{"rendered":"IL Borgo 5+ aastat laagerdatud Modena balsamiiko IGP ORAN\u017d 250 ml"},"content":{"rendered":"","protected":false},"excerpt":{"rendered":"<h3><strong>IL Borgo 5+ aastat laagerdatud Modena balsamiiko IGP ORAN\u017d 250 ml<\/strong><\/h3>\n<ul>\n<li><strong>P\u00e4ritolu:<\/strong> Itaalia, Emilia Romagna piirkond, Modena. Kaitstud piirkonna geograafilise t\u00e4hise (IGP) regulatsioonidega.<\/li>\n<li><strong>Viinamarjasort:<\/strong> Trebbiano ja Lambrusco<\/li>\n<li><strong>Valmistamine: <\/strong>Sisaldab viinamarjavirret ja veini\u00e4\u00e4dikat. V\u00f5ib olla lisatud v\u00e4ike kogus karamelli v\u00e4rvuse \u00fchtlustamiseks. Hoitakse spetsiaalsetes tammevaatides.<\/li>\n<li><strong>Laagerdumisaeg:<\/strong> 5+ aastat<\/li>\n<li><strong>Happesus<\/strong>: 6%<\/li>\n<li><strong>Kasutusv\u00f5imalused: <\/strong>Sobib suurep\u00e4raselt salatite ja grill-liha k\u00f5rvale. Paar tilka pastaroogadele ja wokitud k\u00f6\u00f6giviljadele t\u00f5stavad roa uuele tasemele. M\u00f5nusa magushapu maitse saamiseks lisatakse seda toiduvalmistamise viimastel hetkedel.<\/li>\n<\/ul>\n<p>Erinevalt \u201ckollases karbis\u201d olevast nooremast versioonist on Il Borgo &#8220;Etikett Orange&#8221; magusam, siirupisema tihedusega ja suurema maitseintensiivsusega.<\/p>\n","protected":false},"featured_media":2025,"template":"","meta":{"inline_featured_image":false},"product_brand":[],"product_cat":[28,29],"product_tag":[],"class_list":{"0":"post-2036","1":"product","2":"type-product","3":"status-publish","4":"has-post-thumbnail","6":"product_cat-maitseandjad","7":"product_cat-balsamiiko","9":"first","10":"instock","11":"taxable","12":"shipping-taxable","13":"purchasable","14":"product-type-simple"},"yoast_head":"<!-- This site is optimized with the Yoast SEO plugin v27.4 - https:\/\/yoast.com\/product\/yoast-seo-wordpress\/ -->\n<title>IL Borgo 5+ aastat laagerdatud Modena balsamiiko IGP ORAN\u017d 250 ml - BBQ Entertainment<\/title>\n<meta name=\"robots\" content=\"index, follow, max-snippet:-1, max-image-preview:large, max-video-preview:-1\" \/>\n<link rel=\"canonical\" href=\"https:\/\/bbqentertainment.com\/toode\/il-borgo-igp-250-ml-oranz\/\" \/>\n<meta property=\"og:locale\" content=\"en_US\" \/>\n<meta property=\"og:type\" content=\"article\" \/>\n<meta property=\"og:title\" content=\"IL Borgo 5+ aastat laagerdatud Modena balsamiiko IGP ORAN\u017d 250 ml - BBQ Entertainment\" \/>\n<meta property=\"og:description\" content=\"IL Borgo 5+ aastat laagerdatud Modena balsamiiko IGP ORAN\u017d 250 ml   P\u00e4ritolu: Itaalia, Emilia Romagna piirkond, Modena. Kaitstud piirkonna geograafilise t\u00e4hise (IGP) regulatsioonidega.  Viinamarjasort: Trebbiano ja Lambrusco  Valmistamine: Sisaldab viinamarjavirret ja veini\u00e4\u00e4dikat. V\u00f5ib olla lisatud v\u00e4ike kogus karamelli v\u00e4rvuse \u00fchtlustamiseks. Hoitakse spetsiaalsetes tammevaatides.  Laagerdumisaeg: 5+ aastat  Happesus: 6%  Kasutusv\u00f5imalused: Sobib suurep\u00e4raselt salatite ja grill-liha k\u00f5rvale. Paar tilka pastaroogadele ja wokitud k\u00f6\u00f6giviljadele t\u00f5stavad roa uuele tasemele. M\u00f5nusa magushapu maitse saamiseks lisatakse seda toiduvalmistamise viimastel hetkedel.  Erinevalt \u201ckollases karbis\u201d olevast nooremast versioonist on Il Borgo &quot;Etikett Orange&quot; magusam, siirupisema tihedusega ja suurema maitseintensiivsusega.\" \/>\n<meta property=\"og:url\" content=\"https:\/\/bbqentertainment.com\/toode\/il-borgo-igp-250-ml-oranz\/\" \/>\n<meta property=\"og:site_name\" content=\"BBQ Entertainment\" \/>\n<meta property=\"article:publisher\" content=\"https:\/\/www.facebook.com\/BBQ-Entertainment-N-Catering-2437913376443540\" \/>\n<meta property=\"article:modified_time\" content=\"2025-07-25T10:45:30+00:00\" \/>\n<meta property=\"og:image\" content=\"https:\/\/bbqentertainment.com\/wp-content\/uploads\/2020\/04\/BBQ-Entertainment-N-Catering-Enn-TobrelutsIL-Borgo-AGED-BALSAMIC-VINEGAR-of-MODENA-IGP-250-ml-Orange-1.jpg\" \/>\n\t<meta property=\"og:image:width\" content=\"1000\" \/>\n\t<meta property=\"og:image:height\" content=\"1000\" \/>\n\t<meta property=\"og:image:type\" content=\"image\/jpeg\" \/>\n<meta name=\"twitter:card\" content=\"summary_large_image\" \/>\n<meta name=\"twitter:label1\" content=\"Est. reading time\" \/>\n\t<meta name=\"twitter:data1\" content=\"1 minute\" \/>\n<script type=\"application\/ld+json\" class=\"yoast-schema-graph\">{\"@context\":\"https:\\\/\\\/schema.org\",\"@graph\":[{\"@type\":[\"WebPage\",\"ItemPage\"],\"@id\":\"https:\\\/\\\/bbqentertainment.com\\\/toode\\\/il-borgo-igp-250-ml-oranz\\\/\",\"url\":\"https:\\\/\\\/bbqentertainment.com\\\/toode\\\/il-borgo-igp-250-ml-oranz\\\/\",\"name\":\"IL Borgo 5+ aastat laagerdatud Modena balsamiiko IGP ORAN\u017d 250 ml - BBQ Entertainment\",\"isPartOf\":{\"@id\":\"https:\\\/\\\/bbqentertainment.com\\\/#website\"},\"primaryImageOfPage\":{\"@id\":\"https:\\\/\\\/bbqentertainment.com\\\/toode\\\/il-borgo-igp-250-ml-oranz\\\/#primaryimage\"},\"image\":{\"@id\":\"https:\\\/\\\/bbqentertainment.com\\\/toode\\\/il-borgo-igp-250-ml-oranz\\\/#primaryimage\"},\"thumbnailUrl\":\"https:\\\/\\\/bbqentertainment.com\\\/wp-content\\\/uploads\\\/2020\\\/04\\\/BBQ-Entertainment-N-Catering-Enn-TobrelutsIL-Borgo-AGED-BALSAMIC-VINEGAR-of-MODENA-IGP-250-ml-Orange-1.jpg\",\"datePublished\":\"2020-04-21T12:09:54+00:00\",\"dateModified\":\"2025-07-25T10:45:30+00:00\",\"breadcrumb\":{\"@id\":\"https:\\\/\\\/bbqentertainment.com\\\/toode\\\/il-borgo-igp-250-ml-oranz\\\/#breadcrumb\"},\"inLanguage\":\"en-US\",\"potentialAction\":[{\"@type\":\"ReadAction\",\"target\":[\"https:\\\/\\\/bbqentertainment.com\\\/toode\\\/il-borgo-igp-250-ml-oranz\\\/\"]}]},{\"@type\":\"ImageObject\",\"inLanguage\":\"en-US\",\"@id\":\"https:\\\/\\\/bbqentertainment.com\\\/toode\\\/il-borgo-igp-250-ml-oranz\\\/#primaryimage\",\"url\":\"https:\\\/\\\/bbqentertainment.com\\\/wp-content\\\/uploads\\\/2020\\\/04\\\/BBQ-Entertainment-N-Catering-Enn-TobrelutsIL-Borgo-AGED-BALSAMIC-VINEGAR-of-MODENA-IGP-250-ml-Orange-1.jpg\",\"contentUrl\":\"https:\\\/\\\/bbqentertainment.com\\\/wp-content\\\/uploads\\\/2020\\\/04\\\/BBQ-Entertainment-N-Catering-Enn-TobrelutsIL-Borgo-AGED-BALSAMIC-VINEGAR-of-MODENA-IGP-250-ml-Orange-1.jpg\",\"width\":1000,\"height\":1000},{\"@type\":\"BreadcrumbList\",\"@id\":\"https:\\\/\\\/bbqentertainment.com\\\/toode\\\/il-borgo-igp-250-ml-oranz\\\/#breadcrumb\",\"itemListElement\":[{\"@type\":\"ListItem\",\"position\":1,\"name\":\"AVALEHT\",\"item\":\"https:\\\/\\\/bbqentertainment.com\\\/en\\\/\"},{\"@type\":\"ListItem\",\"position\":2,\"name\":\"Tooted\",\"item\":\"https:\\\/\\\/bbqentertainment.com\\\/tooted\\\/\"},{\"@type\":\"ListItem\",\"position\":3,\"name\":\"Maitseandjad\",\"item\":\"https:\\\/\\\/bbqentertainment.com\\\/en\\\/tootekategooria\\\/maitseandjad\\\/\"},{\"@type\":\"ListItem\",\"position\":4,\"name\":\"Balsamiiko\",\"item\":\"https:\\\/\\\/bbqentertainment.com\\\/tootekategooria\\\/maitseandjad\\\/balsamiiko\\\/\"},{\"@type\":\"ListItem\",\"position\":5,\"name\":\"IL Borgo 5+ aastat laagerdatud Modena balsamiiko IGP ORAN\u017d 250 ml\"}]},{\"@type\":\"WebSite\",\"@id\":\"https:\\\/\\\/bbqentertainment.com\\\/#website\",\"url\":\"https:\\\/\\\/bbqentertainment.com\\\/\",\"name\":\"BBQ Entertainment\",\"description\":\"BBQ is a great lifestyle, not just fun!\",\"publisher\":{\"@id\":\"https:\\\/\\\/bbqentertainment.com\\\/#organization\"},\"potentialAction\":[{\"@type\":\"SearchAction\",\"target\":{\"@type\":\"EntryPoint\",\"urlTemplate\":\"https:\\\/\\\/bbqentertainment.com\\\/?s={search_term_string}\"},\"query-input\":{\"@type\":\"PropertyValueSpecification\",\"valueRequired\":true,\"valueName\":\"search_term_string\"}}],\"inLanguage\":\"en-US\"},{\"@type\":\"Organization\",\"@id\":\"https:\\\/\\\/bbqentertainment.com\\\/#organization\",\"name\":\"BBQ Entertainment O\u00dc\",\"url\":\"https:\\\/\\\/bbqentertainment.com\\\/\",\"logo\":{\"@type\":\"ImageObject\",\"inLanguage\":\"en-US\",\"@id\":\"https:\\\/\\\/bbqentertainment.com\\\/#\\\/schema\\\/logo\\\/image\\\/\",\"url\":\"https:\\\/\\\/bbqentertainment.com\\\/wp-content\\\/uploads\\\/2020\\\/04\\\/BBQ-Entertainment-N-Catering-Enn-Tobreluts-Logo.png\",\"contentUrl\":\"https:\\\/\\\/bbqentertainment.com\\\/wp-content\\\/uploads\\\/2020\\\/04\\\/BBQ-Entertainment-N-Catering-Enn-Tobreluts-Logo.png\",\"width\":628,\"height\":266,\"caption\":\"BBQ Entertainment O\u00dc\"},\"image\":{\"@id\":\"https:\\\/\\\/bbqentertainment.com\\\/#\\\/schema\\\/logo\\\/image\\\/\"},\"sameAs\":[\"https:\\\/\\\/www.facebook.com\\\/BBQ-Entertainment-N-Catering-2437913376443540\",\"https:\\\/\\\/www.instagram.com\\\/bbqentertainmentncatering\\\/\",\"https:\\\/\\\/www.youtube.com\\\/channel\\\/UCmpuANQVhLy2Md8nrenp2jA\"]}]}<\/script>\n<!-- \/ Yoast SEO plugin. -->","yoast_head_json":{"title":"IL Borgo 5+ aastat laagerdatud Modena balsamiiko IGP ORAN\u017d 250 ml - BBQ Entertainment","robots":{"index":"index","follow":"follow","max-snippet":"max-snippet:-1","max-image-preview":"max-image-preview:large","max-video-preview":"max-video-preview:-1"},"canonical":"https:\/\/bbqentertainment.com\/toode\/il-borgo-igp-250-ml-oranz\/","og_locale":"en_US","og_type":"article","og_title":"IL Borgo 5+ aastat laagerdatud Modena balsamiiko IGP ORAN\u017d 250 ml - BBQ Entertainment","og_description":"IL Borgo 5+ aastat laagerdatud Modena balsamiiko IGP ORAN\u017d 250 ml   P\u00e4ritolu: Itaalia, Emilia Romagna piirkond, Modena. Kaitstud piirkonna geograafilise t\u00e4hise (IGP) regulatsioonidega.  Viinamarjasort: Trebbiano ja Lambrusco  Valmistamine: Sisaldab viinamarjavirret ja veini\u00e4\u00e4dikat. V\u00f5ib olla lisatud v\u00e4ike kogus karamelli v\u00e4rvuse \u00fchtlustamiseks. Hoitakse spetsiaalsetes tammevaatides.  Laagerdumisaeg: 5+ aastat  Happesus: 6%  Kasutusv\u00f5imalused: Sobib suurep\u00e4raselt salatite ja grill-liha k\u00f5rvale. Paar tilka pastaroogadele ja wokitud k\u00f6\u00f6giviljadele t\u00f5stavad roa uuele tasemele. M\u00f5nusa magushapu maitse saamiseks lisatakse seda toiduvalmistamise viimastel hetkedel.  Erinevalt \u201ckollases karbis\u201d olevast nooremast versioonist on Il Borgo \"Etikett Orange\" magusam, siirupisema tihedusega ja suurema maitseintensiivsusega.","og_url":"https:\/\/bbqentertainment.com\/toode\/il-borgo-igp-250-ml-oranz\/","og_site_name":"BBQ Entertainment","article_publisher":"https:\/\/www.facebook.com\/BBQ-Entertainment-N-Catering-2437913376443540","article_modified_time":"2025-07-25T10:45:30+00:00","og_image":[{"width":1000,"height":1000,"url":"https:\/\/bbqentertainment.com\/wp-content\/uploads\/2020\/04\/BBQ-Entertainment-N-Catering-Enn-TobrelutsIL-Borgo-AGED-BALSAMIC-VINEGAR-of-MODENA-IGP-250-ml-Orange-1.jpg","type":"image\/jpeg"}],"twitter_card":"summary_large_image","twitter_misc":{"Est. reading time":"1 minute"},"schema":{"@context":"https:\/\/schema.org","@graph":[{"@type":["WebPage","ItemPage"],"@id":"https:\/\/bbqentertainment.com\/toode\/il-borgo-igp-250-ml-oranz\/","url":"https:\/\/bbqentertainment.com\/toode\/il-borgo-igp-250-ml-oranz\/","name":"IL Borgo 5+ aastat laagerdatud Modena balsamiiko IGP ORAN\u017d 250 ml - BBQ Entertainment","isPartOf":{"@id":"https:\/\/bbqentertainment.com\/#website"},"primaryImageOfPage":{"@id":"https:\/\/bbqentertainment.com\/toode\/il-borgo-igp-250-ml-oranz\/#primaryimage"},"image":{"@id":"https:\/\/bbqentertainment.com\/toode\/il-borgo-igp-250-ml-oranz\/#primaryimage"},"thumbnailUrl":"https:\/\/bbqentertainment.com\/wp-content\/uploads\/2020\/04\/BBQ-Entertainment-N-Catering-Enn-TobrelutsIL-Borgo-AGED-BALSAMIC-VINEGAR-of-MODENA-IGP-250-ml-Orange-1.jpg","datePublished":"2020-04-21T12:09:54+00:00","dateModified":"2025-07-25T10:45:30+00:00","breadcrumb":{"@id":"https:\/\/bbqentertainment.com\/toode\/il-borgo-igp-250-ml-oranz\/#breadcrumb"},"inLanguage":"en-US","potentialAction":[{"@type":"ReadAction","target":["https:\/\/bbqentertainment.com\/toode\/il-borgo-igp-250-ml-oranz\/"]}]},{"@type":"ImageObject","inLanguage":"en-US","@id":"https:\/\/bbqentertainment.com\/toode\/il-borgo-igp-250-ml-oranz\/#primaryimage","url":"https:\/\/bbqentertainment.com\/wp-content\/uploads\/2020\/04\/BBQ-Entertainment-N-Catering-Enn-TobrelutsIL-Borgo-AGED-BALSAMIC-VINEGAR-of-MODENA-IGP-250-ml-Orange-1.jpg","contentUrl":"https:\/\/bbqentertainment.com\/wp-content\/uploads\/2020\/04\/BBQ-Entertainment-N-Catering-Enn-TobrelutsIL-Borgo-AGED-BALSAMIC-VINEGAR-of-MODENA-IGP-250-ml-Orange-1.jpg","width":1000,"height":1000},{"@type":"BreadcrumbList","@id":"https:\/\/bbqentertainment.com\/toode\/il-borgo-igp-250-ml-oranz\/#breadcrumb","itemListElement":[{"@type":"ListItem","position":1,"name":"AVALEHT","item":"https:\/\/bbqentertainment.com\/en\/"},{"@type":"ListItem","position":2,"name":"Tooted","item":"https:\/\/bbqentertainment.com\/tooted\/"},{"@type":"ListItem","position":3,"name":"Maitseandjad","item":"https:\/\/bbqentertainment.com\/en\/tootekategooria\/maitseandjad\/"},{"@type":"ListItem","position":4,"name":"Balsamiiko","item":"https:\/\/bbqentertainment.com\/tootekategooria\/maitseandjad\/balsamiiko\/"},{"@type":"ListItem","position":5,"name":"IL Borgo 5+ aastat laagerdatud Modena balsamiiko IGP ORAN\u017d 250 ml"}]},{"@type":"WebSite","@id":"https:\/\/bbqentertainment.com\/#website","url":"https:\/\/bbqentertainment.com\/","name":"BBQ Entertainment","description":"BBQ is a great lifestyle, not just fun!","publisher":{"@id":"https:\/\/bbqentertainment.com\/#organization"},"potentialAction":[{"@type":"SearchAction","target":{"@type":"EntryPoint","urlTemplate":"https:\/\/bbqentertainment.com\/?s={search_term_string}"},"query-input":{"@type":"PropertyValueSpecification","valueRequired":true,"valueName":"search_term_string"}}],"inLanguage":"en-US"},{"@type":"Organization","@id":"https:\/\/bbqentertainment.com\/#organization","name":"BBQ Entertainment O\u00dc","url":"https:\/\/bbqentertainment.com\/","logo":{"@type":"ImageObject","inLanguage":"en-US","@id":"https:\/\/bbqentertainment.com\/#\/schema\/logo\/image\/","url":"https:\/\/bbqentertainment.com\/wp-content\/uploads\/2020\/04\/BBQ-Entertainment-N-Catering-Enn-Tobreluts-Logo.png","contentUrl":"https:\/\/bbqentertainment.com\/wp-content\/uploads\/2020\/04\/BBQ-Entertainment-N-Catering-Enn-Tobreluts-Logo.png","width":628,"height":266,"caption":"BBQ Entertainment O\u00dc"},"image":{"@id":"https:\/\/bbqentertainment.com\/#\/schema\/logo\/image\/"},"sameAs":["https:\/\/www.facebook.com\/BBQ-Entertainment-N-Catering-2437913376443540","https:\/\/www.instagram.com\/bbqentertainmentncatering\/","https:\/\/www.youtube.com\/channel\/UCmpuANQVhLy2Md8nrenp2jA"]}]}},"_links":{"self":[{"href":"https:\/\/bbqentertainment.com\/en\/wp-json\/wp\/v2\/product\/2036","targetHints":{"allow":["GET"]}}],"collection":[{"href":"https:\/\/bbqentertainment.com\/en\/wp-json\/wp\/v2\/product"}],"about":[{"href":"https:\/\/bbqentertainment.com\/en\/wp-json\/wp\/v2\/types\/product"}],"wp:featuredmedia":[{"embeddable":true,"href":"https:\/\/bbqentertainment.com\/en\/wp-json\/wp\/v2\/media\/2025"}],"wp:attachment":[{"href":"https:\/\/bbqentertainment.com\/en\/wp-json\/wp\/v2\/media?parent=2036"}],"wp:term":[{"taxonomy":"product_brand","embeddable":true,"href":"https:\/\/bbqentertainment.com\/en\/wp-json\/wp\/v2\/product_brand?post=2036"},{"taxonomy":"product_cat","embeddable":true,"href":"https:\/\/bbqentertainment.com\/en\/wp-json\/wp\/v2\/product_cat?post=2036"},{"taxonomy":"product_tag","embeddable":true,"href":"https:\/\/bbqentertainment.com\/en\/wp-json\/wp\/v2\/product_tag?post=2036"}],"curies":[{"name":"wp","href":"https:\/\/api.w.org\/{rel}","templated":true}]}}