{"id":2038,"date":"2020-04-21T15:11:00","date_gmt":"2020-04-21T12:11:00","guid":{"rendered":"https:\/\/bbqentertainment.com\/?post_type=product&#038;p=2038"},"modified":"2025-07-25T13:45:49","modified_gmt":"2025-07-25T10:45:49","slug":"il-borgo-250ml-satin","status":"publish","type":"product","link":"https:\/\/bbqentertainment.com\/en\/toode\/il-borgo-250ml-satin\/","title":{"rendered":"IL Borgo 7+ aastat laagerdatud balsamiiko DALIA EDITION \u201cSATIN\u201d 250 ml"},"content":{"rendered":"","protected":false},"excerpt":{"rendered":"<h3><strong>IL Borgo 7+ aastat laagerdatud balsamiiko DALIA EDITION \u201cSATIN\u201d 250 ml<\/strong><\/h3>\n<p>Borgo Satin Condiment on valmistatud keedetud viinamarjavirdest ja laagerdunud veini\u00e4\u00e4dikast, mis k\u00fcpseb mitu aastat v\u00e4ikestes tammevaatides. Selle siidine tekstuur, pehme konsistents ning tasakaal magusa ja hapu vahel teevad sellest \u00fche armastatuima IL Borgo balsamiiko.<\/p>\n<p>Toote kujundus on valminud koost\u00f6\u00f6s M\u00fcncheni kunstniku Steffi Baueriga, kes l\u00f5i erilise pakendi, mis s\u00fcmboliseerib ilu ja v\u00e4rskust.<\/p>\n<p><strong>Kasutamine<\/strong>: sobib ideaalselt v\u00e4rskete ja maitsestatud juustude, tavalise vaniljej\u00e4\u00e4tise v\u00f5i foie gras&#8217;ga.<\/p>\n<p>Suurep\u00e4rane valik kingituseks v\u00f5i eriliste hetkede t\u00e4histamiseks ning p\u00e4lvib kindlasti heakskiidu k\u00f5igilt, kes naudivad peeneid maitseid.<\/p>\n","protected":false},"featured_media":239292,"template":"","meta":{"inline_featured_image":false},"product_brand":[],"product_cat":[28,29,301,32],"product_tag":[],"class_list":{"0":"post-2038","1":"product","2":"type-product","3":"status-publish","4":"has-post-thumbnail","6":"product_cat-maitseandjad","7":"product_cat-balsamiiko","8":"product_cat-kinkekarp","9":"product_cat-kinkekarbid","11":"first","12":"instock","13":"taxable","14":"shipping-taxable","15":"purchasable","16":"product-type-simple"},"yoast_head":"<!-- This site is optimized with the Yoast SEO plugin v27.4 - https:\/\/yoast.com\/product\/yoast-seo-wordpress\/ -->\n<title>IL Borgo 7+ aastat laagerdatud balsamiiko DALIA EDITION \u201cSATIN\u201d 250 ml - BBQ Entertainment<\/title>\n<meta name=\"robots\" content=\"index, follow, max-snippet:-1, max-image-preview:large, max-video-preview:-1\" \/>\n<link rel=\"canonical\" href=\"https:\/\/bbqentertainment.com\/toode\/il-borgo-250ml-satin\/\" \/>\n<meta property=\"og:locale\" content=\"en_US\" \/>\n<meta property=\"og:type\" content=\"article\" \/>\n<meta property=\"og:title\" content=\"IL Borgo 7+ aastat laagerdatud balsamiiko DALIA EDITION \u201cSATIN\u201d 250 ml - BBQ Entertainment\" \/>\n<meta property=\"og:description\" content=\"IL Borgo 7+ aastat laagerdatud balsamiiko DALIA EDITION \u201cSATIN\u201d 250 ml Borgo Satin Condiment on valmistatud keedetud viinamarjavirdest ja laagerdunud veini\u00e4\u00e4dikast, mis k\u00fcpseb mitu aastat v\u00e4ikestes tammevaatides. Selle siidine tekstuur, pehme konsistents ning tasakaal magusa ja hapu vahel teevad sellest \u00fche armastatuima IL Borgo balsamiiko.  Toote kujundus on valminud koost\u00f6\u00f6s M\u00fcncheni kunstniku Steffi Baueriga, kes l\u00f5i erilise pakendi, mis s\u00fcmboliseerib ilu ja v\u00e4rskust.  Kasutamine: sobib ideaalselt v\u00e4rskete ja maitsestatud juustude, tavalise vaniljej\u00e4\u00e4tise v\u00f5i foie gras&#039;ga.  Suurep\u00e4rane valik kingituseks v\u00f5i eriliste hetkede t\u00e4histamiseks ning p\u00e4lvib kindlasti heakskiidu k\u00f5igilt, kes naudivad peeneid maitseid.\" \/>\n<meta property=\"og:url\" content=\"https:\/\/bbqentertainment.com\/toode\/il-borgo-250ml-satin\/\" \/>\n<meta property=\"og:site_name\" content=\"BBQ Entertainment\" \/>\n<meta property=\"article:publisher\" content=\"https:\/\/www.facebook.com\/BBQ-Entertainment-N-Catering-2437913376443540\" \/>\n<meta property=\"article:modified_time\" content=\"2025-07-25T10:45:49+00:00\" \/>\n<meta property=\"og:image\" content=\"https:\/\/bbqentertainment.com\/wp-content\/uploads\/2020\/04\/IL-Borgo-7-aastat-laagerdatud-balsamiiko-DALIA-EDITION-SATIN-250-ml.jpg\" \/>\n\t<meta property=\"og:image:width\" content=\"1200\" \/>\n\t<meta property=\"og:image:height\" content=\"1200\" \/>\n\t<meta property=\"og:image:type\" content=\"image\/jpeg\" \/>\n<meta name=\"twitter:card\" content=\"summary_large_image\" \/>\n<meta name=\"twitter:label1\" content=\"Est. reading time\" \/>\n\t<meta name=\"twitter:data1\" content=\"1 minute\" \/>\n<script type=\"application\/ld+json\" class=\"yoast-schema-graph\">{\"@context\":\"https:\\\/\\\/schema.org\",\"@graph\":[{\"@type\":[\"WebPage\",\"ItemPage\"],\"@id\":\"https:\\\/\\\/bbqentertainment.com\\\/toode\\\/il-borgo-250ml-satin\\\/\",\"url\":\"https:\\\/\\\/bbqentertainment.com\\\/toode\\\/il-borgo-250ml-satin\\\/\",\"name\":\"IL Borgo 7+ aastat laagerdatud balsamiiko DALIA EDITION \u201cSATIN\u201d 250 ml - BBQ Entertainment\",\"isPartOf\":{\"@id\":\"https:\\\/\\\/bbqentertainment.com\\\/#website\"},\"primaryImageOfPage\":{\"@id\":\"https:\\\/\\\/bbqentertainment.com\\\/toode\\\/il-borgo-250ml-satin\\\/#primaryimage\"},\"image\":{\"@id\":\"https:\\\/\\\/bbqentertainment.com\\\/toode\\\/il-borgo-250ml-satin\\\/#primaryimage\"},\"thumbnailUrl\":\"https:\\\/\\\/bbqentertainment.com\\\/wp-content\\\/uploads\\\/2020\\\/04\\\/IL-Borgo-7-aastat-laagerdatud-balsamiiko-DALIA-EDITION-SATIN-250-ml.jpg\",\"datePublished\":\"2020-04-21T12:11:00+00:00\",\"dateModified\":\"2025-07-25T10:45:49+00:00\",\"breadcrumb\":{\"@id\":\"https:\\\/\\\/bbqentertainment.com\\\/toode\\\/il-borgo-250ml-satin\\\/#breadcrumb\"},\"inLanguage\":\"en-US\",\"potentialAction\":[{\"@type\":\"ReadAction\",\"target\":[\"https:\\\/\\\/bbqentertainment.com\\\/toode\\\/il-borgo-250ml-satin\\\/\"]}]},{\"@type\":\"ImageObject\",\"inLanguage\":\"en-US\",\"@id\":\"https:\\\/\\\/bbqentertainment.com\\\/toode\\\/il-borgo-250ml-satin\\\/#primaryimage\",\"url\":\"https:\\\/\\\/bbqentertainment.com\\\/wp-content\\\/uploads\\\/2020\\\/04\\\/IL-Borgo-7-aastat-laagerdatud-balsamiiko-DALIA-EDITION-SATIN-250-ml.jpg\",\"contentUrl\":\"https:\\\/\\\/bbqentertainment.com\\\/wp-content\\\/uploads\\\/2020\\\/04\\\/IL-Borgo-7-aastat-laagerdatud-balsamiiko-DALIA-EDITION-SATIN-250-ml.jpg\",\"width\":1200,\"height\":1200},{\"@type\":\"BreadcrumbList\",\"@id\":\"https:\\\/\\\/bbqentertainment.com\\\/toode\\\/il-borgo-250ml-satin\\\/#breadcrumb\",\"itemListElement\":[{\"@type\":\"ListItem\",\"position\":1,\"name\":\"AVALEHT\",\"item\":\"https:\\\/\\\/bbqentertainment.com\\\/en\\\/\"},{\"@type\":\"ListItem\",\"position\":2,\"name\":\"Tooted\",\"item\":\"https:\\\/\\\/bbqentertainment.com\\\/tooted\\\/\"},{\"@type\":\"ListItem\",\"position\":3,\"name\":\"Maitseandjad\",\"item\":\"https:\\\/\\\/bbqentertainment.com\\\/en\\\/tootekategooria\\\/maitseandjad\\\/\"},{\"@type\":\"ListItem\",\"position\":4,\"name\":\"Balsamiiko\",\"item\":\"https:\\\/\\\/bbqentertainment.com\\\/tootekategooria\\\/maitseandjad\\\/balsamiiko\\\/\"},{\"@type\":\"ListItem\",\"position\":5,\"name\":\"IL Borgo 7+ aastat laagerdatud balsamiiko DALIA EDITION \u201cSATIN\u201d 250 ml\"}]},{\"@type\":\"WebSite\",\"@id\":\"https:\\\/\\\/bbqentertainment.com\\\/#website\",\"url\":\"https:\\\/\\\/bbqentertainment.com\\\/\",\"name\":\"BBQ Entertainment\",\"description\":\"BBQ is a great lifestyle, not just fun!\",\"publisher\":{\"@id\":\"https:\\\/\\\/bbqentertainment.com\\\/#organization\"},\"potentialAction\":[{\"@type\":\"SearchAction\",\"target\":{\"@type\":\"EntryPoint\",\"urlTemplate\":\"https:\\\/\\\/bbqentertainment.com\\\/?s={search_term_string}\"},\"query-input\":{\"@type\":\"PropertyValueSpecification\",\"valueRequired\":true,\"valueName\":\"search_term_string\"}}],\"inLanguage\":\"en-US\"},{\"@type\":\"Organization\",\"@id\":\"https:\\\/\\\/bbqentertainment.com\\\/#organization\",\"name\":\"BBQ Entertainment O\u00dc\",\"url\":\"https:\\\/\\\/bbqentertainment.com\\\/\",\"logo\":{\"@type\":\"ImageObject\",\"inLanguage\":\"en-US\",\"@id\":\"https:\\\/\\\/bbqentertainment.com\\\/#\\\/schema\\\/logo\\\/image\\\/\",\"url\":\"https:\\\/\\\/bbqentertainment.com\\\/wp-content\\\/uploads\\\/2020\\\/04\\\/BBQ-Entertainment-N-Catering-Enn-Tobreluts-Logo.png\",\"contentUrl\":\"https:\\\/\\\/bbqentertainment.com\\\/wp-content\\\/uploads\\\/2020\\\/04\\\/BBQ-Entertainment-N-Catering-Enn-Tobreluts-Logo.png\",\"width\":628,\"height\":266,\"caption\":\"BBQ Entertainment O\u00dc\"},\"image\":{\"@id\":\"https:\\\/\\\/bbqentertainment.com\\\/#\\\/schema\\\/logo\\\/image\\\/\"},\"sameAs\":[\"https:\\\/\\\/www.facebook.com\\\/BBQ-Entertainment-N-Catering-2437913376443540\",\"https:\\\/\\\/www.instagram.com\\\/bbqentertainmentncatering\\\/\",\"https:\\\/\\\/www.youtube.com\\\/channel\\\/UCmpuANQVhLy2Md8nrenp2jA\"]}]}<\/script>\n<!-- \/ Yoast SEO plugin. -->","yoast_head_json":{"title":"IL Borgo 7+ aastat laagerdatud balsamiiko DALIA EDITION \u201cSATIN\u201d 250 ml - BBQ Entertainment","robots":{"index":"index","follow":"follow","max-snippet":"max-snippet:-1","max-image-preview":"max-image-preview:large","max-video-preview":"max-video-preview:-1"},"canonical":"https:\/\/bbqentertainment.com\/toode\/il-borgo-250ml-satin\/","og_locale":"en_US","og_type":"article","og_title":"IL Borgo 7+ aastat laagerdatud balsamiiko DALIA EDITION \u201cSATIN\u201d 250 ml - BBQ Entertainment","og_description":"IL Borgo 7+ aastat laagerdatud balsamiiko DALIA EDITION \u201cSATIN\u201d 250 ml Borgo Satin Condiment on valmistatud keedetud viinamarjavirdest ja laagerdunud veini\u00e4\u00e4dikast, mis k\u00fcpseb mitu aastat v\u00e4ikestes tammevaatides. Selle siidine tekstuur, pehme konsistents ning tasakaal magusa ja hapu vahel teevad sellest \u00fche armastatuima IL Borgo balsamiiko.  Toote kujundus on valminud koost\u00f6\u00f6s M\u00fcncheni kunstniku Steffi Baueriga, kes l\u00f5i erilise pakendi, mis s\u00fcmboliseerib ilu ja v\u00e4rskust.  Kasutamine: sobib ideaalselt v\u00e4rskete ja maitsestatud juustude, tavalise vaniljej\u00e4\u00e4tise v\u00f5i foie gras'ga.  Suurep\u00e4rane valik kingituseks v\u00f5i eriliste hetkede t\u00e4histamiseks ning p\u00e4lvib kindlasti heakskiidu k\u00f5igilt, kes naudivad peeneid maitseid.","og_url":"https:\/\/bbqentertainment.com\/toode\/il-borgo-250ml-satin\/","og_site_name":"BBQ Entertainment","article_publisher":"https:\/\/www.facebook.com\/BBQ-Entertainment-N-Catering-2437913376443540","article_modified_time":"2025-07-25T10:45:49+00:00","og_image":[{"width":1200,"height":1200,"url":"https:\/\/bbqentertainment.com\/wp-content\/uploads\/2020\/04\/IL-Borgo-7-aastat-laagerdatud-balsamiiko-DALIA-EDITION-SATIN-250-ml.jpg","type":"image\/jpeg"}],"twitter_card":"summary_large_image","twitter_misc":{"Est. reading time":"1 minute"},"schema":{"@context":"https:\/\/schema.org","@graph":[{"@type":["WebPage","ItemPage"],"@id":"https:\/\/bbqentertainment.com\/toode\/il-borgo-250ml-satin\/","url":"https:\/\/bbqentertainment.com\/toode\/il-borgo-250ml-satin\/","name":"IL Borgo 7+ aastat laagerdatud balsamiiko DALIA EDITION \u201cSATIN\u201d 250 ml - BBQ Entertainment","isPartOf":{"@id":"https:\/\/bbqentertainment.com\/#website"},"primaryImageOfPage":{"@id":"https:\/\/bbqentertainment.com\/toode\/il-borgo-250ml-satin\/#primaryimage"},"image":{"@id":"https:\/\/bbqentertainment.com\/toode\/il-borgo-250ml-satin\/#primaryimage"},"thumbnailUrl":"https:\/\/bbqentertainment.com\/wp-content\/uploads\/2020\/04\/IL-Borgo-7-aastat-laagerdatud-balsamiiko-DALIA-EDITION-SATIN-250-ml.jpg","datePublished":"2020-04-21T12:11:00+00:00","dateModified":"2025-07-25T10:45:49+00:00","breadcrumb":{"@id":"https:\/\/bbqentertainment.com\/toode\/il-borgo-250ml-satin\/#breadcrumb"},"inLanguage":"en-US","potentialAction":[{"@type":"ReadAction","target":["https:\/\/bbqentertainment.com\/toode\/il-borgo-250ml-satin\/"]}]},{"@type":"ImageObject","inLanguage":"en-US","@id":"https:\/\/bbqentertainment.com\/toode\/il-borgo-250ml-satin\/#primaryimage","url":"https:\/\/bbqentertainment.com\/wp-content\/uploads\/2020\/04\/IL-Borgo-7-aastat-laagerdatud-balsamiiko-DALIA-EDITION-SATIN-250-ml.jpg","contentUrl":"https:\/\/bbqentertainment.com\/wp-content\/uploads\/2020\/04\/IL-Borgo-7-aastat-laagerdatud-balsamiiko-DALIA-EDITION-SATIN-250-ml.jpg","width":1200,"height":1200},{"@type":"BreadcrumbList","@id":"https:\/\/bbqentertainment.com\/toode\/il-borgo-250ml-satin\/#breadcrumb","itemListElement":[{"@type":"ListItem","position":1,"name":"AVALEHT","item":"https:\/\/bbqentertainment.com\/en\/"},{"@type":"ListItem","position":2,"name":"Tooted","item":"https:\/\/bbqentertainment.com\/tooted\/"},{"@type":"ListItem","position":3,"name":"Maitseandjad","item":"https:\/\/bbqentertainment.com\/en\/tootekategooria\/maitseandjad\/"},{"@type":"ListItem","position":4,"name":"Balsamiiko","item":"https:\/\/bbqentertainment.com\/tootekategooria\/maitseandjad\/balsamiiko\/"},{"@type":"ListItem","position":5,"name":"IL Borgo 7+ aastat laagerdatud balsamiiko DALIA EDITION \u201cSATIN\u201d 250 ml"}]},{"@type":"WebSite","@id":"https:\/\/bbqentertainment.com\/#website","url":"https:\/\/bbqentertainment.com\/","name":"BBQ Entertainment","description":"BBQ is a great lifestyle, not just fun!","publisher":{"@id":"https:\/\/bbqentertainment.com\/#organization"},"potentialAction":[{"@type":"SearchAction","target":{"@type":"EntryPoint","urlTemplate":"https:\/\/bbqentertainment.com\/?s={search_term_string}"},"query-input":{"@type":"PropertyValueSpecification","valueRequired":true,"valueName":"search_term_string"}}],"inLanguage":"en-US"},{"@type":"Organization","@id":"https:\/\/bbqentertainment.com\/#organization","name":"BBQ Entertainment O\u00dc","url":"https:\/\/bbqentertainment.com\/","logo":{"@type":"ImageObject","inLanguage":"en-US","@id":"https:\/\/bbqentertainment.com\/#\/schema\/logo\/image\/","url":"https:\/\/bbqentertainment.com\/wp-content\/uploads\/2020\/04\/BBQ-Entertainment-N-Catering-Enn-Tobreluts-Logo.png","contentUrl":"https:\/\/bbqentertainment.com\/wp-content\/uploads\/2020\/04\/BBQ-Entertainment-N-Catering-Enn-Tobreluts-Logo.png","width":628,"height":266,"caption":"BBQ Entertainment O\u00dc"},"image":{"@id":"https:\/\/bbqentertainment.com\/#\/schema\/logo\/image\/"},"sameAs":["https:\/\/www.facebook.com\/BBQ-Entertainment-N-Catering-2437913376443540","https:\/\/www.instagram.com\/bbqentertainmentncatering\/","https:\/\/www.youtube.com\/channel\/UCmpuANQVhLy2Md8nrenp2jA"]}]}},"_links":{"self":[{"href":"https:\/\/bbqentertainment.com\/en\/wp-json\/wp\/v2\/product\/2038","targetHints":{"allow":["GET"]}}],"collection":[{"href":"https:\/\/bbqentertainment.com\/en\/wp-json\/wp\/v2\/product"}],"about":[{"href":"https:\/\/bbqentertainment.com\/en\/wp-json\/wp\/v2\/types\/product"}],"wp:featuredmedia":[{"embeddable":true,"href":"https:\/\/bbqentertainment.com\/en\/wp-json\/wp\/v2\/media\/239292"}],"wp:attachment":[{"href":"https:\/\/bbqentertainment.com\/en\/wp-json\/wp\/v2\/media?parent=2038"}],"wp:term":[{"taxonomy":"product_brand","embeddable":true,"href":"https:\/\/bbqentertainment.com\/en\/wp-json\/wp\/v2\/product_brand?post=2038"},{"taxonomy":"product_cat","embeddable":true,"href":"https:\/\/bbqentertainment.com\/en\/wp-json\/wp\/v2\/product_cat?post=2038"},{"taxonomy":"product_tag","embeddable":true,"href":"https:\/\/bbqentertainment.com\/en\/wp-json\/wp\/v2\/product_tag?post=2038"}],"curies":[{"name":"wp","href":"https:\/\/api.w.org\/{rel}","templated":true}]}}