{"id":2039,"date":"2020-04-21T15:11:28","date_gmt":"2020-04-21T12:11:28","guid":{"rendered":"https:\/\/bbqentertainment.com\/?post_type=product&#038;p=2039"},"modified":"2025-07-25T13:46:02","modified_gmt":"2025-07-25T10:46:02","slug":"il-borgo-100ml-rose-edition-satin","status":"publish","type":"product","link":"https:\/\/bbqentertainment.com\/en\/toode\/il-borgo-100ml-rose-edition-satin\/","title":{"rendered":"IL Borgo 7+ aastat laagerdatud balsamiiko ROSE EDITION SATIN kinkekarbis 100 ml"},"content":{"rendered":"","protected":false},"excerpt":{"rendered":"<h3><strong>IL Borgo 7+ aastat laagerdatud balsamiiko ROSE EDITION SATIN kinkekarbis 100 ml (Aged Condiment)<\/strong><\/h3>\n<p>IL Borgo 7+ aastat laagerdunud palsami\u00e4\u00e4dikas Rose Edition Satin on luksuslik toode, mis valmib hoolikalt valitud keedetud viinamarjavirdest ja laagerdunud veini\u00e4\u00e4dikast. Selle valmimine v\u00f5tab aega \u00fcle seitsme aasta, mille jooksul \u00e4\u00e4dikas k\u00fcpseb v\u00e4ikestes tammevaatides, saavutades rikkaliku maitse ja t\u00e4iusliku konsistentsi.<\/p>\n<p><strong>Omadused:<\/strong><\/p>\n<ul>\n<li><strong>Maitse:<\/strong> T\u00e4iuslik tasakaal magususe ja peene happesuse vahel.<\/li>\n<li><strong>Tekstuur:<\/strong> Siidine ja kreemine, ideaalne nii roa viimistlemiseks kui ka gurmeeelamuse loomiseks.<\/li>\n<li><strong>Laagerdumine:<\/strong> K\u00fcpsenud \u00fcle 7 aasta v\u00e4ikestes tammevaatides, mis lisavad \u00e4\u00e4dikale s\u00fcgavust ja n\u00fcansse.<\/li>\n<\/ul>\n<p><strong>Kasutus: <\/strong>Sobib suurep\u00e4raselt viimistluseks luksuslikele roogadele, n\u00e4iteks juustudele, grillitud lihale v\u00f5i v\u00e4rsketele puuviljadele.<\/p>\n","protected":false},"featured_media":249184,"template":"","meta":{"inline_featured_image":false},"product_brand":[],"product_cat":[28,29,301,32],"product_tag":[],"class_list":{"0":"post-2039","1":"product","2":"type-product","3":"status-publish","4":"has-post-thumbnail","6":"product_cat-maitseandjad","7":"product_cat-balsamiiko","8":"product_cat-kinkekarp","9":"product_cat-kinkekarbid","11":"first","12":"instock","13":"taxable","14":"shipping-taxable","15":"purchasable","16":"product-type-simple"},"yoast_head":"<!-- This site is optimized with the Yoast SEO plugin v27.4 - https:\/\/yoast.com\/product\/yoast-seo-wordpress\/ -->\n<title>IL Borgo 7+ aastat laagerdatud balsamiiko ROSE EDITION SATIN kinkekarbis 100 ml - BBQ Entertainment<\/title>\n<meta name=\"robots\" content=\"index, follow, max-snippet:-1, max-image-preview:large, max-video-preview:-1\" \/>\n<link rel=\"canonical\" href=\"https:\/\/bbqentertainment.com\/toode\/il-borgo-100ml-rose-edition-satin\/\" \/>\n<meta property=\"og:locale\" content=\"en_US\" \/>\n<meta property=\"og:type\" content=\"article\" \/>\n<meta property=\"og:title\" content=\"IL Borgo 7+ aastat laagerdatud balsamiiko ROSE EDITION SATIN kinkekarbis 100 ml - BBQ Entertainment\" \/>\n<meta property=\"og:description\" content=\"IL Borgo 7+ aastat laagerdatud balsamiiko ROSE EDITION SATIN kinkekarbis 100 ml (Aged Condiment) IL Borgo 7+ aastat laagerdunud palsami\u00e4\u00e4dikas Rose Edition Satin on luksuslik toode, mis valmib hoolikalt valitud keedetud viinamarjavirdest ja laagerdunud veini\u00e4\u00e4dikast. Selle valmimine v\u00f5tab aega \u00fcle seitsme aasta, mille jooksul \u00e4\u00e4dikas k\u00fcpseb v\u00e4ikestes tammevaatides, saavutades rikkaliku maitse ja t\u00e4iusliku konsistentsi.  Omadused:   Maitse: T\u00e4iuslik tasakaal magususe ja peene happesuse vahel.  Tekstuur: Siidine ja kreemine, ideaalne nii roa viimistlemiseks kui ka gurmeeelamuse loomiseks.  Laagerdumine: K\u00fcpsenud \u00fcle 7 aasta v\u00e4ikestes tammevaatides, mis lisavad \u00e4\u00e4dikale s\u00fcgavust ja n\u00fcansse.  Kasutus: Sobib suurep\u00e4raselt viimistluseks luksuslikele roogadele, n\u00e4iteks juustudele, grillitud lihale v\u00f5i v\u00e4rsketele puuviljadele.\" \/>\n<meta property=\"og:url\" content=\"https:\/\/bbqentertainment.com\/toode\/il-borgo-100ml-rose-edition-satin\/\" \/>\n<meta property=\"og:site_name\" content=\"BBQ Entertainment\" \/>\n<meta property=\"article:publisher\" content=\"https:\/\/www.facebook.com\/BBQ-Entertainment-N-Catering-2437913376443540\" \/>\n<meta property=\"article:modified_time\" content=\"2025-07-25T10:46:02+00:00\" \/>\n<meta property=\"og:image\" content=\"https:\/\/bbqentertainment.com\/wp-content\/uploads\/2020\/04\/Ilborgorose100ml_EAN8032853080184_IL-Borgo-Aged-Condiment-Balsamico-ROSE-EDITION-SATIN-kinkekarbis-100-ml-roosipildiga.jpg\" \/>\n\t<meta property=\"og:image:width\" content=\"1600\" \/>\n\t<meta property=\"og:image:height\" content=\"1600\" \/>\n\t<meta property=\"og:image:type\" content=\"image\/jpeg\" \/>\n<meta name=\"twitter:card\" content=\"summary_large_image\" \/>\n<meta name=\"twitter:label1\" content=\"Est. reading time\" \/>\n\t<meta name=\"twitter:data1\" content=\"1 minute\" \/>\n<script type=\"application\/ld+json\" class=\"yoast-schema-graph\">{\"@context\":\"https:\\\/\\\/schema.org\",\"@graph\":[{\"@type\":[\"WebPage\",\"ItemPage\"],\"@id\":\"https:\\\/\\\/bbqentertainment.com\\\/toode\\\/il-borgo-100ml-rose-edition-satin\\\/\",\"url\":\"https:\\\/\\\/bbqentertainment.com\\\/toode\\\/il-borgo-100ml-rose-edition-satin\\\/\",\"name\":\"IL Borgo 7+ aastat laagerdatud balsamiiko ROSE EDITION SATIN kinkekarbis 100 ml - BBQ Entertainment\",\"isPartOf\":{\"@id\":\"https:\\\/\\\/bbqentertainment.com\\\/#website\"},\"primaryImageOfPage\":{\"@id\":\"https:\\\/\\\/bbqentertainment.com\\\/toode\\\/il-borgo-100ml-rose-edition-satin\\\/#primaryimage\"},\"image\":{\"@id\":\"https:\\\/\\\/bbqentertainment.com\\\/toode\\\/il-borgo-100ml-rose-edition-satin\\\/#primaryimage\"},\"thumbnailUrl\":\"https:\\\/\\\/bbqentertainment.com\\\/wp-content\\\/uploads\\\/2020\\\/04\\\/Ilborgorose100ml_EAN8032853080184_IL-Borgo-Aged-Condiment-Balsamico-ROSE-EDITION-SATIN-kinkekarbis-100-ml-roosipildiga.jpg\",\"datePublished\":\"2020-04-21T12:11:28+00:00\",\"dateModified\":\"2025-07-25T10:46:02+00:00\",\"breadcrumb\":{\"@id\":\"https:\\\/\\\/bbqentertainment.com\\\/toode\\\/il-borgo-100ml-rose-edition-satin\\\/#breadcrumb\"},\"inLanguage\":\"en-US\",\"potentialAction\":[{\"@type\":\"ReadAction\",\"target\":[\"https:\\\/\\\/bbqentertainment.com\\\/toode\\\/il-borgo-100ml-rose-edition-satin\\\/\"]}]},{\"@type\":\"ImageObject\",\"inLanguage\":\"en-US\",\"@id\":\"https:\\\/\\\/bbqentertainment.com\\\/toode\\\/il-borgo-100ml-rose-edition-satin\\\/#primaryimage\",\"url\":\"https:\\\/\\\/bbqentertainment.com\\\/wp-content\\\/uploads\\\/2020\\\/04\\\/Ilborgorose100ml_EAN8032853080184_IL-Borgo-Aged-Condiment-Balsamico-ROSE-EDITION-SATIN-kinkekarbis-100-ml-roosipildiga.jpg\",\"contentUrl\":\"https:\\\/\\\/bbqentertainment.com\\\/wp-content\\\/uploads\\\/2020\\\/04\\\/Ilborgorose100ml_EAN8032853080184_IL-Borgo-Aged-Condiment-Balsamico-ROSE-EDITION-SATIN-kinkekarbis-100-ml-roosipildiga.jpg\",\"width\":1600,\"height\":1600},{\"@type\":\"BreadcrumbList\",\"@id\":\"https:\\\/\\\/bbqentertainment.com\\\/toode\\\/il-borgo-100ml-rose-edition-satin\\\/#breadcrumb\",\"itemListElement\":[{\"@type\":\"ListItem\",\"position\":1,\"name\":\"AVALEHT\",\"item\":\"https:\\\/\\\/bbqentertainment.com\\\/en\\\/\"},{\"@type\":\"ListItem\",\"position\":2,\"name\":\"Tooted\",\"item\":\"https:\\\/\\\/bbqentertainment.com\\\/tooted\\\/\"},{\"@type\":\"ListItem\",\"position\":3,\"name\":\"Maitseandjad\",\"item\":\"https:\\\/\\\/bbqentertainment.com\\\/en\\\/tootekategooria\\\/maitseandjad\\\/\"},{\"@type\":\"ListItem\",\"position\":4,\"name\":\"Balsamiiko\",\"item\":\"https:\\\/\\\/bbqentertainment.com\\\/tootekategooria\\\/maitseandjad\\\/balsamiiko\\\/\"},{\"@type\":\"ListItem\",\"position\":5,\"name\":\"IL Borgo 7+ aastat laagerdatud balsamiiko ROSE EDITION SATIN kinkekarbis 100 ml\"}]},{\"@type\":\"WebSite\",\"@id\":\"https:\\\/\\\/bbqentertainment.com\\\/#website\",\"url\":\"https:\\\/\\\/bbqentertainment.com\\\/\",\"name\":\"BBQ Entertainment\",\"description\":\"BBQ is a great lifestyle, not just fun!\",\"publisher\":{\"@id\":\"https:\\\/\\\/bbqentertainment.com\\\/#organization\"},\"potentialAction\":[{\"@type\":\"SearchAction\",\"target\":{\"@type\":\"EntryPoint\",\"urlTemplate\":\"https:\\\/\\\/bbqentertainment.com\\\/?s={search_term_string}\"},\"query-input\":{\"@type\":\"PropertyValueSpecification\",\"valueRequired\":true,\"valueName\":\"search_term_string\"}}],\"inLanguage\":\"en-US\"},{\"@type\":\"Organization\",\"@id\":\"https:\\\/\\\/bbqentertainment.com\\\/#organization\",\"name\":\"BBQ Entertainment O\u00dc\",\"url\":\"https:\\\/\\\/bbqentertainment.com\\\/\",\"logo\":{\"@type\":\"ImageObject\",\"inLanguage\":\"en-US\",\"@id\":\"https:\\\/\\\/bbqentertainment.com\\\/#\\\/schema\\\/logo\\\/image\\\/\",\"url\":\"https:\\\/\\\/bbqentertainment.com\\\/wp-content\\\/uploads\\\/2020\\\/04\\\/BBQ-Entertainment-N-Catering-Enn-Tobreluts-Logo.png\",\"contentUrl\":\"https:\\\/\\\/bbqentertainment.com\\\/wp-content\\\/uploads\\\/2020\\\/04\\\/BBQ-Entertainment-N-Catering-Enn-Tobreluts-Logo.png\",\"width\":628,\"height\":266,\"caption\":\"BBQ Entertainment O\u00dc\"},\"image\":{\"@id\":\"https:\\\/\\\/bbqentertainment.com\\\/#\\\/schema\\\/logo\\\/image\\\/\"},\"sameAs\":[\"https:\\\/\\\/www.facebook.com\\\/BBQ-Entertainment-N-Catering-2437913376443540\",\"https:\\\/\\\/www.instagram.com\\\/bbqentertainmentncatering\\\/\",\"https:\\\/\\\/www.youtube.com\\\/channel\\\/UCmpuANQVhLy2Md8nrenp2jA\"]}]}<\/script>\n<!-- \/ Yoast SEO plugin. -->","yoast_head_json":{"title":"IL Borgo 7+ aastat laagerdatud balsamiiko ROSE EDITION SATIN kinkekarbis 100 ml - BBQ Entertainment","robots":{"index":"index","follow":"follow","max-snippet":"max-snippet:-1","max-image-preview":"max-image-preview:large","max-video-preview":"max-video-preview:-1"},"canonical":"https:\/\/bbqentertainment.com\/toode\/il-borgo-100ml-rose-edition-satin\/","og_locale":"en_US","og_type":"article","og_title":"IL Borgo 7+ aastat laagerdatud balsamiiko ROSE EDITION SATIN kinkekarbis 100 ml - BBQ Entertainment","og_description":"IL Borgo 7+ aastat laagerdatud balsamiiko ROSE EDITION SATIN kinkekarbis 100 ml (Aged Condiment) IL Borgo 7+ aastat laagerdunud palsami\u00e4\u00e4dikas Rose Edition Satin on luksuslik toode, mis valmib hoolikalt valitud keedetud viinamarjavirdest ja laagerdunud veini\u00e4\u00e4dikast. Selle valmimine v\u00f5tab aega \u00fcle seitsme aasta, mille jooksul \u00e4\u00e4dikas k\u00fcpseb v\u00e4ikestes tammevaatides, saavutades rikkaliku maitse ja t\u00e4iusliku konsistentsi.  Omadused:   Maitse: T\u00e4iuslik tasakaal magususe ja peene happesuse vahel.  Tekstuur: Siidine ja kreemine, ideaalne nii roa viimistlemiseks kui ka gurmeeelamuse loomiseks.  Laagerdumine: K\u00fcpsenud \u00fcle 7 aasta v\u00e4ikestes tammevaatides, mis lisavad \u00e4\u00e4dikale s\u00fcgavust ja n\u00fcansse.  Kasutus: Sobib suurep\u00e4raselt viimistluseks luksuslikele roogadele, n\u00e4iteks juustudele, grillitud lihale v\u00f5i v\u00e4rsketele puuviljadele.","og_url":"https:\/\/bbqentertainment.com\/toode\/il-borgo-100ml-rose-edition-satin\/","og_site_name":"BBQ Entertainment","article_publisher":"https:\/\/www.facebook.com\/BBQ-Entertainment-N-Catering-2437913376443540","article_modified_time":"2025-07-25T10:46:02+00:00","og_image":[{"width":1600,"height":1600,"url":"https:\/\/bbqentertainment.com\/wp-content\/uploads\/2020\/04\/Ilborgorose100ml_EAN8032853080184_IL-Borgo-Aged-Condiment-Balsamico-ROSE-EDITION-SATIN-kinkekarbis-100-ml-roosipildiga.jpg","type":"image\/jpeg"}],"twitter_card":"summary_large_image","twitter_misc":{"Est. reading time":"1 minute"},"schema":{"@context":"https:\/\/schema.org","@graph":[{"@type":["WebPage","ItemPage"],"@id":"https:\/\/bbqentertainment.com\/toode\/il-borgo-100ml-rose-edition-satin\/","url":"https:\/\/bbqentertainment.com\/toode\/il-borgo-100ml-rose-edition-satin\/","name":"IL Borgo 7+ aastat laagerdatud balsamiiko ROSE EDITION SATIN kinkekarbis 100 ml - BBQ Entertainment","isPartOf":{"@id":"https:\/\/bbqentertainment.com\/#website"},"primaryImageOfPage":{"@id":"https:\/\/bbqentertainment.com\/toode\/il-borgo-100ml-rose-edition-satin\/#primaryimage"},"image":{"@id":"https:\/\/bbqentertainment.com\/toode\/il-borgo-100ml-rose-edition-satin\/#primaryimage"},"thumbnailUrl":"https:\/\/bbqentertainment.com\/wp-content\/uploads\/2020\/04\/Ilborgorose100ml_EAN8032853080184_IL-Borgo-Aged-Condiment-Balsamico-ROSE-EDITION-SATIN-kinkekarbis-100-ml-roosipildiga.jpg","datePublished":"2020-04-21T12:11:28+00:00","dateModified":"2025-07-25T10:46:02+00:00","breadcrumb":{"@id":"https:\/\/bbqentertainment.com\/toode\/il-borgo-100ml-rose-edition-satin\/#breadcrumb"},"inLanguage":"en-US","potentialAction":[{"@type":"ReadAction","target":["https:\/\/bbqentertainment.com\/toode\/il-borgo-100ml-rose-edition-satin\/"]}]},{"@type":"ImageObject","inLanguage":"en-US","@id":"https:\/\/bbqentertainment.com\/toode\/il-borgo-100ml-rose-edition-satin\/#primaryimage","url":"https:\/\/bbqentertainment.com\/wp-content\/uploads\/2020\/04\/Ilborgorose100ml_EAN8032853080184_IL-Borgo-Aged-Condiment-Balsamico-ROSE-EDITION-SATIN-kinkekarbis-100-ml-roosipildiga.jpg","contentUrl":"https:\/\/bbqentertainment.com\/wp-content\/uploads\/2020\/04\/Ilborgorose100ml_EAN8032853080184_IL-Borgo-Aged-Condiment-Balsamico-ROSE-EDITION-SATIN-kinkekarbis-100-ml-roosipildiga.jpg","width":1600,"height":1600},{"@type":"BreadcrumbList","@id":"https:\/\/bbqentertainment.com\/toode\/il-borgo-100ml-rose-edition-satin\/#breadcrumb","itemListElement":[{"@type":"ListItem","position":1,"name":"AVALEHT","item":"https:\/\/bbqentertainment.com\/en\/"},{"@type":"ListItem","position":2,"name":"Tooted","item":"https:\/\/bbqentertainment.com\/tooted\/"},{"@type":"ListItem","position":3,"name":"Maitseandjad","item":"https:\/\/bbqentertainment.com\/en\/tootekategooria\/maitseandjad\/"},{"@type":"ListItem","position":4,"name":"Balsamiiko","item":"https:\/\/bbqentertainment.com\/tootekategooria\/maitseandjad\/balsamiiko\/"},{"@type":"ListItem","position":5,"name":"IL Borgo 7+ aastat laagerdatud balsamiiko ROSE EDITION SATIN kinkekarbis 100 ml"}]},{"@type":"WebSite","@id":"https:\/\/bbqentertainment.com\/#website","url":"https:\/\/bbqentertainment.com\/","name":"BBQ Entertainment","description":"BBQ is a great lifestyle, not just fun!","publisher":{"@id":"https:\/\/bbqentertainment.com\/#organization"},"potentialAction":[{"@type":"SearchAction","target":{"@type":"EntryPoint","urlTemplate":"https:\/\/bbqentertainment.com\/?s={search_term_string}"},"query-input":{"@type":"PropertyValueSpecification","valueRequired":true,"valueName":"search_term_string"}}],"inLanguage":"en-US"},{"@type":"Organization","@id":"https:\/\/bbqentertainment.com\/#organization","name":"BBQ Entertainment O\u00dc","url":"https:\/\/bbqentertainment.com\/","logo":{"@type":"ImageObject","inLanguage":"en-US","@id":"https:\/\/bbqentertainment.com\/#\/schema\/logo\/image\/","url":"https:\/\/bbqentertainment.com\/wp-content\/uploads\/2020\/04\/BBQ-Entertainment-N-Catering-Enn-Tobreluts-Logo.png","contentUrl":"https:\/\/bbqentertainment.com\/wp-content\/uploads\/2020\/04\/BBQ-Entertainment-N-Catering-Enn-Tobreluts-Logo.png","width":628,"height":266,"caption":"BBQ Entertainment O\u00dc"},"image":{"@id":"https:\/\/bbqentertainment.com\/#\/schema\/logo\/image\/"},"sameAs":["https:\/\/www.facebook.com\/BBQ-Entertainment-N-Catering-2437913376443540","https:\/\/www.instagram.com\/bbqentertainmentncatering\/","https:\/\/www.youtube.com\/channel\/UCmpuANQVhLy2Md8nrenp2jA"]}]}},"_links":{"self":[{"href":"https:\/\/bbqentertainment.com\/en\/wp-json\/wp\/v2\/product\/2039","targetHints":{"allow":["GET"]}}],"collection":[{"href":"https:\/\/bbqentertainment.com\/en\/wp-json\/wp\/v2\/product"}],"about":[{"href":"https:\/\/bbqentertainment.com\/en\/wp-json\/wp\/v2\/types\/product"}],"wp:featuredmedia":[{"embeddable":true,"href":"https:\/\/bbqentertainment.com\/en\/wp-json\/wp\/v2\/media\/249184"}],"wp:attachment":[{"href":"https:\/\/bbqentertainment.com\/en\/wp-json\/wp\/v2\/media?parent=2039"}],"wp:term":[{"taxonomy":"product_brand","embeddable":true,"href":"https:\/\/bbqentertainment.com\/en\/wp-json\/wp\/v2\/product_brand?post=2039"},{"taxonomy":"product_cat","embeddable":true,"href":"https:\/\/bbqentertainment.com\/en\/wp-json\/wp\/v2\/product_cat?post=2039"},{"taxonomy":"product_tag","embeddable":true,"href":"https:\/\/bbqentertainment.com\/en\/wp-json\/wp\/v2\/product_tag?post=2039"}],"curies":[{"name":"wp","href":"https:\/\/api.w.org\/{rel}","templated":true}]}}