{"id":2040,"date":"2020-04-21T14:14:33","date_gmt":"2020-04-21T12:14:33","guid":{"rendered":"https:\/\/bbqentertainment.com\/?post_type=product&#038;p=2040"},"modified":"2025-07-25T13:46:02","modified_gmt":"2025-07-25T10:46:02","slug":"venturini-dop-aragosta-12","status":"publish","type":"product","link":"https:\/\/bbqentertainment.com\/en\/toode\/venturini-dop-aragosta-12\/","title":{"rendered":"Venturini Baldini DOP ARAGOSTA LABEL (12+ aastat laagerdatud balsamiiko) 100 ml"},"content":{"rendered":"<p>VENTURINI BALDINI balsamiikod on valmistatud Itaalias Reggio Emilio piirkonnas \u00fches aegade vanimas balsamiiko-farmis, mis asub m\u00e4gede n\u00f5lvadel ja on ainulaaselt ilus koht. Reggio Emilio&#8217;s on balsamiikode tootmine reglementeeritud t\u00e4psemalt ja rangemalt kui n\u00e4iteks Modena piirkonnas. Reggio Emilio balsamiikod on alati eksklusiivsemad ja paremad, hinnalisemad. Venturini Baldini puhul on tegu \u00fclimalt hea kvaliteediga ja samas suhteliselt soodsa hinnaga. Hind saadakse alla ka t\u00e4nu sellele, et farm tegeleb lisaks ka veinitootmisega, mis hajutab kulusid ja v\u00f5imaldab ka toota suuremaid koguseid. Meie oleme Venturiniga teinud edukat koost\u00f6\u00f6d juba pikki aastaid.<\/p>\n<p>Venturini Baldini balsamiikod teeb eriliseks ka see, et neile ei ole lisatud suhkrut. Hea magus maitse on saadud pikaajalise laagerdamise k\u00e4igus ja loomulikult parimatest valitud viinamarjadest.<\/p>\n<p>BBQ Entertainment O\u00dc on VENTURINI BALDINI eksklusiivne maaletooja alates aastast 2018.<\/p>\n<p><img loading=\"lazy\" decoding=\"async\" class=\"alignnone size-medium wp-image-11112\" src=\"https:\/\/bbqentertainment.com\/wp-content\/uploads\/2020\/03\/VB_marchio-completo-600x204.png\" alt=\"\" width=\"600\" height=\"204\" srcset=\"https:\/\/bbqentertainment.com\/wp-content\/uploads\/2020\/03\/VB_marchio-completo-600x204.png 600w, https:\/\/bbqentertainment.com\/wp-content\/uploads\/2020\/03\/VB_marchio-completo-700x239.png 700w, https:\/\/bbqentertainment.com\/wp-content\/uploads\/2020\/03\/VB_marchio-completo-1024x349.png 1024w, https:\/\/bbqentertainment.com\/wp-content\/uploads\/2020\/03\/VB_marchio-completo-768x262.png 768w, https:\/\/bbqentertainment.com\/wp-content\/uploads\/2020\/03\/VB_marchio-completo-1536x523.png 1536w, https:\/\/bbqentertainment.com\/wp-content\/uploads\/2020\/03\/VB_marchio-completo-2048x698.png 2048w, https:\/\/bbqentertainment.com\/wp-content\/uploads\/2020\/03\/VB_marchio-completo-510x174.png 510w\" sizes=\"auto, (max-width: 600px) 100vw, 600px\" \/><\/p>\n","protected":false},"excerpt":{"rendered":"<h3><strong>Venturini Baldini DOP ARAGOSTA LABEL (12+ aastat laagerdatud balsamiiko) 100 ml<\/strong><\/h3>\n","protected":false},"featured_media":2041,"template":"","meta":{"inline_featured_image":false},"product_brand":[],"product_cat":[28,29,301,32],"product_tag":[],"class_list":{"0":"post-2040","1":"product","2":"type-product","3":"status-publish","4":"has-post-thumbnail","6":"product_cat-maitseandjad","7":"product_cat-balsamiiko","8":"product_cat-kinkekarp","9":"product_cat-kinkekarbid","11":"first","12":"instock","13":"taxable","14":"shipping-taxable","15":"purchasable","16":"product-type-simple"},"yoast_head":"<!-- This site is optimized with the Yoast SEO plugin v27.4 - https:\/\/yoast.com\/product\/yoast-seo-wordpress\/ -->\n<title>Venturini Baldini DOP ARAGOSTA LABEL (12+ aastat laagerdatud balsamiiko) 100 ml - BBQ Entertainment<\/title>\n<meta name=\"robots\" content=\"index, follow, max-snippet:-1, max-image-preview:large, max-video-preview:-1\" \/>\n<link rel=\"canonical\" href=\"https:\/\/bbqentertainment.com\/toode\/venturini-dop-aragosta-12\/\" \/>\n<meta property=\"og:locale\" content=\"en_US\" \/>\n<meta property=\"og:type\" content=\"article\" \/>\n<meta property=\"og:title\" content=\"Venturini Baldini DOP ARAGOSTA LABEL (12+ aastat laagerdatud balsamiiko) 100 ml - BBQ Entertainment\" \/>\n<meta property=\"og:description\" content=\"Venturini Baldini DOP ARAGOSTA LABEL (12+ aastat laagerdatud balsamiiko) 100 ml\" \/>\n<meta property=\"og:url\" content=\"https:\/\/bbqentertainment.com\/toode\/venturini-dop-aragosta-12\/\" \/>\n<meta property=\"og:site_name\" content=\"BBQ Entertainment\" \/>\n<meta property=\"article:publisher\" content=\"https:\/\/www.facebook.com\/BBQ-Entertainment-N-Catering-2437913376443540\" \/>\n<meta property=\"article:modified_time\" content=\"2025-07-25T10:46:02+00:00\" \/>\n<meta property=\"og:image\" content=\"https:\/\/bbqentertainment.com\/wp-content\/uploads\/2020\/04\/BBQ-Entertainment-Enn-Tobreluts-IMG_1838Venturini-Baldini.jpg\" \/>\n\t<meta property=\"og:image:width\" content=\"1200\" \/>\n\t<meta property=\"og:image:height\" content=\"1200\" \/>\n\t<meta property=\"og:image:type\" content=\"image\/jpeg\" \/>\n<meta name=\"twitter:card\" content=\"summary_large_image\" \/>\n<meta name=\"twitter:label1\" content=\"Est. reading time\" \/>\n\t<meta name=\"twitter:data1\" content=\"1 minute\" \/>\n<script type=\"application\/ld+json\" class=\"yoast-schema-graph\">{\"@context\":\"https:\\\/\\\/schema.org\",\"@graph\":[{\"@type\":[\"WebPage\",\"ItemPage\"],\"@id\":\"https:\\\/\\\/bbqentertainment.com\\\/toode\\\/venturini-dop-aragosta-12\\\/\",\"url\":\"https:\\\/\\\/bbqentertainment.com\\\/toode\\\/venturini-dop-aragosta-12\\\/\",\"name\":\"Venturini Baldini DOP ARAGOSTA LABEL (12+ aastat laagerdatud balsamiiko) 100 ml - BBQ Entertainment\",\"isPartOf\":{\"@id\":\"https:\\\/\\\/bbqentertainment.com\\\/#website\"},\"primaryImageOfPage\":{\"@id\":\"https:\\\/\\\/bbqentertainment.com\\\/toode\\\/venturini-dop-aragosta-12\\\/#primaryimage\"},\"image\":{\"@id\":\"https:\\\/\\\/bbqentertainment.com\\\/toode\\\/venturini-dop-aragosta-12\\\/#primaryimage\"},\"thumbnailUrl\":\"https:\\\/\\\/bbqentertainment.com\\\/wp-content\\\/uploads\\\/2020\\\/04\\\/BBQ-Entertainment-Enn-Tobreluts-IMG_1838Venturini-Baldini.jpg\",\"datePublished\":\"2020-04-21T12:14:33+00:00\",\"dateModified\":\"2025-07-25T10:46:02+00:00\",\"breadcrumb\":{\"@id\":\"https:\\\/\\\/bbqentertainment.com\\\/toode\\\/venturini-dop-aragosta-12\\\/#breadcrumb\"},\"inLanguage\":\"en-US\",\"potentialAction\":[{\"@type\":\"ReadAction\",\"target\":[\"https:\\\/\\\/bbqentertainment.com\\\/toode\\\/venturini-dop-aragosta-12\\\/\"]}]},{\"@type\":\"ImageObject\",\"inLanguage\":\"en-US\",\"@id\":\"https:\\\/\\\/bbqentertainment.com\\\/toode\\\/venturini-dop-aragosta-12\\\/#primaryimage\",\"url\":\"https:\\\/\\\/bbqentertainment.com\\\/wp-content\\\/uploads\\\/2020\\\/04\\\/BBQ-Entertainment-Enn-Tobreluts-IMG_1838Venturini-Baldini.jpg\",\"contentUrl\":\"https:\\\/\\\/bbqentertainment.com\\\/wp-content\\\/uploads\\\/2020\\\/04\\\/BBQ-Entertainment-Enn-Tobreluts-IMG_1838Venturini-Baldini.jpg\",\"width\":1200,\"height\":1200},{\"@type\":\"BreadcrumbList\",\"@id\":\"https:\\\/\\\/bbqentertainment.com\\\/toode\\\/venturini-dop-aragosta-12\\\/#breadcrumb\",\"itemListElement\":[{\"@type\":\"ListItem\",\"position\":1,\"name\":\"AVALEHT\",\"item\":\"https:\\\/\\\/bbqentertainment.com\\\/en\\\/\"},{\"@type\":\"ListItem\",\"position\":2,\"name\":\"Tooted\",\"item\":\"https:\\\/\\\/bbqentertainment.com\\\/tooted\\\/\"},{\"@type\":\"ListItem\",\"position\":3,\"name\":\"Maitseandjad\",\"item\":\"https:\\\/\\\/bbqentertainment.com\\\/en\\\/tootekategooria\\\/maitseandjad\\\/\"},{\"@type\":\"ListItem\",\"position\":4,\"name\":\"Balsamiiko\",\"item\":\"https:\\\/\\\/bbqentertainment.com\\\/tootekategooria\\\/maitseandjad\\\/balsamiiko\\\/\"},{\"@type\":\"ListItem\",\"position\":5,\"name\":\"Venturini Baldini DOP ARAGOSTA LABEL (12+ aastat laagerdatud balsamiiko) 100 ml\"}]},{\"@type\":\"WebSite\",\"@id\":\"https:\\\/\\\/bbqentertainment.com\\\/#website\",\"url\":\"https:\\\/\\\/bbqentertainment.com\\\/\",\"name\":\"BBQ Entertainment\",\"description\":\"BBQ is a great lifestyle, not just fun!\",\"publisher\":{\"@id\":\"https:\\\/\\\/bbqentertainment.com\\\/#organization\"},\"potentialAction\":[{\"@type\":\"SearchAction\",\"target\":{\"@type\":\"EntryPoint\",\"urlTemplate\":\"https:\\\/\\\/bbqentertainment.com\\\/?s={search_term_string}\"},\"query-input\":{\"@type\":\"PropertyValueSpecification\",\"valueRequired\":true,\"valueName\":\"search_term_string\"}}],\"inLanguage\":\"en-US\"},{\"@type\":\"Organization\",\"@id\":\"https:\\\/\\\/bbqentertainment.com\\\/#organization\",\"name\":\"BBQ Entertainment O\u00dc\",\"url\":\"https:\\\/\\\/bbqentertainment.com\\\/\",\"logo\":{\"@type\":\"ImageObject\",\"inLanguage\":\"en-US\",\"@id\":\"https:\\\/\\\/bbqentertainment.com\\\/#\\\/schema\\\/logo\\\/image\\\/\",\"url\":\"https:\\\/\\\/bbqentertainment.com\\\/wp-content\\\/uploads\\\/2020\\\/04\\\/BBQ-Entertainment-N-Catering-Enn-Tobreluts-Logo.png\",\"contentUrl\":\"https:\\\/\\\/bbqentertainment.com\\\/wp-content\\\/uploads\\\/2020\\\/04\\\/BBQ-Entertainment-N-Catering-Enn-Tobreluts-Logo.png\",\"width\":628,\"height\":266,\"caption\":\"BBQ Entertainment O\u00dc\"},\"image\":{\"@id\":\"https:\\\/\\\/bbqentertainment.com\\\/#\\\/schema\\\/logo\\\/image\\\/\"},\"sameAs\":[\"https:\\\/\\\/www.facebook.com\\\/BBQ-Entertainment-N-Catering-2437913376443540\",\"https:\\\/\\\/www.instagram.com\\\/bbqentertainmentncatering\\\/\",\"https:\\\/\\\/www.youtube.com\\\/channel\\\/UCmpuANQVhLy2Md8nrenp2jA\"]}]}<\/script>\n<!-- \/ Yoast SEO plugin. -->","yoast_head_json":{"title":"Venturini Baldini DOP ARAGOSTA LABEL (12+ aastat laagerdatud balsamiiko) 100 ml - BBQ Entertainment","robots":{"index":"index","follow":"follow","max-snippet":"max-snippet:-1","max-image-preview":"max-image-preview:large","max-video-preview":"max-video-preview:-1"},"canonical":"https:\/\/bbqentertainment.com\/toode\/venturini-dop-aragosta-12\/","og_locale":"en_US","og_type":"article","og_title":"Venturini Baldini DOP ARAGOSTA LABEL (12+ aastat laagerdatud balsamiiko) 100 ml - BBQ Entertainment","og_description":"Venturini Baldini DOP ARAGOSTA LABEL (12+ aastat laagerdatud balsamiiko) 100 ml","og_url":"https:\/\/bbqentertainment.com\/toode\/venturini-dop-aragosta-12\/","og_site_name":"BBQ Entertainment","article_publisher":"https:\/\/www.facebook.com\/BBQ-Entertainment-N-Catering-2437913376443540","article_modified_time":"2025-07-25T10:46:02+00:00","og_image":[{"width":1200,"height":1200,"url":"https:\/\/bbqentertainment.com\/wp-content\/uploads\/2020\/04\/BBQ-Entertainment-Enn-Tobreluts-IMG_1838Venturini-Baldini.jpg","type":"image\/jpeg"}],"twitter_card":"summary_large_image","twitter_misc":{"Est. reading time":"1 minute"},"schema":{"@context":"https:\/\/schema.org","@graph":[{"@type":["WebPage","ItemPage"],"@id":"https:\/\/bbqentertainment.com\/toode\/venturini-dop-aragosta-12\/","url":"https:\/\/bbqentertainment.com\/toode\/venturini-dop-aragosta-12\/","name":"Venturini Baldini DOP ARAGOSTA LABEL (12+ aastat laagerdatud balsamiiko) 100 ml - BBQ Entertainment","isPartOf":{"@id":"https:\/\/bbqentertainment.com\/#website"},"primaryImageOfPage":{"@id":"https:\/\/bbqentertainment.com\/toode\/venturini-dop-aragosta-12\/#primaryimage"},"image":{"@id":"https:\/\/bbqentertainment.com\/toode\/venturini-dop-aragosta-12\/#primaryimage"},"thumbnailUrl":"https:\/\/bbqentertainment.com\/wp-content\/uploads\/2020\/04\/BBQ-Entertainment-Enn-Tobreluts-IMG_1838Venturini-Baldini.jpg","datePublished":"2020-04-21T12:14:33+00:00","dateModified":"2025-07-25T10:46:02+00:00","breadcrumb":{"@id":"https:\/\/bbqentertainment.com\/toode\/venturini-dop-aragosta-12\/#breadcrumb"},"inLanguage":"en-US","potentialAction":[{"@type":"ReadAction","target":["https:\/\/bbqentertainment.com\/toode\/venturini-dop-aragosta-12\/"]}]},{"@type":"ImageObject","inLanguage":"en-US","@id":"https:\/\/bbqentertainment.com\/toode\/venturini-dop-aragosta-12\/#primaryimage","url":"https:\/\/bbqentertainment.com\/wp-content\/uploads\/2020\/04\/BBQ-Entertainment-Enn-Tobreluts-IMG_1838Venturini-Baldini.jpg","contentUrl":"https:\/\/bbqentertainment.com\/wp-content\/uploads\/2020\/04\/BBQ-Entertainment-Enn-Tobreluts-IMG_1838Venturini-Baldini.jpg","width":1200,"height":1200},{"@type":"BreadcrumbList","@id":"https:\/\/bbqentertainment.com\/toode\/venturini-dop-aragosta-12\/#breadcrumb","itemListElement":[{"@type":"ListItem","position":1,"name":"AVALEHT","item":"https:\/\/bbqentertainment.com\/en\/"},{"@type":"ListItem","position":2,"name":"Tooted","item":"https:\/\/bbqentertainment.com\/tooted\/"},{"@type":"ListItem","position":3,"name":"Maitseandjad","item":"https:\/\/bbqentertainment.com\/en\/tootekategooria\/maitseandjad\/"},{"@type":"ListItem","position":4,"name":"Balsamiiko","item":"https:\/\/bbqentertainment.com\/tootekategooria\/maitseandjad\/balsamiiko\/"},{"@type":"ListItem","position":5,"name":"Venturini Baldini DOP ARAGOSTA LABEL (12+ aastat laagerdatud balsamiiko) 100 ml"}]},{"@type":"WebSite","@id":"https:\/\/bbqentertainment.com\/#website","url":"https:\/\/bbqentertainment.com\/","name":"BBQ Entertainment","description":"BBQ is a great lifestyle, not just fun!","publisher":{"@id":"https:\/\/bbqentertainment.com\/#organization"},"potentialAction":[{"@type":"SearchAction","target":{"@type":"EntryPoint","urlTemplate":"https:\/\/bbqentertainment.com\/?s={search_term_string}"},"query-input":{"@type":"PropertyValueSpecification","valueRequired":true,"valueName":"search_term_string"}}],"inLanguage":"en-US"},{"@type":"Organization","@id":"https:\/\/bbqentertainment.com\/#organization","name":"BBQ Entertainment O\u00dc","url":"https:\/\/bbqentertainment.com\/","logo":{"@type":"ImageObject","inLanguage":"en-US","@id":"https:\/\/bbqentertainment.com\/#\/schema\/logo\/image\/","url":"https:\/\/bbqentertainment.com\/wp-content\/uploads\/2020\/04\/BBQ-Entertainment-N-Catering-Enn-Tobreluts-Logo.png","contentUrl":"https:\/\/bbqentertainment.com\/wp-content\/uploads\/2020\/04\/BBQ-Entertainment-N-Catering-Enn-Tobreluts-Logo.png","width":628,"height":266,"caption":"BBQ Entertainment O\u00dc"},"image":{"@id":"https:\/\/bbqentertainment.com\/#\/schema\/logo\/image\/"},"sameAs":["https:\/\/www.facebook.com\/BBQ-Entertainment-N-Catering-2437913376443540","https:\/\/www.instagram.com\/bbqentertainmentncatering\/","https:\/\/www.youtube.com\/channel\/UCmpuANQVhLy2Md8nrenp2jA"]}]}},"_links":{"self":[{"href":"https:\/\/bbqentertainment.com\/en\/wp-json\/wp\/v2\/product\/2040","targetHints":{"allow":["GET"]}}],"collection":[{"href":"https:\/\/bbqentertainment.com\/en\/wp-json\/wp\/v2\/product"}],"about":[{"href":"https:\/\/bbqentertainment.com\/en\/wp-json\/wp\/v2\/types\/product"}],"wp:featuredmedia":[{"embeddable":true,"href":"https:\/\/bbqentertainment.com\/en\/wp-json\/wp\/v2\/media\/2041"}],"wp:attachment":[{"href":"https:\/\/bbqentertainment.com\/en\/wp-json\/wp\/v2\/media?parent=2040"}],"wp:term":[{"taxonomy":"product_brand","embeddable":true,"href":"https:\/\/bbqentertainment.com\/en\/wp-json\/wp\/v2\/product_brand?post=2040"},{"taxonomy":"product_cat","embeddable":true,"href":"https:\/\/bbqentertainment.com\/en\/wp-json\/wp\/v2\/product_cat?post=2040"},{"taxonomy":"product_tag","embeddable":true,"href":"https:\/\/bbqentertainment.com\/en\/wp-json\/wp\/v2\/product_tag?post=2040"}],"curies":[{"name":"wp","href":"https:\/\/api.w.org\/{rel}","templated":true}]}}