{"id":2124,"date":"2020-04-21T20:04:10","date_gmt":"2020-04-21T17:04:10","guid":{"rendered":"https:\/\/bbqentertainment.com\/?post_type=product&#038;p=2124"},"modified":"2025-07-25T13:45:48","modified_gmt":"2025-07-25T10:45:48","slug":"karp-8","status":"publish","type":"product","link":"https:\/\/bbqentertainment.com\/en\/toode\/karp-8\/","title":{"rendered":"BBQ Entertainment multifunktsionaalne KINKEKARP #8"},"content":{"rendered":"","protected":false},"excerpt":{"rendered":"<h3><span style=\"color: #282828;\"><strong>BBQ Entertainment KINKEKARP #8<\/strong><\/span><\/h3>\n<p><span style=\"color: #282828;\">Komplekt sisaldab:<\/span><\/p>\n<ul>\n<li>Multifunktsionaalne kinkekarp, mida saab kasutada \u00fchtlasi ka salvr\u00e4tikute hoidikuna<\/li>\n<li>Maldon meresoola helbed karulaugu ja r\u00f6stitud K\u00dc\u00dcSLAUGUGA 100g<\/li>\n<li>Maldon meresoola helbed T\u0160ILLIGA 100g<\/li>\n<li>Venturini Baldini ACE TAIA J\u00d5HVIKA palsamikreem 150 ml<\/li>\n<li>Venturini Baldini ACE TAIA Modena IGP ORGAANILINE palsamikreem 150 ml<\/li>\n<\/ul>\n","protected":false},"featured_media":248956,"template":"","meta":{"inline_featured_image":false},"product_brand":[],"product_cat":[301,32],"product_tag":[],"class_list":{"0":"post-2124","1":"product","2":"type-product","3":"status-publish","4":"has-post-thumbnail","6":"product_cat-kinkekarp","7":"product_cat-kinkekarbid","9":"first","10":"instock","11":"taxable","12":"shipping-taxable","13":"purchasable","14":"product-type-simple"},"yoast_head":"<!-- This site is optimized with the Yoast SEO plugin v27.2 - https:\/\/yoast.com\/product\/yoast-seo-wordpress\/ -->\n<title>BBQ Entertainment multifunktsionaalne KINKEKARP #8 - BBQ Entertainment<\/title>\n<meta name=\"robots\" content=\"index, follow, max-snippet:-1, max-image-preview:large, max-video-preview:-1\" \/>\n<link rel=\"canonical\" href=\"https:\/\/bbqentertainment.com\/toode\/karp-8\/\" \/>\n<meta property=\"og:locale\" content=\"en_US\" \/>\n<meta property=\"og:type\" content=\"article\" \/>\n<meta property=\"og:title\" content=\"BBQ Entertainment multifunktsionaalne KINKEKARP #8 - BBQ Entertainment\" \/>\n<meta property=\"og:description\" content=\"BBQ Entertainment KINKEKARP #8 Komplekt sisaldab:   Multifunktsionaalne kinkekarp, mida saab kasutada \u00fchtlasi ka salvr\u00e4tikute hoidikuna  Maldon meresoola helbed karulaugu ja r\u00f6stitud K\u00dc\u00dcSLAUGUGA 100g  Maldon meresoola helbed T\u0160ILLIGA 100g  Venturini Baldini ACE TAIA J\u00d5HVIKA palsamikreem 150 ml  Venturini Baldini ACE TAIA Modena IGP ORGAANILINE palsamikreem 150 ml\" \/>\n<meta property=\"og:url\" content=\"https:\/\/bbqentertainment.com\/toode\/karp-8\/\" \/>\n<meta property=\"og:site_name\" content=\"BBQ Entertainment\" \/>\n<meta property=\"article:publisher\" content=\"https:\/\/www.facebook.com\/BBQ-Entertainment-N-Catering-2437913376443540\" \/>\n<meta property=\"article:modified_time\" content=\"2025-07-25T10:45:48+00:00\" \/>\n<meta property=\"og:image\" content=\"https:\/\/bbqentertainment.com\/wp-content\/uploads\/2020\/04\/Kinkekarp8-BBQ-Entertainment-multifunktsionaalne-KINKEKARP-8-salvratikuhoidik1-.jpg\" \/>\n\t<meta property=\"og:image:width\" content=\"1024\" \/>\n\t<meta property=\"og:image:height\" content=\"664\" \/>\n\t<meta property=\"og:image:type\" content=\"image\/jpeg\" \/>\n<meta name=\"twitter:card\" content=\"summary_large_image\" \/>\n<meta name=\"twitter:label1\" content=\"Est. reading time\" \/>\n\t<meta name=\"twitter:data1\" content=\"1 minute\" \/>\n<script type=\"application\/ld+json\" class=\"yoast-schema-graph\">{\"@context\":\"https:\/\/schema.org\",\"@graph\":[{\"@type\":[\"WebPage\",\"ItemPage\"],\"@id\":\"https:\/\/bbqentertainment.com\/toode\/karp-8\/\",\"url\":\"https:\/\/bbqentertainment.com\/toode\/karp-8\/\",\"name\":\"BBQ Entertainment multifunktsionaalne KINKEKARP #8 - BBQ Entertainment\",\"isPartOf\":{\"@id\":\"https:\/\/bbqentertainment.com\/#website\"},\"primaryImageOfPage\":{\"@id\":\"https:\/\/bbqentertainment.com\/toode\/karp-8\/#primaryimage\"},\"image\":{\"@id\":\"https:\/\/bbqentertainment.com\/toode\/karp-8\/#primaryimage\"},\"thumbnailUrl\":\"https:\/\/bbqentertainment.com\/wp-content\/uploads\/2020\/04\/Kinkekarp8-BBQ-Entertainment-multifunktsionaalne-KINKEKARP-8-salvratikuhoidik1-.jpg\",\"datePublished\":\"2020-04-21T17:04:10+00:00\",\"dateModified\":\"2025-07-25T10:45:48+00:00\",\"breadcrumb\":{\"@id\":\"https:\/\/bbqentertainment.com\/toode\/karp-8\/#breadcrumb\"},\"inLanguage\":\"en-US\",\"potentialAction\":[{\"@type\":\"ReadAction\",\"target\":[\"https:\/\/bbqentertainment.com\/toode\/karp-8\/\"]}]},{\"@type\":\"ImageObject\",\"inLanguage\":\"en-US\",\"@id\":\"https:\/\/bbqentertainment.com\/toode\/karp-8\/#primaryimage\",\"url\":\"https:\/\/bbqentertainment.com\/wp-content\/uploads\/2020\/04\/Kinkekarp8-BBQ-Entertainment-multifunktsionaalne-KINKEKARP-8-salvratikuhoidik1-.jpg\",\"contentUrl\":\"https:\/\/bbqentertainment.com\/wp-content\/uploads\/2020\/04\/Kinkekarp8-BBQ-Entertainment-multifunktsionaalne-KINKEKARP-8-salvratikuhoidik1-.jpg\",\"width\":1024,\"height\":664},{\"@type\":\"BreadcrumbList\",\"@id\":\"https:\/\/bbqentertainment.com\/toode\/karp-8\/#breadcrumb\",\"itemListElement\":[{\"@type\":\"ListItem\",\"position\":1,\"name\":\"AVALEHT\",\"item\":\"https:\/\/bbqentertainment.com\/en\/\"},{\"@type\":\"ListItem\",\"position\":2,\"name\":\"Tooted\",\"item\":\"https:\/\/bbqentertainment.com\/tooted\/\"},{\"@type\":\"ListItem\",\"position\":3,\"name\":\"Muud tooted\",\"item\":\"https:\/\/bbqentertainment.com\/tootekategooria\/muud-tooted\/\"},{\"@type\":\"ListItem\",\"position\":4,\"name\":\"Kinkekarbid\",\"item\":\"https:\/\/bbqentertainment.com\/tootekategooria\/muud-tooted\/kinkekarbid\/\"},{\"@type\":\"ListItem\",\"position\":5,\"name\":\"BBQ Entertainment multifunktsionaalne KINKEKARP #8\"}]},{\"@type\":\"WebSite\",\"@id\":\"https:\/\/bbqentertainment.com\/#website\",\"url\":\"https:\/\/bbqentertainment.com\/\",\"name\":\"BBQ Entertainment\",\"description\":\"BBQ is a great lifestyle, not just fun!\",\"publisher\":{\"@id\":\"https:\/\/bbqentertainment.com\/#organization\"},\"potentialAction\":[{\"@type\":\"SearchAction\",\"target\":{\"@type\":\"EntryPoint\",\"urlTemplate\":\"https:\/\/bbqentertainment.com\/?s={search_term_string}\"},\"query-input\":{\"@type\":\"PropertyValueSpecification\",\"valueRequired\":true,\"valueName\":\"search_term_string\"}}],\"inLanguage\":\"en-US\"},{\"@type\":\"Organization\",\"@id\":\"https:\/\/bbqentertainment.com\/#organization\",\"name\":\"BBQ Entertainment O\u00dc\",\"url\":\"https:\/\/bbqentertainment.com\/\",\"logo\":{\"@type\":\"ImageObject\",\"inLanguage\":\"en-US\",\"@id\":\"https:\/\/bbqentertainment.com\/#\/schema\/logo\/image\/\",\"url\":\"https:\/\/bbqentertainment.com\/wp-content\/uploads\/2020\/04\/BBQ-Entertainment-N-Catering-Enn-Tobreluts-Logo.png\",\"contentUrl\":\"https:\/\/bbqentertainment.com\/wp-content\/uploads\/2020\/04\/BBQ-Entertainment-N-Catering-Enn-Tobreluts-Logo.png\",\"width\":628,\"height\":266,\"caption\":\"BBQ Entertainment O\u00dc\"},\"image\":{\"@id\":\"https:\/\/bbqentertainment.com\/#\/schema\/logo\/image\/\"},\"sameAs\":[\"https:\/\/www.facebook.com\/BBQ-Entertainment-N-Catering-2437913376443540\",\"https:\/\/www.instagram.com\/bbqentertainmentncatering\/\",\"https:\/\/www.youtube.com\/channel\/UCmpuANQVhLy2Md8nrenp2jA\"]}]}<\/script>\n<!-- \/ Yoast SEO plugin. -->","yoast_head_json":{"title":"BBQ Entertainment multifunktsionaalne KINKEKARP #8 - BBQ Entertainment","robots":{"index":"index","follow":"follow","max-snippet":"max-snippet:-1","max-image-preview":"max-image-preview:large","max-video-preview":"max-video-preview:-1"},"canonical":"https:\/\/bbqentertainment.com\/toode\/karp-8\/","og_locale":"en_US","og_type":"article","og_title":"BBQ Entertainment multifunktsionaalne KINKEKARP #8 - BBQ Entertainment","og_description":"BBQ Entertainment KINKEKARP #8 Komplekt sisaldab:   Multifunktsionaalne kinkekarp, mida saab kasutada \u00fchtlasi ka salvr\u00e4tikute hoidikuna  Maldon meresoola helbed karulaugu ja r\u00f6stitud K\u00dc\u00dcSLAUGUGA 100g  Maldon meresoola helbed T\u0160ILLIGA 100g  Venturini Baldini ACE TAIA J\u00d5HVIKA palsamikreem 150 ml  Venturini Baldini ACE TAIA Modena IGP ORGAANILINE palsamikreem 150 ml","og_url":"https:\/\/bbqentertainment.com\/toode\/karp-8\/","og_site_name":"BBQ Entertainment","article_publisher":"https:\/\/www.facebook.com\/BBQ-Entertainment-N-Catering-2437913376443540","article_modified_time":"2025-07-25T10:45:48+00:00","og_image":[{"width":1024,"height":664,"url":"https:\/\/bbqentertainment.com\/wp-content\/uploads\/2020\/04\/Kinkekarp8-BBQ-Entertainment-multifunktsionaalne-KINKEKARP-8-salvratikuhoidik1-.jpg","type":"image\/jpeg"}],"twitter_card":"summary_large_image","twitter_misc":{"Est. reading time":"1 minute"},"schema":{"@context":"https:\/\/schema.org","@graph":[{"@type":["WebPage","ItemPage"],"@id":"https:\/\/bbqentertainment.com\/toode\/karp-8\/","url":"https:\/\/bbqentertainment.com\/toode\/karp-8\/","name":"BBQ Entertainment multifunktsionaalne KINKEKARP #8 - BBQ Entertainment","isPartOf":{"@id":"https:\/\/bbqentertainment.com\/#website"},"primaryImageOfPage":{"@id":"https:\/\/bbqentertainment.com\/toode\/karp-8\/#primaryimage"},"image":{"@id":"https:\/\/bbqentertainment.com\/toode\/karp-8\/#primaryimage"},"thumbnailUrl":"https:\/\/bbqentertainment.com\/wp-content\/uploads\/2020\/04\/Kinkekarp8-BBQ-Entertainment-multifunktsionaalne-KINKEKARP-8-salvratikuhoidik1-.jpg","datePublished":"2020-04-21T17:04:10+00:00","dateModified":"2025-07-25T10:45:48+00:00","breadcrumb":{"@id":"https:\/\/bbqentertainment.com\/toode\/karp-8\/#breadcrumb"},"inLanguage":"en-US","potentialAction":[{"@type":"ReadAction","target":["https:\/\/bbqentertainment.com\/toode\/karp-8\/"]}]},{"@type":"ImageObject","inLanguage":"en-US","@id":"https:\/\/bbqentertainment.com\/toode\/karp-8\/#primaryimage","url":"https:\/\/bbqentertainment.com\/wp-content\/uploads\/2020\/04\/Kinkekarp8-BBQ-Entertainment-multifunktsionaalne-KINKEKARP-8-salvratikuhoidik1-.jpg","contentUrl":"https:\/\/bbqentertainment.com\/wp-content\/uploads\/2020\/04\/Kinkekarp8-BBQ-Entertainment-multifunktsionaalne-KINKEKARP-8-salvratikuhoidik1-.jpg","width":1024,"height":664},{"@type":"BreadcrumbList","@id":"https:\/\/bbqentertainment.com\/toode\/karp-8\/#breadcrumb","itemListElement":[{"@type":"ListItem","position":1,"name":"AVALEHT","item":"https:\/\/bbqentertainment.com\/en\/"},{"@type":"ListItem","position":2,"name":"Tooted","item":"https:\/\/bbqentertainment.com\/tooted\/"},{"@type":"ListItem","position":3,"name":"Muud tooted","item":"https:\/\/bbqentertainment.com\/tootekategooria\/muud-tooted\/"},{"@type":"ListItem","position":4,"name":"Kinkekarbid","item":"https:\/\/bbqentertainment.com\/tootekategooria\/muud-tooted\/kinkekarbid\/"},{"@type":"ListItem","position":5,"name":"BBQ Entertainment multifunktsionaalne KINKEKARP #8"}]},{"@type":"WebSite","@id":"https:\/\/bbqentertainment.com\/#website","url":"https:\/\/bbqentertainment.com\/","name":"BBQ Entertainment","description":"BBQ is a great lifestyle, not just fun!","publisher":{"@id":"https:\/\/bbqentertainment.com\/#organization"},"potentialAction":[{"@type":"SearchAction","target":{"@type":"EntryPoint","urlTemplate":"https:\/\/bbqentertainment.com\/?s={search_term_string}"},"query-input":{"@type":"PropertyValueSpecification","valueRequired":true,"valueName":"search_term_string"}}],"inLanguage":"en-US"},{"@type":"Organization","@id":"https:\/\/bbqentertainment.com\/#organization","name":"BBQ Entertainment O\u00dc","url":"https:\/\/bbqentertainment.com\/","logo":{"@type":"ImageObject","inLanguage":"en-US","@id":"https:\/\/bbqentertainment.com\/#\/schema\/logo\/image\/","url":"https:\/\/bbqentertainment.com\/wp-content\/uploads\/2020\/04\/BBQ-Entertainment-N-Catering-Enn-Tobreluts-Logo.png","contentUrl":"https:\/\/bbqentertainment.com\/wp-content\/uploads\/2020\/04\/BBQ-Entertainment-N-Catering-Enn-Tobreluts-Logo.png","width":628,"height":266,"caption":"BBQ Entertainment O\u00dc"},"image":{"@id":"https:\/\/bbqentertainment.com\/#\/schema\/logo\/image\/"},"sameAs":["https:\/\/www.facebook.com\/BBQ-Entertainment-N-Catering-2437913376443540","https:\/\/www.instagram.com\/bbqentertainmentncatering\/","https:\/\/www.youtube.com\/channel\/UCmpuANQVhLy2Md8nrenp2jA"]}]}},"_links":{"self":[{"href":"https:\/\/bbqentertainment.com\/en\/wp-json\/wp\/v2\/product\/2124","targetHints":{"allow":["GET"]}}],"collection":[{"href":"https:\/\/bbqentertainment.com\/en\/wp-json\/wp\/v2\/product"}],"about":[{"href":"https:\/\/bbqentertainment.com\/en\/wp-json\/wp\/v2\/types\/product"}],"wp:featuredmedia":[{"embeddable":true,"href":"https:\/\/bbqentertainment.com\/en\/wp-json\/wp\/v2\/media\/248956"}],"wp:attachment":[{"href":"https:\/\/bbqentertainment.com\/en\/wp-json\/wp\/v2\/media?parent=2124"}],"wp:term":[{"taxonomy":"product_brand","embeddable":true,"href":"https:\/\/bbqentertainment.com\/en\/wp-json\/wp\/v2\/product_brand?post=2124"},{"taxonomy":"product_cat","embeddable":true,"href":"https:\/\/bbqentertainment.com\/en\/wp-json\/wp\/v2\/product_cat?post=2124"},{"taxonomy":"product_tag","embeddable":true,"href":"https:\/\/bbqentertainment.com\/en\/wp-json\/wp\/v2\/product_tag?post=2124"}],"curies":[{"name":"wp","href":"https:\/\/api.w.org\/{rel}","templated":true}]}}