{"id":2342,"date":"2020-04-23T13:58:29","date_gmt":"2020-04-23T10:58:29","guid":{"rendered":"https:\/\/bbqentertainment.com\/?post_type=product&#038;p=2342"},"modified":"2026-03-07T23:34:15","modified_gmt":"2026-03-07T21:34:15","slug":"gaasigrill-force","status":"publish","type":"product","link":"https:\/\/bbqentertainment.com\/en\/toode\/gaasigrill-force\/","title":{"rendered":"GAASIGRILL &#8211; Everdure by Heston Blumenthal &#8211; FORCE\u2122"},"content":{"rendered":"","protected":false},"excerpt":{"rendered":"<h3><b>FORCE\u2122\u00a0\u2014 Everdure by Heston\u00a0Blumenthal<\/b><\/h3>\n<ul>\n<li>Eriti trendikas ja t\u00f6\u00f6kindel keskmise suurusega gaasigrill<\/li>\n<li>V\u00e4rvivalik: mint, stone (helehall), graphite (tumehall), must<\/li>\n<\/ul>\n<div dir=\"auto\">\n<div class=\"accordion\"> \t<div id=\"accordion-2923232772\" class=\"accordion-item\">\n\t\t<a id=\"accordion-2923232772-label\" class=\"accordion-title plain\" href=\"#accordion-item-tehnilised-andmed\" aria-expanded=\"false\" aria-controls=\"accordion-2923232772-content\">\n\t\t\t<button class=\"toggle\" aria-label=\"Toggle\"><i class=\"icon-angle-down\" aria-hidden=\"true\"><\/i><\/button>\n\t\t\t<span>Tehnilised andmed<\/span>\n\t\t<\/a>\n\t\t<div id=\"accordion-2923232772-content\" class=\"accordion-inner\" aria-labelledby=\"accordion-2923232772-label\">\n\t\t\t\n<ul>\n<li>2\u00a0roostevabaterasest gaasip\u00f5letit (22,000 BTU\/6.42Kw)<\/li>\n<li>V\u00e4ga kiirelt kuumenev ja h\u00e4stitoimiv gaasigrill<\/li>\n<li>Kahest osast koosnev kvaliteetne malmrest (leegip\u00fc\u00fcdmisaladega)<\/li>\n<li>Suure k\u00fcpsetusalaga (2358 cm2)<\/li>\n<li>Roostekindel konstruktsioon (survevalu-alumiiniumist)<\/li>\n<li>Nn \u00f5mblusteta disain \u2014 lihtne puhastada<\/li>\n<li>Ergonoomilised p\u00f6\u00f6rlevad kuumusereguleerimise nupud<\/li>\n<li>T\u00f6\u00f6riistariiul ja k\u00fcljelauad<\/li>\n<li>Kaks lustatavat ratas<\/li>\n<li>Grilli saab kasutada ka ilma raamita, st kaasaskantav<\/li>\n<li>Lisaraha eest saab kaasa osta ka malmplaadid, k\u00f5rgema soojendusresti ja grillikatte<\/li>\n<li>K\u00f5rgus kaas avatuna: 1447 mm \/ k\u00f5rgus kaas suletuna: 1067 mm<\/li>\n<li>S\u00fcgavus:\u00a0743 mm<\/li>\n<li>Laius \u00a01175 mm<\/li>\n<li>Brutokaal 29 kg \/ netokaal 25.6 kg<\/li>\n<\/ul>\n\t\t<\/div>\n\t<\/div>\n\t \t<div id=\"accordion-538419131\" class=\"accordion-item\">\n\t\t<a id=\"accordion-538419131-label\" class=\"accordion-title plain\" href=\"#accordion-item-kataloog\" aria-expanded=\"false\" aria-controls=\"accordion-538419131-content\">\n\t\t\t<button class=\"toggle\" aria-label=\"Toggle\"><i class=\"icon-angle-down\" aria-hidden=\"true\"><\/i><\/button>\n\t\t\t<span>Kataloog<\/span>\n\t\t<\/a>\n\t\t<div id=\"accordion-538419131-content\" class=\"accordion-inner\" aria-labelledby=\"accordion-538419131-label\">\n\t\t\t <a href=\"https:\/\/bbqentertainment.com\/wp-content\/uploads\/2020\/04\/Everdure_Brochure-2019.pdf\" target=\"\" rel=\"noopener noreferrer\">Everdure Brochure 2019<\/a> \t\t<\/div>\n\t<\/div>\n\t \t<div id=\"accordion-2672196796\" class=\"accordion-item\">\n\t\t<a id=\"accordion-2672196796-label\" class=\"accordion-title plain\" href=\"#accordion-item-kasutusjuhend\" aria-expanded=\"false\" aria-controls=\"accordion-2672196796-content\">\n\t\t\t<button class=\"toggle\" aria-label=\"Toggle\"><i class=\"icon-angle-down\" aria-hidden=\"true\"><\/i><\/button>\n\t\t\t<span>Kasutusjuhend<\/span>\n\t\t<\/a>\n\t\t<div id=\"accordion-2672196796-content\" class=\"accordion-inner\" aria-labelledby=\"accordion-2672196796-label\">\n\t\t\t <a href=\"https:\/\/bbqentertainment.com\/wp-content\/uploads\/2020\/06\/MANUAL-FORCE-ja-FURNACE.pdf\">Kasutusjuhend FORCE<\/a> \t\t<\/div>\n\t<\/div>\n\t <\/div>\n<\/div>\n","protected":false},"featured_media":2513,"template":"","meta":{"inline_featured_image":false},"product_brand":[],"product_cat":[17,163],"product_tag":[],"class_list":{"0":"post-2342","1":"product","2":"type-product","3":"status-publish","4":"has-post-thumbnail","6":"product_cat-grillid-ja-ahjud","7":"product_cat-everdure-by-heston","8":"product_shipping_class-ainult-ise-jarele-tulemisega","10":"first","11":"instock","12":"sale","13":"taxable","14":"shipping-taxable","15":"purchasable","16":"product-type-variable"},"yoast_head":"<!-- This site is optimized with the Yoast SEO plugin v27.4 - https:\/\/yoast.com\/product\/yoast-seo-wordpress\/ -->\n<title>GAASIGRILL - Everdure by Heston Blumenthal - FORCE\u2122 - BBQ Entertainment<\/title>\n<meta name=\"robots\" content=\"index, follow, max-snippet:-1, max-image-preview:large, max-video-preview:-1\" \/>\n<link rel=\"canonical\" href=\"https:\/\/bbqentertainment.com\/toode\/gaasigrill-force\/\" \/>\n<meta property=\"og:locale\" content=\"en_US\" \/>\n<meta property=\"og:type\" content=\"article\" \/>\n<meta property=\"og:title\" content=\"GAASIGRILL - Everdure by Heston Blumenthal - FORCE\u2122 - BBQ Entertainment\" \/>\n<meta property=\"og:description\" content=\"FORCE\u2122\u00a0\u2014 Everdure by Heston\u00a0Blumenthal   Eriti trendikas ja t\u00f6\u00f6kindel keskmise suurusega gaasigrill  V\u00e4rvivalik: mint, stone (helehall), graphite (tumehall), must\" \/>\n<meta property=\"og:url\" content=\"https:\/\/bbqentertainment.com\/toode\/gaasigrill-force\/\" \/>\n<meta property=\"og:site_name\" content=\"BBQ Entertainment\" \/>\n<meta property=\"article:publisher\" content=\"https:\/\/www.facebook.com\/BBQ-Entertainment-N-Catering-2437913376443540\" \/>\n<meta property=\"article:modified_time\" content=\"2026-03-07T21:34:15+00:00\" \/>\n<meta property=\"og:image\" content=\"https:\/\/bbqentertainment.com\/wp-content\/uploads\/2020\/04\/BBQ-Entertainement-Ncatering-Enn-Tobreluts-Everdure-by-heston-Force.jpg\" \/>\n\t<meta property=\"og:image:width\" content=\"750\" \/>\n\t<meta property=\"og:image:height\" content=\"750\" \/>\n\t<meta property=\"og:image:type\" content=\"image\/jpeg\" \/>\n<meta name=\"twitter:card\" content=\"summary_large_image\" \/>\n<meta name=\"twitter:label1\" content=\"Est. reading time\" \/>\n\t<meta name=\"twitter:data1\" content=\"1 minute\" \/>\n<script type=\"application\/ld+json\" class=\"yoast-schema-graph\">{\"@context\":\"https:\\\/\\\/schema.org\",\"@graph\":[{\"@type\":[\"WebPage\",\"ItemPage\"],\"@id\":\"https:\\\/\\\/bbqentertainment.com\\\/toode\\\/gaasigrill-force\\\/\",\"url\":\"https:\\\/\\\/bbqentertainment.com\\\/toode\\\/gaasigrill-force\\\/\",\"name\":\"GAASIGRILL - Everdure by Heston Blumenthal - FORCE\u2122 - BBQ Entertainment\",\"isPartOf\":{\"@id\":\"https:\\\/\\\/bbqentertainment.com\\\/#website\"},\"primaryImageOfPage\":{\"@id\":\"https:\\\/\\\/bbqentertainment.com\\\/toode\\\/gaasigrill-force\\\/#primaryimage\"},\"image\":{\"@id\":\"https:\\\/\\\/bbqentertainment.com\\\/toode\\\/gaasigrill-force\\\/#primaryimage\"},\"thumbnailUrl\":\"https:\\\/\\\/bbqentertainment.com\\\/wp-content\\\/uploads\\\/2020\\\/04\\\/BBQ-Entertainement-Ncatering-Enn-Tobreluts-Everdure-by-heston-Force.jpg\",\"datePublished\":\"2020-04-23T10:58:29+00:00\",\"dateModified\":\"2026-03-07T21:34:15+00:00\",\"breadcrumb\":{\"@id\":\"https:\\\/\\\/bbqentertainment.com\\\/toode\\\/gaasigrill-force\\\/#breadcrumb\"},\"inLanguage\":\"en-US\",\"potentialAction\":[{\"@type\":\"ReadAction\",\"target\":[\"https:\\\/\\\/bbqentertainment.com\\\/toode\\\/gaasigrill-force\\\/\"]}]},{\"@type\":\"ImageObject\",\"inLanguage\":\"en-US\",\"@id\":\"https:\\\/\\\/bbqentertainment.com\\\/toode\\\/gaasigrill-force\\\/#primaryimage\",\"url\":\"https:\\\/\\\/bbqentertainment.com\\\/wp-content\\\/uploads\\\/2020\\\/04\\\/BBQ-Entertainement-Ncatering-Enn-Tobreluts-Everdure-by-heston-Force.jpg\",\"contentUrl\":\"https:\\\/\\\/bbqentertainment.com\\\/wp-content\\\/uploads\\\/2020\\\/04\\\/BBQ-Entertainement-Ncatering-Enn-Tobreluts-Everdure-by-heston-Force.jpg\",\"width\":750,\"height\":750},{\"@type\":\"BreadcrumbList\",\"@id\":\"https:\\\/\\\/bbqentertainment.com\\\/toode\\\/gaasigrill-force\\\/#breadcrumb\",\"itemListElement\":[{\"@type\":\"ListItem\",\"position\":1,\"name\":\"AVALEHT\",\"item\":\"https:\\\/\\\/bbqentertainment.com\\\/en\\\/\"},{\"@type\":\"ListItem\",\"position\":2,\"name\":\"Tooted\",\"item\":\"https:\\\/\\\/bbqentertainment.com\\\/tooted\\\/\"},{\"@type\":\"ListItem\",\"position\":3,\"name\":\"Grillid ja ahjud\",\"item\":\"https:\\\/\\\/bbqentertainment.com\\\/tootekategooria\\\/grillid-ja-ahjud\\\/\"},{\"@type\":\"ListItem\",\"position\":4,\"name\":\"Everdure by Heston\",\"item\":\"https:\\\/\\\/bbqentertainment.com\\\/tootekategooria\\\/grillid-ja-ahjud\\\/everdure-by-heston\\\/\"},{\"@type\":\"ListItem\",\"position\":5,\"name\":\"GAASIGRILL &#8211; Everdure by Heston Blumenthal &#8211; FORCE\u2122\"}]},{\"@type\":\"WebSite\",\"@id\":\"https:\\\/\\\/bbqentertainment.com\\\/#website\",\"url\":\"https:\\\/\\\/bbqentertainment.com\\\/\",\"name\":\"BBQ Entertainment\",\"description\":\"BBQ is a great lifestyle, not just fun!\",\"publisher\":{\"@id\":\"https:\\\/\\\/bbqentertainment.com\\\/#organization\"},\"potentialAction\":[{\"@type\":\"SearchAction\",\"target\":{\"@type\":\"EntryPoint\",\"urlTemplate\":\"https:\\\/\\\/bbqentertainment.com\\\/?s={search_term_string}\"},\"query-input\":{\"@type\":\"PropertyValueSpecification\",\"valueRequired\":true,\"valueName\":\"search_term_string\"}}],\"inLanguage\":\"en-US\"},{\"@type\":\"Organization\",\"@id\":\"https:\\\/\\\/bbqentertainment.com\\\/#organization\",\"name\":\"BBQ Entertainment O\u00dc\",\"url\":\"https:\\\/\\\/bbqentertainment.com\\\/\",\"logo\":{\"@type\":\"ImageObject\",\"inLanguage\":\"en-US\",\"@id\":\"https:\\\/\\\/bbqentertainment.com\\\/#\\\/schema\\\/logo\\\/image\\\/\",\"url\":\"https:\\\/\\\/bbqentertainment.com\\\/wp-content\\\/uploads\\\/2020\\\/04\\\/BBQ-Entertainment-N-Catering-Enn-Tobreluts-Logo.png\",\"contentUrl\":\"https:\\\/\\\/bbqentertainment.com\\\/wp-content\\\/uploads\\\/2020\\\/04\\\/BBQ-Entertainment-N-Catering-Enn-Tobreluts-Logo.png\",\"width\":628,\"height\":266,\"caption\":\"BBQ Entertainment O\u00dc\"},\"image\":{\"@id\":\"https:\\\/\\\/bbqentertainment.com\\\/#\\\/schema\\\/logo\\\/image\\\/\"},\"sameAs\":[\"https:\\\/\\\/www.facebook.com\\\/BBQ-Entertainment-N-Catering-2437913376443540\",\"https:\\\/\\\/www.instagram.com\\\/bbqentertainmentncatering\\\/\",\"https:\\\/\\\/www.youtube.com\\\/channel\\\/UCmpuANQVhLy2Md8nrenp2jA\"]}]}<\/script>\n<!-- \/ Yoast SEO plugin. -->","yoast_head_json":{"title":"GAASIGRILL - Everdure by Heston Blumenthal - FORCE\u2122 - BBQ Entertainment","robots":{"index":"index","follow":"follow","max-snippet":"max-snippet:-1","max-image-preview":"max-image-preview:large","max-video-preview":"max-video-preview:-1"},"canonical":"https:\/\/bbqentertainment.com\/toode\/gaasigrill-force\/","og_locale":"en_US","og_type":"article","og_title":"GAASIGRILL - Everdure by Heston Blumenthal - FORCE\u2122 - BBQ Entertainment","og_description":"FORCE\u2122\u00a0\u2014 Everdure by Heston\u00a0Blumenthal   Eriti trendikas ja t\u00f6\u00f6kindel keskmise suurusega gaasigrill  V\u00e4rvivalik: mint, stone (helehall), graphite (tumehall), must","og_url":"https:\/\/bbqentertainment.com\/toode\/gaasigrill-force\/","og_site_name":"BBQ Entertainment","article_publisher":"https:\/\/www.facebook.com\/BBQ-Entertainment-N-Catering-2437913376443540","article_modified_time":"2026-03-07T21:34:15+00:00","og_image":[{"width":750,"height":750,"url":"https:\/\/bbqentertainment.com\/wp-content\/uploads\/2020\/04\/BBQ-Entertainement-Ncatering-Enn-Tobreluts-Everdure-by-heston-Force.jpg","type":"image\/jpeg"}],"twitter_card":"summary_large_image","twitter_misc":{"Est. reading time":"1 minute"},"schema":{"@context":"https:\/\/schema.org","@graph":[{"@type":["WebPage","ItemPage"],"@id":"https:\/\/bbqentertainment.com\/toode\/gaasigrill-force\/","url":"https:\/\/bbqentertainment.com\/toode\/gaasigrill-force\/","name":"GAASIGRILL - Everdure by Heston Blumenthal - FORCE\u2122 - BBQ Entertainment","isPartOf":{"@id":"https:\/\/bbqentertainment.com\/#website"},"primaryImageOfPage":{"@id":"https:\/\/bbqentertainment.com\/toode\/gaasigrill-force\/#primaryimage"},"image":{"@id":"https:\/\/bbqentertainment.com\/toode\/gaasigrill-force\/#primaryimage"},"thumbnailUrl":"https:\/\/bbqentertainment.com\/wp-content\/uploads\/2020\/04\/BBQ-Entertainement-Ncatering-Enn-Tobreluts-Everdure-by-heston-Force.jpg","datePublished":"2020-04-23T10:58:29+00:00","dateModified":"2026-03-07T21:34:15+00:00","breadcrumb":{"@id":"https:\/\/bbqentertainment.com\/toode\/gaasigrill-force\/#breadcrumb"},"inLanguage":"en-US","potentialAction":[{"@type":"ReadAction","target":["https:\/\/bbqentertainment.com\/toode\/gaasigrill-force\/"]}]},{"@type":"ImageObject","inLanguage":"en-US","@id":"https:\/\/bbqentertainment.com\/toode\/gaasigrill-force\/#primaryimage","url":"https:\/\/bbqentertainment.com\/wp-content\/uploads\/2020\/04\/BBQ-Entertainement-Ncatering-Enn-Tobreluts-Everdure-by-heston-Force.jpg","contentUrl":"https:\/\/bbqentertainment.com\/wp-content\/uploads\/2020\/04\/BBQ-Entertainement-Ncatering-Enn-Tobreluts-Everdure-by-heston-Force.jpg","width":750,"height":750},{"@type":"BreadcrumbList","@id":"https:\/\/bbqentertainment.com\/toode\/gaasigrill-force\/#breadcrumb","itemListElement":[{"@type":"ListItem","position":1,"name":"AVALEHT","item":"https:\/\/bbqentertainment.com\/en\/"},{"@type":"ListItem","position":2,"name":"Tooted","item":"https:\/\/bbqentertainment.com\/tooted\/"},{"@type":"ListItem","position":3,"name":"Grillid ja ahjud","item":"https:\/\/bbqentertainment.com\/tootekategooria\/grillid-ja-ahjud\/"},{"@type":"ListItem","position":4,"name":"Everdure by Heston","item":"https:\/\/bbqentertainment.com\/tootekategooria\/grillid-ja-ahjud\/everdure-by-heston\/"},{"@type":"ListItem","position":5,"name":"GAASIGRILL &#8211; Everdure by Heston Blumenthal &#8211; FORCE\u2122"}]},{"@type":"WebSite","@id":"https:\/\/bbqentertainment.com\/#website","url":"https:\/\/bbqentertainment.com\/","name":"BBQ Entertainment","description":"BBQ is a great lifestyle, not just fun!","publisher":{"@id":"https:\/\/bbqentertainment.com\/#organization"},"potentialAction":[{"@type":"SearchAction","target":{"@type":"EntryPoint","urlTemplate":"https:\/\/bbqentertainment.com\/?s={search_term_string}"},"query-input":{"@type":"PropertyValueSpecification","valueRequired":true,"valueName":"search_term_string"}}],"inLanguage":"en-US"},{"@type":"Organization","@id":"https:\/\/bbqentertainment.com\/#organization","name":"BBQ Entertainment O\u00dc","url":"https:\/\/bbqentertainment.com\/","logo":{"@type":"ImageObject","inLanguage":"en-US","@id":"https:\/\/bbqentertainment.com\/#\/schema\/logo\/image\/","url":"https:\/\/bbqentertainment.com\/wp-content\/uploads\/2020\/04\/BBQ-Entertainment-N-Catering-Enn-Tobreluts-Logo.png","contentUrl":"https:\/\/bbqentertainment.com\/wp-content\/uploads\/2020\/04\/BBQ-Entertainment-N-Catering-Enn-Tobreluts-Logo.png","width":628,"height":266,"caption":"BBQ Entertainment O\u00dc"},"image":{"@id":"https:\/\/bbqentertainment.com\/#\/schema\/logo\/image\/"},"sameAs":["https:\/\/www.facebook.com\/BBQ-Entertainment-N-Catering-2437913376443540","https:\/\/www.instagram.com\/bbqentertainmentncatering\/","https:\/\/www.youtube.com\/channel\/UCmpuANQVhLy2Md8nrenp2jA"]}]}},"_links":{"self":[{"href":"https:\/\/bbqentertainment.com\/en\/wp-json\/wp\/v2\/product\/2342","targetHints":{"allow":["GET"]}}],"collection":[{"href":"https:\/\/bbqentertainment.com\/en\/wp-json\/wp\/v2\/product"}],"about":[{"href":"https:\/\/bbqentertainment.com\/en\/wp-json\/wp\/v2\/types\/product"}],"wp:featuredmedia":[{"embeddable":true,"href":"https:\/\/bbqentertainment.com\/en\/wp-json\/wp\/v2\/media\/2513"}],"wp:attachment":[{"href":"https:\/\/bbqentertainment.com\/en\/wp-json\/wp\/v2\/media?parent=2342"}],"wp:term":[{"taxonomy":"product_brand","embeddable":true,"href":"https:\/\/bbqentertainment.com\/en\/wp-json\/wp\/v2\/product_brand?post=2342"},{"taxonomy":"product_cat","embeddable":true,"href":"https:\/\/bbqentertainment.com\/en\/wp-json\/wp\/v2\/product_cat?post=2342"},{"taxonomy":"product_tag","embeddable":true,"href":"https:\/\/bbqentertainment.com\/en\/wp-json\/wp\/v2\/product_tag?post=2342"}],"curies":[{"name":"wp","href":"https:\/\/api.w.org\/{rel}","templated":true}]}}