{"id":235990,"date":"2021-05-08T11:19:48","date_gmt":"2021-05-08T09:19:48","guid":{"rendered":"https:\/\/bbqentertainment.com\/?post_type=product&#038;p=235990"},"modified":"2026-03-07T23:18:31","modified_gmt":"2026-03-07T21:18:31","slug":"happinel-keskkonnasobralikud-suutepadjad-300g-20-25-tk","status":"publish","type":"product","link":"https:\/\/bbqentertainment.com\/en\/toode\/happinel-keskkonnasobralikud-suutepadjad-300g-20-25-tk\/","title":{"rendered":"Happinel keskkonnas\u00f5bralikud s\u00fc\u00fctepadjad 300g (20-25 tk)"},"content":{"rendered":"","protected":false},"excerpt":{"rendered":"<h3><strong>Happinel keskkonnas\u00f5bralikud s\u00fc\u00fctepadjad 300g (20-25 tk)<\/strong><\/h3>\n<ul>\n<li>Tule ja grills\u00f6e s\u00fc\u00fctamiseks m\u00f5eldud keskkonnas\u00f5bralikud s\u00fc\u00fctepadjad<\/li>\n<li>Uue tehnoloogiaga v\u00e4lja t\u00f6\u00f6tatud s\u00fc\u00fctepadjad koosnevad ainult haavapuidust<\/li>\n<li>Tootele pole lisatud \u00fchtegi lisaainet ega kemikaali, mist\u00f5ttu on see keskkonnas\u00f5bralik<\/li>\n<li>Toode on p\u00e4lvinud korstnap\u00fchkijate tunnustuse, sest haavapuit p\u00f5leb leeliseliselt ning ei tahma<\/li>\n<li>S\u00fc\u00fctepatja on v\u00e4ga lihtne kasutada ning see s\u00fcttib koheselt<\/li>\n<li>Kiiremaks s\u00fcttimiseks v\u00f5ib n\u00e4ppudega s\u00fc\u00fctepatja veidi lahtiharutada<\/li>\n<li>Toodetud Eestis kohalikust toorainest<\/li>\n<\/ul>\n","protected":false},"featured_media":235991,"template":"","meta":{"inline_featured_image":false},"product_brand":[],"product_cat":[104],"product_tag":[],"class_list":{"0":"post-235990","1":"product","2":"type-product","3":"status-publish","4":"has-post-thumbnail","6":"product_cat-sute-suutamiseks","8":"first","9":"instock","10":"sale","11":"taxable","12":"shipping-taxable","13":"purchasable","14":"product-type-simple"},"yoast_head":"<!-- This site is optimized with the Yoast SEO plugin v27.4 - https:\/\/yoast.com\/product\/yoast-seo-wordpress\/ -->\n<title>Happinel keskkonnas\u00f5bralikud s\u00fc\u00fctepadjad 300g (20-25 tk) - BBQ Entertainment<\/title>\n<meta name=\"robots\" content=\"index, follow, max-snippet:-1, max-image-preview:large, max-video-preview:-1\" \/>\n<link rel=\"canonical\" href=\"https:\/\/bbqentertainment.com\/toode\/happinel-keskkonnasobralikud-suutepadjad-300g-20-25-tk\/\" \/>\n<meta property=\"og:locale\" content=\"en_US\" \/>\n<meta property=\"og:type\" content=\"article\" \/>\n<meta property=\"og:title\" content=\"Happinel keskkonnas\u00f5bralikud s\u00fc\u00fctepadjad 300g (20-25 tk) - BBQ Entertainment\" \/>\n<meta property=\"og:description\" content=\"Happinel keskkonnas\u00f5bralikud s\u00fc\u00fctepadjad 300g (20-25 tk)   Tule ja grills\u00f6e s\u00fc\u00fctamiseks m\u00f5eldud keskkonnas\u00f5bralikud s\u00fc\u00fctepadjad  Uue tehnoloogiaga v\u00e4lja t\u00f6\u00f6tatud s\u00fc\u00fctepadjad koosnevad ainult haavapuidust  Tootele pole lisatud \u00fchtegi lisaainet ega kemikaali, mist\u00f5ttu on see keskkonnas\u00f5bralik  Toode on p\u00e4lvinud korstnap\u00fchkijate tunnustuse, sest haavapuit p\u00f5leb leeliseliselt ning ei tahma  S\u00fc\u00fctepatja on v\u00e4ga lihtne kasutada ning see s\u00fcttib koheselt  Kiiremaks s\u00fcttimiseks v\u00f5ib n\u00e4ppudega s\u00fc\u00fctepatja veidi lahtiharutada  Toodetud Eestis kohalikust toorainest\" \/>\n<meta property=\"og:url\" content=\"https:\/\/bbqentertainment.com\/toode\/happinel-keskkonnasobralikud-suutepadjad-300g-20-25-tk\/\" \/>\n<meta property=\"og:site_name\" content=\"BBQ Entertainment\" \/>\n<meta property=\"article:publisher\" content=\"https:\/\/www.facebook.com\/BBQ-Entertainment-N-Catering-2437913376443540\" \/>\n<meta property=\"article:modified_time\" content=\"2026-03-07T21:18:31+00:00\" \/>\n<meta property=\"og:image\" content=\"https:\/\/bbqentertainment.com\/wp-content\/uploads\/2021\/05\/Happinel-suutepadjad-300g-20-25-tk.jpg\" \/>\n\t<meta property=\"og:image:width\" content=\"1200\" \/>\n\t<meta property=\"og:image:height\" content=\"1200\" \/>\n\t<meta property=\"og:image:type\" content=\"image\/jpeg\" \/>\n<meta name=\"twitter:card\" content=\"summary_large_image\" \/>\n<meta name=\"twitter:label1\" content=\"Est. reading time\" \/>\n\t<meta name=\"twitter:data1\" content=\"1 minute\" \/>\n<script type=\"application\/ld+json\" class=\"yoast-schema-graph\">{\"@context\":\"https:\\\/\\\/schema.org\",\"@graph\":[{\"@type\":[\"WebPage\",\"ItemPage\"],\"@id\":\"https:\\\/\\\/bbqentertainment.com\\\/toode\\\/happinel-keskkonnasobralikud-suutepadjad-300g-20-25-tk\\\/\",\"url\":\"https:\\\/\\\/bbqentertainment.com\\\/toode\\\/happinel-keskkonnasobralikud-suutepadjad-300g-20-25-tk\\\/\",\"name\":\"Happinel keskkonnas\u00f5bralikud s\u00fc\u00fctepadjad 300g (20-25 tk) - BBQ Entertainment\",\"isPartOf\":{\"@id\":\"https:\\\/\\\/bbqentertainment.com\\\/#website\"},\"primaryImageOfPage\":{\"@id\":\"https:\\\/\\\/bbqentertainment.com\\\/toode\\\/happinel-keskkonnasobralikud-suutepadjad-300g-20-25-tk\\\/#primaryimage\"},\"image\":{\"@id\":\"https:\\\/\\\/bbqentertainment.com\\\/toode\\\/happinel-keskkonnasobralikud-suutepadjad-300g-20-25-tk\\\/#primaryimage\"},\"thumbnailUrl\":\"https:\\\/\\\/bbqentertainment.com\\\/wp-content\\\/uploads\\\/2021\\\/05\\\/Happinel-suutepadjad-300g-20-25-tk.jpg\",\"datePublished\":\"2021-05-08T09:19:48+00:00\",\"dateModified\":\"2026-03-07T21:18:31+00:00\",\"breadcrumb\":{\"@id\":\"https:\\\/\\\/bbqentertainment.com\\\/toode\\\/happinel-keskkonnasobralikud-suutepadjad-300g-20-25-tk\\\/#breadcrumb\"},\"inLanguage\":\"en-US\",\"potentialAction\":[{\"@type\":\"ReadAction\",\"target\":[\"https:\\\/\\\/bbqentertainment.com\\\/toode\\\/happinel-keskkonnasobralikud-suutepadjad-300g-20-25-tk\\\/\"]}]},{\"@type\":\"ImageObject\",\"inLanguage\":\"en-US\",\"@id\":\"https:\\\/\\\/bbqentertainment.com\\\/toode\\\/happinel-keskkonnasobralikud-suutepadjad-300g-20-25-tk\\\/#primaryimage\",\"url\":\"https:\\\/\\\/bbqentertainment.com\\\/wp-content\\\/uploads\\\/2021\\\/05\\\/Happinel-suutepadjad-300g-20-25-tk.jpg\",\"contentUrl\":\"https:\\\/\\\/bbqentertainment.com\\\/wp-content\\\/uploads\\\/2021\\\/05\\\/Happinel-suutepadjad-300g-20-25-tk.jpg\",\"width\":1200,\"height\":1200},{\"@type\":\"BreadcrumbList\",\"@id\":\"https:\\\/\\\/bbqentertainment.com\\\/toode\\\/happinel-keskkonnasobralikud-suutepadjad-300g-20-25-tk\\\/#breadcrumb\",\"itemListElement\":[{\"@type\":\"ListItem\",\"position\":1,\"name\":\"AVALEHT\",\"item\":\"https:\\\/\\\/bbqentertainment.com\\\/en\\\/\"},{\"@type\":\"ListItem\",\"position\":2,\"name\":\"Tooted\",\"item\":\"https:\\\/\\\/bbqentertainment.com\\\/tooted\\\/\"},{\"@type\":\"ListItem\",\"position\":3,\"name\":\"K\u00fcte\",\"item\":\"https:\\\/\\\/bbqentertainment.com\\\/tootekategooria\\\/grillsusi\\\/\"},{\"@type\":\"ListItem\",\"position\":4,\"name\":\"S\u00fcte s\u00fc\u00fctamiseks\",\"item\":\"https:\\\/\\\/bbqentertainment.com\\\/tootekategooria\\\/grillsusi\\\/sute-suutamiseks\\\/\"},{\"@type\":\"ListItem\",\"position\":5,\"name\":\"Happinel keskkonnas\u00f5bralikud s\u00fc\u00fctepadjad 300g (20-25 tk)\"}]},{\"@type\":\"WebSite\",\"@id\":\"https:\\\/\\\/bbqentertainment.com\\\/#website\",\"url\":\"https:\\\/\\\/bbqentertainment.com\\\/\",\"name\":\"BBQ Entertainment\",\"description\":\"BBQ is a great lifestyle, not just fun!\",\"publisher\":{\"@id\":\"https:\\\/\\\/bbqentertainment.com\\\/#organization\"},\"potentialAction\":[{\"@type\":\"SearchAction\",\"target\":{\"@type\":\"EntryPoint\",\"urlTemplate\":\"https:\\\/\\\/bbqentertainment.com\\\/?s={search_term_string}\"},\"query-input\":{\"@type\":\"PropertyValueSpecification\",\"valueRequired\":true,\"valueName\":\"search_term_string\"}}],\"inLanguage\":\"en-US\"},{\"@type\":\"Organization\",\"@id\":\"https:\\\/\\\/bbqentertainment.com\\\/#organization\",\"name\":\"BBQ Entertainment O\u00dc\",\"url\":\"https:\\\/\\\/bbqentertainment.com\\\/\",\"logo\":{\"@type\":\"ImageObject\",\"inLanguage\":\"en-US\",\"@id\":\"https:\\\/\\\/bbqentertainment.com\\\/#\\\/schema\\\/logo\\\/image\\\/\",\"url\":\"https:\\\/\\\/bbqentertainment.com\\\/wp-content\\\/uploads\\\/2020\\\/04\\\/BBQ-Entertainment-N-Catering-Enn-Tobreluts-Logo.png\",\"contentUrl\":\"https:\\\/\\\/bbqentertainment.com\\\/wp-content\\\/uploads\\\/2020\\\/04\\\/BBQ-Entertainment-N-Catering-Enn-Tobreluts-Logo.png\",\"width\":628,\"height\":266,\"caption\":\"BBQ Entertainment O\u00dc\"},\"image\":{\"@id\":\"https:\\\/\\\/bbqentertainment.com\\\/#\\\/schema\\\/logo\\\/image\\\/\"},\"sameAs\":[\"https:\\\/\\\/www.facebook.com\\\/BBQ-Entertainment-N-Catering-2437913376443540\",\"https:\\\/\\\/www.instagram.com\\\/bbqentertainmentncatering\\\/\",\"https:\\\/\\\/www.youtube.com\\\/channel\\\/UCmpuANQVhLy2Md8nrenp2jA\"]}]}<\/script>\n<!-- \/ Yoast SEO plugin. -->","yoast_head_json":{"title":"Happinel keskkonnas\u00f5bralikud s\u00fc\u00fctepadjad 300g (20-25 tk) - BBQ Entertainment","robots":{"index":"index","follow":"follow","max-snippet":"max-snippet:-1","max-image-preview":"max-image-preview:large","max-video-preview":"max-video-preview:-1"},"canonical":"https:\/\/bbqentertainment.com\/toode\/happinel-keskkonnasobralikud-suutepadjad-300g-20-25-tk\/","og_locale":"en_US","og_type":"article","og_title":"Happinel keskkonnas\u00f5bralikud s\u00fc\u00fctepadjad 300g (20-25 tk) - BBQ Entertainment","og_description":"Happinel keskkonnas\u00f5bralikud s\u00fc\u00fctepadjad 300g (20-25 tk)   Tule ja grills\u00f6e s\u00fc\u00fctamiseks m\u00f5eldud keskkonnas\u00f5bralikud s\u00fc\u00fctepadjad  Uue tehnoloogiaga v\u00e4lja t\u00f6\u00f6tatud s\u00fc\u00fctepadjad koosnevad ainult haavapuidust  Tootele pole lisatud \u00fchtegi lisaainet ega kemikaali, mist\u00f5ttu on see keskkonnas\u00f5bralik  Toode on p\u00e4lvinud korstnap\u00fchkijate tunnustuse, sest haavapuit p\u00f5leb leeliseliselt ning ei tahma  S\u00fc\u00fctepatja on v\u00e4ga lihtne kasutada ning see s\u00fcttib koheselt  Kiiremaks s\u00fcttimiseks v\u00f5ib n\u00e4ppudega s\u00fc\u00fctepatja veidi lahtiharutada  Toodetud Eestis kohalikust toorainest","og_url":"https:\/\/bbqentertainment.com\/toode\/happinel-keskkonnasobralikud-suutepadjad-300g-20-25-tk\/","og_site_name":"BBQ Entertainment","article_publisher":"https:\/\/www.facebook.com\/BBQ-Entertainment-N-Catering-2437913376443540","article_modified_time":"2026-03-07T21:18:31+00:00","og_image":[{"width":1200,"height":1200,"url":"https:\/\/bbqentertainment.com\/wp-content\/uploads\/2021\/05\/Happinel-suutepadjad-300g-20-25-tk.jpg","type":"image\/jpeg"}],"twitter_card":"summary_large_image","twitter_misc":{"Est. reading time":"1 minute"},"schema":{"@context":"https:\/\/schema.org","@graph":[{"@type":["WebPage","ItemPage"],"@id":"https:\/\/bbqentertainment.com\/toode\/happinel-keskkonnasobralikud-suutepadjad-300g-20-25-tk\/","url":"https:\/\/bbqentertainment.com\/toode\/happinel-keskkonnasobralikud-suutepadjad-300g-20-25-tk\/","name":"Happinel keskkonnas\u00f5bralikud s\u00fc\u00fctepadjad 300g (20-25 tk) - BBQ Entertainment","isPartOf":{"@id":"https:\/\/bbqentertainment.com\/#website"},"primaryImageOfPage":{"@id":"https:\/\/bbqentertainment.com\/toode\/happinel-keskkonnasobralikud-suutepadjad-300g-20-25-tk\/#primaryimage"},"image":{"@id":"https:\/\/bbqentertainment.com\/toode\/happinel-keskkonnasobralikud-suutepadjad-300g-20-25-tk\/#primaryimage"},"thumbnailUrl":"https:\/\/bbqentertainment.com\/wp-content\/uploads\/2021\/05\/Happinel-suutepadjad-300g-20-25-tk.jpg","datePublished":"2021-05-08T09:19:48+00:00","dateModified":"2026-03-07T21:18:31+00:00","breadcrumb":{"@id":"https:\/\/bbqentertainment.com\/toode\/happinel-keskkonnasobralikud-suutepadjad-300g-20-25-tk\/#breadcrumb"},"inLanguage":"en-US","potentialAction":[{"@type":"ReadAction","target":["https:\/\/bbqentertainment.com\/toode\/happinel-keskkonnasobralikud-suutepadjad-300g-20-25-tk\/"]}]},{"@type":"ImageObject","inLanguage":"en-US","@id":"https:\/\/bbqentertainment.com\/toode\/happinel-keskkonnasobralikud-suutepadjad-300g-20-25-tk\/#primaryimage","url":"https:\/\/bbqentertainment.com\/wp-content\/uploads\/2021\/05\/Happinel-suutepadjad-300g-20-25-tk.jpg","contentUrl":"https:\/\/bbqentertainment.com\/wp-content\/uploads\/2021\/05\/Happinel-suutepadjad-300g-20-25-tk.jpg","width":1200,"height":1200},{"@type":"BreadcrumbList","@id":"https:\/\/bbqentertainment.com\/toode\/happinel-keskkonnasobralikud-suutepadjad-300g-20-25-tk\/#breadcrumb","itemListElement":[{"@type":"ListItem","position":1,"name":"AVALEHT","item":"https:\/\/bbqentertainment.com\/en\/"},{"@type":"ListItem","position":2,"name":"Tooted","item":"https:\/\/bbqentertainment.com\/tooted\/"},{"@type":"ListItem","position":3,"name":"K\u00fcte","item":"https:\/\/bbqentertainment.com\/tootekategooria\/grillsusi\/"},{"@type":"ListItem","position":4,"name":"S\u00fcte s\u00fc\u00fctamiseks","item":"https:\/\/bbqentertainment.com\/tootekategooria\/grillsusi\/sute-suutamiseks\/"},{"@type":"ListItem","position":5,"name":"Happinel keskkonnas\u00f5bralikud s\u00fc\u00fctepadjad 300g (20-25 tk)"}]},{"@type":"WebSite","@id":"https:\/\/bbqentertainment.com\/#website","url":"https:\/\/bbqentertainment.com\/","name":"BBQ Entertainment","description":"BBQ is a great lifestyle, not just fun!","publisher":{"@id":"https:\/\/bbqentertainment.com\/#organization"},"potentialAction":[{"@type":"SearchAction","target":{"@type":"EntryPoint","urlTemplate":"https:\/\/bbqentertainment.com\/?s={search_term_string}"},"query-input":{"@type":"PropertyValueSpecification","valueRequired":true,"valueName":"search_term_string"}}],"inLanguage":"en-US"},{"@type":"Organization","@id":"https:\/\/bbqentertainment.com\/#organization","name":"BBQ Entertainment O\u00dc","url":"https:\/\/bbqentertainment.com\/","logo":{"@type":"ImageObject","inLanguage":"en-US","@id":"https:\/\/bbqentertainment.com\/#\/schema\/logo\/image\/","url":"https:\/\/bbqentertainment.com\/wp-content\/uploads\/2020\/04\/BBQ-Entertainment-N-Catering-Enn-Tobreluts-Logo.png","contentUrl":"https:\/\/bbqentertainment.com\/wp-content\/uploads\/2020\/04\/BBQ-Entertainment-N-Catering-Enn-Tobreluts-Logo.png","width":628,"height":266,"caption":"BBQ Entertainment O\u00dc"},"image":{"@id":"https:\/\/bbqentertainment.com\/#\/schema\/logo\/image\/"},"sameAs":["https:\/\/www.facebook.com\/BBQ-Entertainment-N-Catering-2437913376443540","https:\/\/www.instagram.com\/bbqentertainmentncatering\/","https:\/\/www.youtube.com\/channel\/UCmpuANQVhLy2Md8nrenp2jA"]}]}},"_links":{"self":[{"href":"https:\/\/bbqentertainment.com\/en\/wp-json\/wp\/v2\/product\/235990","targetHints":{"allow":["GET"]}}],"collection":[{"href":"https:\/\/bbqentertainment.com\/en\/wp-json\/wp\/v2\/product"}],"about":[{"href":"https:\/\/bbqentertainment.com\/en\/wp-json\/wp\/v2\/types\/product"}],"wp:featuredmedia":[{"embeddable":true,"href":"https:\/\/bbqentertainment.com\/en\/wp-json\/wp\/v2\/media\/235991"}],"wp:attachment":[{"href":"https:\/\/bbqentertainment.com\/en\/wp-json\/wp\/v2\/media?parent=235990"}],"wp:term":[{"taxonomy":"product_brand","embeddable":true,"href":"https:\/\/bbqentertainment.com\/en\/wp-json\/wp\/v2\/product_brand?post=235990"},{"taxonomy":"product_cat","embeddable":true,"href":"https:\/\/bbqentertainment.com\/en\/wp-json\/wp\/v2\/product_cat?post=235990"},{"taxonomy":"product_tag","embeddable":true,"href":"https:\/\/bbqentertainment.com\/en\/wp-json\/wp\/v2\/product_tag?post=235990"}],"curies":[{"name":"wp","href":"https:\/\/api.w.org\/{rel}","templated":true}]}}