{"id":236181,"date":"2021-05-09T00:59:46","date_gmt":"2021-05-08T21:59:46","guid":{"rendered":"https:\/\/bbqentertainment.com\/?post_type=product&#038;p=236181"},"modified":"2026-04-10T01:33:33","modified_gmt":"2026-04-09T22:33:33","slug":"vahuvein-venturini-baldini-blanc-de-blancs-sparkling-brut-organic-itaalia-750-ml","status":"publish","type":"product","link":"https:\/\/bbqentertainment.com\/en\/toode\/vahuvein-venturini-baldini-blanc-de-blancs-sparkling-brut-organic-itaalia-750-ml\/","title":{"rendered":"Vahuvein \u2013\u00a0Venturini Baldini CADELVENTO SPERGOLA Colli di Scandiano e Canossa DOP (Itaalia 2022) 750 ml 12% vol"},"content":{"rendered":"<h3><strong>Venturini Baldini \u2013 kvaliteedi ja elegantsi s\u00fcmbol<\/strong><\/h3>\n<p>Venturini Baldini, mille viinamarjaistandused laiuvad Emilia-Romagna s\u00fcdames, on tunnustatud vahuveinide tootja, kes \u00fchendab sajanditevanuse veinivalmistamise traditsiooni kaasaegse mahetootmisega.<\/p>\n<p>Tootja on <strong>B Corp sertifikaadiga<\/strong> tunnustatud veinimaja, mis j\u00e4rgib k\u00f5rgeid keskkonna- ja eetikan\u00f5udeid ning tegutseb vastutustundlikult kogukonna ja looduse suhtes.<\/p>\n<h4><strong>Miks valida Venturini Baldini vahuveinid?<\/strong><\/h4>\n<ul>\n<li><strong>Looduslik ja mahe<\/strong> \u2013 k\u00f5ik veinid on valmistatud orgaaniliselt kasvatatud viinamarjadest, ilma kunstlike lisanditeta.<\/li>\n<li><strong>Ajalooline p\u00e4rand<\/strong> \u2013 veinimaja juured ulatuvad 17. sajandisse, millegi iga pudel kannab edasi piirkonna rikkalikku veinivalmistamise ajalugu.<\/li>\n<li><strong>Unikaalsed ja tasakaalustatud maitsed<\/strong> \u2013 Venturini Baldini vahuveinid on v\u00e4rsked, elavad ja erakordselt n\u00fcansirikkad, sobides nii t\u00e4histamiseks kui ka igap\u00e4evaseks nautimiseks.<\/li>\n<li><strong>Autentsus ja k\u00e4sit\u00f6\u00f6<\/strong> \u2013 iga pudel on valmistatud k\u00e4sit\u00f6\u00f6na, pidades silmas traditsioone ja kohaliku terroir\u2019 erip\u00e4ra.<\/li>\n<\/ul>\n<p>Alates 2018. aastast on BBQ Entertainment O\u00dc Venturini Baldini ametlik maaletooja Eestis, tuues turule eksklusiivsed ja k\u00f5rgekvaliteedilised vahuveinid, mis pakuvad naudingut igale maitsele.<\/p>\n<p>&nbsp;<\/p>\n<p><img loading=\"lazy\" decoding=\"async\" class=\"alignnone wp-image-11112\" src=\"https:\/\/bbqentertainment.com\/wp-content\/uploads\/2020\/03\/VB_marchio-completo-600x204.png\" alt=\"\" width=\"229\" height=\"78\" srcset=\"https:\/\/bbqentertainment.com\/wp-content\/uploads\/2020\/03\/VB_marchio-completo-600x204.png 600w, https:\/\/bbqentertainment.com\/wp-content\/uploads\/2020\/03\/VB_marchio-completo-700x239.png 700w, https:\/\/bbqentertainment.com\/wp-content\/uploads\/2020\/03\/VB_marchio-completo-1024x349.png 1024w, https:\/\/bbqentertainment.com\/wp-content\/uploads\/2020\/03\/VB_marchio-completo-768x262.png 768w, https:\/\/bbqentertainment.com\/wp-content\/uploads\/2020\/03\/VB_marchio-completo-1536x523.png 1536w, https:\/\/bbqentertainment.com\/wp-content\/uploads\/2020\/03\/VB_marchio-completo-2048x698.png 2048w, https:\/\/bbqentertainment.com\/wp-content\/uploads\/2020\/03\/VB_marchio-completo-510x174.png 510w\" sizes=\"auto, (max-width: 229px) 100vw, 229px\" \/>\u00a0 \u00a0 \u00a0 \u00a0\u00a0 <img loading=\"lazy\" decoding=\"async\" class=\"alignnone size-full wp-image-250578\" src=\"https:\/\/bbqentertainment.com\/wp-content\/uploads\/2021\/05\/images.png\" alt=\"\" width=\"109\" height=\"160\" \/><\/p>\n","protected":false},"excerpt":{"rendered":"<h3><strong>Vahuvein \u2013\u00a0Venturini Baldini CADELVENTO SPERGOLA Colli di Scandiano e Canossa DOP (Itaalia 2022) 750 ml 12% vol<\/strong><\/h3>\n<p>Venturini Baldini Cadelvento Colli di Scandiano e Canossa DOP Vino Spumante Brut on elegantne ja v\u00e4rske vahuvein, mis sobib suurep\u00e4raselt mitmesuguste toitude k\u00f5rvale v\u00f5i iseseisvaks nautimiseks. Selle peened mullid, tsitruselised ja puuviljased noodid ning tasakaalustatud happesus teevad sellest\u00a0 suurep\u00e4rase valiku nii pidulikeks s\u00fcndmusteks kui ka igap\u00e4evaseks nautimiseks.<\/p>\n<p><strong>VIINAMARJASORT<\/strong> Spergola<\/p>\n<p><strong>SERVEERIMISTEMPERATUUR<\/strong> <span lang=\"ET\">8-10 <\/span><span lang=\"ET\">\u00b0C<\/span><\/p>\n<p><strong>MAITSE<\/strong><\/p>\n<p>Maitselt meeldivalt siidine ja p\u00fcsiv. Kerge mineraalsusega, h\u00e4sti tasakaalustatud happesusega vahuvein. \u00d5rn puuviljane aroom, kus on tunda pirni, rohelist \u00f5una ja ka m\u00f5nusat tsitruse h\u00f5ngu.<\/p>\n<p><strong>SOBIVUS TOIDUGA<\/strong><\/p>\n<p>Suurep\u00e4rane koos mereandide, kalatartari, t\u00e4idetud pasta, grillitud kana v\u00f5i k\u00fcpsete juustudega (nt Parmigiano Reggiano v\u00f5i Brie), samuti suurep\u00e4rane kaaslane aperitiivik<\/p>\n<p><strong>J\u00c4\u00c4KSUHKRUSISALDUS<\/strong> 6 g\/l<\/p>\n","protected":false},"featured_media":248289,"template":"","meta":{"inline_featured_image":false},"product_brand":[],"product_cat":[206,395,398],"product_tag":[],"class_list":{"0":"post-236181","1":"product","2":"type-product","3":"status-publish","4":"has-post-thumbnail","6":"product_cat-veinid","7":"product_cat-vahuvein","8":"product_cat-itaalia","10":"first","11":"instock","12":"taxable","13":"shipping-taxable","14":"purchasable","15":"product-type-simple"},"yoast_head":"<!-- This site is optimized with the Yoast SEO plugin v27.4 - https:\/\/yoast.com\/product\/yoast-seo-wordpress\/ -->\n<title>Vahuvein \u2013\u00a0Venturini Baldini CADELVENTO SPERGOLA Colli di Scandiano e Canossa DOP (Itaalia 2022) 750 ml 12% vol - BBQ Entertainment<\/title>\n<meta name=\"robots\" content=\"index, follow, max-snippet:-1, max-image-preview:large, max-video-preview:-1\" \/>\n<link rel=\"canonical\" href=\"https:\/\/bbqentertainment.com\/toode\/vahuvein-venturini-baldini-blanc-de-blancs-sparkling-brut-organic-itaalia-750-ml\/\" \/>\n<meta property=\"og:locale\" content=\"en_US\" \/>\n<meta property=\"og:type\" content=\"article\" \/>\n<meta property=\"og:title\" content=\"Vahuvein \u2013\u00a0Venturini Baldini CADELVENTO SPERGOLA Colli di Scandiano e Canossa DOP (Itaalia 2022) 750 ml 12% vol - BBQ Entertainment\" \/>\n<meta property=\"og:description\" content=\"Vahuvein \u2013\u00a0Venturini Baldini CADELVENTO SPERGOLA Colli di Scandiano e Canossa DOP (Itaalia 2022) 750 ml 12% vol Venturini Baldini Cadelvento Colli di Scandiano e Canossa DOP Vino Spumante Brut on elegantne ja v\u00e4rske vahuvein, mis sobib suurep\u00e4raselt mitmesuguste toitude k\u00f5rvale v\u00f5i iseseisvaks nautimiseks. Selle peened mullid, tsitruselised ja puuviljased noodid ning tasakaalustatud happesus teevad sellest\u00a0 suurep\u00e4rase valiku nii pidulikeks s\u00fcndmusteks kui ka igap\u00e4evaseks nautimiseks.  VIINAMARJASORT Spergola  SERVEERIMISTEMPERATUUR 8-10 \u00b0C  MAITSE  Maitselt meeldivalt siidine ja p\u00fcsiv. Kerge mineraalsusega, h\u00e4sti tasakaalustatud happesusega vahuvein. \u00d5rn puuviljane aroom, kus on tunda pirni, rohelist \u00f5una ja ka m\u00f5nusat tsitruse h\u00f5ngu.  SOBIVUS TOIDUGA  Suurep\u00e4rane koos mereandide, kalatartari, t\u00e4idetud pasta, grillitud kana v\u00f5i k\u00fcpsete juustudega (nt Parmigiano Reggiano v\u00f5i Brie), samuti suurep\u00e4rane kaaslane aperitiivik  J\u00c4\u00c4KSUHKRUSISALDUS 6 g\/l\" \/>\n<meta property=\"og:url\" content=\"https:\/\/bbqentertainment.com\/toode\/vahuvein-venturini-baldini-blanc-de-blancs-sparkling-brut-organic-itaalia-750-ml\/\" \/>\n<meta property=\"og:site_name\" content=\"BBQ Entertainment\" \/>\n<meta property=\"article:publisher\" content=\"https:\/\/www.facebook.com\/BBQ-Entertainment-N-Catering-2437913376443540\" \/>\n<meta property=\"article:modified_time\" content=\"2026-04-09T22:33:33+00:00\" \/>\n<meta property=\"og:image\" content=\"https:\/\/bbqentertainment.com\/wp-content\/uploads\/2021\/05\/Venturini-Baldini-Cadelvento-Spergola-BBQ-Entertainment-OU.jpg\" \/>\n\t<meta property=\"og:image:width\" content=\"1200\" \/>\n\t<meta property=\"og:image:height\" content=\"1200\" \/>\n\t<meta property=\"og:image:type\" content=\"image\/jpeg\" \/>\n<meta name=\"twitter:card\" content=\"summary_large_image\" \/>\n<meta name=\"twitter:label1\" content=\"Est. reading time\" \/>\n\t<meta name=\"twitter:data1\" content=\"2 minutes\" \/>\n<script type=\"application\/ld+json\" class=\"yoast-schema-graph\">{\"@context\":\"https:\\\/\\\/schema.org\",\"@graph\":[{\"@type\":[\"WebPage\",\"ItemPage\"],\"@id\":\"https:\\\/\\\/bbqentertainment.com\\\/toode\\\/vahuvein-venturini-baldini-blanc-de-blancs-sparkling-brut-organic-itaalia-750-ml\\\/\",\"url\":\"https:\\\/\\\/bbqentertainment.com\\\/toode\\\/vahuvein-venturini-baldini-blanc-de-blancs-sparkling-brut-organic-itaalia-750-ml\\\/\",\"name\":\"Vahuvein \u2013\u00a0Venturini Baldini CADELVENTO SPERGOLA Colli di Scandiano e Canossa DOP (Itaalia 2022) 750 ml 12% vol - BBQ Entertainment\",\"isPartOf\":{\"@id\":\"https:\\\/\\\/bbqentertainment.com\\\/#website\"},\"primaryImageOfPage\":{\"@id\":\"https:\\\/\\\/bbqentertainment.com\\\/toode\\\/vahuvein-venturini-baldini-blanc-de-blancs-sparkling-brut-organic-itaalia-750-ml\\\/#primaryimage\"},\"image\":{\"@id\":\"https:\\\/\\\/bbqentertainment.com\\\/toode\\\/vahuvein-venturini-baldini-blanc-de-blancs-sparkling-brut-organic-itaalia-750-ml\\\/#primaryimage\"},\"thumbnailUrl\":\"https:\\\/\\\/bbqentertainment.com\\\/wp-content\\\/uploads\\\/2021\\\/05\\\/Venturini-Baldini-Cadelvento-Spergola-BBQ-Entertainment-OU.jpg\",\"datePublished\":\"2021-05-08T21:59:46+00:00\",\"dateModified\":\"2026-04-09T22:33:33+00:00\",\"breadcrumb\":{\"@id\":\"https:\\\/\\\/bbqentertainment.com\\\/toode\\\/vahuvein-venturini-baldini-blanc-de-blancs-sparkling-brut-organic-itaalia-750-ml\\\/#breadcrumb\"},\"inLanguage\":\"en-US\",\"potentialAction\":[{\"@type\":\"ReadAction\",\"target\":[\"https:\\\/\\\/bbqentertainment.com\\\/toode\\\/vahuvein-venturini-baldini-blanc-de-blancs-sparkling-brut-organic-itaalia-750-ml\\\/\"]}]},{\"@type\":\"ImageObject\",\"inLanguage\":\"en-US\",\"@id\":\"https:\\\/\\\/bbqentertainment.com\\\/toode\\\/vahuvein-venturini-baldini-blanc-de-blancs-sparkling-brut-organic-itaalia-750-ml\\\/#primaryimage\",\"url\":\"https:\\\/\\\/bbqentertainment.com\\\/wp-content\\\/uploads\\\/2021\\\/05\\\/Venturini-Baldini-Cadelvento-Spergola-BBQ-Entertainment-OU.jpg\",\"contentUrl\":\"https:\\\/\\\/bbqentertainment.com\\\/wp-content\\\/uploads\\\/2021\\\/05\\\/Venturini-Baldini-Cadelvento-Spergola-BBQ-Entertainment-OU.jpg\",\"width\":1200,\"height\":1200},{\"@type\":\"BreadcrumbList\",\"@id\":\"https:\\\/\\\/bbqentertainment.com\\\/toode\\\/vahuvein-venturini-baldini-blanc-de-blancs-sparkling-brut-organic-itaalia-750-ml\\\/#breadcrumb\",\"itemListElement\":[{\"@type\":\"ListItem\",\"position\":1,\"name\":\"AVALEHT\",\"item\":\"https:\\\/\\\/bbqentertainment.com\\\/en\\\/\"},{\"@type\":\"ListItem\",\"position\":2,\"name\":\"Tooted\",\"item\":\"https:\\\/\\\/bbqentertainment.com\\\/tooted\\\/\"},{\"@type\":\"ListItem\",\"position\":3,\"name\":\"Joogid\",\"item\":\"https:\\\/\\\/bbqentertainment.com\\\/tootekategooria\\\/joogid\\\/\"},{\"@type\":\"ListItem\",\"position\":4,\"name\":\"Veinid\",\"item\":\"https:\\\/\\\/bbqentertainment.com\\\/tootekategooria\\\/joogid\\\/veinid\\\/\"},{\"@type\":\"ListItem\",\"position\":5,\"name\":\"Vahuvein\",\"item\":\"https:\\\/\\\/bbqentertainment.com\\\/tootekategooria\\\/joogid\\\/veinid\\\/vahuvein\\\/\"},{\"@type\":\"ListItem\",\"position\":6,\"name\":\"Vahuvein \u2013\u00a0Venturini Baldini CADELVENTO SPERGOLA Colli di Scandiano e Canossa DOP (Itaalia 2022) 750 ml 12% vol\"}]},{\"@type\":\"WebSite\",\"@id\":\"https:\\\/\\\/bbqentertainment.com\\\/#website\",\"url\":\"https:\\\/\\\/bbqentertainment.com\\\/\",\"name\":\"BBQ Entertainment\",\"description\":\"BBQ is a great lifestyle, not just fun!\",\"publisher\":{\"@id\":\"https:\\\/\\\/bbqentertainment.com\\\/#organization\"},\"potentialAction\":[{\"@type\":\"SearchAction\",\"target\":{\"@type\":\"EntryPoint\",\"urlTemplate\":\"https:\\\/\\\/bbqentertainment.com\\\/?s={search_term_string}\"},\"query-input\":{\"@type\":\"PropertyValueSpecification\",\"valueRequired\":true,\"valueName\":\"search_term_string\"}}],\"inLanguage\":\"en-US\"},{\"@type\":\"Organization\",\"@id\":\"https:\\\/\\\/bbqentertainment.com\\\/#organization\",\"name\":\"BBQ Entertainment O\u00dc\",\"url\":\"https:\\\/\\\/bbqentertainment.com\\\/\",\"logo\":{\"@type\":\"ImageObject\",\"inLanguage\":\"en-US\",\"@id\":\"https:\\\/\\\/bbqentertainment.com\\\/#\\\/schema\\\/logo\\\/image\\\/\",\"url\":\"https:\\\/\\\/bbqentertainment.com\\\/wp-content\\\/uploads\\\/2020\\\/04\\\/BBQ-Entertainment-N-Catering-Enn-Tobreluts-Logo.png\",\"contentUrl\":\"https:\\\/\\\/bbqentertainment.com\\\/wp-content\\\/uploads\\\/2020\\\/04\\\/BBQ-Entertainment-N-Catering-Enn-Tobreluts-Logo.png\",\"width\":628,\"height\":266,\"caption\":\"BBQ Entertainment O\u00dc\"},\"image\":{\"@id\":\"https:\\\/\\\/bbqentertainment.com\\\/#\\\/schema\\\/logo\\\/image\\\/\"},\"sameAs\":[\"https:\\\/\\\/www.facebook.com\\\/BBQ-Entertainment-N-Catering-2437913376443540\",\"https:\\\/\\\/www.instagram.com\\\/bbqentertainmentncatering\\\/\",\"https:\\\/\\\/www.youtube.com\\\/channel\\\/UCmpuANQVhLy2Md8nrenp2jA\"]}]}<\/script>\n<!-- \/ Yoast SEO plugin. -->","yoast_head_json":{"title":"Vahuvein \u2013\u00a0Venturini Baldini CADELVENTO SPERGOLA Colli di Scandiano e Canossa DOP (Itaalia 2022) 750 ml 12% vol - BBQ Entertainment","robots":{"index":"index","follow":"follow","max-snippet":"max-snippet:-1","max-image-preview":"max-image-preview:large","max-video-preview":"max-video-preview:-1"},"canonical":"https:\/\/bbqentertainment.com\/toode\/vahuvein-venturini-baldini-blanc-de-blancs-sparkling-brut-organic-itaalia-750-ml\/","og_locale":"en_US","og_type":"article","og_title":"Vahuvein \u2013\u00a0Venturini Baldini CADELVENTO SPERGOLA Colli di Scandiano e Canossa DOP (Itaalia 2022) 750 ml 12% vol - BBQ Entertainment","og_description":"Vahuvein \u2013\u00a0Venturini Baldini CADELVENTO SPERGOLA Colli di Scandiano e Canossa DOP (Itaalia 2022) 750 ml 12% vol Venturini Baldini Cadelvento Colli di Scandiano e Canossa DOP Vino Spumante Brut on elegantne ja v\u00e4rske vahuvein, mis sobib suurep\u00e4raselt mitmesuguste toitude k\u00f5rvale v\u00f5i iseseisvaks nautimiseks. Selle peened mullid, tsitruselised ja puuviljased noodid ning tasakaalustatud happesus teevad sellest\u00a0 suurep\u00e4rase valiku nii pidulikeks s\u00fcndmusteks kui ka igap\u00e4evaseks nautimiseks.  VIINAMARJASORT Spergola  SERVEERIMISTEMPERATUUR 8-10 \u00b0C  MAITSE  Maitselt meeldivalt siidine ja p\u00fcsiv. Kerge mineraalsusega, h\u00e4sti tasakaalustatud happesusega vahuvein. \u00d5rn puuviljane aroom, kus on tunda pirni, rohelist \u00f5una ja ka m\u00f5nusat tsitruse h\u00f5ngu.  SOBIVUS TOIDUGA  Suurep\u00e4rane koos mereandide, kalatartari, t\u00e4idetud pasta, grillitud kana v\u00f5i k\u00fcpsete juustudega (nt Parmigiano Reggiano v\u00f5i Brie), samuti suurep\u00e4rane kaaslane aperitiivik  J\u00c4\u00c4KSUHKRUSISALDUS 6 g\/l","og_url":"https:\/\/bbqentertainment.com\/toode\/vahuvein-venturini-baldini-blanc-de-blancs-sparkling-brut-organic-itaalia-750-ml\/","og_site_name":"BBQ Entertainment","article_publisher":"https:\/\/www.facebook.com\/BBQ-Entertainment-N-Catering-2437913376443540","article_modified_time":"2026-04-09T22:33:33+00:00","og_image":[{"width":1200,"height":1200,"url":"https:\/\/bbqentertainment.com\/wp-content\/uploads\/2021\/05\/Venturini-Baldini-Cadelvento-Spergola-BBQ-Entertainment-OU.jpg","type":"image\/jpeg"}],"twitter_card":"summary_large_image","twitter_misc":{"Est. reading time":"2 minutes"},"schema":{"@context":"https:\/\/schema.org","@graph":[{"@type":["WebPage","ItemPage"],"@id":"https:\/\/bbqentertainment.com\/toode\/vahuvein-venturini-baldini-blanc-de-blancs-sparkling-brut-organic-itaalia-750-ml\/","url":"https:\/\/bbqentertainment.com\/toode\/vahuvein-venturini-baldini-blanc-de-blancs-sparkling-brut-organic-itaalia-750-ml\/","name":"Vahuvein \u2013\u00a0Venturini Baldini CADELVENTO SPERGOLA Colli di Scandiano e Canossa DOP (Itaalia 2022) 750 ml 12% vol - BBQ Entertainment","isPartOf":{"@id":"https:\/\/bbqentertainment.com\/#website"},"primaryImageOfPage":{"@id":"https:\/\/bbqentertainment.com\/toode\/vahuvein-venturini-baldini-blanc-de-blancs-sparkling-brut-organic-itaalia-750-ml\/#primaryimage"},"image":{"@id":"https:\/\/bbqentertainment.com\/toode\/vahuvein-venturini-baldini-blanc-de-blancs-sparkling-brut-organic-itaalia-750-ml\/#primaryimage"},"thumbnailUrl":"https:\/\/bbqentertainment.com\/wp-content\/uploads\/2021\/05\/Venturini-Baldini-Cadelvento-Spergola-BBQ-Entertainment-OU.jpg","datePublished":"2021-05-08T21:59:46+00:00","dateModified":"2026-04-09T22:33:33+00:00","breadcrumb":{"@id":"https:\/\/bbqentertainment.com\/toode\/vahuvein-venturini-baldini-blanc-de-blancs-sparkling-brut-organic-itaalia-750-ml\/#breadcrumb"},"inLanguage":"en-US","potentialAction":[{"@type":"ReadAction","target":["https:\/\/bbqentertainment.com\/toode\/vahuvein-venturini-baldini-blanc-de-blancs-sparkling-brut-organic-itaalia-750-ml\/"]}]},{"@type":"ImageObject","inLanguage":"en-US","@id":"https:\/\/bbqentertainment.com\/toode\/vahuvein-venturini-baldini-blanc-de-blancs-sparkling-brut-organic-itaalia-750-ml\/#primaryimage","url":"https:\/\/bbqentertainment.com\/wp-content\/uploads\/2021\/05\/Venturini-Baldini-Cadelvento-Spergola-BBQ-Entertainment-OU.jpg","contentUrl":"https:\/\/bbqentertainment.com\/wp-content\/uploads\/2021\/05\/Venturini-Baldini-Cadelvento-Spergola-BBQ-Entertainment-OU.jpg","width":1200,"height":1200},{"@type":"BreadcrumbList","@id":"https:\/\/bbqentertainment.com\/toode\/vahuvein-venturini-baldini-blanc-de-blancs-sparkling-brut-organic-itaalia-750-ml\/#breadcrumb","itemListElement":[{"@type":"ListItem","position":1,"name":"AVALEHT","item":"https:\/\/bbqentertainment.com\/en\/"},{"@type":"ListItem","position":2,"name":"Tooted","item":"https:\/\/bbqentertainment.com\/tooted\/"},{"@type":"ListItem","position":3,"name":"Joogid","item":"https:\/\/bbqentertainment.com\/tootekategooria\/joogid\/"},{"@type":"ListItem","position":4,"name":"Veinid","item":"https:\/\/bbqentertainment.com\/tootekategooria\/joogid\/veinid\/"},{"@type":"ListItem","position":5,"name":"Vahuvein","item":"https:\/\/bbqentertainment.com\/tootekategooria\/joogid\/veinid\/vahuvein\/"},{"@type":"ListItem","position":6,"name":"Vahuvein \u2013\u00a0Venturini Baldini CADELVENTO SPERGOLA Colli di Scandiano e Canossa DOP (Itaalia 2022) 750 ml 12% vol"}]},{"@type":"WebSite","@id":"https:\/\/bbqentertainment.com\/#website","url":"https:\/\/bbqentertainment.com\/","name":"BBQ Entertainment","description":"BBQ is a great lifestyle, not just fun!","publisher":{"@id":"https:\/\/bbqentertainment.com\/#organization"},"potentialAction":[{"@type":"SearchAction","target":{"@type":"EntryPoint","urlTemplate":"https:\/\/bbqentertainment.com\/?s={search_term_string}"},"query-input":{"@type":"PropertyValueSpecification","valueRequired":true,"valueName":"search_term_string"}}],"inLanguage":"en-US"},{"@type":"Organization","@id":"https:\/\/bbqentertainment.com\/#organization","name":"BBQ Entertainment O\u00dc","url":"https:\/\/bbqentertainment.com\/","logo":{"@type":"ImageObject","inLanguage":"en-US","@id":"https:\/\/bbqentertainment.com\/#\/schema\/logo\/image\/","url":"https:\/\/bbqentertainment.com\/wp-content\/uploads\/2020\/04\/BBQ-Entertainment-N-Catering-Enn-Tobreluts-Logo.png","contentUrl":"https:\/\/bbqentertainment.com\/wp-content\/uploads\/2020\/04\/BBQ-Entertainment-N-Catering-Enn-Tobreluts-Logo.png","width":628,"height":266,"caption":"BBQ Entertainment O\u00dc"},"image":{"@id":"https:\/\/bbqentertainment.com\/#\/schema\/logo\/image\/"},"sameAs":["https:\/\/www.facebook.com\/BBQ-Entertainment-N-Catering-2437913376443540","https:\/\/www.instagram.com\/bbqentertainmentncatering\/","https:\/\/www.youtube.com\/channel\/UCmpuANQVhLy2Md8nrenp2jA"]}]}},"_links":{"self":[{"href":"https:\/\/bbqentertainment.com\/en\/wp-json\/wp\/v2\/product\/236181","targetHints":{"allow":["GET"]}}],"collection":[{"href":"https:\/\/bbqentertainment.com\/en\/wp-json\/wp\/v2\/product"}],"about":[{"href":"https:\/\/bbqentertainment.com\/en\/wp-json\/wp\/v2\/types\/product"}],"wp:featuredmedia":[{"embeddable":true,"href":"https:\/\/bbqentertainment.com\/en\/wp-json\/wp\/v2\/media\/248289"}],"wp:attachment":[{"href":"https:\/\/bbqentertainment.com\/en\/wp-json\/wp\/v2\/media?parent=236181"}],"wp:term":[{"taxonomy":"product_brand","embeddable":true,"href":"https:\/\/bbqentertainment.com\/en\/wp-json\/wp\/v2\/product_brand?post=236181"},{"taxonomy":"product_cat","embeddable":true,"href":"https:\/\/bbqentertainment.com\/en\/wp-json\/wp\/v2\/product_cat?post=236181"},{"taxonomy":"product_tag","embeddable":true,"href":"https:\/\/bbqentertainment.com\/en\/wp-json\/wp\/v2\/product_tag?post=236181"}],"curies":[{"name":"wp","href":"https:\/\/api.w.org\/{rel}","templated":true}]}}