{"id":236248,"date":"2021-05-09T04:48:01","date_gmt":"2021-05-09T01:48:01","guid":{"rendered":"https:\/\/bbqentertainment.com\/?post_type=product&#038;p=236248"},"modified":"2026-03-07T23:14:42","modified_gmt":"2026-03-07T21:14:42","slug":"masterbuilt-rotisserie-poordvarras","status":"publish","type":"product","link":"https:\/\/bbqentertainment.com\/en\/toode\/masterbuilt-rotisserie-poordvarras\/","title":{"rendered":"Masterbuilt Gravity Series ROTISSERIE p\u00f6\u00f6rdvarras digitaalsetele s\u00f6egrillidele ja suitsuahjudele"},"content":{"rendered":"","protected":false},"excerpt":{"rendered":"<h3><strong>Masterbuilt Gravity Series ROTISSERIE p\u00f6\u00f6rdvarras digitaalsetele s\u00f6egrillidele ja suitsuahjudele<\/strong><\/h3>\n<p data-start=\"44\" data-end=\"324\">Masterbuilt Gravity Series p\u00f6\u00f6rdvarras viib sinu k\u00fcpsetuskogemuse uuele tasemele. S\u00f6e kuumuse kohal aeglaselt p\u00f6\u00f6rlevad toidud saavutavad \u00fchtlase k\u00fcpsuse ja h\u00f5rgu suitsumaitse. P\u00f6\u00f6rdvarras sobib ideaalselt Masterbuilt Gravity Series digitaalsetele s\u00f6egrillidele ja suitsuahjudele.<\/p>\n<p data-start=\"326\" data-end=\"338\"><strong data-start=\"326\" data-end=\"338\">Omadused<\/strong><\/p>\n<ul data-start=\"340\" data-end=\"598\">\n<li data-start=\"340\" data-end=\"401\">\n<p data-start=\"342\" data-end=\"401\">Sobib Gravity Series 560, 600, 800, 1050 ja XT mudelitele<\/p>\n<\/li>\n<li data-start=\"402\" data-end=\"433\">\n<p data-start=\"404\" data-end=\"433\">Kaks vahetatavat p\u00f6\u00f6rdvarda<\/p>\n<\/li>\n<li data-start=\"434\" data-end=\"463\">\n<p data-start=\"436\" data-end=\"463\">Mahutab kuni 4,5 kg toitu<\/p>\n<\/li>\n<li data-start=\"464\" data-end=\"509\">\n<p data-start=\"466\" data-end=\"509\">Lihahoidjad hoiavad toidu kindlalt paigal<\/p>\n<\/li>\n<li data-start=\"510\" data-end=\"534\">\n<p data-start=\"512\" data-end=\"534\">V\u00f5imas elektrimootor<\/p>\n<\/li>\n<\/ul>\n","protected":false},"featured_media":236249,"template":"","meta":{"inline_featured_image":false},"product_brand":[],"product_cat":[19],"product_tag":[],"class_list":{"0":"post-236248","1":"product","2":"type-product","3":"status-publish","4":"has-post-thumbnail","6":"product_cat-masterbuilt-ahjud","8":"first","9":"onbackorder","10":"taxable","11":"shipping-taxable","12":"purchasable","13":"product-type-simple"},"yoast_head":"<!-- This site is optimized with the Yoast SEO plugin v27.4 - https:\/\/yoast.com\/product\/yoast-seo-wordpress\/ -->\n<title>Masterbuilt Gravity Series ROTISSERIE p\u00f6\u00f6rdvarras digitaalsetele s\u00f6egrillidele ja suitsuahjudele - BBQ Entertainment<\/title>\n<meta name=\"description\" content=\"Masterbuilt Gravity Series p\u00f6\u00f6rdvarras tagab \u00fchtlase k\u00fcpsetuse ja t\u00e4iusliku suitsumaitse. Vaata, kuidas p\u00f6\u00f6rdvarras viib su grillimise uuele tasemele!\" \/>\n<meta name=\"robots\" content=\"index, follow, max-snippet:-1, max-image-preview:large, max-video-preview:-1\" \/>\n<link rel=\"canonical\" href=\"https:\/\/bbqentertainment.com\/toode\/masterbuilt-rotisserie-poordvarras\/\" \/>\n<meta property=\"og:locale\" content=\"en_US\" \/>\n<meta property=\"og:type\" content=\"article\" \/>\n<meta property=\"og:title\" content=\"Masterbuilt Gravity Series ROTISSERIE p\u00f6\u00f6rdvarras digitaalsetele s\u00f6egrillidele ja suitsuahjudele - BBQ Entertainment\" \/>\n<meta property=\"og:description\" content=\"Masterbuilt Gravity Series p\u00f6\u00f6rdvarras tagab \u00fchtlase k\u00fcpsetuse ja t\u00e4iusliku suitsumaitse. Vaata, kuidas p\u00f6\u00f6rdvarras viib su grillimise uuele tasemele!\" \/>\n<meta property=\"og:url\" content=\"https:\/\/bbqentertainment.com\/toode\/masterbuilt-rotisserie-poordvarras\/\" \/>\n<meta property=\"og:site_name\" content=\"BBQ Entertainment\" \/>\n<meta property=\"article:publisher\" content=\"https:\/\/www.facebook.com\/BBQ-Entertainment-N-Catering-2437913376443540\" \/>\n<meta property=\"article:modified_time\" content=\"2026-03-07T21:14:42+00:00\" \/>\n<meta property=\"og:image\" content=\"https:\/\/bbqentertainment.com\/wp-content\/uploads\/2021\/05\/Rotisserie-for-Gravity-Series-560-1050.jpg\" \/>\n\t<meta property=\"og:image:width\" content=\"1200\" \/>\n\t<meta property=\"og:image:height\" content=\"1200\" \/>\n\t<meta property=\"og:image:type\" content=\"image\/jpeg\" \/>\n<meta name=\"twitter:card\" content=\"summary_large_image\" \/>\n<meta name=\"twitter:label1\" content=\"Est. reading time\" \/>\n\t<meta name=\"twitter:data1\" content=\"1 minute\" \/>\n<script type=\"application\/ld+json\" class=\"yoast-schema-graph\">{\"@context\":\"https:\\\/\\\/schema.org\",\"@graph\":[{\"@type\":[\"WebPage\",\"ItemPage\"],\"@id\":\"https:\\\/\\\/bbqentertainment.com\\\/toode\\\/masterbuilt-rotisserie-poordvarras\\\/\",\"url\":\"https:\\\/\\\/bbqentertainment.com\\\/toode\\\/masterbuilt-rotisserie-poordvarras\\\/\",\"name\":\"Masterbuilt Gravity Series ROTISSERIE p\u00f6\u00f6rdvarras digitaalsetele s\u00f6egrillidele ja suitsuahjudele - BBQ Entertainment\",\"isPartOf\":{\"@id\":\"https:\\\/\\\/bbqentertainment.com\\\/#website\"},\"primaryImageOfPage\":{\"@id\":\"https:\\\/\\\/bbqentertainment.com\\\/toode\\\/masterbuilt-rotisserie-poordvarras\\\/#primaryimage\"},\"image\":{\"@id\":\"https:\\\/\\\/bbqentertainment.com\\\/toode\\\/masterbuilt-rotisserie-poordvarras\\\/#primaryimage\"},\"thumbnailUrl\":\"https:\\\/\\\/bbqentertainment.com\\\/wp-content\\\/uploads\\\/2021\\\/05\\\/Rotisserie-for-Gravity-Series-560-1050.jpg\",\"datePublished\":\"2021-05-09T01:48:01+00:00\",\"dateModified\":\"2026-03-07T21:14:42+00:00\",\"description\":\"Masterbuilt Gravity Series p\u00f6\u00f6rdvarras tagab \u00fchtlase k\u00fcpsetuse ja t\u00e4iusliku suitsumaitse. Vaata, kuidas p\u00f6\u00f6rdvarras viib su grillimise uuele tasemele!\",\"breadcrumb\":{\"@id\":\"https:\\\/\\\/bbqentertainment.com\\\/toode\\\/masterbuilt-rotisserie-poordvarras\\\/#breadcrumb\"},\"inLanguage\":\"en-US\",\"potentialAction\":[{\"@type\":\"ReadAction\",\"target\":[\"https:\\\/\\\/bbqentertainment.com\\\/toode\\\/masterbuilt-rotisserie-poordvarras\\\/\"]}]},{\"@type\":\"ImageObject\",\"inLanguage\":\"en-US\",\"@id\":\"https:\\\/\\\/bbqentertainment.com\\\/toode\\\/masterbuilt-rotisserie-poordvarras\\\/#primaryimage\",\"url\":\"https:\\\/\\\/bbqentertainment.com\\\/wp-content\\\/uploads\\\/2021\\\/05\\\/Rotisserie-for-Gravity-Series-560-1050.jpg\",\"contentUrl\":\"https:\\\/\\\/bbqentertainment.com\\\/wp-content\\\/uploads\\\/2021\\\/05\\\/Rotisserie-for-Gravity-Series-560-1050.jpg\",\"width\":1200,\"height\":1200},{\"@type\":\"BreadcrumbList\",\"@id\":\"https:\\\/\\\/bbqentertainment.com\\\/toode\\\/masterbuilt-rotisserie-poordvarras\\\/#breadcrumb\",\"itemListElement\":[{\"@type\":\"ListItem\",\"position\":1,\"name\":\"AVALEHT\",\"item\":\"https:\\\/\\\/bbqentertainment.com\\\/en\\\/\"},{\"@type\":\"ListItem\",\"position\":2,\"name\":\"Tooted\",\"item\":\"https:\\\/\\\/bbqentertainment.com\\\/tooted\\\/\"},{\"@type\":\"ListItem\",\"position\":3,\"name\":\"Grillid ja ahjud\",\"item\":\"https:\\\/\\\/bbqentertainment.com\\\/tootekategooria\\\/grillid-ja-ahjud\\\/\"},{\"@type\":\"ListItem\",\"position\":4,\"name\":\"Masterbuilt &amp; CharGriller\",\"item\":\"https:\\\/\\\/bbqentertainment.com\\\/tootekategooria\\\/grillid-ja-ahjud\\\/masterbuilt-ahjud\\\/\"},{\"@type\":\"ListItem\",\"position\":5,\"name\":\"Masterbuilt Gravity Series ROTISSERIE p\u00f6\u00f6rdvarras digitaalsetele s\u00f6egrillidele ja suitsuahjudele\"}]},{\"@type\":\"WebSite\",\"@id\":\"https:\\\/\\\/bbqentertainment.com\\\/#website\",\"url\":\"https:\\\/\\\/bbqentertainment.com\\\/\",\"name\":\"BBQ Entertainment\",\"description\":\"BBQ is a great lifestyle, not just fun!\",\"publisher\":{\"@id\":\"https:\\\/\\\/bbqentertainment.com\\\/#organization\"},\"potentialAction\":[{\"@type\":\"SearchAction\",\"target\":{\"@type\":\"EntryPoint\",\"urlTemplate\":\"https:\\\/\\\/bbqentertainment.com\\\/?s={search_term_string}\"},\"query-input\":{\"@type\":\"PropertyValueSpecification\",\"valueRequired\":true,\"valueName\":\"search_term_string\"}}],\"inLanguage\":\"en-US\"},{\"@type\":\"Organization\",\"@id\":\"https:\\\/\\\/bbqentertainment.com\\\/#organization\",\"name\":\"BBQ Entertainment O\u00dc\",\"url\":\"https:\\\/\\\/bbqentertainment.com\\\/\",\"logo\":{\"@type\":\"ImageObject\",\"inLanguage\":\"en-US\",\"@id\":\"https:\\\/\\\/bbqentertainment.com\\\/#\\\/schema\\\/logo\\\/image\\\/\",\"url\":\"https:\\\/\\\/bbqentertainment.com\\\/wp-content\\\/uploads\\\/2020\\\/04\\\/BBQ-Entertainment-N-Catering-Enn-Tobreluts-Logo.png\",\"contentUrl\":\"https:\\\/\\\/bbqentertainment.com\\\/wp-content\\\/uploads\\\/2020\\\/04\\\/BBQ-Entertainment-N-Catering-Enn-Tobreluts-Logo.png\",\"width\":628,\"height\":266,\"caption\":\"BBQ Entertainment O\u00dc\"},\"image\":{\"@id\":\"https:\\\/\\\/bbqentertainment.com\\\/#\\\/schema\\\/logo\\\/image\\\/\"},\"sameAs\":[\"https:\\\/\\\/www.facebook.com\\\/BBQ-Entertainment-N-Catering-2437913376443540\",\"https:\\\/\\\/www.instagram.com\\\/bbqentertainmentncatering\\\/\",\"https:\\\/\\\/www.youtube.com\\\/channel\\\/UCmpuANQVhLy2Md8nrenp2jA\"]}]}<\/script>\n<!-- \/ Yoast SEO plugin. -->","yoast_head_json":{"title":"Masterbuilt Gravity Series ROTISSERIE p\u00f6\u00f6rdvarras digitaalsetele s\u00f6egrillidele ja suitsuahjudele - BBQ Entertainment","description":"Masterbuilt Gravity Series p\u00f6\u00f6rdvarras tagab \u00fchtlase k\u00fcpsetuse ja t\u00e4iusliku suitsumaitse. Vaata, kuidas p\u00f6\u00f6rdvarras viib su grillimise uuele tasemele!","robots":{"index":"index","follow":"follow","max-snippet":"max-snippet:-1","max-image-preview":"max-image-preview:large","max-video-preview":"max-video-preview:-1"},"canonical":"https:\/\/bbqentertainment.com\/toode\/masterbuilt-rotisserie-poordvarras\/","og_locale":"en_US","og_type":"article","og_title":"Masterbuilt Gravity Series ROTISSERIE p\u00f6\u00f6rdvarras digitaalsetele s\u00f6egrillidele ja suitsuahjudele - BBQ Entertainment","og_description":"Masterbuilt Gravity Series p\u00f6\u00f6rdvarras tagab \u00fchtlase k\u00fcpsetuse ja t\u00e4iusliku suitsumaitse. Vaata, kuidas p\u00f6\u00f6rdvarras viib su grillimise uuele tasemele!","og_url":"https:\/\/bbqentertainment.com\/toode\/masterbuilt-rotisserie-poordvarras\/","og_site_name":"BBQ Entertainment","article_publisher":"https:\/\/www.facebook.com\/BBQ-Entertainment-N-Catering-2437913376443540","article_modified_time":"2026-03-07T21:14:42+00:00","og_image":[{"width":1200,"height":1200,"url":"https:\/\/bbqentertainment.com\/wp-content\/uploads\/2021\/05\/Rotisserie-for-Gravity-Series-560-1050.jpg","type":"image\/jpeg"}],"twitter_card":"summary_large_image","twitter_misc":{"Est. reading time":"1 minute"},"schema":{"@context":"https:\/\/schema.org","@graph":[{"@type":["WebPage","ItemPage"],"@id":"https:\/\/bbqentertainment.com\/toode\/masterbuilt-rotisserie-poordvarras\/","url":"https:\/\/bbqentertainment.com\/toode\/masterbuilt-rotisserie-poordvarras\/","name":"Masterbuilt Gravity Series ROTISSERIE p\u00f6\u00f6rdvarras digitaalsetele s\u00f6egrillidele ja suitsuahjudele - BBQ Entertainment","isPartOf":{"@id":"https:\/\/bbqentertainment.com\/#website"},"primaryImageOfPage":{"@id":"https:\/\/bbqentertainment.com\/toode\/masterbuilt-rotisserie-poordvarras\/#primaryimage"},"image":{"@id":"https:\/\/bbqentertainment.com\/toode\/masterbuilt-rotisserie-poordvarras\/#primaryimage"},"thumbnailUrl":"https:\/\/bbqentertainment.com\/wp-content\/uploads\/2021\/05\/Rotisserie-for-Gravity-Series-560-1050.jpg","datePublished":"2021-05-09T01:48:01+00:00","dateModified":"2026-03-07T21:14:42+00:00","description":"Masterbuilt Gravity Series p\u00f6\u00f6rdvarras tagab \u00fchtlase k\u00fcpsetuse ja t\u00e4iusliku suitsumaitse. Vaata, kuidas p\u00f6\u00f6rdvarras viib su grillimise uuele tasemele!","breadcrumb":{"@id":"https:\/\/bbqentertainment.com\/toode\/masterbuilt-rotisserie-poordvarras\/#breadcrumb"},"inLanguage":"en-US","potentialAction":[{"@type":"ReadAction","target":["https:\/\/bbqentertainment.com\/toode\/masterbuilt-rotisserie-poordvarras\/"]}]},{"@type":"ImageObject","inLanguage":"en-US","@id":"https:\/\/bbqentertainment.com\/toode\/masterbuilt-rotisserie-poordvarras\/#primaryimage","url":"https:\/\/bbqentertainment.com\/wp-content\/uploads\/2021\/05\/Rotisserie-for-Gravity-Series-560-1050.jpg","contentUrl":"https:\/\/bbqentertainment.com\/wp-content\/uploads\/2021\/05\/Rotisserie-for-Gravity-Series-560-1050.jpg","width":1200,"height":1200},{"@type":"BreadcrumbList","@id":"https:\/\/bbqentertainment.com\/toode\/masterbuilt-rotisserie-poordvarras\/#breadcrumb","itemListElement":[{"@type":"ListItem","position":1,"name":"AVALEHT","item":"https:\/\/bbqentertainment.com\/en\/"},{"@type":"ListItem","position":2,"name":"Tooted","item":"https:\/\/bbqentertainment.com\/tooted\/"},{"@type":"ListItem","position":3,"name":"Grillid ja ahjud","item":"https:\/\/bbqentertainment.com\/tootekategooria\/grillid-ja-ahjud\/"},{"@type":"ListItem","position":4,"name":"Masterbuilt &amp; CharGriller","item":"https:\/\/bbqentertainment.com\/tootekategooria\/grillid-ja-ahjud\/masterbuilt-ahjud\/"},{"@type":"ListItem","position":5,"name":"Masterbuilt Gravity Series ROTISSERIE p\u00f6\u00f6rdvarras digitaalsetele s\u00f6egrillidele ja suitsuahjudele"}]},{"@type":"WebSite","@id":"https:\/\/bbqentertainment.com\/#website","url":"https:\/\/bbqentertainment.com\/","name":"BBQ Entertainment","description":"BBQ is a great lifestyle, not just fun!","publisher":{"@id":"https:\/\/bbqentertainment.com\/#organization"},"potentialAction":[{"@type":"SearchAction","target":{"@type":"EntryPoint","urlTemplate":"https:\/\/bbqentertainment.com\/?s={search_term_string}"},"query-input":{"@type":"PropertyValueSpecification","valueRequired":true,"valueName":"search_term_string"}}],"inLanguage":"en-US"},{"@type":"Organization","@id":"https:\/\/bbqentertainment.com\/#organization","name":"BBQ Entertainment O\u00dc","url":"https:\/\/bbqentertainment.com\/","logo":{"@type":"ImageObject","inLanguage":"en-US","@id":"https:\/\/bbqentertainment.com\/#\/schema\/logo\/image\/","url":"https:\/\/bbqentertainment.com\/wp-content\/uploads\/2020\/04\/BBQ-Entertainment-N-Catering-Enn-Tobreluts-Logo.png","contentUrl":"https:\/\/bbqentertainment.com\/wp-content\/uploads\/2020\/04\/BBQ-Entertainment-N-Catering-Enn-Tobreluts-Logo.png","width":628,"height":266,"caption":"BBQ Entertainment O\u00dc"},"image":{"@id":"https:\/\/bbqentertainment.com\/#\/schema\/logo\/image\/"},"sameAs":["https:\/\/www.facebook.com\/BBQ-Entertainment-N-Catering-2437913376443540","https:\/\/www.instagram.com\/bbqentertainmentncatering\/","https:\/\/www.youtube.com\/channel\/UCmpuANQVhLy2Md8nrenp2jA"]}]}},"_links":{"self":[{"href":"https:\/\/bbqentertainment.com\/en\/wp-json\/wp\/v2\/product\/236248","targetHints":{"allow":["GET"]}}],"collection":[{"href":"https:\/\/bbqentertainment.com\/en\/wp-json\/wp\/v2\/product"}],"about":[{"href":"https:\/\/bbqentertainment.com\/en\/wp-json\/wp\/v2\/types\/product"}],"wp:featuredmedia":[{"embeddable":true,"href":"https:\/\/bbqentertainment.com\/en\/wp-json\/wp\/v2\/media\/236249"}],"wp:attachment":[{"href":"https:\/\/bbqentertainment.com\/en\/wp-json\/wp\/v2\/media?parent=236248"}],"wp:term":[{"taxonomy":"product_brand","embeddable":true,"href":"https:\/\/bbqentertainment.com\/en\/wp-json\/wp\/v2\/product_brand?post=236248"},{"taxonomy":"product_cat","embeddable":true,"href":"https:\/\/bbqentertainment.com\/en\/wp-json\/wp\/v2\/product_cat?post=236248"},{"taxonomy":"product_tag","embeddable":true,"href":"https:\/\/bbqentertainment.com\/en\/wp-json\/wp\/v2\/product_tag?post=236248"}],"curies":[{"name":"wp","href":"https:\/\/api.w.org\/{rel}","templated":true}]}}