{"id":236291,"date":"2021-05-09T11:38:29","date_gmt":"2021-05-09T09:38:29","guid":{"rendered":"https:\/\/bbqentertainment.com\/?post_type=product&#038;p=236291"},"modified":"2026-03-07T23:13:52","modified_gmt":"2026-03-07T21:13:52","slug":"nahast-poll-cuisinova-tumesinine","status":"publish","type":"product","link":"https:\/\/bbqentertainment.com\/en\/toode\/nahast-poll-cuisinova-tumesinine\/","title":{"rendered":"Nahast p\u00f5ll Cuisinova (tumesinine)"},"content":{"rendered":"","protected":false},"excerpt":{"rendered":"<h3><strong>Nahast p\u00f5ll Cuisinova (tumesinine)<\/strong><\/h3>\n<ul>\n<li>Materjal: nahk<\/li>\n<li>M\u00f5\u00f5dud: 82 x 60 cm<\/li>\n<li>V\u00e4rv: tumesinine<\/li>\n<li>Cuisinova tugevad p\u00f5lled on valmistatud kvaliteetsest ja elastsest veisenahast,\u00a0muutes need m\u00e4rkimisv\u00e4\u00e4rselt kergeks ja painduvaks. Eriti pehme kangas kaelal v\u00e4ldib h\u00f5\u00f5rdumist ja j\u00e4lgi. P\u00f5lle \u00fclaosas on ka reguleeritav pannal, mis\u00a0v\u00f5imaldab teil p\u00f5lle oma suuruse j\u00e4rgi kohandada.<\/li>\n<\/ul>\n","protected":false},"featured_media":251327,"template":"","meta":{"inline_featured_image":false},"product_brand":[],"product_cat":[374],"product_tag":[],"class_list":{"0":"post-236291","1":"product","2":"type-product","3":"status-publish","4":"has-post-thumbnail","6":"product_cat-kokapolled-ja-kindad","8":"first","9":"instock","10":"sale","11":"taxable","12":"shipping-taxable","13":"purchasable","14":"product-type-simple"},"yoast_head":"<!-- This site is optimized with the Yoast SEO plugin v27.2 - https:\/\/yoast.com\/product\/yoast-seo-wordpress\/ -->\n<title>Nahast p\u00f5ll Cuisinova (tumesinine) - BBQ Entertainment<\/title>\n<meta name=\"robots\" content=\"index, follow, max-snippet:-1, max-image-preview:large, max-video-preview:-1\" \/>\n<link rel=\"canonical\" href=\"https:\/\/bbqentertainment.com\/toode\/nahast-poll-cuisinova-tumesinine\/\" \/>\n<meta property=\"og:locale\" content=\"en_US\" \/>\n<meta property=\"og:type\" content=\"article\" \/>\n<meta property=\"og:title\" content=\"Nahast p\u00f5ll Cuisinova (tumesinine) - BBQ Entertainment\" \/>\n<meta property=\"og:description\" content=\"Nahast p\u00f5ll Cuisinova (tumesinine)   Materjal: nahk  M\u00f5\u00f5dud: 82 x 60 cm  V\u00e4rv: tumesinine  Cuisinova tugevad p\u00f5lled on valmistatud kvaliteetsest ja elastsest veisenahast,\u00a0muutes need m\u00e4rkimisv\u00e4\u00e4rselt kergeks ja painduvaks. Eriti pehme kangas kaelal v\u00e4ldib h\u00f5\u00f5rdumist ja j\u00e4lgi. P\u00f5lle \u00fclaosas on ka reguleeritav pannal, mis\u00a0v\u00f5imaldab teil p\u00f5lle oma suuruse j\u00e4rgi kohandada.\" \/>\n<meta property=\"og:url\" content=\"https:\/\/bbqentertainment.com\/toode\/nahast-poll-cuisinova-tumesinine\/\" \/>\n<meta property=\"og:site_name\" content=\"BBQ Entertainment\" \/>\n<meta property=\"article:publisher\" content=\"https:\/\/www.facebook.com\/BBQ-Entertainment-N-Catering-2437913376443540\" \/>\n<meta property=\"article:modified_time\" content=\"2026-03-07T21:13:52+00:00\" \/>\n<meta property=\"og:image\" content=\"https:\/\/bbqentertainment.com\/wp-content\/uploads\/2021\/05\/8719558541553-Cuisinova-Nahast-poll-tumesinine.jpg\" \/>\n\t<meta property=\"og:image:width\" content=\"1200\" \/>\n\t<meta property=\"og:image:height\" content=\"1200\" \/>\n\t<meta property=\"og:image:type\" content=\"image\/jpeg\" \/>\n<meta name=\"twitter:card\" content=\"summary_large_image\" \/>\n<meta name=\"twitter:label1\" content=\"Est. reading time\" \/>\n\t<meta name=\"twitter:data1\" content=\"1 minute\" \/>\n<script type=\"application\/ld+json\" class=\"yoast-schema-graph\">{\"@context\":\"https:\/\/schema.org\",\"@graph\":[{\"@type\":[\"WebPage\",\"ItemPage\"],\"@id\":\"https:\/\/bbqentertainment.com\/toode\/nahast-poll-cuisinova-tumesinine\/\",\"url\":\"https:\/\/bbqentertainment.com\/toode\/nahast-poll-cuisinova-tumesinine\/\",\"name\":\"Nahast p\u00f5ll Cuisinova (tumesinine) - BBQ Entertainment\",\"isPartOf\":{\"@id\":\"https:\/\/bbqentertainment.com\/#website\"},\"primaryImageOfPage\":{\"@id\":\"https:\/\/bbqentertainment.com\/toode\/nahast-poll-cuisinova-tumesinine\/#primaryimage\"},\"image\":{\"@id\":\"https:\/\/bbqentertainment.com\/toode\/nahast-poll-cuisinova-tumesinine\/#primaryimage\"},\"thumbnailUrl\":\"https:\/\/bbqentertainment.com\/wp-content\/uploads\/2021\/05\/8719558541553-Cuisinova-Nahast-poll-tumesinine.jpg\",\"datePublished\":\"2021-05-09T09:38:29+00:00\",\"dateModified\":\"2026-03-07T21:13:52+00:00\",\"breadcrumb\":{\"@id\":\"https:\/\/bbqentertainment.com\/toode\/nahast-poll-cuisinova-tumesinine\/#breadcrumb\"},\"inLanguage\":\"en-US\",\"potentialAction\":[{\"@type\":\"ReadAction\",\"target\":[\"https:\/\/bbqentertainment.com\/toode\/nahast-poll-cuisinova-tumesinine\/\"]}]},{\"@type\":\"ImageObject\",\"inLanguage\":\"en-US\",\"@id\":\"https:\/\/bbqentertainment.com\/toode\/nahast-poll-cuisinova-tumesinine\/#primaryimage\",\"url\":\"https:\/\/bbqentertainment.com\/wp-content\/uploads\/2021\/05\/8719558541553-Cuisinova-Nahast-poll-tumesinine.jpg\",\"contentUrl\":\"https:\/\/bbqentertainment.com\/wp-content\/uploads\/2021\/05\/8719558541553-Cuisinova-Nahast-poll-tumesinine.jpg\",\"width\":1200,\"height\":1200},{\"@type\":\"BreadcrumbList\",\"@id\":\"https:\/\/bbqentertainment.com\/toode\/nahast-poll-cuisinova-tumesinine\/#breadcrumb\",\"itemListElement\":[{\"@type\":\"ListItem\",\"position\":1,\"name\":\"AVALEHT\",\"item\":\"https:\/\/bbqentertainment.com\/en\/\"},{\"@type\":\"ListItem\",\"position\":2,\"name\":\"Tooted\",\"item\":\"https:\/\/bbqentertainment.com\/tooted\/\"},{\"@type\":\"ListItem\",\"position\":3,\"name\":\"KOKAP\u00d5LLED JA -KINDAD\",\"item\":\"https:\/\/bbqentertainment.com\/tootekategooria\/kokapolled-ja-kindad\/\"},{\"@type\":\"ListItem\",\"position\":4,\"name\":\"Nahast p\u00f5ll Cuisinova (tumesinine)\"}]},{\"@type\":\"WebSite\",\"@id\":\"https:\/\/bbqentertainment.com\/#website\",\"url\":\"https:\/\/bbqentertainment.com\/\",\"name\":\"BBQ Entertainment\",\"description\":\"BBQ is a great lifestyle, not just fun!\",\"publisher\":{\"@id\":\"https:\/\/bbqentertainment.com\/#organization\"},\"potentialAction\":[{\"@type\":\"SearchAction\",\"target\":{\"@type\":\"EntryPoint\",\"urlTemplate\":\"https:\/\/bbqentertainment.com\/?s={search_term_string}\"},\"query-input\":{\"@type\":\"PropertyValueSpecification\",\"valueRequired\":true,\"valueName\":\"search_term_string\"}}],\"inLanguage\":\"en-US\"},{\"@type\":\"Organization\",\"@id\":\"https:\/\/bbqentertainment.com\/#organization\",\"name\":\"BBQ Entertainment O\u00dc\",\"url\":\"https:\/\/bbqentertainment.com\/\",\"logo\":{\"@type\":\"ImageObject\",\"inLanguage\":\"en-US\",\"@id\":\"https:\/\/bbqentertainment.com\/#\/schema\/logo\/image\/\",\"url\":\"https:\/\/bbqentertainment.com\/wp-content\/uploads\/2020\/04\/BBQ-Entertainment-N-Catering-Enn-Tobreluts-Logo.png\",\"contentUrl\":\"https:\/\/bbqentertainment.com\/wp-content\/uploads\/2020\/04\/BBQ-Entertainment-N-Catering-Enn-Tobreluts-Logo.png\",\"width\":628,\"height\":266,\"caption\":\"BBQ Entertainment O\u00dc\"},\"image\":{\"@id\":\"https:\/\/bbqentertainment.com\/#\/schema\/logo\/image\/\"},\"sameAs\":[\"https:\/\/www.facebook.com\/BBQ-Entertainment-N-Catering-2437913376443540\",\"https:\/\/www.instagram.com\/bbqentertainmentncatering\/\",\"https:\/\/www.youtube.com\/channel\/UCmpuANQVhLy2Md8nrenp2jA\"]}]}<\/script>\n<!-- \/ Yoast SEO plugin. -->","yoast_head_json":{"title":"Nahast p\u00f5ll Cuisinova (tumesinine) - BBQ Entertainment","robots":{"index":"index","follow":"follow","max-snippet":"max-snippet:-1","max-image-preview":"max-image-preview:large","max-video-preview":"max-video-preview:-1"},"canonical":"https:\/\/bbqentertainment.com\/toode\/nahast-poll-cuisinova-tumesinine\/","og_locale":"en_US","og_type":"article","og_title":"Nahast p\u00f5ll Cuisinova (tumesinine) - BBQ Entertainment","og_description":"Nahast p\u00f5ll Cuisinova (tumesinine)   Materjal: nahk  M\u00f5\u00f5dud: 82 x 60 cm  V\u00e4rv: tumesinine  Cuisinova tugevad p\u00f5lled on valmistatud kvaliteetsest ja elastsest veisenahast,\u00a0muutes need m\u00e4rkimisv\u00e4\u00e4rselt kergeks ja painduvaks. Eriti pehme kangas kaelal v\u00e4ldib h\u00f5\u00f5rdumist ja j\u00e4lgi. P\u00f5lle \u00fclaosas on ka reguleeritav pannal, mis\u00a0v\u00f5imaldab teil p\u00f5lle oma suuruse j\u00e4rgi kohandada.","og_url":"https:\/\/bbqentertainment.com\/toode\/nahast-poll-cuisinova-tumesinine\/","og_site_name":"BBQ Entertainment","article_publisher":"https:\/\/www.facebook.com\/BBQ-Entertainment-N-Catering-2437913376443540","article_modified_time":"2026-03-07T21:13:52+00:00","og_image":[{"width":1200,"height":1200,"url":"https:\/\/bbqentertainment.com\/wp-content\/uploads\/2021\/05\/8719558541553-Cuisinova-Nahast-poll-tumesinine.jpg","type":"image\/jpeg"}],"twitter_card":"summary_large_image","twitter_misc":{"Est. reading time":"1 minute"},"schema":{"@context":"https:\/\/schema.org","@graph":[{"@type":["WebPage","ItemPage"],"@id":"https:\/\/bbqentertainment.com\/toode\/nahast-poll-cuisinova-tumesinine\/","url":"https:\/\/bbqentertainment.com\/toode\/nahast-poll-cuisinova-tumesinine\/","name":"Nahast p\u00f5ll Cuisinova (tumesinine) - BBQ Entertainment","isPartOf":{"@id":"https:\/\/bbqentertainment.com\/#website"},"primaryImageOfPage":{"@id":"https:\/\/bbqentertainment.com\/toode\/nahast-poll-cuisinova-tumesinine\/#primaryimage"},"image":{"@id":"https:\/\/bbqentertainment.com\/toode\/nahast-poll-cuisinova-tumesinine\/#primaryimage"},"thumbnailUrl":"https:\/\/bbqentertainment.com\/wp-content\/uploads\/2021\/05\/8719558541553-Cuisinova-Nahast-poll-tumesinine.jpg","datePublished":"2021-05-09T09:38:29+00:00","dateModified":"2026-03-07T21:13:52+00:00","breadcrumb":{"@id":"https:\/\/bbqentertainment.com\/toode\/nahast-poll-cuisinova-tumesinine\/#breadcrumb"},"inLanguage":"en-US","potentialAction":[{"@type":"ReadAction","target":["https:\/\/bbqentertainment.com\/toode\/nahast-poll-cuisinova-tumesinine\/"]}]},{"@type":"ImageObject","inLanguage":"en-US","@id":"https:\/\/bbqentertainment.com\/toode\/nahast-poll-cuisinova-tumesinine\/#primaryimage","url":"https:\/\/bbqentertainment.com\/wp-content\/uploads\/2021\/05\/8719558541553-Cuisinova-Nahast-poll-tumesinine.jpg","contentUrl":"https:\/\/bbqentertainment.com\/wp-content\/uploads\/2021\/05\/8719558541553-Cuisinova-Nahast-poll-tumesinine.jpg","width":1200,"height":1200},{"@type":"BreadcrumbList","@id":"https:\/\/bbqentertainment.com\/toode\/nahast-poll-cuisinova-tumesinine\/#breadcrumb","itemListElement":[{"@type":"ListItem","position":1,"name":"AVALEHT","item":"https:\/\/bbqentertainment.com\/en\/"},{"@type":"ListItem","position":2,"name":"Tooted","item":"https:\/\/bbqentertainment.com\/tooted\/"},{"@type":"ListItem","position":3,"name":"KOKAP\u00d5LLED JA -KINDAD","item":"https:\/\/bbqentertainment.com\/tootekategooria\/kokapolled-ja-kindad\/"},{"@type":"ListItem","position":4,"name":"Nahast p\u00f5ll Cuisinova (tumesinine)"}]},{"@type":"WebSite","@id":"https:\/\/bbqentertainment.com\/#website","url":"https:\/\/bbqentertainment.com\/","name":"BBQ Entertainment","description":"BBQ is a great lifestyle, not just fun!","publisher":{"@id":"https:\/\/bbqentertainment.com\/#organization"},"potentialAction":[{"@type":"SearchAction","target":{"@type":"EntryPoint","urlTemplate":"https:\/\/bbqentertainment.com\/?s={search_term_string}"},"query-input":{"@type":"PropertyValueSpecification","valueRequired":true,"valueName":"search_term_string"}}],"inLanguage":"en-US"},{"@type":"Organization","@id":"https:\/\/bbqentertainment.com\/#organization","name":"BBQ Entertainment O\u00dc","url":"https:\/\/bbqentertainment.com\/","logo":{"@type":"ImageObject","inLanguage":"en-US","@id":"https:\/\/bbqentertainment.com\/#\/schema\/logo\/image\/","url":"https:\/\/bbqentertainment.com\/wp-content\/uploads\/2020\/04\/BBQ-Entertainment-N-Catering-Enn-Tobreluts-Logo.png","contentUrl":"https:\/\/bbqentertainment.com\/wp-content\/uploads\/2020\/04\/BBQ-Entertainment-N-Catering-Enn-Tobreluts-Logo.png","width":628,"height":266,"caption":"BBQ Entertainment O\u00dc"},"image":{"@id":"https:\/\/bbqentertainment.com\/#\/schema\/logo\/image\/"},"sameAs":["https:\/\/www.facebook.com\/BBQ-Entertainment-N-Catering-2437913376443540","https:\/\/www.instagram.com\/bbqentertainmentncatering\/","https:\/\/www.youtube.com\/channel\/UCmpuANQVhLy2Md8nrenp2jA"]}]}},"_links":{"self":[{"href":"https:\/\/bbqentertainment.com\/en\/wp-json\/wp\/v2\/product\/236291","targetHints":{"allow":["GET"]}}],"collection":[{"href":"https:\/\/bbqentertainment.com\/en\/wp-json\/wp\/v2\/product"}],"about":[{"href":"https:\/\/bbqentertainment.com\/en\/wp-json\/wp\/v2\/types\/product"}],"wp:featuredmedia":[{"embeddable":true,"href":"https:\/\/bbqentertainment.com\/en\/wp-json\/wp\/v2\/media\/251327"}],"wp:attachment":[{"href":"https:\/\/bbqentertainment.com\/en\/wp-json\/wp\/v2\/media?parent=236291"}],"wp:term":[{"taxonomy":"product_brand","embeddable":true,"href":"https:\/\/bbqentertainment.com\/en\/wp-json\/wp\/v2\/product_brand?post=236291"},{"taxonomy":"product_cat","embeddable":true,"href":"https:\/\/bbqentertainment.com\/en\/wp-json\/wp\/v2\/product_cat?post=236291"},{"taxonomy":"product_tag","embeddable":true,"href":"https:\/\/bbqentertainment.com\/en\/wp-json\/wp\/v2\/product_tag?post=236291"}],"curies":[{"name":"wp","href":"https:\/\/api.w.org\/{rel}","templated":true}]}}