{"id":236333,"date":"2021-05-09T12:58:58","date_gmt":"2021-05-09T10:58:58","guid":{"rendered":"https:\/\/bbqentertainment.com\/?post_type=product&#038;p=236333"},"modified":"2025-07-25T13:46:02","modified_gmt":"2025-07-25T10:46:02","slug":"kokanuga-new-santoku-200-mm-masterchef","status":"publish","type":"product","link":"https:\/\/bbqentertainment.com\/en\/toode\/kokanuga-new-santoku-200-mm-masterchef\/","title":{"rendered":"Kokanuga \u2013 New Santoku 200 mm \u2013 MasterChef"},"content":{"rendered":"","protected":false},"excerpt":{"rendered":"<h3><strong>Kokanuga \u2013 New Santoku 200 mm \u2013 MasterChef<\/strong><\/h3>\n<ul>\n<li>MasterChefi uued &#8220;New Santoku&#8221; kokanoad on valmistatud Saksa k\u00f5rgekvaliteedilisest 18\/10\u00a0roostevabast terasest.<\/li>\n<li>Ergonoomilisel k\u00e4epidemel on hea tasakaal ja see pakub mugavust, mis v\u00f5imaldab sujuvamat kasutamist.<\/li>\n<li>&#8220;Haamri viimistlus&#8221; aitab v\u00e4ltida kleepumist toidu k\u00fclge, tagab h\u00f5lpsa l\u00f5ikamise.<\/li>\n<li>Ideaalne igat t\u00fc\u00fcpi liha, kala, puuviljade, k\u00f6\u00f6giviljade jm jaoks.<\/li>\n<li>See nuga ei sobi\u00a0n\u00f5udepesumasinasse<\/li>\n<li>P\u00e4ritolumaa: Saksamaa<\/li>\n<li>Garantii: 2 aastat<\/li>\n<\/ul>\n","protected":false},"featured_media":236325,"template":"","meta":{"inline_featured_image":false},"product_brand":[],"product_cat":[365],"product_tag":[],"class_list":{"0":"post-236333","1":"product","2":"type-product","3":"status-publish","4":"has-post-thumbnail","6":"product_cat-kokanoad-ja-teritajad","8":"first","9":"instock","10":"taxable","11":"shipping-taxable","12":"purchasable","13":"product-type-simple"},"yoast_head":"<!-- This site is optimized with the Yoast SEO plugin v27.4 - https:\/\/yoast.com\/product\/yoast-seo-wordpress\/ -->\n<title>Kokanuga \u2013 New Santoku 200 mm \u2013 MasterChef - BBQ Entertainment<\/title>\n<meta name=\"robots\" content=\"index, follow, max-snippet:-1, max-image-preview:large, max-video-preview:-1\" \/>\n<link rel=\"canonical\" href=\"https:\/\/bbqentertainment.com\/toode\/kokanuga-new-santoku-200-mm-masterchef\/\" \/>\n<meta property=\"og:locale\" content=\"en_US\" \/>\n<meta property=\"og:type\" content=\"article\" \/>\n<meta property=\"og:title\" content=\"Kokanuga \u2013 New Santoku 200 mm \u2013 MasterChef - BBQ Entertainment\" \/>\n<meta property=\"og:description\" content=\"Kokanuga \u2013 New Santoku 200 mm \u2013 MasterChef MasterChefi uued &#8220;New Santoku&#8221; kokanoad on valmistatud Saksa k\u00f5rgekvaliteedilisest 18\/10\u00a0roostevabast terasest. Ergonoomilisel k\u00e4epidemel on hea tasakaal ja see pakub mugavust, mis v\u00f5imaldab sujuvamat kasutamist. &#8220;Haamri viimistlus&#8221; aitab v\u00e4ltida kleepumist toidu k\u00fclge, tagab h\u00f5lpsa l\u00f5ikamise. Ideaalne igat t\u00fc\u00fcpi liha, kala, puuviljade, k\u00f6\u00f6giviljade jm jaoks. See nuga ei sobi\u00a0n\u00f5udepesumasinasse P\u00e4ritolumaa: Saksamaa Garantii: 2 aastat\" \/>\n<meta property=\"og:url\" content=\"https:\/\/bbqentertainment.com\/toode\/kokanuga-new-santoku-200-mm-masterchef\/\" \/>\n<meta property=\"og:site_name\" content=\"BBQ Entertainment\" \/>\n<meta property=\"article:publisher\" content=\"https:\/\/www.facebook.com\/BBQ-Entertainment-N-Catering-2437913376443540\" \/>\n<meta property=\"article:modified_time\" content=\"2025-07-25T10:46:02+00:00\" \/>\n<meta property=\"og:image\" content=\"https:\/\/bbqentertainment.com\/wp-content\/uploads\/2021\/05\/5060550700558-Kokanuga-New-Santoku-Chef-200-mm-\u2013-MasterChef.jpg\" \/>\n\t<meta property=\"og:image:width\" content=\"1200\" \/>\n\t<meta property=\"og:image:height\" content=\"1200\" \/>\n\t<meta property=\"og:image:type\" content=\"image\/jpeg\" \/>\n<meta name=\"twitter:card\" content=\"summary_large_image\" \/>\n<script type=\"application\/ld+json\" class=\"yoast-schema-graph\">{\"@context\":\"https:\\\/\\\/schema.org\",\"@graph\":[{\"@type\":[\"WebPage\",\"ItemPage\"],\"@id\":\"https:\\\/\\\/bbqentertainment.com\\\/toode\\\/kokanuga-new-santoku-200-mm-masterchef\\\/\",\"url\":\"https:\\\/\\\/bbqentertainment.com\\\/toode\\\/kokanuga-new-santoku-200-mm-masterchef\\\/\",\"name\":\"Kokanuga \u2013 New Santoku 200 mm \u2013 MasterChef - BBQ Entertainment\",\"isPartOf\":{\"@id\":\"https:\\\/\\\/bbqentertainment.com\\\/#website\"},\"primaryImageOfPage\":{\"@id\":\"https:\\\/\\\/bbqentertainment.com\\\/toode\\\/kokanuga-new-santoku-200-mm-masterchef\\\/#primaryimage\"},\"image\":{\"@id\":\"https:\\\/\\\/bbqentertainment.com\\\/toode\\\/kokanuga-new-santoku-200-mm-masterchef\\\/#primaryimage\"},\"thumbnailUrl\":\"https:\\\/\\\/bbqentertainment.com\\\/wp-content\\\/uploads\\\/2021\\\/05\\\/5060550700558-Kokanuga-New-Santoku-Chef-200-mm-\u2013-MasterChef.jpg\",\"datePublished\":\"2021-05-09T10:58:58+00:00\",\"dateModified\":\"2025-07-25T10:46:02+00:00\",\"breadcrumb\":{\"@id\":\"https:\\\/\\\/bbqentertainment.com\\\/toode\\\/kokanuga-new-santoku-200-mm-masterchef\\\/#breadcrumb\"},\"inLanguage\":\"en-US\",\"potentialAction\":[{\"@type\":\"ReadAction\",\"target\":[\"https:\\\/\\\/bbqentertainment.com\\\/toode\\\/kokanuga-new-santoku-200-mm-masterchef\\\/\"]}]},{\"@type\":\"ImageObject\",\"inLanguage\":\"en-US\",\"@id\":\"https:\\\/\\\/bbqentertainment.com\\\/toode\\\/kokanuga-new-santoku-200-mm-masterchef\\\/#primaryimage\",\"url\":\"https:\\\/\\\/bbqentertainment.com\\\/wp-content\\\/uploads\\\/2021\\\/05\\\/5060550700558-Kokanuga-New-Santoku-Chef-200-mm-\u2013-MasterChef.jpg\",\"contentUrl\":\"https:\\\/\\\/bbqentertainment.com\\\/wp-content\\\/uploads\\\/2021\\\/05\\\/5060550700558-Kokanuga-New-Santoku-Chef-200-mm-\u2013-MasterChef.jpg\",\"width\":1200,\"height\":1200},{\"@type\":\"BreadcrumbList\",\"@id\":\"https:\\\/\\\/bbqentertainment.com\\\/toode\\\/kokanuga-new-santoku-200-mm-masterchef\\\/#breadcrumb\",\"itemListElement\":[{\"@type\":\"ListItem\",\"position\":1,\"name\":\"AVALEHT\",\"item\":\"https:\\\/\\\/bbqentertainment.com\\\/en\\\/\"},{\"@type\":\"ListItem\",\"position\":2,\"name\":\"Tooted\",\"item\":\"https:\\\/\\\/bbqentertainment.com\\\/tooted\\\/\"},{\"@type\":\"ListItem\",\"position\":3,\"name\":\"Kokanoad ja -teritajad\",\"item\":\"https:\\\/\\\/bbqentertainment.com\\\/tootekategooria\\\/kokanoad-ja-teritajad\\\/\"},{\"@type\":\"ListItem\",\"position\":4,\"name\":\"Kokanuga \u2013 New Santoku 200 mm \u2013 MasterChef\"}]},{\"@type\":\"WebSite\",\"@id\":\"https:\\\/\\\/bbqentertainment.com\\\/#website\",\"url\":\"https:\\\/\\\/bbqentertainment.com\\\/\",\"name\":\"BBQ Entertainment\",\"description\":\"BBQ is a great lifestyle, not just fun!\",\"publisher\":{\"@id\":\"https:\\\/\\\/bbqentertainment.com\\\/#organization\"},\"potentialAction\":[{\"@type\":\"SearchAction\",\"target\":{\"@type\":\"EntryPoint\",\"urlTemplate\":\"https:\\\/\\\/bbqentertainment.com\\\/?s={search_term_string}\"},\"query-input\":{\"@type\":\"PropertyValueSpecification\",\"valueRequired\":true,\"valueName\":\"search_term_string\"}}],\"inLanguage\":\"en-US\"},{\"@type\":\"Organization\",\"@id\":\"https:\\\/\\\/bbqentertainment.com\\\/#organization\",\"name\":\"BBQ Entertainment O\u00dc\",\"url\":\"https:\\\/\\\/bbqentertainment.com\\\/\",\"logo\":{\"@type\":\"ImageObject\",\"inLanguage\":\"en-US\",\"@id\":\"https:\\\/\\\/bbqentertainment.com\\\/#\\\/schema\\\/logo\\\/image\\\/\",\"url\":\"https:\\\/\\\/bbqentertainment.com\\\/wp-content\\\/uploads\\\/2020\\\/04\\\/BBQ-Entertainment-N-Catering-Enn-Tobreluts-Logo.png\",\"contentUrl\":\"https:\\\/\\\/bbqentertainment.com\\\/wp-content\\\/uploads\\\/2020\\\/04\\\/BBQ-Entertainment-N-Catering-Enn-Tobreluts-Logo.png\",\"width\":628,\"height\":266,\"caption\":\"BBQ Entertainment O\u00dc\"},\"image\":{\"@id\":\"https:\\\/\\\/bbqentertainment.com\\\/#\\\/schema\\\/logo\\\/image\\\/\"},\"sameAs\":[\"https:\\\/\\\/www.facebook.com\\\/BBQ-Entertainment-N-Catering-2437913376443540\",\"https:\\\/\\\/www.instagram.com\\\/bbqentertainmentncatering\\\/\",\"https:\\\/\\\/www.youtube.com\\\/channel\\\/UCmpuANQVhLy2Md8nrenp2jA\"]}]}<\/script>\n<!-- \/ Yoast SEO plugin. -->","yoast_head_json":{"title":"Kokanuga \u2013 New Santoku 200 mm \u2013 MasterChef - BBQ Entertainment","robots":{"index":"index","follow":"follow","max-snippet":"max-snippet:-1","max-image-preview":"max-image-preview:large","max-video-preview":"max-video-preview:-1"},"canonical":"https:\/\/bbqentertainment.com\/toode\/kokanuga-new-santoku-200-mm-masterchef\/","og_locale":"en_US","og_type":"article","og_title":"Kokanuga \u2013 New Santoku 200 mm \u2013 MasterChef - BBQ Entertainment","og_description":"Kokanuga \u2013 New Santoku 200 mm \u2013 MasterChef MasterChefi uued &#8220;New Santoku&#8221; kokanoad on valmistatud Saksa k\u00f5rgekvaliteedilisest 18\/10\u00a0roostevabast terasest. Ergonoomilisel k\u00e4epidemel on hea tasakaal ja see pakub mugavust, mis v\u00f5imaldab sujuvamat kasutamist. &#8220;Haamri viimistlus&#8221; aitab v\u00e4ltida kleepumist toidu k\u00fclge, tagab h\u00f5lpsa l\u00f5ikamise. Ideaalne igat t\u00fc\u00fcpi liha, kala, puuviljade, k\u00f6\u00f6giviljade jm jaoks. See nuga ei sobi\u00a0n\u00f5udepesumasinasse P\u00e4ritolumaa: Saksamaa Garantii: 2 aastat","og_url":"https:\/\/bbqentertainment.com\/toode\/kokanuga-new-santoku-200-mm-masterchef\/","og_site_name":"BBQ Entertainment","article_publisher":"https:\/\/www.facebook.com\/BBQ-Entertainment-N-Catering-2437913376443540","article_modified_time":"2025-07-25T10:46:02+00:00","og_image":[{"width":1200,"height":1200,"url":"https:\/\/bbqentertainment.com\/wp-content\/uploads\/2021\/05\/5060550700558-Kokanuga-New-Santoku-Chef-200-mm-\u2013-MasterChef.jpg","type":"image\/jpeg"}],"twitter_card":"summary_large_image","schema":{"@context":"https:\/\/schema.org","@graph":[{"@type":["WebPage","ItemPage"],"@id":"https:\/\/bbqentertainment.com\/toode\/kokanuga-new-santoku-200-mm-masterchef\/","url":"https:\/\/bbqentertainment.com\/toode\/kokanuga-new-santoku-200-mm-masterchef\/","name":"Kokanuga \u2013 New Santoku 200 mm \u2013 MasterChef - BBQ Entertainment","isPartOf":{"@id":"https:\/\/bbqentertainment.com\/#website"},"primaryImageOfPage":{"@id":"https:\/\/bbqentertainment.com\/toode\/kokanuga-new-santoku-200-mm-masterchef\/#primaryimage"},"image":{"@id":"https:\/\/bbqentertainment.com\/toode\/kokanuga-new-santoku-200-mm-masterchef\/#primaryimage"},"thumbnailUrl":"https:\/\/bbqentertainment.com\/wp-content\/uploads\/2021\/05\/5060550700558-Kokanuga-New-Santoku-Chef-200-mm-\u2013-MasterChef.jpg","datePublished":"2021-05-09T10:58:58+00:00","dateModified":"2025-07-25T10:46:02+00:00","breadcrumb":{"@id":"https:\/\/bbqentertainment.com\/toode\/kokanuga-new-santoku-200-mm-masterchef\/#breadcrumb"},"inLanguage":"en-US","potentialAction":[{"@type":"ReadAction","target":["https:\/\/bbqentertainment.com\/toode\/kokanuga-new-santoku-200-mm-masterchef\/"]}]},{"@type":"ImageObject","inLanguage":"en-US","@id":"https:\/\/bbqentertainment.com\/toode\/kokanuga-new-santoku-200-mm-masterchef\/#primaryimage","url":"https:\/\/bbqentertainment.com\/wp-content\/uploads\/2021\/05\/5060550700558-Kokanuga-New-Santoku-Chef-200-mm-\u2013-MasterChef.jpg","contentUrl":"https:\/\/bbqentertainment.com\/wp-content\/uploads\/2021\/05\/5060550700558-Kokanuga-New-Santoku-Chef-200-mm-\u2013-MasterChef.jpg","width":1200,"height":1200},{"@type":"BreadcrumbList","@id":"https:\/\/bbqentertainment.com\/toode\/kokanuga-new-santoku-200-mm-masterchef\/#breadcrumb","itemListElement":[{"@type":"ListItem","position":1,"name":"AVALEHT","item":"https:\/\/bbqentertainment.com\/en\/"},{"@type":"ListItem","position":2,"name":"Tooted","item":"https:\/\/bbqentertainment.com\/tooted\/"},{"@type":"ListItem","position":3,"name":"Kokanoad ja -teritajad","item":"https:\/\/bbqentertainment.com\/tootekategooria\/kokanoad-ja-teritajad\/"},{"@type":"ListItem","position":4,"name":"Kokanuga \u2013 New Santoku 200 mm \u2013 MasterChef"}]},{"@type":"WebSite","@id":"https:\/\/bbqentertainment.com\/#website","url":"https:\/\/bbqentertainment.com\/","name":"BBQ Entertainment","description":"BBQ is a great lifestyle, not just fun!","publisher":{"@id":"https:\/\/bbqentertainment.com\/#organization"},"potentialAction":[{"@type":"SearchAction","target":{"@type":"EntryPoint","urlTemplate":"https:\/\/bbqentertainment.com\/?s={search_term_string}"},"query-input":{"@type":"PropertyValueSpecification","valueRequired":true,"valueName":"search_term_string"}}],"inLanguage":"en-US"},{"@type":"Organization","@id":"https:\/\/bbqentertainment.com\/#organization","name":"BBQ Entertainment O\u00dc","url":"https:\/\/bbqentertainment.com\/","logo":{"@type":"ImageObject","inLanguage":"en-US","@id":"https:\/\/bbqentertainment.com\/#\/schema\/logo\/image\/","url":"https:\/\/bbqentertainment.com\/wp-content\/uploads\/2020\/04\/BBQ-Entertainment-N-Catering-Enn-Tobreluts-Logo.png","contentUrl":"https:\/\/bbqentertainment.com\/wp-content\/uploads\/2020\/04\/BBQ-Entertainment-N-Catering-Enn-Tobreluts-Logo.png","width":628,"height":266,"caption":"BBQ Entertainment O\u00dc"},"image":{"@id":"https:\/\/bbqentertainment.com\/#\/schema\/logo\/image\/"},"sameAs":["https:\/\/www.facebook.com\/BBQ-Entertainment-N-Catering-2437913376443540","https:\/\/www.instagram.com\/bbqentertainmentncatering\/","https:\/\/www.youtube.com\/channel\/UCmpuANQVhLy2Md8nrenp2jA"]}]}},"_links":{"self":[{"href":"https:\/\/bbqentertainment.com\/en\/wp-json\/wp\/v2\/product\/236333","targetHints":{"allow":["GET"]}}],"collection":[{"href":"https:\/\/bbqentertainment.com\/en\/wp-json\/wp\/v2\/product"}],"about":[{"href":"https:\/\/bbqentertainment.com\/en\/wp-json\/wp\/v2\/types\/product"}],"wp:featuredmedia":[{"embeddable":true,"href":"https:\/\/bbqentertainment.com\/en\/wp-json\/wp\/v2\/media\/236325"}],"wp:attachment":[{"href":"https:\/\/bbqentertainment.com\/en\/wp-json\/wp\/v2\/media?parent=236333"}],"wp:term":[{"taxonomy":"product_brand","embeddable":true,"href":"https:\/\/bbqentertainment.com\/en\/wp-json\/wp\/v2\/product_brand?post=236333"},{"taxonomy":"product_cat","embeddable":true,"href":"https:\/\/bbqentertainment.com\/en\/wp-json\/wp\/v2\/product_cat?post=236333"},{"taxonomy":"product_tag","embeddable":true,"href":"https:\/\/bbqentertainment.com\/en\/wp-json\/wp\/v2\/product_tag?post=236333"}],"curies":[{"name":"wp","href":"https:\/\/api.w.org\/{rel}","templated":true}]}}