{"id":236346,"date":"2021-05-09T20:14:01","date_gmt":"2021-05-09T18:14:01","guid":{"rendered":"https:\/\/bbqentertainment.com\/?post_type=product&#038;p=236346"},"modified":"2026-03-07T23:11:38","modified_gmt":"2026-03-07T21:11:38","slug":"lihakondistusnuga-152mm-everdure","status":"publish","type":"product","link":"https:\/\/bbqentertainment.com\/en\/toode\/lihakondistusnuga-152mm-everdure\/","title":{"rendered":"Lihakondistusnuga 152 mm \u2013 Everdure by Heston Blumenthal"},"content":{"rendered":"","protected":false},"excerpt":{"rendered":"<h3><span style=\"color: #282828\"><strong>Lihakondistusnuga 152 mm \u2013 Everdure by Heston Blumenthal<\/strong><\/span><\/h3>\n<ul>\n<li><span style=\"color: #282828\">152 mm tera, 120 mm puidust k\u00e4epide\u00a0<i>(pakka wood)<\/i><\/span><\/li>\n<li><span style=\"color: #282828\">Maailma Michelini tippkoka poolt disainitud noad \u2013 Everdure by Heston Blumenthal<\/span><\/li>\n<li><span style=\"color: #282828\">Suurep\u00e4rane vastupidavus ja l\u00f5ikamisomadused<\/span><\/li>\n<li><span style=\"color: #282828\">Innovatiivne disain ja parim kvaliteet!<\/span><\/li>\n<li><span style=\"color: #282828\">Saksa k\u00f5rgekvaliteediline roostevaba teras<\/span><\/li>\n<li><span style=\"color: #282828\">Titaaniga kaetud tera<\/span><\/li>\n<li><span style=\"color: #282828\">Garantii: 2 aastat<\/span><\/li>\n<li><span style=\"color: #282828\">Netokaal: 180 g<\/span><\/li>\n<\/ul>\n<p><span style=\"color: #000080\"><a style=\"color: #000080\" href=\"https:\/\/bbqentertainment.com\/wp-content\/uploads\/2020\/04\/Everdure_Brochure-2019.pdf\" target=\"_blank\" rel=\"noopener\">Vaata ka Everdure by Heston Blumenthal tootekataloogi<\/a><\/span><\/p>\n","protected":false},"featured_media":236347,"template":"","meta":{"inline_featured_image":false},"product_brand":[],"product_cat":[365],"product_tag":[],"class_list":{"0":"post-236346","1":"product","2":"type-product","3":"status-publish","4":"has-post-thumbnail","6":"product_cat-kokanoad-ja-teritajad","8":"first","9":"instock","10":"sale","11":"taxable","12":"shipping-taxable","13":"purchasable","14":"product-type-simple"},"yoast_head":"<!-- This site is optimized with the Yoast SEO plugin v27.4 - https:\/\/yoast.com\/product\/yoast-seo-wordpress\/ -->\n<title>Lihakondistusnuga 152 mm \u2013 Everdure by Heston Blumenthal - BBQ Entertainment<\/title>\n<meta name=\"robots\" content=\"index, follow, max-snippet:-1, max-image-preview:large, max-video-preview:-1\" \/>\n<link rel=\"canonical\" href=\"https:\/\/bbqentertainment.com\/toode\/lihakondistusnuga-152mm-everdure\/\" \/>\n<meta property=\"og:locale\" content=\"en_US\" \/>\n<meta property=\"og:type\" content=\"article\" \/>\n<meta property=\"og:title\" content=\"Lihakondistusnuga 152 mm \u2013 Everdure by Heston Blumenthal - BBQ Entertainment\" \/>\n<meta property=\"og:description\" content=\"Lihakondistusnuga 152 mm \u2013 Everdure by Heston Blumenthal 152 mm tera, 120 mm puidust k\u00e4epide\u00a0(pakka wood) Maailma Michelini tippkoka poolt disainitud noad \u2013 Everdure by Heston Blumenthal Suurep\u00e4rane vastupidavus ja l\u00f5ikamisomadused Innovatiivne disain ja parim kvaliteet! Saksa k\u00f5rgekvaliteediline roostevaba teras Titaaniga kaetud tera Garantii: 2 aastat Netokaal: 180 g Vaata ka Everdure by Heston Blumenthal tootekataloogi\" \/>\n<meta property=\"og:url\" content=\"https:\/\/bbqentertainment.com\/toode\/lihakondistusnuga-152mm-everdure\/\" \/>\n<meta property=\"og:site_name\" content=\"BBQ Entertainment\" \/>\n<meta property=\"article:publisher\" content=\"https:\/\/www.facebook.com\/BBQ-Entertainment-N-Catering-2437913376443540\" \/>\n<meta property=\"article:modified_time\" content=\"2026-03-07T21:11:38+00:00\" \/>\n<meta property=\"og:image\" content=\"https:\/\/bbqentertainment.com\/wp-content\/uploads\/2021\/05\/9312646030428-Lihakondistusnuga-Boning-152-mm-\u2013-Everdure-by-Heston-Blumenthal.jpg\" \/>\n\t<meta property=\"og:image:width\" content=\"1200\" \/>\n\t<meta property=\"og:image:height\" content=\"1200\" \/>\n\t<meta property=\"og:image:type\" content=\"image\/jpeg\" \/>\n<meta name=\"twitter:card\" content=\"summary_large_image\" \/>\n<script type=\"application\/ld+json\" class=\"yoast-schema-graph\">{\"@context\":\"https:\\\/\\\/schema.org\",\"@graph\":[{\"@type\":[\"WebPage\",\"ItemPage\"],\"@id\":\"https:\\\/\\\/bbqentertainment.com\\\/toode\\\/lihakondistusnuga-152mm-everdure\\\/\",\"url\":\"https:\\\/\\\/bbqentertainment.com\\\/toode\\\/lihakondistusnuga-152mm-everdure\\\/\",\"name\":\"Lihakondistusnuga 152 mm \u2013 Everdure by Heston Blumenthal - BBQ Entertainment\",\"isPartOf\":{\"@id\":\"https:\\\/\\\/bbqentertainment.com\\\/#website\"},\"primaryImageOfPage\":{\"@id\":\"https:\\\/\\\/bbqentertainment.com\\\/toode\\\/lihakondistusnuga-152mm-everdure\\\/#primaryimage\"},\"image\":{\"@id\":\"https:\\\/\\\/bbqentertainment.com\\\/toode\\\/lihakondistusnuga-152mm-everdure\\\/#primaryimage\"},\"thumbnailUrl\":\"https:\\\/\\\/bbqentertainment.com\\\/wp-content\\\/uploads\\\/2021\\\/05\\\/9312646030428-Lihakondistusnuga-Boning-152-mm-\u2013-Everdure-by-Heston-Blumenthal.jpg\",\"datePublished\":\"2021-05-09T18:14:01+00:00\",\"dateModified\":\"2026-03-07T21:11:38+00:00\",\"breadcrumb\":{\"@id\":\"https:\\\/\\\/bbqentertainment.com\\\/toode\\\/lihakondistusnuga-152mm-everdure\\\/#breadcrumb\"},\"inLanguage\":\"en-US\",\"potentialAction\":[{\"@type\":\"ReadAction\",\"target\":[\"https:\\\/\\\/bbqentertainment.com\\\/toode\\\/lihakondistusnuga-152mm-everdure\\\/\"]}]},{\"@type\":\"ImageObject\",\"inLanguage\":\"en-US\",\"@id\":\"https:\\\/\\\/bbqentertainment.com\\\/toode\\\/lihakondistusnuga-152mm-everdure\\\/#primaryimage\",\"url\":\"https:\\\/\\\/bbqentertainment.com\\\/wp-content\\\/uploads\\\/2021\\\/05\\\/9312646030428-Lihakondistusnuga-Boning-152-mm-\u2013-Everdure-by-Heston-Blumenthal.jpg\",\"contentUrl\":\"https:\\\/\\\/bbqentertainment.com\\\/wp-content\\\/uploads\\\/2021\\\/05\\\/9312646030428-Lihakondistusnuga-Boning-152-mm-\u2013-Everdure-by-Heston-Blumenthal.jpg\",\"width\":1200,\"height\":1200},{\"@type\":\"BreadcrumbList\",\"@id\":\"https:\\\/\\\/bbqentertainment.com\\\/toode\\\/lihakondistusnuga-152mm-everdure\\\/#breadcrumb\",\"itemListElement\":[{\"@type\":\"ListItem\",\"position\":1,\"name\":\"AVALEHT\",\"item\":\"https:\\\/\\\/bbqentertainment.com\\\/en\\\/\"},{\"@type\":\"ListItem\",\"position\":2,\"name\":\"Tooted\",\"item\":\"https:\\\/\\\/bbqentertainment.com\\\/tooted\\\/\"},{\"@type\":\"ListItem\",\"position\":3,\"name\":\"Kokanoad ja -teritajad\",\"item\":\"https:\\\/\\\/bbqentertainment.com\\\/tootekategooria\\\/kokanoad-ja-teritajad\\\/\"},{\"@type\":\"ListItem\",\"position\":4,\"name\":\"Lihakondistusnuga 152 mm \u2013 Everdure by Heston Blumenthal\"}]},{\"@type\":\"WebSite\",\"@id\":\"https:\\\/\\\/bbqentertainment.com\\\/#website\",\"url\":\"https:\\\/\\\/bbqentertainment.com\\\/\",\"name\":\"BBQ Entertainment\",\"description\":\"BBQ is a great lifestyle, not just fun!\",\"publisher\":{\"@id\":\"https:\\\/\\\/bbqentertainment.com\\\/#organization\"},\"potentialAction\":[{\"@type\":\"SearchAction\",\"target\":{\"@type\":\"EntryPoint\",\"urlTemplate\":\"https:\\\/\\\/bbqentertainment.com\\\/?s={search_term_string}\"},\"query-input\":{\"@type\":\"PropertyValueSpecification\",\"valueRequired\":true,\"valueName\":\"search_term_string\"}}],\"inLanguage\":\"en-US\"},{\"@type\":\"Organization\",\"@id\":\"https:\\\/\\\/bbqentertainment.com\\\/#organization\",\"name\":\"BBQ Entertainment O\u00dc\",\"url\":\"https:\\\/\\\/bbqentertainment.com\\\/\",\"logo\":{\"@type\":\"ImageObject\",\"inLanguage\":\"en-US\",\"@id\":\"https:\\\/\\\/bbqentertainment.com\\\/#\\\/schema\\\/logo\\\/image\\\/\",\"url\":\"https:\\\/\\\/bbqentertainment.com\\\/wp-content\\\/uploads\\\/2020\\\/04\\\/BBQ-Entertainment-N-Catering-Enn-Tobreluts-Logo.png\",\"contentUrl\":\"https:\\\/\\\/bbqentertainment.com\\\/wp-content\\\/uploads\\\/2020\\\/04\\\/BBQ-Entertainment-N-Catering-Enn-Tobreluts-Logo.png\",\"width\":628,\"height\":266,\"caption\":\"BBQ Entertainment O\u00dc\"},\"image\":{\"@id\":\"https:\\\/\\\/bbqentertainment.com\\\/#\\\/schema\\\/logo\\\/image\\\/\"},\"sameAs\":[\"https:\\\/\\\/www.facebook.com\\\/BBQ-Entertainment-N-Catering-2437913376443540\",\"https:\\\/\\\/www.instagram.com\\\/bbqentertainmentncatering\\\/\",\"https:\\\/\\\/www.youtube.com\\\/channel\\\/UCmpuANQVhLy2Md8nrenp2jA\"]}]}<\/script>\n<!-- \/ Yoast SEO plugin. -->","yoast_head_json":{"title":"Lihakondistusnuga 152 mm \u2013 Everdure by Heston Blumenthal - BBQ Entertainment","robots":{"index":"index","follow":"follow","max-snippet":"max-snippet:-1","max-image-preview":"max-image-preview:large","max-video-preview":"max-video-preview:-1"},"canonical":"https:\/\/bbqentertainment.com\/toode\/lihakondistusnuga-152mm-everdure\/","og_locale":"en_US","og_type":"article","og_title":"Lihakondistusnuga 152 mm \u2013 Everdure by Heston Blumenthal - BBQ Entertainment","og_description":"Lihakondistusnuga 152 mm \u2013 Everdure by Heston Blumenthal 152 mm tera, 120 mm puidust k\u00e4epide\u00a0(pakka wood) Maailma Michelini tippkoka poolt disainitud noad \u2013 Everdure by Heston Blumenthal Suurep\u00e4rane vastupidavus ja l\u00f5ikamisomadused Innovatiivne disain ja parim kvaliteet! Saksa k\u00f5rgekvaliteediline roostevaba teras Titaaniga kaetud tera Garantii: 2 aastat Netokaal: 180 g Vaata ka Everdure by Heston Blumenthal tootekataloogi","og_url":"https:\/\/bbqentertainment.com\/toode\/lihakondistusnuga-152mm-everdure\/","og_site_name":"BBQ Entertainment","article_publisher":"https:\/\/www.facebook.com\/BBQ-Entertainment-N-Catering-2437913376443540","article_modified_time":"2026-03-07T21:11:38+00:00","og_image":[{"width":1200,"height":1200,"url":"https:\/\/bbqentertainment.com\/wp-content\/uploads\/2021\/05\/9312646030428-Lihakondistusnuga-Boning-152-mm-\u2013-Everdure-by-Heston-Blumenthal.jpg","type":"image\/jpeg"}],"twitter_card":"summary_large_image","schema":{"@context":"https:\/\/schema.org","@graph":[{"@type":["WebPage","ItemPage"],"@id":"https:\/\/bbqentertainment.com\/toode\/lihakondistusnuga-152mm-everdure\/","url":"https:\/\/bbqentertainment.com\/toode\/lihakondistusnuga-152mm-everdure\/","name":"Lihakondistusnuga 152 mm \u2013 Everdure by Heston Blumenthal - BBQ Entertainment","isPartOf":{"@id":"https:\/\/bbqentertainment.com\/#website"},"primaryImageOfPage":{"@id":"https:\/\/bbqentertainment.com\/toode\/lihakondistusnuga-152mm-everdure\/#primaryimage"},"image":{"@id":"https:\/\/bbqentertainment.com\/toode\/lihakondistusnuga-152mm-everdure\/#primaryimage"},"thumbnailUrl":"https:\/\/bbqentertainment.com\/wp-content\/uploads\/2021\/05\/9312646030428-Lihakondistusnuga-Boning-152-mm-\u2013-Everdure-by-Heston-Blumenthal.jpg","datePublished":"2021-05-09T18:14:01+00:00","dateModified":"2026-03-07T21:11:38+00:00","breadcrumb":{"@id":"https:\/\/bbqentertainment.com\/toode\/lihakondistusnuga-152mm-everdure\/#breadcrumb"},"inLanguage":"en-US","potentialAction":[{"@type":"ReadAction","target":["https:\/\/bbqentertainment.com\/toode\/lihakondistusnuga-152mm-everdure\/"]}]},{"@type":"ImageObject","inLanguage":"en-US","@id":"https:\/\/bbqentertainment.com\/toode\/lihakondistusnuga-152mm-everdure\/#primaryimage","url":"https:\/\/bbqentertainment.com\/wp-content\/uploads\/2021\/05\/9312646030428-Lihakondistusnuga-Boning-152-mm-\u2013-Everdure-by-Heston-Blumenthal.jpg","contentUrl":"https:\/\/bbqentertainment.com\/wp-content\/uploads\/2021\/05\/9312646030428-Lihakondistusnuga-Boning-152-mm-\u2013-Everdure-by-Heston-Blumenthal.jpg","width":1200,"height":1200},{"@type":"BreadcrumbList","@id":"https:\/\/bbqentertainment.com\/toode\/lihakondistusnuga-152mm-everdure\/#breadcrumb","itemListElement":[{"@type":"ListItem","position":1,"name":"AVALEHT","item":"https:\/\/bbqentertainment.com\/en\/"},{"@type":"ListItem","position":2,"name":"Tooted","item":"https:\/\/bbqentertainment.com\/tooted\/"},{"@type":"ListItem","position":3,"name":"Kokanoad ja -teritajad","item":"https:\/\/bbqentertainment.com\/tootekategooria\/kokanoad-ja-teritajad\/"},{"@type":"ListItem","position":4,"name":"Lihakondistusnuga 152 mm \u2013 Everdure by Heston Blumenthal"}]},{"@type":"WebSite","@id":"https:\/\/bbqentertainment.com\/#website","url":"https:\/\/bbqentertainment.com\/","name":"BBQ Entertainment","description":"BBQ is a great lifestyle, not just fun!","publisher":{"@id":"https:\/\/bbqentertainment.com\/#organization"},"potentialAction":[{"@type":"SearchAction","target":{"@type":"EntryPoint","urlTemplate":"https:\/\/bbqentertainment.com\/?s={search_term_string}"},"query-input":{"@type":"PropertyValueSpecification","valueRequired":true,"valueName":"search_term_string"}}],"inLanguage":"en-US"},{"@type":"Organization","@id":"https:\/\/bbqentertainment.com\/#organization","name":"BBQ Entertainment O\u00dc","url":"https:\/\/bbqentertainment.com\/","logo":{"@type":"ImageObject","inLanguage":"en-US","@id":"https:\/\/bbqentertainment.com\/#\/schema\/logo\/image\/","url":"https:\/\/bbqentertainment.com\/wp-content\/uploads\/2020\/04\/BBQ-Entertainment-N-Catering-Enn-Tobreluts-Logo.png","contentUrl":"https:\/\/bbqentertainment.com\/wp-content\/uploads\/2020\/04\/BBQ-Entertainment-N-Catering-Enn-Tobreluts-Logo.png","width":628,"height":266,"caption":"BBQ Entertainment O\u00dc"},"image":{"@id":"https:\/\/bbqentertainment.com\/#\/schema\/logo\/image\/"},"sameAs":["https:\/\/www.facebook.com\/BBQ-Entertainment-N-Catering-2437913376443540","https:\/\/www.instagram.com\/bbqentertainmentncatering\/","https:\/\/www.youtube.com\/channel\/UCmpuANQVhLy2Md8nrenp2jA"]}]}},"_links":{"self":[{"href":"https:\/\/bbqentertainment.com\/en\/wp-json\/wp\/v2\/product\/236346","targetHints":{"allow":["GET"]}}],"collection":[{"href":"https:\/\/bbqentertainment.com\/en\/wp-json\/wp\/v2\/product"}],"about":[{"href":"https:\/\/bbqentertainment.com\/en\/wp-json\/wp\/v2\/types\/product"}],"wp:featuredmedia":[{"embeddable":true,"href":"https:\/\/bbqentertainment.com\/en\/wp-json\/wp\/v2\/media\/236347"}],"wp:attachment":[{"href":"https:\/\/bbqentertainment.com\/en\/wp-json\/wp\/v2\/media?parent=236346"}],"wp:term":[{"taxonomy":"product_brand","embeddable":true,"href":"https:\/\/bbqentertainment.com\/en\/wp-json\/wp\/v2\/product_brand?post=236346"},{"taxonomy":"product_cat","embeddable":true,"href":"https:\/\/bbqentertainment.com\/en\/wp-json\/wp\/v2\/product_cat?post=236346"},{"taxonomy":"product_tag","embeddable":true,"href":"https:\/\/bbqentertainment.com\/en\/wp-json\/wp\/v2\/product_tag?post=236346"}],"curies":[{"name":"wp","href":"https:\/\/api.w.org\/{rel}","templated":true}]}}