{"id":236463,"date":"2021-05-14T09:16:29","date_gmt":"2021-05-14T07:16:29","guid":{"rendered":"https:\/\/bbqentertainment.com\/?post_type=product&#038;p=236463"},"modified":"2025-09-15T13:26:42","modified_gmt":"2025-09-15T10:26:42","slug":"ceramic-foot-1tk","status":"publish","type":"product","link":"https:\/\/bbqentertainment.com\/en\/toode\/ceramic-foot-1tk\/","title":{"rendered":"Punane keraamiline jalg Stand Alone mudelile \/ Ceramic Foot (1 tk)"},"content":{"rendered":"","protected":false},"excerpt":{"rendered":"<h3><strong>Punane keraamiline jalg Stand Alone mudelile \/ Ceramic Foot (1 tk)<\/strong><\/h3>\n<ul>\n<li>Keraamiline jalg Stand Alone mudeli jaoks on m\u00f5eldud kui asetate Kamado Joe puitpinnale, ilma raamita. Sel juhul saab need jalad ahjule alla asetada, puitpinna vm tasapinna ja ahju vahele. Tavaliselt kasutatakse 3-4 jalga komplektis (Classic\u2019u puhul 3-4 jalga, Big\u2019i puhul 4 jalga). Kui ostate Stand Alone ahjumudeli siis on need jalad juba hinna sees tasuta kaasas.<\/li>\n<li>Keraamilised jalad t\u00f5stavad Kamado Joe \u00fcles, v\u00f5imaldades \u00f5hu liikumist otse grilli all. \u00d5hu liikumine aitab soojust hajutada.<\/li>\n<li>Asetage need sobivalt, nii et grill kupli avamisel \/ sulgemisel ei k\u00f5igu.<\/li>\n<\/ul>\n","protected":false},"featured_media":236464,"template":"","meta":{"inline_featured_image":false},"product_brand":[],"product_cat":[147,92,105,107,236],"product_tag":[],"class_list":{"0":"post-236463","1":"product","2":"type-product","3":"status-publish","4":"has-post-thumbnail","6":"product_cat-kamado-joe-2","7":"product_cat-lisatarvikud","8":"product_cat-lisatarvikud-classic","9":"product_cat-lisatarvikud-big","10":"product_cat-grillilauad","12":"first","13":"instock","14":"taxable","15":"shipping-taxable","16":"purchasable","17":"product-type-simple"},"yoast_head":"<!-- This site is optimized with the Yoast SEO plugin v27.4 - https:\/\/yoast.com\/product\/yoast-seo-wordpress\/ -->\n<title>Punane keraamiline jalg Stand Alone mudelile \/ Ceramic Foot (1 tk) - BBQ Entertainment<\/title>\n<meta name=\"robots\" content=\"index, follow, max-snippet:-1, max-image-preview:large, max-video-preview:-1\" \/>\n<link rel=\"canonical\" href=\"https:\/\/bbqentertainment.com\/toode\/ceramic-foot-1tk\/\" \/>\n<meta property=\"og:locale\" content=\"en_US\" \/>\n<meta property=\"og:type\" content=\"article\" \/>\n<meta property=\"og:title\" content=\"Punane keraamiline jalg Stand Alone mudelile \/ Ceramic Foot (1 tk) - BBQ Entertainment\" \/>\n<meta property=\"og:description\" content=\"Punane keraamiline jalg Stand Alone mudelile \/ Ceramic Foot (1 tk)   Keraamiline jalg Stand Alone mudeli jaoks on m\u00f5eldud kui asetate Kamado Joe puitpinnale, ilma raamita. Sel juhul saab need jalad ahjule alla asetada, puitpinna vm tasapinna ja ahju vahele. Tavaliselt kasutatakse 3-4 jalga komplektis (Classic\u2019u puhul 3-4 jalga, Big\u2019i puhul 4 jalga). Kui ostate Stand Alone ahjumudeli siis on need jalad juba hinna sees tasuta kaasas.  Keraamilised jalad t\u00f5stavad Kamado Joe \u00fcles, v\u00f5imaldades \u00f5hu liikumist otse grilli all. \u00d5hu liikumine aitab soojust hajutada.  Asetage need sobivalt, nii et grill kupli avamisel \/ sulgemisel ei k\u00f5igu.\" \/>\n<meta property=\"og:url\" content=\"https:\/\/bbqentertainment.com\/toode\/ceramic-foot-1tk\/\" \/>\n<meta property=\"og:site_name\" content=\"BBQ Entertainment\" \/>\n<meta property=\"article:publisher\" content=\"https:\/\/www.facebook.com\/BBQ-Entertainment-N-Catering-2437913376443540\" \/>\n<meta property=\"article:modified_time\" content=\"2025-09-15T10:26:42+00:00\" \/>\n<meta property=\"og:image\" content=\"https:\/\/bbqentertainment.com\/wp-content\/uploads\/2021\/05\/KJ-CFR-Punane-keraamiline-jalg-Kamado-Joe-Stand-Alone-mudelile-Ceramic-Foot-1-tk-BBQ-Entertainment-OU.jpg\" \/>\n\t<meta property=\"og:image:width\" content=\"1200\" \/>\n\t<meta property=\"og:image:height\" content=\"1200\" \/>\n\t<meta property=\"og:image:type\" content=\"image\/jpeg\" \/>\n<meta name=\"twitter:card\" content=\"summary_large_image\" \/>\n<script type=\"application\/ld+json\" class=\"yoast-schema-graph\">{\"@context\":\"https:\\\/\\\/schema.org\",\"@graph\":[{\"@type\":[\"WebPage\",\"ItemPage\"],\"@id\":\"https:\\\/\\\/bbqentertainment.com\\\/toode\\\/ceramic-foot-1tk\\\/\",\"url\":\"https:\\\/\\\/bbqentertainment.com\\\/toode\\\/ceramic-foot-1tk\\\/\",\"name\":\"Punane keraamiline jalg Stand Alone mudelile \\\/ Ceramic Foot (1 tk) - BBQ Entertainment\",\"isPartOf\":{\"@id\":\"https:\\\/\\\/bbqentertainment.com\\\/#website\"},\"primaryImageOfPage\":{\"@id\":\"https:\\\/\\\/bbqentertainment.com\\\/toode\\\/ceramic-foot-1tk\\\/#primaryimage\"},\"image\":{\"@id\":\"https:\\\/\\\/bbqentertainment.com\\\/toode\\\/ceramic-foot-1tk\\\/#primaryimage\"},\"thumbnailUrl\":\"https:\\\/\\\/bbqentertainment.com\\\/wp-content\\\/uploads\\\/2021\\\/05\\\/KJ-CFR-Punane-keraamiline-jalg-Kamado-Joe-Stand-Alone-mudelile-Ceramic-Foot-1-tk-BBQ-Entertainment-OU.jpg\",\"datePublished\":\"2021-05-14T07:16:29+00:00\",\"dateModified\":\"2025-09-15T10:26:42+00:00\",\"breadcrumb\":{\"@id\":\"https:\\\/\\\/bbqentertainment.com\\\/toode\\\/ceramic-foot-1tk\\\/#breadcrumb\"},\"inLanguage\":\"en-US\",\"potentialAction\":[{\"@type\":\"ReadAction\",\"target\":[\"https:\\\/\\\/bbqentertainment.com\\\/toode\\\/ceramic-foot-1tk\\\/\"]}]},{\"@type\":\"ImageObject\",\"inLanguage\":\"en-US\",\"@id\":\"https:\\\/\\\/bbqentertainment.com\\\/toode\\\/ceramic-foot-1tk\\\/#primaryimage\",\"url\":\"https:\\\/\\\/bbqentertainment.com\\\/wp-content\\\/uploads\\\/2021\\\/05\\\/KJ-CFR-Punane-keraamiline-jalg-Kamado-Joe-Stand-Alone-mudelile-Ceramic-Foot-1-tk-BBQ-Entertainment-OU.jpg\",\"contentUrl\":\"https:\\\/\\\/bbqentertainment.com\\\/wp-content\\\/uploads\\\/2021\\\/05\\\/KJ-CFR-Punane-keraamiline-jalg-Kamado-Joe-Stand-Alone-mudelile-Ceramic-Foot-1-tk-BBQ-Entertainment-OU.jpg\",\"width\":1200,\"height\":1200},{\"@type\":\"BreadcrumbList\",\"@id\":\"https:\\\/\\\/bbqentertainment.com\\\/toode\\\/ceramic-foot-1tk\\\/#breadcrumb\",\"itemListElement\":[{\"@type\":\"ListItem\",\"position\":1,\"name\":\"AVALEHT\",\"item\":\"https:\\\/\\\/bbqentertainment.com\\\/en\\\/\"},{\"@type\":\"ListItem\",\"position\":2,\"name\":\"Tooted\",\"item\":\"https:\\\/\\\/bbqentertainment.com\\\/tooted\\\/\"},{\"@type\":\"ListItem\",\"position\":3,\"name\":\"Lisatarvikud\",\"item\":\"https:\\\/\\\/bbqentertainment.com\\\/tootekategooria\\\/lisatarvikud\\\/\"},{\"@type\":\"ListItem\",\"position\":4,\"name\":\"Lisatarvikud Classic Joe\",\"item\":\"https:\\\/\\\/bbqentertainment.com\\\/tootekategooria\\\/lisatarvikud\\\/lisatarvikud-classic\\\/\"},{\"@type\":\"ListItem\",\"position\":5,\"name\":\"Punane keraamiline jalg Stand Alone mudelile \\\/ Ceramic Foot (1 tk)\"}]},{\"@type\":\"WebSite\",\"@id\":\"https:\\\/\\\/bbqentertainment.com\\\/#website\",\"url\":\"https:\\\/\\\/bbqentertainment.com\\\/\",\"name\":\"BBQ Entertainment\",\"description\":\"BBQ is a great lifestyle, not just fun!\",\"publisher\":{\"@id\":\"https:\\\/\\\/bbqentertainment.com\\\/#organization\"},\"potentialAction\":[{\"@type\":\"SearchAction\",\"target\":{\"@type\":\"EntryPoint\",\"urlTemplate\":\"https:\\\/\\\/bbqentertainment.com\\\/?s={search_term_string}\"},\"query-input\":{\"@type\":\"PropertyValueSpecification\",\"valueRequired\":true,\"valueName\":\"search_term_string\"}}],\"inLanguage\":\"en-US\"},{\"@type\":\"Organization\",\"@id\":\"https:\\\/\\\/bbqentertainment.com\\\/#organization\",\"name\":\"BBQ Entertainment O\u00dc\",\"url\":\"https:\\\/\\\/bbqentertainment.com\\\/\",\"logo\":{\"@type\":\"ImageObject\",\"inLanguage\":\"en-US\",\"@id\":\"https:\\\/\\\/bbqentertainment.com\\\/#\\\/schema\\\/logo\\\/image\\\/\",\"url\":\"https:\\\/\\\/bbqentertainment.com\\\/wp-content\\\/uploads\\\/2020\\\/04\\\/BBQ-Entertainment-N-Catering-Enn-Tobreluts-Logo.png\",\"contentUrl\":\"https:\\\/\\\/bbqentertainment.com\\\/wp-content\\\/uploads\\\/2020\\\/04\\\/BBQ-Entertainment-N-Catering-Enn-Tobreluts-Logo.png\",\"width\":628,\"height\":266,\"caption\":\"BBQ Entertainment O\u00dc\"},\"image\":{\"@id\":\"https:\\\/\\\/bbqentertainment.com\\\/#\\\/schema\\\/logo\\\/image\\\/\"},\"sameAs\":[\"https:\\\/\\\/www.facebook.com\\\/BBQ-Entertainment-N-Catering-2437913376443540\",\"https:\\\/\\\/www.instagram.com\\\/bbqentertainmentncatering\\\/\",\"https:\\\/\\\/www.youtube.com\\\/channel\\\/UCmpuANQVhLy2Md8nrenp2jA\"]}]}<\/script>\n<!-- \/ Yoast SEO plugin. -->","yoast_head_json":{"title":"Punane keraamiline jalg Stand Alone mudelile \/ Ceramic Foot (1 tk) - BBQ Entertainment","robots":{"index":"index","follow":"follow","max-snippet":"max-snippet:-1","max-image-preview":"max-image-preview:large","max-video-preview":"max-video-preview:-1"},"canonical":"https:\/\/bbqentertainment.com\/toode\/ceramic-foot-1tk\/","og_locale":"en_US","og_type":"article","og_title":"Punane keraamiline jalg Stand Alone mudelile \/ Ceramic Foot (1 tk) - BBQ Entertainment","og_description":"Punane keraamiline jalg Stand Alone mudelile \/ Ceramic Foot (1 tk)   Keraamiline jalg Stand Alone mudeli jaoks on m\u00f5eldud kui asetate Kamado Joe puitpinnale, ilma raamita. Sel juhul saab need jalad ahjule alla asetada, puitpinna vm tasapinna ja ahju vahele. Tavaliselt kasutatakse 3-4 jalga komplektis (Classic\u2019u puhul 3-4 jalga, Big\u2019i puhul 4 jalga). Kui ostate Stand Alone ahjumudeli siis on need jalad juba hinna sees tasuta kaasas.  Keraamilised jalad t\u00f5stavad Kamado Joe \u00fcles, v\u00f5imaldades \u00f5hu liikumist otse grilli all. \u00d5hu liikumine aitab soojust hajutada.  Asetage need sobivalt, nii et grill kupli avamisel \/ sulgemisel ei k\u00f5igu.","og_url":"https:\/\/bbqentertainment.com\/toode\/ceramic-foot-1tk\/","og_site_name":"BBQ Entertainment","article_publisher":"https:\/\/www.facebook.com\/BBQ-Entertainment-N-Catering-2437913376443540","article_modified_time":"2025-09-15T10:26:42+00:00","og_image":[{"width":1200,"height":1200,"url":"https:\/\/bbqentertainment.com\/wp-content\/uploads\/2021\/05\/KJ-CFR-Punane-keraamiline-jalg-Kamado-Joe-Stand-Alone-mudelile-Ceramic-Foot-1-tk-BBQ-Entertainment-OU.jpg","type":"image\/jpeg"}],"twitter_card":"summary_large_image","schema":{"@context":"https:\/\/schema.org","@graph":[{"@type":["WebPage","ItemPage"],"@id":"https:\/\/bbqentertainment.com\/toode\/ceramic-foot-1tk\/","url":"https:\/\/bbqentertainment.com\/toode\/ceramic-foot-1tk\/","name":"Punane keraamiline jalg Stand Alone mudelile \/ Ceramic Foot (1 tk) - BBQ Entertainment","isPartOf":{"@id":"https:\/\/bbqentertainment.com\/#website"},"primaryImageOfPage":{"@id":"https:\/\/bbqentertainment.com\/toode\/ceramic-foot-1tk\/#primaryimage"},"image":{"@id":"https:\/\/bbqentertainment.com\/toode\/ceramic-foot-1tk\/#primaryimage"},"thumbnailUrl":"https:\/\/bbqentertainment.com\/wp-content\/uploads\/2021\/05\/KJ-CFR-Punane-keraamiline-jalg-Kamado-Joe-Stand-Alone-mudelile-Ceramic-Foot-1-tk-BBQ-Entertainment-OU.jpg","datePublished":"2021-05-14T07:16:29+00:00","dateModified":"2025-09-15T10:26:42+00:00","breadcrumb":{"@id":"https:\/\/bbqentertainment.com\/toode\/ceramic-foot-1tk\/#breadcrumb"},"inLanguage":"en-US","potentialAction":[{"@type":"ReadAction","target":["https:\/\/bbqentertainment.com\/toode\/ceramic-foot-1tk\/"]}]},{"@type":"ImageObject","inLanguage":"en-US","@id":"https:\/\/bbqentertainment.com\/toode\/ceramic-foot-1tk\/#primaryimage","url":"https:\/\/bbqentertainment.com\/wp-content\/uploads\/2021\/05\/KJ-CFR-Punane-keraamiline-jalg-Kamado-Joe-Stand-Alone-mudelile-Ceramic-Foot-1-tk-BBQ-Entertainment-OU.jpg","contentUrl":"https:\/\/bbqentertainment.com\/wp-content\/uploads\/2021\/05\/KJ-CFR-Punane-keraamiline-jalg-Kamado-Joe-Stand-Alone-mudelile-Ceramic-Foot-1-tk-BBQ-Entertainment-OU.jpg","width":1200,"height":1200},{"@type":"BreadcrumbList","@id":"https:\/\/bbqentertainment.com\/toode\/ceramic-foot-1tk\/#breadcrumb","itemListElement":[{"@type":"ListItem","position":1,"name":"AVALEHT","item":"https:\/\/bbqentertainment.com\/en\/"},{"@type":"ListItem","position":2,"name":"Tooted","item":"https:\/\/bbqentertainment.com\/tooted\/"},{"@type":"ListItem","position":3,"name":"Lisatarvikud","item":"https:\/\/bbqentertainment.com\/tootekategooria\/lisatarvikud\/"},{"@type":"ListItem","position":4,"name":"Lisatarvikud Classic Joe","item":"https:\/\/bbqentertainment.com\/tootekategooria\/lisatarvikud\/lisatarvikud-classic\/"},{"@type":"ListItem","position":5,"name":"Punane keraamiline jalg Stand Alone mudelile \/ Ceramic Foot (1 tk)"}]},{"@type":"WebSite","@id":"https:\/\/bbqentertainment.com\/#website","url":"https:\/\/bbqentertainment.com\/","name":"BBQ Entertainment","description":"BBQ is a great lifestyle, not just fun!","publisher":{"@id":"https:\/\/bbqentertainment.com\/#organization"},"potentialAction":[{"@type":"SearchAction","target":{"@type":"EntryPoint","urlTemplate":"https:\/\/bbqentertainment.com\/?s={search_term_string}"},"query-input":{"@type":"PropertyValueSpecification","valueRequired":true,"valueName":"search_term_string"}}],"inLanguage":"en-US"},{"@type":"Organization","@id":"https:\/\/bbqentertainment.com\/#organization","name":"BBQ Entertainment O\u00dc","url":"https:\/\/bbqentertainment.com\/","logo":{"@type":"ImageObject","inLanguage":"en-US","@id":"https:\/\/bbqentertainment.com\/#\/schema\/logo\/image\/","url":"https:\/\/bbqentertainment.com\/wp-content\/uploads\/2020\/04\/BBQ-Entertainment-N-Catering-Enn-Tobreluts-Logo.png","contentUrl":"https:\/\/bbqentertainment.com\/wp-content\/uploads\/2020\/04\/BBQ-Entertainment-N-Catering-Enn-Tobreluts-Logo.png","width":628,"height":266,"caption":"BBQ Entertainment O\u00dc"},"image":{"@id":"https:\/\/bbqentertainment.com\/#\/schema\/logo\/image\/"},"sameAs":["https:\/\/www.facebook.com\/BBQ-Entertainment-N-Catering-2437913376443540","https:\/\/www.instagram.com\/bbqentertainmentncatering\/","https:\/\/www.youtube.com\/channel\/UCmpuANQVhLy2Md8nrenp2jA"]}]}},"_links":{"self":[{"href":"https:\/\/bbqentertainment.com\/en\/wp-json\/wp\/v2\/product\/236463","targetHints":{"allow":["GET"]}}],"collection":[{"href":"https:\/\/bbqentertainment.com\/en\/wp-json\/wp\/v2\/product"}],"about":[{"href":"https:\/\/bbqentertainment.com\/en\/wp-json\/wp\/v2\/types\/product"}],"wp:featuredmedia":[{"embeddable":true,"href":"https:\/\/bbqentertainment.com\/en\/wp-json\/wp\/v2\/media\/236464"}],"wp:attachment":[{"href":"https:\/\/bbqentertainment.com\/en\/wp-json\/wp\/v2\/media?parent=236463"}],"wp:term":[{"taxonomy":"product_brand","embeddable":true,"href":"https:\/\/bbqentertainment.com\/en\/wp-json\/wp\/v2\/product_brand?post=236463"},{"taxonomy":"product_cat","embeddable":true,"href":"https:\/\/bbqentertainment.com\/en\/wp-json\/wp\/v2\/product_cat?post=236463"},{"taxonomy":"product_tag","embeddable":true,"href":"https:\/\/bbqentertainment.com\/en\/wp-json\/wp\/v2\/product_tag?post=236463"}],"curies":[{"name":"wp","href":"https:\/\/api.w.org\/{rel}","templated":true}]}}