{"id":236969,"date":"2021-10-15T00:25:28","date_gmt":"2021-10-14T21:25:28","guid":{"rendered":"https:\/\/bbqentertainment.com\/?post_type=product&#038;p=236969"},"modified":"2026-04-20T20:35:07","modified_gmt":"2026-04-20T17:35:07","slug":"kamado-joe-kettle-joe","status":"publish","type":"product","link":"https:\/\/bbqentertainment.com\/en\/toode\/kamado-joe-kettle-joe\/","title":{"rendered":"Kamado Joe \u00ae Kettle Joe \u2122"},"content":{"rendered":"","protected":false},"excerpt":{"rendered":"<h3><span style=\"color: #282828;\"><strong>Kamado Joe \u00ae Kettle Joe\u2122 (22\u201d \/ 56 cm)<\/strong><\/span><\/h3>\n<p><span style=\"color: #000000;\"><strong>K\u00fcsi eripakkumist! Kirjuta enn@bbqentertainment.com v\u00f5i helista 5165581.<\/strong><\/span><\/p>\n<p><span style=\"color: #282828;\">Kamado Joe Kettle Joe\u2122 22-tolline s\u00f6egrill ainulaadse keraamilise s\u00f6ekoldega, Sl\u014dRoller\u2122-iga ja poolkuu grillrestidega.<\/span><\/p>\n<ul>\n<li><span style=\"color: #282828;\">T\u00f5hus keraamiline tulekolle v\u00f5imaldab pikemat k\u00fcpsetusaega, kasutades v\u00e4hem s\u00fctt.<\/span><\/li>\n<li><span style=\"color: #282828;\">2-Tier Divide &amp; Conquer\u00ae s\u00fcsteem (poolkuu grillrestid) v\u00f5imaldab toitu valmistada erinevatel\u00a0temperatuuridel \u2014 nii madalal kuumusel kui ka otsesel kuumusel.<\/span><\/li>\n<li><span style=\"color: #282828;\">Revolutsiooniline Sl\u014dRoller\u2122 h\u00fcperboolne suitsukambri insert kasutab ts\u00fcklonilise \u00f5huvoolu tehnoloogiat, et kontrollida kuumust ja suitsu.<\/span><\/li>\n<li><span style=\"color: #282828;\">Grillil on reguleeritav kaas, mille k\u00f5rgust saab reguleerida ja ka vajadusel \u00fcldse k\u00fcljest \u00e4ra v\u00f5tta. Grillikaane k\u00f5rgemas asendis saabki lisada grillile Sl\u014dRoller\u2122 h\u00fcperboolse suitsukambri, et k\u00fcpsetada liha madalal kuumusel temperatuuril 70\u00b0C kuni 200\u00b0C. Ilma Sl\u014dRoller\u2122 inserdita saab k\u00fcpsetada toitu otse s\u00fcte kohal k\u00f5rgel kuumusel.<\/span><\/li>\n<li><span style=\"color: #282828;\">Ahjul on ka mugav tuhasahtel ja lukustatavate ratastega n\u00e4gus raam.<\/span><\/li>\n<li>Grillikate ei kuulu komplekti, kuid selle saab eraldi juurde osta.<\/li>\n<li><span style=\"color: #282828;\">Grillrest \u00d8 56 cm (22\u201d), <\/span>kaal 49 kg.<\/li>\n<li><span style=\"color: #282828;\">Kettle Joe\u2122 kasutusjuhend: <\/span><a href=\"https:\/\/bbqentertainment.com\/wp-content\/uploads\/2021\/10\/KettleJoe-KJ15040320_CGK22HG1_9804190015_210305-GH-English_mobile.pdf\" target=\"_blank\" rel=\"noopener\">LINK PDF<\/a><\/li>\n<\/ul>\n<p><span style=\"text-decoration: underline;\">Garantiitingimused<\/span>: sama originaal-omaniku valduses olnud grilli puhul piiratud eluaegne garantii ahju keraamilistele osadele, 5-aastane garantii metallosadele ja 1-aastane garantii termomeetritele.<\/p>\n","protected":false},"featured_media":236941,"template":"","meta":{"inline_featured_image":false},"product_brand":[],"product_cat":[17,349,18],"product_tag":[],"class_list":{"0":"post-236969","1":"product","2":"type-product","3":"status-publish","4":"has-post-thumbnail","6":"product_cat-grillid-ja-ahjud","7":"product_cat-kamado-joe-tooted","8":"product_cat-kamado-joe","9":"product_shipping_class-ainult-ise-jarele-tulemisega","11":"first","12":"outofstock","13":"taxable","14":"shipping-taxable","15":"purchasable","16":"product-type-simple"},"yoast_head":"<!-- This site is optimized with the Yoast SEO plugin v27.4 - https:\/\/yoast.com\/product\/yoast-seo-wordpress\/ -->\n<title>Kamado Joe \u00ae Kettle Joe \u2122 - BBQ Entertainment<\/title>\n<meta name=\"robots\" content=\"index, follow, max-snippet:-1, max-image-preview:large, max-video-preview:-1\" \/>\n<link rel=\"canonical\" href=\"https:\/\/bbqentertainment.com\/toode\/kamado-joe-kettle-joe\/\" \/>\n<meta property=\"og:locale\" content=\"en_US\" \/>\n<meta property=\"og:type\" content=\"article\" \/>\n<meta property=\"og:title\" content=\"Kamado Joe \u00ae Kettle Joe \u2122 - BBQ Entertainment\" \/>\n<meta property=\"og:description\" content=\"Kamado Joe \u00ae Kettle Joe\u2122 (22\u201d \/ 56 cm) K\u00fcsi eripakkumist! Kirjuta enn@bbqentertainment.com v\u00f5i helista 5165581.  Kamado Joe Kettle Joe\u2122 22-tolline s\u00f6egrill ainulaadse keraamilise s\u00f6ekoldega, Sl\u014dRoller\u2122-iga ja poolkuu grillrestidega.   T\u00f5hus keraamiline tulekolle v\u00f5imaldab pikemat k\u00fcpsetusaega, kasutades v\u00e4hem s\u00fctt.  2-Tier Divide &amp; Conquer\u00ae s\u00fcsteem (poolkuu grillrestid) v\u00f5imaldab toitu valmistada erinevatel\u00a0temperatuuridel \u2014 nii madalal kuumusel kui ka otsesel kuumusel.  Revolutsiooniline Sl\u014dRoller\u2122 h\u00fcperboolne suitsukambri insert kasutab ts\u00fcklonilise \u00f5huvoolu tehnoloogiat, et kontrollida kuumust ja suitsu.  Grillil on reguleeritav kaas, mille k\u00f5rgust saab reguleerida ja ka vajadusel \u00fcldse k\u00fcljest \u00e4ra v\u00f5tta. Grillikaane k\u00f5rgemas asendis saabki lisada grillile Sl\u014dRoller\u2122 h\u00fcperboolse suitsukambri, et k\u00fcpsetada liha madalal kuumusel temperatuuril 70\u00b0C kuni 200\u00b0C. Ilma Sl\u014dRoller\u2122 inserdita saab k\u00fcpsetada toitu otse s\u00fcte kohal k\u00f5rgel kuumusel.  Ahjul on ka mugav tuhasahtel ja lukustatavate ratastega n\u00e4gus raam.  Grillikate ei kuulu komplekti, kuid selle saab eraldi juurde osta.  Grillrest \u00d8 56 cm (22\u201d), kaal 49 kg.  Kettle Joe\u2122 kasutusjuhend: LINK PDF  Garantiitingimused: sama originaal-omaniku valduses olnud grilli puhul piiratud eluaegne garantii ahju keraamilistele osadele, 5-aastane garantii metallosadele ja 1-aastane garantii termomeetritele.\" \/>\n<meta property=\"og:url\" content=\"https:\/\/bbqentertainment.com\/toode\/kamado-joe-kettle-joe\/\" \/>\n<meta property=\"og:site_name\" content=\"BBQ Entertainment\" \/>\n<meta property=\"article:publisher\" content=\"https:\/\/www.facebook.com\/BBQ-Entertainment-N-Catering-2437913376443540\" \/>\n<meta property=\"article:modified_time\" content=\"2026-04-20T17:35:07+00:00\" \/>\n<meta property=\"og:image\" content=\"https:\/\/bbqentertainment.com\/wp-content\/uploads\/2021\/10\/KJ15040320-Kamado-Joe-Kettle-Joe-BBQ-Entertainment-OU-1.jpg\" \/>\n\t<meta property=\"og:image:width\" content=\"1200\" \/>\n\t<meta property=\"og:image:height\" content=\"1200\" \/>\n\t<meta property=\"og:image:type\" content=\"image\/jpeg\" \/>\n<meta name=\"twitter:card\" content=\"summary_large_image\" \/>\n<meta name=\"twitter:label1\" content=\"Est. reading time\" \/>\n\t<meta name=\"twitter:data1\" content=\"1 minute\" \/>\n<script type=\"application\/ld+json\" class=\"yoast-schema-graph\">{\"@context\":\"https:\\\/\\\/schema.org\",\"@graph\":[{\"@type\":[\"WebPage\",\"ItemPage\"],\"@id\":\"https:\\\/\\\/bbqentertainment.com\\\/toode\\\/kamado-joe-kettle-joe\\\/\",\"url\":\"https:\\\/\\\/bbqentertainment.com\\\/toode\\\/kamado-joe-kettle-joe\\\/\",\"name\":\"Kamado Joe \u00ae Kettle Joe \u2122 - BBQ Entertainment\",\"isPartOf\":{\"@id\":\"https:\\\/\\\/bbqentertainment.com\\\/#website\"},\"primaryImageOfPage\":{\"@id\":\"https:\\\/\\\/bbqentertainment.com\\\/toode\\\/kamado-joe-kettle-joe\\\/#primaryimage\"},\"image\":{\"@id\":\"https:\\\/\\\/bbqentertainment.com\\\/toode\\\/kamado-joe-kettle-joe\\\/#primaryimage\"},\"thumbnailUrl\":\"https:\\\/\\\/bbqentertainment.com\\\/wp-content\\\/uploads\\\/2021\\\/10\\\/KJ15040320-Kamado-Joe-Kettle-Joe-BBQ-Entertainment-OU-1.jpg\",\"datePublished\":\"2021-10-14T21:25:28+00:00\",\"dateModified\":\"2026-04-20T17:35:07+00:00\",\"breadcrumb\":{\"@id\":\"https:\\\/\\\/bbqentertainment.com\\\/toode\\\/kamado-joe-kettle-joe\\\/#breadcrumb\"},\"inLanguage\":\"en-US\",\"potentialAction\":[{\"@type\":\"ReadAction\",\"target\":[\"https:\\\/\\\/bbqentertainment.com\\\/toode\\\/kamado-joe-kettle-joe\\\/\"]}]},{\"@type\":\"ImageObject\",\"inLanguage\":\"en-US\",\"@id\":\"https:\\\/\\\/bbqentertainment.com\\\/toode\\\/kamado-joe-kettle-joe\\\/#primaryimage\",\"url\":\"https:\\\/\\\/bbqentertainment.com\\\/wp-content\\\/uploads\\\/2021\\\/10\\\/KJ15040320-Kamado-Joe-Kettle-Joe-BBQ-Entertainment-OU-1.jpg\",\"contentUrl\":\"https:\\\/\\\/bbqentertainment.com\\\/wp-content\\\/uploads\\\/2021\\\/10\\\/KJ15040320-Kamado-Joe-Kettle-Joe-BBQ-Entertainment-OU-1.jpg\",\"width\":1200,\"height\":1200},{\"@type\":\"BreadcrumbList\",\"@id\":\"https:\\\/\\\/bbqentertainment.com\\\/toode\\\/kamado-joe-kettle-joe\\\/#breadcrumb\",\"itemListElement\":[{\"@type\":\"ListItem\",\"position\":1,\"name\":\"AVALEHT\",\"item\":\"https:\\\/\\\/bbqentertainment.com\\\/en\\\/\"},{\"@type\":\"ListItem\",\"position\":2,\"name\":\"Tooted\",\"item\":\"https:\\\/\\\/bbqentertainment.com\\\/tooted\\\/\"},{\"@type\":\"ListItem\",\"position\":3,\"name\":\"Kamado joe\",\"item\":\"https:\\\/\\\/bbqentertainment.com\\\/tootekategooria\\\/kamado-joe-tooted\\\/\"},{\"@type\":\"ListItem\",\"position\":4,\"name\":\"Kamado Joe \u00ae Kettle Joe \u2122\"}]},{\"@type\":\"WebSite\",\"@id\":\"https:\\\/\\\/bbqentertainment.com\\\/#website\",\"url\":\"https:\\\/\\\/bbqentertainment.com\\\/\",\"name\":\"BBQ Entertainment\",\"description\":\"BBQ is a great lifestyle, not just fun!\",\"publisher\":{\"@id\":\"https:\\\/\\\/bbqentertainment.com\\\/#organization\"},\"potentialAction\":[{\"@type\":\"SearchAction\",\"target\":{\"@type\":\"EntryPoint\",\"urlTemplate\":\"https:\\\/\\\/bbqentertainment.com\\\/?s={search_term_string}\"},\"query-input\":{\"@type\":\"PropertyValueSpecification\",\"valueRequired\":true,\"valueName\":\"search_term_string\"}}],\"inLanguage\":\"en-US\"},{\"@type\":\"Organization\",\"@id\":\"https:\\\/\\\/bbqentertainment.com\\\/#organization\",\"name\":\"BBQ Entertainment O\u00dc\",\"url\":\"https:\\\/\\\/bbqentertainment.com\\\/\",\"logo\":{\"@type\":\"ImageObject\",\"inLanguage\":\"en-US\",\"@id\":\"https:\\\/\\\/bbqentertainment.com\\\/#\\\/schema\\\/logo\\\/image\\\/\",\"url\":\"https:\\\/\\\/bbqentertainment.com\\\/wp-content\\\/uploads\\\/2020\\\/04\\\/BBQ-Entertainment-N-Catering-Enn-Tobreluts-Logo.png\",\"contentUrl\":\"https:\\\/\\\/bbqentertainment.com\\\/wp-content\\\/uploads\\\/2020\\\/04\\\/BBQ-Entertainment-N-Catering-Enn-Tobreluts-Logo.png\",\"width\":628,\"height\":266,\"caption\":\"BBQ Entertainment O\u00dc\"},\"image\":{\"@id\":\"https:\\\/\\\/bbqentertainment.com\\\/#\\\/schema\\\/logo\\\/image\\\/\"},\"sameAs\":[\"https:\\\/\\\/www.facebook.com\\\/BBQ-Entertainment-N-Catering-2437913376443540\",\"https:\\\/\\\/www.instagram.com\\\/bbqentertainmentncatering\\\/\",\"https:\\\/\\\/www.youtube.com\\\/channel\\\/UCmpuANQVhLy2Md8nrenp2jA\"]}]}<\/script>\n<!-- \/ Yoast SEO plugin. -->","yoast_head_json":{"title":"Kamado Joe \u00ae Kettle Joe \u2122 - BBQ Entertainment","robots":{"index":"index","follow":"follow","max-snippet":"max-snippet:-1","max-image-preview":"max-image-preview:large","max-video-preview":"max-video-preview:-1"},"canonical":"https:\/\/bbqentertainment.com\/toode\/kamado-joe-kettle-joe\/","og_locale":"en_US","og_type":"article","og_title":"Kamado Joe \u00ae Kettle Joe \u2122 - BBQ Entertainment","og_description":"Kamado Joe \u00ae Kettle Joe\u2122 (22\u201d \/ 56 cm) K\u00fcsi eripakkumist! Kirjuta enn@bbqentertainment.com v\u00f5i helista 5165581.  Kamado Joe Kettle Joe\u2122 22-tolline s\u00f6egrill ainulaadse keraamilise s\u00f6ekoldega, Sl\u014dRoller\u2122-iga ja poolkuu grillrestidega.   T\u00f5hus keraamiline tulekolle v\u00f5imaldab pikemat k\u00fcpsetusaega, kasutades v\u00e4hem s\u00fctt.  2-Tier Divide &amp; Conquer\u00ae s\u00fcsteem (poolkuu grillrestid) v\u00f5imaldab toitu valmistada erinevatel\u00a0temperatuuridel \u2014 nii madalal kuumusel kui ka otsesel kuumusel.  Revolutsiooniline Sl\u014dRoller\u2122 h\u00fcperboolne suitsukambri insert kasutab ts\u00fcklonilise \u00f5huvoolu tehnoloogiat, et kontrollida kuumust ja suitsu.  Grillil on reguleeritav kaas, mille k\u00f5rgust saab reguleerida ja ka vajadusel \u00fcldse k\u00fcljest \u00e4ra v\u00f5tta. Grillikaane k\u00f5rgemas asendis saabki lisada grillile Sl\u014dRoller\u2122 h\u00fcperboolse suitsukambri, et k\u00fcpsetada liha madalal kuumusel temperatuuril 70\u00b0C kuni 200\u00b0C. Ilma Sl\u014dRoller\u2122 inserdita saab k\u00fcpsetada toitu otse s\u00fcte kohal k\u00f5rgel kuumusel.  Ahjul on ka mugav tuhasahtel ja lukustatavate ratastega n\u00e4gus raam.  Grillikate ei kuulu komplekti, kuid selle saab eraldi juurde osta.  Grillrest \u00d8 56 cm (22\u201d), kaal 49 kg.  Kettle Joe\u2122 kasutusjuhend: LINK PDF  Garantiitingimused: sama originaal-omaniku valduses olnud grilli puhul piiratud eluaegne garantii ahju keraamilistele osadele, 5-aastane garantii metallosadele ja 1-aastane garantii termomeetritele.","og_url":"https:\/\/bbqentertainment.com\/toode\/kamado-joe-kettle-joe\/","og_site_name":"BBQ Entertainment","article_publisher":"https:\/\/www.facebook.com\/BBQ-Entertainment-N-Catering-2437913376443540","article_modified_time":"2026-04-20T17:35:07+00:00","og_image":[{"width":1200,"height":1200,"url":"https:\/\/bbqentertainment.com\/wp-content\/uploads\/2021\/10\/KJ15040320-Kamado-Joe-Kettle-Joe-BBQ-Entertainment-OU-1.jpg","type":"image\/jpeg"}],"twitter_card":"summary_large_image","twitter_misc":{"Est. reading time":"1 minute"},"schema":{"@context":"https:\/\/schema.org","@graph":[{"@type":["WebPage","ItemPage"],"@id":"https:\/\/bbqentertainment.com\/toode\/kamado-joe-kettle-joe\/","url":"https:\/\/bbqentertainment.com\/toode\/kamado-joe-kettle-joe\/","name":"Kamado Joe \u00ae Kettle Joe \u2122 - BBQ Entertainment","isPartOf":{"@id":"https:\/\/bbqentertainment.com\/#website"},"primaryImageOfPage":{"@id":"https:\/\/bbqentertainment.com\/toode\/kamado-joe-kettle-joe\/#primaryimage"},"image":{"@id":"https:\/\/bbqentertainment.com\/toode\/kamado-joe-kettle-joe\/#primaryimage"},"thumbnailUrl":"https:\/\/bbqentertainment.com\/wp-content\/uploads\/2021\/10\/KJ15040320-Kamado-Joe-Kettle-Joe-BBQ-Entertainment-OU-1.jpg","datePublished":"2021-10-14T21:25:28+00:00","dateModified":"2026-04-20T17:35:07+00:00","breadcrumb":{"@id":"https:\/\/bbqentertainment.com\/toode\/kamado-joe-kettle-joe\/#breadcrumb"},"inLanguage":"en-US","potentialAction":[{"@type":"ReadAction","target":["https:\/\/bbqentertainment.com\/toode\/kamado-joe-kettle-joe\/"]}]},{"@type":"ImageObject","inLanguage":"en-US","@id":"https:\/\/bbqentertainment.com\/toode\/kamado-joe-kettle-joe\/#primaryimage","url":"https:\/\/bbqentertainment.com\/wp-content\/uploads\/2021\/10\/KJ15040320-Kamado-Joe-Kettle-Joe-BBQ-Entertainment-OU-1.jpg","contentUrl":"https:\/\/bbqentertainment.com\/wp-content\/uploads\/2021\/10\/KJ15040320-Kamado-Joe-Kettle-Joe-BBQ-Entertainment-OU-1.jpg","width":1200,"height":1200},{"@type":"BreadcrumbList","@id":"https:\/\/bbqentertainment.com\/toode\/kamado-joe-kettle-joe\/#breadcrumb","itemListElement":[{"@type":"ListItem","position":1,"name":"AVALEHT","item":"https:\/\/bbqentertainment.com\/en\/"},{"@type":"ListItem","position":2,"name":"Tooted","item":"https:\/\/bbqentertainment.com\/tooted\/"},{"@type":"ListItem","position":3,"name":"Kamado joe","item":"https:\/\/bbqentertainment.com\/tootekategooria\/kamado-joe-tooted\/"},{"@type":"ListItem","position":4,"name":"Kamado Joe \u00ae Kettle Joe \u2122"}]},{"@type":"WebSite","@id":"https:\/\/bbqentertainment.com\/#website","url":"https:\/\/bbqentertainment.com\/","name":"BBQ Entertainment","description":"BBQ is a great lifestyle, not just fun!","publisher":{"@id":"https:\/\/bbqentertainment.com\/#organization"},"potentialAction":[{"@type":"SearchAction","target":{"@type":"EntryPoint","urlTemplate":"https:\/\/bbqentertainment.com\/?s={search_term_string}"},"query-input":{"@type":"PropertyValueSpecification","valueRequired":true,"valueName":"search_term_string"}}],"inLanguage":"en-US"},{"@type":"Organization","@id":"https:\/\/bbqentertainment.com\/#organization","name":"BBQ Entertainment O\u00dc","url":"https:\/\/bbqentertainment.com\/","logo":{"@type":"ImageObject","inLanguage":"en-US","@id":"https:\/\/bbqentertainment.com\/#\/schema\/logo\/image\/","url":"https:\/\/bbqentertainment.com\/wp-content\/uploads\/2020\/04\/BBQ-Entertainment-N-Catering-Enn-Tobreluts-Logo.png","contentUrl":"https:\/\/bbqentertainment.com\/wp-content\/uploads\/2020\/04\/BBQ-Entertainment-N-Catering-Enn-Tobreluts-Logo.png","width":628,"height":266,"caption":"BBQ Entertainment O\u00dc"},"image":{"@id":"https:\/\/bbqentertainment.com\/#\/schema\/logo\/image\/"},"sameAs":["https:\/\/www.facebook.com\/BBQ-Entertainment-N-Catering-2437913376443540","https:\/\/www.instagram.com\/bbqentertainmentncatering\/","https:\/\/www.youtube.com\/channel\/UCmpuANQVhLy2Md8nrenp2jA"]}]}},"_links":{"self":[{"href":"https:\/\/bbqentertainment.com\/en\/wp-json\/wp\/v2\/product\/236969","targetHints":{"allow":["GET"]}}],"collection":[{"href":"https:\/\/bbqentertainment.com\/en\/wp-json\/wp\/v2\/product"}],"about":[{"href":"https:\/\/bbqentertainment.com\/en\/wp-json\/wp\/v2\/types\/product"}],"wp:featuredmedia":[{"embeddable":true,"href":"https:\/\/bbqentertainment.com\/en\/wp-json\/wp\/v2\/media\/236941"}],"wp:attachment":[{"href":"https:\/\/bbqentertainment.com\/en\/wp-json\/wp\/v2\/media?parent=236969"}],"wp:term":[{"taxonomy":"product_brand","embeddable":true,"href":"https:\/\/bbqentertainment.com\/en\/wp-json\/wp\/v2\/product_brand?post=236969"},{"taxonomy":"product_cat","embeddable":true,"href":"https:\/\/bbqentertainment.com\/en\/wp-json\/wp\/v2\/product_cat?post=236969"},{"taxonomy":"product_tag","embeddable":true,"href":"https:\/\/bbqentertainment.com\/en\/wp-json\/wp\/v2\/product_tag?post=236969"}],"curies":[{"name":"wp","href":"https:\/\/api.w.org\/{rel}","templated":true}]}}