{"id":237155,"date":"2021-10-24T23:17:33","date_gmt":"2021-10-24T21:17:33","guid":{"rendered":"https:\/\/bbqentertainment.com\/?post_type=product&#038;p=237155"},"modified":"2025-07-25T13:45:47","modified_gmt":"2025-07-25T10:45:47","slug":"gin-kitchen-gutsy-monkey-winter-gin-700-ml","status":"publish","type":"product","link":"https:\/\/bbqentertainment.com\/en\/toode\/gin-kitchen-gutsy-monkey-winter-gin-700-ml\/","title":{"rendered":"GIN KITCHEN Gutsy Monkey Winter Gin 700 ml"},"content":{"rendered":"<p><strong>BBQ Entertainment O\u00dc on Gin Kitchen Distillery eksklusiivne maaletooja alates aastast 2021.<\/strong><\/p>\n<p>Gin Kitchen Distillery on mitmeid auhindu p\u00e4lvinud distillery, mis asub ajaloolistes taluhoonetes silmapaistvalt looduskaunis Inglismaa kaguosas, Surrey Hillsis.<\/p>\n<p>Gin Kitchen on v\u00e4lja t\u00f6\u00f6tanud uued julge ainulaadsse stiili ja iseloomuga d\u017einnid, millel on elav ja v\u00e4rske maitsepalett ja iseloomulikult rikkalik t\u00e4idlane tekstuur. D\u017einnide valmistamisel kasutatavate v\u00e4rskete \u00fcrtide eest kantakse erilist hoolt, et s\u00e4iliksid eeterlikud \u00f5lid, mis vastutavad l\u00f5pp-produkti rikkaliku maitse ja aroomi eest. T\u00e4nap\u00e4evaste filtreerimismeetoditega v\u00f5ivad need kaduma minna ja tulemus ei ole ligil\u00e4hedanegi sellele, mida saavutab Gin Kitchen oma \u00f5rna tootmisprotsessiga. Eeterlikud \u00f5lid vabanevad alles d\u017einni serveerides, kui lisatakse toonik. Siis p\u00e4\u00e4sevad l\u00f5puks intensiivsed, v\u00e4rsked ja elavad maitsed oma kogu s\u00e4ras valla!<\/p>\n<p>Gin Kitchenis asub kaks kokteilibaari, kus pakutakse degusteerimisv\u00f5imalust ja kokteili meistriklasse, k\u00fclalised saavad ise olla osa destillatsiooniprotsessist, korraldatakse era- ja firma\u00fcritusi ja t\u00f6\u00f6tatakse v\u00e4lja eritellimusel d\u017einne.<\/p>\n<p><strong>Mis teeb Gin Kitcheni eriliseks?<\/strong><\/p>\n<p>Kuigi l\u00e4htutakse sajanditepikkustest traditsioonidest, ollakse samal ajal v\u00e4ga julged uute maitsete v\u00e4ljat\u00f6\u00f6tamisel. D\u017einnides kasutatakse p\u00f5nevaid koostisosi, mis annavad neile s\u00e4rava iseloomu ja maitsen\u00fcansid. Iga detail on peensusteni paika pandud ja koostisosad milligrammi t\u00e4psusega m\u00f5\u00f5detud.<\/p>\n<p>Maitsekas ei ole ainult pudeli sisu, vaid ka pudel ise. Gin Kitchen kasutab keraamikast valmistatud pudeleid, millele on kantud minimalistlikud v\u00e4rvikirevad disainid. Peolaua kaunistamiseks piisab pudeli lauale asetamisest. Ja kui pudel juba laual on, siis isegi k\u00fclaliste lahkudes ei j\u00e4tku enam s\u00fcdant seda kappi peitu panna.<\/p>\n<p>Iga m\u00fc\u00fcki j\u00f5udnud pudeli eest kantakse p\u00f5hjalikku hoolt. Villimine ja sildistamine toimub k\u00e4sitsi. Destilleerijad kirjutavad ise igale pudelile k\u00e4sitsi peale pudelinumbri ja partiinumbri.<\/p>\n<p><strong>GIN KITCHEN D\u017dINNIDE\u00a0MAITSMISEKS TEE OST MEIE E-POEST V\u00d5I K\u00dcLASTA MEIE BBQ\u00a0ENTERTAINMENTI ESINDUSSALONGI SAKU 6A, TALLINN.<\/strong><\/p>\n","protected":false},"excerpt":{"rendered":"<h3><strong>GIN KITCHEN\u00a0Gutsy Monkey Winter Gin 700 ml<\/strong><\/h3>\n<ul>\n<li><span style=\"color: #282828\">Alkoholisisaldus: 48% vol<\/span><\/li>\n<li><span style=\"color: #282828\">P\u00e4ritolumaa: Suurbritannia<\/span><\/li>\n<li><span style=\"color: #555555\">Registrikande number: R21\/160410\/15, maaletooja: BBQ Entertainment O\u00dc<\/span><\/li>\n<li><span style=\"color: #555555\">Toodetud imelises Gin Kitchen Distillery\u2019s (v\u00e4iketootja) Inglismaal Surrey Hills\u2019i s\u00fcdames. Gin Kitchen d\u017einnid on Surreys mitmete Michelini restoranide lemmikud.<\/span><\/li>\n<li><span style=\"color: #555555\">Tuli turule ahviaastal ja sellele kohaselt kaunistab keraamilist pudelit d\u017einnis kasutatud \u00fcrtidest inspireeritud ahv Leonardo.<\/span><\/li>\n<li><span style=\"color: #555555\">T\u00e4idlane, rikkalik ning mahe d\u017einn, \u00f5rnalt tsitruseline ja komplekssete aromaatsete toonidega.<\/span><\/li>\n<li><span style=\"color: #555555\">Koostis: laimikoor, ingver, t\u00fc\u00fcmian, must terapipar, nelkpipar, k\u00f6\u00f6men, koriandriseemned, Horvaatia kadakamarjad ja teraviljapiiritus.<\/span><\/li>\n<li><span style=\"color: #555555\">Destilleeritud v\u00e4ikeste partiidena, jahutamata filtreeritud.<\/span><\/li>\n<li><span style=\"color: #555555\">Serveeri j\u00e4\u00e4 ja toonikuga. Kaunistuseks viil punast paprikat ja \u00fcks salveileht, millele on eelnevalt antud s\u00f5bralik aroomi vabastav laks ja viimasena lisa laimikeerd.<\/span><\/li>\n<li><span style=\"color: #555555\">Alternatiivina v\u00f5ib serveerida ingveri\u00f5lle (Ginger Beer) ja sortsu laimimahlaga v\u00f5i k\u00fclmematel p\u00e4evadel kuuma pun\u0161ina, segades kaneelipulgaga d\u017einni hulka sooja \u00f5una-pirnimahla<\/span>.<\/li>\n<\/ul>\n<p>L\u00d5HN: julge aromaatne v\u00fcrtsikas m\u00e4nd<\/p>\n<p>MAITSE: kesksel kohal soojendavad aromaatsed v\u00fcrtsid, millest kumab l\u00e4bi s\u00e4rtsakas laim, mis seguneb tammese kadakaga<\/p>\n<p>VIIMISTLUS: kestev nelkpipra ja ingveri v\u00fcrtsikus<\/p>\n","protected":false},"featured_media":237100,"template":"","meta":{"inline_featured_image":false},"product_brand":[],"product_cat":[280,234,433,32],"product_tag":[],"class_list":{"0":"post-237155","1":"product","2":"type-product","3":"status-publish","4":"has-post-thumbnail","6":"product_cat-joogid","7":"product_cat-dzinnid","8":"product_cat-gin-kitchen","9":"product_cat-kinkekarbid","11":"first","12":"instock","13":"taxable","14":"shipping-taxable","15":"purchasable","16":"product-type-simple"},"yoast_head":"<!-- This site is optimized with the Yoast SEO plugin v27.4 - https:\/\/yoast.com\/product\/yoast-seo-wordpress\/ -->\n<title>GIN KITCHEN Gutsy Monkey Winter Gin 700 ml - BBQ Entertainment<\/title>\n<meta name=\"robots\" content=\"index, follow, max-snippet:-1, max-image-preview:large, max-video-preview:-1\" \/>\n<link rel=\"canonical\" href=\"https:\/\/bbqentertainment.com\/toode\/gin-kitchen-gutsy-monkey-winter-gin-700-ml\/\" \/>\n<meta property=\"og:locale\" content=\"en_US\" \/>\n<meta property=\"og:type\" content=\"article\" \/>\n<meta property=\"og:title\" content=\"GIN KITCHEN Gutsy Monkey Winter Gin 700 ml - BBQ Entertainment\" \/>\n<meta property=\"og:description\" content=\"GIN KITCHEN\u00a0Gutsy Monkey Winter Gin 700 ml Alkoholisisaldus: 48% vol P\u00e4ritolumaa: Suurbritannia Registrikande number: R21\/160410\/15, maaletooja: BBQ Entertainment O\u00dc Toodetud imelises Gin Kitchen Distillery\u2019s (v\u00e4iketootja) Inglismaal Surrey Hills\u2019i s\u00fcdames. Gin Kitchen d\u017einnid on Surreys mitmete Michelini restoranide lemmikud. Tuli turule ahviaastal ja sellele kohaselt kaunistab keraamilist pudelit d\u017einnis kasutatud \u00fcrtidest inspireeritud ahv Leonardo. T\u00e4idlane, rikkalik ning mahe d\u017einn, \u00f5rnalt tsitruseline ja komplekssete aromaatsete toonidega. Koostis: laimikoor, ingver, t\u00fc\u00fcmian, must terapipar, nelkpipar, k\u00f6\u00f6men, koriandriseemned, Horvaatia kadakamarjad ja teraviljapiiritus. Destilleeritud v\u00e4ikeste partiidena, jahutamata filtreeritud. Serveeri j\u00e4\u00e4 ja toonikuga. Kaunistuseks viil punast paprikat ja \u00fcks salveileht, millele on eelnevalt antud s\u00f5bralik aroomi vabastav laks ja viimasena lisa laimikeerd. Alternatiivina v\u00f5ib serveerida ingveri\u00f5lle (Ginger Beer) ja sortsu laimimahlaga v\u00f5i k\u00fclmematel p\u00e4evadel kuuma pun\u0161ina, segades kaneelipulgaga d\u017einni hulka sooja \u00f5una-pirnimahla. L\u00d5HN: julge aromaatne v\u00fcrtsikas m\u00e4nd MAITSE: kesksel kohal soojendavad aromaatsed v\u00fcrtsid, millest kumab l\u00e4bi s\u00e4rtsakas laim, mis seguneb tammese kadakaga VIIMISTLUS: kestev nelkpipra ja ingveri v\u00fcrtsikus\" \/>\n<meta property=\"og:url\" content=\"https:\/\/bbqentertainment.com\/toode\/gin-kitchen-gutsy-monkey-winter-gin-700-ml\/\" \/>\n<meta property=\"og:site_name\" content=\"BBQ Entertainment\" \/>\n<meta property=\"article:publisher\" content=\"https:\/\/www.facebook.com\/BBQ-Entertainment-N-Catering-2437913376443540\" \/>\n<meta property=\"article:modified_time\" content=\"2025-07-25T10:45:47+00:00\" \/>\n<meta property=\"og:image\" content=\"https:\/\/bbqentertainment.com\/wp-content\/uploads\/2021\/10\/Gin-Kitchen-Gutsy-Monkey-Winter-Gin-70cl.jpg\" \/>\n\t<meta property=\"og:image:width\" content=\"1200\" \/>\n\t<meta property=\"og:image:height\" content=\"1200\" \/>\n\t<meta property=\"og:image:type\" content=\"image\/jpeg\" \/>\n<meta name=\"twitter:card\" content=\"summary_large_image\" \/>\n<meta name=\"twitter:label1\" content=\"Est. reading time\" \/>\n\t<meta name=\"twitter:data1\" content=\"2 minutes\" \/>\n<script type=\"application\/ld+json\" class=\"yoast-schema-graph\">{\"@context\":\"https:\\\/\\\/schema.org\",\"@graph\":[{\"@type\":[\"WebPage\",\"ItemPage\"],\"@id\":\"https:\\\/\\\/bbqentertainment.com\\\/toode\\\/gin-kitchen-gutsy-monkey-winter-gin-700-ml\\\/\",\"url\":\"https:\\\/\\\/bbqentertainment.com\\\/toode\\\/gin-kitchen-gutsy-monkey-winter-gin-700-ml\\\/\",\"name\":\"GIN KITCHEN Gutsy Monkey Winter Gin 700 ml - BBQ Entertainment\",\"isPartOf\":{\"@id\":\"https:\\\/\\\/bbqentertainment.com\\\/#website\"},\"primaryImageOfPage\":{\"@id\":\"https:\\\/\\\/bbqentertainment.com\\\/toode\\\/gin-kitchen-gutsy-monkey-winter-gin-700-ml\\\/#primaryimage\"},\"image\":{\"@id\":\"https:\\\/\\\/bbqentertainment.com\\\/toode\\\/gin-kitchen-gutsy-monkey-winter-gin-700-ml\\\/#primaryimage\"},\"thumbnailUrl\":\"https:\\\/\\\/bbqentertainment.com\\\/wp-content\\\/uploads\\\/2021\\\/10\\\/Gin-Kitchen-Gutsy-Monkey-Winter-Gin-70cl.jpg\",\"datePublished\":\"2021-10-24T21:17:33+00:00\",\"dateModified\":\"2025-07-25T10:45:47+00:00\",\"breadcrumb\":{\"@id\":\"https:\\\/\\\/bbqentertainment.com\\\/toode\\\/gin-kitchen-gutsy-monkey-winter-gin-700-ml\\\/#breadcrumb\"},\"inLanguage\":\"en-US\",\"potentialAction\":[{\"@type\":\"ReadAction\",\"target\":[\"https:\\\/\\\/bbqentertainment.com\\\/toode\\\/gin-kitchen-gutsy-monkey-winter-gin-700-ml\\\/\"]}]},{\"@type\":\"ImageObject\",\"inLanguage\":\"en-US\",\"@id\":\"https:\\\/\\\/bbqentertainment.com\\\/toode\\\/gin-kitchen-gutsy-monkey-winter-gin-700-ml\\\/#primaryimage\",\"url\":\"https:\\\/\\\/bbqentertainment.com\\\/wp-content\\\/uploads\\\/2021\\\/10\\\/Gin-Kitchen-Gutsy-Monkey-Winter-Gin-70cl.jpg\",\"contentUrl\":\"https:\\\/\\\/bbqentertainment.com\\\/wp-content\\\/uploads\\\/2021\\\/10\\\/Gin-Kitchen-Gutsy-Monkey-Winter-Gin-70cl.jpg\",\"width\":1200,\"height\":1200},{\"@type\":\"BreadcrumbList\",\"@id\":\"https:\\\/\\\/bbqentertainment.com\\\/toode\\\/gin-kitchen-gutsy-monkey-winter-gin-700-ml\\\/#breadcrumb\",\"itemListElement\":[{\"@type\":\"ListItem\",\"position\":1,\"name\":\"AVALEHT\",\"item\":\"https:\\\/\\\/bbqentertainment.com\\\/en\\\/\"},{\"@type\":\"ListItem\",\"position\":2,\"name\":\"Tooted\",\"item\":\"https:\\\/\\\/bbqentertainment.com\\\/tooted\\\/\"},{\"@type\":\"ListItem\",\"position\":3,\"name\":\"Joogid\",\"item\":\"https:\\\/\\\/bbqentertainment.com\\\/tootekategooria\\\/joogid\\\/\"},{\"@type\":\"ListItem\",\"position\":4,\"name\":\"D\u017dINNID\",\"item\":\"https:\\\/\\\/bbqentertainment.com\\\/tootekategooria\\\/joogid\\\/dzinnid\\\/\"},{\"@type\":\"ListItem\",\"position\":5,\"name\":\"Gin Kitchen\",\"item\":\"https:\\\/\\\/bbqentertainment.com\\\/tootekategooria\\\/joogid\\\/dzinnid\\\/gin-kitchen\\\/\"},{\"@type\":\"ListItem\",\"position\":6,\"name\":\"GIN KITCHEN Gutsy Monkey Winter Gin 700 ml\"}]},{\"@type\":\"WebSite\",\"@id\":\"https:\\\/\\\/bbqentertainment.com\\\/#website\",\"url\":\"https:\\\/\\\/bbqentertainment.com\\\/\",\"name\":\"BBQ Entertainment\",\"description\":\"BBQ is a great lifestyle, not just fun!\",\"publisher\":{\"@id\":\"https:\\\/\\\/bbqentertainment.com\\\/#organization\"},\"potentialAction\":[{\"@type\":\"SearchAction\",\"target\":{\"@type\":\"EntryPoint\",\"urlTemplate\":\"https:\\\/\\\/bbqentertainment.com\\\/?s={search_term_string}\"},\"query-input\":{\"@type\":\"PropertyValueSpecification\",\"valueRequired\":true,\"valueName\":\"search_term_string\"}}],\"inLanguage\":\"en-US\"},{\"@type\":\"Organization\",\"@id\":\"https:\\\/\\\/bbqentertainment.com\\\/#organization\",\"name\":\"BBQ Entertainment O\u00dc\",\"url\":\"https:\\\/\\\/bbqentertainment.com\\\/\",\"logo\":{\"@type\":\"ImageObject\",\"inLanguage\":\"en-US\",\"@id\":\"https:\\\/\\\/bbqentertainment.com\\\/#\\\/schema\\\/logo\\\/image\\\/\",\"url\":\"https:\\\/\\\/bbqentertainment.com\\\/wp-content\\\/uploads\\\/2020\\\/04\\\/BBQ-Entertainment-N-Catering-Enn-Tobreluts-Logo.png\",\"contentUrl\":\"https:\\\/\\\/bbqentertainment.com\\\/wp-content\\\/uploads\\\/2020\\\/04\\\/BBQ-Entertainment-N-Catering-Enn-Tobreluts-Logo.png\",\"width\":628,\"height\":266,\"caption\":\"BBQ Entertainment O\u00dc\"},\"image\":{\"@id\":\"https:\\\/\\\/bbqentertainment.com\\\/#\\\/schema\\\/logo\\\/image\\\/\"},\"sameAs\":[\"https:\\\/\\\/www.facebook.com\\\/BBQ-Entertainment-N-Catering-2437913376443540\",\"https:\\\/\\\/www.instagram.com\\\/bbqentertainmentncatering\\\/\",\"https:\\\/\\\/www.youtube.com\\\/channel\\\/UCmpuANQVhLy2Md8nrenp2jA\"]}]}<\/script>\n<!-- \/ Yoast SEO plugin. -->","yoast_head_json":{"title":"GIN KITCHEN Gutsy Monkey Winter Gin 700 ml - BBQ Entertainment","robots":{"index":"index","follow":"follow","max-snippet":"max-snippet:-1","max-image-preview":"max-image-preview:large","max-video-preview":"max-video-preview:-1"},"canonical":"https:\/\/bbqentertainment.com\/toode\/gin-kitchen-gutsy-monkey-winter-gin-700-ml\/","og_locale":"en_US","og_type":"article","og_title":"GIN KITCHEN Gutsy Monkey Winter Gin 700 ml - BBQ Entertainment","og_description":"GIN KITCHEN\u00a0Gutsy Monkey Winter Gin 700 ml Alkoholisisaldus: 48% vol P\u00e4ritolumaa: Suurbritannia Registrikande number: R21\/160410\/15, maaletooja: BBQ Entertainment O\u00dc Toodetud imelises Gin Kitchen Distillery\u2019s (v\u00e4iketootja) Inglismaal Surrey Hills\u2019i s\u00fcdames. Gin Kitchen d\u017einnid on Surreys mitmete Michelini restoranide lemmikud. Tuli turule ahviaastal ja sellele kohaselt kaunistab keraamilist pudelit d\u017einnis kasutatud \u00fcrtidest inspireeritud ahv Leonardo. T\u00e4idlane, rikkalik ning mahe d\u017einn, \u00f5rnalt tsitruseline ja komplekssete aromaatsete toonidega. Koostis: laimikoor, ingver, t\u00fc\u00fcmian, must terapipar, nelkpipar, k\u00f6\u00f6men, koriandriseemned, Horvaatia kadakamarjad ja teraviljapiiritus. Destilleeritud v\u00e4ikeste partiidena, jahutamata filtreeritud. Serveeri j\u00e4\u00e4 ja toonikuga. Kaunistuseks viil punast paprikat ja \u00fcks salveileht, millele on eelnevalt antud s\u00f5bralik aroomi vabastav laks ja viimasena lisa laimikeerd. Alternatiivina v\u00f5ib serveerida ingveri\u00f5lle (Ginger Beer) ja sortsu laimimahlaga v\u00f5i k\u00fclmematel p\u00e4evadel kuuma pun\u0161ina, segades kaneelipulgaga d\u017einni hulka sooja \u00f5una-pirnimahla. L\u00d5HN: julge aromaatne v\u00fcrtsikas m\u00e4nd MAITSE: kesksel kohal soojendavad aromaatsed v\u00fcrtsid, millest kumab l\u00e4bi s\u00e4rtsakas laim, mis seguneb tammese kadakaga VIIMISTLUS: kestev nelkpipra ja ingveri v\u00fcrtsikus","og_url":"https:\/\/bbqentertainment.com\/toode\/gin-kitchen-gutsy-monkey-winter-gin-700-ml\/","og_site_name":"BBQ Entertainment","article_publisher":"https:\/\/www.facebook.com\/BBQ-Entertainment-N-Catering-2437913376443540","article_modified_time":"2025-07-25T10:45:47+00:00","og_image":[{"width":1200,"height":1200,"url":"https:\/\/bbqentertainment.com\/wp-content\/uploads\/2021\/10\/Gin-Kitchen-Gutsy-Monkey-Winter-Gin-70cl.jpg","type":"image\/jpeg"}],"twitter_card":"summary_large_image","twitter_misc":{"Est. reading time":"2 minutes"},"schema":{"@context":"https:\/\/schema.org","@graph":[{"@type":["WebPage","ItemPage"],"@id":"https:\/\/bbqentertainment.com\/toode\/gin-kitchen-gutsy-monkey-winter-gin-700-ml\/","url":"https:\/\/bbqentertainment.com\/toode\/gin-kitchen-gutsy-monkey-winter-gin-700-ml\/","name":"GIN KITCHEN Gutsy Monkey Winter Gin 700 ml - BBQ Entertainment","isPartOf":{"@id":"https:\/\/bbqentertainment.com\/#website"},"primaryImageOfPage":{"@id":"https:\/\/bbqentertainment.com\/toode\/gin-kitchen-gutsy-monkey-winter-gin-700-ml\/#primaryimage"},"image":{"@id":"https:\/\/bbqentertainment.com\/toode\/gin-kitchen-gutsy-monkey-winter-gin-700-ml\/#primaryimage"},"thumbnailUrl":"https:\/\/bbqentertainment.com\/wp-content\/uploads\/2021\/10\/Gin-Kitchen-Gutsy-Monkey-Winter-Gin-70cl.jpg","datePublished":"2021-10-24T21:17:33+00:00","dateModified":"2025-07-25T10:45:47+00:00","breadcrumb":{"@id":"https:\/\/bbqentertainment.com\/toode\/gin-kitchen-gutsy-monkey-winter-gin-700-ml\/#breadcrumb"},"inLanguage":"en-US","potentialAction":[{"@type":"ReadAction","target":["https:\/\/bbqentertainment.com\/toode\/gin-kitchen-gutsy-monkey-winter-gin-700-ml\/"]}]},{"@type":"ImageObject","inLanguage":"en-US","@id":"https:\/\/bbqentertainment.com\/toode\/gin-kitchen-gutsy-monkey-winter-gin-700-ml\/#primaryimage","url":"https:\/\/bbqentertainment.com\/wp-content\/uploads\/2021\/10\/Gin-Kitchen-Gutsy-Monkey-Winter-Gin-70cl.jpg","contentUrl":"https:\/\/bbqentertainment.com\/wp-content\/uploads\/2021\/10\/Gin-Kitchen-Gutsy-Monkey-Winter-Gin-70cl.jpg","width":1200,"height":1200},{"@type":"BreadcrumbList","@id":"https:\/\/bbqentertainment.com\/toode\/gin-kitchen-gutsy-monkey-winter-gin-700-ml\/#breadcrumb","itemListElement":[{"@type":"ListItem","position":1,"name":"AVALEHT","item":"https:\/\/bbqentertainment.com\/en\/"},{"@type":"ListItem","position":2,"name":"Tooted","item":"https:\/\/bbqentertainment.com\/tooted\/"},{"@type":"ListItem","position":3,"name":"Joogid","item":"https:\/\/bbqentertainment.com\/tootekategooria\/joogid\/"},{"@type":"ListItem","position":4,"name":"D\u017dINNID","item":"https:\/\/bbqentertainment.com\/tootekategooria\/joogid\/dzinnid\/"},{"@type":"ListItem","position":5,"name":"Gin Kitchen","item":"https:\/\/bbqentertainment.com\/tootekategooria\/joogid\/dzinnid\/gin-kitchen\/"},{"@type":"ListItem","position":6,"name":"GIN KITCHEN Gutsy Monkey Winter Gin 700 ml"}]},{"@type":"WebSite","@id":"https:\/\/bbqentertainment.com\/#website","url":"https:\/\/bbqentertainment.com\/","name":"BBQ Entertainment","description":"BBQ is a great lifestyle, not just fun!","publisher":{"@id":"https:\/\/bbqentertainment.com\/#organization"},"potentialAction":[{"@type":"SearchAction","target":{"@type":"EntryPoint","urlTemplate":"https:\/\/bbqentertainment.com\/?s={search_term_string}"},"query-input":{"@type":"PropertyValueSpecification","valueRequired":true,"valueName":"search_term_string"}}],"inLanguage":"en-US"},{"@type":"Organization","@id":"https:\/\/bbqentertainment.com\/#organization","name":"BBQ Entertainment O\u00dc","url":"https:\/\/bbqentertainment.com\/","logo":{"@type":"ImageObject","inLanguage":"en-US","@id":"https:\/\/bbqentertainment.com\/#\/schema\/logo\/image\/","url":"https:\/\/bbqentertainment.com\/wp-content\/uploads\/2020\/04\/BBQ-Entertainment-N-Catering-Enn-Tobreluts-Logo.png","contentUrl":"https:\/\/bbqentertainment.com\/wp-content\/uploads\/2020\/04\/BBQ-Entertainment-N-Catering-Enn-Tobreluts-Logo.png","width":628,"height":266,"caption":"BBQ Entertainment O\u00dc"},"image":{"@id":"https:\/\/bbqentertainment.com\/#\/schema\/logo\/image\/"},"sameAs":["https:\/\/www.facebook.com\/BBQ-Entertainment-N-Catering-2437913376443540","https:\/\/www.instagram.com\/bbqentertainmentncatering\/","https:\/\/www.youtube.com\/channel\/UCmpuANQVhLy2Md8nrenp2jA"]}]}},"_links":{"self":[{"href":"https:\/\/bbqentertainment.com\/en\/wp-json\/wp\/v2\/product\/237155","targetHints":{"allow":["GET"]}}],"collection":[{"href":"https:\/\/bbqentertainment.com\/en\/wp-json\/wp\/v2\/product"}],"about":[{"href":"https:\/\/bbqentertainment.com\/en\/wp-json\/wp\/v2\/types\/product"}],"wp:featuredmedia":[{"embeddable":true,"href":"https:\/\/bbqentertainment.com\/en\/wp-json\/wp\/v2\/media\/237100"}],"wp:attachment":[{"href":"https:\/\/bbqentertainment.com\/en\/wp-json\/wp\/v2\/media?parent=237155"}],"wp:term":[{"taxonomy":"product_brand","embeddable":true,"href":"https:\/\/bbqentertainment.com\/en\/wp-json\/wp\/v2\/product_brand?post=237155"},{"taxonomy":"product_cat","embeddable":true,"href":"https:\/\/bbqentertainment.com\/en\/wp-json\/wp\/v2\/product_cat?post=237155"},{"taxonomy":"product_tag","embeddable":true,"href":"https:\/\/bbqentertainment.com\/en\/wp-json\/wp\/v2\/product_tag?post=237155"}],"curies":[{"name":"wp","href":"https:\/\/api.w.org\/{rel}","templated":true}]}}