{"id":237201,"date":"2021-11-05T00:21:27","date_gmt":"2021-11-04T22:21:27","guid":{"rendered":"https:\/\/bbqentertainment.com\/?post_type=product&#038;p=237201"},"modified":"2026-03-07T23:35:08","modified_gmt":"2026-03-07T21:35:08","slug":"smart-charcoal-3-kg-kott","status":"publish","type":"product","link":"https:\/\/bbqentertainment.com\/en\/toode\/smart-charcoal-3-kg-kott\/","title":{"rendered":"Smart Charcoal brigett-grills\u00fcsi 3 kg kott"},"content":{"rendered":"<p><span style=\"color: #282828;\"><span style=\"text-decoration: underline;\">Kasutusjuhend<\/span>: <\/span><\/p>\n<ul>\n<li><span style=\"color: #282828;\">Puistake vajalik kogus s\u00fctt grilliahju, asetage s\u00fcsi p\u00fcramiidikujuliselt.<\/span><\/li>\n<li><span style=\"color: #282828;\">S\u00fc\u00fcdake s\u00f6ed kasutades spetsiaalset s\u00fc\u00fctekuubikut, paberit\u00fckki toidu\u00f5liga v\u00f5i gaasip\u00f5letit.<\/span><\/li>\n<li><span style=\"color: #282828;\">Alustage k\u00fcpsetamist alles siis kui grills\u00f6ed h\u00f5\u00f5guvad \u00fchtlaselt.<\/span><\/li>\n<li><span style=\"color: #282828;\">T\u00e4helepanu! \u00c4rge kasutage s\u00fc\u00fctamiseks muid s\u00fcttivaid vedelikke (bensiin, atsetoon jms).<\/span><\/li>\n<li><span style=\"color: #282828;\">\u00c4rge kasutage grilli ega grills\u00fctt siseruumides nagu telgid, majad, s\u00f5idukid jne.<\/span><\/li>\n<li><span style=\"color: #282828;\">Restoranides grillidel v\u00f5ib grills\u00fctt kasutada juhul kui on tagatud s\u00e4demep\u00fc\u00fcdjate ja tugeva v\u00e4ljat\u00f5mbega n\u00f5uetekohane ventilatsioon (toksilised aurud v\u00f5ivad koguneda ja p\u00f5hjustada surma).<\/span><\/li>\n<li><span style=\"color: #282828;\">Hoidke lapsed ja lemmikloomad grillist ning h\u00f5\u00f5guvatest s\u00fctest eemal.<\/span><\/li>\n<li><span style=\"color: #282828;\">\u00c4rge j\u00e4tke h\u00f5\u00f5guvaid s\u00fcsisid ilma j\u00e4relvalveta!<\/span><\/li>\n<li><span style=\"color: #282828;\">Grills\u00fctt s\u00e4ilita kuivas ruumis.<\/span><\/li>\n<\/ul>\n","protected":false},"excerpt":{"rendered":"<h3><span style=\"color: #000000;\"><strong>Smart Charcoal brigett-grills\u00fcsi 3 kg kott<\/strong><\/span><\/h3>\n<ul>\n<li><span style=\"color: #282828;\">P\u00e4ritolumaa: L\u00e4ti, EU<\/span><\/li>\n<li><span style=\"color: #282828;\">Eksklusiivne maaletooja Eestis: BBQ Entertainment O\u00dc<\/span><\/li>\n<li>Koti m\u00f5\u00f5dud: 450 mm x 145 mm x 340 mm<\/li>\n<li>Pikk h\u00f5\u00f5gumisaeg, 100% naturaalne, pressitud grills\u00f6ebrigetid (keskel auk)<\/li>\n<\/ul>\n<div><span style=\"color: #282828;\"><strong>Miks on Smart Charcoal brikett-grills\u00fcsi v\u00e4ga hea valik?<\/strong><\/span><\/div>\n<div><span style=\"color: #282828;\">\u2705 Sobib eriti h\u00e4sti just neile, kes soovivad teha pikemaajalist k\u00fcpsetamist;<\/span><\/div>\n<div><span style=\"color: #282828;\">\u2705 \u00d6koloogiliselt puhas toode;<\/span><\/div>\n<div><span style=\"color: #282828;\">\u2705 H\u00f5\u00f5gub v\u00e4hemalt 2x kauem kui tavaline grills\u00fcsi;<\/span><\/div>\n<div><span style=\"color: #282828;\">\u2705 K\u00fcpsetamise ajal saavutatakse oluliselt k\u00f5rgem temperatuur kui tavalise grills\u00f6ega;<\/span><\/div>\n<div><span style=\"color: #282828;\">\u2705 Ilma lisaaineteta, ilma keemiata;<\/span><\/div>\n<div><span style=\"color: #282828;\">\u2705 V\u00e4hem s\u00f6etuhka, rohkem energiat;<\/span><\/div>\n<div><span style=\"color: #282828;\">\u2705 Grillida on v\u00f5imalik edukalt ka talvel!<\/span><\/div>\n","protected":false},"featured_media":237196,"template":"","meta":{"inline_featured_image":false},"product_brand":[],"product_cat":[27,439],"product_tag":[],"class_list":{"0":"post-237201","1":"product","2":"type-product","3":"status-publish","4":"has-post-thumbnail","6":"product_cat-grillsusi","7":"product_cat-eksootilised-grillsoed","9":"first","10":"instock","11":"sale","12":"taxable","13":"shipping-taxable","14":"purchasable","15":"product-type-simple"},"yoast_head":"<!-- This site is optimized with the Yoast SEO plugin v27.4 - https:\/\/yoast.com\/product\/yoast-seo-wordpress\/ -->\n<title>Smart Charcoal brigett-grills\u00fcsi 3 kg kott - BBQ Entertainment<\/title>\n<meta name=\"robots\" content=\"index, follow, max-snippet:-1, max-image-preview:large, max-video-preview:-1\" \/>\n<link rel=\"canonical\" href=\"https:\/\/bbqentertainment.com\/toode\/smart-charcoal-3-kg-kott\/\" \/>\n<meta property=\"og:locale\" content=\"en_US\" \/>\n<meta property=\"og:type\" content=\"article\" \/>\n<meta property=\"og:title\" content=\"Smart Charcoal brigett-grills\u00fcsi 3 kg kott - BBQ Entertainment\" \/>\n<meta property=\"og:description\" content=\"Smart Charcoal brigett-grills\u00fcsi 3 kg kott   P\u00e4ritolumaa: L\u00e4ti, EU  Eksklusiivne maaletooja Eestis: BBQ Entertainment O\u00dc  Koti m\u00f5\u00f5dud: 450 mm x 145 mm x 340 mm  Pikk h\u00f5\u00f5gumisaeg, 100% naturaalne, pressitud grills\u00f6ebrigetid (keskel auk)  Miks on Smart Charcoal brikett-grills\u00fcsi v\u00e4ga hea valik? \u2705 Sobib eriti h\u00e4sti just neile, kes soovivad teha pikemaajalist k\u00fcpsetamist; \u2705 \u00d6koloogiliselt puhas toode; \u2705 H\u00f5\u00f5gub v\u00e4hemalt 2x kauem kui tavaline grills\u00fcsi; \u2705 K\u00fcpsetamise ajal saavutatakse oluliselt k\u00f5rgem temperatuur kui tavalise grills\u00f6ega; \u2705 Ilma lisaaineteta, ilma keemiata; \u2705 V\u00e4hem s\u00f6etuhka, rohkem energiat; \u2705 Grillida on v\u00f5imalik edukalt ka talvel!\" \/>\n<meta property=\"og:url\" content=\"https:\/\/bbqentertainment.com\/toode\/smart-charcoal-3-kg-kott\/\" \/>\n<meta property=\"og:site_name\" content=\"BBQ Entertainment\" \/>\n<meta property=\"article:publisher\" content=\"https:\/\/www.facebook.com\/BBQ-Entertainment-N-Catering-2437913376443540\" \/>\n<meta property=\"article:modified_time\" content=\"2026-03-07T21:35:08+00:00\" \/>\n<meta property=\"og:image\" content=\"https:\/\/bbqentertainment.com\/wp-content\/uploads\/2021\/11\/SMART-CHARCOAL-BBQ-brigett-grillsusi.jpg\" \/>\n\t<meta property=\"og:image:width\" content=\"1200\" \/>\n\t<meta property=\"og:image:height\" content=\"1200\" \/>\n\t<meta property=\"og:image:type\" content=\"image\/jpeg\" \/>\n<meta name=\"twitter:card\" content=\"summary_large_image\" \/>\n<meta name=\"twitter:label1\" content=\"Est. reading time\" \/>\n\t<meta name=\"twitter:data1\" content=\"1 minute\" \/>\n<script type=\"application\/ld+json\" class=\"yoast-schema-graph\">{\"@context\":\"https:\\\/\\\/schema.org\",\"@graph\":[{\"@type\":[\"WebPage\",\"ItemPage\"],\"@id\":\"https:\\\/\\\/bbqentertainment.com\\\/toode\\\/smart-charcoal-3-kg-kott\\\/\",\"url\":\"https:\\\/\\\/bbqentertainment.com\\\/toode\\\/smart-charcoal-3-kg-kott\\\/\",\"name\":\"Smart Charcoal brigett-grills\u00fcsi 3 kg kott - BBQ Entertainment\",\"isPartOf\":{\"@id\":\"https:\\\/\\\/bbqentertainment.com\\\/#website\"},\"primaryImageOfPage\":{\"@id\":\"https:\\\/\\\/bbqentertainment.com\\\/toode\\\/smart-charcoal-3-kg-kott\\\/#primaryimage\"},\"image\":{\"@id\":\"https:\\\/\\\/bbqentertainment.com\\\/toode\\\/smart-charcoal-3-kg-kott\\\/#primaryimage\"},\"thumbnailUrl\":\"https:\\\/\\\/bbqentertainment.com\\\/wp-content\\\/uploads\\\/2021\\\/11\\\/SMART-CHARCOAL-BBQ-brigett-grillsusi.jpg\",\"datePublished\":\"2021-11-04T22:21:27+00:00\",\"dateModified\":\"2026-03-07T21:35:08+00:00\",\"breadcrumb\":{\"@id\":\"https:\\\/\\\/bbqentertainment.com\\\/toode\\\/smart-charcoal-3-kg-kott\\\/#breadcrumb\"},\"inLanguage\":\"en-US\",\"potentialAction\":[{\"@type\":\"ReadAction\",\"target\":[\"https:\\\/\\\/bbqentertainment.com\\\/toode\\\/smart-charcoal-3-kg-kott\\\/\"]}]},{\"@type\":\"ImageObject\",\"inLanguage\":\"en-US\",\"@id\":\"https:\\\/\\\/bbqentertainment.com\\\/toode\\\/smart-charcoal-3-kg-kott\\\/#primaryimage\",\"url\":\"https:\\\/\\\/bbqentertainment.com\\\/wp-content\\\/uploads\\\/2021\\\/11\\\/SMART-CHARCOAL-BBQ-brigett-grillsusi.jpg\",\"contentUrl\":\"https:\\\/\\\/bbqentertainment.com\\\/wp-content\\\/uploads\\\/2021\\\/11\\\/SMART-CHARCOAL-BBQ-brigett-grillsusi.jpg\",\"width\":1200,\"height\":1200},{\"@type\":\"BreadcrumbList\",\"@id\":\"https:\\\/\\\/bbqentertainment.com\\\/toode\\\/smart-charcoal-3-kg-kott\\\/#breadcrumb\",\"itemListElement\":[{\"@type\":\"ListItem\",\"position\":1,\"name\":\"AVALEHT\",\"item\":\"https:\\\/\\\/bbqentertainment.com\\\/en\\\/\"},{\"@type\":\"ListItem\",\"position\":2,\"name\":\"Tooted\",\"item\":\"https:\\\/\\\/bbqentertainment.com\\\/tooted\\\/\"},{\"@type\":\"ListItem\",\"position\":3,\"name\":\"K\u00fcte\",\"item\":\"https:\\\/\\\/bbqentertainment.com\\\/tootekategooria\\\/grillsusi\\\/\"},{\"@type\":\"ListItem\",\"position\":4,\"name\":\"Eksootilised grills\u00f6ed\",\"item\":\"https:\\\/\\\/bbqentertainment.com\\\/tootekategooria\\\/grillsusi\\\/eksootilised-grillsoed\\\/\"},{\"@type\":\"ListItem\",\"position\":5,\"name\":\"Smart Charcoal brigett-grills\u00fcsi 3 kg kott\"}]},{\"@type\":\"WebSite\",\"@id\":\"https:\\\/\\\/bbqentertainment.com\\\/#website\",\"url\":\"https:\\\/\\\/bbqentertainment.com\\\/\",\"name\":\"BBQ Entertainment\",\"description\":\"BBQ is a great lifestyle, not just fun!\",\"publisher\":{\"@id\":\"https:\\\/\\\/bbqentertainment.com\\\/#organization\"},\"potentialAction\":[{\"@type\":\"SearchAction\",\"target\":{\"@type\":\"EntryPoint\",\"urlTemplate\":\"https:\\\/\\\/bbqentertainment.com\\\/?s={search_term_string}\"},\"query-input\":{\"@type\":\"PropertyValueSpecification\",\"valueRequired\":true,\"valueName\":\"search_term_string\"}}],\"inLanguage\":\"en-US\"},{\"@type\":\"Organization\",\"@id\":\"https:\\\/\\\/bbqentertainment.com\\\/#organization\",\"name\":\"BBQ Entertainment O\u00dc\",\"url\":\"https:\\\/\\\/bbqentertainment.com\\\/\",\"logo\":{\"@type\":\"ImageObject\",\"inLanguage\":\"en-US\",\"@id\":\"https:\\\/\\\/bbqentertainment.com\\\/#\\\/schema\\\/logo\\\/image\\\/\",\"url\":\"https:\\\/\\\/bbqentertainment.com\\\/wp-content\\\/uploads\\\/2020\\\/04\\\/BBQ-Entertainment-N-Catering-Enn-Tobreluts-Logo.png\",\"contentUrl\":\"https:\\\/\\\/bbqentertainment.com\\\/wp-content\\\/uploads\\\/2020\\\/04\\\/BBQ-Entertainment-N-Catering-Enn-Tobreluts-Logo.png\",\"width\":628,\"height\":266,\"caption\":\"BBQ Entertainment O\u00dc\"},\"image\":{\"@id\":\"https:\\\/\\\/bbqentertainment.com\\\/#\\\/schema\\\/logo\\\/image\\\/\"},\"sameAs\":[\"https:\\\/\\\/www.facebook.com\\\/BBQ-Entertainment-N-Catering-2437913376443540\",\"https:\\\/\\\/www.instagram.com\\\/bbqentertainmentncatering\\\/\",\"https:\\\/\\\/www.youtube.com\\\/channel\\\/UCmpuANQVhLy2Md8nrenp2jA\"]}]}<\/script>\n<!-- \/ Yoast SEO plugin. -->","yoast_head_json":{"title":"Smart Charcoal brigett-grills\u00fcsi 3 kg kott - BBQ Entertainment","robots":{"index":"index","follow":"follow","max-snippet":"max-snippet:-1","max-image-preview":"max-image-preview:large","max-video-preview":"max-video-preview:-1"},"canonical":"https:\/\/bbqentertainment.com\/toode\/smart-charcoal-3-kg-kott\/","og_locale":"en_US","og_type":"article","og_title":"Smart Charcoal brigett-grills\u00fcsi 3 kg kott - BBQ Entertainment","og_description":"Smart Charcoal brigett-grills\u00fcsi 3 kg kott   P\u00e4ritolumaa: L\u00e4ti, EU  Eksklusiivne maaletooja Eestis: BBQ Entertainment O\u00dc  Koti m\u00f5\u00f5dud: 450 mm x 145 mm x 340 mm  Pikk h\u00f5\u00f5gumisaeg, 100% naturaalne, pressitud grills\u00f6ebrigetid (keskel auk)  Miks on Smart Charcoal brikett-grills\u00fcsi v\u00e4ga hea valik? \u2705 Sobib eriti h\u00e4sti just neile, kes soovivad teha pikemaajalist k\u00fcpsetamist; \u2705 \u00d6koloogiliselt puhas toode; \u2705 H\u00f5\u00f5gub v\u00e4hemalt 2x kauem kui tavaline grills\u00fcsi; \u2705 K\u00fcpsetamise ajal saavutatakse oluliselt k\u00f5rgem temperatuur kui tavalise grills\u00f6ega; \u2705 Ilma lisaaineteta, ilma keemiata; \u2705 V\u00e4hem s\u00f6etuhka, rohkem energiat; \u2705 Grillida on v\u00f5imalik edukalt ka talvel!","og_url":"https:\/\/bbqentertainment.com\/toode\/smart-charcoal-3-kg-kott\/","og_site_name":"BBQ Entertainment","article_publisher":"https:\/\/www.facebook.com\/BBQ-Entertainment-N-Catering-2437913376443540","article_modified_time":"2026-03-07T21:35:08+00:00","og_image":[{"width":1200,"height":1200,"url":"https:\/\/bbqentertainment.com\/wp-content\/uploads\/2021\/11\/SMART-CHARCOAL-BBQ-brigett-grillsusi.jpg","type":"image\/jpeg"}],"twitter_card":"summary_large_image","twitter_misc":{"Est. reading time":"1 minute"},"schema":{"@context":"https:\/\/schema.org","@graph":[{"@type":["WebPage","ItemPage"],"@id":"https:\/\/bbqentertainment.com\/toode\/smart-charcoal-3-kg-kott\/","url":"https:\/\/bbqentertainment.com\/toode\/smart-charcoal-3-kg-kott\/","name":"Smart Charcoal brigett-grills\u00fcsi 3 kg kott - BBQ Entertainment","isPartOf":{"@id":"https:\/\/bbqentertainment.com\/#website"},"primaryImageOfPage":{"@id":"https:\/\/bbqentertainment.com\/toode\/smart-charcoal-3-kg-kott\/#primaryimage"},"image":{"@id":"https:\/\/bbqentertainment.com\/toode\/smart-charcoal-3-kg-kott\/#primaryimage"},"thumbnailUrl":"https:\/\/bbqentertainment.com\/wp-content\/uploads\/2021\/11\/SMART-CHARCOAL-BBQ-brigett-grillsusi.jpg","datePublished":"2021-11-04T22:21:27+00:00","dateModified":"2026-03-07T21:35:08+00:00","breadcrumb":{"@id":"https:\/\/bbqentertainment.com\/toode\/smart-charcoal-3-kg-kott\/#breadcrumb"},"inLanguage":"en-US","potentialAction":[{"@type":"ReadAction","target":["https:\/\/bbqentertainment.com\/toode\/smart-charcoal-3-kg-kott\/"]}]},{"@type":"ImageObject","inLanguage":"en-US","@id":"https:\/\/bbqentertainment.com\/toode\/smart-charcoal-3-kg-kott\/#primaryimage","url":"https:\/\/bbqentertainment.com\/wp-content\/uploads\/2021\/11\/SMART-CHARCOAL-BBQ-brigett-grillsusi.jpg","contentUrl":"https:\/\/bbqentertainment.com\/wp-content\/uploads\/2021\/11\/SMART-CHARCOAL-BBQ-brigett-grillsusi.jpg","width":1200,"height":1200},{"@type":"BreadcrumbList","@id":"https:\/\/bbqentertainment.com\/toode\/smart-charcoal-3-kg-kott\/#breadcrumb","itemListElement":[{"@type":"ListItem","position":1,"name":"AVALEHT","item":"https:\/\/bbqentertainment.com\/en\/"},{"@type":"ListItem","position":2,"name":"Tooted","item":"https:\/\/bbqentertainment.com\/tooted\/"},{"@type":"ListItem","position":3,"name":"K\u00fcte","item":"https:\/\/bbqentertainment.com\/tootekategooria\/grillsusi\/"},{"@type":"ListItem","position":4,"name":"Eksootilised grills\u00f6ed","item":"https:\/\/bbqentertainment.com\/tootekategooria\/grillsusi\/eksootilised-grillsoed\/"},{"@type":"ListItem","position":5,"name":"Smart Charcoal brigett-grills\u00fcsi 3 kg kott"}]},{"@type":"WebSite","@id":"https:\/\/bbqentertainment.com\/#website","url":"https:\/\/bbqentertainment.com\/","name":"BBQ Entertainment","description":"BBQ is a great lifestyle, not just fun!","publisher":{"@id":"https:\/\/bbqentertainment.com\/#organization"},"potentialAction":[{"@type":"SearchAction","target":{"@type":"EntryPoint","urlTemplate":"https:\/\/bbqentertainment.com\/?s={search_term_string}"},"query-input":{"@type":"PropertyValueSpecification","valueRequired":true,"valueName":"search_term_string"}}],"inLanguage":"en-US"},{"@type":"Organization","@id":"https:\/\/bbqentertainment.com\/#organization","name":"BBQ Entertainment O\u00dc","url":"https:\/\/bbqentertainment.com\/","logo":{"@type":"ImageObject","inLanguage":"en-US","@id":"https:\/\/bbqentertainment.com\/#\/schema\/logo\/image\/","url":"https:\/\/bbqentertainment.com\/wp-content\/uploads\/2020\/04\/BBQ-Entertainment-N-Catering-Enn-Tobreluts-Logo.png","contentUrl":"https:\/\/bbqentertainment.com\/wp-content\/uploads\/2020\/04\/BBQ-Entertainment-N-Catering-Enn-Tobreluts-Logo.png","width":628,"height":266,"caption":"BBQ Entertainment O\u00dc"},"image":{"@id":"https:\/\/bbqentertainment.com\/#\/schema\/logo\/image\/"},"sameAs":["https:\/\/www.facebook.com\/BBQ-Entertainment-N-Catering-2437913376443540","https:\/\/www.instagram.com\/bbqentertainmentncatering\/","https:\/\/www.youtube.com\/channel\/UCmpuANQVhLy2Md8nrenp2jA"]}]}},"_links":{"self":[{"href":"https:\/\/bbqentertainment.com\/en\/wp-json\/wp\/v2\/product\/237201","targetHints":{"allow":["GET"]}}],"collection":[{"href":"https:\/\/bbqentertainment.com\/en\/wp-json\/wp\/v2\/product"}],"about":[{"href":"https:\/\/bbqentertainment.com\/en\/wp-json\/wp\/v2\/types\/product"}],"wp:featuredmedia":[{"embeddable":true,"href":"https:\/\/bbqentertainment.com\/en\/wp-json\/wp\/v2\/media\/237196"}],"wp:attachment":[{"href":"https:\/\/bbqentertainment.com\/en\/wp-json\/wp\/v2\/media?parent=237201"}],"wp:term":[{"taxonomy":"product_brand","embeddable":true,"href":"https:\/\/bbqentertainment.com\/en\/wp-json\/wp\/v2\/product_brand?post=237201"},{"taxonomy":"product_cat","embeddable":true,"href":"https:\/\/bbqentertainment.com\/en\/wp-json\/wp\/v2\/product_cat?post=237201"},{"taxonomy":"product_tag","embeddable":true,"href":"https:\/\/bbqentertainment.com\/en\/wp-json\/wp\/v2\/product_tag?post=237201"}],"curies":[{"name":"wp","href":"https:\/\/api.w.org\/{rel}","templated":true}]}}