{"id":237440,"date":"2021-11-07T05:52:41","date_gmt":"2021-11-07T03:52:41","guid":{"rendered":"https:\/\/bbqentertainment.com\/?post_type=product&#038;p=237440"},"modified":"2026-04-09T13:10:52","modified_gmt":"2026-04-09T10:10:52","slug":"eti-bluedot-bluetooth","status":"publish","type":"product","link":"https:\/\/bbqentertainment.com\/en\/toode\/eti-bluedot-bluetooth\/","title":{"rendered":"ETI BLUEDOT BBQ Bluetooth traatjuhtmega termomeeter (alarmiga, tumehall)"},"content":{"rendered":"","protected":false},"excerpt":{"rendered":"<h3><span style=\"color: #282828;\"><strong>ETI BLUEDOT BBQ Bluetooth traatjuhtmega termomeeter (alarmiga, tumehall) (-50\u00b0C\u2026+300\u00b0C, \u00b11\u00b0C)<\/strong><\/span><\/h3>\n<ul>\n<li><span style=\"color: #282828;\">Ideaalne nii praeahjus, grillahjus kui BBQ ahjus kasutamiseks<\/span><\/li>\n<li><span style=\"color: #282828;\">Mugav bluetooth juhtimine (version 4.1), leviala 25 meetrit<\/span><\/li>\n<li>Aku kestvus 500 tundi kui kasutada bluetoothi ja alarmi<\/li>\n<li>Pritsmekindel, m\u00f5eldud kasutamiseks professionaalsel eesm\u00e4rgil<\/li>\n<li>Suured taustvalgustusega ekraaninumbrid on kaugelt n\u00e4ha<\/li>\n<li>M\u00f5\u00f5dud 24 x \u00d880 mm. Garantii 1 aasta.<\/li>\n<li><span style=\"color: #282828;\">BBQ Entertainment O\u00dc on ETI termomeetrite eksklusiivne maaletooja Eestis alates aastast 2012.<\/span><\/li>\n<li><span style=\"color: #282828;\">Vaata ka ETI <span style=\"color: #0000ff;\"><a style=\"color: #0000ff;\" href=\"https:\/\/eti1.co.uk\/2021_catalogue\/ETI_Main%20Catalogue%202021_unpriced.pdf\" target=\"_blank\" rel=\"noopener\">cateringi ja t\u00f6\u00f6stuslike termomeetrite kataloogi<\/a><\/span> ja <span style=\"color: #0000ff;\"><a style=\"color: #0000ff;\" href=\"https:\/\/eti1.co.uk\/2021_catalogue\/sections\/unpriced\/CateringSectionMain_Unpriced.pdf\" target=\"_blank\" rel=\"noopener\">Thermapen\u2019ide kataloogi<\/a><\/span>.<\/span><\/li>\n<\/ul>\n","protected":false},"featured_media":237397,"template":"","meta":{"inline_featured_image":false},"product_brand":[],"product_cat":[92,479,24],"product_tag":[],"class_list":{"0":"post-237440","1":"product","2":"type-product","3":"status-publish","4":"has-post-thumbnail","6":"product_cat-lisatarvikud","7":"product_cat-grillitarvikud","8":"product_cat-termomeetrid","10":"first","11":"instock","12":"taxable","13":"shipping-taxable","14":"purchasable","15":"product-type-simple"},"yoast_head":"<!-- This site is optimized with the Yoast SEO plugin v27.4 - https:\/\/yoast.com\/product\/yoast-seo-wordpress\/ -->\n<title>ETI BLUEDOT BBQ Bluetooth traatjuhtmega termomeeter (alarmiga, tumehall) - BBQ Entertainment<\/title>\n<meta name=\"robots\" content=\"index, follow, max-snippet:-1, max-image-preview:large, max-video-preview:-1\" \/>\n<link rel=\"canonical\" href=\"https:\/\/bbqentertainment.com\/toode\/eti-bluedot-bluetooth\/\" \/>\n<meta property=\"og:locale\" content=\"en_US\" \/>\n<meta property=\"og:type\" content=\"article\" \/>\n<meta property=\"og:title\" content=\"ETI BLUEDOT BBQ Bluetooth traatjuhtmega termomeeter (alarmiga, tumehall) - BBQ Entertainment\" \/>\n<meta property=\"og:description\" content=\"ETI BLUEDOT BBQ Bluetooth traatjuhtmega termomeeter (alarmiga, tumehall) (-50\u00b0C\u2026+300\u00b0C, \u00b11\u00b0C)   Ideaalne nii praeahjus, grillahjus kui BBQ ahjus kasutamiseks  Mugav bluetooth juhtimine (version 4.1), leviala 25 meetrit  Aku kestvus 500 tundi kui kasutada bluetoothi ja alarmi  Pritsmekindel, m\u00f5eldud kasutamiseks professionaalsel eesm\u00e4rgil  Suured taustvalgustusega ekraaninumbrid on kaugelt n\u00e4ha  M\u00f5\u00f5dud 24 x \u00d880 mm. Garantii 1 aasta.  BBQ Entertainment O\u00dc on ETI termomeetrite eksklusiivne maaletooja Eestis alates aastast 2012.  Vaata ka ETI cateringi ja t\u00f6\u00f6stuslike termomeetrite kataloogi ja Thermapen\u2019ide kataloogi.\" \/>\n<meta property=\"og:url\" content=\"https:\/\/bbqentertainment.com\/toode\/eti-bluedot-bluetooth\/\" \/>\n<meta property=\"og:site_name\" content=\"BBQ Entertainment\" \/>\n<meta property=\"article:publisher\" content=\"https:\/\/www.facebook.com\/BBQ-Entertainment-N-Catering-2437913376443540\" \/>\n<meta property=\"article:modified_time\" content=\"2026-04-09T10:10:52+00:00\" \/>\n<meta property=\"og:image\" content=\"https:\/\/bbqentertainment.com\/wp-content\/uploads\/2021\/11\/ETI-BLUEDOT-BBQ-Bluetooth-Thermometer-alarmiga.jpg\" \/>\n\t<meta property=\"og:image:width\" content=\"1200\" \/>\n\t<meta property=\"og:image:height\" content=\"1200\" \/>\n\t<meta property=\"og:image:type\" content=\"image\/jpeg\" \/>\n<meta name=\"twitter:card\" content=\"summary_large_image\" \/>\n<script type=\"application\/ld+json\" class=\"yoast-schema-graph\">{\"@context\":\"https:\\\/\\\/schema.org\",\"@graph\":[{\"@type\":[\"WebPage\",\"ItemPage\"],\"@id\":\"https:\\\/\\\/bbqentertainment.com\\\/toode\\\/eti-bluedot-bluetooth\\\/\",\"url\":\"https:\\\/\\\/bbqentertainment.com\\\/toode\\\/eti-bluedot-bluetooth\\\/\",\"name\":\"ETI BLUEDOT BBQ Bluetooth traatjuhtmega termomeeter (alarmiga, tumehall) - BBQ Entertainment\",\"isPartOf\":{\"@id\":\"https:\\\/\\\/bbqentertainment.com\\\/#website\"},\"primaryImageOfPage\":{\"@id\":\"https:\\\/\\\/bbqentertainment.com\\\/toode\\\/eti-bluedot-bluetooth\\\/#primaryimage\"},\"image\":{\"@id\":\"https:\\\/\\\/bbqentertainment.com\\\/toode\\\/eti-bluedot-bluetooth\\\/#primaryimage\"},\"thumbnailUrl\":\"https:\\\/\\\/bbqentertainment.com\\\/wp-content\\\/uploads\\\/2021\\\/11\\\/ETI-BLUEDOT-BBQ-Bluetooth-Thermometer-alarmiga.jpg\",\"datePublished\":\"2021-11-07T03:52:41+00:00\",\"dateModified\":\"2026-04-09T10:10:52+00:00\",\"breadcrumb\":{\"@id\":\"https:\\\/\\\/bbqentertainment.com\\\/toode\\\/eti-bluedot-bluetooth\\\/#breadcrumb\"},\"inLanguage\":\"en-US\",\"potentialAction\":[{\"@type\":\"ReadAction\",\"target\":[\"https:\\\/\\\/bbqentertainment.com\\\/toode\\\/eti-bluedot-bluetooth\\\/\"]}]},{\"@type\":\"ImageObject\",\"inLanguage\":\"en-US\",\"@id\":\"https:\\\/\\\/bbqentertainment.com\\\/toode\\\/eti-bluedot-bluetooth\\\/#primaryimage\",\"url\":\"https:\\\/\\\/bbqentertainment.com\\\/wp-content\\\/uploads\\\/2021\\\/11\\\/ETI-BLUEDOT-BBQ-Bluetooth-Thermometer-alarmiga.jpg\",\"contentUrl\":\"https:\\\/\\\/bbqentertainment.com\\\/wp-content\\\/uploads\\\/2021\\\/11\\\/ETI-BLUEDOT-BBQ-Bluetooth-Thermometer-alarmiga.jpg\",\"width\":1200,\"height\":1200},{\"@type\":\"BreadcrumbList\",\"@id\":\"https:\\\/\\\/bbqentertainment.com\\\/toode\\\/eti-bluedot-bluetooth\\\/#breadcrumb\",\"itemListElement\":[{\"@type\":\"ListItem\",\"position\":1,\"name\":\"AVALEHT\",\"item\":\"https:\\\/\\\/bbqentertainment.com\\\/en\\\/\"},{\"@type\":\"ListItem\",\"position\":2,\"name\":\"Tooted\",\"item\":\"https:\\\/\\\/bbqentertainment.com\\\/tooted\\\/\"},{\"@type\":\"ListItem\",\"position\":3,\"name\":\"Lisatarvikud\",\"item\":\"https:\\\/\\\/bbqentertainment.com\\\/tootekategooria\\\/lisatarvikud\\\/\"},{\"@type\":\"ListItem\",\"position\":4,\"name\":\"Termomeetrid\",\"item\":\"https:\\\/\\\/bbqentertainment.com\\\/tootekategooria\\\/lisatarvikud\\\/termomeetrid\\\/\"},{\"@type\":\"ListItem\",\"position\":5,\"name\":\"ETI BLUEDOT BBQ Bluetooth traatjuhtmega termomeeter (alarmiga, tumehall)\"}]},{\"@type\":\"WebSite\",\"@id\":\"https:\\\/\\\/bbqentertainment.com\\\/#website\",\"url\":\"https:\\\/\\\/bbqentertainment.com\\\/\",\"name\":\"BBQ Entertainment\",\"description\":\"BBQ is a great lifestyle, not just fun!\",\"publisher\":{\"@id\":\"https:\\\/\\\/bbqentertainment.com\\\/#organization\"},\"potentialAction\":[{\"@type\":\"SearchAction\",\"target\":{\"@type\":\"EntryPoint\",\"urlTemplate\":\"https:\\\/\\\/bbqentertainment.com\\\/?s={search_term_string}\"},\"query-input\":{\"@type\":\"PropertyValueSpecification\",\"valueRequired\":true,\"valueName\":\"search_term_string\"}}],\"inLanguage\":\"en-US\"},{\"@type\":\"Organization\",\"@id\":\"https:\\\/\\\/bbqentertainment.com\\\/#organization\",\"name\":\"BBQ Entertainment O\u00dc\",\"url\":\"https:\\\/\\\/bbqentertainment.com\\\/\",\"logo\":{\"@type\":\"ImageObject\",\"inLanguage\":\"en-US\",\"@id\":\"https:\\\/\\\/bbqentertainment.com\\\/#\\\/schema\\\/logo\\\/image\\\/\",\"url\":\"https:\\\/\\\/bbqentertainment.com\\\/wp-content\\\/uploads\\\/2020\\\/04\\\/BBQ-Entertainment-N-Catering-Enn-Tobreluts-Logo.png\",\"contentUrl\":\"https:\\\/\\\/bbqentertainment.com\\\/wp-content\\\/uploads\\\/2020\\\/04\\\/BBQ-Entertainment-N-Catering-Enn-Tobreluts-Logo.png\",\"width\":628,\"height\":266,\"caption\":\"BBQ Entertainment O\u00dc\"},\"image\":{\"@id\":\"https:\\\/\\\/bbqentertainment.com\\\/#\\\/schema\\\/logo\\\/image\\\/\"},\"sameAs\":[\"https:\\\/\\\/www.facebook.com\\\/BBQ-Entertainment-N-Catering-2437913376443540\",\"https:\\\/\\\/www.instagram.com\\\/bbqentertainmentncatering\\\/\",\"https:\\\/\\\/www.youtube.com\\\/channel\\\/UCmpuANQVhLy2Md8nrenp2jA\"]}]}<\/script>\n<!-- \/ Yoast SEO plugin. -->","yoast_head_json":{"title":"ETI BLUEDOT BBQ Bluetooth traatjuhtmega termomeeter (alarmiga, tumehall) - BBQ Entertainment","robots":{"index":"index","follow":"follow","max-snippet":"max-snippet:-1","max-image-preview":"max-image-preview:large","max-video-preview":"max-video-preview:-1"},"canonical":"https:\/\/bbqentertainment.com\/toode\/eti-bluedot-bluetooth\/","og_locale":"en_US","og_type":"article","og_title":"ETI BLUEDOT BBQ Bluetooth traatjuhtmega termomeeter (alarmiga, tumehall) - BBQ Entertainment","og_description":"ETI BLUEDOT BBQ Bluetooth traatjuhtmega termomeeter (alarmiga, tumehall) (-50\u00b0C\u2026+300\u00b0C, \u00b11\u00b0C)   Ideaalne nii praeahjus, grillahjus kui BBQ ahjus kasutamiseks  Mugav bluetooth juhtimine (version 4.1), leviala 25 meetrit  Aku kestvus 500 tundi kui kasutada bluetoothi ja alarmi  Pritsmekindel, m\u00f5eldud kasutamiseks professionaalsel eesm\u00e4rgil  Suured taustvalgustusega ekraaninumbrid on kaugelt n\u00e4ha  M\u00f5\u00f5dud 24 x \u00d880 mm. Garantii 1 aasta.  BBQ Entertainment O\u00dc on ETI termomeetrite eksklusiivne maaletooja Eestis alates aastast 2012.  Vaata ka ETI cateringi ja t\u00f6\u00f6stuslike termomeetrite kataloogi ja Thermapen\u2019ide kataloogi.","og_url":"https:\/\/bbqentertainment.com\/toode\/eti-bluedot-bluetooth\/","og_site_name":"BBQ Entertainment","article_publisher":"https:\/\/www.facebook.com\/BBQ-Entertainment-N-Catering-2437913376443540","article_modified_time":"2026-04-09T10:10:52+00:00","og_image":[{"width":1200,"height":1200,"url":"https:\/\/bbqentertainment.com\/wp-content\/uploads\/2021\/11\/ETI-BLUEDOT-BBQ-Bluetooth-Thermometer-alarmiga.jpg","type":"image\/jpeg"}],"twitter_card":"summary_large_image","schema":{"@context":"https:\/\/schema.org","@graph":[{"@type":["WebPage","ItemPage"],"@id":"https:\/\/bbqentertainment.com\/toode\/eti-bluedot-bluetooth\/","url":"https:\/\/bbqentertainment.com\/toode\/eti-bluedot-bluetooth\/","name":"ETI BLUEDOT BBQ Bluetooth traatjuhtmega termomeeter (alarmiga, tumehall) - BBQ Entertainment","isPartOf":{"@id":"https:\/\/bbqentertainment.com\/#website"},"primaryImageOfPage":{"@id":"https:\/\/bbqentertainment.com\/toode\/eti-bluedot-bluetooth\/#primaryimage"},"image":{"@id":"https:\/\/bbqentertainment.com\/toode\/eti-bluedot-bluetooth\/#primaryimage"},"thumbnailUrl":"https:\/\/bbqentertainment.com\/wp-content\/uploads\/2021\/11\/ETI-BLUEDOT-BBQ-Bluetooth-Thermometer-alarmiga.jpg","datePublished":"2021-11-07T03:52:41+00:00","dateModified":"2026-04-09T10:10:52+00:00","breadcrumb":{"@id":"https:\/\/bbqentertainment.com\/toode\/eti-bluedot-bluetooth\/#breadcrumb"},"inLanguage":"en-US","potentialAction":[{"@type":"ReadAction","target":["https:\/\/bbqentertainment.com\/toode\/eti-bluedot-bluetooth\/"]}]},{"@type":"ImageObject","inLanguage":"en-US","@id":"https:\/\/bbqentertainment.com\/toode\/eti-bluedot-bluetooth\/#primaryimage","url":"https:\/\/bbqentertainment.com\/wp-content\/uploads\/2021\/11\/ETI-BLUEDOT-BBQ-Bluetooth-Thermometer-alarmiga.jpg","contentUrl":"https:\/\/bbqentertainment.com\/wp-content\/uploads\/2021\/11\/ETI-BLUEDOT-BBQ-Bluetooth-Thermometer-alarmiga.jpg","width":1200,"height":1200},{"@type":"BreadcrumbList","@id":"https:\/\/bbqentertainment.com\/toode\/eti-bluedot-bluetooth\/#breadcrumb","itemListElement":[{"@type":"ListItem","position":1,"name":"AVALEHT","item":"https:\/\/bbqentertainment.com\/en\/"},{"@type":"ListItem","position":2,"name":"Tooted","item":"https:\/\/bbqentertainment.com\/tooted\/"},{"@type":"ListItem","position":3,"name":"Lisatarvikud","item":"https:\/\/bbqentertainment.com\/tootekategooria\/lisatarvikud\/"},{"@type":"ListItem","position":4,"name":"Termomeetrid","item":"https:\/\/bbqentertainment.com\/tootekategooria\/lisatarvikud\/termomeetrid\/"},{"@type":"ListItem","position":5,"name":"ETI BLUEDOT BBQ Bluetooth traatjuhtmega termomeeter (alarmiga, tumehall)"}]},{"@type":"WebSite","@id":"https:\/\/bbqentertainment.com\/#website","url":"https:\/\/bbqentertainment.com\/","name":"BBQ Entertainment","description":"BBQ is a great lifestyle, not just fun!","publisher":{"@id":"https:\/\/bbqentertainment.com\/#organization"},"potentialAction":[{"@type":"SearchAction","target":{"@type":"EntryPoint","urlTemplate":"https:\/\/bbqentertainment.com\/?s={search_term_string}"},"query-input":{"@type":"PropertyValueSpecification","valueRequired":true,"valueName":"search_term_string"}}],"inLanguage":"en-US"},{"@type":"Organization","@id":"https:\/\/bbqentertainment.com\/#organization","name":"BBQ Entertainment O\u00dc","url":"https:\/\/bbqentertainment.com\/","logo":{"@type":"ImageObject","inLanguage":"en-US","@id":"https:\/\/bbqentertainment.com\/#\/schema\/logo\/image\/","url":"https:\/\/bbqentertainment.com\/wp-content\/uploads\/2020\/04\/BBQ-Entertainment-N-Catering-Enn-Tobreluts-Logo.png","contentUrl":"https:\/\/bbqentertainment.com\/wp-content\/uploads\/2020\/04\/BBQ-Entertainment-N-Catering-Enn-Tobreluts-Logo.png","width":628,"height":266,"caption":"BBQ Entertainment O\u00dc"},"image":{"@id":"https:\/\/bbqentertainment.com\/#\/schema\/logo\/image\/"},"sameAs":["https:\/\/www.facebook.com\/BBQ-Entertainment-N-Catering-2437913376443540","https:\/\/www.instagram.com\/bbqentertainmentncatering\/","https:\/\/www.youtube.com\/channel\/UCmpuANQVhLy2Md8nrenp2jA"]}]}},"_links":{"self":[{"href":"https:\/\/bbqentertainment.com\/en\/wp-json\/wp\/v2\/product\/237440","targetHints":{"allow":["GET"]}}],"collection":[{"href":"https:\/\/bbqentertainment.com\/en\/wp-json\/wp\/v2\/product"}],"about":[{"href":"https:\/\/bbqentertainment.com\/en\/wp-json\/wp\/v2\/types\/product"}],"wp:featuredmedia":[{"embeddable":true,"href":"https:\/\/bbqentertainment.com\/en\/wp-json\/wp\/v2\/media\/237397"}],"wp:attachment":[{"href":"https:\/\/bbqentertainment.com\/en\/wp-json\/wp\/v2\/media?parent=237440"}],"wp:term":[{"taxonomy":"product_brand","embeddable":true,"href":"https:\/\/bbqentertainment.com\/en\/wp-json\/wp\/v2\/product_brand?post=237440"},{"taxonomy":"product_cat","embeddable":true,"href":"https:\/\/bbqentertainment.com\/en\/wp-json\/wp\/v2\/product_cat?post=237440"},{"taxonomy":"product_tag","embeddable":true,"href":"https:\/\/bbqentertainment.com\/en\/wp-json\/wp\/v2\/product_tag?post=237440"}],"curies":[{"name":"wp","href":"https:\/\/api.w.org\/{rel}","templated":true}]}}