{"id":237445,"date":"2021-11-07T06:30:31","date_gmt":"2021-11-07T04:30:31","guid":{"rendered":"https:\/\/bbqentertainment.com\/?post_type=product&#038;p=237445"},"modified":"2026-04-15T17:55:55","modified_gmt":"2026-04-15T14:55:55","slug":"eti-signals4channel-wifi-bluetooth","status":"publish","type":"product","link":"https:\/\/bbqentertainment.com\/en\/toode\/eti-signals4channel-wifi-bluetooth\/","title":{"rendered":"ETI SIGNALS 4 Channel WIFI &amp; BLUETOOTH BBQ Thermometer KIT"},"content":{"rendered":"","protected":false},"excerpt":{"rendered":"<h3><span style=\"color: #282828\"><strong>ETI SIGNALS 4 Channel WIFI &amp; BLUETOOTH BBQ Thermometer KIT (-50\u00b0C&#8230;+300\u00b0C, \u00b11\u00b0C)<\/strong><\/span><\/h3>\n<ul>\n<li>Sisseehitatud wifi ja bluetooth<\/li>\n<li>Saab \u00fcheaegselt kasutada nelja sondi (v\u00e4rvikoodiga sondiribad)<\/li>\n<li>Saab \u00fchendada nutiseadmega v\u00f5i kasutada eraldiseisvat<\/li>\n<li>Veekindel IP66, aku kestvus 16 tundi<\/li>\n<li>Komplektis kokku 4 sondi (3 x 810-071) ja (1 x 810-076)<\/li>\n<li>M\u00f5eldud kasutamiseks professionaalsel eesm\u00e4rgil<\/li>\n<li>M\u00f5\u00f5dud 83 x 132 x 49 mm. Garantii 2 aastat.<\/li>\n<li><span style=\"color: #282828\">BBQ Entertainment O\u00dc on ETI termomeetrite eksklusiivne maaletooja Eestis alates aastast 2012.<\/span><\/li>\n<li><span style=\"color: #282828\">Vaata ka ETI <span style=\"color: #0000ff\"><a style=\"color: #0000ff\" href=\"https:\/\/eti1.co.uk\/2021_catalogue\/ETI_Main%20Catalogue%202021_unpriced.pdf\" target=\"_blank\" rel=\"noopener\">cateringi ja t\u00f6\u00f6stuslike termomeetrite kataloogi<\/a><\/span> ja <span style=\"color: #0000ff\"><a style=\"color: #0000ff\" href=\"https:\/\/eti1.co.uk\/2021_catalogue\/sections\/unpriced\/CateringSectionMain_Unpriced.pdf\" target=\"_blank\" rel=\"noopener\">Thermapen&#8217;ide kataloogi<\/a><\/span>.<\/span><\/li>\n<\/ul>\n","protected":false},"featured_media":237419,"template":"","meta":{"inline_featured_image":false},"product_brand":[],"product_cat":[92,479,24],"product_tag":[],"class_list":{"0":"post-237445","1":"product","2":"type-product","3":"status-publish","4":"has-post-thumbnail","6":"product_cat-lisatarvikud","7":"product_cat-grillitarvikud","8":"product_cat-termomeetrid","10":"first","11":"instock","12":"taxable","13":"shipping-taxable","14":"purchasable","15":"product-type-simple"},"yoast_head":"<!-- This site is optimized with the Yoast SEO plugin v27.4 - https:\/\/yoast.com\/product\/yoast-seo-wordpress\/ -->\n<title>ETI SIGNALS 4 Channel WIFI &amp; BLUETOOTH BBQ Thermometer KIT - BBQ Entertainment<\/title>\n<meta name=\"robots\" content=\"index, follow, max-snippet:-1, max-image-preview:large, max-video-preview:-1\" \/>\n<link rel=\"canonical\" href=\"https:\/\/bbqentertainment.com\/toode\/eti-signals4channel-wifi-bluetooth\/\" \/>\n<meta property=\"og:locale\" content=\"en_US\" \/>\n<meta property=\"og:type\" content=\"article\" \/>\n<meta property=\"og:title\" content=\"ETI SIGNALS 4 Channel WIFI &amp; BLUETOOTH BBQ Thermometer KIT - BBQ Entertainment\" \/>\n<meta property=\"og:description\" content=\"ETI SIGNALS 4 Channel WIFI &amp; BLUETOOTH BBQ Thermometer KIT (-50\u00b0C&#8230;+300\u00b0C, \u00b11\u00b0C) Sisseehitatud wifi ja bluetooth Saab \u00fcheaegselt kasutada nelja sondi (v\u00e4rvikoodiga sondiribad) Saab \u00fchendada nutiseadmega v\u00f5i kasutada eraldiseisvat Veekindel IP66, aku kestvus 16 tundi Komplektis kokku 4 sondi (3 x 810-071) ja (1 x 810-076) M\u00f5eldud kasutamiseks professionaalsel eesm\u00e4rgil M\u00f5\u00f5dud 83 x 132 x 49 mm. Garantii 2 aastat. BBQ Entertainment O\u00dc on ETI termomeetrite eksklusiivne maaletooja Eestis alates aastast 2012. Vaata ka ETI cateringi ja t\u00f6\u00f6stuslike termomeetrite kataloogi ja Thermapen&#8217;ide kataloogi.\" \/>\n<meta property=\"og:url\" content=\"https:\/\/bbqentertainment.com\/toode\/eti-signals4channel-wifi-bluetooth\/\" \/>\n<meta property=\"og:site_name\" content=\"BBQ Entertainment\" \/>\n<meta property=\"article:publisher\" content=\"https:\/\/www.facebook.com\/BBQ-Entertainment-N-Catering-2437913376443540\" \/>\n<meta property=\"article:modified_time\" content=\"2026-04-15T14:55:55+00:00\" \/>\n<meta property=\"og:image\" content=\"https:\/\/bbqentertainment.com\/wp-content\/uploads\/2021\/11\/ETI-SIGNALS-4-Channel-WIFI-BLUETOOTH-Thermometer.jpg\" \/>\n\t<meta property=\"og:image:width\" content=\"1200\" \/>\n\t<meta property=\"og:image:height\" content=\"1200\" \/>\n\t<meta property=\"og:image:type\" content=\"image\/jpeg\" \/>\n<meta name=\"twitter:card\" content=\"summary_large_image\" \/>\n<script type=\"application\/ld+json\" class=\"yoast-schema-graph\">{\"@context\":\"https:\\\/\\\/schema.org\",\"@graph\":[{\"@type\":[\"WebPage\",\"ItemPage\"],\"@id\":\"https:\\\/\\\/bbqentertainment.com\\\/toode\\\/eti-signals4channel-wifi-bluetooth\\\/\",\"url\":\"https:\\\/\\\/bbqentertainment.com\\\/toode\\\/eti-signals4channel-wifi-bluetooth\\\/\",\"name\":\"ETI SIGNALS 4 Channel WIFI &amp; BLUETOOTH BBQ Thermometer KIT - BBQ Entertainment\",\"isPartOf\":{\"@id\":\"https:\\\/\\\/bbqentertainment.com\\\/#website\"},\"primaryImageOfPage\":{\"@id\":\"https:\\\/\\\/bbqentertainment.com\\\/toode\\\/eti-signals4channel-wifi-bluetooth\\\/#primaryimage\"},\"image\":{\"@id\":\"https:\\\/\\\/bbqentertainment.com\\\/toode\\\/eti-signals4channel-wifi-bluetooth\\\/#primaryimage\"},\"thumbnailUrl\":\"https:\\\/\\\/bbqentertainment.com\\\/wp-content\\\/uploads\\\/2021\\\/11\\\/ETI-SIGNALS-4-Channel-WIFI-BLUETOOTH-Thermometer.jpg\",\"datePublished\":\"2021-11-07T04:30:31+00:00\",\"dateModified\":\"2026-04-15T14:55:55+00:00\",\"breadcrumb\":{\"@id\":\"https:\\\/\\\/bbqentertainment.com\\\/toode\\\/eti-signals4channel-wifi-bluetooth\\\/#breadcrumb\"},\"inLanguage\":\"en-US\",\"potentialAction\":[{\"@type\":\"ReadAction\",\"target\":[\"https:\\\/\\\/bbqentertainment.com\\\/toode\\\/eti-signals4channel-wifi-bluetooth\\\/\"]}]},{\"@type\":\"ImageObject\",\"inLanguage\":\"en-US\",\"@id\":\"https:\\\/\\\/bbqentertainment.com\\\/toode\\\/eti-signals4channel-wifi-bluetooth\\\/#primaryimage\",\"url\":\"https:\\\/\\\/bbqentertainment.com\\\/wp-content\\\/uploads\\\/2021\\\/11\\\/ETI-SIGNALS-4-Channel-WIFI-BLUETOOTH-Thermometer.jpg\",\"contentUrl\":\"https:\\\/\\\/bbqentertainment.com\\\/wp-content\\\/uploads\\\/2021\\\/11\\\/ETI-SIGNALS-4-Channel-WIFI-BLUETOOTH-Thermometer.jpg\",\"width\":1200,\"height\":1200},{\"@type\":\"BreadcrumbList\",\"@id\":\"https:\\\/\\\/bbqentertainment.com\\\/toode\\\/eti-signals4channel-wifi-bluetooth\\\/#breadcrumb\",\"itemListElement\":[{\"@type\":\"ListItem\",\"position\":1,\"name\":\"AVALEHT\",\"item\":\"https:\\\/\\\/bbqentertainment.com\\\/en\\\/\"},{\"@type\":\"ListItem\",\"position\":2,\"name\":\"Tooted\",\"item\":\"https:\\\/\\\/bbqentertainment.com\\\/tooted\\\/\"},{\"@type\":\"ListItem\",\"position\":3,\"name\":\"Lisatarvikud\",\"item\":\"https:\\\/\\\/bbqentertainment.com\\\/tootekategooria\\\/lisatarvikud\\\/\"},{\"@type\":\"ListItem\",\"position\":4,\"name\":\"Termomeetrid\",\"item\":\"https:\\\/\\\/bbqentertainment.com\\\/tootekategooria\\\/lisatarvikud\\\/termomeetrid\\\/\"},{\"@type\":\"ListItem\",\"position\":5,\"name\":\"ETI SIGNALS 4 Channel WIFI &amp; BLUETOOTH BBQ Thermometer KIT\"}]},{\"@type\":\"WebSite\",\"@id\":\"https:\\\/\\\/bbqentertainment.com\\\/#website\",\"url\":\"https:\\\/\\\/bbqentertainment.com\\\/\",\"name\":\"BBQ Entertainment\",\"description\":\"BBQ is a great lifestyle, not just fun!\",\"publisher\":{\"@id\":\"https:\\\/\\\/bbqentertainment.com\\\/#organization\"},\"potentialAction\":[{\"@type\":\"SearchAction\",\"target\":{\"@type\":\"EntryPoint\",\"urlTemplate\":\"https:\\\/\\\/bbqentertainment.com\\\/?s={search_term_string}\"},\"query-input\":{\"@type\":\"PropertyValueSpecification\",\"valueRequired\":true,\"valueName\":\"search_term_string\"}}],\"inLanguage\":\"en-US\"},{\"@type\":\"Organization\",\"@id\":\"https:\\\/\\\/bbqentertainment.com\\\/#organization\",\"name\":\"BBQ Entertainment O\u00dc\",\"url\":\"https:\\\/\\\/bbqentertainment.com\\\/\",\"logo\":{\"@type\":\"ImageObject\",\"inLanguage\":\"en-US\",\"@id\":\"https:\\\/\\\/bbqentertainment.com\\\/#\\\/schema\\\/logo\\\/image\\\/\",\"url\":\"https:\\\/\\\/bbqentertainment.com\\\/wp-content\\\/uploads\\\/2020\\\/04\\\/BBQ-Entertainment-N-Catering-Enn-Tobreluts-Logo.png\",\"contentUrl\":\"https:\\\/\\\/bbqentertainment.com\\\/wp-content\\\/uploads\\\/2020\\\/04\\\/BBQ-Entertainment-N-Catering-Enn-Tobreluts-Logo.png\",\"width\":628,\"height\":266,\"caption\":\"BBQ Entertainment O\u00dc\"},\"image\":{\"@id\":\"https:\\\/\\\/bbqentertainment.com\\\/#\\\/schema\\\/logo\\\/image\\\/\"},\"sameAs\":[\"https:\\\/\\\/www.facebook.com\\\/BBQ-Entertainment-N-Catering-2437913376443540\",\"https:\\\/\\\/www.instagram.com\\\/bbqentertainmentncatering\\\/\",\"https:\\\/\\\/www.youtube.com\\\/channel\\\/UCmpuANQVhLy2Md8nrenp2jA\"]}]}<\/script>\n<!-- \/ Yoast SEO plugin. -->","yoast_head_json":{"title":"ETI SIGNALS 4 Channel WIFI &amp; BLUETOOTH BBQ Thermometer KIT - BBQ Entertainment","robots":{"index":"index","follow":"follow","max-snippet":"max-snippet:-1","max-image-preview":"max-image-preview:large","max-video-preview":"max-video-preview:-1"},"canonical":"https:\/\/bbqentertainment.com\/toode\/eti-signals4channel-wifi-bluetooth\/","og_locale":"en_US","og_type":"article","og_title":"ETI SIGNALS 4 Channel WIFI &amp; BLUETOOTH BBQ Thermometer KIT - BBQ Entertainment","og_description":"ETI SIGNALS 4 Channel WIFI &amp; BLUETOOTH BBQ Thermometer KIT (-50\u00b0C&#8230;+300\u00b0C, \u00b11\u00b0C) Sisseehitatud wifi ja bluetooth Saab \u00fcheaegselt kasutada nelja sondi (v\u00e4rvikoodiga sondiribad) Saab \u00fchendada nutiseadmega v\u00f5i kasutada eraldiseisvat Veekindel IP66, aku kestvus 16 tundi Komplektis kokku 4 sondi (3 x 810-071) ja (1 x 810-076) M\u00f5eldud kasutamiseks professionaalsel eesm\u00e4rgil M\u00f5\u00f5dud 83 x 132 x 49 mm. Garantii 2 aastat. BBQ Entertainment O\u00dc on ETI termomeetrite eksklusiivne maaletooja Eestis alates aastast 2012. Vaata ka ETI cateringi ja t\u00f6\u00f6stuslike termomeetrite kataloogi ja Thermapen&#8217;ide kataloogi.","og_url":"https:\/\/bbqentertainment.com\/toode\/eti-signals4channel-wifi-bluetooth\/","og_site_name":"BBQ Entertainment","article_publisher":"https:\/\/www.facebook.com\/BBQ-Entertainment-N-Catering-2437913376443540","article_modified_time":"2026-04-15T14:55:55+00:00","og_image":[{"width":1200,"height":1200,"url":"https:\/\/bbqentertainment.com\/wp-content\/uploads\/2021\/11\/ETI-SIGNALS-4-Channel-WIFI-BLUETOOTH-Thermometer.jpg","type":"image\/jpeg"}],"twitter_card":"summary_large_image","schema":{"@context":"https:\/\/schema.org","@graph":[{"@type":["WebPage","ItemPage"],"@id":"https:\/\/bbqentertainment.com\/toode\/eti-signals4channel-wifi-bluetooth\/","url":"https:\/\/bbqentertainment.com\/toode\/eti-signals4channel-wifi-bluetooth\/","name":"ETI SIGNALS 4 Channel WIFI &amp; BLUETOOTH BBQ Thermometer KIT - BBQ Entertainment","isPartOf":{"@id":"https:\/\/bbqentertainment.com\/#website"},"primaryImageOfPage":{"@id":"https:\/\/bbqentertainment.com\/toode\/eti-signals4channel-wifi-bluetooth\/#primaryimage"},"image":{"@id":"https:\/\/bbqentertainment.com\/toode\/eti-signals4channel-wifi-bluetooth\/#primaryimage"},"thumbnailUrl":"https:\/\/bbqentertainment.com\/wp-content\/uploads\/2021\/11\/ETI-SIGNALS-4-Channel-WIFI-BLUETOOTH-Thermometer.jpg","datePublished":"2021-11-07T04:30:31+00:00","dateModified":"2026-04-15T14:55:55+00:00","breadcrumb":{"@id":"https:\/\/bbqentertainment.com\/toode\/eti-signals4channel-wifi-bluetooth\/#breadcrumb"},"inLanguage":"en-US","potentialAction":[{"@type":"ReadAction","target":["https:\/\/bbqentertainment.com\/toode\/eti-signals4channel-wifi-bluetooth\/"]}]},{"@type":"ImageObject","inLanguage":"en-US","@id":"https:\/\/bbqentertainment.com\/toode\/eti-signals4channel-wifi-bluetooth\/#primaryimage","url":"https:\/\/bbqentertainment.com\/wp-content\/uploads\/2021\/11\/ETI-SIGNALS-4-Channel-WIFI-BLUETOOTH-Thermometer.jpg","contentUrl":"https:\/\/bbqentertainment.com\/wp-content\/uploads\/2021\/11\/ETI-SIGNALS-4-Channel-WIFI-BLUETOOTH-Thermometer.jpg","width":1200,"height":1200},{"@type":"BreadcrumbList","@id":"https:\/\/bbqentertainment.com\/toode\/eti-signals4channel-wifi-bluetooth\/#breadcrumb","itemListElement":[{"@type":"ListItem","position":1,"name":"AVALEHT","item":"https:\/\/bbqentertainment.com\/en\/"},{"@type":"ListItem","position":2,"name":"Tooted","item":"https:\/\/bbqentertainment.com\/tooted\/"},{"@type":"ListItem","position":3,"name":"Lisatarvikud","item":"https:\/\/bbqentertainment.com\/tootekategooria\/lisatarvikud\/"},{"@type":"ListItem","position":4,"name":"Termomeetrid","item":"https:\/\/bbqentertainment.com\/tootekategooria\/lisatarvikud\/termomeetrid\/"},{"@type":"ListItem","position":5,"name":"ETI SIGNALS 4 Channel WIFI &amp; BLUETOOTH BBQ Thermometer KIT"}]},{"@type":"WebSite","@id":"https:\/\/bbqentertainment.com\/#website","url":"https:\/\/bbqentertainment.com\/","name":"BBQ Entertainment","description":"BBQ is a great lifestyle, not just fun!","publisher":{"@id":"https:\/\/bbqentertainment.com\/#organization"},"potentialAction":[{"@type":"SearchAction","target":{"@type":"EntryPoint","urlTemplate":"https:\/\/bbqentertainment.com\/?s={search_term_string}"},"query-input":{"@type":"PropertyValueSpecification","valueRequired":true,"valueName":"search_term_string"}}],"inLanguage":"en-US"},{"@type":"Organization","@id":"https:\/\/bbqentertainment.com\/#organization","name":"BBQ Entertainment O\u00dc","url":"https:\/\/bbqentertainment.com\/","logo":{"@type":"ImageObject","inLanguage":"en-US","@id":"https:\/\/bbqentertainment.com\/#\/schema\/logo\/image\/","url":"https:\/\/bbqentertainment.com\/wp-content\/uploads\/2020\/04\/BBQ-Entertainment-N-Catering-Enn-Tobreluts-Logo.png","contentUrl":"https:\/\/bbqentertainment.com\/wp-content\/uploads\/2020\/04\/BBQ-Entertainment-N-Catering-Enn-Tobreluts-Logo.png","width":628,"height":266,"caption":"BBQ Entertainment O\u00dc"},"image":{"@id":"https:\/\/bbqentertainment.com\/#\/schema\/logo\/image\/"},"sameAs":["https:\/\/www.facebook.com\/BBQ-Entertainment-N-Catering-2437913376443540","https:\/\/www.instagram.com\/bbqentertainmentncatering\/","https:\/\/www.youtube.com\/channel\/UCmpuANQVhLy2Md8nrenp2jA"]}]}},"_links":{"self":[{"href":"https:\/\/bbqentertainment.com\/en\/wp-json\/wp\/v2\/product\/237445","targetHints":{"allow":["GET"]}}],"collection":[{"href":"https:\/\/bbqentertainment.com\/en\/wp-json\/wp\/v2\/product"}],"about":[{"href":"https:\/\/bbqentertainment.com\/en\/wp-json\/wp\/v2\/types\/product"}],"wp:featuredmedia":[{"embeddable":true,"href":"https:\/\/bbqentertainment.com\/en\/wp-json\/wp\/v2\/media\/237419"}],"wp:attachment":[{"href":"https:\/\/bbqentertainment.com\/en\/wp-json\/wp\/v2\/media?parent=237445"}],"wp:term":[{"taxonomy":"product_brand","embeddable":true,"href":"https:\/\/bbqentertainment.com\/en\/wp-json\/wp\/v2\/product_brand?post=237445"},{"taxonomy":"product_cat","embeddable":true,"href":"https:\/\/bbqentertainment.com\/en\/wp-json\/wp\/v2\/product_cat?post=237445"},{"taxonomy":"product_tag","embeddable":true,"href":"https:\/\/bbqentertainment.com\/en\/wp-json\/wp\/v2\/product_tag?post=237445"}],"curies":[{"name":"wp","href":"https:\/\/api.w.org\/{rel}","templated":true}]}}