{"id":237446,"date":"2021-11-07T06:41:46","date_gmt":"2021-11-07T04:41:46","guid":{"rendered":"https:\/\/bbqentertainment.com\/?post_type=product&#038;p=237446"},"modified":"2025-07-25T13:45:42","modified_gmt":"2025-07-25T10:45:42","slug":"eti-thermaq-wifi-bbq-thermometer-kit","status":"publish","type":"product","link":"https:\/\/bbqentertainment.com\/en\/toode\/eti-thermaq-wifi-bbq-thermometer-kit\/","title":{"rendered":"ETI THERMAQ WIFI Professional BBQ Thermometer KIT"},"content":{"rendered":"","protected":false},"excerpt":{"rendered":"<h3><span style=\"color: #282828\"><strong>ETI THERMAQ WIFI Professional BBQ Thermometer KIT (-100\u00b0C&#8230;+1372\u00b0C, \u00b10.1\u00b0C)<\/strong><\/span><\/h3>\n<ul>\n<li>Komplekt sisaldab sonde, silikoonkatet ja statiivi.<\/li>\n<li>Sisseehitatud wifi (saadab emaili automaatselt kui h\u00e4ire, programeeritav)<\/li>\n<li>Kasutajas\u00f5bralik l\u00e4bi tasuta\u00a0ThermaQ \u00e4pi<\/li>\n<li>Ideaalne ja ilmselt parim teadaolev maailmas, eriti hea just BBQ v\u00f5istkondadele kasutamiseks<\/li>\n<li>Saab \u00fcheaegselt kasutada kahte sondi (v\u00e4rvikoodiga sondiribad)<\/li>\n<li>Veekindel IP66, aku kestvus 12 kuud st 1 aasta<\/li>\n<li>M\u00e4lu saab salvestada kuni\u00a018000 lugemist<\/li>\n<li>M\u00f5eldud kasutamiseks professionaalsel eesm\u00e4rgil<\/li>\n<li>M\u00f5\u00f5dud 29 x 72.5 x 96\u00a0mm. Garantii 2 aastat.<\/li>\n<li>Toodetud Inglismaal<\/li>\n<li><span style=\"color: #282828\">BBQ Entertainment O\u00dc on ETI termomeetrite eksklusiivne maaletooja Eestis alates aastast 2012.<\/span><\/li>\n<li><span style=\"color: #282828\">Vaata ka ETI <span style=\"color: #0000ff\"><a style=\"color: #0000ff\" href=\"https:\/\/eti1.co.uk\/2021_catalogue\/ETI_Main%20Catalogue%202021_unpriced.pdf\" target=\"_blank\" rel=\"noopener\">cateringi ja t\u00f6\u00f6stuslike termomeetrite kataloogi<\/a><\/span> ja <span style=\"color: #0000ff\"><a style=\"color: #0000ff\" href=\"https:\/\/eti1.co.uk\/2021_catalogue\/sections\/unpriced\/CateringSectionMain_Unpriced.pdf\" target=\"_blank\" rel=\"noopener\">Thermapen&#8217;ide kataloogi<\/a><\/span>.<\/span><\/li>\n<\/ul>\n<p><span style=\"color: #282828\"><\/p>\n<div class=\"accordion-item\"><a href=\"#\" class=\"accordion-title plain\"><button class=\"toggle\"><i class=\"icon-angle-down\"><\/i><\/button><span>Komplekti kuulub<\/span><\/a><\/p>\n<div class=\"accordion-inner\"><\/span><\/p>\n<p><span style=\"color: #282828\">ThermaQ WiFi termomeetri komplekt sisaldab:<\/span><\/p>\n<ul>\n<li><span style=\"color: #282828\">299-121 ThermaQ WiFi termomeeter<\/span><\/li>\n<li><span style=\"color: #282828\">133-041 K Air Wire sond, croc-klamber ja 2 meetrit roostevabast terasest punutud kaabel<\/span><\/li>\n<li><span style=\"color: #282828\">133-177 K Smoke House sond 4 x 225 mm, 90\u00b0 2 m PTFE S\/S Lead &amp; MPK<\/span><\/li>\n<li><span style=\"color: #282828\">830-950 ThermaQ Blue painduv statiiv<\/span><\/li>\n<li><span style=\"color: #282828\">830-880 kaitsev silikoonkate<\/span><br \/>\n<span style=\"color: #282828\"><\/div>\n<\/div>\n<p><\/span><\/li>\n<\/ul>\n","protected":false},"featured_media":237427,"template":"","meta":{"inline_featured_image":false},"product_brand":[],"product_cat":[92,479,24],"product_tag":[],"class_list":{"0":"post-237446","1":"product","2":"type-product","3":"status-publish","4":"has-post-thumbnail","6":"product_cat-lisatarvikud","7":"product_cat-grillitarvikud","8":"product_cat-termomeetrid","10":"first","11":"instock","12":"taxable","13":"shipping-taxable","14":"purchasable","15":"product-type-simple"},"yoast_head":"<!-- This site is optimized with the Yoast SEO plugin v27.4 - https:\/\/yoast.com\/product\/yoast-seo-wordpress\/ -->\n<title>ETI THERMAQ WIFI Professional BBQ Thermometer KIT - BBQ Entertainment<\/title>\n<meta name=\"robots\" content=\"index, follow, max-snippet:-1, max-image-preview:large, max-video-preview:-1\" \/>\n<link rel=\"canonical\" href=\"https:\/\/bbqentertainment.com\/toode\/eti-thermaq-wifi-bbq-thermometer-kit\/\" \/>\n<meta property=\"og:locale\" content=\"en_US\" \/>\n<meta property=\"og:type\" content=\"article\" \/>\n<meta property=\"og:title\" content=\"ETI THERMAQ WIFI Professional BBQ Thermometer KIT - BBQ Entertainment\" \/>\n<meta property=\"og:description\" content=\"ETI THERMAQ WIFI Professional BBQ Thermometer KIT (-100\u00b0C&#8230;+1372\u00b0C, \u00b10.1\u00b0C) Komplekt sisaldab sonde, silikoonkatet ja statiivi. Sisseehitatud wifi (saadab emaili automaatselt kui h\u00e4ire, programeeritav) Kasutajas\u00f5bralik l\u00e4bi tasuta\u00a0ThermaQ \u00e4pi Ideaalne ja ilmselt parim teadaolev maailmas, eriti hea just BBQ v\u00f5istkondadele kasutamiseks Saab \u00fcheaegselt kasutada kahte sondi (v\u00e4rvikoodiga sondiribad) Veekindel IP66, aku kestvus 12 kuud st 1 aasta M\u00e4lu saab salvestada kuni\u00a018000 lugemist M\u00f5eldud kasutamiseks professionaalsel eesm\u00e4rgil M\u00f5\u00f5dud 29 x 72.5 x 96\u00a0mm. Garantii 2 aastat. Toodetud Inglismaal BBQ Entertainment O\u00dc on ETI termomeetrite eksklusiivne maaletooja Eestis alates aastast 2012. Vaata ka ETI cateringi ja t\u00f6\u00f6stuslike termomeetrite kataloogi ja Thermapen&#8217;ide kataloogi.  Komplekti kuulub ThermaQ WiFi termomeetri komplekt sisaldab: 299-121 ThermaQ WiFi termomeeter 133-041 K Air Wire sond, croc-klamber ja 2 meetrit roostevabast terasest punutud kaabel 133-177 K Smoke House sond 4 x 225 mm, 90\u00b0 2 m PTFE S\/S Lead &amp; MPK 830-950 ThermaQ Blue painduv statiiv 830-880 kaitsev silikoonkate\" \/>\n<meta property=\"og:url\" content=\"https:\/\/bbqentertainment.com\/toode\/eti-thermaq-wifi-bbq-thermometer-kit\/\" \/>\n<meta property=\"og:site_name\" content=\"BBQ Entertainment\" \/>\n<meta property=\"article:publisher\" content=\"https:\/\/www.facebook.com\/BBQ-Entertainment-N-Catering-2437913376443540\" \/>\n<meta property=\"article:modified_time\" content=\"2025-07-25T10:45:42+00:00\" \/>\n<meta property=\"og:image\" content=\"https:\/\/bbqentertainment.com\/wp-content\/uploads\/2021\/11\/ETI-THERMAQ-WIFI-Professional-BBQ-Thermometer-KIT-with-air-probe-croc-clip-2m-smoke-house-probe-flexible-tripod-silicon-boot-black.jpg\" \/>\n\t<meta property=\"og:image:width\" content=\"1200\" \/>\n\t<meta property=\"og:image:height\" content=\"1200\" \/>\n\t<meta property=\"og:image:type\" content=\"image\/jpeg\" \/>\n<meta name=\"twitter:card\" content=\"summary_large_image\" \/>\n<script type=\"application\/ld+json\" class=\"yoast-schema-graph\">{\"@context\":\"https:\\\/\\\/schema.org\",\"@graph\":[{\"@type\":[\"WebPage\",\"ItemPage\"],\"@id\":\"https:\\\/\\\/bbqentertainment.com\\\/toode\\\/eti-thermaq-wifi-bbq-thermometer-kit\\\/\",\"url\":\"https:\\\/\\\/bbqentertainment.com\\\/toode\\\/eti-thermaq-wifi-bbq-thermometer-kit\\\/\",\"name\":\"ETI THERMAQ WIFI Professional BBQ Thermometer KIT - BBQ Entertainment\",\"isPartOf\":{\"@id\":\"https:\\\/\\\/bbqentertainment.com\\\/#website\"},\"primaryImageOfPage\":{\"@id\":\"https:\\\/\\\/bbqentertainment.com\\\/toode\\\/eti-thermaq-wifi-bbq-thermometer-kit\\\/#primaryimage\"},\"image\":{\"@id\":\"https:\\\/\\\/bbqentertainment.com\\\/toode\\\/eti-thermaq-wifi-bbq-thermometer-kit\\\/#primaryimage\"},\"thumbnailUrl\":\"https:\\\/\\\/bbqentertainment.com\\\/wp-content\\\/uploads\\\/2021\\\/11\\\/ETI-THERMAQ-WIFI-Professional-BBQ-Thermometer-KIT-with-air-probe-croc-clip-2m-smoke-house-probe-flexible-tripod-silicon-boot-black.jpg\",\"datePublished\":\"2021-11-07T04:41:46+00:00\",\"dateModified\":\"2025-07-25T10:45:42+00:00\",\"breadcrumb\":{\"@id\":\"https:\\\/\\\/bbqentertainment.com\\\/toode\\\/eti-thermaq-wifi-bbq-thermometer-kit\\\/#breadcrumb\"},\"inLanguage\":\"en-US\",\"potentialAction\":[{\"@type\":\"ReadAction\",\"target\":[\"https:\\\/\\\/bbqentertainment.com\\\/toode\\\/eti-thermaq-wifi-bbq-thermometer-kit\\\/\"]}]},{\"@type\":\"ImageObject\",\"inLanguage\":\"en-US\",\"@id\":\"https:\\\/\\\/bbqentertainment.com\\\/toode\\\/eti-thermaq-wifi-bbq-thermometer-kit\\\/#primaryimage\",\"url\":\"https:\\\/\\\/bbqentertainment.com\\\/wp-content\\\/uploads\\\/2021\\\/11\\\/ETI-THERMAQ-WIFI-Professional-BBQ-Thermometer-KIT-with-air-probe-croc-clip-2m-smoke-house-probe-flexible-tripod-silicon-boot-black.jpg\",\"contentUrl\":\"https:\\\/\\\/bbqentertainment.com\\\/wp-content\\\/uploads\\\/2021\\\/11\\\/ETI-THERMAQ-WIFI-Professional-BBQ-Thermometer-KIT-with-air-probe-croc-clip-2m-smoke-house-probe-flexible-tripod-silicon-boot-black.jpg\",\"width\":1200,\"height\":1200},{\"@type\":\"BreadcrumbList\",\"@id\":\"https:\\\/\\\/bbqentertainment.com\\\/toode\\\/eti-thermaq-wifi-bbq-thermometer-kit\\\/#breadcrumb\",\"itemListElement\":[{\"@type\":\"ListItem\",\"position\":1,\"name\":\"AVALEHT\",\"item\":\"https:\\\/\\\/bbqentertainment.com\\\/en\\\/\"},{\"@type\":\"ListItem\",\"position\":2,\"name\":\"Tooted\",\"item\":\"https:\\\/\\\/bbqentertainment.com\\\/tooted\\\/\"},{\"@type\":\"ListItem\",\"position\":3,\"name\":\"Lisatarvikud\",\"item\":\"https:\\\/\\\/bbqentertainment.com\\\/tootekategooria\\\/lisatarvikud\\\/\"},{\"@type\":\"ListItem\",\"position\":4,\"name\":\"Termomeetrid\",\"item\":\"https:\\\/\\\/bbqentertainment.com\\\/tootekategooria\\\/lisatarvikud\\\/termomeetrid\\\/\"},{\"@type\":\"ListItem\",\"position\":5,\"name\":\"ETI THERMAQ WIFI Professional BBQ Thermometer KIT\"}]},{\"@type\":\"WebSite\",\"@id\":\"https:\\\/\\\/bbqentertainment.com\\\/#website\",\"url\":\"https:\\\/\\\/bbqentertainment.com\\\/\",\"name\":\"BBQ Entertainment\",\"description\":\"BBQ is a great lifestyle, not just fun!\",\"publisher\":{\"@id\":\"https:\\\/\\\/bbqentertainment.com\\\/#organization\"},\"potentialAction\":[{\"@type\":\"SearchAction\",\"target\":{\"@type\":\"EntryPoint\",\"urlTemplate\":\"https:\\\/\\\/bbqentertainment.com\\\/?s={search_term_string}\"},\"query-input\":{\"@type\":\"PropertyValueSpecification\",\"valueRequired\":true,\"valueName\":\"search_term_string\"}}],\"inLanguage\":\"en-US\"},{\"@type\":\"Organization\",\"@id\":\"https:\\\/\\\/bbqentertainment.com\\\/#organization\",\"name\":\"BBQ Entertainment O\u00dc\",\"url\":\"https:\\\/\\\/bbqentertainment.com\\\/\",\"logo\":{\"@type\":\"ImageObject\",\"inLanguage\":\"en-US\",\"@id\":\"https:\\\/\\\/bbqentertainment.com\\\/#\\\/schema\\\/logo\\\/image\\\/\",\"url\":\"https:\\\/\\\/bbqentertainment.com\\\/wp-content\\\/uploads\\\/2020\\\/04\\\/BBQ-Entertainment-N-Catering-Enn-Tobreluts-Logo.png\",\"contentUrl\":\"https:\\\/\\\/bbqentertainment.com\\\/wp-content\\\/uploads\\\/2020\\\/04\\\/BBQ-Entertainment-N-Catering-Enn-Tobreluts-Logo.png\",\"width\":628,\"height\":266,\"caption\":\"BBQ Entertainment O\u00dc\"},\"image\":{\"@id\":\"https:\\\/\\\/bbqentertainment.com\\\/#\\\/schema\\\/logo\\\/image\\\/\"},\"sameAs\":[\"https:\\\/\\\/www.facebook.com\\\/BBQ-Entertainment-N-Catering-2437913376443540\",\"https:\\\/\\\/www.instagram.com\\\/bbqentertainmentncatering\\\/\",\"https:\\\/\\\/www.youtube.com\\\/channel\\\/UCmpuANQVhLy2Md8nrenp2jA\"]}]}<\/script>\n<!-- \/ Yoast SEO plugin. -->","yoast_head_json":{"title":"ETI THERMAQ WIFI Professional BBQ Thermometer KIT - BBQ Entertainment","robots":{"index":"index","follow":"follow","max-snippet":"max-snippet:-1","max-image-preview":"max-image-preview:large","max-video-preview":"max-video-preview:-1"},"canonical":"https:\/\/bbqentertainment.com\/toode\/eti-thermaq-wifi-bbq-thermometer-kit\/","og_locale":"en_US","og_type":"article","og_title":"ETI THERMAQ WIFI Professional BBQ Thermometer KIT - BBQ Entertainment","og_description":"ETI THERMAQ WIFI Professional BBQ Thermometer KIT (-100\u00b0C&#8230;+1372\u00b0C, \u00b10.1\u00b0C) Komplekt sisaldab sonde, silikoonkatet ja statiivi. Sisseehitatud wifi (saadab emaili automaatselt kui h\u00e4ire, programeeritav) Kasutajas\u00f5bralik l\u00e4bi tasuta\u00a0ThermaQ \u00e4pi Ideaalne ja ilmselt parim teadaolev maailmas, eriti hea just BBQ v\u00f5istkondadele kasutamiseks Saab \u00fcheaegselt kasutada kahte sondi (v\u00e4rvikoodiga sondiribad) Veekindel IP66, aku kestvus 12 kuud st 1 aasta M\u00e4lu saab salvestada kuni\u00a018000 lugemist M\u00f5eldud kasutamiseks professionaalsel eesm\u00e4rgil M\u00f5\u00f5dud 29 x 72.5 x 96\u00a0mm. Garantii 2 aastat. Toodetud Inglismaal BBQ Entertainment O\u00dc on ETI termomeetrite eksklusiivne maaletooja Eestis alates aastast 2012. Vaata ka ETI cateringi ja t\u00f6\u00f6stuslike termomeetrite kataloogi ja Thermapen&#8217;ide kataloogi.  Komplekti kuulub ThermaQ WiFi termomeetri komplekt sisaldab: 299-121 ThermaQ WiFi termomeeter 133-041 K Air Wire sond, croc-klamber ja 2 meetrit roostevabast terasest punutud kaabel 133-177 K Smoke House sond 4 x 225 mm, 90\u00b0 2 m PTFE S\/S Lead &amp; MPK 830-950 ThermaQ Blue painduv statiiv 830-880 kaitsev silikoonkate","og_url":"https:\/\/bbqentertainment.com\/toode\/eti-thermaq-wifi-bbq-thermometer-kit\/","og_site_name":"BBQ Entertainment","article_publisher":"https:\/\/www.facebook.com\/BBQ-Entertainment-N-Catering-2437913376443540","article_modified_time":"2025-07-25T10:45:42+00:00","og_image":[{"width":1200,"height":1200,"url":"https:\/\/bbqentertainment.com\/wp-content\/uploads\/2021\/11\/ETI-THERMAQ-WIFI-Professional-BBQ-Thermometer-KIT-with-air-probe-croc-clip-2m-smoke-house-probe-flexible-tripod-silicon-boot-black.jpg","type":"image\/jpeg"}],"twitter_card":"summary_large_image","schema":{"@context":"https:\/\/schema.org","@graph":[{"@type":["WebPage","ItemPage"],"@id":"https:\/\/bbqentertainment.com\/toode\/eti-thermaq-wifi-bbq-thermometer-kit\/","url":"https:\/\/bbqentertainment.com\/toode\/eti-thermaq-wifi-bbq-thermometer-kit\/","name":"ETI THERMAQ WIFI Professional BBQ Thermometer KIT - BBQ Entertainment","isPartOf":{"@id":"https:\/\/bbqentertainment.com\/#website"},"primaryImageOfPage":{"@id":"https:\/\/bbqentertainment.com\/toode\/eti-thermaq-wifi-bbq-thermometer-kit\/#primaryimage"},"image":{"@id":"https:\/\/bbqentertainment.com\/toode\/eti-thermaq-wifi-bbq-thermometer-kit\/#primaryimage"},"thumbnailUrl":"https:\/\/bbqentertainment.com\/wp-content\/uploads\/2021\/11\/ETI-THERMAQ-WIFI-Professional-BBQ-Thermometer-KIT-with-air-probe-croc-clip-2m-smoke-house-probe-flexible-tripod-silicon-boot-black.jpg","datePublished":"2021-11-07T04:41:46+00:00","dateModified":"2025-07-25T10:45:42+00:00","breadcrumb":{"@id":"https:\/\/bbqentertainment.com\/toode\/eti-thermaq-wifi-bbq-thermometer-kit\/#breadcrumb"},"inLanguage":"en-US","potentialAction":[{"@type":"ReadAction","target":["https:\/\/bbqentertainment.com\/toode\/eti-thermaq-wifi-bbq-thermometer-kit\/"]}]},{"@type":"ImageObject","inLanguage":"en-US","@id":"https:\/\/bbqentertainment.com\/toode\/eti-thermaq-wifi-bbq-thermometer-kit\/#primaryimage","url":"https:\/\/bbqentertainment.com\/wp-content\/uploads\/2021\/11\/ETI-THERMAQ-WIFI-Professional-BBQ-Thermometer-KIT-with-air-probe-croc-clip-2m-smoke-house-probe-flexible-tripod-silicon-boot-black.jpg","contentUrl":"https:\/\/bbqentertainment.com\/wp-content\/uploads\/2021\/11\/ETI-THERMAQ-WIFI-Professional-BBQ-Thermometer-KIT-with-air-probe-croc-clip-2m-smoke-house-probe-flexible-tripod-silicon-boot-black.jpg","width":1200,"height":1200},{"@type":"BreadcrumbList","@id":"https:\/\/bbqentertainment.com\/toode\/eti-thermaq-wifi-bbq-thermometer-kit\/#breadcrumb","itemListElement":[{"@type":"ListItem","position":1,"name":"AVALEHT","item":"https:\/\/bbqentertainment.com\/en\/"},{"@type":"ListItem","position":2,"name":"Tooted","item":"https:\/\/bbqentertainment.com\/tooted\/"},{"@type":"ListItem","position":3,"name":"Lisatarvikud","item":"https:\/\/bbqentertainment.com\/tootekategooria\/lisatarvikud\/"},{"@type":"ListItem","position":4,"name":"Termomeetrid","item":"https:\/\/bbqentertainment.com\/tootekategooria\/lisatarvikud\/termomeetrid\/"},{"@type":"ListItem","position":5,"name":"ETI THERMAQ WIFI Professional BBQ Thermometer KIT"}]},{"@type":"WebSite","@id":"https:\/\/bbqentertainment.com\/#website","url":"https:\/\/bbqentertainment.com\/","name":"BBQ Entertainment","description":"BBQ is a great lifestyle, not just fun!","publisher":{"@id":"https:\/\/bbqentertainment.com\/#organization"},"potentialAction":[{"@type":"SearchAction","target":{"@type":"EntryPoint","urlTemplate":"https:\/\/bbqentertainment.com\/?s={search_term_string}"},"query-input":{"@type":"PropertyValueSpecification","valueRequired":true,"valueName":"search_term_string"}}],"inLanguage":"en-US"},{"@type":"Organization","@id":"https:\/\/bbqentertainment.com\/#organization","name":"BBQ Entertainment O\u00dc","url":"https:\/\/bbqentertainment.com\/","logo":{"@type":"ImageObject","inLanguage":"en-US","@id":"https:\/\/bbqentertainment.com\/#\/schema\/logo\/image\/","url":"https:\/\/bbqentertainment.com\/wp-content\/uploads\/2020\/04\/BBQ-Entertainment-N-Catering-Enn-Tobreluts-Logo.png","contentUrl":"https:\/\/bbqentertainment.com\/wp-content\/uploads\/2020\/04\/BBQ-Entertainment-N-Catering-Enn-Tobreluts-Logo.png","width":628,"height":266,"caption":"BBQ Entertainment O\u00dc"},"image":{"@id":"https:\/\/bbqentertainment.com\/#\/schema\/logo\/image\/"},"sameAs":["https:\/\/www.facebook.com\/BBQ-Entertainment-N-Catering-2437913376443540","https:\/\/www.instagram.com\/bbqentertainmentncatering\/","https:\/\/www.youtube.com\/channel\/UCmpuANQVhLy2Md8nrenp2jA"]}]}},"_links":{"self":[{"href":"https:\/\/bbqentertainment.com\/en\/wp-json\/wp\/v2\/product\/237446","targetHints":{"allow":["GET"]}}],"collection":[{"href":"https:\/\/bbqentertainment.com\/en\/wp-json\/wp\/v2\/product"}],"about":[{"href":"https:\/\/bbqentertainment.com\/en\/wp-json\/wp\/v2\/types\/product"}],"wp:featuredmedia":[{"embeddable":true,"href":"https:\/\/bbqentertainment.com\/en\/wp-json\/wp\/v2\/media\/237427"}],"wp:attachment":[{"href":"https:\/\/bbqentertainment.com\/en\/wp-json\/wp\/v2\/media?parent=237446"}],"wp:term":[{"taxonomy":"product_brand","embeddable":true,"href":"https:\/\/bbqentertainment.com\/en\/wp-json\/wp\/v2\/product_brand?post=237446"},{"taxonomy":"product_cat","embeddable":true,"href":"https:\/\/bbqentertainment.com\/en\/wp-json\/wp\/v2\/product_cat?post=237446"},{"taxonomy":"product_tag","embeddable":true,"href":"https:\/\/bbqentertainment.com\/en\/wp-json\/wp\/v2\/product_tag?post=237446"}],"curies":[{"name":"wp","href":"https:\/\/api.w.org\/{rel}","templated":true}]}}