{"id":237511,"date":"2021-11-07T20:59:44","date_gmt":"2021-11-07T18:59:44","guid":{"rendered":"https:\/\/bbqentertainment.com\/?post_type=product&#038;p=237511"},"modified":"2025-07-25T13:45:46","modified_gmt":"2025-07-25T10:45:46","slug":"kamado-joe-joetisserie-basket-set","status":"publish","type":"product","link":"https:\/\/bbqentertainment.com\/en\/toode\/kamado-joe-joetisserie-basket-set\/","title":{"rendered":"KORVIKOMPLEKT Kamado Joe \u00ae elektrilisele p\u00f6\u00f6rd-grillvardaga k\u00fcpsetuss\u00fcsteemile \/ JOEtisserie \u00ae Basket Set"},"content":{"rendered":"<p><iframe loading=\"lazy\" title=\"Kamado Joe Joetisserie Basket Set\" width=\"1020\" height=\"574\" src=\"https:\/\/www.youtube.com\/embed\/IoHwK7JLf0s?feature=oembed\" frameborder=\"0\" allow=\"accelerometer; autoplay; clipboard-write; encrypted-media; gyroscope; picture-in-picture; web-share\" referrerpolicy=\"strict-origin-when-cross-origin\" allowfullscreen><\/iframe><\/p>\n","protected":false},"excerpt":{"rendered":"<h3><span style=\"color: #000000;\"><strong>KORVIKOMPLEKT Kamado Joe \u00ae elektrilisele p\u00f6\u00f6rd-grillvardaga k\u00fcpsetuss\u00fcsteemile \/ JOEtisserie \u00ae BASKET SET (sobilik Classic ja Big Joele)<\/strong><\/span><\/h3>\n<ul>\n<li><span style=\"color: #000000;\">JoeTisserie KORVIKOMPLEKT sisaldab lamedat korvi, trumlikorvi ja JoeTisserie&#8217;ga \u00fchilduvat kiiret liidest \u00fchendusvarda paigaldamiseks.\u00a0<\/span><span style=\"color: #000000; font-size: 14.399999px;\">Komplekt sisaldab:<\/span>\n<ul>\n<li><span style=\"color: #000000; font-size: 14.399999px;\">Lame korv \u2013 suurep\u00e4rane unikaalsete roogade, nagu terve kala, kana ja part jne jaoks<\/span><\/li>\n<li><span style=\"color: #000000; font-size: 14.399999px;\">Tumbler Basket \u2013 suurep\u00e4rane kanatiibade, friikartulite ja k\u00f6\u00f6giviljade jaoks<\/span><\/li>\n<li><span style=\"color: #000000; font-size: 14.399999px;\">Kiir\u00fchendusvarras \u2013 sobib nii Classicule kui ka Big Joe JoeTisserie\u2019le<\/span><\/li>\n<li><span style=\"color: #000000; font-size: 14.399999px;\">Erinevalt teistest k\u00fcpsetuskorvidest ei sega varras toitu (st korvi sees ei ole varrast), mis annab teile iga kord t\u00e4iusliku k\u00fcpsetamise<\/span><\/li>\n<li><span style=\"color: #000000; font-size: 14.399999px;\">K\u00f5rgekvaliteediline mittenakkuv viimistlus kiireks ja lihtsaks puhastamiseks<\/span><\/li>\n<\/ul>\n<\/li>\n<li><span style=\"color: #000000;\">Funktsioonid:<\/span>\n<ul>\n<li><span style=\"color: #000000;\">V\u00f5imalik paigaldada tavalisele rotisserie grillvardale<\/span><\/li>\n<li><span style=\"color: #000000;\">Korvid sobivad k\u00f5igile standardsuuruses rotisserie&#8217;dele<\/span><\/li>\n<li><span style=\"color: #000000;\">N\u00f5udepesumasinas pestav<\/span><\/li>\n<\/ul>\n<\/li>\n<\/ul>\n","protected":false},"featured_media":239692,"template":"","meta":{"inline_featured_image":false},"product_brand":[],"product_cat":[147,92,105,107],"product_tag":[195],"class_list":{"0":"post-237511","1":"product","2":"type-product","3":"status-publish","4":"has-post-thumbnail","6":"product_cat-kamado-joe-2","7":"product_cat-lisatarvikud","8":"product_cat-lisatarvikud-classic","9":"product_cat-lisatarvikud-big","10":"product_tag-kamado-joe-lisavarustus-grillrestid-ja-kupsetuspinnad","12":"first","13":"instock","14":"taxable","15":"shipping-taxable","16":"purchasable","17":"product-type-simple"},"yoast_head":"<!-- This site is optimized with the Yoast SEO plugin v27.4 - https:\/\/yoast.com\/product\/yoast-seo-wordpress\/ -->\n<title>KORVIKOMPLEKT Kamado Joe \u00ae elektrilisele p\u00f6\u00f6rd-grillvardaga k\u00fcpsetuss\u00fcsteemile \/ JOEtisserie \u00ae Basket Set - BBQ Entertainment<\/title>\n<meta name=\"robots\" content=\"index, follow, max-snippet:-1, max-image-preview:large, max-video-preview:-1\" \/>\n<link rel=\"canonical\" href=\"https:\/\/bbqentertainment.com\/toode\/kamado-joe-joetisserie-basket-set\/\" \/>\n<meta property=\"og:locale\" content=\"en_US\" \/>\n<meta property=\"og:type\" content=\"article\" \/>\n<meta property=\"og:title\" content=\"KORVIKOMPLEKT Kamado Joe \u00ae elektrilisele p\u00f6\u00f6rd-grillvardaga k\u00fcpsetuss\u00fcsteemile \/ JOEtisserie \u00ae Basket Set - BBQ Entertainment\" \/>\n<meta property=\"og:description\" content=\"KORVIKOMPLEKT Kamado Joe \u00ae elektrilisele p\u00f6\u00f6rd-grillvardaga k\u00fcpsetuss\u00fcsteemile \/ JOEtisserie \u00ae BASKET SET (sobilik Classic ja Big Joele)   JoeTisserie KORVIKOMPLEKT sisaldab lamedat korvi, trumlikorvi ja JoeTisserie&#039;ga \u00fchilduvat kiiret liidest \u00fchendusvarda paigaldamiseks.\u00a0Komplekt sisaldab:   Lame korv \u2013 suurep\u00e4rane unikaalsete roogade, nagu terve kala, kana ja part jne jaoks  Tumbler Basket \u2013 suurep\u00e4rane kanatiibade, friikartulite ja k\u00f6\u00f6giviljade jaoks  Kiir\u00fchendusvarras \u2013 sobib nii Classicule kui ka Big Joe JoeTisserie\u2019le  Erinevalt teistest k\u00fcpsetuskorvidest ei sega varras toitu (st korvi sees ei ole varrast), mis annab teile iga kord t\u00e4iusliku k\u00fcpsetamise  K\u00f5rgekvaliteediline mittenakkuv viimistlus kiireks ja lihtsaks puhastamiseks    Funktsioonid:   V\u00f5imalik paigaldada tavalisele rotisserie grillvardale  Korvid sobivad k\u00f5igile standardsuuruses rotisserie&#039;dele  N\u00f5udepesumasinas pestav\" \/>\n<meta property=\"og:url\" content=\"https:\/\/bbqentertainment.com\/toode\/kamado-joe-joetisserie-basket-set\/\" \/>\n<meta property=\"og:site_name\" content=\"BBQ Entertainment\" \/>\n<meta property=\"article:publisher\" content=\"https:\/\/www.facebook.com\/BBQ-Entertainment-N-Catering-2437913376443540\" \/>\n<meta property=\"article:modified_time\" content=\"2025-07-25T10:45:46+00:00\" \/>\n<meta property=\"og:image\" content=\"https:\/\/bbqentertainment.com\/wp-content\/uploads\/2021\/11\/Kamado-Joe-Joetisserie-basket-set.jpg\" \/>\n\t<meta property=\"og:image:width\" content=\"1200\" \/>\n\t<meta property=\"og:image:height\" content=\"1200\" \/>\n\t<meta property=\"og:image:type\" content=\"image\/jpeg\" \/>\n<meta name=\"twitter:card\" content=\"summary_large_image\" \/>\n<meta name=\"twitter:label1\" content=\"Est. reading time\" \/>\n\t<meta name=\"twitter:data1\" content=\"1 minute\" \/>\n<script type=\"application\/ld+json\" class=\"yoast-schema-graph\">{\"@context\":\"https:\\\/\\\/schema.org\",\"@graph\":[{\"@type\":[\"WebPage\",\"ItemPage\"],\"@id\":\"https:\\\/\\\/bbqentertainment.com\\\/toode\\\/kamado-joe-joetisserie-basket-set\\\/\",\"url\":\"https:\\\/\\\/bbqentertainment.com\\\/toode\\\/kamado-joe-joetisserie-basket-set\\\/\",\"name\":\"KORVIKOMPLEKT Kamado Joe \u00ae elektrilisele p\u00f6\u00f6rd-grillvardaga k\u00fcpsetuss\u00fcsteemile \\\/ JOEtisserie \u00ae Basket Set - BBQ Entertainment\",\"isPartOf\":{\"@id\":\"https:\\\/\\\/bbqentertainment.com\\\/#website\"},\"primaryImageOfPage\":{\"@id\":\"https:\\\/\\\/bbqentertainment.com\\\/toode\\\/kamado-joe-joetisserie-basket-set\\\/#primaryimage\"},\"image\":{\"@id\":\"https:\\\/\\\/bbqentertainment.com\\\/toode\\\/kamado-joe-joetisserie-basket-set\\\/#primaryimage\"},\"thumbnailUrl\":\"https:\\\/\\\/bbqentertainment.com\\\/wp-content\\\/uploads\\\/2021\\\/11\\\/Kamado-Joe-Joetisserie-basket-set.jpg\",\"datePublished\":\"2021-11-07T18:59:44+00:00\",\"dateModified\":\"2025-07-25T10:45:46+00:00\",\"breadcrumb\":{\"@id\":\"https:\\\/\\\/bbqentertainment.com\\\/toode\\\/kamado-joe-joetisserie-basket-set\\\/#breadcrumb\"},\"inLanguage\":\"en-US\",\"potentialAction\":[{\"@type\":\"ReadAction\",\"target\":[\"https:\\\/\\\/bbqentertainment.com\\\/toode\\\/kamado-joe-joetisserie-basket-set\\\/\"]}]},{\"@type\":\"ImageObject\",\"inLanguage\":\"en-US\",\"@id\":\"https:\\\/\\\/bbqentertainment.com\\\/toode\\\/kamado-joe-joetisserie-basket-set\\\/#primaryimage\",\"url\":\"https:\\\/\\\/bbqentertainment.com\\\/wp-content\\\/uploads\\\/2021\\\/11\\\/Kamado-Joe-Joetisserie-basket-set.jpg\",\"contentUrl\":\"https:\\\/\\\/bbqentertainment.com\\\/wp-content\\\/uploads\\\/2021\\\/11\\\/Kamado-Joe-Joetisserie-basket-set.jpg\",\"width\":1200,\"height\":1200},{\"@type\":\"BreadcrumbList\",\"@id\":\"https:\\\/\\\/bbqentertainment.com\\\/toode\\\/kamado-joe-joetisserie-basket-set\\\/#breadcrumb\",\"itemListElement\":[{\"@type\":\"ListItem\",\"position\":1,\"name\":\"AVALEHT\",\"item\":\"https:\\\/\\\/bbqentertainment.com\\\/en\\\/\"},{\"@type\":\"ListItem\",\"position\":2,\"name\":\"Tooted\",\"item\":\"https:\\\/\\\/bbqentertainment.com\\\/tooted\\\/\"},{\"@type\":\"ListItem\",\"position\":3,\"name\":\"Kamado Joe lisatarvikud\",\"item\":\"https:\\\/\\\/bbqentertainment.com\\\/en\\\/tootekategooria\\\/kamado-joe-2\\\/\"},{\"@type\":\"ListItem\",\"position\":4,\"name\":\"KORVIKOMPLEKT Kamado Joe \u00ae elektrilisele p\u00f6\u00f6rd-grillvardaga k\u00fcpsetuss\u00fcsteemile \\\/ JOEtisserie \u00ae Basket Set\"}]},{\"@type\":\"WebSite\",\"@id\":\"https:\\\/\\\/bbqentertainment.com\\\/#website\",\"url\":\"https:\\\/\\\/bbqentertainment.com\\\/\",\"name\":\"BBQ Entertainment\",\"description\":\"BBQ is a great lifestyle, not just fun!\",\"publisher\":{\"@id\":\"https:\\\/\\\/bbqentertainment.com\\\/#organization\"},\"potentialAction\":[{\"@type\":\"SearchAction\",\"target\":{\"@type\":\"EntryPoint\",\"urlTemplate\":\"https:\\\/\\\/bbqentertainment.com\\\/?s={search_term_string}\"},\"query-input\":{\"@type\":\"PropertyValueSpecification\",\"valueRequired\":true,\"valueName\":\"search_term_string\"}}],\"inLanguage\":\"en-US\"},{\"@type\":\"Organization\",\"@id\":\"https:\\\/\\\/bbqentertainment.com\\\/#organization\",\"name\":\"BBQ Entertainment O\u00dc\",\"url\":\"https:\\\/\\\/bbqentertainment.com\\\/\",\"logo\":{\"@type\":\"ImageObject\",\"inLanguage\":\"en-US\",\"@id\":\"https:\\\/\\\/bbqentertainment.com\\\/#\\\/schema\\\/logo\\\/image\\\/\",\"url\":\"https:\\\/\\\/bbqentertainment.com\\\/wp-content\\\/uploads\\\/2020\\\/04\\\/BBQ-Entertainment-N-Catering-Enn-Tobreluts-Logo.png\",\"contentUrl\":\"https:\\\/\\\/bbqentertainment.com\\\/wp-content\\\/uploads\\\/2020\\\/04\\\/BBQ-Entertainment-N-Catering-Enn-Tobreluts-Logo.png\",\"width\":628,\"height\":266,\"caption\":\"BBQ Entertainment O\u00dc\"},\"image\":{\"@id\":\"https:\\\/\\\/bbqentertainment.com\\\/#\\\/schema\\\/logo\\\/image\\\/\"},\"sameAs\":[\"https:\\\/\\\/www.facebook.com\\\/BBQ-Entertainment-N-Catering-2437913376443540\",\"https:\\\/\\\/www.instagram.com\\\/bbqentertainmentncatering\\\/\",\"https:\\\/\\\/www.youtube.com\\\/channel\\\/UCmpuANQVhLy2Md8nrenp2jA\"]}]}<\/script>\n<!-- \/ Yoast SEO plugin. -->","yoast_head_json":{"title":"KORVIKOMPLEKT Kamado Joe \u00ae elektrilisele p\u00f6\u00f6rd-grillvardaga k\u00fcpsetuss\u00fcsteemile \/ JOEtisserie \u00ae Basket Set - BBQ Entertainment","robots":{"index":"index","follow":"follow","max-snippet":"max-snippet:-1","max-image-preview":"max-image-preview:large","max-video-preview":"max-video-preview:-1"},"canonical":"https:\/\/bbqentertainment.com\/toode\/kamado-joe-joetisserie-basket-set\/","og_locale":"en_US","og_type":"article","og_title":"KORVIKOMPLEKT Kamado Joe \u00ae elektrilisele p\u00f6\u00f6rd-grillvardaga k\u00fcpsetuss\u00fcsteemile \/ JOEtisserie \u00ae Basket Set - BBQ Entertainment","og_description":"KORVIKOMPLEKT Kamado Joe \u00ae elektrilisele p\u00f6\u00f6rd-grillvardaga k\u00fcpsetuss\u00fcsteemile \/ JOEtisserie \u00ae BASKET SET (sobilik Classic ja Big Joele)   JoeTisserie KORVIKOMPLEKT sisaldab lamedat korvi, trumlikorvi ja JoeTisserie'ga \u00fchilduvat kiiret liidest \u00fchendusvarda paigaldamiseks.\u00a0Komplekt sisaldab:   Lame korv \u2013 suurep\u00e4rane unikaalsete roogade, nagu terve kala, kana ja part jne jaoks  Tumbler Basket \u2013 suurep\u00e4rane kanatiibade, friikartulite ja k\u00f6\u00f6giviljade jaoks  Kiir\u00fchendusvarras \u2013 sobib nii Classicule kui ka Big Joe JoeTisserie\u2019le  Erinevalt teistest k\u00fcpsetuskorvidest ei sega varras toitu (st korvi sees ei ole varrast), mis annab teile iga kord t\u00e4iusliku k\u00fcpsetamise  K\u00f5rgekvaliteediline mittenakkuv viimistlus kiireks ja lihtsaks puhastamiseks    Funktsioonid:   V\u00f5imalik paigaldada tavalisele rotisserie grillvardale  Korvid sobivad k\u00f5igile standardsuuruses rotisserie'dele  N\u00f5udepesumasinas pestav","og_url":"https:\/\/bbqentertainment.com\/toode\/kamado-joe-joetisserie-basket-set\/","og_site_name":"BBQ Entertainment","article_publisher":"https:\/\/www.facebook.com\/BBQ-Entertainment-N-Catering-2437913376443540","article_modified_time":"2025-07-25T10:45:46+00:00","og_image":[{"width":1200,"height":1200,"url":"https:\/\/bbqentertainment.com\/wp-content\/uploads\/2021\/11\/Kamado-Joe-Joetisserie-basket-set.jpg","type":"image\/jpeg"}],"twitter_card":"summary_large_image","twitter_misc":{"Est. reading time":"1 minute"},"schema":{"@context":"https:\/\/schema.org","@graph":[{"@type":["WebPage","ItemPage"],"@id":"https:\/\/bbqentertainment.com\/toode\/kamado-joe-joetisserie-basket-set\/","url":"https:\/\/bbqentertainment.com\/toode\/kamado-joe-joetisserie-basket-set\/","name":"KORVIKOMPLEKT Kamado Joe \u00ae elektrilisele p\u00f6\u00f6rd-grillvardaga k\u00fcpsetuss\u00fcsteemile \/ JOEtisserie \u00ae Basket Set - BBQ Entertainment","isPartOf":{"@id":"https:\/\/bbqentertainment.com\/#website"},"primaryImageOfPage":{"@id":"https:\/\/bbqentertainment.com\/toode\/kamado-joe-joetisserie-basket-set\/#primaryimage"},"image":{"@id":"https:\/\/bbqentertainment.com\/toode\/kamado-joe-joetisserie-basket-set\/#primaryimage"},"thumbnailUrl":"https:\/\/bbqentertainment.com\/wp-content\/uploads\/2021\/11\/Kamado-Joe-Joetisserie-basket-set.jpg","datePublished":"2021-11-07T18:59:44+00:00","dateModified":"2025-07-25T10:45:46+00:00","breadcrumb":{"@id":"https:\/\/bbqentertainment.com\/toode\/kamado-joe-joetisserie-basket-set\/#breadcrumb"},"inLanguage":"en-US","potentialAction":[{"@type":"ReadAction","target":["https:\/\/bbqentertainment.com\/toode\/kamado-joe-joetisserie-basket-set\/"]}]},{"@type":"ImageObject","inLanguage":"en-US","@id":"https:\/\/bbqentertainment.com\/toode\/kamado-joe-joetisserie-basket-set\/#primaryimage","url":"https:\/\/bbqentertainment.com\/wp-content\/uploads\/2021\/11\/Kamado-Joe-Joetisserie-basket-set.jpg","contentUrl":"https:\/\/bbqentertainment.com\/wp-content\/uploads\/2021\/11\/Kamado-Joe-Joetisserie-basket-set.jpg","width":1200,"height":1200},{"@type":"BreadcrumbList","@id":"https:\/\/bbqentertainment.com\/toode\/kamado-joe-joetisserie-basket-set\/#breadcrumb","itemListElement":[{"@type":"ListItem","position":1,"name":"AVALEHT","item":"https:\/\/bbqentertainment.com\/en\/"},{"@type":"ListItem","position":2,"name":"Tooted","item":"https:\/\/bbqentertainment.com\/tooted\/"},{"@type":"ListItem","position":3,"name":"Kamado Joe lisatarvikud","item":"https:\/\/bbqentertainment.com\/en\/tootekategooria\/kamado-joe-2\/"},{"@type":"ListItem","position":4,"name":"KORVIKOMPLEKT Kamado Joe \u00ae elektrilisele p\u00f6\u00f6rd-grillvardaga k\u00fcpsetuss\u00fcsteemile \/ JOEtisserie \u00ae Basket Set"}]},{"@type":"WebSite","@id":"https:\/\/bbqentertainment.com\/#website","url":"https:\/\/bbqentertainment.com\/","name":"BBQ Entertainment","description":"BBQ is a great lifestyle, not just fun!","publisher":{"@id":"https:\/\/bbqentertainment.com\/#organization"},"potentialAction":[{"@type":"SearchAction","target":{"@type":"EntryPoint","urlTemplate":"https:\/\/bbqentertainment.com\/?s={search_term_string}"},"query-input":{"@type":"PropertyValueSpecification","valueRequired":true,"valueName":"search_term_string"}}],"inLanguage":"en-US"},{"@type":"Organization","@id":"https:\/\/bbqentertainment.com\/#organization","name":"BBQ Entertainment O\u00dc","url":"https:\/\/bbqentertainment.com\/","logo":{"@type":"ImageObject","inLanguage":"en-US","@id":"https:\/\/bbqentertainment.com\/#\/schema\/logo\/image\/","url":"https:\/\/bbqentertainment.com\/wp-content\/uploads\/2020\/04\/BBQ-Entertainment-N-Catering-Enn-Tobreluts-Logo.png","contentUrl":"https:\/\/bbqentertainment.com\/wp-content\/uploads\/2020\/04\/BBQ-Entertainment-N-Catering-Enn-Tobreluts-Logo.png","width":628,"height":266,"caption":"BBQ Entertainment O\u00dc"},"image":{"@id":"https:\/\/bbqentertainment.com\/#\/schema\/logo\/image\/"},"sameAs":["https:\/\/www.facebook.com\/BBQ-Entertainment-N-Catering-2437913376443540","https:\/\/www.instagram.com\/bbqentertainmentncatering\/","https:\/\/www.youtube.com\/channel\/UCmpuANQVhLy2Md8nrenp2jA"]}]}},"_links":{"self":[{"href":"https:\/\/bbqentertainment.com\/en\/wp-json\/wp\/v2\/product\/237511","targetHints":{"allow":["GET"]}}],"collection":[{"href":"https:\/\/bbqentertainment.com\/en\/wp-json\/wp\/v2\/product"}],"about":[{"href":"https:\/\/bbqentertainment.com\/en\/wp-json\/wp\/v2\/types\/product"}],"wp:featuredmedia":[{"embeddable":true,"href":"https:\/\/bbqentertainment.com\/en\/wp-json\/wp\/v2\/media\/239692"}],"wp:attachment":[{"href":"https:\/\/bbqentertainment.com\/en\/wp-json\/wp\/v2\/media?parent=237511"}],"wp:term":[{"taxonomy":"product_brand","embeddable":true,"href":"https:\/\/bbqentertainment.com\/en\/wp-json\/wp\/v2\/product_brand?post=237511"},{"taxonomy":"product_cat","embeddable":true,"href":"https:\/\/bbqentertainment.com\/en\/wp-json\/wp\/v2\/product_cat?post=237511"},{"taxonomy":"product_tag","embeddable":true,"href":"https:\/\/bbqentertainment.com\/en\/wp-json\/wp\/v2\/product_tag?post=237511"}],"curies":[{"name":"wp","href":"https:\/\/api.w.org\/{rel}","templated":true}]}}