{"id":238787,"date":"2022-05-08T15:05:16","date_gmt":"2022-05-08T12:05:16","guid":{"rendered":"https:\/\/bbqentertainment.com\/?post_type=product&#038;p=238787"},"modified":"2026-03-07T23:05:38","modified_gmt":"2026-03-07T21:05:38","slug":"fontana-margherita-puukuttega-pizzaahi-anthracite-koos-raami-ja-jalgadega","status":"publish","type":"product","link":"https:\/\/bbqentertainment.com\/en\/toode\/fontana-margherita-puukuttega-pizzaahi-anthracite-koos-raami-ja-jalgadega\/","title":{"rendered":"FORNO CAPRI &#8211; Fontana CAPRI puuk\u00fcttega pizzaahi koos raami ja jalgadega"},"content":{"rendered":"<p>Kauni disainiga kvaliteetse ja suure j\u00f5udlusega puuk\u00fcttega ahi, millel on 70 \u00d7 50 cm k\u00fcpsetuskamber ja praktiline v\u00e4rvitud terasest ratastega k\u00e4ru. Ahjuga on kaasas ka puidust hoidikplaat, reguleeritava suitsu v\u00e4ljalaskeklapiga suitsutoru ja korstnapealne. Sellel on suletav uks k\u00fcpsetuskambri jaoks. Tulepind on valmistatud kvaliteetsest tulekindlast \u0161amotist. Lisaks on sisemine struktuur roostevabast terasest ja v\u00e4rvidega, mis taluvad k\u00f5rgeid temperatuure, et tagada maksimaalne vastupidavus kuumusele, ilmastikule ja roostele. Lisaks koosneb k\u00fcpsetuskamber naturaalsest kivivillast, mis v\u00f5imaldab hoida temperatuuri efektiivsemalt ning v\u00e4ltida v\u00e4liskonstruktsiooni \u00fclekuumenemist.<\/p>\n<p>Ainulaadne k\u00fcpsetuskamber \u2013 kuplikujuline selg ja k\u00fclg vastu \u2013 k\u00f5rvaldab kuumad kohad ja tagab \u00fchtlase soojusjaotuse. Uuenduslik disain v\u00f5imaldab suitsul v\u00e4ljuda isegi siis, kui uks on suletud, et tagada maksimaalne soojuse s\u00e4ilimine ja \u00fchtlased k\u00fcpsetustemperatuurid.<\/p>\n<p>See Capri pizzaahju h\u00f5lpsasti teisaldatav k\u00e4ruversioon v\u00f5imaldab muuta l\u00f5busad hetked linnast v\u00e4ljas\u00f5itudel, telkides v\u00f5i lihtsalt aia k\u00f5ige p\u00e4ikeselisemasse kohta kolides veelgi nauditavamaks!<\/p>\n","protected":false},"excerpt":{"rendered":"<h2><span style=\"color: #282828;\"><strong>FORNO CAPRI &#8211; Fontana CAPRI puuk\u00fcttega pizzaahi koos raami ja jalgadega<\/strong><\/span><\/h2>\n<ul>\n<li>Selle pizzaahju tehasepoolne soovituslik jaehind on 1650 euri. Kuid kuna oleme tellinud endale lattu suure koguse neid siis saime soodsama diili ja pakume seda hinnaga 1290 Euri \/ tk. Tegu on v\u00e4ga korraliku ja hea pizzaahjuga!<\/li>\n<li><span style=\"color: #282828;\">T\u00e4iskomplekteeritud premium puuk\u00fcttega ahjulahendus Itaaliast &#8211; FONTANA<\/span><\/li>\n<li><span style=\"color: #282828;\">Capri pizzaahjul on h\u00f5lpsasti teisaldatav ratastega k\u00e4ru\/raam, mis v\u00f5imaldab ahju kaasa v\u00f5tta piknikutele ja muidugi kasutada ka koduhoovis<\/span><\/li>\n<li>Tulepind on valmistatud kvaliteetsest tulekindlast \u0161amoletist<\/li>\n<li><span style=\"color: #282828;\">K\u00fctuse liik: puit<\/span><\/li>\n<li><span style=\"color: #282828;\">Korstna l\u00e4bim\u00f5\u00f5t: 120 mm<\/span><\/li>\n<li><span style=\"color: #282828;\">V\u00e4lised m\u00f5\u00f5dud:\u00a093 x 96 x 191 cm<\/span><\/li>\n<li><span style=\"color: #282828;\">K\u00fcpsetuskambri suurus: 70 x 50 x 29 cm<\/span><\/li>\n<li><span style=\"color: #282828;\">Kaal: 95 kg<\/span><\/li>\n<\/ul>\n","protected":false},"featured_media":238781,"template":"","meta":{"inline_featured_image":false},"product_brand":[],"product_cat":[17,436],"product_tag":[],"class_list":{"0":"post-238787","1":"product","2":"type-product","3":"status-publish","4":"has-post-thumbnail","6":"product_cat-grillid-ja-ahjud","7":"product_cat-pizzaahjud-tarvikud","8":"product_shipping_class-ainult-ise-jarele-tulemisega","10":"first","11":"instock","12":"sale","13":"taxable","14":"shipping-taxable","15":"purchasable","16":"product-type-simple"},"yoast_head":"<!-- This site is optimized with the Yoast SEO plugin v27.2 - https:\/\/yoast.com\/product\/yoast-seo-wordpress\/ -->\n<title>FORNO CAPRI - Fontana CAPRI puuk\u00fcttega pizzaahi koos raami ja jalgadega - BBQ Entertainment<\/title>\n<meta name=\"robots\" content=\"index, follow, max-snippet:-1, max-image-preview:large, max-video-preview:-1\" \/>\n<link rel=\"canonical\" href=\"https:\/\/bbqentertainment.com\/toode\/fontana-margherita-puukuttega-pizzaahi-anthracite-koos-raami-ja-jalgadega\/\" \/>\n<meta property=\"og:locale\" content=\"en_US\" \/>\n<meta property=\"og:type\" content=\"article\" \/>\n<meta property=\"og:title\" content=\"FORNO CAPRI - Fontana CAPRI puuk\u00fcttega pizzaahi koos raami ja jalgadega - BBQ Entertainment\" \/>\n<meta property=\"og:description\" content=\"FORNO CAPRI - Fontana CAPRI puuk\u00fcttega pizzaahi koos raami ja jalgadegaSelle pizzaahju tehasepoolne soovituslik jaehind on 1650 euri. Kuid kuna oleme tellinud endale lattu suure koguse neid siis saime soodsama diili ja pakume seda hinnaga 1290 Euri \/ tk. Tegu on v\u00e4ga korraliku ja hea pizzaahjuga!T\u00e4iskomplekteeritud premium puuk\u00fcttega ahjulahendus Itaaliast - FONTANACapri pizzaahjul on h\u00f5lpsasti teisaldatav ratastega k\u00e4ru\/raam, mis v\u00f5imaldab ahju kaasa v\u00f5tta piknikutele ja muidugi kasutada ka koduhoovisTulepind on valmistatud kvaliteetsest tulekindlast \u0161amoletistK\u00fctuse liik: puitKorstna l\u00e4bim\u00f5\u00f5t: 120 mmV\u00e4lised m\u00f5\u00f5dud:\u00a093 x 96 x 191 cmK\u00fcpsetuskambri suurus: 70 x 50 x 29 cmKaal: 95 kg\" \/>\n<meta property=\"og:url\" content=\"https:\/\/bbqentertainment.com\/toode\/fontana-margherita-puukuttega-pizzaahi-anthracite-koos-raami-ja-jalgadega\/\" \/>\n<meta property=\"og:site_name\" content=\"BBQ Entertainment\" \/>\n<meta property=\"article:publisher\" content=\"https:\/\/www.facebook.com\/BBQ-Entertainment-N-Catering-2437913376443540\" \/>\n<meta property=\"article:modified_time\" content=\"2026-03-07T21:05:38+00:00\" \/>\n<meta property=\"og:image\" content=\"https:\/\/bbqentertainment.com\/wp-content\/uploads\/2022\/05\/FORNO-CAPRI-Fontana-CAPRI-Wood-Pizza-Oven.jpg\" \/>\n\t<meta property=\"og:image:width\" content=\"1200\" \/>\n\t<meta property=\"og:image:height\" content=\"1200\" \/>\n\t<meta property=\"og:image:type\" content=\"image\/jpeg\" \/>\n<meta name=\"twitter:card\" content=\"summary_large_image\" \/>\n<meta name=\"twitter:label1\" content=\"Est. reading time\" \/>\n\t<meta name=\"twitter:data1\" content=\"1 minute\" \/>\n<script type=\"application\/ld+json\" class=\"yoast-schema-graph\">{\"@context\":\"https:\/\/schema.org\",\"@graph\":[{\"@type\":[\"WebPage\",\"ItemPage\"],\"@id\":\"https:\/\/bbqentertainment.com\/toode\/fontana-margherita-puukuttega-pizzaahi-anthracite-koos-raami-ja-jalgadega\/\",\"url\":\"https:\/\/bbqentertainment.com\/toode\/fontana-margherita-puukuttega-pizzaahi-anthracite-koos-raami-ja-jalgadega\/\",\"name\":\"FORNO CAPRI - Fontana CAPRI puuk\u00fcttega pizzaahi koos raami ja jalgadega - BBQ Entertainment\",\"isPartOf\":{\"@id\":\"https:\/\/bbqentertainment.com\/#website\"},\"primaryImageOfPage\":{\"@id\":\"https:\/\/bbqentertainment.com\/toode\/fontana-margherita-puukuttega-pizzaahi-anthracite-koos-raami-ja-jalgadega\/#primaryimage\"},\"image\":{\"@id\":\"https:\/\/bbqentertainment.com\/toode\/fontana-margherita-puukuttega-pizzaahi-anthracite-koos-raami-ja-jalgadega\/#primaryimage\"},\"thumbnailUrl\":\"https:\/\/bbqentertainment.com\/wp-content\/uploads\/2022\/05\/FORNO-CAPRI-Fontana-CAPRI-Wood-Pizza-Oven.jpg\",\"datePublished\":\"2022-05-08T12:05:16+00:00\",\"dateModified\":\"2026-03-07T21:05:38+00:00\",\"breadcrumb\":{\"@id\":\"https:\/\/bbqentertainment.com\/toode\/fontana-margherita-puukuttega-pizzaahi-anthracite-koos-raami-ja-jalgadega\/#breadcrumb\"},\"inLanguage\":\"en-US\",\"potentialAction\":[{\"@type\":\"ReadAction\",\"target\":[\"https:\/\/bbqentertainment.com\/toode\/fontana-margherita-puukuttega-pizzaahi-anthracite-koos-raami-ja-jalgadega\/\"]}]},{\"@type\":\"ImageObject\",\"inLanguage\":\"en-US\",\"@id\":\"https:\/\/bbqentertainment.com\/toode\/fontana-margherita-puukuttega-pizzaahi-anthracite-koos-raami-ja-jalgadega\/#primaryimage\",\"url\":\"https:\/\/bbqentertainment.com\/wp-content\/uploads\/2022\/05\/FORNO-CAPRI-Fontana-CAPRI-Wood-Pizza-Oven.jpg\",\"contentUrl\":\"https:\/\/bbqentertainment.com\/wp-content\/uploads\/2022\/05\/FORNO-CAPRI-Fontana-CAPRI-Wood-Pizza-Oven.jpg\",\"width\":1200,\"height\":1200},{\"@type\":\"BreadcrumbList\",\"@id\":\"https:\/\/bbqentertainment.com\/toode\/fontana-margherita-puukuttega-pizzaahi-anthracite-koos-raami-ja-jalgadega\/#breadcrumb\",\"itemListElement\":[{\"@type\":\"ListItem\",\"position\":1,\"name\":\"AVALEHT\",\"item\":\"https:\/\/bbqentertainment.com\/en\/\"},{\"@type\":\"ListItem\",\"position\":2,\"name\":\"Tooted\",\"item\":\"https:\/\/bbqentertainment.com\/tooted\/\"},{\"@type\":\"ListItem\",\"position\":3,\"name\":\"Grillid ja ahjud\",\"item\":\"https:\/\/bbqentertainment.com\/tootekategooria\/grillid-ja-ahjud\/\"},{\"@type\":\"ListItem\",\"position\":4,\"name\":\"Pizzaahjud ja -tarvikud\",\"item\":\"https:\/\/bbqentertainment.com\/tootekategooria\/grillid-ja-ahjud\/pizzaahjud-tarvikud\/\"},{\"@type\":\"ListItem\",\"position\":5,\"name\":\"FORNO CAPRI &#8211; Fontana CAPRI puuk\u00fcttega pizzaahi koos raami ja jalgadega\"}]},{\"@type\":\"WebSite\",\"@id\":\"https:\/\/bbqentertainment.com\/#website\",\"url\":\"https:\/\/bbqentertainment.com\/\",\"name\":\"BBQ Entertainment\",\"description\":\"BBQ is a great lifestyle, not just fun!\",\"publisher\":{\"@id\":\"https:\/\/bbqentertainment.com\/#organization\"},\"potentialAction\":[{\"@type\":\"SearchAction\",\"target\":{\"@type\":\"EntryPoint\",\"urlTemplate\":\"https:\/\/bbqentertainment.com\/?s={search_term_string}\"},\"query-input\":{\"@type\":\"PropertyValueSpecification\",\"valueRequired\":true,\"valueName\":\"search_term_string\"}}],\"inLanguage\":\"en-US\"},{\"@type\":\"Organization\",\"@id\":\"https:\/\/bbqentertainment.com\/#organization\",\"name\":\"BBQ Entertainment O\u00dc\",\"url\":\"https:\/\/bbqentertainment.com\/\",\"logo\":{\"@type\":\"ImageObject\",\"inLanguage\":\"en-US\",\"@id\":\"https:\/\/bbqentertainment.com\/#\/schema\/logo\/image\/\",\"url\":\"https:\/\/bbqentertainment.com\/wp-content\/uploads\/2020\/04\/BBQ-Entertainment-N-Catering-Enn-Tobreluts-Logo.png\",\"contentUrl\":\"https:\/\/bbqentertainment.com\/wp-content\/uploads\/2020\/04\/BBQ-Entertainment-N-Catering-Enn-Tobreluts-Logo.png\",\"width\":628,\"height\":266,\"caption\":\"BBQ Entertainment O\u00dc\"},\"image\":{\"@id\":\"https:\/\/bbqentertainment.com\/#\/schema\/logo\/image\/\"},\"sameAs\":[\"https:\/\/www.facebook.com\/BBQ-Entertainment-N-Catering-2437913376443540\",\"https:\/\/www.instagram.com\/bbqentertainmentncatering\/\",\"https:\/\/www.youtube.com\/channel\/UCmpuANQVhLy2Md8nrenp2jA\"]}]}<\/script>\n<!-- \/ Yoast SEO plugin. -->","yoast_head_json":{"title":"FORNO CAPRI - Fontana CAPRI puuk\u00fcttega pizzaahi koos raami ja jalgadega - BBQ Entertainment","robots":{"index":"index","follow":"follow","max-snippet":"max-snippet:-1","max-image-preview":"max-image-preview:large","max-video-preview":"max-video-preview:-1"},"canonical":"https:\/\/bbqentertainment.com\/toode\/fontana-margherita-puukuttega-pizzaahi-anthracite-koos-raami-ja-jalgadega\/","og_locale":"en_US","og_type":"article","og_title":"FORNO CAPRI - Fontana CAPRI puuk\u00fcttega pizzaahi koos raami ja jalgadega - BBQ Entertainment","og_description":"FORNO CAPRI - Fontana CAPRI puuk\u00fcttega pizzaahi koos raami ja jalgadegaSelle pizzaahju tehasepoolne soovituslik jaehind on 1650 euri. Kuid kuna oleme tellinud endale lattu suure koguse neid siis saime soodsama diili ja pakume seda hinnaga 1290 Euri \/ tk. Tegu on v\u00e4ga korraliku ja hea pizzaahjuga!T\u00e4iskomplekteeritud premium puuk\u00fcttega ahjulahendus Itaaliast - FONTANACapri pizzaahjul on h\u00f5lpsasti teisaldatav ratastega k\u00e4ru\/raam, mis v\u00f5imaldab ahju kaasa v\u00f5tta piknikutele ja muidugi kasutada ka koduhoovisTulepind on valmistatud kvaliteetsest tulekindlast \u0161amoletistK\u00fctuse liik: puitKorstna l\u00e4bim\u00f5\u00f5t: 120 mmV\u00e4lised m\u00f5\u00f5dud:\u00a093 x 96 x 191 cmK\u00fcpsetuskambri suurus: 70 x 50 x 29 cmKaal: 95 kg","og_url":"https:\/\/bbqentertainment.com\/toode\/fontana-margherita-puukuttega-pizzaahi-anthracite-koos-raami-ja-jalgadega\/","og_site_name":"BBQ Entertainment","article_publisher":"https:\/\/www.facebook.com\/BBQ-Entertainment-N-Catering-2437913376443540","article_modified_time":"2026-03-07T21:05:38+00:00","og_image":[{"width":1200,"height":1200,"url":"https:\/\/bbqentertainment.com\/wp-content\/uploads\/2022\/05\/FORNO-CAPRI-Fontana-CAPRI-Wood-Pizza-Oven.jpg","type":"image\/jpeg"}],"twitter_card":"summary_large_image","twitter_misc":{"Est. reading time":"1 minute"},"schema":{"@context":"https:\/\/schema.org","@graph":[{"@type":["WebPage","ItemPage"],"@id":"https:\/\/bbqentertainment.com\/toode\/fontana-margherita-puukuttega-pizzaahi-anthracite-koos-raami-ja-jalgadega\/","url":"https:\/\/bbqentertainment.com\/toode\/fontana-margherita-puukuttega-pizzaahi-anthracite-koos-raami-ja-jalgadega\/","name":"FORNO CAPRI - Fontana CAPRI puuk\u00fcttega pizzaahi koos raami ja jalgadega - BBQ Entertainment","isPartOf":{"@id":"https:\/\/bbqentertainment.com\/#website"},"primaryImageOfPage":{"@id":"https:\/\/bbqentertainment.com\/toode\/fontana-margherita-puukuttega-pizzaahi-anthracite-koos-raami-ja-jalgadega\/#primaryimage"},"image":{"@id":"https:\/\/bbqentertainment.com\/toode\/fontana-margherita-puukuttega-pizzaahi-anthracite-koos-raami-ja-jalgadega\/#primaryimage"},"thumbnailUrl":"https:\/\/bbqentertainment.com\/wp-content\/uploads\/2022\/05\/FORNO-CAPRI-Fontana-CAPRI-Wood-Pizza-Oven.jpg","datePublished":"2022-05-08T12:05:16+00:00","dateModified":"2026-03-07T21:05:38+00:00","breadcrumb":{"@id":"https:\/\/bbqentertainment.com\/toode\/fontana-margherita-puukuttega-pizzaahi-anthracite-koos-raami-ja-jalgadega\/#breadcrumb"},"inLanguage":"en-US","potentialAction":[{"@type":"ReadAction","target":["https:\/\/bbqentertainment.com\/toode\/fontana-margherita-puukuttega-pizzaahi-anthracite-koos-raami-ja-jalgadega\/"]}]},{"@type":"ImageObject","inLanguage":"en-US","@id":"https:\/\/bbqentertainment.com\/toode\/fontana-margherita-puukuttega-pizzaahi-anthracite-koos-raami-ja-jalgadega\/#primaryimage","url":"https:\/\/bbqentertainment.com\/wp-content\/uploads\/2022\/05\/FORNO-CAPRI-Fontana-CAPRI-Wood-Pizza-Oven.jpg","contentUrl":"https:\/\/bbqentertainment.com\/wp-content\/uploads\/2022\/05\/FORNO-CAPRI-Fontana-CAPRI-Wood-Pizza-Oven.jpg","width":1200,"height":1200},{"@type":"BreadcrumbList","@id":"https:\/\/bbqentertainment.com\/toode\/fontana-margherita-puukuttega-pizzaahi-anthracite-koos-raami-ja-jalgadega\/#breadcrumb","itemListElement":[{"@type":"ListItem","position":1,"name":"AVALEHT","item":"https:\/\/bbqentertainment.com\/en\/"},{"@type":"ListItem","position":2,"name":"Tooted","item":"https:\/\/bbqentertainment.com\/tooted\/"},{"@type":"ListItem","position":3,"name":"Grillid ja ahjud","item":"https:\/\/bbqentertainment.com\/tootekategooria\/grillid-ja-ahjud\/"},{"@type":"ListItem","position":4,"name":"Pizzaahjud ja -tarvikud","item":"https:\/\/bbqentertainment.com\/tootekategooria\/grillid-ja-ahjud\/pizzaahjud-tarvikud\/"},{"@type":"ListItem","position":5,"name":"FORNO CAPRI &#8211; Fontana CAPRI puuk\u00fcttega pizzaahi koos raami ja jalgadega"}]},{"@type":"WebSite","@id":"https:\/\/bbqentertainment.com\/#website","url":"https:\/\/bbqentertainment.com\/","name":"BBQ Entertainment","description":"BBQ is a great lifestyle, not just fun!","publisher":{"@id":"https:\/\/bbqentertainment.com\/#organization"},"potentialAction":[{"@type":"SearchAction","target":{"@type":"EntryPoint","urlTemplate":"https:\/\/bbqentertainment.com\/?s={search_term_string}"},"query-input":{"@type":"PropertyValueSpecification","valueRequired":true,"valueName":"search_term_string"}}],"inLanguage":"en-US"},{"@type":"Organization","@id":"https:\/\/bbqentertainment.com\/#organization","name":"BBQ Entertainment O\u00dc","url":"https:\/\/bbqentertainment.com\/","logo":{"@type":"ImageObject","inLanguage":"en-US","@id":"https:\/\/bbqentertainment.com\/#\/schema\/logo\/image\/","url":"https:\/\/bbqentertainment.com\/wp-content\/uploads\/2020\/04\/BBQ-Entertainment-N-Catering-Enn-Tobreluts-Logo.png","contentUrl":"https:\/\/bbqentertainment.com\/wp-content\/uploads\/2020\/04\/BBQ-Entertainment-N-Catering-Enn-Tobreluts-Logo.png","width":628,"height":266,"caption":"BBQ Entertainment O\u00dc"},"image":{"@id":"https:\/\/bbqentertainment.com\/#\/schema\/logo\/image\/"},"sameAs":["https:\/\/www.facebook.com\/BBQ-Entertainment-N-Catering-2437913376443540","https:\/\/www.instagram.com\/bbqentertainmentncatering\/","https:\/\/www.youtube.com\/channel\/UCmpuANQVhLy2Md8nrenp2jA"]}]}},"_links":{"self":[{"href":"https:\/\/bbqentertainment.com\/en\/wp-json\/wp\/v2\/product\/238787","targetHints":{"allow":["GET"]}}],"collection":[{"href":"https:\/\/bbqentertainment.com\/en\/wp-json\/wp\/v2\/product"}],"about":[{"href":"https:\/\/bbqentertainment.com\/en\/wp-json\/wp\/v2\/types\/product"}],"wp:featuredmedia":[{"embeddable":true,"href":"https:\/\/bbqentertainment.com\/en\/wp-json\/wp\/v2\/media\/238781"}],"wp:attachment":[{"href":"https:\/\/bbqentertainment.com\/en\/wp-json\/wp\/v2\/media?parent=238787"}],"wp:term":[{"taxonomy":"product_brand","embeddable":true,"href":"https:\/\/bbqentertainment.com\/en\/wp-json\/wp\/v2\/product_brand?post=238787"},{"taxonomy":"product_cat","embeddable":true,"href":"https:\/\/bbqentertainment.com\/en\/wp-json\/wp\/v2\/product_cat?post=238787"},{"taxonomy":"product_tag","embeddable":true,"href":"https:\/\/bbqentertainment.com\/en\/wp-json\/wp\/v2\/product_tag?post=238787"}],"curies":[{"name":"wp","href":"https:\/\/api.w.org\/{rel}","templated":true}]}}