{"id":238789,"date":"2022-05-08T15:17:50","date_gmt":"2022-05-08T12:17:50","guid":{"rendered":"https:\/\/bbqentertainment.com\/?post_type=product&#038;p=238789"},"modified":"2026-03-07T23:05:38","modified_gmt":"2026-03-07T21:05:38","slug":"fontana-margherita-puukuttega-pizzaahi-anthracite-koos-raami-ja-jalgadega-2","status":"publish","type":"product","link":"https:\/\/bbqentertainment.com\/en\/toode\/fontana-margherita-puukuttega-pizzaahi-anthracite-koos-raami-ja-jalgadega-2\/","title":{"rendered":"FONTANA MARGHERITA puuk\u00fcttega pizzaahi (ANTHRACITE) koos raami ja jalgadega"},"content":{"rendered":"<p>Fontana ANTHRACITE Margherita puuk\u00fcttega pizzaahi on kauni disainiga kvaliteetse ja suure j\u00f5udlusega puuk\u00fcttega ahi, millel on suur 60\u00d760 cm k\u00fcpsetuskamber ja mis on peaaegu t\u00e4ielikult valmistatud 304 klassi roostevabast terasest. Lisaks on Margheritaga kaasas ka puidust hoidikplaat, tulet\u00f6\u00f6riist, 304-klassi roostevabast terasest suitsutoru reguleeritava suitsu v\u00e4ljalaskeklapi ja korstna \u00fclaosaga ning k\u00fcpsetuskambri uks. Margherita puuk\u00fcttega sisseehitatud <span style=\"color: #282828;\">pizzaahi<\/span>\u00a0sobib suurep\u00e4raselt ka liha, k\u00f6\u00f6giviljade, leiva ja magustoitude valmistamiseks ja r\u00f6stimiseks. Ja kuna see on Fontana, v\u00f5ite olla kindel, et see on loodud t\u00f6\u00f6tama ja ehitatud kestma.<\/p>\n<p>Napoli pizzas\u00f5prade jaoks v\u00f5imaldab Rosso Margherita puuk\u00fcttega <span style=\"color: #282828;\">pizzaahi<\/span>\u00a0k\u00fcpsetada pizzat temperatuuril 850 \u00b0F \/ 454,4 \u00b0C ilma taigna p\u00f5hja p\u00f5letamata. Eelk\u00f5ige ei pea te lihtsalt pizzat k\u00fcpsetama \u2013 saate k\u00fcpsetada ka leiba ja isegi magustoite!<\/p>\n<p>Tulep\u00f5randapind on kvaliteetsest tulekindlast \u0161amotist, mis sobib ideaalselt toiduks kasutamiseks. Lisaks on Margherita puuahju v\u00e4lispind k\u00f5rge temperatuuriga v\u00e4rviga elektrogalvaaniterasest. See on m\u00f5eldud maksimaalse vastupidavuse tagamiseks kuumusele ja ilmastikum\u00f5judele. Temperatuuri stabiilsus ja soojapidavus on saavutatavad suure j\u00f5udlusega loodusliku kivivillast isolatsiooni abil. See tagab, et ahju v\u00e4lispind ei l\u00e4he liiga kuumaks. Saate oma pizzad t\u00e4iuslikult k\u00fcpsetada!<\/p>\n<p>Margherita <span style=\"color: #282828;\">pizzaahju<\/span>\u00a0see h\u00f5lpsasti teisaldatav k\u00e4ruversioon v\u00f5imaldab muuta l\u00f5busad hetked linnast v\u00e4ljas\u00f5itudel, telkides v\u00f5i lihtsalt aia k\u00f5ige p\u00e4ikeselisemasse kohta kolides veelgi nauditavamaks! Rataste ja v\u00e4ljat\u00f5mmatavate k\u00e4epidemetega pizzaahju on lihtne teisaldada.<\/p>\n","protected":false},"excerpt":{"rendered":"<h2><span style=\"color: #282828;\"><strong>Fontana MARGHERITA puuk\u00fcttega pizzaahi (ANTHRACITE) koos raami ja jalgadega<\/strong><\/span><\/h2>\n<ul>\n<li>Selle pizzaahju tehasepoolne soovituslik jaehind on 2150 euri. Kuid kuna oleme tellinud endale lattu suure koguse neid siis saime soodsama diili ja pakume seda hinnaga 1790 Euri \/ tk. Tegu on v\u00e4ga korraliku ja hea pizzaahjuga!<\/li>\n<li><span style=\"color: #282828;\">T\u00e4iskomplekteeritud premium puuk\u00fcttega v\u00e4ljat\u00f5mmatavate k\u00e4epidemetega ahjulahendus Itaaliast &#8211; FONTANA<\/span><\/li>\n<li><span style=\"color: #282828;\">Margherita pizzaahjul on h\u00f5lpsasti teisaldatav ratastega k\u00e4ru\/raam, mis v\u00f5imaldab ahju kaasa v\u00f5tta piknikutele ja muidugi kasutada ka koduhoovis<\/span><\/li>\n<li><span style=\"color: #282828;\">K\u00fctuse liik: puit<\/span><\/li>\n<li><span style=\"color: #282828;\">Korstna l\u00e4bim\u00f5\u00f5t: 140mm<\/span><\/li>\n<li><span style=\"color: #282828;\">V\u00e4lised m\u00f5\u00f5dud: 85,5 x 78 x 196 cm<\/span><\/li>\n<li><span style=\"color: #282828;\">K\u00fcpsetuskambri suurus: 60 x 60 x 34 cm<\/span><\/li>\n<li><span style=\"color: #282828;\">Kaal: 105 kg<\/span><\/li>\n<\/ul>\n","protected":false},"featured_media":238777,"template":"","meta":{"inline_featured_image":false},"product_brand":[],"product_cat":[17,436],"product_tag":[],"class_list":{"0":"post-238789","1":"product","2":"type-product","3":"status-publish","4":"has-post-thumbnail","6":"product_cat-grillid-ja-ahjud","7":"product_cat-pizzaahjud-tarvikud","8":"product_shipping_class-ainult-ise-jarele-tulemisega","10":"first","11":"instock","12":"sale","13":"taxable","14":"shipping-taxable","15":"purchasable","16":"product-type-simple"},"yoast_head":"<!-- This site is optimized with the Yoast SEO plugin v27.2 - https:\/\/yoast.com\/product\/yoast-seo-wordpress\/ -->\n<title>FONTANA MARGHERITA puuk\u00fcttega pizzaahi (ANTHRACITE) koos raami ja jalgadega - BBQ Entertainment<\/title>\n<meta name=\"robots\" content=\"index, follow, max-snippet:-1, max-image-preview:large, max-video-preview:-1\" \/>\n<link rel=\"canonical\" href=\"https:\/\/bbqentertainment.com\/toode\/fontana-margherita-puukuttega-pizzaahi-anthracite-koos-raami-ja-jalgadega-2\/\" \/>\n<meta property=\"og:locale\" content=\"en_US\" \/>\n<meta property=\"og:type\" content=\"article\" \/>\n<meta property=\"og:title\" content=\"FONTANA MARGHERITA puuk\u00fcttega pizzaahi (ANTHRACITE) koos raami ja jalgadega - BBQ Entertainment\" \/>\n<meta property=\"og:description\" content=\"Fontana MARGHERITA puuk\u00fcttega pizzaahi (ANTHRACITE) koos raami ja jalgadega   Selle pizzaahju tehasepoolne soovituslik jaehind on 2150 euri. Kuid kuna oleme tellinud endale lattu suure koguse neid siis saime soodsama diili ja pakume seda hinnaga 1790 Euri \/ tk. Tegu on v\u00e4ga korraliku ja hea pizzaahjuga!  T\u00e4iskomplekteeritud premium puuk\u00fcttega v\u00e4ljat\u00f5mmatavate k\u00e4epidemetega ahjulahendus Itaaliast - FONTANA  Margherita pizzaahjul on h\u00f5lpsasti teisaldatav ratastega k\u00e4ru\/raam, mis v\u00f5imaldab ahju kaasa v\u00f5tta piknikutele ja muidugi kasutada ka koduhoovis  K\u00fctuse liik: puit  Korstna l\u00e4bim\u00f5\u00f5t: 140mm  V\u00e4lised m\u00f5\u00f5dud: 85,5 x 78 x 196 cm  K\u00fcpsetuskambri suurus: 60 x 60 x 34 cm  Kaal: 105 kg\" \/>\n<meta property=\"og:url\" content=\"https:\/\/bbqentertainment.com\/toode\/fontana-margherita-puukuttega-pizzaahi-anthracite-koos-raami-ja-jalgadega-2\/\" \/>\n<meta property=\"og:site_name\" content=\"BBQ Entertainment\" \/>\n<meta property=\"article:publisher\" content=\"https:\/\/www.facebook.com\/BBQ-Entertainment-N-Catering-2437913376443540\" \/>\n<meta property=\"article:modified_time\" content=\"2026-03-07T21:05:38+00:00\" \/>\n<meta property=\"og:image\" content=\"https:\/\/bbqentertainment.com\/wp-content\/uploads\/2022\/05\/Fontana-MARGHERITA-Wood-Pizza-Oven-ANTHRACITE-koos-raamiga.jpg\" \/>\n\t<meta property=\"og:image:width\" content=\"1200\" \/>\n\t<meta property=\"og:image:height\" content=\"1200\" \/>\n\t<meta property=\"og:image:type\" content=\"image\/jpeg\" \/>\n<meta name=\"twitter:card\" content=\"summary_large_image\" \/>\n<meta name=\"twitter:label1\" content=\"Est. reading time\" \/>\n\t<meta name=\"twitter:data1\" content=\"2 minutes\" \/>\n<script type=\"application\/ld+json\" class=\"yoast-schema-graph\">{\"@context\":\"https:\/\/schema.org\",\"@graph\":[{\"@type\":[\"WebPage\",\"ItemPage\"],\"@id\":\"https:\/\/bbqentertainment.com\/toode\/fontana-margherita-puukuttega-pizzaahi-anthracite-koos-raami-ja-jalgadega-2\/\",\"url\":\"https:\/\/bbqentertainment.com\/toode\/fontana-margherita-puukuttega-pizzaahi-anthracite-koos-raami-ja-jalgadega-2\/\",\"name\":\"FONTANA MARGHERITA puuk\u00fcttega pizzaahi (ANTHRACITE) koos raami ja jalgadega - BBQ Entertainment\",\"isPartOf\":{\"@id\":\"https:\/\/bbqentertainment.com\/#website\"},\"primaryImageOfPage\":{\"@id\":\"https:\/\/bbqentertainment.com\/toode\/fontana-margherita-puukuttega-pizzaahi-anthracite-koos-raami-ja-jalgadega-2\/#primaryimage\"},\"image\":{\"@id\":\"https:\/\/bbqentertainment.com\/toode\/fontana-margherita-puukuttega-pizzaahi-anthracite-koos-raami-ja-jalgadega-2\/#primaryimage\"},\"thumbnailUrl\":\"https:\/\/bbqentertainment.com\/wp-content\/uploads\/2022\/05\/Fontana-MARGHERITA-Wood-Pizza-Oven-ANTHRACITE-koos-raamiga.jpg\",\"datePublished\":\"2022-05-08T12:17:50+00:00\",\"dateModified\":\"2026-03-07T21:05:38+00:00\",\"breadcrumb\":{\"@id\":\"https:\/\/bbqentertainment.com\/toode\/fontana-margherita-puukuttega-pizzaahi-anthracite-koos-raami-ja-jalgadega-2\/#breadcrumb\"},\"inLanguage\":\"en-US\",\"potentialAction\":[{\"@type\":\"ReadAction\",\"target\":[\"https:\/\/bbqentertainment.com\/toode\/fontana-margherita-puukuttega-pizzaahi-anthracite-koos-raami-ja-jalgadega-2\/\"]}]},{\"@type\":\"ImageObject\",\"inLanguage\":\"en-US\",\"@id\":\"https:\/\/bbqentertainment.com\/toode\/fontana-margherita-puukuttega-pizzaahi-anthracite-koos-raami-ja-jalgadega-2\/#primaryimage\",\"url\":\"https:\/\/bbqentertainment.com\/wp-content\/uploads\/2022\/05\/Fontana-MARGHERITA-Wood-Pizza-Oven-ANTHRACITE-koos-raamiga.jpg\",\"contentUrl\":\"https:\/\/bbqentertainment.com\/wp-content\/uploads\/2022\/05\/Fontana-MARGHERITA-Wood-Pizza-Oven-ANTHRACITE-koos-raamiga.jpg\",\"width\":1200,\"height\":1200},{\"@type\":\"BreadcrumbList\",\"@id\":\"https:\/\/bbqentertainment.com\/toode\/fontana-margherita-puukuttega-pizzaahi-anthracite-koos-raami-ja-jalgadega-2\/#breadcrumb\",\"itemListElement\":[{\"@type\":\"ListItem\",\"position\":1,\"name\":\"AVALEHT\",\"item\":\"https:\/\/bbqentertainment.com\/en\/\"},{\"@type\":\"ListItem\",\"position\":2,\"name\":\"Tooted\",\"item\":\"https:\/\/bbqentertainment.com\/tooted\/\"},{\"@type\":\"ListItem\",\"position\":3,\"name\":\"Grillid ja ahjud\",\"item\":\"https:\/\/bbqentertainment.com\/tootekategooria\/grillid-ja-ahjud\/\"},{\"@type\":\"ListItem\",\"position\":4,\"name\":\"Pizzaahjud ja -tarvikud\",\"item\":\"https:\/\/bbqentertainment.com\/tootekategooria\/grillid-ja-ahjud\/pizzaahjud-tarvikud\/\"},{\"@type\":\"ListItem\",\"position\":5,\"name\":\"FONTANA MARGHERITA puuk\u00fcttega pizzaahi (ANTHRACITE) koos raami ja jalgadega\"}]},{\"@type\":\"WebSite\",\"@id\":\"https:\/\/bbqentertainment.com\/#website\",\"url\":\"https:\/\/bbqentertainment.com\/\",\"name\":\"BBQ Entertainment\",\"description\":\"BBQ is a great lifestyle, not just fun!\",\"publisher\":{\"@id\":\"https:\/\/bbqentertainment.com\/#organization\"},\"potentialAction\":[{\"@type\":\"SearchAction\",\"target\":{\"@type\":\"EntryPoint\",\"urlTemplate\":\"https:\/\/bbqentertainment.com\/?s={search_term_string}\"},\"query-input\":{\"@type\":\"PropertyValueSpecification\",\"valueRequired\":true,\"valueName\":\"search_term_string\"}}],\"inLanguage\":\"en-US\"},{\"@type\":\"Organization\",\"@id\":\"https:\/\/bbqentertainment.com\/#organization\",\"name\":\"BBQ Entertainment O\u00dc\",\"url\":\"https:\/\/bbqentertainment.com\/\",\"logo\":{\"@type\":\"ImageObject\",\"inLanguage\":\"en-US\",\"@id\":\"https:\/\/bbqentertainment.com\/#\/schema\/logo\/image\/\",\"url\":\"https:\/\/bbqentertainment.com\/wp-content\/uploads\/2020\/04\/BBQ-Entertainment-N-Catering-Enn-Tobreluts-Logo.png\",\"contentUrl\":\"https:\/\/bbqentertainment.com\/wp-content\/uploads\/2020\/04\/BBQ-Entertainment-N-Catering-Enn-Tobreluts-Logo.png\",\"width\":628,\"height\":266,\"caption\":\"BBQ Entertainment O\u00dc\"},\"image\":{\"@id\":\"https:\/\/bbqentertainment.com\/#\/schema\/logo\/image\/\"},\"sameAs\":[\"https:\/\/www.facebook.com\/BBQ-Entertainment-N-Catering-2437913376443540\",\"https:\/\/www.instagram.com\/bbqentertainmentncatering\/\",\"https:\/\/www.youtube.com\/channel\/UCmpuANQVhLy2Md8nrenp2jA\"]}]}<\/script>\n<!-- \/ Yoast SEO plugin. -->","yoast_head_json":{"title":"FONTANA MARGHERITA puuk\u00fcttega pizzaahi (ANTHRACITE) koos raami ja jalgadega - BBQ Entertainment","robots":{"index":"index","follow":"follow","max-snippet":"max-snippet:-1","max-image-preview":"max-image-preview:large","max-video-preview":"max-video-preview:-1"},"canonical":"https:\/\/bbqentertainment.com\/toode\/fontana-margherita-puukuttega-pizzaahi-anthracite-koos-raami-ja-jalgadega-2\/","og_locale":"en_US","og_type":"article","og_title":"FONTANA MARGHERITA puuk\u00fcttega pizzaahi (ANTHRACITE) koos raami ja jalgadega - BBQ Entertainment","og_description":"Fontana MARGHERITA puuk\u00fcttega pizzaahi (ANTHRACITE) koos raami ja jalgadega   Selle pizzaahju tehasepoolne soovituslik jaehind on 2150 euri. Kuid kuna oleme tellinud endale lattu suure koguse neid siis saime soodsama diili ja pakume seda hinnaga 1790 Euri \/ tk. Tegu on v\u00e4ga korraliku ja hea pizzaahjuga!  T\u00e4iskomplekteeritud premium puuk\u00fcttega v\u00e4ljat\u00f5mmatavate k\u00e4epidemetega ahjulahendus Itaaliast - FONTANA  Margherita pizzaahjul on h\u00f5lpsasti teisaldatav ratastega k\u00e4ru\/raam, mis v\u00f5imaldab ahju kaasa v\u00f5tta piknikutele ja muidugi kasutada ka koduhoovis  K\u00fctuse liik: puit  Korstna l\u00e4bim\u00f5\u00f5t: 140mm  V\u00e4lised m\u00f5\u00f5dud: 85,5 x 78 x 196 cm  K\u00fcpsetuskambri suurus: 60 x 60 x 34 cm  Kaal: 105 kg","og_url":"https:\/\/bbqentertainment.com\/toode\/fontana-margherita-puukuttega-pizzaahi-anthracite-koos-raami-ja-jalgadega-2\/","og_site_name":"BBQ Entertainment","article_publisher":"https:\/\/www.facebook.com\/BBQ-Entertainment-N-Catering-2437913376443540","article_modified_time":"2026-03-07T21:05:38+00:00","og_image":[{"width":1200,"height":1200,"url":"https:\/\/bbqentertainment.com\/wp-content\/uploads\/2022\/05\/Fontana-MARGHERITA-Wood-Pizza-Oven-ANTHRACITE-koos-raamiga.jpg","type":"image\/jpeg"}],"twitter_card":"summary_large_image","twitter_misc":{"Est. reading time":"2 minutes"},"schema":{"@context":"https:\/\/schema.org","@graph":[{"@type":["WebPage","ItemPage"],"@id":"https:\/\/bbqentertainment.com\/toode\/fontana-margherita-puukuttega-pizzaahi-anthracite-koos-raami-ja-jalgadega-2\/","url":"https:\/\/bbqentertainment.com\/toode\/fontana-margherita-puukuttega-pizzaahi-anthracite-koos-raami-ja-jalgadega-2\/","name":"FONTANA MARGHERITA puuk\u00fcttega pizzaahi (ANTHRACITE) koos raami ja jalgadega - BBQ Entertainment","isPartOf":{"@id":"https:\/\/bbqentertainment.com\/#website"},"primaryImageOfPage":{"@id":"https:\/\/bbqentertainment.com\/toode\/fontana-margherita-puukuttega-pizzaahi-anthracite-koos-raami-ja-jalgadega-2\/#primaryimage"},"image":{"@id":"https:\/\/bbqentertainment.com\/toode\/fontana-margherita-puukuttega-pizzaahi-anthracite-koos-raami-ja-jalgadega-2\/#primaryimage"},"thumbnailUrl":"https:\/\/bbqentertainment.com\/wp-content\/uploads\/2022\/05\/Fontana-MARGHERITA-Wood-Pizza-Oven-ANTHRACITE-koos-raamiga.jpg","datePublished":"2022-05-08T12:17:50+00:00","dateModified":"2026-03-07T21:05:38+00:00","breadcrumb":{"@id":"https:\/\/bbqentertainment.com\/toode\/fontana-margherita-puukuttega-pizzaahi-anthracite-koos-raami-ja-jalgadega-2\/#breadcrumb"},"inLanguage":"en-US","potentialAction":[{"@type":"ReadAction","target":["https:\/\/bbqentertainment.com\/toode\/fontana-margherita-puukuttega-pizzaahi-anthracite-koos-raami-ja-jalgadega-2\/"]}]},{"@type":"ImageObject","inLanguage":"en-US","@id":"https:\/\/bbqentertainment.com\/toode\/fontana-margherita-puukuttega-pizzaahi-anthracite-koos-raami-ja-jalgadega-2\/#primaryimage","url":"https:\/\/bbqentertainment.com\/wp-content\/uploads\/2022\/05\/Fontana-MARGHERITA-Wood-Pizza-Oven-ANTHRACITE-koos-raamiga.jpg","contentUrl":"https:\/\/bbqentertainment.com\/wp-content\/uploads\/2022\/05\/Fontana-MARGHERITA-Wood-Pizza-Oven-ANTHRACITE-koos-raamiga.jpg","width":1200,"height":1200},{"@type":"BreadcrumbList","@id":"https:\/\/bbqentertainment.com\/toode\/fontana-margherita-puukuttega-pizzaahi-anthracite-koos-raami-ja-jalgadega-2\/#breadcrumb","itemListElement":[{"@type":"ListItem","position":1,"name":"AVALEHT","item":"https:\/\/bbqentertainment.com\/en\/"},{"@type":"ListItem","position":2,"name":"Tooted","item":"https:\/\/bbqentertainment.com\/tooted\/"},{"@type":"ListItem","position":3,"name":"Grillid ja ahjud","item":"https:\/\/bbqentertainment.com\/tootekategooria\/grillid-ja-ahjud\/"},{"@type":"ListItem","position":4,"name":"Pizzaahjud ja -tarvikud","item":"https:\/\/bbqentertainment.com\/tootekategooria\/grillid-ja-ahjud\/pizzaahjud-tarvikud\/"},{"@type":"ListItem","position":5,"name":"FONTANA MARGHERITA puuk\u00fcttega pizzaahi (ANTHRACITE) koos raami ja jalgadega"}]},{"@type":"WebSite","@id":"https:\/\/bbqentertainment.com\/#website","url":"https:\/\/bbqentertainment.com\/","name":"BBQ Entertainment","description":"BBQ is a great lifestyle, not just fun!","publisher":{"@id":"https:\/\/bbqentertainment.com\/#organization"},"potentialAction":[{"@type":"SearchAction","target":{"@type":"EntryPoint","urlTemplate":"https:\/\/bbqentertainment.com\/?s={search_term_string}"},"query-input":{"@type":"PropertyValueSpecification","valueRequired":true,"valueName":"search_term_string"}}],"inLanguage":"en-US"},{"@type":"Organization","@id":"https:\/\/bbqentertainment.com\/#organization","name":"BBQ Entertainment O\u00dc","url":"https:\/\/bbqentertainment.com\/","logo":{"@type":"ImageObject","inLanguage":"en-US","@id":"https:\/\/bbqentertainment.com\/#\/schema\/logo\/image\/","url":"https:\/\/bbqentertainment.com\/wp-content\/uploads\/2020\/04\/BBQ-Entertainment-N-Catering-Enn-Tobreluts-Logo.png","contentUrl":"https:\/\/bbqentertainment.com\/wp-content\/uploads\/2020\/04\/BBQ-Entertainment-N-Catering-Enn-Tobreluts-Logo.png","width":628,"height":266,"caption":"BBQ Entertainment O\u00dc"},"image":{"@id":"https:\/\/bbqentertainment.com\/#\/schema\/logo\/image\/"},"sameAs":["https:\/\/www.facebook.com\/BBQ-Entertainment-N-Catering-2437913376443540","https:\/\/www.instagram.com\/bbqentertainmentncatering\/","https:\/\/www.youtube.com\/channel\/UCmpuANQVhLy2Md8nrenp2jA"]}]}},"_links":{"self":[{"href":"https:\/\/bbqentertainment.com\/en\/wp-json\/wp\/v2\/product\/238789","targetHints":{"allow":["GET"]}}],"collection":[{"href":"https:\/\/bbqentertainment.com\/en\/wp-json\/wp\/v2\/product"}],"about":[{"href":"https:\/\/bbqentertainment.com\/en\/wp-json\/wp\/v2\/types\/product"}],"wp:featuredmedia":[{"embeddable":true,"href":"https:\/\/bbqentertainment.com\/en\/wp-json\/wp\/v2\/media\/238777"}],"wp:attachment":[{"href":"https:\/\/bbqentertainment.com\/en\/wp-json\/wp\/v2\/media?parent=238789"}],"wp:term":[{"taxonomy":"product_brand","embeddable":true,"href":"https:\/\/bbqentertainment.com\/en\/wp-json\/wp\/v2\/product_brand?post=238789"},{"taxonomy":"product_cat","embeddable":true,"href":"https:\/\/bbqentertainment.com\/en\/wp-json\/wp\/v2\/product_cat?post=238789"},{"taxonomy":"product_tag","embeddable":true,"href":"https:\/\/bbqentertainment.com\/en\/wp-json\/wp\/v2\/product_tag?post=238789"}],"curies":[{"name":"wp","href":"https:\/\/api.w.org\/{rel}","templated":true}]}}