{"id":238866,"date":"2022-05-08T20:15:12","date_gmt":"2022-05-08T17:15:12","guid":{"rendered":"https:\/\/bbqentertainment.com\/?post_type=product&#038;p=238866"},"modified":"2026-03-07T23:53:18","modified_gmt":"2026-03-07T21:53:18","slug":"hartridges-celebrated-original-cola-330-ml","status":"publish","type":"product","link":"https:\/\/bbqentertainment.com\/en\/toode\/hartridges-celebrated-original-cola-330-ml\/","title":{"rendered":"Hartridges Original Cola 330 ml pudel (1 tk \/ 12 tk)"},"content":{"rendered":"<div class=\"\">\n<div>\n<div class=\"\"><b class=\"\">Hartridges\u00a0on\u00a0Suurbritannia vanim s\u00f5ltumatu karastusjookide ettev\u00f5te, mis on loonud maitsvaid\u00a0<\/b><b class=\"\"><span class=\"\">k\u00e4sit\u00f6\u00f6karastusjooke alates aastast 1882.\u00a0<\/span><span class=\"\">Hartridges<\/span>\u00a0on loodud t\u00e4iendama erinevaid esmaklassilisi kangeid alkohoolseid jooke ja on samamoodi v\u00e4rskendav juues niisama puhtalt, limonaadina. Valmistatud parimatest koostisosadest ja inspireeritud 140-aastatagustest originaalsest retseptidest \u2014 NATURAALSED, LOODUSLIKUD ja LISAAINETETA! Ei sisalda s\u00e4ilitusaineid ega ka kunstlikke maitse- ja v\u00e4rvaineid.<\/b><\/div>\n<div class=\"\"><span class=\"\">\u00a0<\/span><\/div>\n<div class=\"\">\n<div class=\"\"><b class=\"\">BBQ Entertainment O\u00dc on Hartridges Ltd ametlik eksklusiivne maaletooja alates 2021.<\/b><\/div>\n<div><b class=\"\">\u00a0<\/b><\/div>\n<\/div>\n<\/div>\n<\/div>\n<div class=\"\"><strong>ALGUS<\/strong><\/div>\n<div class=\"\">1847. aastal s\u00fcndinud Francis Hartridge oli t\u00e4na eksisteeriva Hartridges\u00a0karastusjookide ettev\u00f5tte loomisel kesksel kohal.\u00a0T\u00f6\u00f6tades oma isa heaks pere\u00f5lletehases Kent&#8217;is, \u00f5ppis ta \u00f5llepruuliks ja juhtis \u00e4ri p\u00e4rast isa surma, omandades v\u00e4\u00e4rtuslikke kogemusi kuni 1868. aastani.<\/div>\n<div class=\"\"><br class=\"\" \/><strong>1882<\/strong><\/div>\n<div class=\"\">35-aastaselt ostis ta Alliance Brewery, s\u00f5ltumatu \u00f5lletehase Hambledonis, Hampshire&#8217;is ja nii The Hartridges Soft Drinks\u00a0Company s\u00fcndiski.<\/div>\n<div class=\"\"><\/div>\n<div class=\"\"><strong>1884<\/strong><\/div>\n<div class=\"\">Hartridgesi geograafiline asend Hampshire&#8217;i kriidialadel tagas sellele nii kvaliteetse veevarustuse ja Franciscus n\u00e4gi\u00a0potentsiaali selle kasutamiseks rohkem kui lihtsalt \u00f5lles.\u00a020. sajandi alguseks m\u00fc\u00fcs Hartridges oma \u00f5llesid ja karastusjooke suurtes kogusstes ja laialdaselt. Kaupa viidi klientideni hobustega.<\/div>\n<div class=\"\"><\/div>\n<div class=\"\"><strong>S\u00d5JA AJAL<\/strong><br class=\"\" \/>Esimese maailmas\u00f5ja ajal kasutasid s\u00f5jav\u00e4elased Hartridge&#8217;ide transpordi-hobuseid s\u00f5ja\u00fclesannete t\u00e4itmiseks, j\u00e4ttes\u00a0Hartridgesi ilma transpordivahenditeta, v\u00e4lja arvatud \u00fcks hobune nimega v\u00e4ike Bess.<\/div>\n<div class=\"\"><\/div>\n<div class=\"\"><strong>1918<\/strong><br class=\"\" \/>Vahetult p\u00e4rast 1918. aasta vaherahu investeeris Francis oma esimesse bensiinimootoriga Thorneycroft veoautosse.\u00a0Veoauto oli ette n\u00e4htud spetsiaalselt Hartridge&#8217;i toodete vedamiseks ja selle taga olid riiulid \u00f5llepurkide vedamiseks ja\u00a0kamber karastusjookide pudelite transportimiseks.<\/div>\n<div class=\"\"><\/div>\n<div class=\"\"><strong>1936<\/strong><\/div>\n<div class=\"\">1936. aastaks olid Francise poegade, Edwardi ja Austini kontrolli all olev ettev\u00f5te laiendanud oma veoautoparki, et\u00a0rahuldada kasvavat n\u00f5udlust nende kvaliteetsete toodete j\u00e4rele. Hartridges j\u00e4tkas oma v\u00e4ga eduka \u00e4ritegevuse\u00a0laiendamist, kuna teised \u00f5lletehased ja karastusjookide ettev\u00f5tted kogu piirkonnas suleti.<\/div>\n<div class=\"\"><\/div>\n<div class=\"\"><strong>1940<\/strong><br class=\"\" \/>Ettev\u00f5te j\u00e4tkas \u00f5itsemist kuni Teise maailmas\u00f5ja 1940. aasta saatusliku \u00f6\u00f6ni, mil sakslane\u00a0Portsmouthi \u00f6iselt haarangult naastes viskas pommid Hambledonile. Suurem osa tehasest\u00a0h\u00e4vitati koos pruulimisseadmetega, samas kui karastusjookide tehas s\u00e4\u00e4steti.<br class=\"\" \/><br class=\"\" \/><\/div>\n<div class=\"\"><strong>S\u00d5JAJ\u00c4RGNE LAIENDAMINE<\/strong><br class=\"\" \/><strong>1952<\/strong><br class=\"\" \/>Edwardi poeg Geoffrey Hartridge v\u00f5ttis ettev\u00f5tte \u00fcle 1952. aastal. Karmid s\u00f5jaj\u00e4rgsed aastad olid rasked, kuid\u00a0perekondlike joonte j\u00f5ulisuse ja taipamisega ehitas Geoffrey karastusjookide \u00e4ri \u00fcmber ja laiendas seda. J\u00e4rgmistel\u00a0aastak\u00fcmnetel hakati t\u00f6\u00f6stuse edusammude ja paranenud teedev\u00f5rguga Hartridgesi tooteid m\u00fc\u00fcma kogu\u00a0\u00dchendkuningriigis.<\/div>\n<div><\/div>\n<div class=\"\"><strong>T\u00c4NAP\u00c4EV<\/strong><br class=\"\" \/>Kuigi tooted on Francis Hartridge&#8217;i aegadest alates arenenud, toetab ettev\u00f5te endiselt oma kindlat veendumust\u00a0klientide p\u00fchendumises, uuenduslikkuses ja uhkuses perekonnanime kandvate toodete \u00fcle. Kasutatakse ainult parimaid koostisosi ja mitte kunagi midagi kunstlikku. See on traditsioon, mida j\u00e4rgime t\u00e4naseni \u2013 seep\u00e4rast maitseb k\u00f5ik nii h\u00e4sti.<\/div>\n<div><\/div>\n<div class=\"\"><strong>2021<\/strong><br class=\"\" \/>T\u00e4nap\u00e4eval j\u00e4tkab ettev\u00f5te \u00f5itsengut neljanda ja viienda p\u00f5lvkonna Hartridge&#8217;ide all, kes tunnevad oma esivanemate\u00a0\u00fcle tohutut uhkust. \u201eMinu vanavanaisa Francis (Celebrated sarja pudelitel sildil on tema foto) alustas meie kuulsate karastusjookide pruulimist 1882. aastal. Ta kasutas ainult\u00a0parimaid koostisosi ja mitte kunagi midagi kunstlikku. See on traditsioon, mida j\u00e4rgime t\u00e4naseni \u2013 seep\u00e4rast maitseb see nii h\u00e4sti\u201d,\u00a0Edward Hartridge (5. p\u00f5lvkond).<\/div>\n","protected":false},"excerpt":{"rendered":"<h3><strong>Hartridges Original Cola 330 ml pudel (1 tk \/ 12 tk)<\/strong><\/h3>\n<ul>\n<li><span class=\"\">Hartridges\u00a0on\u00a0Suurbritannia vanim s\u00f5ltumatu karastusjookide ettev\u00f5te, mis on loonud maitsvaid\u00a0<\/span><span class=\"\">k\u00e4sit\u00f6\u00f6karastusjooke alates aastast 1882.<\/span><\/li>\n<li>\n<div class=\"\">Hartridges Original Cola on Cola-limonaad \/ joogipikendaja, v\u00e4hem magusam kui tavalised Coca-Cola\u2019d.<\/div>\n<\/li>\n<li><strong>NATURAALNE ja LOODUSLIK<\/strong> \u2014 ei sisalda s\u00e4ilitusaineid, kunstlikke maitse- ega v\u00e4rvaineid.<\/li>\n<li>Gluteenivaba ja sobib veganitele. Valmistatud allikaveest.<\/li>\n<li>Koostis: gaseeritud vesi, suhkur, v\u00e4rvaine (karamelliv\u00e4rv E150d), fosforhape, looduslikud maitseained (sh koolap\u00e4hkli ekstrakt), kofeiin. Toitev\u00e4\u00e4rtus 100ml kohta: energia 211kJ; rasvu 0g, millest k\u00fcllastunud 0g; s\u00fcsivesikuid 12,4g, millest suhkruid 12,4g; valke 0g; soola 0,025g; kofeiini 0,008g.<\/li>\n<li>Hoida jahedas ja v\u00e4ltida otsest p\u00e4ikest.<\/li>\n<li><span style=\"color: #333333;\">P\u00e4ritolumaa: Suurbritannia<\/span><\/li>\n<li>Tootja:\u00a0Hartridges\u00a0Ltd<\/li>\n<li>Maaletooja: BBQ Entertainment O\u00dc<\/li>\n<\/ul>\n","protected":false},"featured_media":257756,"template":"","meta":{"inline_featured_image":false},"product_brand":[],"product_cat":[237,464],"product_tag":[],"class_list":{"0":"post-238866","1":"product","2":"type-product","3":"status-publish","4":"has-post-thumbnail","6":"product_cat-toonikud","7":"product_cat-hartridges","9":"first","10":"instock","11":"sale","12":"taxable","13":"shipping-taxable","14":"purchasable","15":"product-type-variable"},"yoast_head":"<!-- This site is optimized with the Yoast SEO plugin v27.4 - https:\/\/yoast.com\/product\/yoast-seo-wordpress\/ -->\n<title>Hartridges Original Cola 330 ml pudel (1 tk \/ 12 tk) - BBQ Entertainment<\/title>\n<meta name=\"robots\" content=\"index, follow, max-snippet:-1, max-image-preview:large, max-video-preview:-1\" \/>\n<link rel=\"canonical\" href=\"https:\/\/bbqentertainment.com\/toode\/hartridges-celebrated-original-cola-330-ml\/\" \/>\n<meta property=\"og:locale\" content=\"en_US\" \/>\n<meta property=\"og:type\" content=\"article\" \/>\n<meta property=\"og:title\" content=\"Hartridges Original Cola 330 ml pudel (1 tk \/ 12 tk) - BBQ Entertainment\" \/>\n<meta property=\"og:description\" content=\"Hartridges Original Cola 330 ml pudel (1 tk \/ 12 tk)   Hartridges\u00a0on\u00a0Suurbritannia vanim s\u00f5ltumatu karastusjookide ettev\u00f5te, mis on loonud maitsvaid\u00a0k\u00e4sit\u00f6\u00f6karastusjooke alates aastast 1882.   Hartridges Original Cola on Cola-limonaad \/ joogipikendaja, v\u00e4hem magusam kui tavalised Coca-Cola\u2019d.  NATURAALNE ja LOODUSLIK \u2014 ei sisalda s\u00e4ilitusaineid, kunstlikke maitse- ega v\u00e4rvaineid.  Gluteenivaba ja sobib veganitele. Valmistatud allikaveest.  Koostis: gaseeritud vesi, suhkur, v\u00e4rvaine (karamelliv\u00e4rv E150d), fosforhape, looduslikud maitseained (sh koolap\u00e4hkli ekstrakt), kofeiin. Toitev\u00e4\u00e4rtus 100ml kohta: energia 211kJ; rasvu 0g, millest k\u00fcllastunud 0g; s\u00fcsivesikuid 12,4g, millest suhkruid 12,4g; valke 0g; soola 0,025g; kofeiini 0,008g.  Hoida jahedas ja v\u00e4ltida otsest p\u00e4ikest.  P\u00e4ritolumaa: Suurbritannia  Tootja:\u00a0Hartridges\u00a0Ltd  Maaletooja: BBQ Entertainment O\u00dc\" \/>\n<meta property=\"og:url\" content=\"https:\/\/bbqentertainment.com\/toode\/hartridges-celebrated-original-cola-330-ml\/\" \/>\n<meta property=\"og:site_name\" content=\"BBQ Entertainment\" \/>\n<meta property=\"article:publisher\" content=\"https:\/\/www.facebook.com\/BBQ-Entertainment-N-Catering-2437913376443540\" \/>\n<meta property=\"article:modified_time\" content=\"2026-03-07T21:53:18+00:00\" \/>\n<meta property=\"og:image\" content=\"https:\/\/bbqentertainment.com\/wp-content\/uploads\/2026\/01\/Hartridges-Original-Cola-330-ml.jpg\" \/>\n\t<meta property=\"og:image:width\" content=\"1200\" \/>\n\t<meta property=\"og:image:height\" content=\"1200\" \/>\n\t<meta property=\"og:image:type\" content=\"image\/jpeg\" \/>\n<meta name=\"twitter:card\" content=\"summary_large_image\" \/>\n<meta name=\"twitter:label1\" content=\"Est. reading time\" \/>\n\t<meta name=\"twitter:data1\" content=\"3 minutes\" \/>\n<script type=\"application\/ld+json\" class=\"yoast-schema-graph\">{\"@context\":\"https:\\\/\\\/schema.org\",\"@graph\":[{\"@type\":[\"WebPage\",\"ItemPage\"],\"@id\":\"https:\\\/\\\/bbqentertainment.com\\\/toode\\\/hartridges-celebrated-original-cola-330-ml\\\/\",\"url\":\"https:\\\/\\\/bbqentertainment.com\\\/toode\\\/hartridges-celebrated-original-cola-330-ml\\\/\",\"name\":\"Hartridges Original Cola 330 ml pudel (1 tk \\\/ 12 tk) - BBQ Entertainment\",\"isPartOf\":{\"@id\":\"https:\\\/\\\/bbqentertainment.com\\\/#website\"},\"primaryImageOfPage\":{\"@id\":\"https:\\\/\\\/bbqentertainment.com\\\/toode\\\/hartridges-celebrated-original-cola-330-ml\\\/#primaryimage\"},\"image\":{\"@id\":\"https:\\\/\\\/bbqentertainment.com\\\/toode\\\/hartridges-celebrated-original-cola-330-ml\\\/#primaryimage\"},\"thumbnailUrl\":\"https:\\\/\\\/bbqentertainment.com\\\/wp-content\\\/uploads\\\/2026\\\/01\\\/Hartridges-Original-Cola-330-ml.jpg\",\"datePublished\":\"2022-05-08T17:15:12+00:00\",\"dateModified\":\"2026-03-07T21:53:18+00:00\",\"breadcrumb\":{\"@id\":\"https:\\\/\\\/bbqentertainment.com\\\/toode\\\/hartridges-celebrated-original-cola-330-ml\\\/#breadcrumb\"},\"inLanguage\":\"en-US\",\"potentialAction\":[{\"@type\":\"ReadAction\",\"target\":[\"https:\\\/\\\/bbqentertainment.com\\\/toode\\\/hartridges-celebrated-original-cola-330-ml\\\/\"]}]},{\"@type\":\"ImageObject\",\"inLanguage\":\"en-US\",\"@id\":\"https:\\\/\\\/bbqentertainment.com\\\/toode\\\/hartridges-celebrated-original-cola-330-ml\\\/#primaryimage\",\"url\":\"https:\\\/\\\/bbqentertainment.com\\\/wp-content\\\/uploads\\\/2026\\\/01\\\/Hartridges-Original-Cola-330-ml.jpg\",\"contentUrl\":\"https:\\\/\\\/bbqentertainment.com\\\/wp-content\\\/uploads\\\/2026\\\/01\\\/Hartridges-Original-Cola-330-ml.jpg\",\"width\":1200,\"height\":1200},{\"@type\":\"BreadcrumbList\",\"@id\":\"https:\\\/\\\/bbqentertainment.com\\\/toode\\\/hartridges-celebrated-original-cola-330-ml\\\/#breadcrumb\",\"itemListElement\":[{\"@type\":\"ListItem\",\"position\":1,\"name\":\"AVALEHT\",\"item\":\"https:\\\/\\\/bbqentertainment.com\\\/en\\\/\"},{\"@type\":\"ListItem\",\"position\":2,\"name\":\"Tooted\",\"item\":\"https:\\\/\\\/bbqentertainment.com\\\/tooted\\\/\"},{\"@type\":\"ListItem\",\"position\":3,\"name\":\"Joogid\",\"item\":\"https:\\\/\\\/bbqentertainment.com\\\/tootekategooria\\\/joogid\\\/\"},{\"@type\":\"ListItem\",\"position\":4,\"name\":\"Toonikud ja limonaadid\",\"item\":\"https:\\\/\\\/bbqentertainment.com\\\/tootekategooria\\\/joogid\\\/toonikud\\\/\"},{\"@type\":\"ListItem\",\"position\":5,\"name\":\"HARTRIDGES\",\"item\":\"https:\\\/\\\/bbqentertainment.com\\\/tootekategooria\\\/joogid\\\/toonikud\\\/hartridges\\\/\"},{\"@type\":\"ListItem\",\"position\":6,\"name\":\"Hartridges Original Cola 330 ml pudel (1 tk \\\/ 12 tk)\"}]},{\"@type\":\"WebSite\",\"@id\":\"https:\\\/\\\/bbqentertainment.com\\\/#website\",\"url\":\"https:\\\/\\\/bbqentertainment.com\\\/\",\"name\":\"BBQ Entertainment\",\"description\":\"BBQ is a great lifestyle, not just fun!\",\"publisher\":{\"@id\":\"https:\\\/\\\/bbqentertainment.com\\\/#organization\"},\"potentialAction\":[{\"@type\":\"SearchAction\",\"target\":{\"@type\":\"EntryPoint\",\"urlTemplate\":\"https:\\\/\\\/bbqentertainment.com\\\/?s={search_term_string}\"},\"query-input\":{\"@type\":\"PropertyValueSpecification\",\"valueRequired\":true,\"valueName\":\"search_term_string\"}}],\"inLanguage\":\"en-US\"},{\"@type\":\"Organization\",\"@id\":\"https:\\\/\\\/bbqentertainment.com\\\/#organization\",\"name\":\"BBQ Entertainment O\u00dc\",\"url\":\"https:\\\/\\\/bbqentertainment.com\\\/\",\"logo\":{\"@type\":\"ImageObject\",\"inLanguage\":\"en-US\",\"@id\":\"https:\\\/\\\/bbqentertainment.com\\\/#\\\/schema\\\/logo\\\/image\\\/\",\"url\":\"https:\\\/\\\/bbqentertainment.com\\\/wp-content\\\/uploads\\\/2020\\\/04\\\/BBQ-Entertainment-N-Catering-Enn-Tobreluts-Logo.png\",\"contentUrl\":\"https:\\\/\\\/bbqentertainment.com\\\/wp-content\\\/uploads\\\/2020\\\/04\\\/BBQ-Entertainment-N-Catering-Enn-Tobreluts-Logo.png\",\"width\":628,\"height\":266,\"caption\":\"BBQ Entertainment O\u00dc\"},\"image\":{\"@id\":\"https:\\\/\\\/bbqentertainment.com\\\/#\\\/schema\\\/logo\\\/image\\\/\"},\"sameAs\":[\"https:\\\/\\\/www.facebook.com\\\/BBQ-Entertainment-N-Catering-2437913376443540\",\"https:\\\/\\\/www.instagram.com\\\/bbqentertainmentncatering\\\/\",\"https:\\\/\\\/www.youtube.com\\\/channel\\\/UCmpuANQVhLy2Md8nrenp2jA\"]}]}<\/script>\n<!-- \/ Yoast SEO plugin. -->","yoast_head_json":{"title":"Hartridges Original Cola 330 ml pudel (1 tk \/ 12 tk) - BBQ Entertainment","robots":{"index":"index","follow":"follow","max-snippet":"max-snippet:-1","max-image-preview":"max-image-preview:large","max-video-preview":"max-video-preview:-1"},"canonical":"https:\/\/bbqentertainment.com\/toode\/hartridges-celebrated-original-cola-330-ml\/","og_locale":"en_US","og_type":"article","og_title":"Hartridges Original Cola 330 ml pudel (1 tk \/ 12 tk) - BBQ Entertainment","og_description":"Hartridges Original Cola 330 ml pudel (1 tk \/ 12 tk)   Hartridges\u00a0on\u00a0Suurbritannia vanim s\u00f5ltumatu karastusjookide ettev\u00f5te, mis on loonud maitsvaid\u00a0k\u00e4sit\u00f6\u00f6karastusjooke alates aastast 1882.   Hartridges Original Cola on Cola-limonaad \/ joogipikendaja, v\u00e4hem magusam kui tavalised Coca-Cola\u2019d.  NATURAALNE ja LOODUSLIK \u2014 ei sisalda s\u00e4ilitusaineid, kunstlikke maitse- ega v\u00e4rvaineid.  Gluteenivaba ja sobib veganitele. Valmistatud allikaveest.  Koostis: gaseeritud vesi, suhkur, v\u00e4rvaine (karamelliv\u00e4rv E150d), fosforhape, looduslikud maitseained (sh koolap\u00e4hkli ekstrakt), kofeiin. Toitev\u00e4\u00e4rtus 100ml kohta: energia 211kJ; rasvu 0g, millest k\u00fcllastunud 0g; s\u00fcsivesikuid 12,4g, millest suhkruid 12,4g; valke 0g; soola 0,025g; kofeiini 0,008g.  Hoida jahedas ja v\u00e4ltida otsest p\u00e4ikest.  P\u00e4ritolumaa: Suurbritannia  Tootja:\u00a0Hartridges\u00a0Ltd  Maaletooja: BBQ Entertainment O\u00dc","og_url":"https:\/\/bbqentertainment.com\/toode\/hartridges-celebrated-original-cola-330-ml\/","og_site_name":"BBQ Entertainment","article_publisher":"https:\/\/www.facebook.com\/BBQ-Entertainment-N-Catering-2437913376443540","article_modified_time":"2026-03-07T21:53:18+00:00","og_image":[{"width":1200,"height":1200,"url":"https:\/\/bbqentertainment.com\/wp-content\/uploads\/2026\/01\/Hartridges-Original-Cola-330-ml.jpg","type":"image\/jpeg"}],"twitter_card":"summary_large_image","twitter_misc":{"Est. reading time":"3 minutes"},"schema":{"@context":"https:\/\/schema.org","@graph":[{"@type":["WebPage","ItemPage"],"@id":"https:\/\/bbqentertainment.com\/toode\/hartridges-celebrated-original-cola-330-ml\/","url":"https:\/\/bbqentertainment.com\/toode\/hartridges-celebrated-original-cola-330-ml\/","name":"Hartridges Original Cola 330 ml pudel (1 tk \/ 12 tk) - BBQ Entertainment","isPartOf":{"@id":"https:\/\/bbqentertainment.com\/#website"},"primaryImageOfPage":{"@id":"https:\/\/bbqentertainment.com\/toode\/hartridges-celebrated-original-cola-330-ml\/#primaryimage"},"image":{"@id":"https:\/\/bbqentertainment.com\/toode\/hartridges-celebrated-original-cola-330-ml\/#primaryimage"},"thumbnailUrl":"https:\/\/bbqentertainment.com\/wp-content\/uploads\/2026\/01\/Hartridges-Original-Cola-330-ml.jpg","datePublished":"2022-05-08T17:15:12+00:00","dateModified":"2026-03-07T21:53:18+00:00","breadcrumb":{"@id":"https:\/\/bbqentertainment.com\/toode\/hartridges-celebrated-original-cola-330-ml\/#breadcrumb"},"inLanguage":"en-US","potentialAction":[{"@type":"ReadAction","target":["https:\/\/bbqentertainment.com\/toode\/hartridges-celebrated-original-cola-330-ml\/"]}]},{"@type":"ImageObject","inLanguage":"en-US","@id":"https:\/\/bbqentertainment.com\/toode\/hartridges-celebrated-original-cola-330-ml\/#primaryimage","url":"https:\/\/bbqentertainment.com\/wp-content\/uploads\/2026\/01\/Hartridges-Original-Cola-330-ml.jpg","contentUrl":"https:\/\/bbqentertainment.com\/wp-content\/uploads\/2026\/01\/Hartridges-Original-Cola-330-ml.jpg","width":1200,"height":1200},{"@type":"BreadcrumbList","@id":"https:\/\/bbqentertainment.com\/toode\/hartridges-celebrated-original-cola-330-ml\/#breadcrumb","itemListElement":[{"@type":"ListItem","position":1,"name":"AVALEHT","item":"https:\/\/bbqentertainment.com\/en\/"},{"@type":"ListItem","position":2,"name":"Tooted","item":"https:\/\/bbqentertainment.com\/tooted\/"},{"@type":"ListItem","position":3,"name":"Joogid","item":"https:\/\/bbqentertainment.com\/tootekategooria\/joogid\/"},{"@type":"ListItem","position":4,"name":"Toonikud ja limonaadid","item":"https:\/\/bbqentertainment.com\/tootekategooria\/joogid\/toonikud\/"},{"@type":"ListItem","position":5,"name":"HARTRIDGES","item":"https:\/\/bbqentertainment.com\/tootekategooria\/joogid\/toonikud\/hartridges\/"},{"@type":"ListItem","position":6,"name":"Hartridges Original Cola 330 ml pudel (1 tk \/ 12 tk)"}]},{"@type":"WebSite","@id":"https:\/\/bbqentertainment.com\/#website","url":"https:\/\/bbqentertainment.com\/","name":"BBQ Entertainment","description":"BBQ is a great lifestyle, not just fun!","publisher":{"@id":"https:\/\/bbqentertainment.com\/#organization"},"potentialAction":[{"@type":"SearchAction","target":{"@type":"EntryPoint","urlTemplate":"https:\/\/bbqentertainment.com\/?s={search_term_string}"},"query-input":{"@type":"PropertyValueSpecification","valueRequired":true,"valueName":"search_term_string"}}],"inLanguage":"en-US"},{"@type":"Organization","@id":"https:\/\/bbqentertainment.com\/#organization","name":"BBQ Entertainment O\u00dc","url":"https:\/\/bbqentertainment.com\/","logo":{"@type":"ImageObject","inLanguage":"en-US","@id":"https:\/\/bbqentertainment.com\/#\/schema\/logo\/image\/","url":"https:\/\/bbqentertainment.com\/wp-content\/uploads\/2020\/04\/BBQ-Entertainment-N-Catering-Enn-Tobreluts-Logo.png","contentUrl":"https:\/\/bbqentertainment.com\/wp-content\/uploads\/2020\/04\/BBQ-Entertainment-N-Catering-Enn-Tobreluts-Logo.png","width":628,"height":266,"caption":"BBQ Entertainment O\u00dc"},"image":{"@id":"https:\/\/bbqentertainment.com\/#\/schema\/logo\/image\/"},"sameAs":["https:\/\/www.facebook.com\/BBQ-Entertainment-N-Catering-2437913376443540","https:\/\/www.instagram.com\/bbqentertainmentncatering\/","https:\/\/www.youtube.com\/channel\/UCmpuANQVhLy2Md8nrenp2jA"]}]}},"_links":{"self":[{"href":"https:\/\/bbqentertainment.com\/en\/wp-json\/wp\/v2\/product\/238866","targetHints":{"allow":["GET"]}}],"collection":[{"href":"https:\/\/bbqentertainment.com\/en\/wp-json\/wp\/v2\/product"}],"about":[{"href":"https:\/\/bbqentertainment.com\/en\/wp-json\/wp\/v2\/types\/product"}],"wp:featuredmedia":[{"embeddable":true,"href":"https:\/\/bbqentertainment.com\/en\/wp-json\/wp\/v2\/media\/257756"}],"wp:attachment":[{"href":"https:\/\/bbqentertainment.com\/en\/wp-json\/wp\/v2\/media?parent=238866"}],"wp:term":[{"taxonomy":"product_brand","embeddable":true,"href":"https:\/\/bbqentertainment.com\/en\/wp-json\/wp\/v2\/product_brand?post=238866"},{"taxonomy":"product_cat","embeddable":true,"href":"https:\/\/bbqentertainment.com\/en\/wp-json\/wp\/v2\/product_cat?post=238866"},{"taxonomy":"product_tag","embeddable":true,"href":"https:\/\/bbqentertainment.com\/en\/wp-json\/wp\/v2\/product_tag?post=238866"}],"curies":[{"name":"wp","href":"https:\/\/api.w.org\/{rel}","templated":true}]}}