{"id":238940,"date":"2022-05-08T22:43:01","date_gmt":"2022-05-08T19:43:01","guid":{"rendered":"https:\/\/bbqentertainment.com\/?post_type=product&#038;p=238940"},"modified":"2025-11-24T18:12:17","modified_gmt":"2025-11-24T16:12:17","slug":"artisan-yuzu-tokyo-tonic-water-200-ml","status":"publish","type":"product","link":"https:\/\/bbqentertainment.com\/en\/toode\/artisan-yuzu-tokyo-tonic-water-200-ml\/","title":{"rendered":"Artisan Yuzu Tokyo Tonic Water 200 ml pudel (1 tk \/ 24 tk)"},"content":{"rendered":"<p><strong><span style=\"color: #282828\">Inglismaalt p\u00e4rit Artisan Drinks&#8217;i eriti innovaatlised toonikud ja limonaadid on k\u00f5ik valmistatud 100% looduslikest koostisosadest, on madala suhkrusisaldusega ja pakuvad v\u00e4ga ainulaadseid maitsekombinatsioone. Artisan jookide pudelikujundused on v\u00e4gagi silmatorkavalt ilusad. Iga toote pakend on justkui kunstiteos \u2014 illustratsioonid, millest iga\u00fcks loob mikserjoogile oma loo ja erip\u00e4rase v\u00e4limuse. See k\u00f5ik r\u00f5hutab Artisani jookidest \u00f5hkavat k\u00e4sit\u00f6\u00f6vaimu! Meil on hea meel tervitada teid Artisani peres ja hea meel, et tulete koos meiega Artisani reisile.<\/span><\/strong><\/p>\n<p><span style=\"color: #282828\">Seest ja v\u00e4ljast k\u00e4sit\u00f6\u00f6kvaliteediga Artisani jookide pakendikujundused on rahvusvaheliselt tuntud kunstniku Alan Walshi ikoonilised kujutised. Ta kombineerib asjatundlikult julgeid v\u00e4rve emotsioonidega, et tabada iga tegelase vaimu ja elegantsi. Pudeli sees olev kunst p\u00e4rineb Mikey Enrightilt, Austraalia tippbaariomanikult ja kokteilieksperdilt (The Barber Shop Sydney, mis on h\u00e4\u00e4letatud maailma parimaks ginnibaariks). Mikey on v\u00e4lja t\u00f6\u00f6tanud k\u00f5ik Artisani retseptid, kasutades ainult parimaid looduslikke koostisosi ja unikaalseid maitsekombinatsioone, et t\u00f5sta k\u00e4sit\u00f6\u00f6alkoholid, kui neid omavahel segada, j\u00e4rgmisele tasemele. Artisan soovib pakkuda igas m\u00f5ttes parimat!<\/span><\/p>\n<p><span style=\"color: #282828\">Artisan Pink Citrus Tonic Water on valitud k\u00f5igi aegade parima maitsega toonikuks Craft Gin Clubi 38 000+ liikmete poolt (konkursil osales \u00fcle 50 tooniku). Samal konkursil teise koha sai Artisani Amalfi Lime Tonic Water \u2014 seega toodi koju kaksikv\u00f5it! Kusjuures Artisan Classic Tonic Water valiti parimaks klassikaliseks toonikuks.<\/span><\/p>\n<p><strong><span style=\"color: #282828\">BBQ Entertainment O\u00dc on Artisan Drinks Ltd ametlik eksklusiivne maaletooja alates 2021.<\/span><\/strong><\/p>\n","protected":false},"excerpt":{"rendered":"<h3><strong>Artisan Yuzu Tokyo Tonic Water 200 ml pudel (1 tk \/ 24 tk)<\/strong><\/h3>\n<ul>\n<li><span style=\"color: #555555\">P\u00e4ritolumaa: Suurbritannia<\/span><\/li>\n<li><span style=\"color: #555555\">Tootja: Artisan Drinks Ltd<\/span><\/li>\n<li><span style=\"color: #555555\">Maaletooja: BBQ Entertainment O\u00dc<\/span><\/li>\n<li><span style=\"color: #555555\">Graatsiline, kuid v\u00f5imas, vaikne, kuid kihisev \u2014 see Jaapani Josei on ainulaadne. Ideaalne mixer gin&amp;tonic jaoks. Yuzu Tokyo Tonic Water jumaldab v\u00f5rdselt traditsioone ja modernsust. Idamaine fusioon, mis on inspireeritud \u00fchest maailma elavaimast ja loomingulisemast linnast, \u00fchendab kihiseva yuzu aromaatse musta pipra ja koriandri soojendavate nootidega.<\/span><\/li>\n<li><span style=\"color: #555555\">Looduslik kiniini allikas toorest tsinchona kooreekstraktist \u2013 see annab palju pehmema kiniini maitse v\u00f5rreldes paljudes toonikutes kasutatavate kunstlike kiniiniallikatega. Looduslikult tsitrusviljades leiduv tsitrushape aitab optimeerida toonikute kibedust ja kaitsta looduslikke maitseid.<\/span><\/li>\n<li><span style=\"color: #555555\">100% looduslikud koostisosad on kombineeritud, et luua t\u00e4iuslik esmaklassiline mikser.<\/span><\/li>\n<li><span style=\"color: #555555\">BAARIS S\u00dcNDINUD, MITTE LABORIS \u2013 k\u00f5ik Artisani mikserid on disainitud mitme auhinnatud d\u017einnibaari poolt. Siin toimub maagia, mille tulemuseks on v\u00f5luv maitsekombinatsioon!<\/span><\/li>\n<\/ul>\n<p>Aroom \u2014 iseloomulikud tsitruselised noodid peene v\u00fcrtsika aroomiga.<\/p>\n<p>Maitse \u2014 inspireeritud \u00fchest maailma elavaimast ja loomingulisemast linnast Tokyost. See idamaine fusioon \u00fchendab kihiseva yuzu aromaatse musta pipra ja koriandri soojendavate nootidega.<\/p>\n<p>Tekstuur \u2014 pehme ja elegantne.<\/p>\n<p>Ideaalne segu \u2014 ideaalne mixer d\u017einnide ja viskide, viina ja sake jaoks.<\/p>\n<p>Koostis: gaseeritud vesi, roosuhkur, sidrunhape, looduslikud l\u00f5hna- ja maitseained, sh yuzu, musta pipra ekstrakt, koriander ja kiniin. Toitev\u00e4\u00e4rtus 100ml kohta: energia 133kJ, s\u00fcsivesikuid 7,5g, millest suhkruid 7,5g. Sisaldab v\u00e4hesel m\u00e4\u00e4ral rasvu, k\u00fcllastunud valku ja soola. Ei sisalda kunstlikke v\u00e4rv-, s\u00e4ilitus- ega maitseaineid. Hoida jahedas ja v\u00e4ltida otsest p\u00e4ikest.<\/p>\n","protected":false},"featured_media":238933,"template":"","meta":{"inline_featured_image":false},"product_brand":[],"product_cat":[237,461],"product_tag":[],"class_list":{"0":"post-238940","1":"product","2":"type-product","3":"status-publish","4":"has-post-thumbnail","6":"product_cat-toonikud","7":"product_cat-artisan","9":"first","10":"instock","11":"taxable","12":"shipping-taxable","13":"purchasable","14":"product-type-variable"},"yoast_head":"<!-- This site is optimized with the Yoast SEO plugin v27.4 - https:\/\/yoast.com\/product\/yoast-seo-wordpress\/ -->\n<title>Artisan Yuzu Tokyo Tonic Water 200 ml pudel (1 tk \/ 24 tk) - BBQ Entertainment<\/title>\n<meta name=\"robots\" content=\"index, follow, max-snippet:-1, max-image-preview:large, max-video-preview:-1\" \/>\n<link rel=\"canonical\" href=\"https:\/\/bbqentertainment.com\/toode\/artisan-yuzu-tokyo-tonic-water-200-ml\/\" \/>\n<meta property=\"og:locale\" content=\"en_US\" \/>\n<meta property=\"og:type\" content=\"article\" \/>\n<meta property=\"og:title\" content=\"Artisan Yuzu Tokyo Tonic Water 200 ml pudel (1 tk \/ 24 tk) - BBQ Entertainment\" \/>\n<meta property=\"og:description\" content=\"Artisan Yuzu Tokyo Tonic Water 200 ml pudel (1 tk \/ 24 tk)   P\u00e4ritolumaa: Suurbritannia  Tootja: Artisan Drinks Ltd  Maaletooja: BBQ Entertainment O\u00dc  Graatsiline, kuid v\u00f5imas, vaikne, kuid kihisev \u2014 see Jaapani Josei on ainulaadne. Ideaalne mixer gin&amp;tonic jaoks. Yuzu Tokyo Tonic Water jumaldab v\u00f5rdselt traditsioone ja modernsust. Idamaine fusioon, mis on inspireeritud \u00fchest maailma elavaimast ja loomingulisemast linnast, \u00fchendab kihiseva yuzu aromaatse musta pipra ja koriandri soojendavate nootidega.  Looduslik kiniini allikas toorest tsinchona kooreekstraktist \u2013 see annab palju pehmema kiniini maitse v\u00f5rreldes paljudes toonikutes kasutatavate kunstlike kiniiniallikatega. Looduslikult tsitrusviljades leiduv tsitrushape aitab optimeerida toonikute kibedust ja kaitsta looduslikke maitseid.  100% looduslikud koostisosad on kombineeritud, et luua t\u00e4iuslik esmaklassiline mikser.  BAARIS S\u00dcNDINUD, MITTE LABORIS \u2013 k\u00f5ik Artisani mikserid on disainitud mitme auhinnatud d\u017einnibaari poolt. Siin toimub maagia, mille tulemuseks on v\u00f5luv maitsekombinatsioon!  Aroom \u2014 iseloomulikud tsitruselised noodid peene v\u00fcrtsika aroomiga.  Maitse \u2014 inspireeritud \u00fchest maailma elavaimast ja loomingulisemast linnast Tokyost. See idamaine fusioon \u00fchendab kihiseva yuzu aromaatse musta pipra ja koriandri soojendavate nootidega.  Tekstuur \u2014 pehme ja elegantne.  Ideaalne segu \u2014 ideaalne mixer d\u017einnide ja viskide, viina ja sake jaoks.  Koostis: gaseeritud vesi, roosuhkur, sidrunhape, looduslikud l\u00f5hna- ja maitseained, sh yuzu, musta pipra ekstrakt, koriander ja kiniin. Toitev\u00e4\u00e4rtus 100ml kohta: energia 133kJ, s\u00fcsivesikuid 7,5g, millest suhkruid 7,5g. Sisaldab v\u00e4hesel m\u00e4\u00e4ral rasvu, k\u00fcllastunud valku ja soola. Ei sisalda kunstlikke v\u00e4rv-, s\u00e4ilitus- ega maitseaineid. Hoida jahedas ja v\u00e4ltida otsest p\u00e4ikest.\" \/>\n<meta property=\"og:url\" content=\"https:\/\/bbqentertainment.com\/toode\/artisan-yuzu-tokyo-tonic-water-200-ml\/\" \/>\n<meta property=\"og:site_name\" content=\"BBQ Entertainment\" \/>\n<meta property=\"article:publisher\" content=\"https:\/\/www.facebook.com\/BBQ-Entertainment-N-Catering-2437913376443540\" \/>\n<meta property=\"article:modified_time\" content=\"2025-11-24T16:12:17+00:00\" \/>\n<meta property=\"og:image\" content=\"https:\/\/bbqentertainment.com\/wp-content\/uploads\/2022\/05\/Artisan-Yuzu-Tokyo-Tonic-Water-200-ml-pudel.jpg\" \/>\n\t<meta property=\"og:image:width\" content=\"1200\" \/>\n\t<meta property=\"og:image:height\" content=\"1200\" \/>\n\t<meta property=\"og:image:type\" content=\"image\/jpeg\" \/>\n<meta name=\"twitter:card\" content=\"summary_large_image\" \/>\n<meta name=\"twitter:label1\" content=\"Est. reading time\" \/>\n\t<meta name=\"twitter:data1\" content=\"2 minutes\" \/>\n<script type=\"application\/ld+json\" class=\"yoast-schema-graph\">{\"@context\":\"https:\\\/\\\/schema.org\",\"@graph\":[{\"@type\":[\"WebPage\",\"ItemPage\"],\"@id\":\"https:\\\/\\\/bbqentertainment.com\\\/toode\\\/artisan-yuzu-tokyo-tonic-water-200-ml\\\/\",\"url\":\"https:\\\/\\\/bbqentertainment.com\\\/toode\\\/artisan-yuzu-tokyo-tonic-water-200-ml\\\/\",\"name\":\"Artisan Yuzu Tokyo Tonic Water 200 ml pudel (1 tk \\\/ 24 tk) - BBQ Entertainment\",\"isPartOf\":{\"@id\":\"https:\\\/\\\/bbqentertainment.com\\\/#website\"},\"primaryImageOfPage\":{\"@id\":\"https:\\\/\\\/bbqentertainment.com\\\/toode\\\/artisan-yuzu-tokyo-tonic-water-200-ml\\\/#primaryimage\"},\"image\":{\"@id\":\"https:\\\/\\\/bbqentertainment.com\\\/toode\\\/artisan-yuzu-tokyo-tonic-water-200-ml\\\/#primaryimage\"},\"thumbnailUrl\":\"https:\\\/\\\/bbqentertainment.com\\\/wp-content\\\/uploads\\\/2022\\\/05\\\/Artisan-Yuzu-Tokyo-Tonic-Water-200-ml-pudel.jpg\",\"datePublished\":\"2022-05-08T19:43:01+00:00\",\"dateModified\":\"2025-11-24T16:12:17+00:00\",\"breadcrumb\":{\"@id\":\"https:\\\/\\\/bbqentertainment.com\\\/toode\\\/artisan-yuzu-tokyo-tonic-water-200-ml\\\/#breadcrumb\"},\"inLanguage\":\"en-US\",\"potentialAction\":[{\"@type\":\"ReadAction\",\"target\":[\"https:\\\/\\\/bbqentertainment.com\\\/toode\\\/artisan-yuzu-tokyo-tonic-water-200-ml\\\/\"]}]},{\"@type\":\"ImageObject\",\"inLanguage\":\"en-US\",\"@id\":\"https:\\\/\\\/bbqentertainment.com\\\/toode\\\/artisan-yuzu-tokyo-tonic-water-200-ml\\\/#primaryimage\",\"url\":\"https:\\\/\\\/bbqentertainment.com\\\/wp-content\\\/uploads\\\/2022\\\/05\\\/Artisan-Yuzu-Tokyo-Tonic-Water-200-ml-pudel.jpg\",\"contentUrl\":\"https:\\\/\\\/bbqentertainment.com\\\/wp-content\\\/uploads\\\/2022\\\/05\\\/Artisan-Yuzu-Tokyo-Tonic-Water-200-ml-pudel.jpg\",\"width\":1200,\"height\":1200},{\"@type\":\"BreadcrumbList\",\"@id\":\"https:\\\/\\\/bbqentertainment.com\\\/toode\\\/artisan-yuzu-tokyo-tonic-water-200-ml\\\/#breadcrumb\",\"itemListElement\":[{\"@type\":\"ListItem\",\"position\":1,\"name\":\"AVALEHT\",\"item\":\"https:\\\/\\\/bbqentertainment.com\\\/en\\\/\"},{\"@type\":\"ListItem\",\"position\":2,\"name\":\"Tooted\",\"item\":\"https:\\\/\\\/bbqentertainment.com\\\/tooted\\\/\"},{\"@type\":\"ListItem\",\"position\":3,\"name\":\"Joogid\",\"item\":\"https:\\\/\\\/bbqentertainment.com\\\/tootekategooria\\\/joogid\\\/\"},{\"@type\":\"ListItem\",\"position\":4,\"name\":\"Toonikud ja limonaadid\",\"item\":\"https:\\\/\\\/bbqentertainment.com\\\/tootekategooria\\\/joogid\\\/toonikud\\\/\"},{\"@type\":\"ListItem\",\"position\":5,\"name\":\"ARTISAN\",\"item\":\"https:\\\/\\\/bbqentertainment.com\\\/tootekategooria\\\/joogid\\\/toonikud\\\/artisan\\\/\"},{\"@type\":\"ListItem\",\"position\":6,\"name\":\"Artisan Yuzu Tokyo Tonic Water 200 ml pudel (1 tk \\\/ 24 tk)\"}]},{\"@type\":\"WebSite\",\"@id\":\"https:\\\/\\\/bbqentertainment.com\\\/#website\",\"url\":\"https:\\\/\\\/bbqentertainment.com\\\/\",\"name\":\"BBQ Entertainment\",\"description\":\"BBQ is a great lifestyle, not just fun!\",\"publisher\":{\"@id\":\"https:\\\/\\\/bbqentertainment.com\\\/#organization\"},\"potentialAction\":[{\"@type\":\"SearchAction\",\"target\":{\"@type\":\"EntryPoint\",\"urlTemplate\":\"https:\\\/\\\/bbqentertainment.com\\\/?s={search_term_string}\"},\"query-input\":{\"@type\":\"PropertyValueSpecification\",\"valueRequired\":true,\"valueName\":\"search_term_string\"}}],\"inLanguage\":\"en-US\"},{\"@type\":\"Organization\",\"@id\":\"https:\\\/\\\/bbqentertainment.com\\\/#organization\",\"name\":\"BBQ Entertainment O\u00dc\",\"url\":\"https:\\\/\\\/bbqentertainment.com\\\/\",\"logo\":{\"@type\":\"ImageObject\",\"inLanguage\":\"en-US\",\"@id\":\"https:\\\/\\\/bbqentertainment.com\\\/#\\\/schema\\\/logo\\\/image\\\/\",\"url\":\"https:\\\/\\\/bbqentertainment.com\\\/wp-content\\\/uploads\\\/2020\\\/04\\\/BBQ-Entertainment-N-Catering-Enn-Tobreluts-Logo.png\",\"contentUrl\":\"https:\\\/\\\/bbqentertainment.com\\\/wp-content\\\/uploads\\\/2020\\\/04\\\/BBQ-Entertainment-N-Catering-Enn-Tobreluts-Logo.png\",\"width\":628,\"height\":266,\"caption\":\"BBQ Entertainment O\u00dc\"},\"image\":{\"@id\":\"https:\\\/\\\/bbqentertainment.com\\\/#\\\/schema\\\/logo\\\/image\\\/\"},\"sameAs\":[\"https:\\\/\\\/www.facebook.com\\\/BBQ-Entertainment-N-Catering-2437913376443540\",\"https:\\\/\\\/www.instagram.com\\\/bbqentertainmentncatering\\\/\",\"https:\\\/\\\/www.youtube.com\\\/channel\\\/UCmpuANQVhLy2Md8nrenp2jA\"]}]}<\/script>\n<!-- \/ Yoast SEO plugin. -->","yoast_head_json":{"title":"Artisan Yuzu Tokyo Tonic Water 200 ml pudel (1 tk \/ 24 tk) - BBQ Entertainment","robots":{"index":"index","follow":"follow","max-snippet":"max-snippet:-1","max-image-preview":"max-image-preview:large","max-video-preview":"max-video-preview:-1"},"canonical":"https:\/\/bbqentertainment.com\/toode\/artisan-yuzu-tokyo-tonic-water-200-ml\/","og_locale":"en_US","og_type":"article","og_title":"Artisan Yuzu Tokyo Tonic Water 200 ml pudel (1 tk \/ 24 tk) - BBQ Entertainment","og_description":"Artisan Yuzu Tokyo Tonic Water 200 ml pudel (1 tk \/ 24 tk)   P\u00e4ritolumaa: Suurbritannia  Tootja: Artisan Drinks Ltd  Maaletooja: BBQ Entertainment O\u00dc  Graatsiline, kuid v\u00f5imas, vaikne, kuid kihisev \u2014 see Jaapani Josei on ainulaadne. Ideaalne mixer gin&amp;tonic jaoks. Yuzu Tokyo Tonic Water jumaldab v\u00f5rdselt traditsioone ja modernsust. Idamaine fusioon, mis on inspireeritud \u00fchest maailma elavaimast ja loomingulisemast linnast, \u00fchendab kihiseva yuzu aromaatse musta pipra ja koriandri soojendavate nootidega.  Looduslik kiniini allikas toorest tsinchona kooreekstraktist \u2013 see annab palju pehmema kiniini maitse v\u00f5rreldes paljudes toonikutes kasutatavate kunstlike kiniiniallikatega. Looduslikult tsitrusviljades leiduv tsitrushape aitab optimeerida toonikute kibedust ja kaitsta looduslikke maitseid.  100% looduslikud koostisosad on kombineeritud, et luua t\u00e4iuslik esmaklassiline mikser.  BAARIS S\u00dcNDINUD, MITTE LABORIS \u2013 k\u00f5ik Artisani mikserid on disainitud mitme auhinnatud d\u017einnibaari poolt. Siin toimub maagia, mille tulemuseks on v\u00f5luv maitsekombinatsioon!  Aroom \u2014 iseloomulikud tsitruselised noodid peene v\u00fcrtsika aroomiga.  Maitse \u2014 inspireeritud \u00fchest maailma elavaimast ja loomingulisemast linnast Tokyost. See idamaine fusioon \u00fchendab kihiseva yuzu aromaatse musta pipra ja koriandri soojendavate nootidega.  Tekstuur \u2014 pehme ja elegantne.  Ideaalne segu \u2014 ideaalne mixer d\u017einnide ja viskide, viina ja sake jaoks.  Koostis: gaseeritud vesi, roosuhkur, sidrunhape, looduslikud l\u00f5hna- ja maitseained, sh yuzu, musta pipra ekstrakt, koriander ja kiniin. Toitev\u00e4\u00e4rtus 100ml kohta: energia 133kJ, s\u00fcsivesikuid 7,5g, millest suhkruid 7,5g. Sisaldab v\u00e4hesel m\u00e4\u00e4ral rasvu, k\u00fcllastunud valku ja soola. Ei sisalda kunstlikke v\u00e4rv-, s\u00e4ilitus- ega maitseaineid. Hoida jahedas ja v\u00e4ltida otsest p\u00e4ikest.","og_url":"https:\/\/bbqentertainment.com\/toode\/artisan-yuzu-tokyo-tonic-water-200-ml\/","og_site_name":"BBQ Entertainment","article_publisher":"https:\/\/www.facebook.com\/BBQ-Entertainment-N-Catering-2437913376443540","article_modified_time":"2025-11-24T16:12:17+00:00","og_image":[{"width":1200,"height":1200,"url":"https:\/\/bbqentertainment.com\/wp-content\/uploads\/2022\/05\/Artisan-Yuzu-Tokyo-Tonic-Water-200-ml-pudel.jpg","type":"image\/jpeg"}],"twitter_card":"summary_large_image","twitter_misc":{"Est. reading time":"2 minutes"},"schema":{"@context":"https:\/\/schema.org","@graph":[{"@type":["WebPage","ItemPage"],"@id":"https:\/\/bbqentertainment.com\/toode\/artisan-yuzu-tokyo-tonic-water-200-ml\/","url":"https:\/\/bbqentertainment.com\/toode\/artisan-yuzu-tokyo-tonic-water-200-ml\/","name":"Artisan Yuzu Tokyo Tonic Water 200 ml pudel (1 tk \/ 24 tk) - BBQ Entertainment","isPartOf":{"@id":"https:\/\/bbqentertainment.com\/#website"},"primaryImageOfPage":{"@id":"https:\/\/bbqentertainment.com\/toode\/artisan-yuzu-tokyo-tonic-water-200-ml\/#primaryimage"},"image":{"@id":"https:\/\/bbqentertainment.com\/toode\/artisan-yuzu-tokyo-tonic-water-200-ml\/#primaryimage"},"thumbnailUrl":"https:\/\/bbqentertainment.com\/wp-content\/uploads\/2022\/05\/Artisan-Yuzu-Tokyo-Tonic-Water-200-ml-pudel.jpg","datePublished":"2022-05-08T19:43:01+00:00","dateModified":"2025-11-24T16:12:17+00:00","breadcrumb":{"@id":"https:\/\/bbqentertainment.com\/toode\/artisan-yuzu-tokyo-tonic-water-200-ml\/#breadcrumb"},"inLanguage":"en-US","potentialAction":[{"@type":"ReadAction","target":["https:\/\/bbqentertainment.com\/toode\/artisan-yuzu-tokyo-tonic-water-200-ml\/"]}]},{"@type":"ImageObject","inLanguage":"en-US","@id":"https:\/\/bbqentertainment.com\/toode\/artisan-yuzu-tokyo-tonic-water-200-ml\/#primaryimage","url":"https:\/\/bbqentertainment.com\/wp-content\/uploads\/2022\/05\/Artisan-Yuzu-Tokyo-Tonic-Water-200-ml-pudel.jpg","contentUrl":"https:\/\/bbqentertainment.com\/wp-content\/uploads\/2022\/05\/Artisan-Yuzu-Tokyo-Tonic-Water-200-ml-pudel.jpg","width":1200,"height":1200},{"@type":"BreadcrumbList","@id":"https:\/\/bbqentertainment.com\/toode\/artisan-yuzu-tokyo-tonic-water-200-ml\/#breadcrumb","itemListElement":[{"@type":"ListItem","position":1,"name":"AVALEHT","item":"https:\/\/bbqentertainment.com\/en\/"},{"@type":"ListItem","position":2,"name":"Tooted","item":"https:\/\/bbqentertainment.com\/tooted\/"},{"@type":"ListItem","position":3,"name":"Joogid","item":"https:\/\/bbqentertainment.com\/tootekategooria\/joogid\/"},{"@type":"ListItem","position":4,"name":"Toonikud ja limonaadid","item":"https:\/\/bbqentertainment.com\/tootekategooria\/joogid\/toonikud\/"},{"@type":"ListItem","position":5,"name":"ARTISAN","item":"https:\/\/bbqentertainment.com\/tootekategooria\/joogid\/toonikud\/artisan\/"},{"@type":"ListItem","position":6,"name":"Artisan Yuzu Tokyo Tonic Water 200 ml pudel (1 tk \/ 24 tk)"}]},{"@type":"WebSite","@id":"https:\/\/bbqentertainment.com\/#website","url":"https:\/\/bbqentertainment.com\/","name":"BBQ Entertainment","description":"BBQ is a great lifestyle, not just fun!","publisher":{"@id":"https:\/\/bbqentertainment.com\/#organization"},"potentialAction":[{"@type":"SearchAction","target":{"@type":"EntryPoint","urlTemplate":"https:\/\/bbqentertainment.com\/?s={search_term_string}"},"query-input":{"@type":"PropertyValueSpecification","valueRequired":true,"valueName":"search_term_string"}}],"inLanguage":"en-US"},{"@type":"Organization","@id":"https:\/\/bbqentertainment.com\/#organization","name":"BBQ Entertainment O\u00dc","url":"https:\/\/bbqentertainment.com\/","logo":{"@type":"ImageObject","inLanguage":"en-US","@id":"https:\/\/bbqentertainment.com\/#\/schema\/logo\/image\/","url":"https:\/\/bbqentertainment.com\/wp-content\/uploads\/2020\/04\/BBQ-Entertainment-N-Catering-Enn-Tobreluts-Logo.png","contentUrl":"https:\/\/bbqentertainment.com\/wp-content\/uploads\/2020\/04\/BBQ-Entertainment-N-Catering-Enn-Tobreluts-Logo.png","width":628,"height":266,"caption":"BBQ Entertainment O\u00dc"},"image":{"@id":"https:\/\/bbqentertainment.com\/#\/schema\/logo\/image\/"},"sameAs":["https:\/\/www.facebook.com\/BBQ-Entertainment-N-Catering-2437913376443540","https:\/\/www.instagram.com\/bbqentertainmentncatering\/","https:\/\/www.youtube.com\/channel\/UCmpuANQVhLy2Md8nrenp2jA"]}]}},"_links":{"self":[{"href":"https:\/\/bbqentertainment.com\/en\/wp-json\/wp\/v2\/product\/238940","targetHints":{"allow":["GET"]}}],"collection":[{"href":"https:\/\/bbqentertainment.com\/en\/wp-json\/wp\/v2\/product"}],"about":[{"href":"https:\/\/bbqentertainment.com\/en\/wp-json\/wp\/v2\/types\/product"}],"wp:featuredmedia":[{"embeddable":true,"href":"https:\/\/bbqentertainment.com\/en\/wp-json\/wp\/v2\/media\/238933"}],"wp:attachment":[{"href":"https:\/\/bbqentertainment.com\/en\/wp-json\/wp\/v2\/media?parent=238940"}],"wp:term":[{"taxonomy":"product_brand","embeddable":true,"href":"https:\/\/bbqentertainment.com\/en\/wp-json\/wp\/v2\/product_brand?post=238940"},{"taxonomy":"product_cat","embeddable":true,"href":"https:\/\/bbqentertainment.com\/en\/wp-json\/wp\/v2\/product_cat?post=238940"},{"taxonomy":"product_tag","embeddable":true,"href":"https:\/\/bbqentertainment.com\/en\/wp-json\/wp\/v2\/product_tag?post=238940"}],"curies":[{"name":"wp","href":"https:\/\/api.w.org\/{rel}","templated":true}]}}