{"id":239005,"date":"2022-05-09T00:05:28","date_gmt":"2022-05-08T22:05:28","guid":{"rendered":"https:\/\/bbqentertainment.com\/?post_type=product&#038;p=239005"},"modified":"2026-03-08T21:10:04","modified_gmt":"2026-03-08T19:10:04","slug":"kaasaskantav-mini-soegrill","status":"publish","type":"product","link":"https:\/\/bbqentertainment.com\/en\/toode\/kaasaskantav-mini-soegrill\/","title":{"rendered":"Kaasaskantav MINI-S\u00d6EGRILL"},"content":{"rendered":"","protected":false},"excerpt":{"rendered":"<h3><span style=\"color: #000000;\"><strong>Kaasaskantav MINI-S\u00d6EGRILL (ekstra tugev ja vastupidav)<\/strong><\/span><\/h3>\n<ul>\n<li><span style=\"color: #000000;\">Enn Tobrelutsu disainitud kvaliteetne, tugev ja vastupidav mini-s\u00f6egrill.<\/span><\/li>\n<li><span style=\"color: #000000;\">Paksust &amp; tugevast roostevabast terasest, grillresti, grillrestit\u00f5stja ja tuhaplaadiga.<\/span><\/li>\n<li><span style=\"color: #000000;\">Grilli kaane ja tulekolde roostevabast terasest korpuse paksus on koguni 1 mm ja grillresti paksus on 4 mm &#8211; seega on see paksem kui paljudel suurtel grilldel! \u00dclimalt tugev ja vastupidav!<\/span><\/li>\n<li><span style=\"color: #000000;\">Kollete k\u00f5rgused tagavad piisava ruumi k\u00fcpsetamiseks nii k\u00f5rgemal kui madalamal kuumusel.<\/span><\/li>\n<li><span style=\"color: #000000;\">K\u00fcpsetuskoldes on piisavalt ruumi ka k\u00f5rgema grillpala jaoks (nt terve kana \u00f5llepurgi otsas vms).<\/span><\/li>\n<li><span style=\"color: #000000;\">T\u00e4nu kaanekinnitile on grilli mugav kaasas kanda.<\/span><\/li>\n<li><span style=\"color: #000000;\">Pakendil on p\u00f5hjalikud Enn Tobrelutsu eesti keelsed grillimis\u00f5petused\/nipid ja kasutusjuhend.<\/span><\/li>\n<li><span style=\"color: #000000;\">Toodetud Hiinas. Maaletooja: BBQ Entertainment O\u00dc.<\/span><\/li>\n<\/ul>\n<p><span style=\"color: #000000;\">Kupli l\u00e4bim\u00f5\u00f5t 35 cm \/ 14&#8221;, s\u00f6ekolde k\u00f5rgus 17 cm, k\u00fcpsetuskolde k\u00f5rgus 19 cm, grilli k\u00f5rgus sh jalad 54 cm, grillikaal ca 3,5 kg. Pakendi m\u00f5\u00f5dud: 19 \u00d7 37 \u00d7 37 cm.<\/span><\/p>\n","protected":false},"featured_media":239006,"template":"","meta":{"inline_featured_image":false},"product_brand":[],"product_cat":[17,238,211,178],"product_tag":[],"class_list":{"0":"post-239005","1":"product","2":"type-product","3":"status-publish","4":"has-post-thumbnail","6":"product_cat-grillid-ja-ahjud","7":"product_cat-muud-grillid-ja-ahjud","8":"product_cat-grillep","9":"product_cat-muud-tooted","11":"first","12":"instock","13":"sale","14":"taxable","15":"shipping-taxable","16":"purchasable","17":"product-type-simple"},"yoast_head":"<!-- This site is optimized with the Yoast SEO plugin v27.4 - https:\/\/yoast.com\/product\/yoast-seo-wordpress\/ -->\n<title>Kaasaskantav MINI-S\u00d6EGRILL - BBQ Entertainment<\/title>\n<meta name=\"robots\" content=\"index, follow, max-snippet:-1, max-image-preview:large, max-video-preview:-1\" \/>\n<link rel=\"canonical\" href=\"https:\/\/bbqentertainment.com\/toode\/kaasaskantav-mini-soegrill\/\" \/>\n<meta property=\"og:locale\" content=\"en_US\" \/>\n<meta property=\"og:type\" content=\"article\" \/>\n<meta property=\"og:title\" content=\"Kaasaskantav MINI-S\u00d6EGRILL - BBQ Entertainment\" \/>\n<meta property=\"og:description\" content=\"Kaasaskantav MINI-S\u00d6EGRILL (ekstra tugev ja vastupidav)   Enn Tobrelutsu disainitud kvaliteetne, tugev ja vastupidav mini-s\u00f6egrill.  Paksust &amp; tugevast roostevabast terasest, grillresti, grillrestit\u00f5stja ja tuhaplaadiga.  Grilli kaane ja tulekolde roostevabast terasest korpuse paksus on koguni 1 mm ja grillresti paksus on 4 mm - seega on see paksem kui paljudel suurtel grilldel! \u00dclimalt tugev ja vastupidav!  Kollete k\u00f5rgused tagavad piisava ruumi k\u00fcpsetamiseks nii k\u00f5rgemal kui madalamal kuumusel.  K\u00fcpsetuskoldes on piisavalt ruumi ka k\u00f5rgema grillpala jaoks (nt terve kana \u00f5llepurgi otsas vms).  T\u00e4nu kaanekinnitile on grilli mugav kaasas kanda.  Pakendil on p\u00f5hjalikud Enn Tobrelutsu eesti keelsed grillimis\u00f5petused\/nipid ja kasutusjuhend.  Toodetud Hiinas. Maaletooja: BBQ Entertainment O\u00dc.  Kupli l\u00e4bim\u00f5\u00f5t 35 cm \/ 14&#039;&#039;, s\u00f6ekolde k\u00f5rgus 17 cm, k\u00fcpsetuskolde k\u00f5rgus 19 cm, grilli k\u00f5rgus sh jalad 54 cm, grillikaal ca 3,5 kg. Pakendi m\u00f5\u00f5dud: 19 \u00d7 37 \u00d7 37 cm.\" \/>\n<meta property=\"og:url\" content=\"https:\/\/bbqentertainment.com\/toode\/kaasaskantav-mini-soegrill\/\" \/>\n<meta property=\"og:site_name\" content=\"BBQ Entertainment\" \/>\n<meta property=\"article:publisher\" content=\"https:\/\/www.facebook.com\/BBQ-Entertainment-N-Catering-2437913376443540\" \/>\n<meta property=\"article:modified_time\" content=\"2026-03-08T19:10:04+00:00\" \/>\n<meta property=\"og:image\" content=\"https:\/\/bbqentertainment.com\/wp-content\/uploads\/2022\/05\/EAN-0726754941061-BBQ-Entertainment-Kaasaskantav-MINI-SOEGRILL-..jpg\" \/>\n\t<meta property=\"og:image:width\" content=\"1200\" \/>\n\t<meta property=\"og:image:height\" content=\"1200\" \/>\n\t<meta property=\"og:image:type\" content=\"image\/jpeg\" \/>\n<meta name=\"twitter:card\" content=\"summary_large_image\" \/>\n<meta name=\"twitter:label1\" content=\"Est. reading time\" \/>\n\t<meta name=\"twitter:data1\" content=\"1 minute\" \/>\n<script type=\"application\/ld+json\" class=\"yoast-schema-graph\">{\"@context\":\"https:\\\/\\\/schema.org\",\"@graph\":[{\"@type\":[\"WebPage\",\"ItemPage\"],\"@id\":\"https:\\\/\\\/bbqentertainment.com\\\/toode\\\/kaasaskantav-mini-soegrill\\\/\",\"url\":\"https:\\\/\\\/bbqentertainment.com\\\/toode\\\/kaasaskantav-mini-soegrill\\\/\",\"name\":\"Kaasaskantav MINI-S\u00d6EGRILL - BBQ Entertainment\",\"isPartOf\":{\"@id\":\"https:\\\/\\\/bbqentertainment.com\\\/#website\"},\"primaryImageOfPage\":{\"@id\":\"https:\\\/\\\/bbqentertainment.com\\\/toode\\\/kaasaskantav-mini-soegrill\\\/#primaryimage\"},\"image\":{\"@id\":\"https:\\\/\\\/bbqentertainment.com\\\/toode\\\/kaasaskantav-mini-soegrill\\\/#primaryimage\"},\"thumbnailUrl\":\"https:\\\/\\\/bbqentertainment.com\\\/wp-content\\\/uploads\\\/2022\\\/05\\\/EAN-0726754941061-BBQ-Entertainment-Kaasaskantav-MINI-SOEGRILL-..jpg\",\"datePublished\":\"2022-05-08T22:05:28+00:00\",\"dateModified\":\"2026-03-08T19:10:04+00:00\",\"breadcrumb\":{\"@id\":\"https:\\\/\\\/bbqentertainment.com\\\/toode\\\/kaasaskantav-mini-soegrill\\\/#breadcrumb\"},\"inLanguage\":\"en-US\",\"potentialAction\":[{\"@type\":\"ReadAction\",\"target\":[\"https:\\\/\\\/bbqentertainment.com\\\/toode\\\/kaasaskantav-mini-soegrill\\\/\"]}]},{\"@type\":\"ImageObject\",\"inLanguage\":\"en-US\",\"@id\":\"https:\\\/\\\/bbqentertainment.com\\\/toode\\\/kaasaskantav-mini-soegrill\\\/#primaryimage\",\"url\":\"https:\\\/\\\/bbqentertainment.com\\\/wp-content\\\/uploads\\\/2022\\\/05\\\/EAN-0726754941061-BBQ-Entertainment-Kaasaskantav-MINI-SOEGRILL-..jpg\",\"contentUrl\":\"https:\\\/\\\/bbqentertainment.com\\\/wp-content\\\/uploads\\\/2022\\\/05\\\/EAN-0726754941061-BBQ-Entertainment-Kaasaskantav-MINI-SOEGRILL-..jpg\",\"width\":1200,\"height\":1200},{\"@type\":\"BreadcrumbList\",\"@id\":\"https:\\\/\\\/bbqentertainment.com\\\/toode\\\/kaasaskantav-mini-soegrill\\\/#breadcrumb\",\"itemListElement\":[{\"@type\":\"ListItem\",\"position\":1,\"name\":\"AVALEHT\",\"item\":\"https:\\\/\\\/bbqentertainment.com\\\/en\\\/\"},{\"@type\":\"ListItem\",\"position\":2,\"name\":\"Tooted\",\"item\":\"https:\\\/\\\/bbqentertainment.com\\\/tooted\\\/\"},{\"@type\":\"ListItem\",\"position\":3,\"name\":\"Grillid ja ahjud\",\"item\":\"https:\\\/\\\/bbqentertainment.com\\\/tootekategooria\\\/grillid-ja-ahjud\\\/\"},{\"@type\":\"ListItem\",\"position\":4,\"name\":\"MUUD GRILLID ja AHJUD\",\"item\":\"https:\\\/\\\/bbqentertainment.com\\\/tootekategooria\\\/grillid-ja-ahjud\\\/muud-grillid-ja-ahjud\\\/\"},{\"@type\":\"ListItem\",\"position\":5,\"name\":\"Kaasaskantav MINI-S\u00d6EGRILL\"}]},{\"@type\":\"WebSite\",\"@id\":\"https:\\\/\\\/bbqentertainment.com\\\/#website\",\"url\":\"https:\\\/\\\/bbqentertainment.com\\\/\",\"name\":\"BBQ Entertainment\",\"description\":\"BBQ is a great lifestyle, not just fun!\",\"publisher\":{\"@id\":\"https:\\\/\\\/bbqentertainment.com\\\/#organization\"},\"potentialAction\":[{\"@type\":\"SearchAction\",\"target\":{\"@type\":\"EntryPoint\",\"urlTemplate\":\"https:\\\/\\\/bbqentertainment.com\\\/?s={search_term_string}\"},\"query-input\":{\"@type\":\"PropertyValueSpecification\",\"valueRequired\":true,\"valueName\":\"search_term_string\"}}],\"inLanguage\":\"en-US\"},{\"@type\":\"Organization\",\"@id\":\"https:\\\/\\\/bbqentertainment.com\\\/#organization\",\"name\":\"BBQ Entertainment O\u00dc\",\"url\":\"https:\\\/\\\/bbqentertainment.com\\\/\",\"logo\":{\"@type\":\"ImageObject\",\"inLanguage\":\"en-US\",\"@id\":\"https:\\\/\\\/bbqentertainment.com\\\/#\\\/schema\\\/logo\\\/image\\\/\",\"url\":\"https:\\\/\\\/bbqentertainment.com\\\/wp-content\\\/uploads\\\/2020\\\/04\\\/BBQ-Entertainment-N-Catering-Enn-Tobreluts-Logo.png\",\"contentUrl\":\"https:\\\/\\\/bbqentertainment.com\\\/wp-content\\\/uploads\\\/2020\\\/04\\\/BBQ-Entertainment-N-Catering-Enn-Tobreluts-Logo.png\",\"width\":628,\"height\":266,\"caption\":\"BBQ Entertainment O\u00dc\"},\"image\":{\"@id\":\"https:\\\/\\\/bbqentertainment.com\\\/#\\\/schema\\\/logo\\\/image\\\/\"},\"sameAs\":[\"https:\\\/\\\/www.facebook.com\\\/BBQ-Entertainment-N-Catering-2437913376443540\",\"https:\\\/\\\/www.instagram.com\\\/bbqentertainmentncatering\\\/\",\"https:\\\/\\\/www.youtube.com\\\/channel\\\/UCmpuANQVhLy2Md8nrenp2jA\"]}]}<\/script>\n<!-- \/ Yoast SEO plugin. -->","yoast_head_json":{"title":"Kaasaskantav MINI-S\u00d6EGRILL - BBQ Entertainment","robots":{"index":"index","follow":"follow","max-snippet":"max-snippet:-1","max-image-preview":"max-image-preview:large","max-video-preview":"max-video-preview:-1"},"canonical":"https:\/\/bbqentertainment.com\/toode\/kaasaskantav-mini-soegrill\/","og_locale":"en_US","og_type":"article","og_title":"Kaasaskantav MINI-S\u00d6EGRILL - BBQ Entertainment","og_description":"Kaasaskantav MINI-S\u00d6EGRILL (ekstra tugev ja vastupidav)   Enn Tobrelutsu disainitud kvaliteetne, tugev ja vastupidav mini-s\u00f6egrill.  Paksust &amp; tugevast roostevabast terasest, grillresti, grillrestit\u00f5stja ja tuhaplaadiga.  Grilli kaane ja tulekolde roostevabast terasest korpuse paksus on koguni 1 mm ja grillresti paksus on 4 mm - seega on see paksem kui paljudel suurtel grilldel! \u00dclimalt tugev ja vastupidav!  Kollete k\u00f5rgused tagavad piisava ruumi k\u00fcpsetamiseks nii k\u00f5rgemal kui madalamal kuumusel.  K\u00fcpsetuskoldes on piisavalt ruumi ka k\u00f5rgema grillpala jaoks (nt terve kana \u00f5llepurgi otsas vms).  T\u00e4nu kaanekinnitile on grilli mugav kaasas kanda.  Pakendil on p\u00f5hjalikud Enn Tobrelutsu eesti keelsed grillimis\u00f5petused\/nipid ja kasutusjuhend.  Toodetud Hiinas. Maaletooja: BBQ Entertainment O\u00dc.  Kupli l\u00e4bim\u00f5\u00f5t 35 cm \/ 14'', s\u00f6ekolde k\u00f5rgus 17 cm, k\u00fcpsetuskolde k\u00f5rgus 19 cm, grilli k\u00f5rgus sh jalad 54 cm, grillikaal ca 3,5 kg. Pakendi m\u00f5\u00f5dud: 19 \u00d7 37 \u00d7 37 cm.","og_url":"https:\/\/bbqentertainment.com\/toode\/kaasaskantav-mini-soegrill\/","og_site_name":"BBQ Entertainment","article_publisher":"https:\/\/www.facebook.com\/BBQ-Entertainment-N-Catering-2437913376443540","article_modified_time":"2026-03-08T19:10:04+00:00","og_image":[{"width":1200,"height":1200,"url":"https:\/\/bbqentertainment.com\/wp-content\/uploads\/2022\/05\/EAN-0726754941061-BBQ-Entertainment-Kaasaskantav-MINI-SOEGRILL-..jpg","type":"image\/jpeg"}],"twitter_card":"summary_large_image","twitter_misc":{"Est. reading time":"1 minute"},"schema":{"@context":"https:\/\/schema.org","@graph":[{"@type":["WebPage","ItemPage"],"@id":"https:\/\/bbqentertainment.com\/toode\/kaasaskantav-mini-soegrill\/","url":"https:\/\/bbqentertainment.com\/toode\/kaasaskantav-mini-soegrill\/","name":"Kaasaskantav MINI-S\u00d6EGRILL - BBQ Entertainment","isPartOf":{"@id":"https:\/\/bbqentertainment.com\/#website"},"primaryImageOfPage":{"@id":"https:\/\/bbqentertainment.com\/toode\/kaasaskantav-mini-soegrill\/#primaryimage"},"image":{"@id":"https:\/\/bbqentertainment.com\/toode\/kaasaskantav-mini-soegrill\/#primaryimage"},"thumbnailUrl":"https:\/\/bbqentertainment.com\/wp-content\/uploads\/2022\/05\/EAN-0726754941061-BBQ-Entertainment-Kaasaskantav-MINI-SOEGRILL-..jpg","datePublished":"2022-05-08T22:05:28+00:00","dateModified":"2026-03-08T19:10:04+00:00","breadcrumb":{"@id":"https:\/\/bbqentertainment.com\/toode\/kaasaskantav-mini-soegrill\/#breadcrumb"},"inLanguage":"en-US","potentialAction":[{"@type":"ReadAction","target":["https:\/\/bbqentertainment.com\/toode\/kaasaskantav-mini-soegrill\/"]}]},{"@type":"ImageObject","inLanguage":"en-US","@id":"https:\/\/bbqentertainment.com\/toode\/kaasaskantav-mini-soegrill\/#primaryimage","url":"https:\/\/bbqentertainment.com\/wp-content\/uploads\/2022\/05\/EAN-0726754941061-BBQ-Entertainment-Kaasaskantav-MINI-SOEGRILL-..jpg","contentUrl":"https:\/\/bbqentertainment.com\/wp-content\/uploads\/2022\/05\/EAN-0726754941061-BBQ-Entertainment-Kaasaskantav-MINI-SOEGRILL-..jpg","width":1200,"height":1200},{"@type":"BreadcrumbList","@id":"https:\/\/bbqentertainment.com\/toode\/kaasaskantav-mini-soegrill\/#breadcrumb","itemListElement":[{"@type":"ListItem","position":1,"name":"AVALEHT","item":"https:\/\/bbqentertainment.com\/en\/"},{"@type":"ListItem","position":2,"name":"Tooted","item":"https:\/\/bbqentertainment.com\/tooted\/"},{"@type":"ListItem","position":3,"name":"Grillid ja ahjud","item":"https:\/\/bbqentertainment.com\/tootekategooria\/grillid-ja-ahjud\/"},{"@type":"ListItem","position":4,"name":"MUUD GRILLID ja AHJUD","item":"https:\/\/bbqentertainment.com\/tootekategooria\/grillid-ja-ahjud\/muud-grillid-ja-ahjud\/"},{"@type":"ListItem","position":5,"name":"Kaasaskantav MINI-S\u00d6EGRILL"}]},{"@type":"WebSite","@id":"https:\/\/bbqentertainment.com\/#website","url":"https:\/\/bbqentertainment.com\/","name":"BBQ Entertainment","description":"BBQ is a great lifestyle, not just fun!","publisher":{"@id":"https:\/\/bbqentertainment.com\/#organization"},"potentialAction":[{"@type":"SearchAction","target":{"@type":"EntryPoint","urlTemplate":"https:\/\/bbqentertainment.com\/?s={search_term_string}"},"query-input":{"@type":"PropertyValueSpecification","valueRequired":true,"valueName":"search_term_string"}}],"inLanguage":"en-US"},{"@type":"Organization","@id":"https:\/\/bbqentertainment.com\/#organization","name":"BBQ Entertainment O\u00dc","url":"https:\/\/bbqentertainment.com\/","logo":{"@type":"ImageObject","inLanguage":"en-US","@id":"https:\/\/bbqentertainment.com\/#\/schema\/logo\/image\/","url":"https:\/\/bbqentertainment.com\/wp-content\/uploads\/2020\/04\/BBQ-Entertainment-N-Catering-Enn-Tobreluts-Logo.png","contentUrl":"https:\/\/bbqentertainment.com\/wp-content\/uploads\/2020\/04\/BBQ-Entertainment-N-Catering-Enn-Tobreluts-Logo.png","width":628,"height":266,"caption":"BBQ Entertainment O\u00dc"},"image":{"@id":"https:\/\/bbqentertainment.com\/#\/schema\/logo\/image\/"},"sameAs":["https:\/\/www.facebook.com\/BBQ-Entertainment-N-Catering-2437913376443540","https:\/\/www.instagram.com\/bbqentertainmentncatering\/","https:\/\/www.youtube.com\/channel\/UCmpuANQVhLy2Md8nrenp2jA"]}]}},"_links":{"self":[{"href":"https:\/\/bbqentertainment.com\/en\/wp-json\/wp\/v2\/product\/239005","targetHints":{"allow":["GET"]}}],"collection":[{"href":"https:\/\/bbqentertainment.com\/en\/wp-json\/wp\/v2\/product"}],"about":[{"href":"https:\/\/bbqentertainment.com\/en\/wp-json\/wp\/v2\/types\/product"}],"wp:featuredmedia":[{"embeddable":true,"href":"https:\/\/bbqentertainment.com\/en\/wp-json\/wp\/v2\/media\/239006"}],"wp:attachment":[{"href":"https:\/\/bbqentertainment.com\/en\/wp-json\/wp\/v2\/media?parent=239005"}],"wp:term":[{"taxonomy":"product_brand","embeddable":true,"href":"https:\/\/bbqentertainment.com\/en\/wp-json\/wp\/v2\/product_brand?post=239005"},{"taxonomy":"product_cat","embeddable":true,"href":"https:\/\/bbqentertainment.com\/en\/wp-json\/wp\/v2\/product_cat?post=239005"},{"taxonomy":"product_tag","embeddable":true,"href":"https:\/\/bbqentertainment.com\/en\/wp-json\/wp\/v2\/product_tag?post=239005"}],"curies":[{"name":"wp","href":"https:\/\/api.w.org\/{rel}","templated":true}]}}