{"id":239262,"date":"2022-07-13T22:01:34","date_gmt":"2022-07-13T19:01:34","guid":{"rendered":"https:\/\/bbqentertainment.com\/?post_type=product&#038;p=239262"},"modified":"2025-07-25T13:45:44","modified_gmt":"2025-07-25T10:45:44","slug":"peninuki-seaside-gin-700-ml","status":"publish","type":"product","link":"https:\/\/bbqentertainment.com\/en\/toode\/peninuki-seaside-gin-700-ml\/","title":{"rendered":"Peninuki Seaside Gin 700 ml 40%"},"content":{"rendered":"","protected":false},"excerpt":{"rendered":"<h3><span style=\"color: #000000;\"><strong>Peninuki Seaside Gin 700 ml 40%<\/strong><\/span><\/h3>\n<ul>\n<li><span style=\"color: #000000;\">&#8220;Parim Eesti Jook 2022&#8221; konkurssil saavutas &#8220;Parim Nordic stiilis d\u017einn&#8221; kategoorias <strong>KULDMEDALI<\/strong>\u00a0Peninuki Seaside Gin!<\/span><\/li>\n<li><span style=\"color: #000000;\">Maitse: v\u00e4rske, tsitruseline ja kergelt soolane.<\/span><\/li>\n<li><span style=\"color: #000000;\">Seaside Gin\u00b4i \u00fcrdid p\u00e4rinevad L\u00e4\u00e4nemere ja Vahemere rannikutelt.<\/span><\/li>\n<li><span style=\"color: #000000;\">V\u00e4rskeid ja aromaatseid \u00fcrte saadavad Sitsiilia tsitrused ja soolarohi, luues elegantse ja mitmekihilise maitsekoosluse. D\u017einnile iseloomulik laguunsinine toon tuleneb destillerimisj\u00e4rgsest sinioa \u00f5ie infusioonist.<\/span><\/li>\n<li><span style=\"color: #000000;\">Seaside Gin sobib ideaalselt just kergemate ja delikaatsemate d\u017einnide nautijale.<\/span><\/li>\n<li><span style=\"color: #000000;\">Kokteilisoovitus: Seaside Sour, Seaside Collins, Breakfast Martini, Corpse Reviver No 2, Southside Fizz, Negroni.<\/span><\/li>\n<li><span style=\"color: #000000;\">Koostisosad: 100% Eesti rukkipiiritus, kadakamari, basiilik, metsik t\u00fc\u00fcmian, sidrunt\u00fc\u00fcmian, soolarohi, sidrun, apelsin, koriander, kibuvits, sinioa \u00f5is.<\/span><\/li>\n<li><span style=\"color: #000000;\">Peninuki Distillery \u2013 oleme v\u00e4ikepartiina joogielamusi valmistav s\u00f5pruskond Tartus.<\/span><\/li>\n<li><span style=\"color: #000000;\">BBQ Entertainment O\u00dc on Peninuki Distillery ametlik edasim\u00fc\u00fcja alates 2022.<\/span><\/li>\n<\/ul>\n","protected":false},"featured_media":239257,"template":"","meta":{"inline_featured_image":false},"product_brand":[],"product_cat":[280,234,508],"product_tag":[],"class_list":{"0":"post-239262","1":"product","2":"type-product","3":"status-publish","4":"has-post-thumbnail","6":"product_cat-joogid","7":"product_cat-dzinnid","8":"product_cat-peninuki","10":"first","11":"instock","12":"taxable","13":"shipping-taxable","14":"purchasable","15":"product-type-simple"},"yoast_head":"<!-- This site is optimized with the Yoast SEO plugin v27.4 - https:\/\/yoast.com\/product\/yoast-seo-wordpress\/ -->\n<title>Peninuki Seaside Gin 700 ml 40% - BBQ Entertainment<\/title>\n<meta name=\"robots\" content=\"index, follow, max-snippet:-1, max-image-preview:large, max-video-preview:-1\" \/>\n<link rel=\"canonical\" href=\"https:\/\/bbqentertainment.com\/toode\/peninuki-seaside-gin-700-ml\/\" \/>\n<meta property=\"og:locale\" content=\"en_US\" \/>\n<meta property=\"og:type\" content=\"article\" \/>\n<meta property=\"og:title\" content=\"Peninuki Seaside Gin 700 ml 40% - BBQ Entertainment\" \/>\n<meta property=\"og:description\" content=\"Peninuki Seaside Gin 700 ml 40%   &quot;Parim Eesti Jook 2022&quot; konkurssil saavutas &quot;Parim Nordic stiilis d\u017einn&quot; kategoorias KULDMEDALI\u00a0Peninuki Seaside Gin!  Maitse: v\u00e4rske, tsitruseline ja kergelt soolane.  Seaside Gin\u00b4i \u00fcrdid p\u00e4rinevad L\u00e4\u00e4nemere ja Vahemere rannikutelt.  V\u00e4rskeid ja aromaatseid \u00fcrte saadavad Sitsiilia tsitrused ja soolarohi, luues elegantse ja mitmekihilise maitsekoosluse. D\u017einnile iseloomulik laguunsinine toon tuleneb destillerimisj\u00e4rgsest sinioa \u00f5ie infusioonist.  Seaside Gin sobib ideaalselt just kergemate ja delikaatsemate d\u017einnide nautijale.  Kokteilisoovitus: Seaside Sour, Seaside Collins, Breakfast Martini, Corpse Reviver No 2, Southside Fizz, Negroni.  Koostisosad: 100% Eesti rukkipiiritus, kadakamari, basiilik, metsik t\u00fc\u00fcmian, sidrunt\u00fc\u00fcmian, soolarohi, sidrun, apelsin, koriander, kibuvits, sinioa \u00f5is.  Peninuki Distillery \u2013 oleme v\u00e4ikepartiina joogielamusi valmistav s\u00f5pruskond Tartus.  BBQ Entertainment O\u00dc on Peninuki Distillery ametlik edasim\u00fc\u00fcja alates 2022.\" \/>\n<meta property=\"og:url\" content=\"https:\/\/bbqentertainment.com\/toode\/peninuki-seaside-gin-700-ml\/\" \/>\n<meta property=\"og:site_name\" content=\"BBQ Entertainment\" \/>\n<meta property=\"article:publisher\" content=\"https:\/\/www.facebook.com\/BBQ-Entertainment-N-Catering-2437913376443540\" \/>\n<meta property=\"article:modified_time\" content=\"2025-07-25T10:45:44+00:00\" \/>\n<meta property=\"og:image\" content=\"https:\/\/bbqentertainment.com\/wp-content\/uploads\/2022\/07\/Peninuki-Seaside-Gin.jpg\" \/>\n\t<meta property=\"og:image:width\" content=\"1200\" \/>\n\t<meta property=\"og:image:height\" content=\"1200\" \/>\n\t<meta property=\"og:image:type\" content=\"image\/jpeg\" \/>\n<meta name=\"twitter:card\" content=\"summary_large_image\" \/>\n<script type=\"application\/ld+json\" class=\"yoast-schema-graph\">{\"@context\":\"https:\\\/\\\/schema.org\",\"@graph\":[{\"@type\":[\"WebPage\",\"ItemPage\"],\"@id\":\"https:\\\/\\\/bbqentertainment.com\\\/toode\\\/peninuki-seaside-gin-700-ml\\\/\",\"url\":\"https:\\\/\\\/bbqentertainment.com\\\/toode\\\/peninuki-seaside-gin-700-ml\\\/\",\"name\":\"Peninuki Seaside Gin 700 ml 40% - BBQ Entertainment\",\"isPartOf\":{\"@id\":\"https:\\\/\\\/bbqentertainment.com\\\/#website\"},\"primaryImageOfPage\":{\"@id\":\"https:\\\/\\\/bbqentertainment.com\\\/toode\\\/peninuki-seaside-gin-700-ml\\\/#primaryimage\"},\"image\":{\"@id\":\"https:\\\/\\\/bbqentertainment.com\\\/toode\\\/peninuki-seaside-gin-700-ml\\\/#primaryimage\"},\"thumbnailUrl\":\"https:\\\/\\\/bbqentertainment.com\\\/wp-content\\\/uploads\\\/2022\\\/07\\\/Peninuki-Seaside-Gin.jpg\",\"datePublished\":\"2022-07-13T19:01:34+00:00\",\"dateModified\":\"2025-07-25T10:45:44+00:00\",\"breadcrumb\":{\"@id\":\"https:\\\/\\\/bbqentertainment.com\\\/toode\\\/peninuki-seaside-gin-700-ml\\\/#breadcrumb\"},\"inLanguage\":\"en-US\",\"potentialAction\":[{\"@type\":\"ReadAction\",\"target\":[\"https:\\\/\\\/bbqentertainment.com\\\/toode\\\/peninuki-seaside-gin-700-ml\\\/\"]}]},{\"@type\":\"ImageObject\",\"inLanguage\":\"en-US\",\"@id\":\"https:\\\/\\\/bbqentertainment.com\\\/toode\\\/peninuki-seaside-gin-700-ml\\\/#primaryimage\",\"url\":\"https:\\\/\\\/bbqentertainment.com\\\/wp-content\\\/uploads\\\/2022\\\/07\\\/Peninuki-Seaside-Gin.jpg\",\"contentUrl\":\"https:\\\/\\\/bbqentertainment.com\\\/wp-content\\\/uploads\\\/2022\\\/07\\\/Peninuki-Seaside-Gin.jpg\",\"width\":1200,\"height\":1200},{\"@type\":\"BreadcrumbList\",\"@id\":\"https:\\\/\\\/bbqentertainment.com\\\/toode\\\/peninuki-seaside-gin-700-ml\\\/#breadcrumb\",\"itemListElement\":[{\"@type\":\"ListItem\",\"position\":1,\"name\":\"AVALEHT\",\"item\":\"https:\\\/\\\/bbqentertainment.com\\\/en\\\/\"},{\"@type\":\"ListItem\",\"position\":2,\"name\":\"Tooted\",\"item\":\"https:\\\/\\\/bbqentertainment.com\\\/tooted\\\/\"},{\"@type\":\"ListItem\",\"position\":3,\"name\":\"Joogid\",\"item\":\"https:\\\/\\\/bbqentertainment.com\\\/tootekategooria\\\/joogid\\\/\"},{\"@type\":\"ListItem\",\"position\":4,\"name\":\"D\u017dINNID\",\"item\":\"https:\\\/\\\/bbqentertainment.com\\\/tootekategooria\\\/joogid\\\/dzinnid\\\/\"},{\"@type\":\"ListItem\",\"position\":5,\"name\":\"Peninuki\",\"item\":\"https:\\\/\\\/bbqentertainment.com\\\/tootekategooria\\\/joogid\\\/dzinnid\\\/peninuki\\\/\"},{\"@type\":\"ListItem\",\"position\":6,\"name\":\"Peninuki Seaside Gin 700 ml 40%\"}]},{\"@type\":\"WebSite\",\"@id\":\"https:\\\/\\\/bbqentertainment.com\\\/#website\",\"url\":\"https:\\\/\\\/bbqentertainment.com\\\/\",\"name\":\"BBQ Entertainment\",\"description\":\"BBQ is a great lifestyle, not just fun!\",\"publisher\":{\"@id\":\"https:\\\/\\\/bbqentertainment.com\\\/#organization\"},\"potentialAction\":[{\"@type\":\"SearchAction\",\"target\":{\"@type\":\"EntryPoint\",\"urlTemplate\":\"https:\\\/\\\/bbqentertainment.com\\\/?s={search_term_string}\"},\"query-input\":{\"@type\":\"PropertyValueSpecification\",\"valueRequired\":true,\"valueName\":\"search_term_string\"}}],\"inLanguage\":\"en-US\"},{\"@type\":\"Organization\",\"@id\":\"https:\\\/\\\/bbqentertainment.com\\\/#organization\",\"name\":\"BBQ Entertainment O\u00dc\",\"url\":\"https:\\\/\\\/bbqentertainment.com\\\/\",\"logo\":{\"@type\":\"ImageObject\",\"inLanguage\":\"en-US\",\"@id\":\"https:\\\/\\\/bbqentertainment.com\\\/#\\\/schema\\\/logo\\\/image\\\/\",\"url\":\"https:\\\/\\\/bbqentertainment.com\\\/wp-content\\\/uploads\\\/2020\\\/04\\\/BBQ-Entertainment-N-Catering-Enn-Tobreluts-Logo.png\",\"contentUrl\":\"https:\\\/\\\/bbqentertainment.com\\\/wp-content\\\/uploads\\\/2020\\\/04\\\/BBQ-Entertainment-N-Catering-Enn-Tobreluts-Logo.png\",\"width\":628,\"height\":266,\"caption\":\"BBQ Entertainment O\u00dc\"},\"image\":{\"@id\":\"https:\\\/\\\/bbqentertainment.com\\\/#\\\/schema\\\/logo\\\/image\\\/\"},\"sameAs\":[\"https:\\\/\\\/www.facebook.com\\\/BBQ-Entertainment-N-Catering-2437913376443540\",\"https:\\\/\\\/www.instagram.com\\\/bbqentertainmentncatering\\\/\",\"https:\\\/\\\/www.youtube.com\\\/channel\\\/UCmpuANQVhLy2Md8nrenp2jA\"]}]}<\/script>\n<!-- \/ Yoast SEO plugin. -->","yoast_head_json":{"title":"Peninuki Seaside Gin 700 ml 40% - BBQ Entertainment","robots":{"index":"index","follow":"follow","max-snippet":"max-snippet:-1","max-image-preview":"max-image-preview:large","max-video-preview":"max-video-preview:-1"},"canonical":"https:\/\/bbqentertainment.com\/toode\/peninuki-seaside-gin-700-ml\/","og_locale":"en_US","og_type":"article","og_title":"Peninuki Seaside Gin 700 ml 40% - BBQ Entertainment","og_description":"Peninuki Seaside Gin 700 ml 40%   \"Parim Eesti Jook 2022\" konkurssil saavutas \"Parim Nordic stiilis d\u017einn\" kategoorias KULDMEDALI\u00a0Peninuki Seaside Gin!  Maitse: v\u00e4rske, tsitruseline ja kergelt soolane.  Seaside Gin\u00b4i \u00fcrdid p\u00e4rinevad L\u00e4\u00e4nemere ja Vahemere rannikutelt.  V\u00e4rskeid ja aromaatseid \u00fcrte saadavad Sitsiilia tsitrused ja soolarohi, luues elegantse ja mitmekihilise maitsekoosluse. D\u017einnile iseloomulik laguunsinine toon tuleneb destillerimisj\u00e4rgsest sinioa \u00f5ie infusioonist.  Seaside Gin sobib ideaalselt just kergemate ja delikaatsemate d\u017einnide nautijale.  Kokteilisoovitus: Seaside Sour, Seaside Collins, Breakfast Martini, Corpse Reviver No 2, Southside Fizz, Negroni.  Koostisosad: 100% Eesti rukkipiiritus, kadakamari, basiilik, metsik t\u00fc\u00fcmian, sidrunt\u00fc\u00fcmian, soolarohi, sidrun, apelsin, koriander, kibuvits, sinioa \u00f5is.  Peninuki Distillery \u2013 oleme v\u00e4ikepartiina joogielamusi valmistav s\u00f5pruskond Tartus.  BBQ Entertainment O\u00dc on Peninuki Distillery ametlik edasim\u00fc\u00fcja alates 2022.","og_url":"https:\/\/bbqentertainment.com\/toode\/peninuki-seaside-gin-700-ml\/","og_site_name":"BBQ Entertainment","article_publisher":"https:\/\/www.facebook.com\/BBQ-Entertainment-N-Catering-2437913376443540","article_modified_time":"2025-07-25T10:45:44+00:00","og_image":[{"width":1200,"height":1200,"url":"https:\/\/bbqentertainment.com\/wp-content\/uploads\/2022\/07\/Peninuki-Seaside-Gin.jpg","type":"image\/jpeg"}],"twitter_card":"summary_large_image","schema":{"@context":"https:\/\/schema.org","@graph":[{"@type":["WebPage","ItemPage"],"@id":"https:\/\/bbqentertainment.com\/toode\/peninuki-seaside-gin-700-ml\/","url":"https:\/\/bbqentertainment.com\/toode\/peninuki-seaside-gin-700-ml\/","name":"Peninuki Seaside Gin 700 ml 40% - BBQ Entertainment","isPartOf":{"@id":"https:\/\/bbqentertainment.com\/#website"},"primaryImageOfPage":{"@id":"https:\/\/bbqentertainment.com\/toode\/peninuki-seaside-gin-700-ml\/#primaryimage"},"image":{"@id":"https:\/\/bbqentertainment.com\/toode\/peninuki-seaside-gin-700-ml\/#primaryimage"},"thumbnailUrl":"https:\/\/bbqentertainment.com\/wp-content\/uploads\/2022\/07\/Peninuki-Seaside-Gin.jpg","datePublished":"2022-07-13T19:01:34+00:00","dateModified":"2025-07-25T10:45:44+00:00","breadcrumb":{"@id":"https:\/\/bbqentertainment.com\/toode\/peninuki-seaside-gin-700-ml\/#breadcrumb"},"inLanguage":"en-US","potentialAction":[{"@type":"ReadAction","target":["https:\/\/bbqentertainment.com\/toode\/peninuki-seaside-gin-700-ml\/"]}]},{"@type":"ImageObject","inLanguage":"en-US","@id":"https:\/\/bbqentertainment.com\/toode\/peninuki-seaside-gin-700-ml\/#primaryimage","url":"https:\/\/bbqentertainment.com\/wp-content\/uploads\/2022\/07\/Peninuki-Seaside-Gin.jpg","contentUrl":"https:\/\/bbqentertainment.com\/wp-content\/uploads\/2022\/07\/Peninuki-Seaside-Gin.jpg","width":1200,"height":1200},{"@type":"BreadcrumbList","@id":"https:\/\/bbqentertainment.com\/toode\/peninuki-seaside-gin-700-ml\/#breadcrumb","itemListElement":[{"@type":"ListItem","position":1,"name":"AVALEHT","item":"https:\/\/bbqentertainment.com\/en\/"},{"@type":"ListItem","position":2,"name":"Tooted","item":"https:\/\/bbqentertainment.com\/tooted\/"},{"@type":"ListItem","position":3,"name":"Joogid","item":"https:\/\/bbqentertainment.com\/tootekategooria\/joogid\/"},{"@type":"ListItem","position":4,"name":"D\u017dINNID","item":"https:\/\/bbqentertainment.com\/tootekategooria\/joogid\/dzinnid\/"},{"@type":"ListItem","position":5,"name":"Peninuki","item":"https:\/\/bbqentertainment.com\/tootekategooria\/joogid\/dzinnid\/peninuki\/"},{"@type":"ListItem","position":6,"name":"Peninuki Seaside Gin 700 ml 40%"}]},{"@type":"WebSite","@id":"https:\/\/bbqentertainment.com\/#website","url":"https:\/\/bbqentertainment.com\/","name":"BBQ Entertainment","description":"BBQ is a great lifestyle, not just fun!","publisher":{"@id":"https:\/\/bbqentertainment.com\/#organization"},"potentialAction":[{"@type":"SearchAction","target":{"@type":"EntryPoint","urlTemplate":"https:\/\/bbqentertainment.com\/?s={search_term_string}"},"query-input":{"@type":"PropertyValueSpecification","valueRequired":true,"valueName":"search_term_string"}}],"inLanguage":"en-US"},{"@type":"Organization","@id":"https:\/\/bbqentertainment.com\/#organization","name":"BBQ Entertainment O\u00dc","url":"https:\/\/bbqentertainment.com\/","logo":{"@type":"ImageObject","inLanguage":"en-US","@id":"https:\/\/bbqentertainment.com\/#\/schema\/logo\/image\/","url":"https:\/\/bbqentertainment.com\/wp-content\/uploads\/2020\/04\/BBQ-Entertainment-N-Catering-Enn-Tobreluts-Logo.png","contentUrl":"https:\/\/bbqentertainment.com\/wp-content\/uploads\/2020\/04\/BBQ-Entertainment-N-Catering-Enn-Tobreluts-Logo.png","width":628,"height":266,"caption":"BBQ Entertainment O\u00dc"},"image":{"@id":"https:\/\/bbqentertainment.com\/#\/schema\/logo\/image\/"},"sameAs":["https:\/\/www.facebook.com\/BBQ-Entertainment-N-Catering-2437913376443540","https:\/\/www.instagram.com\/bbqentertainmentncatering\/","https:\/\/www.youtube.com\/channel\/UCmpuANQVhLy2Md8nrenp2jA"]}]}},"_links":{"self":[{"href":"https:\/\/bbqentertainment.com\/en\/wp-json\/wp\/v2\/product\/239262","targetHints":{"allow":["GET"]}}],"collection":[{"href":"https:\/\/bbqentertainment.com\/en\/wp-json\/wp\/v2\/product"}],"about":[{"href":"https:\/\/bbqentertainment.com\/en\/wp-json\/wp\/v2\/types\/product"}],"wp:featuredmedia":[{"embeddable":true,"href":"https:\/\/bbqentertainment.com\/en\/wp-json\/wp\/v2\/media\/239257"}],"wp:attachment":[{"href":"https:\/\/bbqentertainment.com\/en\/wp-json\/wp\/v2\/media?parent=239262"}],"wp:term":[{"taxonomy":"product_brand","embeddable":true,"href":"https:\/\/bbqentertainment.com\/en\/wp-json\/wp\/v2\/product_brand?post=239262"},{"taxonomy":"product_cat","embeddable":true,"href":"https:\/\/bbqentertainment.com\/en\/wp-json\/wp\/v2\/product_cat?post=239262"},{"taxonomy":"product_tag","embeddable":true,"href":"https:\/\/bbqentertainment.com\/en\/wp-json\/wp\/v2\/product_tag?post=239262"}],"curies":[{"name":"wp","href":"https:\/\/api.w.org\/{rel}","templated":true}]}}