{"id":239263,"date":"2022-07-13T22:02:47","date_gmt":"2022-07-13T19:02:47","guid":{"rendered":"https:\/\/bbqentertainment.com\/?post_type=product&#038;p=239263"},"modified":"2025-07-25T13:45:37","modified_gmt":"2025-07-25T10:45:37","slug":"peninuki-forest-gin-700-ml","status":"publish","type":"product","link":"https:\/\/bbqentertainment.com\/en\/toode\/peninuki-forest-gin-700-ml\/","title":{"rendered":"Peninuki Forest London Dry Gin 700 ml 40%"},"content":{"rendered":"","protected":false},"excerpt":{"rendered":"<h3><span style=\"color: #000000;\"><strong>Peninuki Forest London Dry Gin 700 ml 40%<\/strong><\/span><\/h3>\n<ul>\n<li><span style=\"color: #000000;\">&#8220;Parim Eesti Jook 2022&#8221; konkurssil saavutas H\u00d5BEM\u00c4RGI\u00a0Peninuki Forest London Dry Gin!<\/span><\/li>\n<li><span style=\"color: #000000;\">Maitse: igihaljad puud, metsamarjad ja p\u00e4hkel <\/span><\/li>\n<li><span style=\"color: #000000;\">Forest Gin on Peninuki austusavaldus kodumaa metsadele! \u00dcrdid p\u00e4rinevad p\u00f5hiliselt Eesti metsadest ning j\u00e4rvede kallastelt. Esiplaanil on igihaljad puud, mille taustal m\u00e4nglevad metsamarjad, tsitrused ning v\u00fcrtsid.<\/span><\/li>\n<li><span style=\"color: #000000;\">Kokteilisoovitus: Forest Collins, Gimlet, Bramble, Dry Martini, Negroni.<\/span><\/li>\n<li><span style=\"color: #000000;\">Parimad Forest d\u017einntoonikud saab puuviljaste pikendajatega. Ideaalseteks kaaslasteks on Artisan toonikud ja Sea Buckthorn Soda.<\/span><\/li>\n<li><span style=\"color: #000000;\">Koostisosad: 100% Eesti rukkipiiritus, kadakamari, m\u00e4nniokkad, vaarikas, pohl, sidrun, apelsin, kardemon, koriander, rosmariin, muskaatp\u00e4hkel, angelik, kalmusejuur, p\u00e4rna\u00f5is, leeder, apteegitill, kanarbik, islandi k\u00e4ok\u00f5rv.<\/span><\/li>\n<li><span style=\"color: #000000;\">Peninuki Distillery \u2013 oleme v\u00e4ikepartiina joogielamusi valmistav s\u00f5pruskond Tartus.<\/span><\/li>\n<li><span style=\"color: #000000;\">BBQ Entertainment O\u00dc on Peninuki Distillery ametlik edasim\u00fc\u00fcja alates 2022.<\/span><\/li>\n<\/ul>\n","protected":false},"featured_media":239253,"template":"","meta":{"inline_featured_image":false},"product_brand":[],"product_cat":[280,234,508],"product_tag":[],"class_list":{"0":"post-239263","1":"product","2":"type-product","3":"status-publish","4":"has-post-thumbnail","6":"product_cat-joogid","7":"product_cat-dzinnid","8":"product_cat-peninuki","10":"first","11":"instock","12":"taxable","13":"shipping-taxable","14":"purchasable","15":"product-type-simple"},"yoast_head":"<!-- This site is optimized with the Yoast SEO plugin v27.4 - https:\/\/yoast.com\/product\/yoast-seo-wordpress\/ -->\n<title>Peninuki Forest London Dry Gin 700 ml 40% - BBQ Entertainment<\/title>\n<meta name=\"robots\" content=\"index, follow, max-snippet:-1, max-image-preview:large, max-video-preview:-1\" \/>\n<link rel=\"canonical\" href=\"https:\/\/bbqentertainment.com\/toode\/peninuki-forest-gin-700-ml\/\" \/>\n<meta property=\"og:locale\" content=\"en_US\" \/>\n<meta property=\"og:type\" content=\"article\" \/>\n<meta property=\"og:title\" content=\"Peninuki Forest London Dry Gin 700 ml 40% - BBQ Entertainment\" \/>\n<meta property=\"og:description\" content=\"Peninuki Forest London Dry Gin 700 ml 40%   &quot;Parim Eesti Jook 2022&quot; konkurssil saavutas H\u00d5BEM\u00c4RGI\u00a0Peninuki Forest London Dry Gin!  Maitse: igihaljad puud, metsamarjad ja p\u00e4hkel   Forest Gin on Peninuki austusavaldus kodumaa metsadele! \u00dcrdid p\u00e4rinevad p\u00f5hiliselt Eesti metsadest ning j\u00e4rvede kallastelt. Esiplaanil on igihaljad puud, mille taustal m\u00e4nglevad metsamarjad, tsitrused ning v\u00fcrtsid.  Kokteilisoovitus: Forest Collins, Gimlet, Bramble, Dry Martini, Negroni.  Parimad Forest d\u017einntoonikud saab puuviljaste pikendajatega. Ideaalseteks kaaslasteks on Artisan toonikud ja Sea Buckthorn Soda.  Koostisosad: 100% Eesti rukkipiiritus, kadakamari, m\u00e4nniokkad, vaarikas, pohl, sidrun, apelsin, kardemon, koriander, rosmariin, muskaatp\u00e4hkel, angelik, kalmusejuur, p\u00e4rna\u00f5is, leeder, apteegitill, kanarbik, islandi k\u00e4ok\u00f5rv.  Peninuki Distillery \u2013 oleme v\u00e4ikepartiina joogielamusi valmistav s\u00f5pruskond Tartus.  BBQ Entertainment O\u00dc on Peninuki Distillery ametlik edasim\u00fc\u00fcja alates 2022.\" \/>\n<meta property=\"og:url\" content=\"https:\/\/bbqentertainment.com\/toode\/peninuki-forest-gin-700-ml\/\" \/>\n<meta property=\"og:site_name\" content=\"BBQ Entertainment\" \/>\n<meta property=\"article:publisher\" content=\"https:\/\/www.facebook.com\/BBQ-Entertainment-N-Catering-2437913376443540\" \/>\n<meta property=\"article:modified_time\" content=\"2025-07-25T10:45:37+00:00\" \/>\n<meta property=\"og:image\" content=\"https:\/\/bbqentertainment.com\/wp-content\/uploads\/2022\/07\/Peninuki-Forest-Gin.jpg\" \/>\n\t<meta property=\"og:image:width\" content=\"1200\" \/>\n\t<meta property=\"og:image:height\" content=\"1200\" \/>\n\t<meta property=\"og:image:type\" content=\"image\/jpeg\" \/>\n<meta name=\"twitter:card\" content=\"summary_large_image\" \/>\n<script type=\"application\/ld+json\" class=\"yoast-schema-graph\">{\"@context\":\"https:\\\/\\\/schema.org\",\"@graph\":[{\"@type\":[\"WebPage\",\"ItemPage\"],\"@id\":\"https:\\\/\\\/bbqentertainment.com\\\/toode\\\/peninuki-forest-gin-700-ml\\\/\",\"url\":\"https:\\\/\\\/bbqentertainment.com\\\/toode\\\/peninuki-forest-gin-700-ml\\\/\",\"name\":\"Peninuki Forest London Dry Gin 700 ml 40% - BBQ Entertainment\",\"isPartOf\":{\"@id\":\"https:\\\/\\\/bbqentertainment.com\\\/#website\"},\"primaryImageOfPage\":{\"@id\":\"https:\\\/\\\/bbqentertainment.com\\\/toode\\\/peninuki-forest-gin-700-ml\\\/#primaryimage\"},\"image\":{\"@id\":\"https:\\\/\\\/bbqentertainment.com\\\/toode\\\/peninuki-forest-gin-700-ml\\\/#primaryimage\"},\"thumbnailUrl\":\"https:\\\/\\\/bbqentertainment.com\\\/wp-content\\\/uploads\\\/2022\\\/07\\\/Peninuki-Forest-Gin.jpg\",\"datePublished\":\"2022-07-13T19:02:47+00:00\",\"dateModified\":\"2025-07-25T10:45:37+00:00\",\"breadcrumb\":{\"@id\":\"https:\\\/\\\/bbqentertainment.com\\\/toode\\\/peninuki-forest-gin-700-ml\\\/#breadcrumb\"},\"inLanguage\":\"en-US\",\"potentialAction\":[{\"@type\":\"ReadAction\",\"target\":[\"https:\\\/\\\/bbqentertainment.com\\\/toode\\\/peninuki-forest-gin-700-ml\\\/\"]}]},{\"@type\":\"ImageObject\",\"inLanguage\":\"en-US\",\"@id\":\"https:\\\/\\\/bbqentertainment.com\\\/toode\\\/peninuki-forest-gin-700-ml\\\/#primaryimage\",\"url\":\"https:\\\/\\\/bbqentertainment.com\\\/wp-content\\\/uploads\\\/2022\\\/07\\\/Peninuki-Forest-Gin.jpg\",\"contentUrl\":\"https:\\\/\\\/bbqentertainment.com\\\/wp-content\\\/uploads\\\/2022\\\/07\\\/Peninuki-Forest-Gin.jpg\",\"width\":1200,\"height\":1200},{\"@type\":\"BreadcrumbList\",\"@id\":\"https:\\\/\\\/bbqentertainment.com\\\/toode\\\/peninuki-forest-gin-700-ml\\\/#breadcrumb\",\"itemListElement\":[{\"@type\":\"ListItem\",\"position\":1,\"name\":\"AVALEHT\",\"item\":\"https:\\\/\\\/bbqentertainment.com\\\/en\\\/\"},{\"@type\":\"ListItem\",\"position\":2,\"name\":\"Tooted\",\"item\":\"https:\\\/\\\/bbqentertainment.com\\\/tooted\\\/\"},{\"@type\":\"ListItem\",\"position\":3,\"name\":\"Joogid\",\"item\":\"https:\\\/\\\/bbqentertainment.com\\\/tootekategooria\\\/joogid\\\/\"},{\"@type\":\"ListItem\",\"position\":4,\"name\":\"D\u017dINNID\",\"item\":\"https:\\\/\\\/bbqentertainment.com\\\/tootekategooria\\\/joogid\\\/dzinnid\\\/\"},{\"@type\":\"ListItem\",\"position\":5,\"name\":\"Peninuki\",\"item\":\"https:\\\/\\\/bbqentertainment.com\\\/tootekategooria\\\/joogid\\\/dzinnid\\\/peninuki\\\/\"},{\"@type\":\"ListItem\",\"position\":6,\"name\":\"Peninuki Forest London Dry Gin 700 ml 40%\"}]},{\"@type\":\"WebSite\",\"@id\":\"https:\\\/\\\/bbqentertainment.com\\\/#website\",\"url\":\"https:\\\/\\\/bbqentertainment.com\\\/\",\"name\":\"BBQ Entertainment\",\"description\":\"BBQ is a great lifestyle, not just fun!\",\"publisher\":{\"@id\":\"https:\\\/\\\/bbqentertainment.com\\\/#organization\"},\"potentialAction\":[{\"@type\":\"SearchAction\",\"target\":{\"@type\":\"EntryPoint\",\"urlTemplate\":\"https:\\\/\\\/bbqentertainment.com\\\/?s={search_term_string}\"},\"query-input\":{\"@type\":\"PropertyValueSpecification\",\"valueRequired\":true,\"valueName\":\"search_term_string\"}}],\"inLanguage\":\"en-US\"},{\"@type\":\"Organization\",\"@id\":\"https:\\\/\\\/bbqentertainment.com\\\/#organization\",\"name\":\"BBQ Entertainment O\u00dc\",\"url\":\"https:\\\/\\\/bbqentertainment.com\\\/\",\"logo\":{\"@type\":\"ImageObject\",\"inLanguage\":\"en-US\",\"@id\":\"https:\\\/\\\/bbqentertainment.com\\\/#\\\/schema\\\/logo\\\/image\\\/\",\"url\":\"https:\\\/\\\/bbqentertainment.com\\\/wp-content\\\/uploads\\\/2020\\\/04\\\/BBQ-Entertainment-N-Catering-Enn-Tobreluts-Logo.png\",\"contentUrl\":\"https:\\\/\\\/bbqentertainment.com\\\/wp-content\\\/uploads\\\/2020\\\/04\\\/BBQ-Entertainment-N-Catering-Enn-Tobreluts-Logo.png\",\"width\":628,\"height\":266,\"caption\":\"BBQ Entertainment O\u00dc\"},\"image\":{\"@id\":\"https:\\\/\\\/bbqentertainment.com\\\/#\\\/schema\\\/logo\\\/image\\\/\"},\"sameAs\":[\"https:\\\/\\\/www.facebook.com\\\/BBQ-Entertainment-N-Catering-2437913376443540\",\"https:\\\/\\\/www.instagram.com\\\/bbqentertainmentncatering\\\/\",\"https:\\\/\\\/www.youtube.com\\\/channel\\\/UCmpuANQVhLy2Md8nrenp2jA\"]}]}<\/script>\n<!-- \/ Yoast SEO plugin. -->","yoast_head_json":{"title":"Peninuki Forest London Dry Gin 700 ml 40% - BBQ Entertainment","robots":{"index":"index","follow":"follow","max-snippet":"max-snippet:-1","max-image-preview":"max-image-preview:large","max-video-preview":"max-video-preview:-1"},"canonical":"https:\/\/bbqentertainment.com\/toode\/peninuki-forest-gin-700-ml\/","og_locale":"en_US","og_type":"article","og_title":"Peninuki Forest London Dry Gin 700 ml 40% - BBQ Entertainment","og_description":"Peninuki Forest London Dry Gin 700 ml 40%   \"Parim Eesti Jook 2022\" konkurssil saavutas H\u00d5BEM\u00c4RGI\u00a0Peninuki Forest London Dry Gin!  Maitse: igihaljad puud, metsamarjad ja p\u00e4hkel   Forest Gin on Peninuki austusavaldus kodumaa metsadele! \u00dcrdid p\u00e4rinevad p\u00f5hiliselt Eesti metsadest ning j\u00e4rvede kallastelt. Esiplaanil on igihaljad puud, mille taustal m\u00e4nglevad metsamarjad, tsitrused ning v\u00fcrtsid.  Kokteilisoovitus: Forest Collins, Gimlet, Bramble, Dry Martini, Negroni.  Parimad Forest d\u017einntoonikud saab puuviljaste pikendajatega. Ideaalseteks kaaslasteks on Artisan toonikud ja Sea Buckthorn Soda.  Koostisosad: 100% Eesti rukkipiiritus, kadakamari, m\u00e4nniokkad, vaarikas, pohl, sidrun, apelsin, kardemon, koriander, rosmariin, muskaatp\u00e4hkel, angelik, kalmusejuur, p\u00e4rna\u00f5is, leeder, apteegitill, kanarbik, islandi k\u00e4ok\u00f5rv.  Peninuki Distillery \u2013 oleme v\u00e4ikepartiina joogielamusi valmistav s\u00f5pruskond Tartus.  BBQ Entertainment O\u00dc on Peninuki Distillery ametlik edasim\u00fc\u00fcja alates 2022.","og_url":"https:\/\/bbqentertainment.com\/toode\/peninuki-forest-gin-700-ml\/","og_site_name":"BBQ Entertainment","article_publisher":"https:\/\/www.facebook.com\/BBQ-Entertainment-N-Catering-2437913376443540","article_modified_time":"2025-07-25T10:45:37+00:00","og_image":[{"width":1200,"height":1200,"url":"https:\/\/bbqentertainment.com\/wp-content\/uploads\/2022\/07\/Peninuki-Forest-Gin.jpg","type":"image\/jpeg"}],"twitter_card":"summary_large_image","schema":{"@context":"https:\/\/schema.org","@graph":[{"@type":["WebPage","ItemPage"],"@id":"https:\/\/bbqentertainment.com\/toode\/peninuki-forest-gin-700-ml\/","url":"https:\/\/bbqentertainment.com\/toode\/peninuki-forest-gin-700-ml\/","name":"Peninuki Forest London Dry Gin 700 ml 40% - BBQ Entertainment","isPartOf":{"@id":"https:\/\/bbqentertainment.com\/#website"},"primaryImageOfPage":{"@id":"https:\/\/bbqentertainment.com\/toode\/peninuki-forest-gin-700-ml\/#primaryimage"},"image":{"@id":"https:\/\/bbqentertainment.com\/toode\/peninuki-forest-gin-700-ml\/#primaryimage"},"thumbnailUrl":"https:\/\/bbqentertainment.com\/wp-content\/uploads\/2022\/07\/Peninuki-Forest-Gin.jpg","datePublished":"2022-07-13T19:02:47+00:00","dateModified":"2025-07-25T10:45:37+00:00","breadcrumb":{"@id":"https:\/\/bbqentertainment.com\/toode\/peninuki-forest-gin-700-ml\/#breadcrumb"},"inLanguage":"en-US","potentialAction":[{"@type":"ReadAction","target":["https:\/\/bbqentertainment.com\/toode\/peninuki-forest-gin-700-ml\/"]}]},{"@type":"ImageObject","inLanguage":"en-US","@id":"https:\/\/bbqentertainment.com\/toode\/peninuki-forest-gin-700-ml\/#primaryimage","url":"https:\/\/bbqentertainment.com\/wp-content\/uploads\/2022\/07\/Peninuki-Forest-Gin.jpg","contentUrl":"https:\/\/bbqentertainment.com\/wp-content\/uploads\/2022\/07\/Peninuki-Forest-Gin.jpg","width":1200,"height":1200},{"@type":"BreadcrumbList","@id":"https:\/\/bbqentertainment.com\/toode\/peninuki-forest-gin-700-ml\/#breadcrumb","itemListElement":[{"@type":"ListItem","position":1,"name":"AVALEHT","item":"https:\/\/bbqentertainment.com\/en\/"},{"@type":"ListItem","position":2,"name":"Tooted","item":"https:\/\/bbqentertainment.com\/tooted\/"},{"@type":"ListItem","position":3,"name":"Joogid","item":"https:\/\/bbqentertainment.com\/tootekategooria\/joogid\/"},{"@type":"ListItem","position":4,"name":"D\u017dINNID","item":"https:\/\/bbqentertainment.com\/tootekategooria\/joogid\/dzinnid\/"},{"@type":"ListItem","position":5,"name":"Peninuki","item":"https:\/\/bbqentertainment.com\/tootekategooria\/joogid\/dzinnid\/peninuki\/"},{"@type":"ListItem","position":6,"name":"Peninuki Forest London Dry Gin 700 ml 40%"}]},{"@type":"WebSite","@id":"https:\/\/bbqentertainment.com\/#website","url":"https:\/\/bbqentertainment.com\/","name":"BBQ Entertainment","description":"BBQ is a great lifestyle, not just fun!","publisher":{"@id":"https:\/\/bbqentertainment.com\/#organization"},"potentialAction":[{"@type":"SearchAction","target":{"@type":"EntryPoint","urlTemplate":"https:\/\/bbqentertainment.com\/?s={search_term_string}"},"query-input":{"@type":"PropertyValueSpecification","valueRequired":true,"valueName":"search_term_string"}}],"inLanguage":"en-US"},{"@type":"Organization","@id":"https:\/\/bbqentertainment.com\/#organization","name":"BBQ Entertainment O\u00dc","url":"https:\/\/bbqentertainment.com\/","logo":{"@type":"ImageObject","inLanguage":"en-US","@id":"https:\/\/bbqentertainment.com\/#\/schema\/logo\/image\/","url":"https:\/\/bbqentertainment.com\/wp-content\/uploads\/2020\/04\/BBQ-Entertainment-N-Catering-Enn-Tobreluts-Logo.png","contentUrl":"https:\/\/bbqentertainment.com\/wp-content\/uploads\/2020\/04\/BBQ-Entertainment-N-Catering-Enn-Tobreluts-Logo.png","width":628,"height":266,"caption":"BBQ Entertainment O\u00dc"},"image":{"@id":"https:\/\/bbqentertainment.com\/#\/schema\/logo\/image\/"},"sameAs":["https:\/\/www.facebook.com\/BBQ-Entertainment-N-Catering-2437913376443540","https:\/\/www.instagram.com\/bbqentertainmentncatering\/","https:\/\/www.youtube.com\/channel\/UCmpuANQVhLy2Md8nrenp2jA"]}]}},"_links":{"self":[{"href":"https:\/\/bbqentertainment.com\/en\/wp-json\/wp\/v2\/product\/239263","targetHints":{"allow":["GET"]}}],"collection":[{"href":"https:\/\/bbqentertainment.com\/en\/wp-json\/wp\/v2\/product"}],"about":[{"href":"https:\/\/bbqentertainment.com\/en\/wp-json\/wp\/v2\/types\/product"}],"wp:featuredmedia":[{"embeddable":true,"href":"https:\/\/bbqentertainment.com\/en\/wp-json\/wp\/v2\/media\/239253"}],"wp:attachment":[{"href":"https:\/\/bbqentertainment.com\/en\/wp-json\/wp\/v2\/media?parent=239263"}],"wp:term":[{"taxonomy":"product_brand","embeddable":true,"href":"https:\/\/bbqentertainment.com\/en\/wp-json\/wp\/v2\/product_brand?post=239263"},{"taxonomy":"product_cat","embeddable":true,"href":"https:\/\/bbqentertainment.com\/en\/wp-json\/wp\/v2\/product_cat?post=239263"},{"taxonomy":"product_tag","embeddable":true,"href":"https:\/\/bbqentertainment.com\/en\/wp-json\/wp\/v2\/product_tag?post=239263"}],"curies":[{"name":"wp","href":"https:\/\/api.w.org\/{rel}","templated":true}]}}