{"id":239435,"date":"2022-09-04T21:45:06","date_gmt":"2022-09-04T18:45:06","guid":{"rendered":"https:\/\/bbqentertainment.com\/?post_type=product&#038;p=239435"},"modified":"2026-02-03T21:18:50","modified_gmt":"2026-02-03T19:18:50","slug":"stokes-kreemine-madaroikakaste-creamed-horseradish-sauce-220g","status":"publish","type":"product","link":"https:\/\/bbqentertainment.com\/en\/toode\/stokes-kreemine-madaroikakaste-creamed-horseradish-sauce-220g\/","title":{"rendered":"Stokes KREEMINE M\u00c4DAR\u00d5IKAKASTE 220g"},"content":{"rendered":"<p data-start=\"35\" data-end=\"84\"><strong data-start=\"35\" data-end=\"84\">Stokes \u2013 aus maitse, ehtsatest koostisosadest<\/strong><\/p>\n<p data-start=\"86\" data-end=\"416\">Stokes on Suurbritannia pereettev\u00f5te, mis on tuntud oma kvaliteetsete kastmete ja maitseainete poolest. Nende toodete keskmes on ehtsad koostisosad, rikkalikud retseptid ja k\u00e4sit\u00f6\u00f6na valminud kvaliteet. Igas purgis ja pudelis on tunda p\u00fchendumust \u2013 olgu tegu ket\u0161upi, majoneesi, BBQ-kastme, chutney, moosi v\u00f5i kreemja m\u00e4dar\u00f5ikaga.<\/p>\n<p data-start=\"418\" data-end=\"702\">Stokes ei kasuta kiirmeetodeid ega l\u00fchendatud teid. Tomatiket\u0161upid sisaldavad rohkem tomateid kui enamik konkurente. Kastmetes on kasutatud ehtsat mett, r\u00f5\u00f5ska koort, v\u00fcrtside naturaalseid ekstrakte ja muid kvaliteetseid komponente, mis loovad tasakaalustatud, puhta ja koduse maitse.<\/p>\n<p data-start=\"704\" data-end=\"908\">Valikust leiab lisaks klassikalistele tomatiket\u0161upitele ka suitsuse chipotle ket\u0161upi, erinevad BBQ-kastmed, t\u00e4idlase majoneesi, mitmed chutney\u2019d, puuviljased moosid ja elegantsed lisandid igap\u00e4evatoidule.<\/p>\n<p data-start=\"910\" data-end=\"1001\">Kui hindad maitset, mis on korraga aus, lihtne ja l\u00e4bim\u00f5eldud, siis Stokes on kindel valik.<\/p>\n<p data-start=\"1003\" data-end=\"1074\" data-is-only-node=\"\" data-is-last-node=\"\"><strong data-start=\"1003\" data-end=\"1019\">P\u00e4ritolumaa:<\/strong> \u00dchendkuningriik<br data-start=\"1035\" data-end=\"1038\" \/><strong data-start=\"1038\" data-end=\"1053\">Maaletooja:<\/strong> BBQ Entertainment O\u00dc<\/p>\n","protected":false},"excerpt":{"rendered":"<h3><span style=\"color: #282828;\"><strong>Stokes KREEMINE M\u00c4DAR\u00d5IKAKASTE 220g<\/strong><\/span><\/h3>\n<p data-start=\"1062\" data-end=\"1256\" data-is-last-node=\"\" data-is-only-node=\"\">\u00d5rn, kreemjas m\u00e4dar\u00f5ikakaste, mis toob esile m\u00e4dar\u00f5ika t\u00e4ismaitse ilma liigse teravuseta. Valmistatud m\u00e4dar\u00f5ikajuurest ja r\u00f5\u00f5sast koorest. Elegantne ja tasakaalustatud lisand lihale, kalale ja k\u00f6\u00f6giviljadele.<\/p>\n<p data-start=\"1062\" data-end=\"1256\" data-is-last-node=\"\" data-is-only-node=\"\"><strong data-start=\"2956\" data-end=\"2972\">Koostisosad:<\/strong> M\u00e4dar\u00f5ikajuur (29%), rapsi\u00f5li, piiritus\u00e4\u00e4dikas, suhkur, vabapidamisel peetud kanade past\u00f6riseeritud <strong>t\u00e4ismuna<\/strong>, r\u00f5\u00f5sk <strong>koor<\/strong> (4%) (<strong>piim<\/strong>), meresool, sinepijahu, stabilisaatorid: guarkummi, ksantaankummi.<\/p>\n<p data-start=\"1062\" data-end=\"1256\" data-is-last-node=\"\" data-is-only-node=\"\"><strong data-start=\"3139\" data-end=\"3168\">Toitev\u00e4\u00e4rtus 100 g kohta:<\/strong> 339 kcal, rasv 29 g (k\u00fcllastunud 2,5 g), s\u00fcsivesikud 15 g (suhkruid 14 g), valgud 2,7 g, sool 0,76 g<\/p>\n<p data-start=\"1062\" data-end=\"1256\" data-is-last-node=\"\" data-is-only-node=\"\"><strong data-start=\"3272\" data-end=\"3288\">S\u00e4ilitamine:<\/strong> Hoida jahedas, p\u00e4ikesevalguse eest kaitstult. P\u00e4rast avamist hoida k\u00fclmkapis ja tarvitada 4 n\u00e4dala jooksul.<\/p>\n<h4 data-start=\"1062\" data-end=\"1256\"><strong data-start=\"710\" data-end=\"732\">Kasutussoovitused<\/strong><\/h4>\n<p data-start=\"1062\" data-end=\"1256\">\u2022 r\u00f6stbiifile ja k\u00fclmadele lihadele<br data-start=\"770\" data-end=\"773\" \/>\u2022 suitsukalale ja grillitud kalale<br data-start=\"807\" data-end=\"810\" \/>\u2022 marineeritud k\u00f6\u00f6giviljade ja hapukurgi k\u00f5rvale<br data-start=\"858\" data-end=\"861\" \/>\u2022 liha- ja kanaroogade tasakaalustamiseks<br data-start=\"902\" data-end=\"905\" \/>\u2022 v\u00f5ileibadesse ja wrapidesse<br data-start=\"934\" data-end=\"937\" \/>\u2022 juurvilja- ja lihahautistele lisandiks<br data-start=\"977\" data-end=\"980\" \/>\u2022 tugevamaitseliste juustude k\u00f5rvale<\/p>\n","protected":false},"featured_media":242545,"template":"","meta":{"inline_featured_image":false},"product_brand":[],"product_cat":[28,511],"product_tag":[],"class_list":{"0":"post-239435","1":"product","2":"type-product","3":"status-publish","4":"has-post-thumbnail","6":"product_cat-maitseandjad","7":"product_cat-stokes","9":"first","10":"instock","11":"sale","12":"taxable","13":"shipping-taxable","14":"purchasable","15":"product-type-simple"},"yoast_head":"<!-- This site is optimized with the Yoast SEO plugin v27.4 - https:\/\/yoast.com\/product\/yoast-seo-wordpress\/ -->\n<title>Stokes KREEMINE M\u00c4DAR\u00d5IKAKASTE 220g - BBQ Entertainment<\/title>\n<meta name=\"description\" content=\"Stokes Creamed Horseradish \u2013 kreemjas ja v\u00fcrtsikas m\u00e4dar\u00f5igas, mis t\u00e4iustab r\u00f6stbiifi, kalatoite, v\u00f5ileibu ja juuste. Lisa roogadele v\u00e4rskust ja s\u00fcgavust!\" \/>\n<meta name=\"robots\" content=\"index, follow, max-snippet:-1, max-image-preview:large, max-video-preview:-1\" \/>\n<link rel=\"canonical\" href=\"https:\/\/bbqentertainment.com\/toode\/stokes-kreemine-madaroikakaste-creamed-horseradish-sauce-220g\/\" \/>\n<meta property=\"og:locale\" content=\"en_US\" \/>\n<meta property=\"og:type\" content=\"article\" \/>\n<meta property=\"og:title\" content=\"Stokes KREEMINE M\u00c4DAR\u00d5IKAKASTE 220g - BBQ Entertainment\" \/>\n<meta property=\"og:description\" content=\"Stokes Creamed Horseradish \u2013 kreemjas ja v\u00fcrtsikas m\u00e4dar\u00f5igas, mis t\u00e4iustab r\u00f6stbiifi, kalatoite, v\u00f5ileibu ja juuste. Lisa roogadele v\u00e4rskust ja s\u00fcgavust!\" \/>\n<meta property=\"og:url\" content=\"https:\/\/bbqentertainment.com\/toode\/stokes-kreemine-madaroikakaste-creamed-horseradish-sauce-220g\/\" \/>\n<meta property=\"og:site_name\" content=\"BBQ Entertainment\" \/>\n<meta property=\"article:publisher\" content=\"https:\/\/www.facebook.com\/BBQ-Entertainment-N-Catering-2437913376443540\" \/>\n<meta property=\"article:modified_time\" content=\"2026-02-03T19:18:50+00:00\" \/>\n<meta property=\"og:image\" content=\"https:\/\/bbqentertainment.com\/wp-content\/uploads\/2023\/07\/5060092694353-Stokes-Kreemine-madaroika-kaste-220g.jpg\" \/>\n\t<meta property=\"og:image:width\" content=\"1200\" \/>\n\t<meta property=\"og:image:height\" content=\"1200\" \/>\n\t<meta property=\"og:image:type\" content=\"image\/jpeg\" \/>\n<meta name=\"twitter:card\" content=\"summary_large_image\" \/>\n<meta name=\"twitter:label1\" content=\"Est. reading time\" \/>\n\t<meta name=\"twitter:data1\" content=\"1 minute\" \/>\n<script type=\"application\/ld+json\" class=\"yoast-schema-graph\">{\"@context\":\"https:\\\/\\\/schema.org\",\"@graph\":[{\"@type\":[\"WebPage\",\"ItemPage\"],\"@id\":\"https:\\\/\\\/bbqentertainment.com\\\/toode\\\/stokes-kreemine-madaroikakaste-creamed-horseradish-sauce-220g\\\/\",\"url\":\"https:\\\/\\\/bbqentertainment.com\\\/toode\\\/stokes-kreemine-madaroikakaste-creamed-horseradish-sauce-220g\\\/\",\"name\":\"Stokes KREEMINE M\u00c4DAR\u00d5IKAKASTE 220g - BBQ Entertainment\",\"isPartOf\":{\"@id\":\"https:\\\/\\\/bbqentertainment.com\\\/#website\"},\"primaryImageOfPage\":{\"@id\":\"https:\\\/\\\/bbqentertainment.com\\\/toode\\\/stokes-kreemine-madaroikakaste-creamed-horseradish-sauce-220g\\\/#primaryimage\"},\"image\":{\"@id\":\"https:\\\/\\\/bbqentertainment.com\\\/toode\\\/stokes-kreemine-madaroikakaste-creamed-horseradish-sauce-220g\\\/#primaryimage\"},\"thumbnailUrl\":\"https:\\\/\\\/bbqentertainment.com\\\/wp-content\\\/uploads\\\/2023\\\/07\\\/5060092694353-Stokes-Kreemine-madaroika-kaste-220g.jpg\",\"datePublished\":\"2022-09-04T18:45:06+00:00\",\"dateModified\":\"2026-02-03T19:18:50+00:00\",\"description\":\"Stokes Creamed Horseradish \u2013 kreemjas ja v\u00fcrtsikas m\u00e4dar\u00f5igas, mis t\u00e4iustab r\u00f6stbiifi, kalatoite, v\u00f5ileibu ja juuste. Lisa roogadele v\u00e4rskust ja s\u00fcgavust!\",\"breadcrumb\":{\"@id\":\"https:\\\/\\\/bbqentertainment.com\\\/toode\\\/stokes-kreemine-madaroikakaste-creamed-horseradish-sauce-220g\\\/#breadcrumb\"},\"inLanguage\":\"en-US\",\"potentialAction\":[{\"@type\":\"ReadAction\",\"target\":[\"https:\\\/\\\/bbqentertainment.com\\\/toode\\\/stokes-kreemine-madaroikakaste-creamed-horseradish-sauce-220g\\\/\"]}]},{\"@type\":\"ImageObject\",\"inLanguage\":\"en-US\",\"@id\":\"https:\\\/\\\/bbqentertainment.com\\\/toode\\\/stokes-kreemine-madaroikakaste-creamed-horseradish-sauce-220g\\\/#primaryimage\",\"url\":\"https:\\\/\\\/bbqentertainment.com\\\/wp-content\\\/uploads\\\/2023\\\/07\\\/5060092694353-Stokes-Kreemine-madaroika-kaste-220g.jpg\",\"contentUrl\":\"https:\\\/\\\/bbqentertainment.com\\\/wp-content\\\/uploads\\\/2023\\\/07\\\/5060092694353-Stokes-Kreemine-madaroika-kaste-220g.jpg\",\"width\":1200,\"height\":1200,\"caption\":\"Kreemine m\u00e4dar\u00f5ikakaste \u2013 Stokes kreemjas ja v\u00fcrtsikas m\u00e4dar\u00f5igas klaaspurgis, ideaalne liha-, kala- ja juusturoogade k\u00f5rvale.\"},{\"@type\":\"BreadcrumbList\",\"@id\":\"https:\\\/\\\/bbqentertainment.com\\\/toode\\\/stokes-kreemine-madaroikakaste-creamed-horseradish-sauce-220g\\\/#breadcrumb\",\"itemListElement\":[{\"@type\":\"ListItem\",\"position\":1,\"name\":\"AVALEHT\",\"item\":\"https:\\\/\\\/bbqentertainment.com\\\/en\\\/\"},{\"@type\":\"ListItem\",\"position\":2,\"name\":\"Tooted\",\"item\":\"https:\\\/\\\/bbqentertainment.com\\\/tooted\\\/\"},{\"@type\":\"ListItem\",\"position\":3,\"name\":\"Maitseandjad\",\"item\":\"https:\\\/\\\/bbqentertainment.com\\\/en\\\/tootekategooria\\\/maitseandjad\\\/\"},{\"@type\":\"ListItem\",\"position\":4,\"name\":\"STOKES\",\"item\":\"https:\\\/\\\/bbqentertainment.com\\\/tootekategooria\\\/maitseandjad\\\/stokes\\\/\"},{\"@type\":\"ListItem\",\"position\":5,\"name\":\"Stokes KREEMINE M\u00c4DAR\u00d5IKAKASTE 220g\"}]},{\"@type\":\"WebSite\",\"@id\":\"https:\\\/\\\/bbqentertainment.com\\\/#website\",\"url\":\"https:\\\/\\\/bbqentertainment.com\\\/\",\"name\":\"BBQ Entertainment\",\"description\":\"BBQ is a great lifestyle, not just fun!\",\"publisher\":{\"@id\":\"https:\\\/\\\/bbqentertainment.com\\\/#organization\"},\"potentialAction\":[{\"@type\":\"SearchAction\",\"target\":{\"@type\":\"EntryPoint\",\"urlTemplate\":\"https:\\\/\\\/bbqentertainment.com\\\/?s={search_term_string}\"},\"query-input\":{\"@type\":\"PropertyValueSpecification\",\"valueRequired\":true,\"valueName\":\"search_term_string\"}}],\"inLanguage\":\"en-US\"},{\"@type\":\"Organization\",\"@id\":\"https:\\\/\\\/bbqentertainment.com\\\/#organization\",\"name\":\"BBQ Entertainment O\u00dc\",\"url\":\"https:\\\/\\\/bbqentertainment.com\\\/\",\"logo\":{\"@type\":\"ImageObject\",\"inLanguage\":\"en-US\",\"@id\":\"https:\\\/\\\/bbqentertainment.com\\\/#\\\/schema\\\/logo\\\/image\\\/\",\"url\":\"https:\\\/\\\/bbqentertainment.com\\\/wp-content\\\/uploads\\\/2020\\\/04\\\/BBQ-Entertainment-N-Catering-Enn-Tobreluts-Logo.png\",\"contentUrl\":\"https:\\\/\\\/bbqentertainment.com\\\/wp-content\\\/uploads\\\/2020\\\/04\\\/BBQ-Entertainment-N-Catering-Enn-Tobreluts-Logo.png\",\"width\":628,\"height\":266,\"caption\":\"BBQ Entertainment O\u00dc\"},\"image\":{\"@id\":\"https:\\\/\\\/bbqentertainment.com\\\/#\\\/schema\\\/logo\\\/image\\\/\"},\"sameAs\":[\"https:\\\/\\\/www.facebook.com\\\/BBQ-Entertainment-N-Catering-2437913376443540\",\"https:\\\/\\\/www.instagram.com\\\/bbqentertainmentncatering\\\/\",\"https:\\\/\\\/www.youtube.com\\\/channel\\\/UCmpuANQVhLy2Md8nrenp2jA\"]}]}<\/script>\n<!-- \/ Yoast SEO plugin. -->","yoast_head_json":{"title":"Stokes KREEMINE M\u00c4DAR\u00d5IKAKASTE 220g - BBQ Entertainment","description":"Stokes Creamed Horseradish \u2013 kreemjas ja v\u00fcrtsikas m\u00e4dar\u00f5igas, mis t\u00e4iustab r\u00f6stbiifi, kalatoite, v\u00f5ileibu ja juuste. Lisa roogadele v\u00e4rskust ja s\u00fcgavust!","robots":{"index":"index","follow":"follow","max-snippet":"max-snippet:-1","max-image-preview":"max-image-preview:large","max-video-preview":"max-video-preview:-1"},"canonical":"https:\/\/bbqentertainment.com\/toode\/stokes-kreemine-madaroikakaste-creamed-horseradish-sauce-220g\/","og_locale":"en_US","og_type":"article","og_title":"Stokes KREEMINE M\u00c4DAR\u00d5IKAKASTE 220g - BBQ Entertainment","og_description":"Stokes Creamed Horseradish \u2013 kreemjas ja v\u00fcrtsikas m\u00e4dar\u00f5igas, mis t\u00e4iustab r\u00f6stbiifi, kalatoite, v\u00f5ileibu ja juuste. Lisa roogadele v\u00e4rskust ja s\u00fcgavust!","og_url":"https:\/\/bbqentertainment.com\/toode\/stokes-kreemine-madaroikakaste-creamed-horseradish-sauce-220g\/","og_site_name":"BBQ Entertainment","article_publisher":"https:\/\/www.facebook.com\/BBQ-Entertainment-N-Catering-2437913376443540","article_modified_time":"2026-02-03T19:18:50+00:00","og_image":[{"width":1200,"height":1200,"url":"https:\/\/bbqentertainment.com\/wp-content\/uploads\/2023\/07\/5060092694353-Stokes-Kreemine-madaroika-kaste-220g.jpg","type":"image\/jpeg"}],"twitter_card":"summary_large_image","twitter_misc":{"Est. reading time":"1 minute"},"schema":{"@context":"https:\/\/schema.org","@graph":[{"@type":["WebPage","ItemPage"],"@id":"https:\/\/bbqentertainment.com\/toode\/stokes-kreemine-madaroikakaste-creamed-horseradish-sauce-220g\/","url":"https:\/\/bbqentertainment.com\/toode\/stokes-kreemine-madaroikakaste-creamed-horseradish-sauce-220g\/","name":"Stokes KREEMINE M\u00c4DAR\u00d5IKAKASTE 220g - BBQ Entertainment","isPartOf":{"@id":"https:\/\/bbqentertainment.com\/#website"},"primaryImageOfPage":{"@id":"https:\/\/bbqentertainment.com\/toode\/stokes-kreemine-madaroikakaste-creamed-horseradish-sauce-220g\/#primaryimage"},"image":{"@id":"https:\/\/bbqentertainment.com\/toode\/stokes-kreemine-madaroikakaste-creamed-horseradish-sauce-220g\/#primaryimage"},"thumbnailUrl":"https:\/\/bbqentertainment.com\/wp-content\/uploads\/2023\/07\/5060092694353-Stokes-Kreemine-madaroika-kaste-220g.jpg","datePublished":"2022-09-04T18:45:06+00:00","dateModified":"2026-02-03T19:18:50+00:00","description":"Stokes Creamed Horseradish \u2013 kreemjas ja v\u00fcrtsikas m\u00e4dar\u00f5igas, mis t\u00e4iustab r\u00f6stbiifi, kalatoite, v\u00f5ileibu ja juuste. Lisa roogadele v\u00e4rskust ja s\u00fcgavust!","breadcrumb":{"@id":"https:\/\/bbqentertainment.com\/toode\/stokes-kreemine-madaroikakaste-creamed-horseradish-sauce-220g\/#breadcrumb"},"inLanguage":"en-US","potentialAction":[{"@type":"ReadAction","target":["https:\/\/bbqentertainment.com\/toode\/stokes-kreemine-madaroikakaste-creamed-horseradish-sauce-220g\/"]}]},{"@type":"ImageObject","inLanguage":"en-US","@id":"https:\/\/bbqentertainment.com\/toode\/stokes-kreemine-madaroikakaste-creamed-horseradish-sauce-220g\/#primaryimage","url":"https:\/\/bbqentertainment.com\/wp-content\/uploads\/2023\/07\/5060092694353-Stokes-Kreemine-madaroika-kaste-220g.jpg","contentUrl":"https:\/\/bbqentertainment.com\/wp-content\/uploads\/2023\/07\/5060092694353-Stokes-Kreemine-madaroika-kaste-220g.jpg","width":1200,"height":1200,"caption":"Kreemine m\u00e4dar\u00f5ikakaste \u2013 Stokes kreemjas ja v\u00fcrtsikas m\u00e4dar\u00f5igas klaaspurgis, ideaalne liha-, kala- ja juusturoogade k\u00f5rvale."},{"@type":"BreadcrumbList","@id":"https:\/\/bbqentertainment.com\/toode\/stokes-kreemine-madaroikakaste-creamed-horseradish-sauce-220g\/#breadcrumb","itemListElement":[{"@type":"ListItem","position":1,"name":"AVALEHT","item":"https:\/\/bbqentertainment.com\/en\/"},{"@type":"ListItem","position":2,"name":"Tooted","item":"https:\/\/bbqentertainment.com\/tooted\/"},{"@type":"ListItem","position":3,"name":"Maitseandjad","item":"https:\/\/bbqentertainment.com\/en\/tootekategooria\/maitseandjad\/"},{"@type":"ListItem","position":4,"name":"STOKES","item":"https:\/\/bbqentertainment.com\/tootekategooria\/maitseandjad\/stokes\/"},{"@type":"ListItem","position":5,"name":"Stokes KREEMINE M\u00c4DAR\u00d5IKAKASTE 220g"}]},{"@type":"WebSite","@id":"https:\/\/bbqentertainment.com\/#website","url":"https:\/\/bbqentertainment.com\/","name":"BBQ Entertainment","description":"BBQ is a great lifestyle, not just fun!","publisher":{"@id":"https:\/\/bbqentertainment.com\/#organization"},"potentialAction":[{"@type":"SearchAction","target":{"@type":"EntryPoint","urlTemplate":"https:\/\/bbqentertainment.com\/?s={search_term_string}"},"query-input":{"@type":"PropertyValueSpecification","valueRequired":true,"valueName":"search_term_string"}}],"inLanguage":"en-US"},{"@type":"Organization","@id":"https:\/\/bbqentertainment.com\/#organization","name":"BBQ Entertainment O\u00dc","url":"https:\/\/bbqentertainment.com\/","logo":{"@type":"ImageObject","inLanguage":"en-US","@id":"https:\/\/bbqentertainment.com\/#\/schema\/logo\/image\/","url":"https:\/\/bbqentertainment.com\/wp-content\/uploads\/2020\/04\/BBQ-Entertainment-N-Catering-Enn-Tobreluts-Logo.png","contentUrl":"https:\/\/bbqentertainment.com\/wp-content\/uploads\/2020\/04\/BBQ-Entertainment-N-Catering-Enn-Tobreluts-Logo.png","width":628,"height":266,"caption":"BBQ Entertainment O\u00dc"},"image":{"@id":"https:\/\/bbqentertainment.com\/#\/schema\/logo\/image\/"},"sameAs":["https:\/\/www.facebook.com\/BBQ-Entertainment-N-Catering-2437913376443540","https:\/\/www.instagram.com\/bbqentertainmentncatering\/","https:\/\/www.youtube.com\/channel\/UCmpuANQVhLy2Md8nrenp2jA"]}]}},"_links":{"self":[{"href":"https:\/\/bbqentertainment.com\/en\/wp-json\/wp\/v2\/product\/239435","targetHints":{"allow":["GET"]}}],"collection":[{"href":"https:\/\/bbqentertainment.com\/en\/wp-json\/wp\/v2\/product"}],"about":[{"href":"https:\/\/bbqentertainment.com\/en\/wp-json\/wp\/v2\/types\/product"}],"wp:featuredmedia":[{"embeddable":true,"href":"https:\/\/bbqentertainment.com\/en\/wp-json\/wp\/v2\/media\/242545"}],"wp:attachment":[{"href":"https:\/\/bbqentertainment.com\/en\/wp-json\/wp\/v2\/media?parent=239435"}],"wp:term":[{"taxonomy":"product_brand","embeddable":true,"href":"https:\/\/bbqentertainment.com\/en\/wp-json\/wp\/v2\/product_brand?post=239435"},{"taxonomy":"product_cat","embeddable":true,"href":"https:\/\/bbqentertainment.com\/en\/wp-json\/wp\/v2\/product_cat?post=239435"},{"taxonomy":"product_tag","embeddable":true,"href":"https:\/\/bbqentertainment.com\/en\/wp-json\/wp\/v2\/product_tag?post=239435"}],"curies":[{"name":"wp","href":"https:\/\/api.w.org\/{rel}","templated":true}]}}