{"id":239515,"date":"2022-09-04T23:48:59","date_gmt":"2022-09-04T21:48:59","guid":{"rendered":"https:\/\/bbqentertainment.com\/?post_type=product&#038;p=239515"},"modified":"2025-10-07T14:51:01","modified_gmt":"2025-10-07T11:51:01","slug":"joesephs-gin-tonic-karamellikaste-230g","status":"publish","type":"product","link":"https:\/\/bbqentertainment.com\/en\/toode\/joesephs-gin-tonic-karamellikaste-230g\/","title":{"rendered":"Joe&amp;Seph&#8217;s GIN &amp; TONIC karamellikaste 230g"},"content":{"rendered":"","protected":false},"excerpt":{"rendered":"<h3><strong>Joe&amp;Seph&#8217;s GIN &amp; TONIC karamellikaste 230g<\/strong><\/h3>\n<p class=\"\" data-start=\"40\" data-end=\"308\">Inglismaal k\u00e4sit\u00f6\u00f6na valmistatud eriliselt siidine karamellikaste, mis on valmistatud v\u00e4rskest r\u00f5\u00f5sast koorest ning maitsestatud ehtsa d\u017einni ja tooniku seguga. Tulemuseks on oman\u00e4oline ja v\u00e4rskendav maitseelamus, mis \u00fchendab klassikalise kokteili n\u00fcansid luksusliku karamellikastmega.<\/p>\n<p class=\"\" data-start=\"310\" data-end=\"427\"><strong data-start=\"310\" data-end=\"324\">Kasutamine<\/strong><br data-start=\"324\" data-end=\"327\" \/>Sobib h\u00e4sti nii j\u00e4\u00e4tisele kui ka kookide ja magustoitude t\u00e4ienduseks.<\/p>\n<p class=\"\" data-start=\"429\" data-end=\"518\"><strong data-start=\"429\" data-end=\"444\">Koostisosad<\/strong><br data-start=\"444\" data-end=\"447\" \/>R\u00f5\u00f5skkoor (<strong>piim<\/strong>) (44%), kuldne siirup, suhkur, toonik (6%), d\u017einn (5%).<\/p>\n<p class=\"\" data-start=\"520\" data-end=\"553\"><strong data-start=\"520\" data-end=\"535\">Allergeenid<\/strong><br data-start=\"535\" data-end=\"538\" \/>Sisaldab piima<\/p>\n<p class=\"\" data-start=\"555\" data-end=\"600\"><strong data-start=\"584\" data-end=\"600\">Gluteenivaba<\/strong><\/p>\n<p class=\"\" data-start=\"602\" data-end=\"833\"><strong data-start=\"602\" data-end=\"641\">Toitev\u00e4\u00e4rtus\u00a0<\/strong><br data-start=\"641\" data-end=\"644\" \/>100 grammi karamellikastet sisaldab 2088 kJ \/ 500 kcal energiat, 31,9 g rasva, millest 19,7 g on k\u00fcllastunud rasvhapped, 51,6 g s\u00fcsivesikuid, sh 50,8 g suhkruid, 1,1 g valku ja 0,3 g soola.<\/p>\n","protected":false},"featured_media":239475,"template":"","meta":{"inline_featured_image":false},"product_brand":[],"product_cat":[28,512],"product_tag":[],"class_list":{"0":"post-239515","1":"product","2":"type-product","3":"status-publish","4":"has-post-thumbnail","6":"product_cat-maitseandjad","7":"product_cat-joesephs","9":"first","10":"instock","11":"taxable","12":"shipping-taxable","13":"purchasable","14":"product-type-simple"},"yoast_head":"<!-- This site is optimized with the Yoast SEO plugin v27.4 - https:\/\/yoast.com\/product\/yoast-seo-wordpress\/ -->\n<title>Joe&amp;Seph&#039;s GIN &amp; TONIC karamellikaste 230g - BBQ Entertainment<\/title>\n<meta name=\"robots\" content=\"index, follow, max-snippet:-1, max-image-preview:large, max-video-preview:-1\" \/>\n<link rel=\"canonical\" href=\"https:\/\/bbqentertainment.com\/toode\/joesephs-gin-tonic-karamellikaste-230g\/\" \/>\n<meta property=\"og:locale\" content=\"en_US\" \/>\n<meta property=\"og:type\" content=\"article\" \/>\n<meta property=\"og:title\" content=\"Joe&amp;Seph&#039;s GIN &amp; TONIC karamellikaste 230g - BBQ Entertainment\" \/>\n<meta property=\"og:description\" content=\"Joe&amp;Seph&#039;s GIN &amp; TONIC karamellikaste 230g Inglismaal k\u00e4sit\u00f6\u00f6na valmistatud eriliselt siidine karamellikaste, mis on valmistatud v\u00e4rskest r\u00f5\u00f5sast koorest ning maitsestatud ehtsa d\u017einni ja tooniku seguga. Tulemuseks on oman\u00e4oline ja v\u00e4rskendav maitseelamus, mis \u00fchendab klassikalise kokteili n\u00fcansid luksusliku karamellikastmega. KasutamineSobib h\u00e4sti nii j\u00e4\u00e4tisele kui ka kookide ja magustoitude t\u00e4ienduseks. KoostisosadR\u00f5\u00f5skkoor (piim) (44%), kuldne siirup, suhkur, toonik (6%), d\u017einn (5%). AllergeenidSisaldab piima Gluteenivaba Toitev\u00e4\u00e4rtus\u00a0100 grammi karamellikastet sisaldab 2088 kJ \/ 500 kcal energiat, 31,9 g rasva, millest 19,7 g on k\u00fcllastunud rasvhapped, 51,6 g s\u00fcsivesikuid, sh 50,8 g suhkruid, 1,1 g valku ja 0,3 g soola.\" \/>\n<meta property=\"og:url\" content=\"https:\/\/bbqentertainment.com\/toode\/joesephs-gin-tonic-karamellikaste-230g\/\" \/>\n<meta property=\"og:site_name\" content=\"BBQ Entertainment\" \/>\n<meta property=\"article:publisher\" content=\"https:\/\/www.facebook.com\/BBQ-Entertainment-N-Catering-2437913376443540\" \/>\n<meta property=\"article:modified_time\" content=\"2025-10-07T11:51:01+00:00\" \/>\n<meta property=\"og:image\" content=\"https:\/\/bbqentertainment.com\/wp-content\/uploads\/2022\/09\/JoeSephs-Gin-Tonic-Caramel-Sauce-230g.jpg\" \/>\n\t<meta property=\"og:image:width\" content=\"1200\" \/>\n\t<meta property=\"og:image:height\" content=\"1200\" \/>\n\t<meta property=\"og:image:type\" content=\"image\/jpeg\" \/>\n<meta name=\"twitter:card\" content=\"summary_large_image\" \/>\n<meta name=\"twitter:label1\" content=\"Est. reading time\" \/>\n\t<meta name=\"twitter:data1\" content=\"1 minute\" \/>\n<script type=\"application\/ld+json\" class=\"yoast-schema-graph\">{\"@context\":\"https:\\\/\\\/schema.org\",\"@graph\":[{\"@type\":[\"WebPage\",\"ItemPage\"],\"@id\":\"https:\\\/\\\/bbqentertainment.com\\\/toode\\\/joesephs-gin-tonic-karamellikaste-230g\\\/\",\"url\":\"https:\\\/\\\/bbqentertainment.com\\\/toode\\\/joesephs-gin-tonic-karamellikaste-230g\\\/\",\"name\":\"Joe&amp;Seph's GIN &amp; TONIC karamellikaste 230g - BBQ Entertainment\",\"isPartOf\":{\"@id\":\"https:\\\/\\\/bbqentertainment.com\\\/#website\"},\"primaryImageOfPage\":{\"@id\":\"https:\\\/\\\/bbqentertainment.com\\\/toode\\\/joesephs-gin-tonic-karamellikaste-230g\\\/#primaryimage\"},\"image\":{\"@id\":\"https:\\\/\\\/bbqentertainment.com\\\/toode\\\/joesephs-gin-tonic-karamellikaste-230g\\\/#primaryimage\"},\"thumbnailUrl\":\"https:\\\/\\\/bbqentertainment.com\\\/wp-content\\\/uploads\\\/2022\\\/09\\\/JoeSephs-Gin-Tonic-Caramel-Sauce-230g.jpg\",\"datePublished\":\"2022-09-04T21:48:59+00:00\",\"dateModified\":\"2025-10-07T11:51:01+00:00\",\"breadcrumb\":{\"@id\":\"https:\\\/\\\/bbqentertainment.com\\\/toode\\\/joesephs-gin-tonic-karamellikaste-230g\\\/#breadcrumb\"},\"inLanguage\":\"en-US\",\"potentialAction\":[{\"@type\":\"ReadAction\",\"target\":[\"https:\\\/\\\/bbqentertainment.com\\\/toode\\\/joesephs-gin-tonic-karamellikaste-230g\\\/\"]}]},{\"@type\":\"ImageObject\",\"inLanguage\":\"en-US\",\"@id\":\"https:\\\/\\\/bbqentertainment.com\\\/toode\\\/joesephs-gin-tonic-karamellikaste-230g\\\/#primaryimage\",\"url\":\"https:\\\/\\\/bbqentertainment.com\\\/wp-content\\\/uploads\\\/2022\\\/09\\\/JoeSephs-Gin-Tonic-Caramel-Sauce-230g.jpg\",\"contentUrl\":\"https:\\\/\\\/bbqentertainment.com\\\/wp-content\\\/uploads\\\/2022\\\/09\\\/JoeSephs-Gin-Tonic-Caramel-Sauce-230g.jpg\",\"width\":1200,\"height\":1200},{\"@type\":\"BreadcrumbList\",\"@id\":\"https:\\\/\\\/bbqentertainment.com\\\/toode\\\/joesephs-gin-tonic-karamellikaste-230g\\\/#breadcrumb\",\"itemListElement\":[{\"@type\":\"ListItem\",\"position\":1,\"name\":\"AVALEHT\",\"item\":\"https:\\\/\\\/bbqentertainment.com\\\/en\\\/\"},{\"@type\":\"ListItem\",\"position\":2,\"name\":\"Tooted\",\"item\":\"https:\\\/\\\/bbqentertainment.com\\\/tooted\\\/\"},{\"@type\":\"ListItem\",\"position\":3,\"name\":\"Maitseandjad\",\"item\":\"https:\\\/\\\/bbqentertainment.com\\\/en\\\/tootekategooria\\\/maitseandjad\\\/\"},{\"@type\":\"ListItem\",\"position\":4,\"name\":\"JOE&amp;SEPH'S\",\"item\":\"https:\\\/\\\/bbqentertainment.com\\\/tootekategooria\\\/maitseandjad\\\/joesephs\\\/\"},{\"@type\":\"ListItem\",\"position\":5,\"name\":\"Joe&amp;Seph&#8217;s GIN &amp; TONIC karamellikaste 230g\"}]},{\"@type\":\"WebSite\",\"@id\":\"https:\\\/\\\/bbqentertainment.com\\\/#website\",\"url\":\"https:\\\/\\\/bbqentertainment.com\\\/\",\"name\":\"BBQ Entertainment\",\"description\":\"BBQ is a great lifestyle, not just fun!\",\"publisher\":{\"@id\":\"https:\\\/\\\/bbqentertainment.com\\\/#organization\"},\"potentialAction\":[{\"@type\":\"SearchAction\",\"target\":{\"@type\":\"EntryPoint\",\"urlTemplate\":\"https:\\\/\\\/bbqentertainment.com\\\/?s={search_term_string}\"},\"query-input\":{\"@type\":\"PropertyValueSpecification\",\"valueRequired\":true,\"valueName\":\"search_term_string\"}}],\"inLanguage\":\"en-US\"},{\"@type\":\"Organization\",\"@id\":\"https:\\\/\\\/bbqentertainment.com\\\/#organization\",\"name\":\"BBQ Entertainment O\u00dc\",\"url\":\"https:\\\/\\\/bbqentertainment.com\\\/\",\"logo\":{\"@type\":\"ImageObject\",\"inLanguage\":\"en-US\",\"@id\":\"https:\\\/\\\/bbqentertainment.com\\\/#\\\/schema\\\/logo\\\/image\\\/\",\"url\":\"https:\\\/\\\/bbqentertainment.com\\\/wp-content\\\/uploads\\\/2020\\\/04\\\/BBQ-Entertainment-N-Catering-Enn-Tobreluts-Logo.png\",\"contentUrl\":\"https:\\\/\\\/bbqentertainment.com\\\/wp-content\\\/uploads\\\/2020\\\/04\\\/BBQ-Entertainment-N-Catering-Enn-Tobreluts-Logo.png\",\"width\":628,\"height\":266,\"caption\":\"BBQ Entertainment O\u00dc\"},\"image\":{\"@id\":\"https:\\\/\\\/bbqentertainment.com\\\/#\\\/schema\\\/logo\\\/image\\\/\"},\"sameAs\":[\"https:\\\/\\\/www.facebook.com\\\/BBQ-Entertainment-N-Catering-2437913376443540\",\"https:\\\/\\\/www.instagram.com\\\/bbqentertainmentncatering\\\/\",\"https:\\\/\\\/www.youtube.com\\\/channel\\\/UCmpuANQVhLy2Md8nrenp2jA\"]}]}<\/script>\n<!-- \/ Yoast SEO plugin. -->","yoast_head_json":{"title":"Joe&amp;Seph's GIN &amp; TONIC karamellikaste 230g - BBQ Entertainment","robots":{"index":"index","follow":"follow","max-snippet":"max-snippet:-1","max-image-preview":"max-image-preview:large","max-video-preview":"max-video-preview:-1"},"canonical":"https:\/\/bbqentertainment.com\/toode\/joesephs-gin-tonic-karamellikaste-230g\/","og_locale":"en_US","og_type":"article","og_title":"Joe&amp;Seph's GIN &amp; TONIC karamellikaste 230g - BBQ Entertainment","og_description":"Joe&amp;Seph's GIN &amp; TONIC karamellikaste 230g Inglismaal k\u00e4sit\u00f6\u00f6na valmistatud eriliselt siidine karamellikaste, mis on valmistatud v\u00e4rskest r\u00f5\u00f5sast koorest ning maitsestatud ehtsa d\u017einni ja tooniku seguga. Tulemuseks on oman\u00e4oline ja v\u00e4rskendav maitseelamus, mis \u00fchendab klassikalise kokteili n\u00fcansid luksusliku karamellikastmega. KasutamineSobib h\u00e4sti nii j\u00e4\u00e4tisele kui ka kookide ja magustoitude t\u00e4ienduseks. KoostisosadR\u00f5\u00f5skkoor (piim) (44%), kuldne siirup, suhkur, toonik (6%), d\u017einn (5%). AllergeenidSisaldab piima Gluteenivaba Toitev\u00e4\u00e4rtus\u00a0100 grammi karamellikastet sisaldab 2088 kJ \/ 500 kcal energiat, 31,9 g rasva, millest 19,7 g on k\u00fcllastunud rasvhapped, 51,6 g s\u00fcsivesikuid, sh 50,8 g suhkruid, 1,1 g valku ja 0,3 g soola.","og_url":"https:\/\/bbqentertainment.com\/toode\/joesephs-gin-tonic-karamellikaste-230g\/","og_site_name":"BBQ Entertainment","article_publisher":"https:\/\/www.facebook.com\/BBQ-Entertainment-N-Catering-2437913376443540","article_modified_time":"2025-10-07T11:51:01+00:00","og_image":[{"width":1200,"height":1200,"url":"https:\/\/bbqentertainment.com\/wp-content\/uploads\/2022\/09\/JoeSephs-Gin-Tonic-Caramel-Sauce-230g.jpg","type":"image\/jpeg"}],"twitter_card":"summary_large_image","twitter_misc":{"Est. reading time":"1 minute"},"schema":{"@context":"https:\/\/schema.org","@graph":[{"@type":["WebPage","ItemPage"],"@id":"https:\/\/bbqentertainment.com\/toode\/joesephs-gin-tonic-karamellikaste-230g\/","url":"https:\/\/bbqentertainment.com\/toode\/joesephs-gin-tonic-karamellikaste-230g\/","name":"Joe&amp;Seph's GIN &amp; TONIC karamellikaste 230g - BBQ Entertainment","isPartOf":{"@id":"https:\/\/bbqentertainment.com\/#website"},"primaryImageOfPage":{"@id":"https:\/\/bbqentertainment.com\/toode\/joesephs-gin-tonic-karamellikaste-230g\/#primaryimage"},"image":{"@id":"https:\/\/bbqentertainment.com\/toode\/joesephs-gin-tonic-karamellikaste-230g\/#primaryimage"},"thumbnailUrl":"https:\/\/bbqentertainment.com\/wp-content\/uploads\/2022\/09\/JoeSephs-Gin-Tonic-Caramel-Sauce-230g.jpg","datePublished":"2022-09-04T21:48:59+00:00","dateModified":"2025-10-07T11:51:01+00:00","breadcrumb":{"@id":"https:\/\/bbqentertainment.com\/toode\/joesephs-gin-tonic-karamellikaste-230g\/#breadcrumb"},"inLanguage":"en-US","potentialAction":[{"@type":"ReadAction","target":["https:\/\/bbqentertainment.com\/toode\/joesephs-gin-tonic-karamellikaste-230g\/"]}]},{"@type":"ImageObject","inLanguage":"en-US","@id":"https:\/\/bbqentertainment.com\/toode\/joesephs-gin-tonic-karamellikaste-230g\/#primaryimage","url":"https:\/\/bbqentertainment.com\/wp-content\/uploads\/2022\/09\/JoeSephs-Gin-Tonic-Caramel-Sauce-230g.jpg","contentUrl":"https:\/\/bbqentertainment.com\/wp-content\/uploads\/2022\/09\/JoeSephs-Gin-Tonic-Caramel-Sauce-230g.jpg","width":1200,"height":1200},{"@type":"BreadcrumbList","@id":"https:\/\/bbqentertainment.com\/toode\/joesephs-gin-tonic-karamellikaste-230g\/#breadcrumb","itemListElement":[{"@type":"ListItem","position":1,"name":"AVALEHT","item":"https:\/\/bbqentertainment.com\/en\/"},{"@type":"ListItem","position":2,"name":"Tooted","item":"https:\/\/bbqentertainment.com\/tooted\/"},{"@type":"ListItem","position":3,"name":"Maitseandjad","item":"https:\/\/bbqentertainment.com\/en\/tootekategooria\/maitseandjad\/"},{"@type":"ListItem","position":4,"name":"JOE&amp;SEPH'S","item":"https:\/\/bbqentertainment.com\/tootekategooria\/maitseandjad\/joesephs\/"},{"@type":"ListItem","position":5,"name":"Joe&amp;Seph&#8217;s GIN &amp; TONIC karamellikaste 230g"}]},{"@type":"WebSite","@id":"https:\/\/bbqentertainment.com\/#website","url":"https:\/\/bbqentertainment.com\/","name":"BBQ Entertainment","description":"BBQ is a great lifestyle, not just fun!","publisher":{"@id":"https:\/\/bbqentertainment.com\/#organization"},"potentialAction":[{"@type":"SearchAction","target":{"@type":"EntryPoint","urlTemplate":"https:\/\/bbqentertainment.com\/?s={search_term_string}"},"query-input":{"@type":"PropertyValueSpecification","valueRequired":true,"valueName":"search_term_string"}}],"inLanguage":"en-US"},{"@type":"Organization","@id":"https:\/\/bbqentertainment.com\/#organization","name":"BBQ Entertainment O\u00dc","url":"https:\/\/bbqentertainment.com\/","logo":{"@type":"ImageObject","inLanguage":"en-US","@id":"https:\/\/bbqentertainment.com\/#\/schema\/logo\/image\/","url":"https:\/\/bbqentertainment.com\/wp-content\/uploads\/2020\/04\/BBQ-Entertainment-N-Catering-Enn-Tobreluts-Logo.png","contentUrl":"https:\/\/bbqentertainment.com\/wp-content\/uploads\/2020\/04\/BBQ-Entertainment-N-Catering-Enn-Tobreluts-Logo.png","width":628,"height":266,"caption":"BBQ Entertainment O\u00dc"},"image":{"@id":"https:\/\/bbqentertainment.com\/#\/schema\/logo\/image\/"},"sameAs":["https:\/\/www.facebook.com\/BBQ-Entertainment-N-Catering-2437913376443540","https:\/\/www.instagram.com\/bbqentertainmentncatering\/","https:\/\/www.youtube.com\/channel\/UCmpuANQVhLy2Md8nrenp2jA"]}]}},"_links":{"self":[{"href":"https:\/\/bbqentertainment.com\/en\/wp-json\/wp\/v2\/product\/239515","targetHints":{"allow":["GET"]}}],"collection":[{"href":"https:\/\/bbqentertainment.com\/en\/wp-json\/wp\/v2\/product"}],"about":[{"href":"https:\/\/bbqentertainment.com\/en\/wp-json\/wp\/v2\/types\/product"}],"wp:featuredmedia":[{"embeddable":true,"href":"https:\/\/bbqentertainment.com\/en\/wp-json\/wp\/v2\/media\/239475"}],"wp:attachment":[{"href":"https:\/\/bbqentertainment.com\/en\/wp-json\/wp\/v2\/media?parent=239515"}],"wp:term":[{"taxonomy":"product_brand","embeddable":true,"href":"https:\/\/bbqentertainment.com\/en\/wp-json\/wp\/v2\/product_brand?post=239515"},{"taxonomy":"product_cat","embeddable":true,"href":"https:\/\/bbqentertainment.com\/en\/wp-json\/wp\/v2\/product_cat?post=239515"},{"taxonomy":"product_tag","embeddable":true,"href":"https:\/\/bbqentertainment.com\/en\/wp-json\/wp\/v2\/product_tag?post=239515"}],"curies":[{"name":"wp","href":"https:\/\/api.w.org\/{rel}","templated":true}]}}