{"id":239517,"date":"2022-09-04T23:52:59","date_gmt":"2022-09-04T21:52:59","guid":{"rendered":"https:\/\/bbqentertainment.com\/?post_type=product&#038;p=239517"},"modified":"2025-11-24T02:23:26","modified_gmt":"2025-11-24T00:23:26","slug":"joesephs-rummi-rosina-karamellikaste-230g","status":"publish","type":"product","link":"https:\/\/bbqentertainment.com\/en\/toode\/joesephs-rummi-rosina-karamellikaste-230g\/","title":{"rendered":"Joe&amp;Seph&#8217;s RUMMI-ROSINA karamellikaste 230g"},"content":{"rendered":"","protected":false},"excerpt":{"rendered":"<h3><strong>Joe&amp;Seph&#8217;s RUMMI-ROSINA karamellikaste 230g<\/strong><\/h3>\n<p class=\"\" data-start=\"0\" data-end=\"40\"><strong data-start=\"0\" data-end=\"40\">Karamellikaste rummiga ja rosinatega<\/strong><\/p>\n<p class=\"\" data-start=\"42\" data-end=\"303\">Inglismaal k\u00e4sit\u00f6\u00f6na valmistatud eriliselt siidine karamellikaste, milles kohtuvad v\u00e4rske r\u00f5\u00f5skkoor, ehtsad rosinat\u00fckid ja kuldne rumm. Tulemuseks on s\u00fcgavalt intensiivne ja ainulaadne maitse, mis on suurep\u00e4rane t\u00e4iendus erinevatele magustoitudele.<\/p>\n<p class=\"\" data-start=\"305\" data-end=\"426\"><strong data-start=\"305\" data-end=\"319\">Kasutamine<\/strong><br data-start=\"319\" data-end=\"322\" \/>Sobib suurep\u00e4raselt vanillij\u00e4\u00e4tisele niristamiseks. Veel ideid serveerimiseks leiad meie retseptilehelt.<\/p>\n<p class=\"\" data-start=\"428\" data-end=\"524\"><strong data-start=\"428\" data-end=\"443\">Koostisosad<\/strong><br data-start=\"443\" data-end=\"446\" \/>Rosinad (32%), r\u00f5\u00f5skkoor (<strong>piim<\/strong>) (32%), kuldne siirup, suhkur, rumm (5%), sool.<\/p>\n<p class=\"\" data-start=\"526\" data-end=\"559\"><strong data-start=\"526\" data-end=\"541\">Allergeenid<\/strong><br data-start=\"541\" data-end=\"544\" \/>Sisaldab piima<\/p>\n<p data-start=\"526\" data-end=\"559\"><strong data-start=\"584\" data-end=\"600\">Gluteenivaba<\/strong><\/p>\n<p class=\"\" data-start=\"608\" data-end=\"790\"><strong data-start=\"608\" data-end=\"636\">Toitev\u00e4\u00e4rtus\u00a0<\/strong><br data-start=\"636\" data-end=\"639\" \/>100 grammi karamellikastet sisaldab 2202 kJ \/ 529 kcal energiat, 37,2 g rasva, millest 23,2 g on k\u00fcllastunud rasvhapped, 50,1 g s\u00fcsivesikuid (sh suhkrud), 1,2 g valku ja 0,8 g soola.<\/p>\n","protected":false},"featured_media":239487,"template":"","meta":{"inline_featured_image":false},"product_brand":[],"product_cat":[28,512],"product_tag":[],"class_list":{"0":"post-239517","1":"product","2":"type-product","3":"status-publish","4":"has-post-thumbnail","6":"product_cat-maitseandjad","7":"product_cat-joesephs","9":"first","10":"instock","11":"taxable","12":"shipping-taxable","13":"purchasable","14":"product-type-simple"},"yoast_head":"<!-- This site is optimized with the Yoast SEO plugin v27.4 - https:\/\/yoast.com\/product\/yoast-seo-wordpress\/ -->\n<title>Joe&amp;Seph&#039;s RUMMI-ROSINA karamellikaste 230g - BBQ Entertainment<\/title>\n<meta name=\"robots\" content=\"index, follow, max-snippet:-1, max-image-preview:large, max-video-preview:-1\" \/>\n<link rel=\"canonical\" href=\"https:\/\/bbqentertainment.com\/toode\/joesephs-rummi-rosina-karamellikaste-230g\/\" \/>\n<meta property=\"og:locale\" content=\"en_US\" \/>\n<meta property=\"og:type\" content=\"article\" \/>\n<meta property=\"og:title\" content=\"Joe&amp;Seph&#039;s RUMMI-ROSINA karamellikaste 230g - BBQ Entertainment\" \/>\n<meta property=\"og:description\" content=\"Joe&amp;Seph&#039;s RUMMI-ROSINA karamellikaste 230g Karamellikaste rummiga ja rosinatega Inglismaal k\u00e4sit\u00f6\u00f6na valmistatud eriliselt siidine karamellikaste, milles kohtuvad v\u00e4rske r\u00f5\u00f5skkoor, ehtsad rosinat\u00fckid ja kuldne rumm. Tulemuseks on s\u00fcgavalt intensiivne ja ainulaadne maitse, mis on suurep\u00e4rane t\u00e4iendus erinevatele magustoitudele. KasutamineSobib suurep\u00e4raselt vanillij\u00e4\u00e4tisele niristamiseks. Veel ideid serveerimiseks leiad meie retseptilehelt. KoostisosadRosinad (32%), r\u00f5\u00f5skkoor (piim) (32%), kuldne siirup, suhkur, rumm (5%), sool. AllergeenidSisaldab piima Gluteenivaba Toitev\u00e4\u00e4rtus\u00a0100 grammi karamellikastet sisaldab 2202 kJ \/ 529 kcal energiat, 37,2 g rasva, millest 23,2 g on k\u00fcllastunud rasvhapped, 50,1 g s\u00fcsivesikuid (sh suhkrud), 1,2 g valku ja 0,8 g soola.\" \/>\n<meta property=\"og:url\" content=\"https:\/\/bbqentertainment.com\/toode\/joesephs-rummi-rosina-karamellikaste-230g\/\" \/>\n<meta property=\"og:site_name\" content=\"BBQ Entertainment\" \/>\n<meta property=\"article:publisher\" content=\"https:\/\/www.facebook.com\/BBQ-Entertainment-N-Catering-2437913376443540\" \/>\n<meta property=\"article:modified_time\" content=\"2025-11-24T00:23:26+00:00\" \/>\n<meta property=\"og:image\" content=\"https:\/\/bbqentertainment.com\/wp-content\/uploads\/2022\/09\/JoeSephs-Rum-Raisin-Caramel-Sauce-230g.jpg\" \/>\n\t<meta property=\"og:image:width\" content=\"1200\" \/>\n\t<meta property=\"og:image:height\" content=\"1200\" \/>\n\t<meta property=\"og:image:type\" content=\"image\/jpeg\" \/>\n<meta name=\"twitter:card\" content=\"summary_large_image\" \/>\n<meta name=\"twitter:label1\" content=\"Est. reading time\" \/>\n\t<meta name=\"twitter:data1\" content=\"1 minute\" \/>\n<script type=\"application\/ld+json\" class=\"yoast-schema-graph\">{\"@context\":\"https:\\\/\\\/schema.org\",\"@graph\":[{\"@type\":[\"WebPage\",\"ItemPage\"],\"@id\":\"https:\\\/\\\/bbqentertainment.com\\\/toode\\\/joesephs-rummi-rosina-karamellikaste-230g\\\/\",\"url\":\"https:\\\/\\\/bbqentertainment.com\\\/toode\\\/joesephs-rummi-rosina-karamellikaste-230g\\\/\",\"name\":\"Joe&amp;Seph's RUMMI-ROSINA karamellikaste 230g - BBQ Entertainment\",\"isPartOf\":{\"@id\":\"https:\\\/\\\/bbqentertainment.com\\\/#website\"},\"primaryImageOfPage\":{\"@id\":\"https:\\\/\\\/bbqentertainment.com\\\/toode\\\/joesephs-rummi-rosina-karamellikaste-230g\\\/#primaryimage\"},\"image\":{\"@id\":\"https:\\\/\\\/bbqentertainment.com\\\/toode\\\/joesephs-rummi-rosina-karamellikaste-230g\\\/#primaryimage\"},\"thumbnailUrl\":\"https:\\\/\\\/bbqentertainment.com\\\/wp-content\\\/uploads\\\/2022\\\/09\\\/JoeSephs-Rum-Raisin-Caramel-Sauce-230g.jpg\",\"datePublished\":\"2022-09-04T21:52:59+00:00\",\"dateModified\":\"2025-11-24T00:23:26+00:00\",\"breadcrumb\":{\"@id\":\"https:\\\/\\\/bbqentertainment.com\\\/toode\\\/joesephs-rummi-rosina-karamellikaste-230g\\\/#breadcrumb\"},\"inLanguage\":\"en-US\",\"potentialAction\":[{\"@type\":\"ReadAction\",\"target\":[\"https:\\\/\\\/bbqentertainment.com\\\/toode\\\/joesephs-rummi-rosina-karamellikaste-230g\\\/\"]}]},{\"@type\":\"ImageObject\",\"inLanguage\":\"en-US\",\"@id\":\"https:\\\/\\\/bbqentertainment.com\\\/toode\\\/joesephs-rummi-rosina-karamellikaste-230g\\\/#primaryimage\",\"url\":\"https:\\\/\\\/bbqentertainment.com\\\/wp-content\\\/uploads\\\/2022\\\/09\\\/JoeSephs-Rum-Raisin-Caramel-Sauce-230g.jpg\",\"contentUrl\":\"https:\\\/\\\/bbqentertainment.com\\\/wp-content\\\/uploads\\\/2022\\\/09\\\/JoeSephs-Rum-Raisin-Caramel-Sauce-230g.jpg\",\"width\":1200,\"height\":1200},{\"@type\":\"BreadcrumbList\",\"@id\":\"https:\\\/\\\/bbqentertainment.com\\\/toode\\\/joesephs-rummi-rosina-karamellikaste-230g\\\/#breadcrumb\",\"itemListElement\":[{\"@type\":\"ListItem\",\"position\":1,\"name\":\"AVALEHT\",\"item\":\"https:\\\/\\\/bbqentertainment.com\\\/en\\\/\"},{\"@type\":\"ListItem\",\"position\":2,\"name\":\"Tooted\",\"item\":\"https:\\\/\\\/bbqentertainment.com\\\/tooted\\\/\"},{\"@type\":\"ListItem\",\"position\":3,\"name\":\"Maitseandjad\",\"item\":\"https:\\\/\\\/bbqentertainment.com\\\/en\\\/tootekategooria\\\/maitseandjad\\\/\"},{\"@type\":\"ListItem\",\"position\":4,\"name\":\"JOE&amp;SEPH'S\",\"item\":\"https:\\\/\\\/bbqentertainment.com\\\/tootekategooria\\\/maitseandjad\\\/joesephs\\\/\"},{\"@type\":\"ListItem\",\"position\":5,\"name\":\"Joe&amp;Seph&#8217;s RUMMI-ROSINA karamellikaste 230g\"}]},{\"@type\":\"WebSite\",\"@id\":\"https:\\\/\\\/bbqentertainment.com\\\/#website\",\"url\":\"https:\\\/\\\/bbqentertainment.com\\\/\",\"name\":\"BBQ Entertainment\",\"description\":\"BBQ is a great lifestyle, not just fun!\",\"publisher\":{\"@id\":\"https:\\\/\\\/bbqentertainment.com\\\/#organization\"},\"potentialAction\":[{\"@type\":\"SearchAction\",\"target\":{\"@type\":\"EntryPoint\",\"urlTemplate\":\"https:\\\/\\\/bbqentertainment.com\\\/?s={search_term_string}\"},\"query-input\":{\"@type\":\"PropertyValueSpecification\",\"valueRequired\":true,\"valueName\":\"search_term_string\"}}],\"inLanguage\":\"en-US\"},{\"@type\":\"Organization\",\"@id\":\"https:\\\/\\\/bbqentertainment.com\\\/#organization\",\"name\":\"BBQ Entertainment O\u00dc\",\"url\":\"https:\\\/\\\/bbqentertainment.com\\\/\",\"logo\":{\"@type\":\"ImageObject\",\"inLanguage\":\"en-US\",\"@id\":\"https:\\\/\\\/bbqentertainment.com\\\/#\\\/schema\\\/logo\\\/image\\\/\",\"url\":\"https:\\\/\\\/bbqentertainment.com\\\/wp-content\\\/uploads\\\/2020\\\/04\\\/BBQ-Entertainment-N-Catering-Enn-Tobreluts-Logo.png\",\"contentUrl\":\"https:\\\/\\\/bbqentertainment.com\\\/wp-content\\\/uploads\\\/2020\\\/04\\\/BBQ-Entertainment-N-Catering-Enn-Tobreluts-Logo.png\",\"width\":628,\"height\":266,\"caption\":\"BBQ Entertainment O\u00dc\"},\"image\":{\"@id\":\"https:\\\/\\\/bbqentertainment.com\\\/#\\\/schema\\\/logo\\\/image\\\/\"},\"sameAs\":[\"https:\\\/\\\/www.facebook.com\\\/BBQ-Entertainment-N-Catering-2437913376443540\",\"https:\\\/\\\/www.instagram.com\\\/bbqentertainmentncatering\\\/\",\"https:\\\/\\\/www.youtube.com\\\/channel\\\/UCmpuANQVhLy2Md8nrenp2jA\"]}]}<\/script>\n<!-- \/ Yoast SEO plugin. -->","yoast_head_json":{"title":"Joe&amp;Seph's RUMMI-ROSINA karamellikaste 230g - BBQ Entertainment","robots":{"index":"index","follow":"follow","max-snippet":"max-snippet:-1","max-image-preview":"max-image-preview:large","max-video-preview":"max-video-preview:-1"},"canonical":"https:\/\/bbqentertainment.com\/toode\/joesephs-rummi-rosina-karamellikaste-230g\/","og_locale":"en_US","og_type":"article","og_title":"Joe&amp;Seph's RUMMI-ROSINA karamellikaste 230g - BBQ Entertainment","og_description":"Joe&amp;Seph's RUMMI-ROSINA karamellikaste 230g Karamellikaste rummiga ja rosinatega Inglismaal k\u00e4sit\u00f6\u00f6na valmistatud eriliselt siidine karamellikaste, milles kohtuvad v\u00e4rske r\u00f5\u00f5skkoor, ehtsad rosinat\u00fckid ja kuldne rumm. Tulemuseks on s\u00fcgavalt intensiivne ja ainulaadne maitse, mis on suurep\u00e4rane t\u00e4iendus erinevatele magustoitudele. KasutamineSobib suurep\u00e4raselt vanillij\u00e4\u00e4tisele niristamiseks. Veel ideid serveerimiseks leiad meie retseptilehelt. KoostisosadRosinad (32%), r\u00f5\u00f5skkoor (piim) (32%), kuldne siirup, suhkur, rumm (5%), sool. AllergeenidSisaldab piima Gluteenivaba Toitev\u00e4\u00e4rtus\u00a0100 grammi karamellikastet sisaldab 2202 kJ \/ 529 kcal energiat, 37,2 g rasva, millest 23,2 g on k\u00fcllastunud rasvhapped, 50,1 g s\u00fcsivesikuid (sh suhkrud), 1,2 g valku ja 0,8 g soola.","og_url":"https:\/\/bbqentertainment.com\/toode\/joesephs-rummi-rosina-karamellikaste-230g\/","og_site_name":"BBQ Entertainment","article_publisher":"https:\/\/www.facebook.com\/BBQ-Entertainment-N-Catering-2437913376443540","article_modified_time":"2025-11-24T00:23:26+00:00","og_image":[{"width":1200,"height":1200,"url":"https:\/\/bbqentertainment.com\/wp-content\/uploads\/2022\/09\/JoeSephs-Rum-Raisin-Caramel-Sauce-230g.jpg","type":"image\/jpeg"}],"twitter_card":"summary_large_image","twitter_misc":{"Est. reading time":"1 minute"},"schema":{"@context":"https:\/\/schema.org","@graph":[{"@type":["WebPage","ItemPage"],"@id":"https:\/\/bbqentertainment.com\/toode\/joesephs-rummi-rosina-karamellikaste-230g\/","url":"https:\/\/bbqentertainment.com\/toode\/joesephs-rummi-rosina-karamellikaste-230g\/","name":"Joe&amp;Seph's RUMMI-ROSINA karamellikaste 230g - BBQ Entertainment","isPartOf":{"@id":"https:\/\/bbqentertainment.com\/#website"},"primaryImageOfPage":{"@id":"https:\/\/bbqentertainment.com\/toode\/joesephs-rummi-rosina-karamellikaste-230g\/#primaryimage"},"image":{"@id":"https:\/\/bbqentertainment.com\/toode\/joesephs-rummi-rosina-karamellikaste-230g\/#primaryimage"},"thumbnailUrl":"https:\/\/bbqentertainment.com\/wp-content\/uploads\/2022\/09\/JoeSephs-Rum-Raisin-Caramel-Sauce-230g.jpg","datePublished":"2022-09-04T21:52:59+00:00","dateModified":"2025-11-24T00:23:26+00:00","breadcrumb":{"@id":"https:\/\/bbqentertainment.com\/toode\/joesephs-rummi-rosina-karamellikaste-230g\/#breadcrumb"},"inLanguage":"en-US","potentialAction":[{"@type":"ReadAction","target":["https:\/\/bbqentertainment.com\/toode\/joesephs-rummi-rosina-karamellikaste-230g\/"]}]},{"@type":"ImageObject","inLanguage":"en-US","@id":"https:\/\/bbqentertainment.com\/toode\/joesephs-rummi-rosina-karamellikaste-230g\/#primaryimage","url":"https:\/\/bbqentertainment.com\/wp-content\/uploads\/2022\/09\/JoeSephs-Rum-Raisin-Caramel-Sauce-230g.jpg","contentUrl":"https:\/\/bbqentertainment.com\/wp-content\/uploads\/2022\/09\/JoeSephs-Rum-Raisin-Caramel-Sauce-230g.jpg","width":1200,"height":1200},{"@type":"BreadcrumbList","@id":"https:\/\/bbqentertainment.com\/toode\/joesephs-rummi-rosina-karamellikaste-230g\/#breadcrumb","itemListElement":[{"@type":"ListItem","position":1,"name":"AVALEHT","item":"https:\/\/bbqentertainment.com\/en\/"},{"@type":"ListItem","position":2,"name":"Tooted","item":"https:\/\/bbqentertainment.com\/tooted\/"},{"@type":"ListItem","position":3,"name":"Maitseandjad","item":"https:\/\/bbqentertainment.com\/en\/tootekategooria\/maitseandjad\/"},{"@type":"ListItem","position":4,"name":"JOE&amp;SEPH'S","item":"https:\/\/bbqentertainment.com\/tootekategooria\/maitseandjad\/joesephs\/"},{"@type":"ListItem","position":5,"name":"Joe&amp;Seph&#8217;s RUMMI-ROSINA karamellikaste 230g"}]},{"@type":"WebSite","@id":"https:\/\/bbqentertainment.com\/#website","url":"https:\/\/bbqentertainment.com\/","name":"BBQ Entertainment","description":"BBQ is a great lifestyle, not just fun!","publisher":{"@id":"https:\/\/bbqentertainment.com\/#organization"},"potentialAction":[{"@type":"SearchAction","target":{"@type":"EntryPoint","urlTemplate":"https:\/\/bbqentertainment.com\/?s={search_term_string}"},"query-input":{"@type":"PropertyValueSpecification","valueRequired":true,"valueName":"search_term_string"}}],"inLanguage":"en-US"},{"@type":"Organization","@id":"https:\/\/bbqentertainment.com\/#organization","name":"BBQ Entertainment O\u00dc","url":"https:\/\/bbqentertainment.com\/","logo":{"@type":"ImageObject","inLanguage":"en-US","@id":"https:\/\/bbqentertainment.com\/#\/schema\/logo\/image\/","url":"https:\/\/bbqentertainment.com\/wp-content\/uploads\/2020\/04\/BBQ-Entertainment-N-Catering-Enn-Tobreluts-Logo.png","contentUrl":"https:\/\/bbqentertainment.com\/wp-content\/uploads\/2020\/04\/BBQ-Entertainment-N-Catering-Enn-Tobreluts-Logo.png","width":628,"height":266,"caption":"BBQ Entertainment O\u00dc"},"image":{"@id":"https:\/\/bbqentertainment.com\/#\/schema\/logo\/image\/"},"sameAs":["https:\/\/www.facebook.com\/BBQ-Entertainment-N-Catering-2437913376443540","https:\/\/www.instagram.com\/bbqentertainmentncatering\/","https:\/\/www.youtube.com\/channel\/UCmpuANQVhLy2Md8nrenp2jA"]}]}},"_links":{"self":[{"href":"https:\/\/bbqentertainment.com\/en\/wp-json\/wp\/v2\/product\/239517","targetHints":{"allow":["GET"]}}],"collection":[{"href":"https:\/\/bbqentertainment.com\/en\/wp-json\/wp\/v2\/product"}],"about":[{"href":"https:\/\/bbqentertainment.com\/en\/wp-json\/wp\/v2\/types\/product"}],"wp:featuredmedia":[{"embeddable":true,"href":"https:\/\/bbqentertainment.com\/en\/wp-json\/wp\/v2\/media\/239487"}],"wp:attachment":[{"href":"https:\/\/bbqentertainment.com\/en\/wp-json\/wp\/v2\/media?parent=239517"}],"wp:term":[{"taxonomy":"product_brand","embeddable":true,"href":"https:\/\/bbqentertainment.com\/en\/wp-json\/wp\/v2\/product_brand?post=239517"},{"taxonomy":"product_cat","embeddable":true,"href":"https:\/\/bbqentertainment.com\/en\/wp-json\/wp\/v2\/product_cat?post=239517"},{"taxonomy":"product_tag","embeddable":true,"href":"https:\/\/bbqentertainment.com\/en\/wp-json\/wp\/v2\/product_tag?post=239517"}],"curies":[{"name":"wp","href":"https:\/\/api.w.org\/{rel}","templated":true}]}}