{"id":239520,"date":"2022-09-04T23:56:11","date_gmt":"2022-09-04T21:56:11","guid":{"rendered":"https:\/\/bbqentertainment.com\/?post_type=product&#038;p=239520"},"modified":"2026-03-07T23:01:26","modified_gmt":"2026-03-07T21:01:26","slug":"joesephs-soola-karamellikaste-230g","status":"publish","type":"product","link":"https:\/\/bbqentertainment.com\/en\/toode\/joesephs-soola-karamellikaste-230g\/","title":{"rendered":"Joe&amp;Seph&#8217;s SOOLA-KARAMELLIKASTE 230g"},"content":{"rendered":"<p>&nbsp;<\/p>\n<p>&nbsp;<\/p>\n","protected":false},"excerpt":{"rendered":"<h3><strong>Joe&amp;Seph&#8217;s SOOLA-KARAMELLIKASTE 230g<\/strong><\/h3>\n<p class=\"\" data-start=\"32\" data-end=\"269\">Inglismaal k\u00e4sit\u00f6\u00f6na valmistatud siidine karamellikaste, mis on valmistatud v\u00e4rskest r\u00f5\u00f5sast koorest ja meresoolahelvestest. Tugev, ent tasakaalustatud maitse loob rikkaliku ja kreemja elamuse, mis sobib ideaalselt neile, kes armastavad magusa ja soolase kooslust.<\/p>\n<p class=\"\" data-start=\"271\" data-end=\"381\"><strong data-start=\"271\" data-end=\"285\">Kasutamine<\/strong><br data-start=\"285\" data-end=\"288\" \/>Nirista kookidele, j\u00e4\u00e4tisele v\u00f5i kasuta t\u00e4idistena magustoitudes.<\/p>\n<p class=\"\" data-start=\"383\" data-end=\"457\"><strong data-start=\"383\" data-end=\"398\">Koostisosad<\/strong><br data-start=\"398\" data-end=\"401\" \/>R\u00f5\u00f5skkoor (<strong>piim<\/strong>) (49%), kuldne siirup, suhkur, meresool.<\/p>\n<p class=\"\" data-start=\"459\" data-end=\"492\"><strong data-start=\"459\" data-end=\"474\">Allergeenid<\/strong><br data-start=\"474\" data-end=\"477\" \/>Sisaldab piima<\/p>\n<p class=\"\" data-start=\"494\" data-end=\"539\"><strong data-start=\"523\" data-end=\"539\">Gluteenivaba<\/strong><\/p>\n<p class=\"\" data-start=\"541\" data-end=\"766\"><strong data-start=\"541\" data-end=\"580\">Toitev\u00e4\u00e4rtus\u00a0<\/strong><br data-start=\"580\" data-end=\"583\" \/>100 grammi karamellikastet sisaldab 2247 kJ \/ 538 kcal energiat, 35,3 g rasva, millest 21,9 g on k\u00fcllastunud rasvhapped, 58,8 g s\u00fcsivesikuid (sh suhkruid), 1,2 g valku ja 2,3 g soola.<\/p>\n","protected":false},"featured_media":239493,"template":"","meta":{"inline_featured_image":false},"product_brand":[],"product_cat":[28,512],"product_tag":[],"class_list":{"0":"post-239520","1":"product","2":"type-product","3":"status-publish","4":"has-post-thumbnail","6":"product_cat-maitseandjad","7":"product_cat-joesephs","9":"first","10":"instock","11":"sale","12":"taxable","13":"shipping-taxable","14":"purchasable","15":"product-type-simple"},"yoast_head":"<!-- This site is optimized with the Yoast SEO plugin v27.4 - https:\/\/yoast.com\/product\/yoast-seo-wordpress\/ -->\n<title>Joe&amp;Seph&#039;s SOOLA-KARAMELLIKASTE 230g - BBQ Entertainment<\/title>\n<meta name=\"robots\" content=\"index, follow, max-snippet:-1, max-image-preview:large, max-video-preview:-1\" \/>\n<link rel=\"canonical\" href=\"https:\/\/bbqentertainment.com\/toode\/joesephs-soola-karamellikaste-230g\/\" \/>\n<meta property=\"og:locale\" content=\"en_US\" \/>\n<meta property=\"og:type\" content=\"article\" \/>\n<meta property=\"og:title\" content=\"Joe&amp;Seph&#039;s SOOLA-KARAMELLIKASTE 230g - BBQ Entertainment\" \/>\n<meta property=\"og:description\" content=\"Joe&amp;Seph&#039;s SOOLA-KARAMELLIKASTE 230g Inglismaal k\u00e4sit\u00f6\u00f6na valmistatud siidine karamellikaste, mis on valmistatud v\u00e4rskest r\u00f5\u00f5sast koorest ja meresoolahelvestest. Tugev, ent tasakaalustatud maitse loob rikkaliku ja kreemja elamuse, mis sobib ideaalselt neile, kes armastavad magusa ja soolase kooslust. KasutamineNirista kookidele, j\u00e4\u00e4tisele v\u00f5i kasuta t\u00e4idistena magustoitudes. KoostisosadR\u00f5\u00f5skkoor (piim) (49%), kuldne siirup, suhkur, meresool. AllergeenidSisaldab piima Gluteenivaba Toitev\u00e4\u00e4rtus\u00a0100 grammi karamellikastet sisaldab 2247 kJ \/ 538 kcal energiat, 35,3 g rasva, millest 21,9 g on k\u00fcllastunud rasvhapped, 58,8 g s\u00fcsivesikuid (sh suhkruid), 1,2 g valku ja 2,3 g soola.\" \/>\n<meta property=\"og:url\" content=\"https:\/\/bbqentertainment.com\/toode\/joesephs-soola-karamellikaste-230g\/\" \/>\n<meta property=\"og:site_name\" content=\"BBQ Entertainment\" \/>\n<meta property=\"article:publisher\" content=\"https:\/\/www.facebook.com\/BBQ-Entertainment-N-Catering-2437913376443540\" \/>\n<meta property=\"article:modified_time\" content=\"2026-03-07T21:01:26+00:00\" \/>\n<meta property=\"og:image\" content=\"https:\/\/bbqentertainment.com\/wp-content\/uploads\/2022\/09\/JoeSephs-Salted-Caramel-Sauce-230g.jpg\" \/>\n\t<meta property=\"og:image:width\" content=\"1200\" \/>\n\t<meta property=\"og:image:height\" content=\"1200\" \/>\n\t<meta property=\"og:image:type\" content=\"image\/jpeg\" \/>\n<meta name=\"twitter:card\" content=\"summary_large_image\" \/>\n<meta name=\"twitter:label1\" content=\"Est. reading time\" \/>\n\t<meta name=\"twitter:data1\" content=\"1 minute\" \/>\n<script type=\"application\/ld+json\" class=\"yoast-schema-graph\">{\"@context\":\"https:\\\/\\\/schema.org\",\"@graph\":[{\"@type\":[\"WebPage\",\"ItemPage\"],\"@id\":\"https:\\\/\\\/bbqentertainment.com\\\/toode\\\/joesephs-soola-karamellikaste-230g\\\/\",\"url\":\"https:\\\/\\\/bbqentertainment.com\\\/toode\\\/joesephs-soola-karamellikaste-230g\\\/\",\"name\":\"Joe&amp;Seph's SOOLA-KARAMELLIKASTE 230g - BBQ Entertainment\",\"isPartOf\":{\"@id\":\"https:\\\/\\\/bbqentertainment.com\\\/#website\"},\"primaryImageOfPage\":{\"@id\":\"https:\\\/\\\/bbqentertainment.com\\\/toode\\\/joesephs-soola-karamellikaste-230g\\\/#primaryimage\"},\"image\":{\"@id\":\"https:\\\/\\\/bbqentertainment.com\\\/toode\\\/joesephs-soola-karamellikaste-230g\\\/#primaryimage\"},\"thumbnailUrl\":\"https:\\\/\\\/bbqentertainment.com\\\/wp-content\\\/uploads\\\/2022\\\/09\\\/JoeSephs-Salted-Caramel-Sauce-230g.jpg\",\"datePublished\":\"2022-09-04T21:56:11+00:00\",\"dateModified\":\"2026-03-07T21:01:26+00:00\",\"breadcrumb\":{\"@id\":\"https:\\\/\\\/bbqentertainment.com\\\/toode\\\/joesephs-soola-karamellikaste-230g\\\/#breadcrumb\"},\"inLanguage\":\"en-US\",\"potentialAction\":[{\"@type\":\"ReadAction\",\"target\":[\"https:\\\/\\\/bbqentertainment.com\\\/toode\\\/joesephs-soola-karamellikaste-230g\\\/\"]}]},{\"@type\":\"ImageObject\",\"inLanguage\":\"en-US\",\"@id\":\"https:\\\/\\\/bbqentertainment.com\\\/toode\\\/joesephs-soola-karamellikaste-230g\\\/#primaryimage\",\"url\":\"https:\\\/\\\/bbqentertainment.com\\\/wp-content\\\/uploads\\\/2022\\\/09\\\/JoeSephs-Salted-Caramel-Sauce-230g.jpg\",\"contentUrl\":\"https:\\\/\\\/bbqentertainment.com\\\/wp-content\\\/uploads\\\/2022\\\/09\\\/JoeSephs-Salted-Caramel-Sauce-230g.jpg\",\"width\":1200,\"height\":1200},{\"@type\":\"BreadcrumbList\",\"@id\":\"https:\\\/\\\/bbqentertainment.com\\\/toode\\\/joesephs-soola-karamellikaste-230g\\\/#breadcrumb\",\"itemListElement\":[{\"@type\":\"ListItem\",\"position\":1,\"name\":\"AVALEHT\",\"item\":\"https:\\\/\\\/bbqentertainment.com\\\/en\\\/\"},{\"@type\":\"ListItem\",\"position\":2,\"name\":\"Tooted\",\"item\":\"https:\\\/\\\/bbqentertainment.com\\\/tooted\\\/\"},{\"@type\":\"ListItem\",\"position\":3,\"name\":\"Maitseandjad\",\"item\":\"https:\\\/\\\/bbqentertainment.com\\\/en\\\/tootekategooria\\\/maitseandjad\\\/\"},{\"@type\":\"ListItem\",\"position\":4,\"name\":\"JOE&amp;SEPH'S\",\"item\":\"https:\\\/\\\/bbqentertainment.com\\\/tootekategooria\\\/maitseandjad\\\/joesephs\\\/\"},{\"@type\":\"ListItem\",\"position\":5,\"name\":\"Joe&amp;Seph&#8217;s SOOLA-KARAMELLIKASTE 230g\"}]},{\"@type\":\"WebSite\",\"@id\":\"https:\\\/\\\/bbqentertainment.com\\\/#website\",\"url\":\"https:\\\/\\\/bbqentertainment.com\\\/\",\"name\":\"BBQ Entertainment\",\"description\":\"BBQ is a great lifestyle, not just fun!\",\"publisher\":{\"@id\":\"https:\\\/\\\/bbqentertainment.com\\\/#organization\"},\"potentialAction\":[{\"@type\":\"SearchAction\",\"target\":{\"@type\":\"EntryPoint\",\"urlTemplate\":\"https:\\\/\\\/bbqentertainment.com\\\/?s={search_term_string}\"},\"query-input\":{\"@type\":\"PropertyValueSpecification\",\"valueRequired\":true,\"valueName\":\"search_term_string\"}}],\"inLanguage\":\"en-US\"},{\"@type\":\"Organization\",\"@id\":\"https:\\\/\\\/bbqentertainment.com\\\/#organization\",\"name\":\"BBQ Entertainment O\u00dc\",\"url\":\"https:\\\/\\\/bbqentertainment.com\\\/\",\"logo\":{\"@type\":\"ImageObject\",\"inLanguage\":\"en-US\",\"@id\":\"https:\\\/\\\/bbqentertainment.com\\\/#\\\/schema\\\/logo\\\/image\\\/\",\"url\":\"https:\\\/\\\/bbqentertainment.com\\\/wp-content\\\/uploads\\\/2020\\\/04\\\/BBQ-Entertainment-N-Catering-Enn-Tobreluts-Logo.png\",\"contentUrl\":\"https:\\\/\\\/bbqentertainment.com\\\/wp-content\\\/uploads\\\/2020\\\/04\\\/BBQ-Entertainment-N-Catering-Enn-Tobreluts-Logo.png\",\"width\":628,\"height\":266,\"caption\":\"BBQ Entertainment O\u00dc\"},\"image\":{\"@id\":\"https:\\\/\\\/bbqentertainment.com\\\/#\\\/schema\\\/logo\\\/image\\\/\"},\"sameAs\":[\"https:\\\/\\\/www.facebook.com\\\/BBQ-Entertainment-N-Catering-2437913376443540\",\"https:\\\/\\\/www.instagram.com\\\/bbqentertainmentncatering\\\/\",\"https:\\\/\\\/www.youtube.com\\\/channel\\\/UCmpuANQVhLy2Md8nrenp2jA\"]}]}<\/script>\n<!-- \/ Yoast SEO plugin. -->","yoast_head_json":{"title":"Joe&amp;Seph's SOOLA-KARAMELLIKASTE 230g - BBQ Entertainment","robots":{"index":"index","follow":"follow","max-snippet":"max-snippet:-1","max-image-preview":"max-image-preview:large","max-video-preview":"max-video-preview:-1"},"canonical":"https:\/\/bbqentertainment.com\/toode\/joesephs-soola-karamellikaste-230g\/","og_locale":"en_US","og_type":"article","og_title":"Joe&amp;Seph's SOOLA-KARAMELLIKASTE 230g - BBQ Entertainment","og_description":"Joe&amp;Seph's SOOLA-KARAMELLIKASTE 230g Inglismaal k\u00e4sit\u00f6\u00f6na valmistatud siidine karamellikaste, mis on valmistatud v\u00e4rskest r\u00f5\u00f5sast koorest ja meresoolahelvestest. Tugev, ent tasakaalustatud maitse loob rikkaliku ja kreemja elamuse, mis sobib ideaalselt neile, kes armastavad magusa ja soolase kooslust. KasutamineNirista kookidele, j\u00e4\u00e4tisele v\u00f5i kasuta t\u00e4idistena magustoitudes. KoostisosadR\u00f5\u00f5skkoor (piim) (49%), kuldne siirup, suhkur, meresool. AllergeenidSisaldab piima Gluteenivaba Toitev\u00e4\u00e4rtus\u00a0100 grammi karamellikastet sisaldab 2247 kJ \/ 538 kcal energiat, 35,3 g rasva, millest 21,9 g on k\u00fcllastunud rasvhapped, 58,8 g s\u00fcsivesikuid (sh suhkruid), 1,2 g valku ja 2,3 g soola.","og_url":"https:\/\/bbqentertainment.com\/toode\/joesephs-soola-karamellikaste-230g\/","og_site_name":"BBQ Entertainment","article_publisher":"https:\/\/www.facebook.com\/BBQ-Entertainment-N-Catering-2437913376443540","article_modified_time":"2026-03-07T21:01:26+00:00","og_image":[{"width":1200,"height":1200,"url":"https:\/\/bbqentertainment.com\/wp-content\/uploads\/2022\/09\/JoeSephs-Salted-Caramel-Sauce-230g.jpg","type":"image\/jpeg"}],"twitter_card":"summary_large_image","twitter_misc":{"Est. reading time":"1 minute"},"schema":{"@context":"https:\/\/schema.org","@graph":[{"@type":["WebPage","ItemPage"],"@id":"https:\/\/bbqentertainment.com\/toode\/joesephs-soola-karamellikaste-230g\/","url":"https:\/\/bbqentertainment.com\/toode\/joesephs-soola-karamellikaste-230g\/","name":"Joe&amp;Seph's SOOLA-KARAMELLIKASTE 230g - BBQ Entertainment","isPartOf":{"@id":"https:\/\/bbqentertainment.com\/#website"},"primaryImageOfPage":{"@id":"https:\/\/bbqentertainment.com\/toode\/joesephs-soola-karamellikaste-230g\/#primaryimage"},"image":{"@id":"https:\/\/bbqentertainment.com\/toode\/joesephs-soola-karamellikaste-230g\/#primaryimage"},"thumbnailUrl":"https:\/\/bbqentertainment.com\/wp-content\/uploads\/2022\/09\/JoeSephs-Salted-Caramel-Sauce-230g.jpg","datePublished":"2022-09-04T21:56:11+00:00","dateModified":"2026-03-07T21:01:26+00:00","breadcrumb":{"@id":"https:\/\/bbqentertainment.com\/toode\/joesephs-soola-karamellikaste-230g\/#breadcrumb"},"inLanguage":"en-US","potentialAction":[{"@type":"ReadAction","target":["https:\/\/bbqentertainment.com\/toode\/joesephs-soola-karamellikaste-230g\/"]}]},{"@type":"ImageObject","inLanguage":"en-US","@id":"https:\/\/bbqentertainment.com\/toode\/joesephs-soola-karamellikaste-230g\/#primaryimage","url":"https:\/\/bbqentertainment.com\/wp-content\/uploads\/2022\/09\/JoeSephs-Salted-Caramel-Sauce-230g.jpg","contentUrl":"https:\/\/bbqentertainment.com\/wp-content\/uploads\/2022\/09\/JoeSephs-Salted-Caramel-Sauce-230g.jpg","width":1200,"height":1200},{"@type":"BreadcrumbList","@id":"https:\/\/bbqentertainment.com\/toode\/joesephs-soola-karamellikaste-230g\/#breadcrumb","itemListElement":[{"@type":"ListItem","position":1,"name":"AVALEHT","item":"https:\/\/bbqentertainment.com\/en\/"},{"@type":"ListItem","position":2,"name":"Tooted","item":"https:\/\/bbqentertainment.com\/tooted\/"},{"@type":"ListItem","position":3,"name":"Maitseandjad","item":"https:\/\/bbqentertainment.com\/en\/tootekategooria\/maitseandjad\/"},{"@type":"ListItem","position":4,"name":"JOE&amp;SEPH'S","item":"https:\/\/bbqentertainment.com\/tootekategooria\/maitseandjad\/joesephs\/"},{"@type":"ListItem","position":5,"name":"Joe&amp;Seph&#8217;s SOOLA-KARAMELLIKASTE 230g"}]},{"@type":"WebSite","@id":"https:\/\/bbqentertainment.com\/#website","url":"https:\/\/bbqentertainment.com\/","name":"BBQ Entertainment","description":"BBQ is a great lifestyle, not just fun!","publisher":{"@id":"https:\/\/bbqentertainment.com\/#organization"},"potentialAction":[{"@type":"SearchAction","target":{"@type":"EntryPoint","urlTemplate":"https:\/\/bbqentertainment.com\/?s={search_term_string}"},"query-input":{"@type":"PropertyValueSpecification","valueRequired":true,"valueName":"search_term_string"}}],"inLanguage":"en-US"},{"@type":"Organization","@id":"https:\/\/bbqentertainment.com\/#organization","name":"BBQ Entertainment O\u00dc","url":"https:\/\/bbqentertainment.com\/","logo":{"@type":"ImageObject","inLanguage":"en-US","@id":"https:\/\/bbqentertainment.com\/#\/schema\/logo\/image\/","url":"https:\/\/bbqentertainment.com\/wp-content\/uploads\/2020\/04\/BBQ-Entertainment-N-Catering-Enn-Tobreluts-Logo.png","contentUrl":"https:\/\/bbqentertainment.com\/wp-content\/uploads\/2020\/04\/BBQ-Entertainment-N-Catering-Enn-Tobreluts-Logo.png","width":628,"height":266,"caption":"BBQ Entertainment O\u00dc"},"image":{"@id":"https:\/\/bbqentertainment.com\/#\/schema\/logo\/image\/"},"sameAs":["https:\/\/www.facebook.com\/BBQ-Entertainment-N-Catering-2437913376443540","https:\/\/www.instagram.com\/bbqentertainmentncatering\/","https:\/\/www.youtube.com\/channel\/UCmpuANQVhLy2Md8nrenp2jA"]}]}},"_links":{"self":[{"href":"https:\/\/bbqentertainment.com\/en\/wp-json\/wp\/v2\/product\/239520","targetHints":{"allow":["GET"]}}],"collection":[{"href":"https:\/\/bbqentertainment.com\/en\/wp-json\/wp\/v2\/product"}],"about":[{"href":"https:\/\/bbqentertainment.com\/en\/wp-json\/wp\/v2\/types\/product"}],"wp:featuredmedia":[{"embeddable":true,"href":"https:\/\/bbqentertainment.com\/en\/wp-json\/wp\/v2\/media\/239493"}],"wp:attachment":[{"href":"https:\/\/bbqentertainment.com\/en\/wp-json\/wp\/v2\/media?parent=239520"}],"wp:term":[{"taxonomy":"product_brand","embeddable":true,"href":"https:\/\/bbqentertainment.com\/en\/wp-json\/wp\/v2\/product_brand?post=239520"},{"taxonomy":"product_cat","embeddable":true,"href":"https:\/\/bbqentertainment.com\/en\/wp-json\/wp\/v2\/product_cat?post=239520"},{"taxonomy":"product_tag","embeddable":true,"href":"https:\/\/bbqentertainment.com\/en\/wp-json\/wp\/v2\/product_tag?post=239520"}],"curies":[{"name":"wp","href":"https:\/\/api.w.org\/{rel}","templated":true}]}}