{"id":239782,"date":"2022-10-27T22:42:20","date_gmt":"2022-10-27T20:42:20","guid":{"rendered":"https:\/\/bbqentertainment.com\/?post_type=product&#038;p=239782"},"modified":"2025-07-25T13:45:42","modified_gmt":"2025-07-25T10:45:42","slug":"suured-rohelised-bella-di-cerignola-oliivid-kividega-muraglia-580-ml","status":"publish","type":"product","link":"https:\/\/bbqentertainment.com\/en\/toode\/suured-rohelised-bella-di-cerignola-oliivid-kividega-muraglia-580-ml\/","title":{"rendered":"Suured rohelised Bella di Cerignola oliivid kividega &#8211; Frantoio Muraglia 580 ml"},"content":{"rendered":"<p><span style=\"color: #000000;\">Siin veidikene Frantoio Muraglia oliivi\u00f5lidest, mis on Muraglia p\u00f5hline tootegrupp:<\/span> <span style=\"color: #000000;\">Itaalia l\u00f5unaosas Apuulia ehk nn saapakontsa-piirkonnas asuva \u201cFrantoio Muraglia\u201d eksta-v\u00e4\u00e4risoliivi\u00f5lid on valmistatud parimatest hinnalistest Coratina ja Peranzana oliividest traditsioonilise k\u00fclmpressimise meetodil. Oliivid purustatakse graniidist lihvkivide vahel. Seej\u00e4rel jahvatatakse aeglaselt, et tagada t\u00e4iesti sile ja \u00fchtlane pasta, mida seej\u00e4rel t\u00f6\u00f6deldakse Muraglia kaasaegses tehases \u00f6\u00f6p\u00e4evaringselt, et saada v\u00e4ga madal happesus ja v\u00f5rreldamatu konsistents, v\u00e4rv, maitse ja aroom. Aromaatsete oliivi\u00f5lide puhul toimub maitsete segunemine oliivi\u00f5li tootmise k\u00e4igus, kus koostisosad (nt v\u00e4rske sidrun) pressitakse koos oliividega. Tulemuseks on 100% looduslik toode, unustamatult puhas aroom! Muraglia perekond on kasvatanud ja pressinud oliive juba viie p\u00f5lvkonna v\u00e4ltel ja need on saavutanud hulgaliselt esikohti ja tunnustusi erinevatel konkurssidel. Muraglia oliivisaludes kasvavad Coratina oliivid on ainulaadsed, sest need sisaldavad kolm korda rohkem pol\u00fcfenool-antioks\u00fcdante kui \u00fckski teine \u200b\u200boliivisort. Muraglia keraamilised pudelid on k\u00e4sitsi valmistatud ja -maalitud. L\u00e4bipaistmatu pudel kaitseb \u00f5li valguse eest, mis on oliivi\u00f5li maitsetundlikkuse halvenemise suurimaid p\u00f5hjuseid. Muraglia oliivi\u00f5lid on saadaval maailma parimates hotellides, restoranides ja kauplustes, sh Dubais, Londonis ja paljudes teistes maailma suurlinnades. N\u00fc\u00fcdsest saadaval ka Eestis BBQ Entertainment O\u00dc esindussalongis ja online poes www.e-bbq.ee \/ www.muraglia.ee. BBQ Entertainment O\u00dc on \u201cFrantoio Muraglia\u201d oliivide ja oliivi\u00f5lide eksklusiivne maaletooja Eestis alates aastast 2019.<\/span><\/p>\n","protected":false},"excerpt":{"rendered":"<h3><strong>Suured rohelised Bella di Cerignola oliivid kividega &#8211; Frantoio Muraglia 580 ml<\/strong><\/h3>\n<ul>\n<li>Bella di Cerignola on maailma suurimad oliivid, need on rohelised, koos kividega ja eriti maitsvalt kreemised<\/li>\n<li>Ilmselt parimad oliivid maailmas!<\/li>\n<li>P\u00e4ritolumaa: Itaalia (Apuulia)<\/li>\n<\/ul>\n","protected":false},"featured_media":239780,"template":"","meta":{"inline_featured_image":false},"product_brand":[],"product_cat":[28,207,178,223],"product_tag":[],"class_list":{"0":"post-239782","1":"product","2":"type-product","3":"status-publish","4":"has-post-thumbnail","6":"product_cat-maitseandjad","7":"product_cat-oliivioli","8":"product_cat-muud-tooted","9":"product_cat-muud-tooted-2","11":"first","12":"instock","13":"taxable","14":"shipping-taxable","15":"purchasable","16":"product-type-simple"},"yoast_head":"<!-- This site is optimized with the Yoast SEO plugin v27.4 - https:\/\/yoast.com\/product\/yoast-seo-wordpress\/ -->\n<title>Suured rohelised Bella di Cerignola oliivid kividega - Frantoio Muraglia 580 ml - BBQ Entertainment<\/title>\n<meta name=\"robots\" content=\"index, follow, max-snippet:-1, max-image-preview:large, max-video-preview:-1\" \/>\n<link rel=\"canonical\" href=\"https:\/\/bbqentertainment.com\/toode\/suured-rohelised-bella-di-cerignola-oliivid-kividega-muraglia-580-ml\/\" \/>\n<meta property=\"og:locale\" content=\"en_US\" \/>\n<meta property=\"og:type\" content=\"article\" \/>\n<meta property=\"og:title\" content=\"Suured rohelised Bella di Cerignola oliivid kividega - Frantoio Muraglia 580 ml - BBQ Entertainment\" \/>\n<meta property=\"og:description\" content=\"Suured rohelised Bella di Cerignola oliivid kividega - Frantoio Muraglia 580 ml   Bella di Cerignola on maailma suurimad oliivid, need on rohelised, koos kividega ja eriti maitsvalt kreemised  Ilmselt parimad oliivid maailmas!  P\u00e4ritolumaa: Itaalia (Apuulia)\" \/>\n<meta property=\"og:url\" content=\"https:\/\/bbqentertainment.com\/toode\/suured-rohelised-bella-di-cerignola-oliivid-kividega-muraglia-580-ml\/\" \/>\n<meta property=\"og:site_name\" content=\"BBQ Entertainment\" \/>\n<meta property=\"article:publisher\" content=\"https:\/\/www.facebook.com\/BBQ-Entertainment-N-Catering-2437913376443540\" \/>\n<meta property=\"article:modified_time\" content=\"2025-07-25T10:45:42+00:00\" \/>\n<meta property=\"og:image\" content=\"https:\/\/bbqentertainment.com\/wp-content\/uploads\/2022\/10\/Suured-rohelised-oliivid-kividega-Frantoio-Muraglia-Bella-di-Cerignola-580-ml.jpg\" \/>\n\t<meta property=\"og:image:width\" content=\"1200\" \/>\n\t<meta property=\"og:image:height\" content=\"1200\" \/>\n\t<meta property=\"og:image:type\" content=\"image\/jpeg\" \/>\n<meta name=\"twitter:card\" content=\"summary_large_image\" \/>\n<meta name=\"twitter:label1\" content=\"Est. reading time\" \/>\n\t<meta name=\"twitter:data1\" content=\"2 minutes\" \/>\n<script type=\"application\/ld+json\" class=\"yoast-schema-graph\">{\"@context\":\"https:\\\/\\\/schema.org\",\"@graph\":[{\"@type\":[\"WebPage\",\"ItemPage\"],\"@id\":\"https:\\\/\\\/bbqentertainment.com\\\/toode\\\/suured-rohelised-bella-di-cerignola-oliivid-kividega-muraglia-580-ml\\\/\",\"url\":\"https:\\\/\\\/bbqentertainment.com\\\/toode\\\/suured-rohelised-bella-di-cerignola-oliivid-kividega-muraglia-580-ml\\\/\",\"name\":\"Suured rohelised Bella di Cerignola oliivid kividega - Frantoio Muraglia 580 ml - BBQ Entertainment\",\"isPartOf\":{\"@id\":\"https:\\\/\\\/bbqentertainment.com\\\/#website\"},\"primaryImageOfPage\":{\"@id\":\"https:\\\/\\\/bbqentertainment.com\\\/toode\\\/suured-rohelised-bella-di-cerignola-oliivid-kividega-muraglia-580-ml\\\/#primaryimage\"},\"image\":{\"@id\":\"https:\\\/\\\/bbqentertainment.com\\\/toode\\\/suured-rohelised-bella-di-cerignola-oliivid-kividega-muraglia-580-ml\\\/#primaryimage\"},\"thumbnailUrl\":\"https:\\\/\\\/bbqentertainment.com\\\/wp-content\\\/uploads\\\/2022\\\/10\\\/Suured-rohelised-oliivid-kividega-Frantoio-Muraglia-Bella-di-Cerignola-580-ml.jpg\",\"datePublished\":\"2022-10-27T20:42:20+00:00\",\"dateModified\":\"2025-07-25T10:45:42+00:00\",\"breadcrumb\":{\"@id\":\"https:\\\/\\\/bbqentertainment.com\\\/toode\\\/suured-rohelised-bella-di-cerignola-oliivid-kividega-muraglia-580-ml\\\/#breadcrumb\"},\"inLanguage\":\"en-US\",\"potentialAction\":[{\"@type\":\"ReadAction\",\"target\":[\"https:\\\/\\\/bbqentertainment.com\\\/toode\\\/suured-rohelised-bella-di-cerignola-oliivid-kividega-muraglia-580-ml\\\/\"]}]},{\"@type\":\"ImageObject\",\"inLanguage\":\"en-US\",\"@id\":\"https:\\\/\\\/bbqentertainment.com\\\/toode\\\/suured-rohelised-bella-di-cerignola-oliivid-kividega-muraglia-580-ml\\\/#primaryimage\",\"url\":\"https:\\\/\\\/bbqentertainment.com\\\/wp-content\\\/uploads\\\/2022\\\/10\\\/Suured-rohelised-oliivid-kividega-Frantoio-Muraglia-Bella-di-Cerignola-580-ml.jpg\",\"contentUrl\":\"https:\\\/\\\/bbqentertainment.com\\\/wp-content\\\/uploads\\\/2022\\\/10\\\/Suured-rohelised-oliivid-kividega-Frantoio-Muraglia-Bella-di-Cerignola-580-ml.jpg\",\"width\":1200,\"height\":1200},{\"@type\":\"BreadcrumbList\",\"@id\":\"https:\\\/\\\/bbqentertainment.com\\\/toode\\\/suured-rohelised-bella-di-cerignola-oliivid-kividega-muraglia-580-ml\\\/#breadcrumb\",\"itemListElement\":[{\"@type\":\"ListItem\",\"position\":1,\"name\":\"AVALEHT\",\"item\":\"https:\\\/\\\/bbqentertainment.com\\\/en\\\/\"},{\"@type\":\"ListItem\",\"position\":2,\"name\":\"Tooted\",\"item\":\"https:\\\/\\\/bbqentertainment.com\\\/tooted\\\/\"},{\"@type\":\"ListItem\",\"position\":3,\"name\":\"Maitseandjad\",\"item\":\"https:\\\/\\\/bbqentertainment.com\\\/en\\\/tootekategooria\\\/maitseandjad\\\/\"},{\"@type\":\"ListItem\",\"position\":4,\"name\":\"Oliivi\u00f5li\",\"item\":\"https:\\\/\\\/bbqentertainment.com\\\/en\\\/tootekategooria\\\/maitseandjad\\\/oliivioli\\\/\"},{\"@type\":\"ListItem\",\"position\":5,\"name\":\"Suured rohelised Bella di Cerignola oliivid kividega &#8211; Frantoio Muraglia 580 ml\"}]},{\"@type\":\"WebSite\",\"@id\":\"https:\\\/\\\/bbqentertainment.com\\\/#website\",\"url\":\"https:\\\/\\\/bbqentertainment.com\\\/\",\"name\":\"BBQ Entertainment\",\"description\":\"BBQ is a great lifestyle, not just fun!\",\"publisher\":{\"@id\":\"https:\\\/\\\/bbqentertainment.com\\\/#organization\"},\"potentialAction\":[{\"@type\":\"SearchAction\",\"target\":{\"@type\":\"EntryPoint\",\"urlTemplate\":\"https:\\\/\\\/bbqentertainment.com\\\/?s={search_term_string}\"},\"query-input\":{\"@type\":\"PropertyValueSpecification\",\"valueRequired\":true,\"valueName\":\"search_term_string\"}}],\"inLanguage\":\"en-US\"},{\"@type\":\"Organization\",\"@id\":\"https:\\\/\\\/bbqentertainment.com\\\/#organization\",\"name\":\"BBQ Entertainment O\u00dc\",\"url\":\"https:\\\/\\\/bbqentertainment.com\\\/\",\"logo\":{\"@type\":\"ImageObject\",\"inLanguage\":\"en-US\",\"@id\":\"https:\\\/\\\/bbqentertainment.com\\\/#\\\/schema\\\/logo\\\/image\\\/\",\"url\":\"https:\\\/\\\/bbqentertainment.com\\\/wp-content\\\/uploads\\\/2020\\\/04\\\/BBQ-Entertainment-N-Catering-Enn-Tobreluts-Logo.png\",\"contentUrl\":\"https:\\\/\\\/bbqentertainment.com\\\/wp-content\\\/uploads\\\/2020\\\/04\\\/BBQ-Entertainment-N-Catering-Enn-Tobreluts-Logo.png\",\"width\":628,\"height\":266,\"caption\":\"BBQ Entertainment O\u00dc\"},\"image\":{\"@id\":\"https:\\\/\\\/bbqentertainment.com\\\/#\\\/schema\\\/logo\\\/image\\\/\"},\"sameAs\":[\"https:\\\/\\\/www.facebook.com\\\/BBQ-Entertainment-N-Catering-2437913376443540\",\"https:\\\/\\\/www.instagram.com\\\/bbqentertainmentncatering\\\/\",\"https:\\\/\\\/www.youtube.com\\\/channel\\\/UCmpuANQVhLy2Md8nrenp2jA\"]}]}<\/script>\n<!-- \/ Yoast SEO plugin. -->","yoast_head_json":{"title":"Suured rohelised Bella di Cerignola oliivid kividega - Frantoio Muraglia 580 ml - BBQ Entertainment","robots":{"index":"index","follow":"follow","max-snippet":"max-snippet:-1","max-image-preview":"max-image-preview:large","max-video-preview":"max-video-preview:-1"},"canonical":"https:\/\/bbqentertainment.com\/toode\/suured-rohelised-bella-di-cerignola-oliivid-kividega-muraglia-580-ml\/","og_locale":"en_US","og_type":"article","og_title":"Suured rohelised Bella di Cerignola oliivid kividega - Frantoio Muraglia 580 ml - BBQ Entertainment","og_description":"Suured rohelised Bella di Cerignola oliivid kividega - Frantoio Muraglia 580 ml   Bella di Cerignola on maailma suurimad oliivid, need on rohelised, koos kividega ja eriti maitsvalt kreemised  Ilmselt parimad oliivid maailmas!  P\u00e4ritolumaa: Itaalia (Apuulia)","og_url":"https:\/\/bbqentertainment.com\/toode\/suured-rohelised-bella-di-cerignola-oliivid-kividega-muraglia-580-ml\/","og_site_name":"BBQ Entertainment","article_publisher":"https:\/\/www.facebook.com\/BBQ-Entertainment-N-Catering-2437913376443540","article_modified_time":"2025-07-25T10:45:42+00:00","og_image":[{"width":1200,"height":1200,"url":"https:\/\/bbqentertainment.com\/wp-content\/uploads\/2022\/10\/Suured-rohelised-oliivid-kividega-Frantoio-Muraglia-Bella-di-Cerignola-580-ml.jpg","type":"image\/jpeg"}],"twitter_card":"summary_large_image","twitter_misc":{"Est. reading time":"2 minutes"},"schema":{"@context":"https:\/\/schema.org","@graph":[{"@type":["WebPage","ItemPage"],"@id":"https:\/\/bbqentertainment.com\/toode\/suured-rohelised-bella-di-cerignola-oliivid-kividega-muraglia-580-ml\/","url":"https:\/\/bbqentertainment.com\/toode\/suured-rohelised-bella-di-cerignola-oliivid-kividega-muraglia-580-ml\/","name":"Suured rohelised Bella di Cerignola oliivid kividega - Frantoio Muraglia 580 ml - BBQ Entertainment","isPartOf":{"@id":"https:\/\/bbqentertainment.com\/#website"},"primaryImageOfPage":{"@id":"https:\/\/bbqentertainment.com\/toode\/suured-rohelised-bella-di-cerignola-oliivid-kividega-muraglia-580-ml\/#primaryimage"},"image":{"@id":"https:\/\/bbqentertainment.com\/toode\/suured-rohelised-bella-di-cerignola-oliivid-kividega-muraglia-580-ml\/#primaryimage"},"thumbnailUrl":"https:\/\/bbqentertainment.com\/wp-content\/uploads\/2022\/10\/Suured-rohelised-oliivid-kividega-Frantoio-Muraglia-Bella-di-Cerignola-580-ml.jpg","datePublished":"2022-10-27T20:42:20+00:00","dateModified":"2025-07-25T10:45:42+00:00","breadcrumb":{"@id":"https:\/\/bbqentertainment.com\/toode\/suured-rohelised-bella-di-cerignola-oliivid-kividega-muraglia-580-ml\/#breadcrumb"},"inLanguage":"en-US","potentialAction":[{"@type":"ReadAction","target":["https:\/\/bbqentertainment.com\/toode\/suured-rohelised-bella-di-cerignola-oliivid-kividega-muraglia-580-ml\/"]}]},{"@type":"ImageObject","inLanguage":"en-US","@id":"https:\/\/bbqentertainment.com\/toode\/suured-rohelised-bella-di-cerignola-oliivid-kividega-muraglia-580-ml\/#primaryimage","url":"https:\/\/bbqentertainment.com\/wp-content\/uploads\/2022\/10\/Suured-rohelised-oliivid-kividega-Frantoio-Muraglia-Bella-di-Cerignola-580-ml.jpg","contentUrl":"https:\/\/bbqentertainment.com\/wp-content\/uploads\/2022\/10\/Suured-rohelised-oliivid-kividega-Frantoio-Muraglia-Bella-di-Cerignola-580-ml.jpg","width":1200,"height":1200},{"@type":"BreadcrumbList","@id":"https:\/\/bbqentertainment.com\/toode\/suured-rohelised-bella-di-cerignola-oliivid-kividega-muraglia-580-ml\/#breadcrumb","itemListElement":[{"@type":"ListItem","position":1,"name":"AVALEHT","item":"https:\/\/bbqentertainment.com\/en\/"},{"@type":"ListItem","position":2,"name":"Tooted","item":"https:\/\/bbqentertainment.com\/tooted\/"},{"@type":"ListItem","position":3,"name":"Maitseandjad","item":"https:\/\/bbqentertainment.com\/en\/tootekategooria\/maitseandjad\/"},{"@type":"ListItem","position":4,"name":"Oliivi\u00f5li","item":"https:\/\/bbqentertainment.com\/en\/tootekategooria\/maitseandjad\/oliivioli\/"},{"@type":"ListItem","position":5,"name":"Suured rohelised Bella di Cerignola oliivid kividega &#8211; Frantoio Muraglia 580 ml"}]},{"@type":"WebSite","@id":"https:\/\/bbqentertainment.com\/#website","url":"https:\/\/bbqentertainment.com\/","name":"BBQ Entertainment","description":"BBQ is a great lifestyle, not just fun!","publisher":{"@id":"https:\/\/bbqentertainment.com\/#organization"},"potentialAction":[{"@type":"SearchAction","target":{"@type":"EntryPoint","urlTemplate":"https:\/\/bbqentertainment.com\/?s={search_term_string}"},"query-input":{"@type":"PropertyValueSpecification","valueRequired":true,"valueName":"search_term_string"}}],"inLanguage":"en-US"},{"@type":"Organization","@id":"https:\/\/bbqentertainment.com\/#organization","name":"BBQ Entertainment O\u00dc","url":"https:\/\/bbqentertainment.com\/","logo":{"@type":"ImageObject","inLanguage":"en-US","@id":"https:\/\/bbqentertainment.com\/#\/schema\/logo\/image\/","url":"https:\/\/bbqentertainment.com\/wp-content\/uploads\/2020\/04\/BBQ-Entertainment-N-Catering-Enn-Tobreluts-Logo.png","contentUrl":"https:\/\/bbqentertainment.com\/wp-content\/uploads\/2020\/04\/BBQ-Entertainment-N-Catering-Enn-Tobreluts-Logo.png","width":628,"height":266,"caption":"BBQ Entertainment O\u00dc"},"image":{"@id":"https:\/\/bbqentertainment.com\/#\/schema\/logo\/image\/"},"sameAs":["https:\/\/www.facebook.com\/BBQ-Entertainment-N-Catering-2437913376443540","https:\/\/www.instagram.com\/bbqentertainmentncatering\/","https:\/\/www.youtube.com\/channel\/UCmpuANQVhLy2Md8nrenp2jA"]}]}},"_links":{"self":[{"href":"https:\/\/bbqentertainment.com\/en\/wp-json\/wp\/v2\/product\/239782","targetHints":{"allow":["GET"]}}],"collection":[{"href":"https:\/\/bbqentertainment.com\/en\/wp-json\/wp\/v2\/product"}],"about":[{"href":"https:\/\/bbqentertainment.com\/en\/wp-json\/wp\/v2\/types\/product"}],"wp:featuredmedia":[{"embeddable":true,"href":"https:\/\/bbqentertainment.com\/en\/wp-json\/wp\/v2\/media\/239780"}],"wp:attachment":[{"href":"https:\/\/bbqentertainment.com\/en\/wp-json\/wp\/v2\/media?parent=239782"}],"wp:term":[{"taxonomy":"product_brand","embeddable":true,"href":"https:\/\/bbqentertainment.com\/en\/wp-json\/wp\/v2\/product_brand?post=239782"},{"taxonomy":"product_cat","embeddable":true,"href":"https:\/\/bbqentertainment.com\/en\/wp-json\/wp\/v2\/product_cat?post=239782"},{"taxonomy":"product_tag","embeddable":true,"href":"https:\/\/bbqentertainment.com\/en\/wp-json\/wp\/v2\/product_tag?post=239782"}],"curies":[{"name":"wp","href":"https:\/\/api.w.org\/{rel}","templated":true}]}}