{"id":239947,"date":"2022-11-06T00:55:25","date_gmt":"2022-11-05T22:55:25","guid":{"rendered":"https:\/\/bbqentertainment.com\/?post_type=product&#038;p=239947"},"modified":"2026-03-07T22:57:10","modified_gmt":"2026-03-07T20:57:10","slug":"joesephs-popkorni-advendikalender-175g","status":"publish","type":"product","link":"https:\/\/bbqentertainment.com\/en\/toode\/joesephs-popkorni-advendikalender-175g\/","title":{"rendered":"Joe&#038;Seph&#8217;s popkorni ADVENDIKALENDER (24 p\u00e4eva) SININE \/ Where&#8217;s Joe New Find Advent Calendar 175g (14 maitset \/ 24 akent)"},"content":{"rendered":"","protected":false},"excerpt":{"rendered":"<h3><strong>Joe&amp;Seph&#8217;s popkorni ADVENDIKALENDER (24 p\u00e4eva) SININE \/ Where&#8217;s Joe New Find Advent Calendar 175g (14 maitset \/ 24 akent)<\/strong><\/h3>\n<ul>\n<li>Innovatiivse ja ainulaadse valikuga, rohkelt auhindu v\u00f5itnud maailma parimad JOE &amp; SEPH\u2019S gurmee popkornid ja karamellikastmed on toodetud k\u00e4sit\u00f6\u00f6na Inglismaal, Londonis (100% looduslikest koostisosadest).<\/li>\n<li>BBQ Entertainment O\u00dc on JOE &amp; SEPH\u2019S toodete eksklusiivne maaletooja alates aastast 2022.<\/li>\n<\/ul>\n","protected":false},"featured_media":239861,"template":"","meta":{"inline_featured_image":false},"product_brand":[],"product_cat":[28,512,301,32],"product_tag":[],"class_list":{"0":"post-239947","1":"product","2":"type-product","3":"status-publish","4":"has-post-thumbnail","6":"product_cat-maitseandjad","7":"product_cat-joesephs","8":"product_cat-kinkekarp","9":"product_cat-kinkekarbid","11":"first","12":"outofstock","13":"taxable","14":"shipping-taxable","15":"purchasable","16":"product-type-simple"},"yoast_head":"<!-- This site is optimized with the Yoast SEO plugin v27.4 - https:\/\/yoast.com\/product\/yoast-seo-wordpress\/ -->\n<title>Joe&amp;Seph&#039;s popkorni ADVENDIKALENDER (24 p\u00e4eva) SININE \/ Where&#039;s Joe New Find Advent Calendar 175g (14 maitset \/ 24 akent) - BBQ Entertainment<\/title>\n<meta name=\"robots\" content=\"index, follow, max-snippet:-1, max-image-preview:large, max-video-preview:-1\" \/>\n<link rel=\"canonical\" href=\"https:\/\/bbqentertainment.com\/toode\/joesephs-popkorni-advendikalender-175g\/\" \/>\n<meta property=\"og:locale\" content=\"en_US\" \/>\n<meta property=\"og:type\" content=\"article\" \/>\n<meta property=\"og:title\" content=\"Joe&amp;Seph&#039;s popkorni ADVENDIKALENDER (24 p\u00e4eva) SININE \/ Where&#039;s Joe New Find Advent Calendar 175g (14 maitset \/ 24 akent) - BBQ Entertainment\" \/>\n<meta property=\"og:description\" content=\"Joe&amp;Seph&#039;s popkorni ADVENDIKALENDER (24 p\u00e4eva) SININE \/ Where&#039;s Joe New Find Advent Calendar 175g (14 maitset \/ 24 akent)   Innovatiivse ja ainulaadse valikuga, rohkelt auhindu v\u00f5itnud maailma parimad JOE &amp; SEPH\u2019S gurmee popkornid ja karamellikastmed on toodetud k\u00e4sit\u00f6\u00f6na Inglismaal, Londonis (100% looduslikest koostisosadest).  BBQ Entertainment O\u00dc on JOE &amp; SEPH\u2019S toodete eksklusiivne maaletooja alates aastast 2022.\" \/>\n<meta property=\"og:url\" content=\"https:\/\/bbqentertainment.com\/toode\/joesephs-popkorni-advendikalender-175g\/\" \/>\n<meta property=\"og:site_name\" content=\"BBQ Entertainment\" \/>\n<meta property=\"article:publisher\" content=\"https:\/\/www.facebook.com\/BBQ-Entertainment-N-Catering-2437913376443540\" \/>\n<meta property=\"article:modified_time\" content=\"2026-03-07T20:57:10+00:00\" \/>\n<meta property=\"og:image\" content=\"https:\/\/bbqentertainment.com\/wp-content\/uploads\/2022\/11\/JoeSephs-popkorni-ADVENDIKALENDER-24-paeva-New-Find-Joe-Seph-Advent-Calendar-175g-3.jpg\" \/>\n\t<meta property=\"og:image:width\" content=\"2000\" \/>\n\t<meta property=\"og:image:height\" content=\"2000\" \/>\n\t<meta property=\"og:image:type\" content=\"image\/jpeg\" \/>\n<meta name=\"twitter:card\" content=\"summary_large_image\" \/>\n<meta name=\"twitter:label1\" content=\"Est. reading time\" \/>\n\t<meta name=\"twitter:data1\" content=\"1 minute\" \/>\n<script type=\"application\/ld+json\" class=\"yoast-schema-graph\">{\"@context\":\"https:\\\/\\\/schema.org\",\"@graph\":[{\"@type\":[\"WebPage\",\"ItemPage\"],\"@id\":\"https:\\\/\\\/bbqentertainment.com\\\/toode\\\/joesephs-popkorni-advendikalender-175g\\\/\",\"url\":\"https:\\\/\\\/bbqentertainment.com\\\/toode\\\/joesephs-popkorni-advendikalender-175g\\\/\",\"name\":\"Joe&Seph's popkorni ADVENDIKALENDER (24 p\u00e4eva) SININE \\\/ Where's Joe New Find Advent Calendar 175g (14 maitset \\\/ 24 akent) - BBQ Entertainment\",\"isPartOf\":{\"@id\":\"https:\\\/\\\/bbqentertainment.com\\\/#website\"},\"primaryImageOfPage\":{\"@id\":\"https:\\\/\\\/bbqentertainment.com\\\/toode\\\/joesephs-popkorni-advendikalender-175g\\\/#primaryimage\"},\"image\":{\"@id\":\"https:\\\/\\\/bbqentertainment.com\\\/toode\\\/joesephs-popkorni-advendikalender-175g\\\/#primaryimage\"},\"thumbnailUrl\":\"https:\\\/\\\/bbqentertainment.com\\\/wp-content\\\/uploads\\\/2022\\\/11\\\/JoeSephs-popkorni-ADVENDIKALENDER-24-paeva-New-Find-Joe-Seph-Advent-Calendar-175g-3.jpg\",\"datePublished\":\"2022-11-05T22:55:25+00:00\",\"dateModified\":\"2026-03-07T20:57:10+00:00\",\"breadcrumb\":{\"@id\":\"https:\\\/\\\/bbqentertainment.com\\\/toode\\\/joesephs-popkorni-advendikalender-175g\\\/#breadcrumb\"},\"inLanguage\":\"en-US\",\"potentialAction\":[{\"@type\":\"ReadAction\",\"target\":[\"https:\\\/\\\/bbqentertainment.com\\\/toode\\\/joesephs-popkorni-advendikalender-175g\\\/\"]}]},{\"@type\":\"ImageObject\",\"inLanguage\":\"en-US\",\"@id\":\"https:\\\/\\\/bbqentertainment.com\\\/toode\\\/joesephs-popkorni-advendikalender-175g\\\/#primaryimage\",\"url\":\"https:\\\/\\\/bbqentertainment.com\\\/wp-content\\\/uploads\\\/2022\\\/11\\\/JoeSephs-popkorni-ADVENDIKALENDER-24-paeva-New-Find-Joe-Seph-Advent-Calendar-175g-3.jpg\",\"contentUrl\":\"https:\\\/\\\/bbqentertainment.com\\\/wp-content\\\/uploads\\\/2022\\\/11\\\/JoeSephs-popkorni-ADVENDIKALENDER-24-paeva-New-Find-Joe-Seph-Advent-Calendar-175g-3.jpg\",\"width\":2000,\"height\":2000},{\"@type\":\"BreadcrumbList\",\"@id\":\"https:\\\/\\\/bbqentertainment.com\\\/toode\\\/joesephs-popkorni-advendikalender-175g\\\/#breadcrumb\",\"itemListElement\":[{\"@type\":\"ListItem\",\"position\":1,\"name\":\"AVALEHT\",\"item\":\"https:\\\/\\\/bbqentertainment.com\\\/en\\\/\"},{\"@type\":\"ListItem\",\"position\":2,\"name\":\"Tooted\",\"item\":\"https:\\\/\\\/bbqentertainment.com\\\/tooted\\\/\"},{\"@type\":\"ListItem\",\"position\":3,\"name\":\"Maitseandjad\",\"item\":\"https:\\\/\\\/bbqentertainment.com\\\/en\\\/tootekategooria\\\/maitseandjad\\\/\"},{\"@type\":\"ListItem\",\"position\":4,\"name\":\"JOE&amp;SEPH'S\",\"item\":\"https:\\\/\\\/bbqentertainment.com\\\/tootekategooria\\\/maitseandjad\\\/joesephs\\\/\"},{\"@type\":\"ListItem\",\"position\":5,\"name\":\"Joe&#038;Seph&#8217;s popkorni ADVENDIKALENDER (24 p\u00e4eva) SININE \\\/ Where&#8217;s Joe New Find Advent Calendar 175g (14 maitset \\\/ 24 akent)\"}]},{\"@type\":\"WebSite\",\"@id\":\"https:\\\/\\\/bbqentertainment.com\\\/#website\",\"url\":\"https:\\\/\\\/bbqentertainment.com\\\/\",\"name\":\"BBQ Entertainment\",\"description\":\"BBQ is a great lifestyle, not just fun!\",\"publisher\":{\"@id\":\"https:\\\/\\\/bbqentertainment.com\\\/#organization\"},\"potentialAction\":[{\"@type\":\"SearchAction\",\"target\":{\"@type\":\"EntryPoint\",\"urlTemplate\":\"https:\\\/\\\/bbqentertainment.com\\\/?s={search_term_string}\"},\"query-input\":{\"@type\":\"PropertyValueSpecification\",\"valueRequired\":true,\"valueName\":\"search_term_string\"}}],\"inLanguage\":\"en-US\"},{\"@type\":\"Organization\",\"@id\":\"https:\\\/\\\/bbqentertainment.com\\\/#organization\",\"name\":\"BBQ Entertainment O\u00dc\",\"url\":\"https:\\\/\\\/bbqentertainment.com\\\/\",\"logo\":{\"@type\":\"ImageObject\",\"inLanguage\":\"en-US\",\"@id\":\"https:\\\/\\\/bbqentertainment.com\\\/#\\\/schema\\\/logo\\\/image\\\/\",\"url\":\"https:\\\/\\\/bbqentertainment.com\\\/wp-content\\\/uploads\\\/2020\\\/04\\\/BBQ-Entertainment-N-Catering-Enn-Tobreluts-Logo.png\",\"contentUrl\":\"https:\\\/\\\/bbqentertainment.com\\\/wp-content\\\/uploads\\\/2020\\\/04\\\/BBQ-Entertainment-N-Catering-Enn-Tobreluts-Logo.png\",\"width\":628,\"height\":266,\"caption\":\"BBQ Entertainment O\u00dc\"},\"image\":{\"@id\":\"https:\\\/\\\/bbqentertainment.com\\\/#\\\/schema\\\/logo\\\/image\\\/\"},\"sameAs\":[\"https:\\\/\\\/www.facebook.com\\\/BBQ-Entertainment-N-Catering-2437913376443540\",\"https:\\\/\\\/www.instagram.com\\\/bbqentertainmentncatering\\\/\",\"https:\\\/\\\/www.youtube.com\\\/channel\\\/UCmpuANQVhLy2Md8nrenp2jA\"]}]}<\/script>\n<!-- \/ Yoast SEO plugin. -->","yoast_head_json":{"title":"Joe&Seph's popkorni ADVENDIKALENDER (24 p\u00e4eva) SININE \/ Where's Joe New Find Advent Calendar 175g (14 maitset \/ 24 akent) - BBQ Entertainment","robots":{"index":"index","follow":"follow","max-snippet":"max-snippet:-1","max-image-preview":"max-image-preview:large","max-video-preview":"max-video-preview:-1"},"canonical":"https:\/\/bbqentertainment.com\/toode\/joesephs-popkorni-advendikalender-175g\/","og_locale":"en_US","og_type":"article","og_title":"Joe&Seph's popkorni ADVENDIKALENDER (24 p\u00e4eva) SININE \/ Where's Joe New Find Advent Calendar 175g (14 maitset \/ 24 akent) - BBQ Entertainment","og_description":"Joe&amp;Seph's popkorni ADVENDIKALENDER (24 p\u00e4eva) SININE \/ Where's Joe New Find Advent Calendar 175g (14 maitset \/ 24 akent)   Innovatiivse ja ainulaadse valikuga, rohkelt auhindu v\u00f5itnud maailma parimad JOE &amp; SEPH\u2019S gurmee popkornid ja karamellikastmed on toodetud k\u00e4sit\u00f6\u00f6na Inglismaal, Londonis (100% looduslikest koostisosadest).  BBQ Entertainment O\u00dc on JOE &amp; SEPH\u2019S toodete eksklusiivne maaletooja alates aastast 2022.","og_url":"https:\/\/bbqentertainment.com\/toode\/joesephs-popkorni-advendikalender-175g\/","og_site_name":"BBQ Entertainment","article_publisher":"https:\/\/www.facebook.com\/BBQ-Entertainment-N-Catering-2437913376443540","article_modified_time":"2026-03-07T20:57:10+00:00","og_image":[{"width":2000,"height":2000,"url":"https:\/\/bbqentertainment.com\/wp-content\/uploads\/2022\/11\/JoeSephs-popkorni-ADVENDIKALENDER-24-paeva-New-Find-Joe-Seph-Advent-Calendar-175g-3.jpg","type":"image\/jpeg"}],"twitter_card":"summary_large_image","twitter_misc":{"Est. reading time":"1 minute"},"schema":{"@context":"https:\/\/schema.org","@graph":[{"@type":["WebPage","ItemPage"],"@id":"https:\/\/bbqentertainment.com\/toode\/joesephs-popkorni-advendikalender-175g\/","url":"https:\/\/bbqentertainment.com\/toode\/joesephs-popkorni-advendikalender-175g\/","name":"Joe&Seph's popkorni ADVENDIKALENDER (24 p\u00e4eva) SININE \/ Where's Joe New Find Advent Calendar 175g (14 maitset \/ 24 akent) - BBQ Entertainment","isPartOf":{"@id":"https:\/\/bbqentertainment.com\/#website"},"primaryImageOfPage":{"@id":"https:\/\/bbqentertainment.com\/toode\/joesephs-popkorni-advendikalender-175g\/#primaryimage"},"image":{"@id":"https:\/\/bbqentertainment.com\/toode\/joesephs-popkorni-advendikalender-175g\/#primaryimage"},"thumbnailUrl":"https:\/\/bbqentertainment.com\/wp-content\/uploads\/2022\/11\/JoeSephs-popkorni-ADVENDIKALENDER-24-paeva-New-Find-Joe-Seph-Advent-Calendar-175g-3.jpg","datePublished":"2022-11-05T22:55:25+00:00","dateModified":"2026-03-07T20:57:10+00:00","breadcrumb":{"@id":"https:\/\/bbqentertainment.com\/toode\/joesephs-popkorni-advendikalender-175g\/#breadcrumb"},"inLanguage":"en-US","potentialAction":[{"@type":"ReadAction","target":["https:\/\/bbqentertainment.com\/toode\/joesephs-popkorni-advendikalender-175g\/"]}]},{"@type":"ImageObject","inLanguage":"en-US","@id":"https:\/\/bbqentertainment.com\/toode\/joesephs-popkorni-advendikalender-175g\/#primaryimage","url":"https:\/\/bbqentertainment.com\/wp-content\/uploads\/2022\/11\/JoeSephs-popkorni-ADVENDIKALENDER-24-paeva-New-Find-Joe-Seph-Advent-Calendar-175g-3.jpg","contentUrl":"https:\/\/bbqentertainment.com\/wp-content\/uploads\/2022\/11\/JoeSephs-popkorni-ADVENDIKALENDER-24-paeva-New-Find-Joe-Seph-Advent-Calendar-175g-3.jpg","width":2000,"height":2000},{"@type":"BreadcrumbList","@id":"https:\/\/bbqentertainment.com\/toode\/joesephs-popkorni-advendikalender-175g\/#breadcrumb","itemListElement":[{"@type":"ListItem","position":1,"name":"AVALEHT","item":"https:\/\/bbqentertainment.com\/en\/"},{"@type":"ListItem","position":2,"name":"Tooted","item":"https:\/\/bbqentertainment.com\/tooted\/"},{"@type":"ListItem","position":3,"name":"Maitseandjad","item":"https:\/\/bbqentertainment.com\/en\/tootekategooria\/maitseandjad\/"},{"@type":"ListItem","position":4,"name":"JOE&amp;SEPH'S","item":"https:\/\/bbqentertainment.com\/tootekategooria\/maitseandjad\/joesephs\/"},{"@type":"ListItem","position":5,"name":"Joe&#038;Seph&#8217;s popkorni ADVENDIKALENDER (24 p\u00e4eva) SININE \/ Where&#8217;s Joe New Find Advent Calendar 175g (14 maitset \/ 24 akent)"}]},{"@type":"WebSite","@id":"https:\/\/bbqentertainment.com\/#website","url":"https:\/\/bbqentertainment.com\/","name":"BBQ Entertainment","description":"BBQ is a great lifestyle, not just fun!","publisher":{"@id":"https:\/\/bbqentertainment.com\/#organization"},"potentialAction":[{"@type":"SearchAction","target":{"@type":"EntryPoint","urlTemplate":"https:\/\/bbqentertainment.com\/?s={search_term_string}"},"query-input":{"@type":"PropertyValueSpecification","valueRequired":true,"valueName":"search_term_string"}}],"inLanguage":"en-US"},{"@type":"Organization","@id":"https:\/\/bbqentertainment.com\/#organization","name":"BBQ Entertainment O\u00dc","url":"https:\/\/bbqentertainment.com\/","logo":{"@type":"ImageObject","inLanguage":"en-US","@id":"https:\/\/bbqentertainment.com\/#\/schema\/logo\/image\/","url":"https:\/\/bbqentertainment.com\/wp-content\/uploads\/2020\/04\/BBQ-Entertainment-N-Catering-Enn-Tobreluts-Logo.png","contentUrl":"https:\/\/bbqentertainment.com\/wp-content\/uploads\/2020\/04\/BBQ-Entertainment-N-Catering-Enn-Tobreluts-Logo.png","width":628,"height":266,"caption":"BBQ Entertainment O\u00dc"},"image":{"@id":"https:\/\/bbqentertainment.com\/#\/schema\/logo\/image\/"},"sameAs":["https:\/\/www.facebook.com\/BBQ-Entertainment-N-Catering-2437913376443540","https:\/\/www.instagram.com\/bbqentertainmentncatering\/","https:\/\/www.youtube.com\/channel\/UCmpuANQVhLy2Md8nrenp2jA"]}]}},"_links":{"self":[{"href":"https:\/\/bbqentertainment.com\/en\/wp-json\/wp\/v2\/product\/239947","targetHints":{"allow":["GET"]}}],"collection":[{"href":"https:\/\/bbqentertainment.com\/en\/wp-json\/wp\/v2\/product"}],"about":[{"href":"https:\/\/bbqentertainment.com\/en\/wp-json\/wp\/v2\/types\/product"}],"wp:featuredmedia":[{"embeddable":true,"href":"https:\/\/bbqentertainment.com\/en\/wp-json\/wp\/v2\/media\/239861"}],"wp:attachment":[{"href":"https:\/\/bbqentertainment.com\/en\/wp-json\/wp\/v2\/media?parent=239947"}],"wp:term":[{"taxonomy":"product_brand","embeddable":true,"href":"https:\/\/bbqentertainment.com\/en\/wp-json\/wp\/v2\/product_brand?post=239947"},{"taxonomy":"product_cat","embeddable":true,"href":"https:\/\/bbqentertainment.com\/en\/wp-json\/wp\/v2\/product_cat?post=239947"},{"taxonomy":"product_tag","embeddable":true,"href":"https:\/\/bbqentertainment.com\/en\/wp-json\/wp\/v2\/product_tag?post=239947"}],"curies":[{"name":"wp","href":"https:\/\/api.w.org\/{rel}","templated":true}]}}