{"id":240237,"date":"2022-12-27T17:15:58","date_gmt":"2022-12-27T15:15:58","guid":{"rendered":"https:\/\/bbqentertainment.com\/?post_type=product&#038;p=240237"},"modified":"2025-12-03T10:07:14","modified_gmt":"2025-12-03T08:07:14","slug":"noateritaja-accusharp-diamond-pro2-step-mini-musthall","status":"publish","type":"product","link":"https:\/\/bbqentertainment.com\/en\/toode\/noateritaja-accusharp-diamond-pro2-step-mini-musthall\/","title":{"rendered":"Noateritaja AccuSharp Diamond Pro 2-step MINI (must) (USA)"},"content":{"rendered":"","protected":false},"excerpt":{"rendered":"<h3><strong>Noateritaja AccuSharp Diamond Pro 2-step MINI (must) (USA)<\/strong><\/h3>\n<ul class=\"a-unordered-list a-vertical a-spacing-mini\">\n<li>V\u00e4ga hea PRO-sarja kaheastmeline noateritaja, lihtne kasutada ja teeb noad kiirelt teravaks.<\/li>\n<li>Saab kasutada ka v\u00f5tmehoidjana ja saab lihtsalt taskusse panna.<\/li>\n<li>Teemandiga lihvitud volframkarbiidist terituspea on loodud kestma.<\/li>\n<li>Teisel pool asuvad peened keraamilised terituspead on noatera serva viimistlemiseks ja poleerimiseks, et saavutada sile ja terav viimistlus.<\/li>\n<li>Diamond PRO 2-Step v\u00e4lisilme on valmistatud harjatud alumiiniumist ning viimistletud kummist vormitud k\u00e4epideme ja ohutuse tagamiseks kummist jalgadega. Seadmel on kaelapael, mis v\u00f5imaldab h\u00f5lpsasti v\u00f5tmete v\u00f5i paela k\u00fclge kinnitada.<\/li>\n<li>M\u00f5\u00f5dud: 15,2 x 10.1 x 2.5 cm<\/li>\n<li>Toodetud USA-s<\/li>\n<\/ul>\n<p>&nbsp;<\/p>\n","protected":false},"featured_media":240238,"template":"","meta":{"inline_featured_image":false},"product_brand":[],"product_cat":[365],"product_tag":[],"class_list":{"0":"post-240237","1":"product","2":"type-product","3":"status-publish","4":"has-post-thumbnail","6":"product_cat-kokanoad-ja-teritajad","8":"first","9":"instock","10":"taxable","11":"shipping-taxable","12":"purchasable","13":"product-type-simple"},"yoast_head":"<!-- This site is optimized with the Yoast SEO plugin v27.4 - https:\/\/yoast.com\/product\/yoast-seo-wordpress\/ -->\n<title>Noateritaja AccuSharp Diamond Pro 2-step MINI (must) (USA) - BBQ Entertainment<\/title>\n<meta name=\"robots\" content=\"index, follow, max-snippet:-1, max-image-preview:large, max-video-preview:-1\" \/>\n<link rel=\"canonical\" href=\"https:\/\/bbqentertainment.com\/toode\/noateritaja-accusharp-diamond-pro2-step-mini-musthall\/\" \/>\n<meta property=\"og:locale\" content=\"en_US\" \/>\n<meta property=\"og:type\" content=\"article\" \/>\n<meta property=\"og:title\" content=\"Noateritaja AccuSharp Diamond Pro 2-step MINI (must) (USA) - BBQ Entertainment\" \/>\n<meta property=\"og:description\" content=\"Noateritaja AccuSharp Diamond Pro 2-step MINI (must) (USA)   V\u00e4ga hea PRO-sarja kaheastmeline noateritaja, lihtne kasutada ja teeb noad kiirelt teravaks.  Saab kasutada ka v\u00f5tmehoidjana ja saab lihtsalt taskusse panna.  Teemandiga lihvitud volframkarbiidist terituspea on loodud kestma.  Teisel pool asuvad peened keraamilised terituspead on noatera serva viimistlemiseks ja poleerimiseks, et saavutada sile ja terav viimistlus.  Diamond PRO 2-Step v\u00e4lisilme on valmistatud harjatud alumiiniumist ning viimistletud kummist vormitud k\u00e4epideme ja ohutuse tagamiseks kummist jalgadega. Seadmel on kaelapael, mis v\u00f5imaldab h\u00f5lpsasti v\u00f5tmete v\u00f5i paela k\u00fclge kinnitada.  M\u00f5\u00f5dud: 15,2 x 10.1 x 2.5 cm  Toodetud USA-s  &nbsp;\" \/>\n<meta property=\"og:url\" content=\"https:\/\/bbqentertainment.com\/toode\/noateritaja-accusharp-diamond-pro2-step-mini-musthall\/\" \/>\n<meta property=\"og:site_name\" content=\"BBQ Entertainment\" \/>\n<meta property=\"article:publisher\" content=\"https:\/\/www.facebook.com\/BBQ-Entertainment-N-Catering-2437913376443540\" \/>\n<meta property=\"article:modified_time\" content=\"2025-12-03T08:07:14+00:00\" \/>\n<meta property=\"og:image\" content=\"https:\/\/bbqentertainment.com\/wp-content\/uploads\/2022\/12\/Noateritaja-AccuSharp-Diamond-Pro-2-step-MINI-musthall-USA.jpg\" \/>\n\t<meta property=\"og:image:width\" content=\"1200\" \/>\n\t<meta property=\"og:image:height\" content=\"1200\" \/>\n\t<meta property=\"og:image:type\" content=\"image\/jpeg\" \/>\n<meta name=\"twitter:card\" content=\"summary_large_image\" \/>\n<meta name=\"twitter:label1\" content=\"Est. reading time\" \/>\n\t<meta name=\"twitter:data1\" content=\"1 minute\" \/>\n<script type=\"application\/ld+json\" class=\"yoast-schema-graph\">{\"@context\":\"https:\\\/\\\/schema.org\",\"@graph\":[{\"@type\":[\"WebPage\",\"ItemPage\"],\"@id\":\"https:\\\/\\\/bbqentertainment.com\\\/toode\\\/noateritaja-accusharp-diamond-pro2-step-mini-musthall\\\/\",\"url\":\"https:\\\/\\\/bbqentertainment.com\\\/toode\\\/noateritaja-accusharp-diamond-pro2-step-mini-musthall\\\/\",\"name\":\"Noateritaja AccuSharp Diamond Pro 2-step MINI (must) (USA) - BBQ Entertainment\",\"isPartOf\":{\"@id\":\"https:\\\/\\\/bbqentertainment.com\\\/#website\"},\"primaryImageOfPage\":{\"@id\":\"https:\\\/\\\/bbqentertainment.com\\\/toode\\\/noateritaja-accusharp-diamond-pro2-step-mini-musthall\\\/#primaryimage\"},\"image\":{\"@id\":\"https:\\\/\\\/bbqentertainment.com\\\/toode\\\/noateritaja-accusharp-diamond-pro2-step-mini-musthall\\\/#primaryimage\"},\"thumbnailUrl\":\"https:\\\/\\\/bbqentertainment.com\\\/wp-content\\\/uploads\\\/2022\\\/12\\\/Noateritaja-AccuSharp-Diamond-Pro-2-step-MINI-musthall-USA.jpg\",\"datePublished\":\"2022-12-27T15:15:58+00:00\",\"dateModified\":\"2025-12-03T08:07:14+00:00\",\"breadcrumb\":{\"@id\":\"https:\\\/\\\/bbqentertainment.com\\\/toode\\\/noateritaja-accusharp-diamond-pro2-step-mini-musthall\\\/#breadcrumb\"},\"inLanguage\":\"en-US\",\"potentialAction\":[{\"@type\":\"ReadAction\",\"target\":[\"https:\\\/\\\/bbqentertainment.com\\\/toode\\\/noateritaja-accusharp-diamond-pro2-step-mini-musthall\\\/\"]}]},{\"@type\":\"ImageObject\",\"inLanguage\":\"en-US\",\"@id\":\"https:\\\/\\\/bbqentertainment.com\\\/toode\\\/noateritaja-accusharp-diamond-pro2-step-mini-musthall\\\/#primaryimage\",\"url\":\"https:\\\/\\\/bbqentertainment.com\\\/wp-content\\\/uploads\\\/2022\\\/12\\\/Noateritaja-AccuSharp-Diamond-Pro-2-step-MINI-musthall-USA.jpg\",\"contentUrl\":\"https:\\\/\\\/bbqentertainment.com\\\/wp-content\\\/uploads\\\/2022\\\/12\\\/Noateritaja-AccuSharp-Diamond-Pro-2-step-MINI-musthall-USA.jpg\",\"width\":1200,\"height\":1200},{\"@type\":\"BreadcrumbList\",\"@id\":\"https:\\\/\\\/bbqentertainment.com\\\/toode\\\/noateritaja-accusharp-diamond-pro2-step-mini-musthall\\\/#breadcrumb\",\"itemListElement\":[{\"@type\":\"ListItem\",\"position\":1,\"name\":\"AVALEHT\",\"item\":\"https:\\\/\\\/bbqentertainment.com\\\/en\\\/\"},{\"@type\":\"ListItem\",\"position\":2,\"name\":\"Tooted\",\"item\":\"https:\\\/\\\/bbqentertainment.com\\\/tooted\\\/\"},{\"@type\":\"ListItem\",\"position\":3,\"name\":\"Kokanoad ja -teritajad\",\"item\":\"https:\\\/\\\/bbqentertainment.com\\\/tootekategooria\\\/kokanoad-ja-teritajad\\\/\"},{\"@type\":\"ListItem\",\"position\":4,\"name\":\"Noateritaja AccuSharp Diamond Pro 2-step MINI (must) (USA)\"}]},{\"@type\":\"WebSite\",\"@id\":\"https:\\\/\\\/bbqentertainment.com\\\/#website\",\"url\":\"https:\\\/\\\/bbqentertainment.com\\\/\",\"name\":\"BBQ Entertainment\",\"description\":\"BBQ is a great lifestyle, not just fun!\",\"publisher\":{\"@id\":\"https:\\\/\\\/bbqentertainment.com\\\/#organization\"},\"potentialAction\":[{\"@type\":\"SearchAction\",\"target\":{\"@type\":\"EntryPoint\",\"urlTemplate\":\"https:\\\/\\\/bbqentertainment.com\\\/?s={search_term_string}\"},\"query-input\":{\"@type\":\"PropertyValueSpecification\",\"valueRequired\":true,\"valueName\":\"search_term_string\"}}],\"inLanguage\":\"en-US\"},{\"@type\":\"Organization\",\"@id\":\"https:\\\/\\\/bbqentertainment.com\\\/#organization\",\"name\":\"BBQ Entertainment O\u00dc\",\"url\":\"https:\\\/\\\/bbqentertainment.com\\\/\",\"logo\":{\"@type\":\"ImageObject\",\"inLanguage\":\"en-US\",\"@id\":\"https:\\\/\\\/bbqentertainment.com\\\/#\\\/schema\\\/logo\\\/image\\\/\",\"url\":\"https:\\\/\\\/bbqentertainment.com\\\/wp-content\\\/uploads\\\/2020\\\/04\\\/BBQ-Entertainment-N-Catering-Enn-Tobreluts-Logo.png\",\"contentUrl\":\"https:\\\/\\\/bbqentertainment.com\\\/wp-content\\\/uploads\\\/2020\\\/04\\\/BBQ-Entertainment-N-Catering-Enn-Tobreluts-Logo.png\",\"width\":628,\"height\":266,\"caption\":\"BBQ Entertainment O\u00dc\"},\"image\":{\"@id\":\"https:\\\/\\\/bbqentertainment.com\\\/#\\\/schema\\\/logo\\\/image\\\/\"},\"sameAs\":[\"https:\\\/\\\/www.facebook.com\\\/BBQ-Entertainment-N-Catering-2437913376443540\",\"https:\\\/\\\/www.instagram.com\\\/bbqentertainmentncatering\\\/\",\"https:\\\/\\\/www.youtube.com\\\/channel\\\/UCmpuANQVhLy2Md8nrenp2jA\"]}]}<\/script>\n<!-- \/ Yoast SEO plugin. -->","yoast_head_json":{"title":"Noateritaja AccuSharp Diamond Pro 2-step MINI (must) (USA) - BBQ Entertainment","robots":{"index":"index","follow":"follow","max-snippet":"max-snippet:-1","max-image-preview":"max-image-preview:large","max-video-preview":"max-video-preview:-1"},"canonical":"https:\/\/bbqentertainment.com\/toode\/noateritaja-accusharp-diamond-pro2-step-mini-musthall\/","og_locale":"en_US","og_type":"article","og_title":"Noateritaja AccuSharp Diamond Pro 2-step MINI (must) (USA) - BBQ Entertainment","og_description":"Noateritaja AccuSharp Diamond Pro 2-step MINI (must) (USA)   V\u00e4ga hea PRO-sarja kaheastmeline noateritaja, lihtne kasutada ja teeb noad kiirelt teravaks.  Saab kasutada ka v\u00f5tmehoidjana ja saab lihtsalt taskusse panna.  Teemandiga lihvitud volframkarbiidist terituspea on loodud kestma.  Teisel pool asuvad peened keraamilised terituspead on noatera serva viimistlemiseks ja poleerimiseks, et saavutada sile ja terav viimistlus.  Diamond PRO 2-Step v\u00e4lisilme on valmistatud harjatud alumiiniumist ning viimistletud kummist vormitud k\u00e4epideme ja ohutuse tagamiseks kummist jalgadega. Seadmel on kaelapael, mis v\u00f5imaldab h\u00f5lpsasti v\u00f5tmete v\u00f5i paela k\u00fclge kinnitada.  M\u00f5\u00f5dud: 15,2 x 10.1 x 2.5 cm  Toodetud USA-s  &nbsp;","og_url":"https:\/\/bbqentertainment.com\/toode\/noateritaja-accusharp-diamond-pro2-step-mini-musthall\/","og_site_name":"BBQ Entertainment","article_publisher":"https:\/\/www.facebook.com\/BBQ-Entertainment-N-Catering-2437913376443540","article_modified_time":"2025-12-03T08:07:14+00:00","og_image":[{"width":1200,"height":1200,"url":"https:\/\/bbqentertainment.com\/wp-content\/uploads\/2022\/12\/Noateritaja-AccuSharp-Diamond-Pro-2-step-MINI-musthall-USA.jpg","type":"image\/jpeg"}],"twitter_card":"summary_large_image","twitter_misc":{"Est. reading time":"1 minute"},"schema":{"@context":"https:\/\/schema.org","@graph":[{"@type":["WebPage","ItemPage"],"@id":"https:\/\/bbqentertainment.com\/toode\/noateritaja-accusharp-diamond-pro2-step-mini-musthall\/","url":"https:\/\/bbqentertainment.com\/toode\/noateritaja-accusharp-diamond-pro2-step-mini-musthall\/","name":"Noateritaja AccuSharp Diamond Pro 2-step MINI (must) (USA) - BBQ Entertainment","isPartOf":{"@id":"https:\/\/bbqentertainment.com\/#website"},"primaryImageOfPage":{"@id":"https:\/\/bbqentertainment.com\/toode\/noateritaja-accusharp-diamond-pro2-step-mini-musthall\/#primaryimage"},"image":{"@id":"https:\/\/bbqentertainment.com\/toode\/noateritaja-accusharp-diamond-pro2-step-mini-musthall\/#primaryimage"},"thumbnailUrl":"https:\/\/bbqentertainment.com\/wp-content\/uploads\/2022\/12\/Noateritaja-AccuSharp-Diamond-Pro-2-step-MINI-musthall-USA.jpg","datePublished":"2022-12-27T15:15:58+00:00","dateModified":"2025-12-03T08:07:14+00:00","breadcrumb":{"@id":"https:\/\/bbqentertainment.com\/toode\/noateritaja-accusharp-diamond-pro2-step-mini-musthall\/#breadcrumb"},"inLanguage":"en-US","potentialAction":[{"@type":"ReadAction","target":["https:\/\/bbqentertainment.com\/toode\/noateritaja-accusharp-diamond-pro2-step-mini-musthall\/"]}]},{"@type":"ImageObject","inLanguage":"en-US","@id":"https:\/\/bbqentertainment.com\/toode\/noateritaja-accusharp-diamond-pro2-step-mini-musthall\/#primaryimage","url":"https:\/\/bbqentertainment.com\/wp-content\/uploads\/2022\/12\/Noateritaja-AccuSharp-Diamond-Pro-2-step-MINI-musthall-USA.jpg","contentUrl":"https:\/\/bbqentertainment.com\/wp-content\/uploads\/2022\/12\/Noateritaja-AccuSharp-Diamond-Pro-2-step-MINI-musthall-USA.jpg","width":1200,"height":1200},{"@type":"BreadcrumbList","@id":"https:\/\/bbqentertainment.com\/toode\/noateritaja-accusharp-diamond-pro2-step-mini-musthall\/#breadcrumb","itemListElement":[{"@type":"ListItem","position":1,"name":"AVALEHT","item":"https:\/\/bbqentertainment.com\/en\/"},{"@type":"ListItem","position":2,"name":"Tooted","item":"https:\/\/bbqentertainment.com\/tooted\/"},{"@type":"ListItem","position":3,"name":"Kokanoad ja -teritajad","item":"https:\/\/bbqentertainment.com\/tootekategooria\/kokanoad-ja-teritajad\/"},{"@type":"ListItem","position":4,"name":"Noateritaja AccuSharp Diamond Pro 2-step MINI (must) (USA)"}]},{"@type":"WebSite","@id":"https:\/\/bbqentertainment.com\/#website","url":"https:\/\/bbqentertainment.com\/","name":"BBQ Entertainment","description":"BBQ is a great lifestyle, not just fun!","publisher":{"@id":"https:\/\/bbqentertainment.com\/#organization"},"potentialAction":[{"@type":"SearchAction","target":{"@type":"EntryPoint","urlTemplate":"https:\/\/bbqentertainment.com\/?s={search_term_string}"},"query-input":{"@type":"PropertyValueSpecification","valueRequired":true,"valueName":"search_term_string"}}],"inLanguage":"en-US"},{"@type":"Organization","@id":"https:\/\/bbqentertainment.com\/#organization","name":"BBQ Entertainment O\u00dc","url":"https:\/\/bbqentertainment.com\/","logo":{"@type":"ImageObject","inLanguage":"en-US","@id":"https:\/\/bbqentertainment.com\/#\/schema\/logo\/image\/","url":"https:\/\/bbqentertainment.com\/wp-content\/uploads\/2020\/04\/BBQ-Entertainment-N-Catering-Enn-Tobreluts-Logo.png","contentUrl":"https:\/\/bbqentertainment.com\/wp-content\/uploads\/2020\/04\/BBQ-Entertainment-N-Catering-Enn-Tobreluts-Logo.png","width":628,"height":266,"caption":"BBQ Entertainment O\u00dc"},"image":{"@id":"https:\/\/bbqentertainment.com\/#\/schema\/logo\/image\/"},"sameAs":["https:\/\/www.facebook.com\/BBQ-Entertainment-N-Catering-2437913376443540","https:\/\/www.instagram.com\/bbqentertainmentncatering\/","https:\/\/www.youtube.com\/channel\/UCmpuANQVhLy2Md8nrenp2jA"]}]}},"_links":{"self":[{"href":"https:\/\/bbqentertainment.com\/en\/wp-json\/wp\/v2\/product\/240237","targetHints":{"allow":["GET"]}}],"collection":[{"href":"https:\/\/bbqentertainment.com\/en\/wp-json\/wp\/v2\/product"}],"about":[{"href":"https:\/\/bbqentertainment.com\/en\/wp-json\/wp\/v2\/types\/product"}],"wp:featuredmedia":[{"embeddable":true,"href":"https:\/\/bbqentertainment.com\/en\/wp-json\/wp\/v2\/media\/240238"}],"wp:attachment":[{"href":"https:\/\/bbqentertainment.com\/en\/wp-json\/wp\/v2\/media?parent=240237"}],"wp:term":[{"taxonomy":"product_brand","embeddable":true,"href":"https:\/\/bbqentertainment.com\/en\/wp-json\/wp\/v2\/product_brand?post=240237"},{"taxonomy":"product_cat","embeddable":true,"href":"https:\/\/bbqentertainment.com\/en\/wp-json\/wp\/v2\/product_cat?post=240237"},{"taxonomy":"product_tag","embeddable":true,"href":"https:\/\/bbqentertainment.com\/en\/wp-json\/wp\/v2\/product_tag?post=240237"}],"curies":[{"name":"wp","href":"https:\/\/api.w.org\/{rel}","templated":true}]}}