{"id":240257,"date":"2022-12-27T17:57:51","date_gmt":"2022-12-27T15:57:51","guid":{"rendered":"https:\/\/bbqentertainment.com\/?post_type=product&#038;p=240257"},"modified":"2025-12-12T21:54:58","modified_gmt":"2025-12-12T19:54:58","slug":"noateritaja-accusharp-lightweight-sharp-n-easy-mini-orange","status":"publish","type":"product","link":"https:\/\/bbqentertainment.com\/en\/toode\/noateritaja-accusharp-lightweight-sharp-n-easy-mini-orange\/","title":{"rendered":"Noateritaja AccuSharp Lightweight Sharp-N Easy MINI (oran\u017e) (USA)"},"content":{"rendered":"","protected":false},"excerpt":{"rendered":"<h3><span style=\"color: #282828;\"><strong>Noateritaja AccuSharp Lightweight Sharp-N Easy MINI (oran\u017e) (USA)<\/strong><\/span><\/h3>\n<ul class=\"a-unordered-list a-vertical a-spacing-mini\">\n<li><span style=\"color: #282828;\">V\u00e4ga hea Lightweight Sharp-N Easy sarja kaheastmeline noateritaja, lihtne kasutada ja teeb noad kiirelt teravaks.<\/span><\/li>\n<li><span style=\"color: #282828;\">Saab kasutada ka v\u00f5tmehoidjana ja saab lihtsalt taskusse panna.<\/span><\/li>\n<li><span style=\"color: #282828;\">Lisaks lihvpeadele on sellel teritajal ka peened keraamilised terituspead on noatera serva viimistlemiseks ja poleerimiseks, et saavutada sile ja terav viimistlus.<\/span><\/li>\n<li><span style=\"color: #282828;\">Ohutuse tagamiseks viimistletud kummist vormitud k\u00e4epide ja kaelapael, mis v\u00f5imaldab h\u00f5lpsasti v\u00f5tmete v\u00f5i paela k\u00fclge kinnitada.<\/span><\/li>\n<li><span style=\"color: #282828;\">M\u00f5\u00f5dud: 15,2 x 10.1 x 2.5 cm<\/span><\/li>\n<li><span style=\"color: #282828;\">Toodetud USA-s<\/span><\/li>\n<\/ul>\n<p>&nbsp;<\/p>\n","protected":false},"featured_media":240255,"template":"","meta":{"inline_featured_image":false},"product_brand":[],"product_cat":[365],"product_tag":[],"class_list":{"0":"post-240257","1":"product","2":"type-product","3":"status-publish","4":"has-post-thumbnail","6":"product_cat-kokanoad-ja-teritajad","8":"first","9":"instock","10":"taxable","11":"shipping-taxable","12":"purchasable","13":"product-type-simple"},"yoast_head":"<!-- This site is optimized with the Yoast SEO plugin v27.4 - https:\/\/yoast.com\/product\/yoast-seo-wordpress\/ -->\n<title>Noateritaja AccuSharp Lightweight Sharp-N Easy MINI (oran\u017e) (USA) - BBQ Entertainment<\/title>\n<meta name=\"robots\" content=\"index, follow, max-snippet:-1, max-image-preview:large, max-video-preview:-1\" \/>\n<link rel=\"canonical\" href=\"https:\/\/bbqentertainment.com\/toode\/noateritaja-accusharp-lightweight-sharp-n-easy-mini-orange\/\" \/>\n<meta property=\"og:locale\" content=\"en_US\" \/>\n<meta property=\"og:type\" content=\"article\" \/>\n<meta property=\"og:title\" content=\"Noateritaja AccuSharp Lightweight Sharp-N Easy MINI (oran\u017e) (USA) - BBQ Entertainment\" \/>\n<meta property=\"og:description\" content=\"Noateritaja AccuSharp Lightweight Sharp-N Easy MINI (oran\u017e) (USA)   V\u00e4ga hea Lightweight Sharp-N Easy sarja kaheastmeline noateritaja, lihtne kasutada ja teeb noad kiirelt teravaks.  Saab kasutada ka v\u00f5tmehoidjana ja saab lihtsalt taskusse panna.  Lisaks lihvpeadele on sellel teritajal ka peened keraamilised terituspead on noatera serva viimistlemiseks ja poleerimiseks, et saavutada sile ja terav viimistlus.  Ohutuse tagamiseks viimistletud kummist vormitud k\u00e4epide ja kaelapael, mis v\u00f5imaldab h\u00f5lpsasti v\u00f5tmete v\u00f5i paela k\u00fclge kinnitada.  M\u00f5\u00f5dud: 15,2 x 10.1 x 2.5 cm  Toodetud USA-s  &nbsp;\" \/>\n<meta property=\"og:url\" content=\"https:\/\/bbqentertainment.com\/toode\/noateritaja-accusharp-lightweight-sharp-n-easy-mini-orange\/\" \/>\n<meta property=\"og:site_name\" content=\"BBQ Entertainment\" \/>\n<meta property=\"article:publisher\" content=\"https:\/\/www.facebook.com\/BBQ-Entertainment-N-Catering-2437913376443540\" \/>\n<meta property=\"article:modified_time\" content=\"2025-12-12T19:54:58+00:00\" \/>\n<meta property=\"og:image\" content=\"https:\/\/bbqentertainment.com\/wp-content\/uploads\/2022\/12\/Noateritaja-AccuSharp-Lightweight-Sharp-N-Easy-MINI-oranz-USA.jpg\" \/>\n\t<meta property=\"og:image:width\" content=\"1200\" \/>\n\t<meta property=\"og:image:height\" content=\"1200\" \/>\n\t<meta property=\"og:image:type\" content=\"image\/jpeg\" \/>\n<meta name=\"twitter:card\" content=\"summary_large_image\" \/>\n<meta name=\"twitter:label1\" content=\"Est. reading time\" \/>\n\t<meta name=\"twitter:data1\" content=\"1 minute\" \/>\n<script type=\"application\/ld+json\" class=\"yoast-schema-graph\">{\"@context\":\"https:\\\/\\\/schema.org\",\"@graph\":[{\"@type\":[\"WebPage\",\"ItemPage\"],\"@id\":\"https:\\\/\\\/bbqentertainment.com\\\/toode\\\/noateritaja-accusharp-lightweight-sharp-n-easy-mini-orange\\\/\",\"url\":\"https:\\\/\\\/bbqentertainment.com\\\/toode\\\/noateritaja-accusharp-lightweight-sharp-n-easy-mini-orange\\\/\",\"name\":\"Noateritaja AccuSharp Lightweight Sharp-N Easy MINI (oran\u017e) (USA) - BBQ Entertainment\",\"isPartOf\":{\"@id\":\"https:\\\/\\\/bbqentertainment.com\\\/#website\"},\"primaryImageOfPage\":{\"@id\":\"https:\\\/\\\/bbqentertainment.com\\\/toode\\\/noateritaja-accusharp-lightweight-sharp-n-easy-mini-orange\\\/#primaryimage\"},\"image\":{\"@id\":\"https:\\\/\\\/bbqentertainment.com\\\/toode\\\/noateritaja-accusharp-lightweight-sharp-n-easy-mini-orange\\\/#primaryimage\"},\"thumbnailUrl\":\"https:\\\/\\\/bbqentertainment.com\\\/wp-content\\\/uploads\\\/2022\\\/12\\\/Noateritaja-AccuSharp-Lightweight-Sharp-N-Easy-MINI-oranz-USA.jpg\",\"datePublished\":\"2022-12-27T15:57:51+00:00\",\"dateModified\":\"2025-12-12T19:54:58+00:00\",\"breadcrumb\":{\"@id\":\"https:\\\/\\\/bbqentertainment.com\\\/toode\\\/noateritaja-accusharp-lightweight-sharp-n-easy-mini-orange\\\/#breadcrumb\"},\"inLanguage\":\"en-US\",\"potentialAction\":[{\"@type\":\"ReadAction\",\"target\":[\"https:\\\/\\\/bbqentertainment.com\\\/toode\\\/noateritaja-accusharp-lightweight-sharp-n-easy-mini-orange\\\/\"]}]},{\"@type\":\"ImageObject\",\"inLanguage\":\"en-US\",\"@id\":\"https:\\\/\\\/bbqentertainment.com\\\/toode\\\/noateritaja-accusharp-lightweight-sharp-n-easy-mini-orange\\\/#primaryimage\",\"url\":\"https:\\\/\\\/bbqentertainment.com\\\/wp-content\\\/uploads\\\/2022\\\/12\\\/Noateritaja-AccuSharp-Lightweight-Sharp-N-Easy-MINI-oranz-USA.jpg\",\"contentUrl\":\"https:\\\/\\\/bbqentertainment.com\\\/wp-content\\\/uploads\\\/2022\\\/12\\\/Noateritaja-AccuSharp-Lightweight-Sharp-N-Easy-MINI-oranz-USA.jpg\",\"width\":1200,\"height\":1200},{\"@type\":\"BreadcrumbList\",\"@id\":\"https:\\\/\\\/bbqentertainment.com\\\/toode\\\/noateritaja-accusharp-lightweight-sharp-n-easy-mini-orange\\\/#breadcrumb\",\"itemListElement\":[{\"@type\":\"ListItem\",\"position\":1,\"name\":\"AVALEHT\",\"item\":\"https:\\\/\\\/bbqentertainment.com\\\/en\\\/\"},{\"@type\":\"ListItem\",\"position\":2,\"name\":\"Tooted\",\"item\":\"https:\\\/\\\/bbqentertainment.com\\\/tooted\\\/\"},{\"@type\":\"ListItem\",\"position\":3,\"name\":\"Kokanoad ja -teritajad\",\"item\":\"https:\\\/\\\/bbqentertainment.com\\\/tootekategooria\\\/kokanoad-ja-teritajad\\\/\"},{\"@type\":\"ListItem\",\"position\":4,\"name\":\"Noateritaja AccuSharp Lightweight Sharp-N Easy MINI (oran\u017e) (USA)\"}]},{\"@type\":\"WebSite\",\"@id\":\"https:\\\/\\\/bbqentertainment.com\\\/#website\",\"url\":\"https:\\\/\\\/bbqentertainment.com\\\/\",\"name\":\"BBQ Entertainment\",\"description\":\"BBQ is a great lifestyle, not just fun!\",\"publisher\":{\"@id\":\"https:\\\/\\\/bbqentertainment.com\\\/#organization\"},\"potentialAction\":[{\"@type\":\"SearchAction\",\"target\":{\"@type\":\"EntryPoint\",\"urlTemplate\":\"https:\\\/\\\/bbqentertainment.com\\\/?s={search_term_string}\"},\"query-input\":{\"@type\":\"PropertyValueSpecification\",\"valueRequired\":true,\"valueName\":\"search_term_string\"}}],\"inLanguage\":\"en-US\"},{\"@type\":\"Organization\",\"@id\":\"https:\\\/\\\/bbqentertainment.com\\\/#organization\",\"name\":\"BBQ Entertainment O\u00dc\",\"url\":\"https:\\\/\\\/bbqentertainment.com\\\/\",\"logo\":{\"@type\":\"ImageObject\",\"inLanguage\":\"en-US\",\"@id\":\"https:\\\/\\\/bbqentertainment.com\\\/#\\\/schema\\\/logo\\\/image\\\/\",\"url\":\"https:\\\/\\\/bbqentertainment.com\\\/wp-content\\\/uploads\\\/2020\\\/04\\\/BBQ-Entertainment-N-Catering-Enn-Tobreluts-Logo.png\",\"contentUrl\":\"https:\\\/\\\/bbqentertainment.com\\\/wp-content\\\/uploads\\\/2020\\\/04\\\/BBQ-Entertainment-N-Catering-Enn-Tobreluts-Logo.png\",\"width\":628,\"height\":266,\"caption\":\"BBQ Entertainment O\u00dc\"},\"image\":{\"@id\":\"https:\\\/\\\/bbqentertainment.com\\\/#\\\/schema\\\/logo\\\/image\\\/\"},\"sameAs\":[\"https:\\\/\\\/www.facebook.com\\\/BBQ-Entertainment-N-Catering-2437913376443540\",\"https:\\\/\\\/www.instagram.com\\\/bbqentertainmentncatering\\\/\",\"https:\\\/\\\/www.youtube.com\\\/channel\\\/UCmpuANQVhLy2Md8nrenp2jA\"]}]}<\/script>\n<!-- \/ Yoast SEO plugin. -->","yoast_head_json":{"title":"Noateritaja AccuSharp Lightweight Sharp-N Easy MINI (oran\u017e) (USA) - BBQ Entertainment","robots":{"index":"index","follow":"follow","max-snippet":"max-snippet:-1","max-image-preview":"max-image-preview:large","max-video-preview":"max-video-preview:-1"},"canonical":"https:\/\/bbqentertainment.com\/toode\/noateritaja-accusharp-lightweight-sharp-n-easy-mini-orange\/","og_locale":"en_US","og_type":"article","og_title":"Noateritaja AccuSharp Lightweight Sharp-N Easy MINI (oran\u017e) (USA) - BBQ Entertainment","og_description":"Noateritaja AccuSharp Lightweight Sharp-N Easy MINI (oran\u017e) (USA)   V\u00e4ga hea Lightweight Sharp-N Easy sarja kaheastmeline noateritaja, lihtne kasutada ja teeb noad kiirelt teravaks.  Saab kasutada ka v\u00f5tmehoidjana ja saab lihtsalt taskusse panna.  Lisaks lihvpeadele on sellel teritajal ka peened keraamilised terituspead on noatera serva viimistlemiseks ja poleerimiseks, et saavutada sile ja terav viimistlus.  Ohutuse tagamiseks viimistletud kummist vormitud k\u00e4epide ja kaelapael, mis v\u00f5imaldab h\u00f5lpsasti v\u00f5tmete v\u00f5i paela k\u00fclge kinnitada.  M\u00f5\u00f5dud: 15,2 x 10.1 x 2.5 cm  Toodetud USA-s  &nbsp;","og_url":"https:\/\/bbqentertainment.com\/toode\/noateritaja-accusharp-lightweight-sharp-n-easy-mini-orange\/","og_site_name":"BBQ Entertainment","article_publisher":"https:\/\/www.facebook.com\/BBQ-Entertainment-N-Catering-2437913376443540","article_modified_time":"2025-12-12T19:54:58+00:00","og_image":[{"width":1200,"height":1200,"url":"https:\/\/bbqentertainment.com\/wp-content\/uploads\/2022\/12\/Noateritaja-AccuSharp-Lightweight-Sharp-N-Easy-MINI-oranz-USA.jpg","type":"image\/jpeg"}],"twitter_card":"summary_large_image","twitter_misc":{"Est. reading time":"1 minute"},"schema":{"@context":"https:\/\/schema.org","@graph":[{"@type":["WebPage","ItemPage"],"@id":"https:\/\/bbqentertainment.com\/toode\/noateritaja-accusharp-lightweight-sharp-n-easy-mini-orange\/","url":"https:\/\/bbqentertainment.com\/toode\/noateritaja-accusharp-lightweight-sharp-n-easy-mini-orange\/","name":"Noateritaja AccuSharp Lightweight Sharp-N Easy MINI (oran\u017e) (USA) - BBQ Entertainment","isPartOf":{"@id":"https:\/\/bbqentertainment.com\/#website"},"primaryImageOfPage":{"@id":"https:\/\/bbqentertainment.com\/toode\/noateritaja-accusharp-lightweight-sharp-n-easy-mini-orange\/#primaryimage"},"image":{"@id":"https:\/\/bbqentertainment.com\/toode\/noateritaja-accusharp-lightweight-sharp-n-easy-mini-orange\/#primaryimage"},"thumbnailUrl":"https:\/\/bbqentertainment.com\/wp-content\/uploads\/2022\/12\/Noateritaja-AccuSharp-Lightweight-Sharp-N-Easy-MINI-oranz-USA.jpg","datePublished":"2022-12-27T15:57:51+00:00","dateModified":"2025-12-12T19:54:58+00:00","breadcrumb":{"@id":"https:\/\/bbqentertainment.com\/toode\/noateritaja-accusharp-lightweight-sharp-n-easy-mini-orange\/#breadcrumb"},"inLanguage":"en-US","potentialAction":[{"@type":"ReadAction","target":["https:\/\/bbqentertainment.com\/toode\/noateritaja-accusharp-lightweight-sharp-n-easy-mini-orange\/"]}]},{"@type":"ImageObject","inLanguage":"en-US","@id":"https:\/\/bbqentertainment.com\/toode\/noateritaja-accusharp-lightweight-sharp-n-easy-mini-orange\/#primaryimage","url":"https:\/\/bbqentertainment.com\/wp-content\/uploads\/2022\/12\/Noateritaja-AccuSharp-Lightweight-Sharp-N-Easy-MINI-oranz-USA.jpg","contentUrl":"https:\/\/bbqentertainment.com\/wp-content\/uploads\/2022\/12\/Noateritaja-AccuSharp-Lightweight-Sharp-N-Easy-MINI-oranz-USA.jpg","width":1200,"height":1200},{"@type":"BreadcrumbList","@id":"https:\/\/bbqentertainment.com\/toode\/noateritaja-accusharp-lightweight-sharp-n-easy-mini-orange\/#breadcrumb","itemListElement":[{"@type":"ListItem","position":1,"name":"AVALEHT","item":"https:\/\/bbqentertainment.com\/en\/"},{"@type":"ListItem","position":2,"name":"Tooted","item":"https:\/\/bbqentertainment.com\/tooted\/"},{"@type":"ListItem","position":3,"name":"Kokanoad ja -teritajad","item":"https:\/\/bbqentertainment.com\/tootekategooria\/kokanoad-ja-teritajad\/"},{"@type":"ListItem","position":4,"name":"Noateritaja AccuSharp Lightweight Sharp-N Easy MINI (oran\u017e) (USA)"}]},{"@type":"WebSite","@id":"https:\/\/bbqentertainment.com\/#website","url":"https:\/\/bbqentertainment.com\/","name":"BBQ Entertainment","description":"BBQ is a great lifestyle, not just fun!","publisher":{"@id":"https:\/\/bbqentertainment.com\/#organization"},"potentialAction":[{"@type":"SearchAction","target":{"@type":"EntryPoint","urlTemplate":"https:\/\/bbqentertainment.com\/?s={search_term_string}"},"query-input":{"@type":"PropertyValueSpecification","valueRequired":true,"valueName":"search_term_string"}}],"inLanguage":"en-US"},{"@type":"Organization","@id":"https:\/\/bbqentertainment.com\/#organization","name":"BBQ Entertainment O\u00dc","url":"https:\/\/bbqentertainment.com\/","logo":{"@type":"ImageObject","inLanguage":"en-US","@id":"https:\/\/bbqentertainment.com\/#\/schema\/logo\/image\/","url":"https:\/\/bbqentertainment.com\/wp-content\/uploads\/2020\/04\/BBQ-Entertainment-N-Catering-Enn-Tobreluts-Logo.png","contentUrl":"https:\/\/bbqentertainment.com\/wp-content\/uploads\/2020\/04\/BBQ-Entertainment-N-Catering-Enn-Tobreluts-Logo.png","width":628,"height":266,"caption":"BBQ Entertainment O\u00dc"},"image":{"@id":"https:\/\/bbqentertainment.com\/#\/schema\/logo\/image\/"},"sameAs":["https:\/\/www.facebook.com\/BBQ-Entertainment-N-Catering-2437913376443540","https:\/\/www.instagram.com\/bbqentertainmentncatering\/","https:\/\/www.youtube.com\/channel\/UCmpuANQVhLy2Md8nrenp2jA"]}]}},"_links":{"self":[{"href":"https:\/\/bbqentertainment.com\/en\/wp-json\/wp\/v2\/product\/240257","targetHints":{"allow":["GET"]}}],"collection":[{"href":"https:\/\/bbqentertainment.com\/en\/wp-json\/wp\/v2\/product"}],"about":[{"href":"https:\/\/bbqentertainment.com\/en\/wp-json\/wp\/v2\/types\/product"}],"wp:featuredmedia":[{"embeddable":true,"href":"https:\/\/bbqentertainment.com\/en\/wp-json\/wp\/v2\/media\/240255"}],"wp:attachment":[{"href":"https:\/\/bbqentertainment.com\/en\/wp-json\/wp\/v2\/media?parent=240257"}],"wp:term":[{"taxonomy":"product_brand","embeddable":true,"href":"https:\/\/bbqentertainment.com\/en\/wp-json\/wp\/v2\/product_brand?post=240257"},{"taxonomy":"product_cat","embeddable":true,"href":"https:\/\/bbqentertainment.com\/en\/wp-json\/wp\/v2\/product_cat?post=240257"},{"taxonomy":"product_tag","embeddable":true,"href":"https:\/\/bbqentertainment.com\/en\/wp-json\/wp\/v2\/product_tag?post=240257"}],"curies":[{"name":"wp","href":"https:\/\/api.w.org\/{rel}","templated":true}]}}