{"id":240960,"date":"2023-02-06T11:29:24","date_gmt":"2023-02-06T09:29:24","guid":{"rendered":"https:\/\/bbqentertainment.com\/?post_type=product&#038;p=240960"},"modified":"2026-04-06T19:10:53","modified_gmt":"2026-04-06T16:10:53","slug":"stokes-bloody-mary-tomatiketsup-viina-ja-worcesterhire-kastmega-bloody-mary-tomato-ketchup-2kg-catering-pakk","status":"publish","type":"product","link":"https:\/\/bbqentertainment.com\/en\/toode\/stokes-bloody-mary-tomatiketsup-viina-ja-worcesterhire-kastmega-bloody-mary-tomato-ketchup-2kg-catering-pakk\/","title":{"rendered":"Stokes BLOODY MARY TOMATIKET\u0160UP viina ja terava kastmega 2 kg CATERING PAKK"},"content":{"rendered":"<h3 data-start=\"0\" data-end=\"51\"><strong data-start=\"0\" data-end=\"49\">Stokes \u2013 aus maitse, ehtsatest koostisosadest<\/strong><\/h3>\n<p data-start=\"53\" data-end=\"356\">Stokes on Suurbritannia pereettev\u00f5te, mis on tuntud oma kvaliteetsete kastmete ja maitseainete poolest. Nende toodete keskmes on ehtsad koostisosad, rikkalikud retseptid ja k\u00e4sit\u00f6\u00f6na valminud kvaliteet. Igas purgis ja pudelis on tunda p\u00fchendumust \u2013 olgu tegu ket\u0161upi, BBQ-kastme v\u00f5i kreemja m\u00e4dar\u00f5ikaga.<\/p>\n<p data-start=\"53\" data-end=\"356\">Stokes ei kasuta kiirmeetodeid ega l\u00fchendatud teid. Tomatiket\u0161upid sisaldavad rohkem tomateid kui enamik konkurente, kastmetes on kasutusel ehtne mesi, r\u00f5\u00f5sk koor ja v\u00fcrtsid, mis loovad tasakaalustatud, puhta ja koduse maitse.<\/p>\n<p data-start=\"586\" data-end=\"677\" data-is-last-node=\"\" data-is-only-node=\"\">Kui hindad maitset, mis on korraga aus, lihtne ja l\u00e4bim\u00f5eldud, siis Stokes on kindel valik!<\/p>\n<p>P\u00e4ritolumaa: UK.\u00a0Maaletooja: BBQ Entertainment O\u00dc<\/p>\n","protected":false},"excerpt":{"rendered":"<h3><span style=\"color: #282828\"><strong>Stokes BLOODY MARY TOMATIKET\u0160UP viina ja terava kastmega 2 kg CATERING PAKK<\/strong><\/span><\/h3>\n<p data-start=\"152\" data-end=\"851\">Klassikaline tomatiket\u0161up, millele annavad iseloomu n\u00e4puotsake viina ja v\u00fcrtsikas Bloody Mary kaste. Rikkalik, t\u00e4idlane maitse ja s\u00fcgavalt r\u00f6stitud tomati v\u00e4rv. Sobib h\u00e4sti grilltoitude ja kokteilisuupistete k\u00f5rvale.<\/p>\n<p data-start=\"152\" data-end=\"851\"><strong data-start=\"386\" data-end=\"402\">Koostisosad:<\/strong> Tomatid (123 g 100 g ket\u0161upi kohta), suhkur, piiritus\u00e4\u00e4dikas, paksendaja: modifitseeritud maisit\u00e4rklis, v\u00fcrtsikas lauakaste (1%) (vesi, piiritus\u00e4\u00e4dikas, suhkur, v\u00e4rvaine: karamell, suhkrusiirup, sool, tamarindid, hape: \u00e4\u00e4dikhape, cayenne\u2019i pipar, nelk, k\u00fc\u00fcslaugu\u00f5li, stabilisaator: tragakantkummi), viin (1%), <strong>sellerisool<\/strong> (1%) (sool, <strong>selleriseemned<\/strong>), Tabasco kaste (1%) (piiritus\u00e4\u00e4dikas, punased piprad, sool), k\u00fc\u00fcslaugupulber, sibulapulber, v\u00fcrts, maitseainesegu (tomatipulber, meresool, valge veini pulber (valge veinikonservaat, maltodekstriin), suhkur, sibulapulber, kassia, pune, t\u00fc\u00fcmian, k\u00fc\u00fcslaugupulber, looduslikud maitseained, nelk, looduslik v\u00e4rvaine: paprikaekstrakt, v\u00fcrtsiekstrakt, sibulaekstrakt).<\/p>\n<p data-start=\"152\" data-end=\"851\"><strong data-start=\"616\" data-end=\"645\">Toitev\u00e4\u00e4rtus 100 g kohta:<\/strong> 124 kcal, rasv 0 g, s\u00fcsivesikud 28 g (suhkruid 23 g), valgud 1,2 g, sool 1,4 g<\/p>\n<p data-start=\"152\" data-end=\"851\"><strong data-start=\"727\" data-end=\"743\">S\u00e4ilitamine:<\/strong> Hoida jahedas, p\u00e4ikesevalguse eest kaitstult. P\u00e4rast avamist hoida k\u00fclmkapis ja tarvitada 6 n\u00e4dala jooksul.<\/p>\n<p data-start=\"152\" data-end=\"851\">Saadaval kahes suuruses \u2013 2 kg plastist catering pakendis ja 300 g klaaspudelis.<\/p>\n","protected":false},"featured_media":240961,"template":"","meta":{"inline_featured_image":false},"product_brand":[],"product_cat":[28,581,511],"product_tag":[],"class_list":{"0":"post-240960","1":"product","2":"type-product","3":"status-publish","4":"has-post-thumbnail","6":"product_cat-maitseandjad","7":"product_cat-bbq-kastmed","8":"product_cat-stokes","10":"first","11":"instock","12":"taxable","13":"shipping-taxable","14":"purchasable","15":"product-type-simple"},"yoast_head":"<!-- This site is optimized with the Yoast SEO plugin v27.4 - https:\/\/yoast.com\/product\/yoast-seo-wordpress\/ -->\n<title>Stokes BLOODY MARY TOMATIKET\u0160UP viina ja terava kastmega 2 kg CATERING PAKK - BBQ Entertainment<\/title>\n<meta name=\"robots\" content=\"index, follow, max-snippet:-1, max-image-preview:large, max-video-preview:-1\" \/>\n<link rel=\"canonical\" href=\"https:\/\/bbqentertainment.com\/toode\/stokes-bloody-mary-tomatiketsup-viina-ja-worcesterhire-kastmega-bloody-mary-tomato-ketchup-2kg-catering-pakk\/\" \/>\n<meta property=\"og:locale\" content=\"en_US\" \/>\n<meta property=\"og:type\" content=\"article\" \/>\n<meta property=\"og:title\" content=\"Stokes BLOODY MARY TOMATIKET\u0160UP viina ja terava kastmega 2 kg CATERING PAKK - BBQ Entertainment\" \/>\n<meta property=\"og:description\" content=\"Stokes BLOODY MARY TOMATIKET\u0160UP viina ja terava kastmega 2 kg CATERING PAKK Klassikaline tomatiket\u0161up, millele annavad iseloomu n\u00e4puotsake viina ja v\u00fcrtsikas Bloody Mary kaste. Rikkalik, t\u00e4idlane maitse ja s\u00fcgavalt r\u00f6stitud tomati v\u00e4rv. Sobib h\u00e4sti grilltoitude ja kokteilisuupistete k\u00f5rvale. Koostisosad: Tomatid (123 g 100 g ket\u0161upi kohta), suhkur, piiritus\u00e4\u00e4dikas, paksendaja: modifitseeritud maisit\u00e4rklis, v\u00fcrtsikas lauakaste (1%) (vesi, piiritus\u00e4\u00e4dikas, suhkur, v\u00e4rvaine: karamell, suhkrusiirup, sool, tamarindid, hape: \u00e4\u00e4dikhape, cayenne\u2019i pipar, nelk, k\u00fc\u00fcslaugu\u00f5li, stabilisaator: tragakantkummi), viin (1%), sellerisool (1%) (sool, selleriseemned), Tabasco kaste (1%) (piiritus\u00e4\u00e4dikas, punased piprad, sool), k\u00fc\u00fcslaugupulber, sibulapulber, v\u00fcrts, maitseainesegu (tomatipulber, meresool, valge veini pulber (valge veinikonservaat, maltodekstriin), suhkur, sibulapulber, kassia, pune, t\u00fc\u00fcmian, k\u00fc\u00fcslaugupulber, looduslikud maitseained, nelk, looduslik v\u00e4rvaine: paprikaekstrakt, v\u00fcrtsiekstrakt, sibulaekstrakt). Toitev\u00e4\u00e4rtus 100 g kohta: 124 kcal, rasv 0 g, s\u00fcsivesikud 28 g (suhkruid 23 g), valgud 1,2 g, sool 1,4 g S\u00e4ilitamine: Hoida jahedas, p\u00e4ikesevalguse eest kaitstult. P\u00e4rast avamist hoida k\u00fclmkapis ja tarvitada 6 n\u00e4dala jooksul. Saadaval kahes suuruses \u2013 2 kg plastist catering pakendis ja 300 g klaaspudelis.\" \/>\n<meta property=\"og:url\" content=\"https:\/\/bbqentertainment.com\/toode\/stokes-bloody-mary-tomatiketsup-viina-ja-worcesterhire-kastmega-bloody-mary-tomato-ketchup-2kg-catering-pakk\/\" \/>\n<meta property=\"og:site_name\" content=\"BBQ Entertainment\" \/>\n<meta property=\"article:publisher\" content=\"https:\/\/www.facebook.com\/BBQ-Entertainment-N-Catering-2437913376443540\" \/>\n<meta property=\"article:modified_time\" content=\"2026-04-06T16:10:53+00:00\" \/>\n<meta property=\"og:image\" content=\"https:\/\/bbqentertainment.com\/wp-content\/uploads\/2023\/02\/Stokes-BLOODY-MARY-TOMATIKETSUP-viina-ja-Worcesterhire-kastmega-2-g-CATERING-PAKK.jpg\" \/>\n\t<meta property=\"og:image:width\" content=\"1200\" \/>\n\t<meta property=\"og:image:height\" content=\"1200\" \/>\n\t<meta property=\"og:image:type\" content=\"image\/jpeg\" \/>\n<meta name=\"twitter:card\" content=\"summary_large_image\" \/>\n<meta name=\"twitter:label1\" content=\"Est. reading time\" \/>\n\t<meta name=\"twitter:data1\" content=\"1 minute\" \/>\n<script type=\"application\/ld+json\" class=\"yoast-schema-graph\">{\"@context\":\"https:\\\/\\\/schema.org\",\"@graph\":[{\"@type\":[\"WebPage\",\"ItemPage\"],\"@id\":\"https:\\\/\\\/bbqentertainment.com\\\/toode\\\/stokes-bloody-mary-tomatiketsup-viina-ja-worcesterhire-kastmega-bloody-mary-tomato-ketchup-2kg-catering-pakk\\\/\",\"url\":\"https:\\\/\\\/bbqentertainment.com\\\/toode\\\/stokes-bloody-mary-tomatiketsup-viina-ja-worcesterhire-kastmega-bloody-mary-tomato-ketchup-2kg-catering-pakk\\\/\",\"name\":\"Stokes BLOODY MARY TOMATIKET\u0160UP viina ja terava kastmega 2 kg CATERING PAKK - BBQ Entertainment\",\"isPartOf\":{\"@id\":\"https:\\\/\\\/bbqentertainment.com\\\/#website\"},\"primaryImageOfPage\":{\"@id\":\"https:\\\/\\\/bbqentertainment.com\\\/toode\\\/stokes-bloody-mary-tomatiketsup-viina-ja-worcesterhire-kastmega-bloody-mary-tomato-ketchup-2kg-catering-pakk\\\/#primaryimage\"},\"image\":{\"@id\":\"https:\\\/\\\/bbqentertainment.com\\\/toode\\\/stokes-bloody-mary-tomatiketsup-viina-ja-worcesterhire-kastmega-bloody-mary-tomato-ketchup-2kg-catering-pakk\\\/#primaryimage\"},\"thumbnailUrl\":\"https:\\\/\\\/bbqentertainment.com\\\/wp-content\\\/uploads\\\/2023\\\/02\\\/Stokes-BLOODY-MARY-TOMATIKETSUP-viina-ja-Worcesterhire-kastmega-2-g-CATERING-PAKK.jpg\",\"datePublished\":\"2023-02-06T09:29:24+00:00\",\"dateModified\":\"2026-04-06T16:10:53+00:00\",\"breadcrumb\":{\"@id\":\"https:\\\/\\\/bbqentertainment.com\\\/toode\\\/stokes-bloody-mary-tomatiketsup-viina-ja-worcesterhire-kastmega-bloody-mary-tomato-ketchup-2kg-catering-pakk\\\/#breadcrumb\"},\"inLanguage\":\"en-US\",\"potentialAction\":[{\"@type\":\"ReadAction\",\"target\":[\"https:\\\/\\\/bbqentertainment.com\\\/toode\\\/stokes-bloody-mary-tomatiketsup-viina-ja-worcesterhire-kastmega-bloody-mary-tomato-ketchup-2kg-catering-pakk\\\/\"]}]},{\"@type\":\"ImageObject\",\"inLanguage\":\"en-US\",\"@id\":\"https:\\\/\\\/bbqentertainment.com\\\/toode\\\/stokes-bloody-mary-tomatiketsup-viina-ja-worcesterhire-kastmega-bloody-mary-tomato-ketchup-2kg-catering-pakk\\\/#primaryimage\",\"url\":\"https:\\\/\\\/bbqentertainment.com\\\/wp-content\\\/uploads\\\/2023\\\/02\\\/Stokes-BLOODY-MARY-TOMATIKETSUP-viina-ja-Worcesterhire-kastmega-2-g-CATERING-PAKK.jpg\",\"contentUrl\":\"https:\\\/\\\/bbqentertainment.com\\\/wp-content\\\/uploads\\\/2023\\\/02\\\/Stokes-BLOODY-MARY-TOMATIKETSUP-viina-ja-Worcesterhire-kastmega-2-g-CATERING-PAKK.jpg\",\"width\":1200,\"height\":1200},{\"@type\":\"BreadcrumbList\",\"@id\":\"https:\\\/\\\/bbqentertainment.com\\\/toode\\\/stokes-bloody-mary-tomatiketsup-viina-ja-worcesterhire-kastmega-bloody-mary-tomato-ketchup-2kg-catering-pakk\\\/#breadcrumb\",\"itemListElement\":[{\"@type\":\"ListItem\",\"position\":1,\"name\":\"AVALEHT\",\"item\":\"https:\\\/\\\/bbqentertainment.com\\\/en\\\/\"},{\"@type\":\"ListItem\",\"position\":2,\"name\":\"Tooted\",\"item\":\"https:\\\/\\\/bbqentertainment.com\\\/tooted\\\/\"},{\"@type\":\"ListItem\",\"position\":3,\"name\":\"Maitseandjad\",\"item\":\"https:\\\/\\\/bbqentertainment.com\\\/en\\\/tootekategooria\\\/maitseandjad\\\/\"},{\"@type\":\"ListItem\",\"position\":4,\"name\":\"STOKES\",\"item\":\"https:\\\/\\\/bbqentertainment.com\\\/tootekategooria\\\/maitseandjad\\\/stokes\\\/\"},{\"@type\":\"ListItem\",\"position\":5,\"name\":\"Stokes BLOODY MARY TOMATIKET\u0160UP viina ja terava kastmega 2 kg CATERING PAKK\"}]},{\"@type\":\"WebSite\",\"@id\":\"https:\\\/\\\/bbqentertainment.com\\\/#website\",\"url\":\"https:\\\/\\\/bbqentertainment.com\\\/\",\"name\":\"BBQ Entertainment\",\"description\":\"BBQ is a great lifestyle, not just fun!\",\"publisher\":{\"@id\":\"https:\\\/\\\/bbqentertainment.com\\\/#organization\"},\"potentialAction\":[{\"@type\":\"SearchAction\",\"target\":{\"@type\":\"EntryPoint\",\"urlTemplate\":\"https:\\\/\\\/bbqentertainment.com\\\/?s={search_term_string}\"},\"query-input\":{\"@type\":\"PropertyValueSpecification\",\"valueRequired\":true,\"valueName\":\"search_term_string\"}}],\"inLanguage\":\"en-US\"},{\"@type\":\"Organization\",\"@id\":\"https:\\\/\\\/bbqentertainment.com\\\/#organization\",\"name\":\"BBQ Entertainment O\u00dc\",\"url\":\"https:\\\/\\\/bbqentertainment.com\\\/\",\"logo\":{\"@type\":\"ImageObject\",\"inLanguage\":\"en-US\",\"@id\":\"https:\\\/\\\/bbqentertainment.com\\\/#\\\/schema\\\/logo\\\/image\\\/\",\"url\":\"https:\\\/\\\/bbqentertainment.com\\\/wp-content\\\/uploads\\\/2020\\\/04\\\/BBQ-Entertainment-N-Catering-Enn-Tobreluts-Logo.png\",\"contentUrl\":\"https:\\\/\\\/bbqentertainment.com\\\/wp-content\\\/uploads\\\/2020\\\/04\\\/BBQ-Entertainment-N-Catering-Enn-Tobreluts-Logo.png\",\"width\":628,\"height\":266,\"caption\":\"BBQ Entertainment O\u00dc\"},\"image\":{\"@id\":\"https:\\\/\\\/bbqentertainment.com\\\/#\\\/schema\\\/logo\\\/image\\\/\"},\"sameAs\":[\"https:\\\/\\\/www.facebook.com\\\/BBQ-Entertainment-N-Catering-2437913376443540\",\"https:\\\/\\\/www.instagram.com\\\/bbqentertainmentncatering\\\/\",\"https:\\\/\\\/www.youtube.com\\\/channel\\\/UCmpuANQVhLy2Md8nrenp2jA\"]}]}<\/script>\n<!-- \/ Yoast SEO plugin. -->","yoast_head_json":{"title":"Stokes BLOODY MARY TOMATIKET\u0160UP viina ja terava kastmega 2 kg CATERING PAKK - BBQ Entertainment","robots":{"index":"index","follow":"follow","max-snippet":"max-snippet:-1","max-image-preview":"max-image-preview:large","max-video-preview":"max-video-preview:-1"},"canonical":"https:\/\/bbqentertainment.com\/toode\/stokes-bloody-mary-tomatiketsup-viina-ja-worcesterhire-kastmega-bloody-mary-tomato-ketchup-2kg-catering-pakk\/","og_locale":"en_US","og_type":"article","og_title":"Stokes BLOODY MARY TOMATIKET\u0160UP viina ja terava kastmega 2 kg CATERING PAKK - BBQ Entertainment","og_description":"Stokes BLOODY MARY TOMATIKET\u0160UP viina ja terava kastmega 2 kg CATERING PAKK Klassikaline tomatiket\u0161up, millele annavad iseloomu n\u00e4puotsake viina ja v\u00fcrtsikas Bloody Mary kaste. Rikkalik, t\u00e4idlane maitse ja s\u00fcgavalt r\u00f6stitud tomati v\u00e4rv. Sobib h\u00e4sti grilltoitude ja kokteilisuupistete k\u00f5rvale. Koostisosad: Tomatid (123 g 100 g ket\u0161upi kohta), suhkur, piiritus\u00e4\u00e4dikas, paksendaja: modifitseeritud maisit\u00e4rklis, v\u00fcrtsikas lauakaste (1%) (vesi, piiritus\u00e4\u00e4dikas, suhkur, v\u00e4rvaine: karamell, suhkrusiirup, sool, tamarindid, hape: \u00e4\u00e4dikhape, cayenne\u2019i pipar, nelk, k\u00fc\u00fcslaugu\u00f5li, stabilisaator: tragakantkummi), viin (1%), sellerisool (1%) (sool, selleriseemned), Tabasco kaste (1%) (piiritus\u00e4\u00e4dikas, punased piprad, sool), k\u00fc\u00fcslaugupulber, sibulapulber, v\u00fcrts, maitseainesegu (tomatipulber, meresool, valge veini pulber (valge veinikonservaat, maltodekstriin), suhkur, sibulapulber, kassia, pune, t\u00fc\u00fcmian, k\u00fc\u00fcslaugupulber, looduslikud maitseained, nelk, looduslik v\u00e4rvaine: paprikaekstrakt, v\u00fcrtsiekstrakt, sibulaekstrakt). Toitev\u00e4\u00e4rtus 100 g kohta: 124 kcal, rasv 0 g, s\u00fcsivesikud 28 g (suhkruid 23 g), valgud 1,2 g, sool 1,4 g S\u00e4ilitamine: Hoida jahedas, p\u00e4ikesevalguse eest kaitstult. P\u00e4rast avamist hoida k\u00fclmkapis ja tarvitada 6 n\u00e4dala jooksul. Saadaval kahes suuruses \u2013 2 kg plastist catering pakendis ja 300 g klaaspudelis.","og_url":"https:\/\/bbqentertainment.com\/toode\/stokes-bloody-mary-tomatiketsup-viina-ja-worcesterhire-kastmega-bloody-mary-tomato-ketchup-2kg-catering-pakk\/","og_site_name":"BBQ Entertainment","article_publisher":"https:\/\/www.facebook.com\/BBQ-Entertainment-N-Catering-2437913376443540","article_modified_time":"2026-04-06T16:10:53+00:00","og_image":[{"width":1200,"height":1200,"url":"https:\/\/bbqentertainment.com\/wp-content\/uploads\/2023\/02\/Stokes-BLOODY-MARY-TOMATIKETSUP-viina-ja-Worcesterhire-kastmega-2-g-CATERING-PAKK.jpg","type":"image\/jpeg"}],"twitter_card":"summary_large_image","twitter_misc":{"Est. reading time":"1 minute"},"schema":{"@context":"https:\/\/schema.org","@graph":[{"@type":["WebPage","ItemPage"],"@id":"https:\/\/bbqentertainment.com\/toode\/stokes-bloody-mary-tomatiketsup-viina-ja-worcesterhire-kastmega-bloody-mary-tomato-ketchup-2kg-catering-pakk\/","url":"https:\/\/bbqentertainment.com\/toode\/stokes-bloody-mary-tomatiketsup-viina-ja-worcesterhire-kastmega-bloody-mary-tomato-ketchup-2kg-catering-pakk\/","name":"Stokes BLOODY MARY TOMATIKET\u0160UP viina ja terava kastmega 2 kg CATERING PAKK - BBQ Entertainment","isPartOf":{"@id":"https:\/\/bbqentertainment.com\/#website"},"primaryImageOfPage":{"@id":"https:\/\/bbqentertainment.com\/toode\/stokes-bloody-mary-tomatiketsup-viina-ja-worcesterhire-kastmega-bloody-mary-tomato-ketchup-2kg-catering-pakk\/#primaryimage"},"image":{"@id":"https:\/\/bbqentertainment.com\/toode\/stokes-bloody-mary-tomatiketsup-viina-ja-worcesterhire-kastmega-bloody-mary-tomato-ketchup-2kg-catering-pakk\/#primaryimage"},"thumbnailUrl":"https:\/\/bbqentertainment.com\/wp-content\/uploads\/2023\/02\/Stokes-BLOODY-MARY-TOMATIKETSUP-viina-ja-Worcesterhire-kastmega-2-g-CATERING-PAKK.jpg","datePublished":"2023-02-06T09:29:24+00:00","dateModified":"2026-04-06T16:10:53+00:00","breadcrumb":{"@id":"https:\/\/bbqentertainment.com\/toode\/stokes-bloody-mary-tomatiketsup-viina-ja-worcesterhire-kastmega-bloody-mary-tomato-ketchup-2kg-catering-pakk\/#breadcrumb"},"inLanguage":"en-US","potentialAction":[{"@type":"ReadAction","target":["https:\/\/bbqentertainment.com\/toode\/stokes-bloody-mary-tomatiketsup-viina-ja-worcesterhire-kastmega-bloody-mary-tomato-ketchup-2kg-catering-pakk\/"]}]},{"@type":"ImageObject","inLanguage":"en-US","@id":"https:\/\/bbqentertainment.com\/toode\/stokes-bloody-mary-tomatiketsup-viina-ja-worcesterhire-kastmega-bloody-mary-tomato-ketchup-2kg-catering-pakk\/#primaryimage","url":"https:\/\/bbqentertainment.com\/wp-content\/uploads\/2023\/02\/Stokes-BLOODY-MARY-TOMATIKETSUP-viina-ja-Worcesterhire-kastmega-2-g-CATERING-PAKK.jpg","contentUrl":"https:\/\/bbqentertainment.com\/wp-content\/uploads\/2023\/02\/Stokes-BLOODY-MARY-TOMATIKETSUP-viina-ja-Worcesterhire-kastmega-2-g-CATERING-PAKK.jpg","width":1200,"height":1200},{"@type":"BreadcrumbList","@id":"https:\/\/bbqentertainment.com\/toode\/stokes-bloody-mary-tomatiketsup-viina-ja-worcesterhire-kastmega-bloody-mary-tomato-ketchup-2kg-catering-pakk\/#breadcrumb","itemListElement":[{"@type":"ListItem","position":1,"name":"AVALEHT","item":"https:\/\/bbqentertainment.com\/en\/"},{"@type":"ListItem","position":2,"name":"Tooted","item":"https:\/\/bbqentertainment.com\/tooted\/"},{"@type":"ListItem","position":3,"name":"Maitseandjad","item":"https:\/\/bbqentertainment.com\/en\/tootekategooria\/maitseandjad\/"},{"@type":"ListItem","position":4,"name":"STOKES","item":"https:\/\/bbqentertainment.com\/tootekategooria\/maitseandjad\/stokes\/"},{"@type":"ListItem","position":5,"name":"Stokes BLOODY MARY TOMATIKET\u0160UP viina ja terava kastmega 2 kg CATERING PAKK"}]},{"@type":"WebSite","@id":"https:\/\/bbqentertainment.com\/#website","url":"https:\/\/bbqentertainment.com\/","name":"BBQ Entertainment","description":"BBQ is a great lifestyle, not just fun!","publisher":{"@id":"https:\/\/bbqentertainment.com\/#organization"},"potentialAction":[{"@type":"SearchAction","target":{"@type":"EntryPoint","urlTemplate":"https:\/\/bbqentertainment.com\/?s={search_term_string}"},"query-input":{"@type":"PropertyValueSpecification","valueRequired":true,"valueName":"search_term_string"}}],"inLanguage":"en-US"},{"@type":"Organization","@id":"https:\/\/bbqentertainment.com\/#organization","name":"BBQ Entertainment O\u00dc","url":"https:\/\/bbqentertainment.com\/","logo":{"@type":"ImageObject","inLanguage":"en-US","@id":"https:\/\/bbqentertainment.com\/#\/schema\/logo\/image\/","url":"https:\/\/bbqentertainment.com\/wp-content\/uploads\/2020\/04\/BBQ-Entertainment-N-Catering-Enn-Tobreluts-Logo.png","contentUrl":"https:\/\/bbqentertainment.com\/wp-content\/uploads\/2020\/04\/BBQ-Entertainment-N-Catering-Enn-Tobreluts-Logo.png","width":628,"height":266,"caption":"BBQ Entertainment O\u00dc"},"image":{"@id":"https:\/\/bbqentertainment.com\/#\/schema\/logo\/image\/"},"sameAs":["https:\/\/www.facebook.com\/BBQ-Entertainment-N-Catering-2437913376443540","https:\/\/www.instagram.com\/bbqentertainmentncatering\/","https:\/\/www.youtube.com\/channel\/UCmpuANQVhLy2Md8nrenp2jA"]}]}},"_links":{"self":[{"href":"https:\/\/bbqentertainment.com\/en\/wp-json\/wp\/v2\/product\/240960","targetHints":{"allow":["GET"]}}],"collection":[{"href":"https:\/\/bbqentertainment.com\/en\/wp-json\/wp\/v2\/product"}],"about":[{"href":"https:\/\/bbqentertainment.com\/en\/wp-json\/wp\/v2\/types\/product"}],"wp:featuredmedia":[{"embeddable":true,"href":"https:\/\/bbqentertainment.com\/en\/wp-json\/wp\/v2\/media\/240961"}],"wp:attachment":[{"href":"https:\/\/bbqentertainment.com\/en\/wp-json\/wp\/v2\/media?parent=240960"}],"wp:term":[{"taxonomy":"product_brand","embeddable":true,"href":"https:\/\/bbqentertainment.com\/en\/wp-json\/wp\/v2\/product_brand?post=240960"},{"taxonomy":"product_cat","embeddable":true,"href":"https:\/\/bbqentertainment.com\/en\/wp-json\/wp\/v2\/product_cat?post=240960"},{"taxonomy":"product_tag","embeddable":true,"href":"https:\/\/bbqentertainment.com\/en\/wp-json\/wp\/v2\/product_tag?post=240960"}],"curies":[{"name":"wp","href":"https:\/\/api.w.org\/{rel}","templated":true}]}}