{"id":241014,"date":"2023-03-05T16:14:56","date_gmt":"2023-03-05T14:14:56","guid":{"rendered":"https:\/\/bbqentertainment.com\/?post_type=product&#038;p=241014"},"modified":"2026-04-14T20:11:16","modified_gmt":"2026-04-14T17:11:16","slug":"pelletgrill-traeger-pro-d2-575","status":"publish","type":"product","link":"https:\/\/bbqentertainment.com\/en\/toode\/pelletgrill-traeger-pro-d2-575\/","title":{"rendered":"Pelletgrill TRAEGER PRO D2 575"},"content":{"rendered":"<p><span style=\"color: #000000;\">Mobiilirakendusega (\u00e4piga) juhitav Traeger pelletgrill PRO575 v\u00f5imaldab grillida kus iganes \u2013 olles metsajooksul, istudes tugitoolis v\u00f5i nautides s\u00f5pradega saunam\u00f5nusid. Selle mugavuse nautimiseks on vaja vaid Traegeri grilli ja nutitelefoniga \u00fchilduvat \u00e4ppi.<\/span><\/p>\n<p><span style=\"color: #000000;\"><strong>Tehnilised andmed:<\/strong><\/span><br \/>\n<span style=\"color: #000000;\">Grilli m\u00f5\u00f5tmed kokkupanduna: 134,62 x 104,14 x 68,58 cm<\/span><br \/>\n<span style=\"color: #000000;\">Kaal: 58,06 kg<\/span><\/p>\n<p><span style=\"color: #000000;\"><strong>PRO 575 v\u00f5imaldab grillida kasv\u00f5i tugitoolis istudes!<\/strong><\/span><br \/>\n<span style=\"color: #000000;\">Traeger Digital Controller ProD2 WiFi kontrolleri ja vastava nutitelefoni rakenduse ehk \u00e4pi abil saab juhtida nii suitsu hulka kui ka soojust. Telefoni kaudu saab seadet sisse ja v\u00e4lja l\u00fclitada, seadistada grillimise aega jpms. Temperatuuri saab valida 73\u00b0C kuni 260\u00b0C (reguleerimise samm 5\u00b0C).<\/span><br \/>\n<span style=\"color: #000000;\">Grillil on roostevabad, emailitud restid. Suur alusrest ja v\u00e4iksem \u00fclemine rest. Grillivad m\u00f5lemad restid \u00fchtemoodi, lihtsalt kaks resti mahutavad rohkem korraga grillitavat toitu.<\/span><br \/>\n<span style=\"color: #000000;\">Grilli, suitsuta, k\u00fcpseta, hauta, r\u00f6sti v\u00f5i valmista klassikalist barbequed ja k\u00f5ike seda naturaalsest puidust graanulitega. Vali seitsme 100% naturaalse pelleti hulgast oma lemmik ja vala punker t\u00e4is. Temperatuuri saab seadistada nii manuaalselt, kui ka vastavat Traegeri \u00e4ppi kaudu. Valides \u00e4pi retseptide hulgast, ei ole gurmeeroogade valmistamiseks vaja v\u00e4himaidki algteadmisi grillimisest. Prepareeri grillitav toode vastavalt juhisele ja vajuta lingile \u201cCOOK NEW \u201d ja Traegeri grill hoolitseb k\u00f5ige eest automaatselt ise.<\/span><br \/>\n<span style=\"color: #000000;\">Umbes nelja minutiga on pelletid t\u00f6\u00f6valmis ja toidutegemine v\u00f5ib alata. Spiraalajamiga l\u00fckatakse pelleteid tulekambrisse ja s\u00fc\u00fcdatakse automaatselt. Spetsiaalne ventilaator hoiab pelletid h\u00f5\u00f5gvel nagu miniatuurses sepikojas. Traeger pelletgrill on kumer, ovaalne kere tagab t\u00e4iusliku temperatuuri- ja suitsujaotuse kogu grillimispinna ulatuses. Tilkuv rasv ja muud grillimisj\u00e4\u00e4tmed juhitakse vaheplaadiga v\u00e4ljajooksukanalisse ja sealt l\u00e4bi avause grilli k\u00fcljes rippuvasse rasva\u00e4mbrisse.<\/span><\/p>\n<p><span style=\"color: #000000;\">Tasub katta grillimisresti alune pind fooliumiga \u2013 nii on lihtsam grilli puhastada. Fooliumit ei tarvitse iga kasutuskorra j\u00e4rel vahetada. Peale kolmandat grillimist visake foolium lihtsalt pr\u00fcgikasti ja asendage uuega. Samal ajal puhastage k\u00fcttekolle tuha v\u00f5i tolmuimuriga. See lihtne ja vaevata hoolitsus tagab pikaajalise grilli kestvuse.<\/span><\/p>\n<p><span style=\"color: #000000;\">Manuaalselt toitu valmistades <\/span><span style=\"color: #000000;\">saab kontrollida ka valmistatava toidu sisetemperatuuri. Selleks on grilliga kaasas vastav sond. Torka see enne toidu valmistamist kohe lihasse ja vaid \u00fche nupuvajutusega on sisetemperatuur n\u00e4htav.<\/span> <span style=\"color: #000000;\">Grilli enda sisetemperatuuri j\u00e4lgimiseks on grill varustatud spetsiaalse automaats\u00fcsteemiga, mis kontrollib temperatuuri 50 korda minutis.<\/span><\/p>\n<p><span style=\"color: #000000;\"><strong>SUUREP\u00c4RANE SOOJUSJAOTUS<br \/>\n<\/strong>K\u00fcttekolle on kaetud spetsiaalse plaadiga, mis jaotab soojuse kogu grilli ulatuses \u00fchtlaselt laiali. \u00dcmar, ovaalne vorm aitab soojusel ja suitsul levida k\u00f5ikjale.<\/span><\/p>\n<p><span style=\"color: #000000;\"><strong>AUTOMAATNE PELLETIPUNKER<\/strong><\/span><br \/>\n<span style=\"color: #000000;\">Laadige punker \u00e4\u00e4reni pelleteid t\u00e4is ja punkri p\u00f5hjas olev spiraalajam hoolitseb selle eest, et valitud temperatuurile vastav kogus j\u00f5uaks p\u00f5lemiskambrisse. Pelletpunkri maht 8,16kg, ehk natuke \u00fcle poole standardkotist.<\/span><\/p>\n<p><span style=\"color: #000000;\"><strong>AUTOMAATS\u00dc\u00dcDE<\/strong><\/span><br \/>\n<span style=\"color: #000000;\">Spetsiaalne elektris\u00fc\u00fcde s\u00fc\u00fctab p\u00f5lemiskambris pelletid. Joo s\u00fc\u00fctamise asemel parem \u00fcks k\u00fclm \u00f5lu, grill teeb igava s\u00fc\u00fcteprotsessi samal ajal ise \u00e4ra.<\/span><\/p>\n<p><span style=\"color: #000000;\"><strong>ENERGIA\u00a0<\/strong><\/span><br \/>\n<span style=\"color: #000000;\">\u00dchenda grill vooluv\u00f5rguga. Voolu on tarvis juhtimisploki ja k\u00fcttekolde ventilaatori t\u00f6\u00f6ks.<\/span><br \/>\n<span style=\"color: #000000;\">Voolutarve: 300 vatti esimese nelja minuti jooksul ja ainult 50 vatti \u00fclej\u00e4\u00e4nud kokkamisel.<\/span><\/p>\n<p><span style=\"color: #000000;\"><strong>AUTOMAATNE SEISKAMINE<\/strong><\/span><br \/>\n<span style=\"color: #000000;\">Grillimise l\u00f5ppedes t\u00f6\u00f6tab ventilaator veel viis minutit, mille jooksul puhastatakse p\u00f5lemispunker tuhast kustutades seal h\u00f5\u00f5guvad pelletid.<\/span><\/p>\n<p><span style=\"color: #000000;\"><strong>GARANTII<\/strong><\/span><br \/>\n<span style=\"color: #000000;\">Traeger pelletgrillidel on kolme aastane garantii.<\/span><\/p>\n<p><span style=\"color: #000000;\"><strong>K\u00dcPSETUSRESTID<\/strong><\/span><br \/>\n<span style=\"color: #000000;\">K\u00fcpsetusrestid on valmistatud h\u00e4sti puhastatavast, mitmekorselt emailitud terasest.<\/span><br \/>\n<span style=\"color: #000000;\">Restide m\u00f5\u00f5dud:<\/span><br \/>\n<span style=\"color: #000000;\">\u2013 esimene, ehk alumine tasand 56 x 48 cm<\/span><br \/>\n<span style=\"color: #000000;\">\u2013 teine tasand 56 x 18 cm<\/span><\/p>\n<p><span style=\"color: #000000;\"><strong>VIDEO:\u00a0<\/strong><a style=\"color: #000000;\" href=\"https:\/\/www.traeger.com\/pellet-grills\/pro\/575\">https:\/\/www.traeger.com\/pellet-grills\/pro\/575<\/a><\/span><\/p>\n","protected":false},"excerpt":{"rendered":"<h3><span style=\"color: #000000;\"><strong>Pelletgrill TRAEGER PRO D2 575 WIFI<\/strong><\/span><\/h3>\n<ul>\n<li><strong><span style=\"color: #000000;\"><span style=\"font-size: 14.399999px;\">K\u00fcsi eripakkumist! Kirjuta enn@bbqentertainment.com v\u00f5i helista 5165581<\/span><\/span><\/strong><\/li>\n<li><span style=\"color: #000000;\">Traegeri \u00e4piga juhitav mudel PRO D2 575 v\u00f5imaldab grillida kus iganes \u2013 olles metsajooksul, istudes tugitoolis v\u00f5i nautides s\u00f5pradega saunam\u00f5nusid. Selle mugavuse nautimiseks on vaja vaid Traegeri grilli ja nutitelefonigga \u00fchilduvat \u00e4ppi.<\/span><\/li>\n<li><span style=\"color: #000000;\">Sellel tugeva ehitusega pelletgrillil on tihedalt suletud grillikorpus, mis v\u00f5imaldab parimat soojuse ja aroomi \u00fclekandumist toidule. T\u00fcnnikujuline grillkorpus on valmistatud kvaliteetsest pulberv\u00e4rvitud terasest.<\/span><\/li>\n<li><span style=\"color: #000000;\">Grillil on kaks tasandit portselanemailitud terasest restidele, mis on kergesti eemaldatavad.<\/span><\/li>\n<li><span style=\"color: #000000;\">Traeger PRO on varustatud WIFIRE\u00ae-funktsiooniga. Soovi korral saate grilli ja selle temperatuuri h\u00f5lpsasti juhtida oma telefonist, kasutades Traegeri rakendust. V\u00f5ite kasutada ka Traegeri rakendust, et vaadata ja j\u00e4lgida retsepte oma grillile.<\/span><\/li>\n<li><span style=\"color: #000000;\">Temperatuuri reguleerimine vahemikus 75\u00b0C kuni 260\u00b0C. Lisana on temperatuuriandurid grillile ja toidule.<\/span><\/li>\n<li><span style=\"color: #000000;\">D2\u00ae-tehnoloogiline \u00fclekanne ja TurboTemp-soojuse reguleerimine soojendab grilli kiiremini.<\/span><\/li>\n<li><span style=\"color: #000000;\">Pelletikambri mahutavus 8kg. Pelletite t\u00fchjendusava v\u00f5imaldab teil pelletid kiiresti t\u00fchjendada, et t\u00e4ita pelletipaak uuesti toiduvalmistamiseks k\u00f5ige sobivamate pelletitega.<\/span><\/li>\n<li><span style=\"color: #000000;\">WOOD CHECKER indikaator n\u00e4itab pelletite kogust kambris.<\/span><\/li>\n<li><span style=\"color: #000000;\">GRILLGUIDE grilljuhtimiss\u00fcsteem (Traeger Appi kaudu).<\/span><\/li>\n<li><span style=\"color: #000000;\">KEEP WARM funktsioon hoiab toidu \u00f5igel temperatuuril kuni serveerimiseni.<\/span><\/li>\n<\/ul>\n<p><span style=\"color: #000000;\"><span style=\"text-decoration: underline;\">Tehnilised andmed<\/span>:<\/span><\/p>\n<ul>\n<li><span style=\"color: #000000;\">K\u00fcpsetuspind: 3690 cm\u00b2<\/span><\/li>\n<li><span style=\"color: #000000;\">Grillimispind: 56 x 48 cm ja 56 x 18 cm<\/span><\/li>\n<li><span style=\"color: #000000;\">Grilli m\u00f5\u00f5dud: 105 x 69 x 135 cm<\/span><\/li>\n<li><span style=\"color: #000000;\">T\u00fcnni l\u00e4bim\u00f5\u00f5t: 55,8 cm<\/span><\/li>\n<\/ul>\n","protected":false},"featured_media":241019,"template":"","meta":{"inline_featured_image":false},"product_brand":[],"product_cat":[17,476],"product_tag":[],"class_list":{"0":"post-241014","1":"product","2":"type-product","3":"status-publish","4":"has-post-thumbnail","6":"product_cat-grillid-ja-ahjud","7":"product_cat-traeger","8":"product_shipping_class-ainult-ise-jarele-tulemisega","10":"first","11":"instock","12":"taxable","13":"shipping-taxable","14":"purchasable","15":"product-type-simple"},"yoast_head":"<!-- This site is optimized with the Yoast SEO plugin v27.2 - https:\/\/yoast.com\/product\/yoast-seo-wordpress\/ -->\n<title>Pelletgrill TRAEGER PRO D2 575 - BBQ Entertainment<\/title>\n<meta name=\"robots\" content=\"index, follow, max-snippet:-1, max-image-preview:large, max-video-preview:-1\" \/>\n<link rel=\"canonical\" href=\"https:\/\/bbqentertainment.com\/toode\/pelletgrill-traeger-pro-d2-575\/\" \/>\n<meta property=\"og:locale\" content=\"en_US\" \/>\n<meta property=\"og:type\" content=\"article\" \/>\n<meta property=\"og:title\" content=\"Pelletgrill TRAEGER PRO D2 575 - BBQ Entertainment\" \/>\n<meta property=\"og:description\" content=\"Pelletgrill TRAEGER PRO D2 575 WIFIK\u00fcsi eripakkumist! Kirjuta enn@bbqentertainment.com v\u00f5i helista 5165581Traegeri \u00e4piga juhitav mudel PRO D2 575 v\u00f5imaldab grillida kus iganes \u2013 olles metsajooksul, istudes tugitoolis v\u00f5i nautides s\u00f5pradega saunam\u00f5nusid. Selle mugavuse nautimiseks on vaja vaid Traegeri grilli ja nutitelefonigga \u00fchilduvat \u00e4ppi.Sellel tugeva ehitusega pelletgrillil on tihedalt suletud grillikorpus, mis v\u00f5imaldab parimat soojuse ja aroomi \u00fclekandumist toidule. T\u00fcnnikujuline grillkorpus on valmistatud kvaliteetsest pulberv\u00e4rvitud terasest.Grillil on kaks tasandit portselanemailitud terasest restidele, mis on kergesti eemaldatavad.Traeger PRO on varustatud WIFIRE\u00ae-funktsiooniga. Soovi korral saate grilli ja selle temperatuuri h\u00f5lpsasti juhtida oma telefonist, kasutades Traegeri rakendust. V\u00f5ite kasutada ka Traegeri rakendust, et vaadata ja j\u00e4lgida retsepte oma grillile.Temperatuuri reguleerimine vahemikus 75\u00b0C kuni 260\u00b0C. Lisana on temperatuuriandurid grillile ja toidule.D2\u00ae-tehnoloogiline \u00fclekanne ja TurboTemp-soojuse reguleerimine soojendab grilli kiiremini.Pelletikambri mahutavus 8kg. Pelletite t\u00fchjendusava v\u00f5imaldab teil pelletid kiiresti t\u00fchjendada, et t\u00e4ita pelletipaak uuesti toiduvalmistamiseks k\u00f5ige sobivamate pelletitega.WOOD CHECKER indikaator n\u00e4itab pelletite kogust kambris.GRILLGUIDE grilljuhtimiss\u00fcsteem (Traeger Appi kaudu).KEEP WARM funktsioon hoiab toidu \u00f5igel temperatuuril kuni serveerimiseni.Tehnilised andmed:K\u00fcpsetuspind: 3690 cm\u00b2Grillimispind: 56 x 48 cm ja 56 x 18 cmGrilli m\u00f5\u00f5dud: 105 x 69 x 135 cmT\u00fcnni l\u00e4bim\u00f5\u00f5t: 55,8 cm\" \/>\n<meta property=\"og:url\" content=\"https:\/\/bbqentertainment.com\/toode\/pelletgrill-traeger-pro-d2-575\/\" \/>\n<meta property=\"og:site_name\" content=\"BBQ Entertainment\" \/>\n<meta property=\"article:publisher\" content=\"https:\/\/www.facebook.com\/BBQ-Entertainment-N-Catering-2437913376443540\" \/>\n<meta property=\"article:modified_time\" content=\"2026-04-14T17:11:16+00:00\" \/>\n<meta property=\"og:image\" content=\"https:\/\/bbqentertainment.com\/wp-content\/uploads\/2023\/03\/TFB57GLEC-Pelletgrill-TRAEGER-PRO-D2-575.jpg\" \/>\n\t<meta property=\"og:image:width\" content=\"1200\" \/>\n\t<meta property=\"og:image:height\" content=\"1200\" \/>\n\t<meta property=\"og:image:type\" content=\"image\/jpeg\" \/>\n<meta name=\"twitter:card\" content=\"summary_large_image\" \/>\n<meta name=\"twitter:label1\" content=\"Est. reading time\" \/>\n\t<meta name=\"twitter:data1\" content=\"3 minutes\" \/>\n<script type=\"application\/ld+json\" class=\"yoast-schema-graph\">{\"@context\":\"https:\/\/schema.org\",\"@graph\":[{\"@type\":[\"WebPage\",\"ItemPage\"],\"@id\":\"https:\/\/bbqentertainment.com\/toode\/pelletgrill-traeger-pro-d2-575\/\",\"url\":\"https:\/\/bbqentertainment.com\/toode\/pelletgrill-traeger-pro-d2-575\/\",\"name\":\"Pelletgrill TRAEGER PRO D2 575 - BBQ Entertainment\",\"isPartOf\":{\"@id\":\"https:\/\/bbqentertainment.com\/#website\"},\"primaryImageOfPage\":{\"@id\":\"https:\/\/bbqentertainment.com\/toode\/pelletgrill-traeger-pro-d2-575\/#primaryimage\"},\"image\":{\"@id\":\"https:\/\/bbqentertainment.com\/toode\/pelletgrill-traeger-pro-d2-575\/#primaryimage\"},\"thumbnailUrl\":\"https:\/\/bbqentertainment.com\/wp-content\/uploads\/2023\/03\/TFB57GLEC-Pelletgrill-TRAEGER-PRO-D2-575.jpg\",\"datePublished\":\"2023-03-05T14:14:56+00:00\",\"dateModified\":\"2026-04-14T17:11:16+00:00\",\"breadcrumb\":{\"@id\":\"https:\/\/bbqentertainment.com\/toode\/pelletgrill-traeger-pro-d2-575\/#breadcrumb\"},\"inLanguage\":\"en-US\",\"potentialAction\":[{\"@type\":\"ReadAction\",\"target\":[\"https:\/\/bbqentertainment.com\/toode\/pelletgrill-traeger-pro-d2-575\/\"]}]},{\"@type\":\"ImageObject\",\"inLanguage\":\"en-US\",\"@id\":\"https:\/\/bbqentertainment.com\/toode\/pelletgrill-traeger-pro-d2-575\/#primaryimage\",\"url\":\"https:\/\/bbqentertainment.com\/wp-content\/uploads\/2023\/03\/TFB57GLEC-Pelletgrill-TRAEGER-PRO-D2-575.jpg\",\"contentUrl\":\"https:\/\/bbqentertainment.com\/wp-content\/uploads\/2023\/03\/TFB57GLEC-Pelletgrill-TRAEGER-PRO-D2-575.jpg\",\"width\":1200,\"height\":1200},{\"@type\":\"BreadcrumbList\",\"@id\":\"https:\/\/bbqentertainment.com\/toode\/pelletgrill-traeger-pro-d2-575\/#breadcrumb\",\"itemListElement\":[{\"@type\":\"ListItem\",\"position\":1,\"name\":\"AVALEHT\",\"item\":\"https:\/\/bbqentertainment.com\/en\/\"},{\"@type\":\"ListItem\",\"position\":2,\"name\":\"Tooted\",\"item\":\"https:\/\/bbqentertainment.com\/tooted\/\"},{\"@type\":\"ListItem\",\"position\":3,\"name\":\"Grillid ja ahjud\",\"item\":\"https:\/\/bbqentertainment.com\/tootekategooria\/grillid-ja-ahjud\/\"},{\"@type\":\"ListItem\",\"position\":4,\"name\":\"TRAEGER\",\"item\":\"https:\/\/bbqentertainment.com\/tootekategooria\/grillid-ja-ahjud\/traeger\/\"},{\"@type\":\"ListItem\",\"position\":5,\"name\":\"Pelletgrill TRAEGER PRO D2 575\"}]},{\"@type\":\"WebSite\",\"@id\":\"https:\/\/bbqentertainment.com\/#website\",\"url\":\"https:\/\/bbqentertainment.com\/\",\"name\":\"BBQ Entertainment\",\"description\":\"BBQ is a great lifestyle, not just fun!\",\"publisher\":{\"@id\":\"https:\/\/bbqentertainment.com\/#organization\"},\"potentialAction\":[{\"@type\":\"SearchAction\",\"target\":{\"@type\":\"EntryPoint\",\"urlTemplate\":\"https:\/\/bbqentertainment.com\/?s={search_term_string}\"},\"query-input\":{\"@type\":\"PropertyValueSpecification\",\"valueRequired\":true,\"valueName\":\"search_term_string\"}}],\"inLanguage\":\"en-US\"},{\"@type\":\"Organization\",\"@id\":\"https:\/\/bbqentertainment.com\/#organization\",\"name\":\"BBQ Entertainment O\u00dc\",\"url\":\"https:\/\/bbqentertainment.com\/\",\"logo\":{\"@type\":\"ImageObject\",\"inLanguage\":\"en-US\",\"@id\":\"https:\/\/bbqentertainment.com\/#\/schema\/logo\/image\/\",\"url\":\"https:\/\/bbqentertainment.com\/wp-content\/uploads\/2020\/04\/BBQ-Entertainment-N-Catering-Enn-Tobreluts-Logo.png\",\"contentUrl\":\"https:\/\/bbqentertainment.com\/wp-content\/uploads\/2020\/04\/BBQ-Entertainment-N-Catering-Enn-Tobreluts-Logo.png\",\"width\":628,\"height\":266,\"caption\":\"BBQ Entertainment O\u00dc\"},\"image\":{\"@id\":\"https:\/\/bbqentertainment.com\/#\/schema\/logo\/image\/\"},\"sameAs\":[\"https:\/\/www.facebook.com\/BBQ-Entertainment-N-Catering-2437913376443540\",\"https:\/\/www.instagram.com\/bbqentertainmentncatering\/\",\"https:\/\/www.youtube.com\/channel\/UCmpuANQVhLy2Md8nrenp2jA\"]}]}<\/script>\n<!-- \/ Yoast SEO plugin. -->","yoast_head_json":{"title":"Pelletgrill TRAEGER PRO D2 575 - BBQ Entertainment","robots":{"index":"index","follow":"follow","max-snippet":"max-snippet:-1","max-image-preview":"max-image-preview:large","max-video-preview":"max-video-preview:-1"},"canonical":"https:\/\/bbqentertainment.com\/toode\/pelletgrill-traeger-pro-d2-575\/","og_locale":"en_US","og_type":"article","og_title":"Pelletgrill TRAEGER PRO D2 575 - BBQ Entertainment","og_description":"Pelletgrill TRAEGER PRO D2 575 WIFIK\u00fcsi eripakkumist! Kirjuta enn@bbqentertainment.com v\u00f5i helista 5165581Traegeri \u00e4piga juhitav mudel PRO D2 575 v\u00f5imaldab grillida kus iganes \u2013 olles metsajooksul, istudes tugitoolis v\u00f5i nautides s\u00f5pradega saunam\u00f5nusid. Selle mugavuse nautimiseks on vaja vaid Traegeri grilli ja nutitelefonigga \u00fchilduvat \u00e4ppi.Sellel tugeva ehitusega pelletgrillil on tihedalt suletud grillikorpus, mis v\u00f5imaldab parimat soojuse ja aroomi \u00fclekandumist toidule. T\u00fcnnikujuline grillkorpus on valmistatud kvaliteetsest pulberv\u00e4rvitud terasest.Grillil on kaks tasandit portselanemailitud terasest restidele, mis on kergesti eemaldatavad.Traeger PRO on varustatud WIFIRE\u00ae-funktsiooniga. Soovi korral saate grilli ja selle temperatuuri h\u00f5lpsasti juhtida oma telefonist, kasutades Traegeri rakendust. V\u00f5ite kasutada ka Traegeri rakendust, et vaadata ja j\u00e4lgida retsepte oma grillile.Temperatuuri reguleerimine vahemikus 75\u00b0C kuni 260\u00b0C. Lisana on temperatuuriandurid grillile ja toidule.D2\u00ae-tehnoloogiline \u00fclekanne ja TurboTemp-soojuse reguleerimine soojendab grilli kiiremini.Pelletikambri mahutavus 8kg. Pelletite t\u00fchjendusava v\u00f5imaldab teil pelletid kiiresti t\u00fchjendada, et t\u00e4ita pelletipaak uuesti toiduvalmistamiseks k\u00f5ige sobivamate pelletitega.WOOD CHECKER indikaator n\u00e4itab pelletite kogust kambris.GRILLGUIDE grilljuhtimiss\u00fcsteem (Traeger Appi kaudu).KEEP WARM funktsioon hoiab toidu \u00f5igel temperatuuril kuni serveerimiseni.Tehnilised andmed:K\u00fcpsetuspind: 3690 cm\u00b2Grillimispind: 56 x 48 cm ja 56 x 18 cmGrilli m\u00f5\u00f5dud: 105 x 69 x 135 cmT\u00fcnni l\u00e4bim\u00f5\u00f5t: 55,8 cm","og_url":"https:\/\/bbqentertainment.com\/toode\/pelletgrill-traeger-pro-d2-575\/","og_site_name":"BBQ Entertainment","article_publisher":"https:\/\/www.facebook.com\/BBQ-Entertainment-N-Catering-2437913376443540","article_modified_time":"2026-04-14T17:11:16+00:00","og_image":[{"width":1200,"height":1200,"url":"https:\/\/bbqentertainment.com\/wp-content\/uploads\/2023\/03\/TFB57GLEC-Pelletgrill-TRAEGER-PRO-D2-575.jpg","type":"image\/jpeg"}],"twitter_card":"summary_large_image","twitter_misc":{"Est. reading time":"3 minutes"},"schema":{"@context":"https:\/\/schema.org","@graph":[{"@type":["WebPage","ItemPage"],"@id":"https:\/\/bbqentertainment.com\/toode\/pelletgrill-traeger-pro-d2-575\/","url":"https:\/\/bbqentertainment.com\/toode\/pelletgrill-traeger-pro-d2-575\/","name":"Pelletgrill TRAEGER PRO D2 575 - BBQ Entertainment","isPartOf":{"@id":"https:\/\/bbqentertainment.com\/#website"},"primaryImageOfPage":{"@id":"https:\/\/bbqentertainment.com\/toode\/pelletgrill-traeger-pro-d2-575\/#primaryimage"},"image":{"@id":"https:\/\/bbqentertainment.com\/toode\/pelletgrill-traeger-pro-d2-575\/#primaryimage"},"thumbnailUrl":"https:\/\/bbqentertainment.com\/wp-content\/uploads\/2023\/03\/TFB57GLEC-Pelletgrill-TRAEGER-PRO-D2-575.jpg","datePublished":"2023-03-05T14:14:56+00:00","dateModified":"2026-04-14T17:11:16+00:00","breadcrumb":{"@id":"https:\/\/bbqentertainment.com\/toode\/pelletgrill-traeger-pro-d2-575\/#breadcrumb"},"inLanguage":"en-US","potentialAction":[{"@type":"ReadAction","target":["https:\/\/bbqentertainment.com\/toode\/pelletgrill-traeger-pro-d2-575\/"]}]},{"@type":"ImageObject","inLanguage":"en-US","@id":"https:\/\/bbqentertainment.com\/toode\/pelletgrill-traeger-pro-d2-575\/#primaryimage","url":"https:\/\/bbqentertainment.com\/wp-content\/uploads\/2023\/03\/TFB57GLEC-Pelletgrill-TRAEGER-PRO-D2-575.jpg","contentUrl":"https:\/\/bbqentertainment.com\/wp-content\/uploads\/2023\/03\/TFB57GLEC-Pelletgrill-TRAEGER-PRO-D2-575.jpg","width":1200,"height":1200},{"@type":"BreadcrumbList","@id":"https:\/\/bbqentertainment.com\/toode\/pelletgrill-traeger-pro-d2-575\/#breadcrumb","itemListElement":[{"@type":"ListItem","position":1,"name":"AVALEHT","item":"https:\/\/bbqentertainment.com\/en\/"},{"@type":"ListItem","position":2,"name":"Tooted","item":"https:\/\/bbqentertainment.com\/tooted\/"},{"@type":"ListItem","position":3,"name":"Grillid ja ahjud","item":"https:\/\/bbqentertainment.com\/tootekategooria\/grillid-ja-ahjud\/"},{"@type":"ListItem","position":4,"name":"TRAEGER","item":"https:\/\/bbqentertainment.com\/tootekategooria\/grillid-ja-ahjud\/traeger\/"},{"@type":"ListItem","position":5,"name":"Pelletgrill TRAEGER PRO D2 575"}]},{"@type":"WebSite","@id":"https:\/\/bbqentertainment.com\/#website","url":"https:\/\/bbqentertainment.com\/","name":"BBQ Entertainment","description":"BBQ is a great lifestyle, not just fun!","publisher":{"@id":"https:\/\/bbqentertainment.com\/#organization"},"potentialAction":[{"@type":"SearchAction","target":{"@type":"EntryPoint","urlTemplate":"https:\/\/bbqentertainment.com\/?s={search_term_string}"},"query-input":{"@type":"PropertyValueSpecification","valueRequired":true,"valueName":"search_term_string"}}],"inLanguage":"en-US"},{"@type":"Organization","@id":"https:\/\/bbqentertainment.com\/#organization","name":"BBQ Entertainment O\u00dc","url":"https:\/\/bbqentertainment.com\/","logo":{"@type":"ImageObject","inLanguage":"en-US","@id":"https:\/\/bbqentertainment.com\/#\/schema\/logo\/image\/","url":"https:\/\/bbqentertainment.com\/wp-content\/uploads\/2020\/04\/BBQ-Entertainment-N-Catering-Enn-Tobreluts-Logo.png","contentUrl":"https:\/\/bbqentertainment.com\/wp-content\/uploads\/2020\/04\/BBQ-Entertainment-N-Catering-Enn-Tobreluts-Logo.png","width":628,"height":266,"caption":"BBQ Entertainment O\u00dc"},"image":{"@id":"https:\/\/bbqentertainment.com\/#\/schema\/logo\/image\/"},"sameAs":["https:\/\/www.facebook.com\/BBQ-Entertainment-N-Catering-2437913376443540","https:\/\/www.instagram.com\/bbqentertainmentncatering\/","https:\/\/www.youtube.com\/channel\/UCmpuANQVhLy2Md8nrenp2jA"]}]}},"_links":{"self":[{"href":"https:\/\/bbqentertainment.com\/en\/wp-json\/wp\/v2\/product\/241014","targetHints":{"allow":["GET"]}}],"collection":[{"href":"https:\/\/bbqentertainment.com\/en\/wp-json\/wp\/v2\/product"}],"about":[{"href":"https:\/\/bbqentertainment.com\/en\/wp-json\/wp\/v2\/types\/product"}],"wp:featuredmedia":[{"embeddable":true,"href":"https:\/\/bbqentertainment.com\/en\/wp-json\/wp\/v2\/media\/241019"}],"wp:attachment":[{"href":"https:\/\/bbqentertainment.com\/en\/wp-json\/wp\/v2\/media?parent=241014"}],"wp:term":[{"taxonomy":"product_brand","embeddable":true,"href":"https:\/\/bbqentertainment.com\/en\/wp-json\/wp\/v2\/product_brand?post=241014"},{"taxonomy":"product_cat","embeddable":true,"href":"https:\/\/bbqentertainment.com\/en\/wp-json\/wp\/v2\/product_cat?post=241014"},{"taxonomy":"product_tag","embeddable":true,"href":"https:\/\/bbqentertainment.com\/en\/wp-json\/wp\/v2\/product_tag?post=241014"}],"curies":[{"name":"wp","href":"https:\/\/api.w.org\/{rel}","templated":true}]}}