{"id":241047,"date":"2023-03-05T16:39:41","date_gmt":"2023-03-05T14:39:41","guid":{"rendered":"https:\/\/bbqentertainment.com\/?post_type=product&#038;p=241047"},"modified":"2026-04-14T20:51:03","modified_gmt":"2026-04-14T17:51:03","slug":"pelletgrill-traeger-pro-22","status":"publish","type":"product","link":"https:\/\/bbqentertainment.com\/en\/toode\/pelletgrill-traeger-pro-22\/","title":{"rendered":"Pelletgrill TRAEGER PRO 22"},"content":{"rendered":"<p>Traegeri 22 tolline kultusgrill kogu oma headuses. T\u00f5eline retromasin. Aastatepikkune m\u00fc\u00fcgiperiood on n\u00e4idanud, et tegu on \u00e4\u00e4rmiselt vastupidava mudeliga. \u00dclilihtne juhtpaneel, tugev korpus ja lihtne hooldus teevad sellest t\u00f5elise kodumasina pikkadeks aastateks. T\u00fcnnikujuline k\u00fcpsetuskamber on valmistatud pulberv\u00e4rvitud kvaliteetterasest, mis oma kuju t\u00f5ttu tagab ideaalse soojuse ja suitsu jaotuse kogu grilli ulatuses. T\u00e4nu sellele k\u00fcpsetavad kahel tasandil olevad emailitud terasest restid v\u00f5rdselt m\u00f5lemal tasapinnal. Juhtpaneelilt saab seadistada temperatuuri ja valida grillimise l\u00f5petamiseks kustutusre\u017eiimi. Grilliga kaasas on kaks liha sisetemperatuuri j\u00e4lgimise sondi. \u00dcks kord \u201cProbe\u201d nupule vajutades, n\u00e4ed esimese sondi temperatuuri, kaks korda vajutades teise sondi temperatuuri. Viimseni timmitud grillitemperatuuri tasakaal ja digitaalne juhtimiss\u00fcsteem tagavad maitsva l\u00f5pptulemuse. Pelletite t\u00fchjendusluugi kaudu saad p\u00f5lenud pelletid kiiresti eemaldada.<\/p>\n<p>\u2013 Pelletipunkri maht 8 kg<br \/>\n\u2013 Grillimisala pindala 3690 cm\u00b2<br \/>\n\u2013 Esimene grillrest 56 x 48 cm<br \/>\n\u2013 Teine, \u00fclemine grillrest 56 x 18 cm<br \/>\n\u2013 Kaks liha sisetemperatuuri j\u00e4lgimise sondi<br \/>\n\u2013 Rasva\u00e4mber \u00fcleliigse rasvakorjeks<br \/>\n\u2013 Kaldplaat rasva \u00e4rajuhtimiseks (kata fooliumiga)<br \/>\n\u2013 M\u00f5\u00f5tmed 104 x 69 x 124 cm<br \/>\n\u2013 Kaal 47 kg<\/p>\n<p><strong>VIDEO:\u00a0<\/strong><a href=\"https:\/\/www.youtube.com\/watch?v=pSb6kOzC5J8\">https:\/\/www.youtube.com\/watch?v=pSb6kOzC5J8<\/a><\/p>\n","protected":false},"excerpt":{"rendered":"<h3><span style=\"color: #000000\"><strong>Pelletgrill TRAEGER PRO 22<\/strong><\/span><\/h3>\n<ul>\n<li><strong><span style=\"color: #000000\"><span style=\"font-size: 14.399999px\">K\u00fcsi eripakkumist! Kirjuta enn@bbqentertainment.com v\u00f5i helista 5165581<\/span><\/span><\/strong><\/li>\n<li><span style=\"color: #000000\">Traeger PRO 22 pelletgrill on maailmas enimm\u00fc\u00fcdud pelletgrill, mis on oma kvaliteedilt ja vastupidavuselt t\u00f5eline pelletgrillide etalontoode. T\u00f5eline retromasin. Aastatepikkune m\u00fc\u00fcgiperiood on n\u00e4idanud, et tegu on \u00e4\u00e4rmiselt vastupidava mudeliga.<\/span><\/li>\n<li><span style=\"color: #000000\">\u00dclilihtne juhtpaneel, tugev korpus ja lihtne hooldus teevad sellest t\u00f5elise kodumasina pikkadeks aastateks. T\u00fcnnikujuline k\u00fcpsetuskamber on valmistatud pulberv\u00e4rvitud kvaliteetterasest, mis oma kuju t\u00f5ttu tagab ideaalse soojuse ja suitsu jaotuse kogu grilli ulatuses. T\u00e4nu sellele k\u00fcpsetavad kahel tasandil olevad emailitud terasest restid v\u00f5rdselt m\u00f5lemal tasapinnal.<\/span><\/li>\n<li><span style=\"font-size: 14.399999px;color: #000000\">Juhtpaneelilt saab seadistada temperatuuri ja valida grillimise l\u00f5petamiseks kustutusre\u017eiimi. Grilliga kaasas on kaks liha sisetemperatuuri j\u00e4lgimise sondi. \u00dcks kord \u201cProbe\u201d nupule vajutades, n\u00e4ed esimese sondi temperatuuri, kaks korda vajutades teise sondi temperatuuri.<\/span><\/li>\n<li><span style=\"font-size: 14.399999px;color: #000000\">Viimseni timmitud grillitemperatuuri tasakaal ja digitaalne juhtimiss\u00fcsteem tagavad maitsva l\u00f5pptulemuse. Pelletite t\u00fchjendusluugi kaudu saad p\u00f5lenud pelletid kiiresti eemaldada.<\/span><\/li>\n<\/ul>\n<p><span style=\"color: #000000\"><span style=\"text-decoration: underline\">Tehnilised andmed<\/span>:<\/span><\/p>\n<ul>\n<li><span style=\"color: #000000\">K\u00fcpsetuspind: 3690 cm\u00b2<\/span><\/li>\n<li><span style=\"color: #000000\">Grillimispind: 56 x 45 cm ja 56 x 18 cm<\/span><\/li>\n<li><span style=\"color: #000000\">Grilli m\u00f5\u00f5dud: 104 x 69 x 124 cm<\/span><\/li>\n<li><span style=\"color: #000000\">T\u00fcnni l\u00e4bim\u00f5\u00f5t: 55,8 cm<\/span><\/li>\n<\/ul>\n","protected":false},"featured_media":241025,"template":"","meta":{"inline_featured_image":false},"product_brand":[],"product_cat":[17,476],"product_tag":[],"class_list":{"0":"post-241047","1":"product","2":"type-product","3":"status-publish","4":"has-post-thumbnail","6":"product_cat-grillid-ja-ahjud","7":"product_cat-traeger","8":"product_shipping_class-ainult-ise-jarele-tulemisega","10":"first","11":"instock","12":"taxable","13":"shipping-taxable","14":"purchasable","15":"product-type-simple"},"yoast_head":"<!-- This site is optimized with the Yoast SEO plugin v27.2 - https:\/\/yoast.com\/product\/yoast-seo-wordpress\/ -->\n<title>Pelletgrill TRAEGER PRO 22 - BBQ Entertainment<\/title>\n<meta name=\"robots\" content=\"index, follow, max-snippet:-1, max-image-preview:large, max-video-preview:-1\" \/>\n<link rel=\"canonical\" href=\"https:\/\/bbqentertainment.com\/toode\/pelletgrill-traeger-pro-22\/\" \/>\n<meta property=\"og:locale\" content=\"en_US\" \/>\n<meta property=\"og:type\" content=\"article\" \/>\n<meta property=\"og:title\" content=\"Pelletgrill TRAEGER PRO 22 - BBQ Entertainment\" \/>\n<meta property=\"og:description\" content=\"Pelletgrill TRAEGER PRO 22   K\u00fcsi eripakkumist! Kirjuta enn@bbqentertainment.com v\u00f5i helista 5165581  Traeger PRO 22 pelletgrill on maailmas enimm\u00fc\u00fcdud pelletgrill, mis on oma kvaliteedilt ja vastupidavuselt t\u00f5eline pelletgrillide etalontoode. T\u00f5eline retromasin. Aastatepikkune m\u00fc\u00fcgiperiood on n\u00e4idanud, et tegu on \u00e4\u00e4rmiselt vastupidava mudeliga.  \u00dclilihtne juhtpaneel, tugev korpus ja lihtne hooldus teevad sellest t\u00f5elise kodumasina pikkadeks aastateks. T\u00fcnnikujuline k\u00fcpsetuskamber on valmistatud pulberv\u00e4rvitud kvaliteetterasest, mis oma kuju t\u00f5ttu tagab ideaalse soojuse ja suitsu jaotuse kogu grilli ulatuses. T\u00e4nu sellele k\u00fcpsetavad kahel tasandil olevad emailitud terasest restid v\u00f5rdselt m\u00f5lemal tasapinnal.  Juhtpaneelilt saab seadistada temperatuuri ja valida grillimise l\u00f5petamiseks kustutusre\u017eiimi. Grilliga kaasas on kaks liha sisetemperatuuri j\u00e4lgimise sondi. \u00dcks kord \u201cProbe\u201d nupule vajutades, n\u00e4ed esimese sondi temperatuuri, kaks korda vajutades teise sondi temperatuuri.  Viimseni timmitud grillitemperatuuri tasakaal ja digitaalne juhtimiss\u00fcsteem tagavad maitsva l\u00f5pptulemuse. Pelletite t\u00fchjendusluugi kaudu saad p\u00f5lenud pelletid kiiresti eemaldada.  Tehnilised andmed:   K\u00fcpsetuspind: 3690 cm\u00b2  Grillimispind: 56 x 45 cm ja 56 x 18 cm  Grilli m\u00f5\u00f5dud: 104 x 69 x 124 cm  T\u00fcnni l\u00e4bim\u00f5\u00f5t: 55,8 cm\" \/>\n<meta property=\"og:url\" content=\"https:\/\/bbqentertainment.com\/toode\/pelletgrill-traeger-pro-22\/\" \/>\n<meta property=\"og:site_name\" content=\"BBQ Entertainment\" \/>\n<meta property=\"article:publisher\" content=\"https:\/\/www.facebook.com\/BBQ-Entertainment-N-Catering-2437913376443540\" \/>\n<meta property=\"article:modified_time\" content=\"2026-04-14T17:51:03+00:00\" \/>\n<meta property=\"og:image\" content=\"https:\/\/bbqentertainment.com\/wp-content\/uploads\/2023\/03\/TFB57PUBE-Pelletgrill-TRAEGER-PRO-22.jpg\" \/>\n\t<meta property=\"og:image:width\" content=\"1200\" \/>\n\t<meta property=\"og:image:height\" content=\"1200\" \/>\n\t<meta property=\"og:image:type\" content=\"image\/jpeg\" \/>\n<meta name=\"twitter:card\" content=\"summary_large_image\" \/>\n<meta name=\"twitter:label1\" content=\"Est. reading time\" \/>\n\t<meta name=\"twitter:data1\" content=\"2 minutes\" \/>\n<script type=\"application\/ld+json\" class=\"yoast-schema-graph\">{\"@context\":\"https:\/\/schema.org\",\"@graph\":[{\"@type\":[\"WebPage\",\"ItemPage\"],\"@id\":\"https:\/\/bbqentertainment.com\/toode\/pelletgrill-traeger-pro-22\/\",\"url\":\"https:\/\/bbqentertainment.com\/toode\/pelletgrill-traeger-pro-22\/\",\"name\":\"Pelletgrill TRAEGER PRO 22 - BBQ Entertainment\",\"isPartOf\":{\"@id\":\"https:\/\/bbqentertainment.com\/#website\"},\"primaryImageOfPage\":{\"@id\":\"https:\/\/bbqentertainment.com\/toode\/pelletgrill-traeger-pro-22\/#primaryimage\"},\"image\":{\"@id\":\"https:\/\/bbqentertainment.com\/toode\/pelletgrill-traeger-pro-22\/#primaryimage\"},\"thumbnailUrl\":\"https:\/\/bbqentertainment.com\/wp-content\/uploads\/2023\/03\/TFB57PUBE-Pelletgrill-TRAEGER-PRO-22.jpg\",\"datePublished\":\"2023-03-05T14:39:41+00:00\",\"dateModified\":\"2026-04-14T17:51:03+00:00\",\"breadcrumb\":{\"@id\":\"https:\/\/bbqentertainment.com\/toode\/pelletgrill-traeger-pro-22\/#breadcrumb\"},\"inLanguage\":\"en-US\",\"potentialAction\":[{\"@type\":\"ReadAction\",\"target\":[\"https:\/\/bbqentertainment.com\/toode\/pelletgrill-traeger-pro-22\/\"]}]},{\"@type\":\"ImageObject\",\"inLanguage\":\"en-US\",\"@id\":\"https:\/\/bbqentertainment.com\/toode\/pelletgrill-traeger-pro-22\/#primaryimage\",\"url\":\"https:\/\/bbqentertainment.com\/wp-content\/uploads\/2023\/03\/TFB57PUBE-Pelletgrill-TRAEGER-PRO-22.jpg\",\"contentUrl\":\"https:\/\/bbqentertainment.com\/wp-content\/uploads\/2023\/03\/TFB57PUBE-Pelletgrill-TRAEGER-PRO-22.jpg\",\"width\":1200,\"height\":1200},{\"@type\":\"BreadcrumbList\",\"@id\":\"https:\/\/bbqentertainment.com\/toode\/pelletgrill-traeger-pro-22\/#breadcrumb\",\"itemListElement\":[{\"@type\":\"ListItem\",\"position\":1,\"name\":\"AVALEHT\",\"item\":\"https:\/\/bbqentertainment.com\/en\/\"},{\"@type\":\"ListItem\",\"position\":2,\"name\":\"Tooted\",\"item\":\"https:\/\/bbqentertainment.com\/tooted\/\"},{\"@type\":\"ListItem\",\"position\":3,\"name\":\"Grillid ja ahjud\",\"item\":\"https:\/\/bbqentertainment.com\/tootekategooria\/grillid-ja-ahjud\/\"},{\"@type\":\"ListItem\",\"position\":4,\"name\":\"TRAEGER\",\"item\":\"https:\/\/bbqentertainment.com\/tootekategooria\/grillid-ja-ahjud\/traeger\/\"},{\"@type\":\"ListItem\",\"position\":5,\"name\":\"Pelletgrill TRAEGER PRO 22\"}]},{\"@type\":\"WebSite\",\"@id\":\"https:\/\/bbqentertainment.com\/#website\",\"url\":\"https:\/\/bbqentertainment.com\/\",\"name\":\"BBQ Entertainment\",\"description\":\"BBQ is a great lifestyle, not just fun!\",\"publisher\":{\"@id\":\"https:\/\/bbqentertainment.com\/#organization\"},\"potentialAction\":[{\"@type\":\"SearchAction\",\"target\":{\"@type\":\"EntryPoint\",\"urlTemplate\":\"https:\/\/bbqentertainment.com\/?s={search_term_string}\"},\"query-input\":{\"@type\":\"PropertyValueSpecification\",\"valueRequired\":true,\"valueName\":\"search_term_string\"}}],\"inLanguage\":\"en-US\"},{\"@type\":\"Organization\",\"@id\":\"https:\/\/bbqentertainment.com\/#organization\",\"name\":\"BBQ Entertainment O\u00dc\",\"url\":\"https:\/\/bbqentertainment.com\/\",\"logo\":{\"@type\":\"ImageObject\",\"inLanguage\":\"en-US\",\"@id\":\"https:\/\/bbqentertainment.com\/#\/schema\/logo\/image\/\",\"url\":\"https:\/\/bbqentertainment.com\/wp-content\/uploads\/2020\/04\/BBQ-Entertainment-N-Catering-Enn-Tobreluts-Logo.png\",\"contentUrl\":\"https:\/\/bbqentertainment.com\/wp-content\/uploads\/2020\/04\/BBQ-Entertainment-N-Catering-Enn-Tobreluts-Logo.png\",\"width\":628,\"height\":266,\"caption\":\"BBQ Entertainment O\u00dc\"},\"image\":{\"@id\":\"https:\/\/bbqentertainment.com\/#\/schema\/logo\/image\/\"},\"sameAs\":[\"https:\/\/www.facebook.com\/BBQ-Entertainment-N-Catering-2437913376443540\",\"https:\/\/www.instagram.com\/bbqentertainmentncatering\/\",\"https:\/\/www.youtube.com\/channel\/UCmpuANQVhLy2Md8nrenp2jA\"]}]}<\/script>\n<!-- \/ Yoast SEO plugin. -->","yoast_head_json":{"title":"Pelletgrill TRAEGER PRO 22 - BBQ Entertainment","robots":{"index":"index","follow":"follow","max-snippet":"max-snippet:-1","max-image-preview":"max-image-preview:large","max-video-preview":"max-video-preview:-1"},"canonical":"https:\/\/bbqentertainment.com\/toode\/pelletgrill-traeger-pro-22\/","og_locale":"en_US","og_type":"article","og_title":"Pelletgrill TRAEGER PRO 22 - BBQ Entertainment","og_description":"Pelletgrill TRAEGER PRO 22   K\u00fcsi eripakkumist! Kirjuta enn@bbqentertainment.com v\u00f5i helista 5165581  Traeger PRO 22 pelletgrill on maailmas enimm\u00fc\u00fcdud pelletgrill, mis on oma kvaliteedilt ja vastupidavuselt t\u00f5eline pelletgrillide etalontoode. T\u00f5eline retromasin. Aastatepikkune m\u00fc\u00fcgiperiood on n\u00e4idanud, et tegu on \u00e4\u00e4rmiselt vastupidava mudeliga.  \u00dclilihtne juhtpaneel, tugev korpus ja lihtne hooldus teevad sellest t\u00f5elise kodumasina pikkadeks aastateks. T\u00fcnnikujuline k\u00fcpsetuskamber on valmistatud pulberv\u00e4rvitud kvaliteetterasest, mis oma kuju t\u00f5ttu tagab ideaalse soojuse ja suitsu jaotuse kogu grilli ulatuses. T\u00e4nu sellele k\u00fcpsetavad kahel tasandil olevad emailitud terasest restid v\u00f5rdselt m\u00f5lemal tasapinnal.  Juhtpaneelilt saab seadistada temperatuuri ja valida grillimise l\u00f5petamiseks kustutusre\u017eiimi. Grilliga kaasas on kaks liha sisetemperatuuri j\u00e4lgimise sondi. \u00dcks kord \u201cProbe\u201d nupule vajutades, n\u00e4ed esimese sondi temperatuuri, kaks korda vajutades teise sondi temperatuuri.  Viimseni timmitud grillitemperatuuri tasakaal ja digitaalne juhtimiss\u00fcsteem tagavad maitsva l\u00f5pptulemuse. Pelletite t\u00fchjendusluugi kaudu saad p\u00f5lenud pelletid kiiresti eemaldada.  Tehnilised andmed:   K\u00fcpsetuspind: 3690 cm\u00b2  Grillimispind: 56 x 45 cm ja 56 x 18 cm  Grilli m\u00f5\u00f5dud: 104 x 69 x 124 cm  T\u00fcnni l\u00e4bim\u00f5\u00f5t: 55,8 cm","og_url":"https:\/\/bbqentertainment.com\/toode\/pelletgrill-traeger-pro-22\/","og_site_name":"BBQ Entertainment","article_publisher":"https:\/\/www.facebook.com\/BBQ-Entertainment-N-Catering-2437913376443540","article_modified_time":"2026-04-14T17:51:03+00:00","og_image":[{"width":1200,"height":1200,"url":"https:\/\/bbqentertainment.com\/wp-content\/uploads\/2023\/03\/TFB57PUBE-Pelletgrill-TRAEGER-PRO-22.jpg","type":"image\/jpeg"}],"twitter_card":"summary_large_image","twitter_misc":{"Est. reading time":"2 minutes"},"schema":{"@context":"https:\/\/schema.org","@graph":[{"@type":["WebPage","ItemPage"],"@id":"https:\/\/bbqentertainment.com\/toode\/pelletgrill-traeger-pro-22\/","url":"https:\/\/bbqentertainment.com\/toode\/pelletgrill-traeger-pro-22\/","name":"Pelletgrill TRAEGER PRO 22 - BBQ Entertainment","isPartOf":{"@id":"https:\/\/bbqentertainment.com\/#website"},"primaryImageOfPage":{"@id":"https:\/\/bbqentertainment.com\/toode\/pelletgrill-traeger-pro-22\/#primaryimage"},"image":{"@id":"https:\/\/bbqentertainment.com\/toode\/pelletgrill-traeger-pro-22\/#primaryimage"},"thumbnailUrl":"https:\/\/bbqentertainment.com\/wp-content\/uploads\/2023\/03\/TFB57PUBE-Pelletgrill-TRAEGER-PRO-22.jpg","datePublished":"2023-03-05T14:39:41+00:00","dateModified":"2026-04-14T17:51:03+00:00","breadcrumb":{"@id":"https:\/\/bbqentertainment.com\/toode\/pelletgrill-traeger-pro-22\/#breadcrumb"},"inLanguage":"en-US","potentialAction":[{"@type":"ReadAction","target":["https:\/\/bbqentertainment.com\/toode\/pelletgrill-traeger-pro-22\/"]}]},{"@type":"ImageObject","inLanguage":"en-US","@id":"https:\/\/bbqentertainment.com\/toode\/pelletgrill-traeger-pro-22\/#primaryimage","url":"https:\/\/bbqentertainment.com\/wp-content\/uploads\/2023\/03\/TFB57PUBE-Pelletgrill-TRAEGER-PRO-22.jpg","contentUrl":"https:\/\/bbqentertainment.com\/wp-content\/uploads\/2023\/03\/TFB57PUBE-Pelletgrill-TRAEGER-PRO-22.jpg","width":1200,"height":1200},{"@type":"BreadcrumbList","@id":"https:\/\/bbqentertainment.com\/toode\/pelletgrill-traeger-pro-22\/#breadcrumb","itemListElement":[{"@type":"ListItem","position":1,"name":"AVALEHT","item":"https:\/\/bbqentertainment.com\/en\/"},{"@type":"ListItem","position":2,"name":"Tooted","item":"https:\/\/bbqentertainment.com\/tooted\/"},{"@type":"ListItem","position":3,"name":"Grillid ja ahjud","item":"https:\/\/bbqentertainment.com\/tootekategooria\/grillid-ja-ahjud\/"},{"@type":"ListItem","position":4,"name":"TRAEGER","item":"https:\/\/bbqentertainment.com\/tootekategooria\/grillid-ja-ahjud\/traeger\/"},{"@type":"ListItem","position":5,"name":"Pelletgrill TRAEGER PRO 22"}]},{"@type":"WebSite","@id":"https:\/\/bbqentertainment.com\/#website","url":"https:\/\/bbqentertainment.com\/","name":"BBQ Entertainment","description":"BBQ is a great lifestyle, not just fun!","publisher":{"@id":"https:\/\/bbqentertainment.com\/#organization"},"potentialAction":[{"@type":"SearchAction","target":{"@type":"EntryPoint","urlTemplate":"https:\/\/bbqentertainment.com\/?s={search_term_string}"},"query-input":{"@type":"PropertyValueSpecification","valueRequired":true,"valueName":"search_term_string"}}],"inLanguage":"en-US"},{"@type":"Organization","@id":"https:\/\/bbqentertainment.com\/#organization","name":"BBQ Entertainment O\u00dc","url":"https:\/\/bbqentertainment.com\/","logo":{"@type":"ImageObject","inLanguage":"en-US","@id":"https:\/\/bbqentertainment.com\/#\/schema\/logo\/image\/","url":"https:\/\/bbqentertainment.com\/wp-content\/uploads\/2020\/04\/BBQ-Entertainment-N-Catering-Enn-Tobreluts-Logo.png","contentUrl":"https:\/\/bbqentertainment.com\/wp-content\/uploads\/2020\/04\/BBQ-Entertainment-N-Catering-Enn-Tobreluts-Logo.png","width":628,"height":266,"caption":"BBQ Entertainment O\u00dc"},"image":{"@id":"https:\/\/bbqentertainment.com\/#\/schema\/logo\/image\/"},"sameAs":["https:\/\/www.facebook.com\/BBQ-Entertainment-N-Catering-2437913376443540","https:\/\/www.instagram.com\/bbqentertainmentncatering\/","https:\/\/www.youtube.com\/channel\/UCmpuANQVhLy2Md8nrenp2jA"]}]}},"_links":{"self":[{"href":"https:\/\/bbqentertainment.com\/en\/wp-json\/wp\/v2\/product\/241047","targetHints":{"allow":["GET"]}}],"collection":[{"href":"https:\/\/bbqentertainment.com\/en\/wp-json\/wp\/v2\/product"}],"about":[{"href":"https:\/\/bbqentertainment.com\/en\/wp-json\/wp\/v2\/types\/product"}],"wp:featuredmedia":[{"embeddable":true,"href":"https:\/\/bbqentertainment.com\/en\/wp-json\/wp\/v2\/media\/241025"}],"wp:attachment":[{"href":"https:\/\/bbqentertainment.com\/en\/wp-json\/wp\/v2\/media?parent=241047"}],"wp:term":[{"taxonomy":"product_brand","embeddable":true,"href":"https:\/\/bbqentertainment.com\/en\/wp-json\/wp\/v2\/product_brand?post=241047"},{"taxonomy":"product_cat","embeddable":true,"href":"https:\/\/bbqentertainment.com\/en\/wp-json\/wp\/v2\/product_cat?post=241047"},{"taxonomy":"product_tag","embeddable":true,"href":"https:\/\/bbqentertainment.com\/en\/wp-json\/wp\/v2\/product_tag?post=241047"}],"curies":[{"name":"wp","href":"https:\/\/api.w.org\/{rel}","templated":true}]}}