{"id":241052,"date":"2023-03-05T17:19:20","date_gmt":"2023-03-05T15:19:20","guid":{"rendered":"https:\/\/bbqentertainment.com\/?post_type=product&#038;p=241052"},"modified":"2025-07-25T13:45:35","modified_gmt":"2025-07-25T10:45:35","slug":"traeger-grill-labidas-spaatel-xxl","status":"publish","type":"product","link":"https:\/\/bbqentertainment.com\/en\/toode\/traeger-grill-labidas-spaatel-xxl\/","title":{"rendered":"TRAEGER grill-labidas\/spaatel XXL"},"content":{"rendered":"","protected":false},"excerpt":{"rendered":"<h3><span style=\"color: #000000;\"><strong>TRAEGER grill-labidas\/spaatel XXL<\/strong><\/span><\/h3>\n<ul>\n<li><span style=\"color: #000000;\">Suurema grilltoidu liigutamiseks ideaalne abimees!<\/span><\/li>\n<li><span style=\"color: #000000;\">Massiivne pind ja tugev\/ilus tiigipuust k\u00e4epide tagab turvalise suurte liha- v\u00f5i kalat\u00fckkide t\u00f5stmise.<\/span><\/li>\n<li><span style=\"color: #000000; font-size: 14.399999px;\">Roostevabast terasest konstruktsioon vastupidavuse tagamiseks, kaldus serv lihtsaks \u00fcmberp\u00f6\u00f6ramiseks, mugav nahast aas riputamiseks.<\/span><\/li>\n<li><span style=\"color: #000000; font-size: 14.399999px;\">15 x 25 cm labida pinda.\u00a0<\/span><span style=\"color: #000000; font-size: 14.399999px;\">Soovitame k\u00e4sitsi pesu!<\/span><\/li>\n<\/ul>\n","protected":false},"featured_media":241043,"template":"","meta":{"inline_featured_image":false},"product_brand":[],"product_cat":[476,92,479],"product_tag":[],"class_list":{"0":"post-241052","1":"product","2":"type-product","3":"status-publish","4":"has-post-thumbnail","6":"product_cat-traeger","7":"product_cat-lisatarvikud","8":"product_cat-grillitarvikud","10":"first","11":"instock","12":"taxable","13":"shipping-taxable","14":"purchasable","15":"product-type-simple"},"yoast_head":"<!-- This site is optimized with the Yoast SEO plugin v27.2 - https:\/\/yoast.com\/product\/yoast-seo-wordpress\/ -->\n<title>TRAEGER grill-labidas\/spaatel XXL - BBQ Entertainment<\/title>\n<meta name=\"robots\" content=\"index, follow, max-snippet:-1, max-image-preview:large, max-video-preview:-1\" \/>\n<link rel=\"canonical\" href=\"https:\/\/bbqentertainment.com\/toode\/traeger-grill-labidas-spaatel-xxl\/\" \/>\n<meta property=\"og:locale\" content=\"en_US\" \/>\n<meta property=\"og:type\" content=\"article\" \/>\n<meta property=\"og:title\" content=\"TRAEGER grill-labidas\/spaatel XXL - BBQ Entertainment\" \/>\n<meta property=\"og:description\" content=\"TRAEGER grill-labidas\/spaatel XXL   Suurema grilltoidu liigutamiseks ideaalne abimees!  Massiivne pind ja tugev\/ilus tiigipuust k\u00e4epide tagab turvalise suurte liha- v\u00f5i kalat\u00fckkide t\u00f5stmise.  Roostevabast terasest konstruktsioon vastupidavuse tagamiseks, kaldus serv lihtsaks \u00fcmberp\u00f6\u00f6ramiseks, mugav nahast aas riputamiseks.  15 x 25 cm labida pinda.\u00a0Soovitame k\u00e4sitsi pesu!\" \/>\n<meta property=\"og:url\" content=\"https:\/\/bbqentertainment.com\/toode\/traeger-grill-labidas-spaatel-xxl\/\" \/>\n<meta property=\"og:site_name\" content=\"BBQ Entertainment\" \/>\n<meta property=\"article:publisher\" content=\"https:\/\/www.facebook.com\/BBQ-Entertainment-N-Catering-2437913376443540\" \/>\n<meta property=\"article:modified_time\" content=\"2025-07-25T10:45:35+00:00\" \/>\n<meta property=\"og:image\" content=\"https:\/\/bbqentertainment.com\/wp-content\/uploads\/2023\/03\/BAC532TRAEGER-grill-labidasspaatel-XXL.jpg\" \/>\n\t<meta property=\"og:image:width\" content=\"1200\" \/>\n\t<meta property=\"og:image:height\" content=\"1200\" \/>\n\t<meta property=\"og:image:type\" content=\"image\/jpeg\" \/>\n<meta name=\"twitter:card\" content=\"summary_large_image\" \/>\n<script type=\"application\/ld+json\" class=\"yoast-schema-graph\">{\"@context\":\"https:\/\/schema.org\",\"@graph\":[{\"@type\":[\"WebPage\",\"ItemPage\"],\"@id\":\"https:\/\/bbqentertainment.com\/toode\/traeger-grill-labidas-spaatel-xxl\/\",\"url\":\"https:\/\/bbqentertainment.com\/toode\/traeger-grill-labidas-spaatel-xxl\/\",\"name\":\"TRAEGER grill-labidas\/spaatel XXL - BBQ Entertainment\",\"isPartOf\":{\"@id\":\"https:\/\/bbqentertainment.com\/#website\"},\"primaryImageOfPage\":{\"@id\":\"https:\/\/bbqentertainment.com\/toode\/traeger-grill-labidas-spaatel-xxl\/#primaryimage\"},\"image\":{\"@id\":\"https:\/\/bbqentertainment.com\/toode\/traeger-grill-labidas-spaatel-xxl\/#primaryimage\"},\"thumbnailUrl\":\"https:\/\/bbqentertainment.com\/wp-content\/uploads\/2023\/03\/BAC532TRAEGER-grill-labidasspaatel-XXL.jpg\",\"datePublished\":\"2023-03-05T15:19:20+00:00\",\"dateModified\":\"2025-07-25T10:45:35+00:00\",\"breadcrumb\":{\"@id\":\"https:\/\/bbqentertainment.com\/toode\/traeger-grill-labidas-spaatel-xxl\/#breadcrumb\"},\"inLanguage\":\"en-US\",\"potentialAction\":[{\"@type\":\"ReadAction\",\"target\":[\"https:\/\/bbqentertainment.com\/toode\/traeger-grill-labidas-spaatel-xxl\/\"]}]},{\"@type\":\"ImageObject\",\"inLanguage\":\"en-US\",\"@id\":\"https:\/\/bbqentertainment.com\/toode\/traeger-grill-labidas-spaatel-xxl\/#primaryimage\",\"url\":\"https:\/\/bbqentertainment.com\/wp-content\/uploads\/2023\/03\/BAC532TRAEGER-grill-labidasspaatel-XXL.jpg\",\"contentUrl\":\"https:\/\/bbqentertainment.com\/wp-content\/uploads\/2023\/03\/BAC532TRAEGER-grill-labidasspaatel-XXL.jpg\",\"width\":1200,\"height\":1200},{\"@type\":\"BreadcrumbList\",\"@id\":\"https:\/\/bbqentertainment.com\/toode\/traeger-grill-labidas-spaatel-xxl\/#breadcrumb\",\"itemListElement\":[{\"@type\":\"ListItem\",\"position\":1,\"name\":\"AVALEHT\",\"item\":\"https:\/\/bbqentertainment.com\/en\/\"},{\"@type\":\"ListItem\",\"position\":2,\"name\":\"Tooted\",\"item\":\"https:\/\/bbqentertainment.com\/tooted\/\"},{\"@type\":\"ListItem\",\"position\":3,\"name\":\"Grillid ja ahjud\",\"item\":\"https:\/\/bbqentertainment.com\/tootekategooria\/grillid-ja-ahjud\/\"},{\"@type\":\"ListItem\",\"position\":4,\"name\":\"TRAEGER\",\"item\":\"https:\/\/bbqentertainment.com\/tootekategooria\/grillid-ja-ahjud\/traeger\/\"},{\"@type\":\"ListItem\",\"position\":5,\"name\":\"TRAEGER grill-labidas\/spaatel XXL\"}]},{\"@type\":\"WebSite\",\"@id\":\"https:\/\/bbqentertainment.com\/#website\",\"url\":\"https:\/\/bbqentertainment.com\/\",\"name\":\"BBQ Entertainment\",\"description\":\"BBQ is a great lifestyle, not just fun!\",\"publisher\":{\"@id\":\"https:\/\/bbqentertainment.com\/#organization\"},\"potentialAction\":[{\"@type\":\"SearchAction\",\"target\":{\"@type\":\"EntryPoint\",\"urlTemplate\":\"https:\/\/bbqentertainment.com\/?s={search_term_string}\"},\"query-input\":{\"@type\":\"PropertyValueSpecification\",\"valueRequired\":true,\"valueName\":\"search_term_string\"}}],\"inLanguage\":\"en-US\"},{\"@type\":\"Organization\",\"@id\":\"https:\/\/bbqentertainment.com\/#organization\",\"name\":\"BBQ Entertainment O\u00dc\",\"url\":\"https:\/\/bbqentertainment.com\/\",\"logo\":{\"@type\":\"ImageObject\",\"inLanguage\":\"en-US\",\"@id\":\"https:\/\/bbqentertainment.com\/#\/schema\/logo\/image\/\",\"url\":\"https:\/\/bbqentertainment.com\/wp-content\/uploads\/2020\/04\/BBQ-Entertainment-N-Catering-Enn-Tobreluts-Logo.png\",\"contentUrl\":\"https:\/\/bbqentertainment.com\/wp-content\/uploads\/2020\/04\/BBQ-Entertainment-N-Catering-Enn-Tobreluts-Logo.png\",\"width\":628,\"height\":266,\"caption\":\"BBQ Entertainment O\u00dc\"},\"image\":{\"@id\":\"https:\/\/bbqentertainment.com\/#\/schema\/logo\/image\/\"},\"sameAs\":[\"https:\/\/www.facebook.com\/BBQ-Entertainment-N-Catering-2437913376443540\",\"https:\/\/www.instagram.com\/bbqentertainmentncatering\/\",\"https:\/\/www.youtube.com\/channel\/UCmpuANQVhLy2Md8nrenp2jA\"]}]}<\/script>\n<!-- \/ Yoast SEO plugin. -->","yoast_head_json":{"title":"TRAEGER grill-labidas\/spaatel XXL - BBQ Entertainment","robots":{"index":"index","follow":"follow","max-snippet":"max-snippet:-1","max-image-preview":"max-image-preview:large","max-video-preview":"max-video-preview:-1"},"canonical":"https:\/\/bbqentertainment.com\/toode\/traeger-grill-labidas-spaatel-xxl\/","og_locale":"en_US","og_type":"article","og_title":"TRAEGER grill-labidas\/spaatel XXL - BBQ Entertainment","og_description":"TRAEGER grill-labidas\/spaatel XXL   Suurema grilltoidu liigutamiseks ideaalne abimees!  Massiivne pind ja tugev\/ilus tiigipuust k\u00e4epide tagab turvalise suurte liha- v\u00f5i kalat\u00fckkide t\u00f5stmise.  Roostevabast terasest konstruktsioon vastupidavuse tagamiseks, kaldus serv lihtsaks \u00fcmberp\u00f6\u00f6ramiseks, mugav nahast aas riputamiseks.  15 x 25 cm labida pinda.\u00a0Soovitame k\u00e4sitsi pesu!","og_url":"https:\/\/bbqentertainment.com\/toode\/traeger-grill-labidas-spaatel-xxl\/","og_site_name":"BBQ Entertainment","article_publisher":"https:\/\/www.facebook.com\/BBQ-Entertainment-N-Catering-2437913376443540","article_modified_time":"2025-07-25T10:45:35+00:00","og_image":[{"width":1200,"height":1200,"url":"https:\/\/bbqentertainment.com\/wp-content\/uploads\/2023\/03\/BAC532TRAEGER-grill-labidasspaatel-XXL.jpg","type":"image\/jpeg"}],"twitter_card":"summary_large_image","schema":{"@context":"https:\/\/schema.org","@graph":[{"@type":["WebPage","ItemPage"],"@id":"https:\/\/bbqentertainment.com\/toode\/traeger-grill-labidas-spaatel-xxl\/","url":"https:\/\/bbqentertainment.com\/toode\/traeger-grill-labidas-spaatel-xxl\/","name":"TRAEGER grill-labidas\/spaatel XXL - BBQ Entertainment","isPartOf":{"@id":"https:\/\/bbqentertainment.com\/#website"},"primaryImageOfPage":{"@id":"https:\/\/bbqentertainment.com\/toode\/traeger-grill-labidas-spaatel-xxl\/#primaryimage"},"image":{"@id":"https:\/\/bbqentertainment.com\/toode\/traeger-grill-labidas-spaatel-xxl\/#primaryimage"},"thumbnailUrl":"https:\/\/bbqentertainment.com\/wp-content\/uploads\/2023\/03\/BAC532TRAEGER-grill-labidasspaatel-XXL.jpg","datePublished":"2023-03-05T15:19:20+00:00","dateModified":"2025-07-25T10:45:35+00:00","breadcrumb":{"@id":"https:\/\/bbqentertainment.com\/toode\/traeger-grill-labidas-spaatel-xxl\/#breadcrumb"},"inLanguage":"en-US","potentialAction":[{"@type":"ReadAction","target":["https:\/\/bbqentertainment.com\/toode\/traeger-grill-labidas-spaatel-xxl\/"]}]},{"@type":"ImageObject","inLanguage":"en-US","@id":"https:\/\/bbqentertainment.com\/toode\/traeger-grill-labidas-spaatel-xxl\/#primaryimage","url":"https:\/\/bbqentertainment.com\/wp-content\/uploads\/2023\/03\/BAC532TRAEGER-grill-labidasspaatel-XXL.jpg","contentUrl":"https:\/\/bbqentertainment.com\/wp-content\/uploads\/2023\/03\/BAC532TRAEGER-grill-labidasspaatel-XXL.jpg","width":1200,"height":1200},{"@type":"BreadcrumbList","@id":"https:\/\/bbqentertainment.com\/toode\/traeger-grill-labidas-spaatel-xxl\/#breadcrumb","itemListElement":[{"@type":"ListItem","position":1,"name":"AVALEHT","item":"https:\/\/bbqentertainment.com\/en\/"},{"@type":"ListItem","position":2,"name":"Tooted","item":"https:\/\/bbqentertainment.com\/tooted\/"},{"@type":"ListItem","position":3,"name":"Grillid ja ahjud","item":"https:\/\/bbqentertainment.com\/tootekategooria\/grillid-ja-ahjud\/"},{"@type":"ListItem","position":4,"name":"TRAEGER","item":"https:\/\/bbqentertainment.com\/tootekategooria\/grillid-ja-ahjud\/traeger\/"},{"@type":"ListItem","position":5,"name":"TRAEGER grill-labidas\/spaatel XXL"}]},{"@type":"WebSite","@id":"https:\/\/bbqentertainment.com\/#website","url":"https:\/\/bbqentertainment.com\/","name":"BBQ Entertainment","description":"BBQ is a great lifestyle, not just fun!","publisher":{"@id":"https:\/\/bbqentertainment.com\/#organization"},"potentialAction":[{"@type":"SearchAction","target":{"@type":"EntryPoint","urlTemplate":"https:\/\/bbqentertainment.com\/?s={search_term_string}"},"query-input":{"@type":"PropertyValueSpecification","valueRequired":true,"valueName":"search_term_string"}}],"inLanguage":"en-US"},{"@type":"Organization","@id":"https:\/\/bbqentertainment.com\/#organization","name":"BBQ Entertainment O\u00dc","url":"https:\/\/bbqentertainment.com\/","logo":{"@type":"ImageObject","inLanguage":"en-US","@id":"https:\/\/bbqentertainment.com\/#\/schema\/logo\/image\/","url":"https:\/\/bbqentertainment.com\/wp-content\/uploads\/2020\/04\/BBQ-Entertainment-N-Catering-Enn-Tobreluts-Logo.png","contentUrl":"https:\/\/bbqentertainment.com\/wp-content\/uploads\/2020\/04\/BBQ-Entertainment-N-Catering-Enn-Tobreluts-Logo.png","width":628,"height":266,"caption":"BBQ Entertainment O\u00dc"},"image":{"@id":"https:\/\/bbqentertainment.com\/#\/schema\/logo\/image\/"},"sameAs":["https:\/\/www.facebook.com\/BBQ-Entertainment-N-Catering-2437913376443540","https:\/\/www.instagram.com\/bbqentertainmentncatering\/","https:\/\/www.youtube.com\/channel\/UCmpuANQVhLy2Md8nrenp2jA"]}]}},"_links":{"self":[{"href":"https:\/\/bbqentertainment.com\/en\/wp-json\/wp\/v2\/product\/241052","targetHints":{"allow":["GET"]}}],"collection":[{"href":"https:\/\/bbqentertainment.com\/en\/wp-json\/wp\/v2\/product"}],"about":[{"href":"https:\/\/bbqentertainment.com\/en\/wp-json\/wp\/v2\/types\/product"}],"wp:featuredmedia":[{"embeddable":true,"href":"https:\/\/bbqentertainment.com\/en\/wp-json\/wp\/v2\/media\/241043"}],"wp:attachment":[{"href":"https:\/\/bbqentertainment.com\/en\/wp-json\/wp\/v2\/media?parent=241052"}],"wp:term":[{"taxonomy":"product_brand","embeddable":true,"href":"https:\/\/bbqentertainment.com\/en\/wp-json\/wp\/v2\/product_brand?post=241052"},{"taxonomy":"product_cat","embeddable":true,"href":"https:\/\/bbqentertainment.com\/en\/wp-json\/wp\/v2\/product_cat?post=241052"},{"taxonomy":"product_tag","embeddable":true,"href":"https:\/\/bbqentertainment.com\/en\/wp-json\/wp\/v2\/product_tag?post=241052"}],"curies":[{"name":"wp","href":"https:\/\/api.w.org\/{rel}","templated":true}]}}